{"id":13312,"date":"2024-09-17T16:00:19","date_gmt":"2024-09-17T16:00:19","guid":{"rendered":"https:\/\/travelshelper.com\/staging\/?page_id=13312"},"modified":"2026-03-12T22:34:26","modified_gmt":"2026-03-12T22:34:26","slug":"kassa","status":"publish","type":"page","link":"https:\/\/travelshelper.com\/hu\/destinations\/europe\/slovakia\/kosice\/","title":{"rendered":"Kassa"},"content":{"rendered":"<p>Kassa Kelet-Szlov\u00e1kia legfontosabb metropolisza, a Hern\u00e1d foly\u00f3 partj\u00e1n fekszik a Szlov\u00e1k-\u00e9rchegys\u00e9g sz\u00e9l\u00e9n, mind\u00f6ssze h\u00fasz kilom\u00e9terre a magyar hat\u00e1rt\u00f3l. K\u00f6zel 230 000 lakos\u00e1val \u00e9s nagyj\u00e1b\u00f3l 242,77 n\u00e9gyzetkilom\u00e9teres ter\u00fclet\u00e9vel, 206 m\u00e9teres tengerszint feletti magass\u00e1gban Kassa a Kassai ker\u00fclet \u00e9s a Kassai \u00d6nkorm\u00e1nyzati Ker\u00fclet k\u00f6zigazgat\u00e1si k\u00f6zpontja, \u00e9s a nagyobb Kassa-Eperjes agglomer\u00e1ci\u00f3 r\u00e9sze.<\/p>\n<p>Kassa, amely az els\u0151 eur\u00f3pai telep\u00fcl\u00e9s volt, amely saj\u00e1t heraldikai c\u00edmert szerzett, kezdetekt\u0151l fogva az ipar, a kult\u00fara \u00e9s a tudom\u00e1ny k\u00f6zpontj\u00e1v\u00e1 fejl\u0151d\u00f6tt. T\u00f6rt\u00e9nelmi kereng\u0151k, g\u00f3tikus tornyok \u00e9s szecesszi\u00f3s homlokzatok futnak \u00f6ssze egyetlen f\u0151utc\u00e1n, amely k\u00f6zponti gyalogosutcak\u00e9nt bontakozik ki, k\u00e1v\u00e9z\u00f3kkal, gal\u00e9ri\u00e1kkal \u00e9s butikokkal \u00e9l\u00e9nk\u00edtve. A Szent Erzs\u00e9bet-sz\u00e9kesegyh\u00e1z Szlov\u00e1kia legnagyobb templomak\u00e9nt koron\u00e1zza meg ezt az utc\u00e1t, a v\u00e1ros meg\u0151rz\u00f6tt k\u00f6z\u00e9pkori magj\u00e1nak jelk\u00e9pek\u00e9nt, amely kiterjed\u00e9s\u00e9ben p\u00e1ratlan a szlov\u00e1k v\u00e1rosok k\u00f6z\u00f6tt.<\/p>\n<p>Kass\u00e1t form\u00e1l\u00f3 t\u00f6rt\u00e9nelem a k\u00f6z\u00e9pkorban kezd\u0151d\u00f6tt, amikor a v\u00e1ros kereskedelmi csom\u00f3pontk\u00e9nt jelent meg a K\u00e1rp\u00e1tok hat\u00e1r\u00e1n. A magyar uralom hull\u00e1mai kit\u00f6r\u00f6lhetetlen nyomot hagytak alapszab\u00e1lyain \u00e9s polg\u00e1ri identit\u00e1s\u00e1ban, majd a Habsburg-korona id\u0151szakai \u00e9s r\u00f6vid id\u0151re az oszm\u00e1n bet\u00f6r\u00e9sek k\u00f6vetkeztek. Minden politikai \u00e1tmenet \u00faj \u00e9p\u00edt\u00e9szeti r\u00e9tegeket vonzott mag\u00e1val, a renesz\u00e1nsz palot\u00e1kt\u00f3l a barokk k\u00e1poln\u00e1kig. Az els\u0151 vil\u00e1gh\u00e1bor\u00fa ut\u00e1n a birodalom felboml\u00e1sa \u00e9s Csehszlov\u00e1kia megalakul\u00e1sa \u00fajra\u00e9rtelmezte Kassa demogr\u00e1fiai \u00f6sszet\u00e9tel\u00e9t, ahogy a szlov\u00e1k telepesek \u00f6sszeolvadtak a r\u00e9g\u00f3ta fenn\u00e1ll\u00f3 magyar \u00e9s ruszin k\u00f6z\u00f6ss\u00e9gekkel. A k\u00e9t vil\u00e1gh\u00e1bor\u00fa k\u00f6z\u00f6tti \u00e9vekben a polg\u00e1ri int\u00e9zm\u00e9nyek felemelked\u00e9se zajlott, m\u00edg a h\u00e1bor\u00fa ut\u00e1ni ipari fellend\u00fcl\u00e9s a v\u00e1ros sors\u00e1t az US Steel Ko\u0161ice koh\u00f3ihoz k\u00f6t\u00f6tte.<\/p>\n<p>F\u00f6ldrajzilag Kassa a Szlov\u00e1k-\u00e9rchegys\u00e9g keleti v\u00e9g\u00e9n tal\u00e1lhat\u00f3 medenc\u00e9ben fekszik, amelyet \u00e9szaknyugatr\u00f3l a Fekete-hegys\u00e9g, d\u00e9lnyugatr\u00f3l pedig a Volovec-hegys\u00e9g szeg\u00e9lyez. Keleten a hull\u00e1mz\u00f3 Szal\u00e1nszi-hegys\u00e9g z\u00f6ldell\u0151 h\u00e1tteret biztos\u00edt. A Hern\u00e1d foly\u00f3 a t\u00f6rt\u00e9nelmi k\u00f6zpont \u00e9szaki r\u00e9sz\u00e9t szeg\u00e9lyezi, b\u00e1r vizei sok\u00e1ig a k\u00fclv\u00e1rosi terjeszked\u00e9s szeg\u00e9ly\u00e9re korl\u00e1toz\u00f3dtak, nem pedig a v\u00e1rosi magra. Az olyan k\u00fclv\u00e1rosok, mint Kave\u010dany, Jahodn\u00e1, Bankov \u00e9s \u010cerme\u013esk\u00e1 dolina, erd\u0151s lejt\u0151kbe ny\u00falnak, amelyek a helyi lakosok sz\u00e1m\u00e1ra k\u00f6nny\u0171 hozz\u00e1f\u00e9r\u00e9st biztos\u00edtanak a t\u00fara\u00fatvonalakhoz \u00e9s a vid\u00e9ki pihen\u00e9shez.<\/p>\n<p>Kassa \u00e9ghajlata a nedves kontinent\u00e1lis z\u00f3na param\u00e9tereit veszi fel, n\u00e9gy k\u00fcl\u00f6n\u00e1ll\u00f3 \u00e9vszakot jellemezve. A ny\u00e1r hossz\u00fa \u00e9s m\u00e9rs\u00e9kelt, az \u00e1tlagos j\u00faliusi maximumh\u0151m\u00e9rs\u00e9klet 19,3\u00b0C, h\u0171v\u00f6s \u00e9jszak\u00e1kkal. A telek elh\u00faz\u00f3d\u00f3ak \u00e9s fagyosak, janu\u00e1rban az \u00e1tlagos h\u0151m\u00e9rs\u00e9klet -2,6\u00b0C, \u00e9s a g\u00f3tikus tornyokat pontszer\u0171 havaz\u00e1s koron\u00e1zza. A csapad\u00e9kmennyis\u00e9g eg\u00e9sz \u00e9vben viszonylag \u00e1lland\u00f3, a ny\u00e1ri felh\u0151szakad\u00e1sokban tet\u0151zik, majd a t\u00e9li h\u00f3napokban csendesebb, kevesebb csapad\u00e9kba csap\u00f3dik \u00e1t.<\/p>\n<p>A v\u00e1ros demogr\u00e1fiai sz\u00f6vet\u00e9t az \u0151shonos szlov\u00e1kok (a 2021-es n\u00e9psz\u00e1ml\u00e1l\u00e1s szerint a lakoss\u00e1g mintegy 84 sz\u00e1zal\u00e9k\u00e1t tett\u00e9k ki) mellett a magyar \u00e9s roma kisebbs\u00e9gek alkotj\u00e1k, amelyek egyenk\u00e9nt a lakosok k\u00f6r\u00fclbel\u00fcl k\u00e9t sz\u00e1zal\u00e9k\u00e1t k\u00e9pviselik. Cseh, ruszin, ukr\u00e1n \u00e9s vietnami k\u00f6z\u00f6ss\u00e9gek eg\u00e9sz\u00edtik ki ezt a mozaikot. A lakoss\u00e1g fele katolikusnak vallja mag\u00e1t, m\u00edg k\u00f6zel harminc sz\u00e1zal\u00e9kuk nem vall vall\u00e1si hovatartoz\u00e1st. Negyvenn\u00e9gy \u00e9ves \u00e1tlag\u00e9letkorukkal Kassa polg\u00e1rai a hagyom\u00e1ny \u00e9s a meg\u00fajul\u00e1s k\u00fcsz\u00f6b\u00e9n \u00e1llnak.<\/p>\n<p>Kassa kultur\u00e1lis int\u00e9zm\u00e9nyei r\u00e9g\u00f3ta elismerik region\u00e1lis vezet\u0151 szerep\u00fcket. A Kassai \u00c1llami Filharm\u00f3nia, amelyet 1968-ban avattak fel Szlov\u00e1kia m\u00e1sodik hivat\u00e1sos szimfonikus zenekarak\u00e9nt, \u00e9ves fesztiv\u00e1lok napt\u00e1r\u00e1t tartja fenn, bele\u00e9rtve a Kassai Zenei Tavaszt, a Nemzetk\u00f6zi Orgonafesztiv\u00e1lt \u00e9s a Kort\u00e1rs M\u0171v\u00e9szeti Fesztiv\u00e1lt. H\u00e1rom sz\u00ednh\u00e1ztermes \u00c1llami Sz\u00ednh\u00e1za, amelyet 1945-ben alap\u00edtottak, dr\u00e1m\u00e1t, oper\u00e1t \u00e9s balettet \u00e1pol, m\u00edg a Marionett Sz\u00ednh\u00e1z \u00e9s az \u00d3v\u00e1rosi Sz\u00ednh\u00e1z a kamarazenei el\u0151ad\u00e1sok intimit\u00e1s\u00e1t \u0151rzi. K\u00fcl\u00f6nb\u00f6z\u0151 egy\u00fcttesek sz\u00f3lnak a magyar \u00e9s a roma diaszp\u00f3r\u00e1khoz a Th\u00e1lia, illetve a Romathan sz\u00ednh\u00e1zakkal.<\/p>\n<p>Ezenk\u00edv\u00fcl az 1872-ben Fels\u0151-magyarorsz\u00e1gi M\u00fazeumk\u00e9nt alap\u00edtott Kelet-szlov\u00e1kiai M\u00fazeum a r\u00e9g\u00e9szet \u00e9s a n\u00e9prajz seg\u00edts\u00e9g\u00e9vel mes\u00e9li el a region\u00e1lis t\u00f6rt\u00e9nelmet, m\u00edg a Szlov\u00e1k M\u0171szaki M\u00fazeum planet\u00e1rium\u00e1val a tudom\u00e1nyos \u00e9s technol\u00f3giai \u00f6r\u00f6ks\u00e9get t\u00e1rja fel. Az 1951-ben megnyitott Kelet-szlov\u00e1kiai Gal\u00e9ria a vizu\u00e1lis m\u0171v\u00e9szetek fejl\u0151d\u0151 \u00e1ramlatait dokument\u00e1lja. Minden int\u00e9zm\u00e9ny olyan \u00f6r\u00f6ks\u00e9g \u00e9p\u00edt\u00e9szeti alkot\u00e1sokban foglal helyet, amelyek maguk is tan\u00faskodnak a v\u00e1ros r\u00e9tegzett m\u00faltj\u00e1r\u00f3l.<\/p>\n<p>Az Eur\u00f3pa Kultur\u00e1lis F\u0151v\u00e1rosa c\u00edm 2013-as oda\u00edt\u00e9l\u00e9se, amelyet megosztottak Marseille-lel, Kassa kulcsfontoss\u00e1g\u00fa elmozdul\u00e1s\u00e1t jelentette a neh\u00e9zipart\u00f3l a kreat\u00edv gazdas\u00e1g fel\u00e9. A Project Interface, a kit\u0171z\u00e9s alapj\u00e1ul szolg\u00e1l\u00f3 strat\u00e9giai v\u00edzi\u00f3, 19. sz\u00e1zadi laktany\u00e1kat alak\u00edtott \u00e1t a Kas\u00e1rne Kulturparkk\u00e1, kort\u00e1rs m\u0171v\u00e9szetet h\u00edvott meg egy leselejtezett, 1960-as \u00e9vekbeli uszod\u00e1ba, amely ma a Kunsthalle Ko\u0161ice n\u00e9ven ismert, \u00e9s hidegh\u00e1bor\u00fas h\u0151cser\u00e9l\u0151ket alak\u00edtott \u00e1t k\u00f6z\u00f6ss\u00e9gi HELYEKK\u00c9NT a panel\u00e1k negyedekben. A Komensk\u00e9ho \u00e9s a Moyzesova utc\u00e1k parkjai \u00e9s s\u00e9t\u00e1nyai revitaliz\u00e1ci\u00f3n estek \u00e1t, m\u00edg a k\u00f6z\u00e9pkori kassai v\u00e1r, az amfite\u00e1trum \u00e9s a krasnai k\u00faria gondos restaur\u00e1l\u00e1son esett \u00e1t. A 19. sz\u00e1zadi doh\u00e1nygy\u00e1rb\u00f3l sz\u00fcletett Taba\u010dka Kulturfabrik a f\u00fcggetlen kultur\u00e1lis produkci\u00f3 helysz\u00edn\u00e9v\u00e9 v\u00e1lt, gal\u00e9ri\u00e1kkal, el\u0151ad\u00f3terekkel \u00e9s m\u0171v\u00e9szeti st\u00fadi\u00f3kkal, amelyek \u00e9l\u00e9nk\u00edtett\u00e9k t\u00e9glagal\u00e9ri\u00e1it.<\/p>\n<p>Gazdas\u00e1gi szempontb\u00f3l Kassa Szlov\u00e1kia brutt\u00f3 hazai term\u00e9k\u00e9nek k\u00f6zel kilenc sz\u00e1zal\u00e9k\u00e1t adja. A mintegy 13 500 alkalmazottat foglalkoztat\u00f3 US Steel Ko\u0161ice gy\u00e1r a v\u00e1rost a legnagyobb mag\u00e1nfoglalkoztat\u00f3k\u00e9nt \u00e9s a glob\u00e1lis ac\u00e9lh\u00e1l\u00f3zatok f\u0151 csom\u00f3pontjak\u00e9nt tartja nyilv\u00e1n. A 2006-ban helyben alap\u00edtott Deutsche Telekom IT Solutions Slovakia az orsz\u00e1g m\u00e1sodik legnagyobb megosztott szolg\u00e1ltat\u00f3 k\u00f6zpontj\u00e1v\u00e1 n\u0151tte ki mag\u00e1t, Szlov\u00e1kia egyik legfontosabb munkaad\u00f3jak\u00e9nt. A kiskereskedelmi \u00e9s szolg\u00e1ltat\u00e1si szektor vir\u00e1gzik olyan k\u00f6zpontok k\u00f6r\u00fcl, mint az Aupark Bev\u00e1s\u00e1rl\u00f3k\u00f6zpont, m\u00edg a tervezett aut\u00f3p\u00e1lya-b\u0151v\u00edt\u00e9sek tov\u00e1bbi \u00f6sszek\u00f6ttet\u00e9st \u00edg\u00e9rnek Eperjessel \u00e9s a t\u00e1gabb K\u00e1rp\u00e1tok r\u00e9gi\u00f3j\u00e1val.<\/p>\n<p>Kass\u00e1n a m\u0171eml\u00e9kek s\u0171r\u0171s\u00e9ge meghaladja b\u00e1rmelyik szlov\u00e1k telep\u00fcl\u00e9s\u00e9t. A 13. sz\u00e1zadi Szent Mih\u00e1ly-k\u00e1polna, a Szent Orb\u00e1n-torony \u00e9s a neobarokk \u00c1llami Sz\u00ednh\u00e1z a Szent Erzs\u00e9bet-sz\u00e9kesegyh\u00e1z \u00e1rny\u00e9k\u00e1ban magasodik, amely maga a nyugati g\u00f3tikus egyh\u00e1zi \u00e9p\u00edt\u00e9szet legkeletibb p\u00e9ld\u00e1ja K\u00f6z\u00e9p-Eur\u00f3p\u00e1ban. A k\u00f6z\u00e9pkori er\u0151d\u00edtm\u00e9nyek maradv\u00e1nyai, nevezetesen a H\u00f3h\u00e9r- \u00e9s a Malom-b\u00e1sty\u00e1k, a polg\u00e1rv\u00e9delem harci fejezeteit id\u00e9zik. A vall\u00e1si soksz\u00edn\u0171s\u00e9g a Sz\u0171z M\u00e1ria sz\u00fclet\u00e9se g\u00f6r\u00f6g katolikus templomban fennmaradt, m\u00edg a polg\u00e1ri b\u00fcszkes\u00e9g a fel\u00faj\u00edtott R\u00e9gi V\u00e1rosh\u00e1z\u00e1ban, a R\u00e9gi Egyetem \u00e9p\u00fclet\u00e9ben \u00e9s a Kapit\u00e1ny Palot\u00e1j\u00e1ban fejez\u0151dik ki. A polg\u00e1ri h\u00e1zak \u00e1ltal keretezett Felszabadul\u00e1s t\u00e9r \u00e9s a V\u00e1rosi Park, amely a t\u00f6rt\u00e9nelmi k\u00f6zpontot a vas\u00fat\u00e1llom\u00e1ssal hidat k\u00f6t \u00f6ssze, v\u00e1rosi z\u00f6ldter\u00fcletet k\u00edn\u00e1l. Az \u00e9szaknyugatra, Kave\u010danyban tal\u00e1lhat\u00f3 \u00e1llatkert a v\u00e1ros k\u00e9nyelm\u00e9t term\u00e9szetes k\u00f6rnyezetbe helyezi.<\/p>\n<p>Kassa k\u00f6zleked\u00e9si art\u00e9ri\u00e1i t\u00fckr\u00f6zik t\u00f6rt\u00e9nelmi szerep\u00e9t, mint \u00fatkeresztez\u0151d\u00e9s. A v\u00e1rosi k\u00f6zleked\u00e9si v\u00e1llalat, amely 1891-es l\u00f3vas\u00fati bevezet\u00e9se \u00e9s a villamosvonalak 1914-es villamos\u00edt\u00e1sa \u00f3ta m\u0171k\u00f6dik, ma busz-, villamos- \u00e9s trolibusz-j\u00e1ratokat \u00fczemeltet, amelyek \u00f6sszek\u00f6tik a belv\u00e1rost \u00e9s a peremvid\u00e9ket. A \u017delezni\u010dn\u00e1 stanica Ko\u0161ice vas\u00fatvonal Kelet-Szlov\u00e1kia vas\u00fati csom\u00f3pontjak\u00e9nt szolg\u00e1l, sz\u00e9les nyomt\u00e1v\u00fa \u00f6sszek\u00f6ttet\u00e9ssel Ukrajn\u00e1val, k\u00f6zvetlen csatlakoz\u00e1sokkal Pr\u00e1g\u00e1ba, Pozsonyba \u00e9s Miskolcra, valamint ingaj\u00e1ratokkal Homonn\u00e1ba \u00e9s Tiszacs\u00fcrdbe. A D1-es aut\u00f3p\u00e1lya d\u00e9li folyos\u00f3t hoz l\u00e9tre Eperjesig, mik\u00f6zben tov\u00e1bbi aut\u00f3p\u00e1lya-projektek is szerepelnek a tervez\u00e9si tervek k\u00f6z\u00f6tt.<\/p>\n<p>A v\u00e1rosi \u00f6vezett\u0151l d\u00e9lre fekv\u0151 Kassai Nemzetk\u00f6zi Rep\u00fcl\u0151t\u00e9r menetrend szerinti j\u00e1ratokat \u00fczemeltet London Luton \u00e9s Stansted, B\u00e9cs, Vars\u00f3, D\u00fcsseldorf \u00e9s Pr\u00e1ga fel\u00e9. Olyan l\u00e9git\u00e1rsas\u00e1gok, mint a Czech Airlines, az Austrian Airlines, a LOT Polish Airlines, az Eurowings \u00e9s a Wizz Air, valamint k\u00f6z\u00f6s \u00fczemeltet\u00e9s\u0171 partnerek k\u00f6tik \u00f6ssze Kelet-Szlov\u00e1ki\u00e1t Nyugat-Eur\u00f3p\u00e1val, b\u00e1r az utasforgalom 2008-ban tet\u0151z\u00f6tt, miel\u0151tt cs\u00f6kken\u0151 id\u0151szakba l\u00e9pett.<\/p>\n<p>Kassa, ipari horizontja \u00e9s akad\u00e9miai fellegv\u00e1rai k\u00f6z\u00f6tt meg\u0151rizte a csendes, bens\u0151s\u00e9ges hangulatot. A Hlavn\u00e1 ulica sz\u00e9les gyalogos s\u00e1vja, amely egykor a \u010cerme\u013esk\u00fd potok \u00e1ltal v\u00e1jt k\u00f6z\u00e9pkori lejt\u0151 volt, ma akad\u00e1lytalanul h\u00faz\u00f3dik az \u00e9szaki B\u00e9kemaraton tere \u00e9s a d\u00e9li Felszabad\u00edt\u00f3k tere k\u00f6z\u00f6tt, melyet az \u00e9nekl\u0151 sz\u00f6k\u0151k\u00fat, Eur\u00f3pa egyed\u00fcl\u00e1ll\u00f3 v\u00edzfel\u00fclete tark\u00edt. T\u00f6rt\u00e9nelmi h\u00e1zak szeg\u00e9lyezik az utat, s\u00e9t\u00e1t k\u00edn\u00e1lva a k\u00e1v\u00e9z\u00f3k \u00e9s m\u0171v\u00e9szeti gal\u00e9ri\u00e1k l\u00e1togat\u00f3inak \u00e9vsz\u00e1zados \u00e9p\u00edt\u00e9szeti d\u00edszeken kereszt\u00fcl.<\/p>\n<p>A kik\u00f6vezett \u00f6sv\u00e9nyeken t\u00fal a k\u00f6rnyez\u0151 Fekete-hegy \u00e9s a Szal\u00e1nszki-dombs\u00e1g h\u00edvogatja a helyi t\u00far\u00e1z\u00f3kat, m\u00edg a medence vid\u00e9ki falvai a csal\u00e1di gazdas\u00e1gokban \u00e9s a n\u00e9phagyom\u00e1nyokban tov\u00e1bb\u00e9l\u0151 agr\u00e1rm\u00faltra eml\u00e9keztetnek. A v\u00e1ros \u00e9vezredeknyi etnikai pluralit\u00e1s\u00e1b\u00f3l \u00e9s relat\u00edv harm\u00f3ni\u00e1j\u00e1b\u00f3l sz\u00fcletett \u201eB\u00e9ke V\u00e1rosa\u201d elnevez\u00e9s a toleranci\u00e1ban \u00e9s a kultur\u00e1lis szimbi\u00f3zisban gy\u00f6kerez\u0151 polg\u00e1ri identit\u00e1st hangs\u00falyozza. A Kass\u00e1ra \u00e9rkez\u0151 l\u00e1togat\u00f3k egy \u00e9l\u0151 kr\u00f3nik\u00e1ba l\u00e9pnek be, ahol az id\u0151 m\u00fal\u00e1sa l\u00e1that\u00f3 a kopott k\u00f6vekben \u00e9s az egyetemi el\u0151ad\u00e1sok ritmus\u00e1ban, az ac\u00e9lkoh\u00f3k z\u00fcmm\u00f6g\u00e9s\u00e9ben \u00e9s a filharmonikus nyit\u00e1ny hangjaiban.<\/p>\n<p>A hajnal m\u00e9rs\u00e9kelt f\u00e9ny\u00e9ben, ahogy a Hern\u00e1dr\u00f3l k\u00f6d sz\u00e1ll, \u00e9s Szent Erzs\u00e9bet tornyai a palak\u0151 \u00e9gboltra merednek, Kassa felt\u00e1rja az emberi teljes\u00edtm\u00e9ny t\u00f6r\u00e9kenys\u00e9g\u00e9t. Boltozatos haj\u00f3i \u00e9s csendes b\u00e1sty\u00e1i tan\u00faskodnak a pestisj\u00e1rv\u00e1nyokat, h\u00e1bor\u00fakat \u00e9s ideol\u00f3giai megr\u00e1zk\u00f3dtat\u00e1sokat \u00e1t\u00e9lt k\u00f6z\u00f6ss\u00e9gek kitart\u00e1s\u00e1r\u00f3l. A v\u00e1ros azonban a meg\u00fajul\u00e1s lehet\u0151s\u00e9g\u00e9t is szeml\u00e9lteti, ahogy az ipari erekly\u00e9k a m\u0171v\u00e9szi tal\u00e1lm\u00e1nyok olvaszt\u00f3t\u00e9gelyeiv\u00e9 alakulnak, \u00e9s ahogy a villamoss\u00ednek z\u00fcmm\u00f6gnek az \u00faj lak\u00f3negyedek fel\u00e9. Kassa t\u00f6rt\u00e9nete nem korl\u00e1toz\u00f3dik m\u00fazeumainak feljegyz\u00e9seire; naponta \u00edr\u00f3dik a di\u00e1kok l\u00e1bnyomaiban, a k\u00e1v\u00e9z\u00f3k udvarain folytatott besz\u00e9lget\u00e9sekben \u00e9s a tereket megmozgat\u00f3 fesztiv\u00e1lokon.<\/p>\n<p>Ez a folytonoss\u00e1g \u00e9s \u00e1talakul\u00e1s hat\u00e1rozza meg Kass\u00e1t a huszonegyedik sz\u00e1zadban. Kelet-Eur\u00f3pa v\u00e1rosi hagyom\u00e1nyainak ellen\u00e1ll\u00f3 k\u00e9pess\u00e9g\u00e9nek bizony\u00edt\u00e9kak\u00e9nt m\u00e1ig fennmaradt, egy olyan helyk\u00e9nt, ahol az antikvit\u00e1s egy\u00fctt \u00e9l az innov\u00e1ci\u00f3val, ahol a g\u00f3tikus boltozatok visszhangja v\u00e1laszol a dinamikus posztindusztri\u00e1lis t\u00e1rsadalom pulzus\u00e1ra. A v\u00e1ros a polg\u00e1ri \u00e9let kitart\u00e1s\u00e1nak szeml\u00e9l\u00e9s\u00e9re cs\u00e1b\u00edt, p\u00e9ldak\u00e9nt arra, hogyan \u0151rizhet\u0151 meg a t\u00f6rt\u00e9nelem, mik\u00f6zben \u00faj fejezetek \u00edr\u00f3dnak utc\u00e1in.<\/p>","protected":false},"excerpt":{"rendered":"<p>Kassa, Szlov\u00e1kia m\u00e1sodik legnagyobb v\u00e1rosa, mintegy 230 000 lakossal, \u00e9s jelent\u0151s nagyv\u00e1rosi csom\u00f3pontk\u00e9nt szolg\u00e1l az orsz\u00e1g keleti r\u00e9gi\u00f3j\u00e1ban. Kassa kedvez\u0151 fekv\u00e9se a magyar hat\u00e1r k\u00f6zel\u00e9ben, a Horn\u00e1d foly\u00f3 ment\u00e9n, a Szlov\u00e1k-\u00c9rchegys\u00e9g keleti perem\u00e9n nagym\u00e9rt\u00e9kben befoly\u00e1solta hatalmas t\u00f6rt\u00e9nelm\u00e9t \u00e9s v\u00e1ltozatos kultur\u00e1lis sz\u00ednter\u00e9t. A v\u00e1ros f\u00f6ldrajzi elhelyezked\u00e9se nagyban befoly\u00e1solta Kelet-Szlov\u00e1kia jelent\u0151s gazdas\u00e1gi \u00e9s kultur\u00e1lis k\u00f6zpontj\u00e1v\u00e1 val\u00f3 fejl\u0151d\u00e9s\u00e9t, valamint \u00f6szt\u00f6n\u00f6zte a t\u00f6bb k\u00f6z\u00e9p-eur\u00f3pai hagyom\u00e1ny elemeinek egyedi f\u00fazi\u00f3j\u00e1t.<\/p>","protected":false},"author":1,"featured_media":3066,"parent":13300,"menu_order":0,"comment_status":"closed","ping_status":"closed","template":"elementor_theme","meta":{"_eb_attr":"","footnotes":""},"class_list":["post-13312","page","type-page","status-publish","has-post-thumbnail"],"_links":{"self":[{"href":"https:\/\/travelshelper.com\/hu\/wp-json\/wp\/v2\/pages\/13312","targetHints":{"allow":["GET"]}}],"collection":[{"href":"https:\/\/travelshelper.com\/hu\/wp-json\/wp\/v2\/pages"}],"about":[{"href":"https:\/\/travelshelper.com\/hu\/wp-json\/wp\/v2\/types\/page"}],"author":[{"embeddable":true,"href":"https:\/\/travelshelper.com\/hu\/wp-json\/wp\/v2\/users\/1"}],"replies":[{"embeddable":true,"href":"https:\/\/travelshelper.com\/hu\/wp-json\/wp\/v2\/comments?post=13312"}],"version-history":[{"count":0,"href":"https:\/\/travelshelper.com\/hu\/wp-json\/wp\/v2\/pages\/13312\/revisions"}],"up":[{"embeddable":true,"href":"https:\/\/travelshelper.com\/hu\/wp-json\/wp\/v2\/pages\/13300"}],"wp:featuredmedia":[{"embeddable":true,"href":"https:\/\/travelshelper.com\/hu\/wp-json\/wp\/v2\/media\/3066"}],"wp:attachment":[{"href":"https:\/\/travelshelper.com\/hu\/wp-json\/wp\/v2\/media?parent=13312"}],"curies":[{"name":"wp","href":"https:\/\/api.w.org\/{rel}","templated":true}]}}