{"id":13276,"date":"2024-09-17T15:32:27","date_gmt":"2024-09-17T15:32:27","guid":{"rendered":"https:\/\/travelshelper.com\/staging\/?page_id=13276"},"modified":"2026-03-12T23:23:50","modified_gmt":"2026-03-12T23:23:50","slug":"bilbao","status":"publish","type":"page","link":"https:\/\/travelshelper.com\/hu\/destinations\/europe\/spain\/bilbao\/","title":{"rendered":"Bilbao"},"content":{"rendered":"<p>Bilbao \u00c9szak-Spanyolorsz\u00e1g Baszkf\u00f6ldj\u00e9nek f\u0151 v\u00e1rosi magjak\u00e9nt mutatkozik be, 40,65 n\u00e9gyzetkilom\u00e9teres ter\u00fclettel \u2013 amelyb\u0151l 17,35 n\u00e9gyzetkilom\u00e9ter a v\u00e1rost, a fennmarad\u00f3 23,30 n\u00e9gyzetkilom\u00e9ter pedig a k\u00f6rnyez\u0151 hegyvid\u00e9ki ny\u00falv\u00e1nyokba emelkedik \u2013, a Vizcayai-\u00f6b\u00f6l torkolat\u00e1t\u00f3l mintegy tizenhat kilom\u00e9terre d\u00e9lre fekv\u0151 telep\u00fcl\u00e9s; 2023-ban meghaladta a 347 000 f\u0151t a lakoss\u00e1ga, \u00e9s egy 1 037 847 lakos\u00fa nagyv\u00e1rosi agglomer\u00e1ci\u00f3 felett \u00e9l, \u00edgy nemcsak Spanyolorsz\u00e1g tizedik legnagyobb telep\u00fcl\u00e9se, hanem a Duero foly\u00f3t\u00f3l \u00e9szakra fekv\u0151 legn\u00e9pesebb agglomer\u00e1ci\u00f3 is.<\/p>\n<p>Bilbao k\u00f6z\u00e9pkori megalakul\u00e1s\u00e1t k\u00f6vet\u0151en, a tizenharmadik sz\u00e1zad v\u00e9g\u00e9n Diego L\u00f3pez V de Haro \u2013 a befoly\u00e1sos Haro csal\u00e1d sarja \u2013 \u00e9gisze alatt, gyorsan jelent\u0151s\u00e9gre tett szert a Kaszt\u00edlia Koron\u00e1j\u00e1n bel\u00fcl, kik\u00f6t\u0151je a biscayai gyapj\u00fa \u00e9s vas\u00e9rc k\u00fcl\u00f6nb\u00f6z\u0151 eur\u00f3pai piacokra t\u00f6rt\u00e9n\u0151 exportj\u00e1nak k\u00f6sz\u00f6nhet\u0151en vir\u00e1gzott. A torkolat kanyarg\u00f3s medre, amelyet k\u00e9t szer\u00e9ny, \u00e1tlagosan 400 m\u00e9ter magas hegyvonulat szeg\u00e9lyez, form\u00e1lta mind a v\u00e1ros arculat\u00e1t, mind tenger\u00e9szeti v\u00e1llalkoz\u00e1s\u00e1t, biztos\u00edtva, hogy k\u00f6zleked\u00e9si art\u00e9ri\u00e1i \u00e9s haj\u00f3gy\u00e1rai a r\u00e9gi\u00f3 gazdas\u00e1gi sz\u00e1lainak alapj\u00e1t k\u00e9pezz\u00e9k.<\/p>\n<p>Ahogy a tizenkilencedik sz\u00e1zad kibontakozott, Bilbao sorsa felgyorsult az ipari forradalommal p\u00e1rhuzamosan, \u00e9s Spanyolorsz\u00e1g m\u00e1sodik legiparosodottabb \u00f6vezet\u00e9v\u00e9 v\u00e1lt Nagy-Barcelona ut\u00e1n. A vasb\u00e1ny\u00e1szat, a koh\u00f3m\u0171vek \u00e9s a haj\u00f3gy\u00e1rak tal\u00e1lkoz\u00e1sa demogr\u00e1fiai hull\u00e1mot eredm\u00e9nyezett, amely a szomsz\u00e9dos falvak \u2013 t\u00f6bbek k\u00f6z\u00f6tt Derio, Etxebarri \u00e9s Galdakao \u2013 k\u00f6zigazgat\u00e1si beolvaszt\u00e1s\u00e1t tette sz\u00fcks\u00e9gess\u00e9, ez\u00e1ltal kiterjesztve a v\u00e1rosi l\u00e1bnyomot \u00e9s s\u0171r\u00edtve az emberi sz\u00f6vetet. A huszadik sz\u00e1zad elej\u00e9re a metropolisz a neh\u00e9zipar szinonim\u00e1j\u00e1v\u00e1 v\u00e1lt, k\u00e9m\u00e9nyei \u00e9s sz\u00e1razdokkjai a nemzet modernit\u00e1s ir\u00e1nti t\u00f6rekv\u00e9s\u00e9t jelk\u00e9pezt\u00e9k.<\/p>\n<p>A posztindusztri\u00e1lis korszak azonban Bilbao identit\u00e1s\u00e1nak tudatos \u00fajragondol\u00e1s\u00e1nak volt tan\u00faja. A bilba\u00f3i Guggenheim M\u00fazeum 1997 okt\u00f3beri megnyit\u00f3ja \u2013 egy Frank Gehry \u00e1ltal meg\u00e1lmodott, tit\u00e1nnal burkolt kort\u00e1rs m\u0171v\u00e9szeti eml\u00e9km\u0171 \u2013 a v\u00e1rosrehabilit\u00e1ci\u00f3 katalitikus jelk\u00e9pek\u00e9nt szolg\u00e1lt. Ez a kultur\u00e1lis jelz\u0151f\u00e9ny, amelyet az Arenal negyed egykori dokkoira \u00e9s rakt\u00e1raira \u00e1ll\u00edtottak fel, infrastruktur\u00e1lis beruh\u00e1z\u00e1sok sorozat\u00e1t avatta fel: Santiago Calatrava \u00fajratervezett rep\u00fcl\u0151t\u00e9ri termin\u00e1lj\u00e1t; Norman Foster \u00fcveg \u201efosterit\u00f3i\u201d-ival meg\u00e1ldott bilba\u00f3i metr\u00f3h\u00e1l\u00f3zatot; a villamosvonal \u00fajb\u00f3li bevezet\u00e9s\u00e9t a torkolat ment\u00e9n; \u00e9s egy 1909-es borrakt\u00e1r \u00e1talak\u00edt\u00e1s\u00e1t a multidiszciplin\u00e1ris Azkuna Zentro\u00e1v\u00e1 Philippe Starck alkot\u00e1sa alapj\u00e1n. Ezenk\u00edv\u00fcl az Abandoibarra \u00e9s a Zorrozaurre szektorok tov\u00e1bbra is szakaszos fejleszt\u00e9s alatt \u00e1llnak \u2013 az egyikben tal\u00e1lhat\u00f3 az Arata Isozaki toronykomplexum, az Euskalduna Konferenciak\u00f6zpont \u00e9s Koncertterem, valamint C\u00e9sar Pelli Iberdrola-tornya; a m\u00e1sik pedig egy Zaha Hadid \u00e1ltal kidolgozott f\u0151tervb\u0151l k\u00e9sz\u00fclt, mint vegyes lak\u00f3- \u00e9s kereskedelmi rendeltet\u00e9s\u0171 sziget, amelynek k\u00f6z\u00e9ppontj\u00e1ban a BBK k\u00f6zpontja \u00e1ll.<\/p>\n<p>Bilbao f\u00f6ldrajzi elhelyezked\u00e9se a Baszk K\u00fcsz\u00f6bn\u00e9l \u2013 a Kant\u00e1briai-hegys\u00e9g \u00e9s a Pireneusok k\u00f6z\u00f6tti szerkezeti csukl\u00f3pontn\u00e1l \u2013 mezozoikum \u00fcled\u00e9kekb\u0151l \u00e1ll\u00f3 talajr\u00e9tegzettel ruh\u00e1zza fel, amely egy paleozoikum aljzatot fed le, valamint egy olyan domborzattal, amelyet az Elorri\u00f3t\u00f3l Galdamesig h\u00faz\u00f3d\u00f3 f\u0151 antiklin\u00e1lis jellemez. A v\u00e1ros hat\u00e1rain bel\u00fcl m\u00e1sodlagos red\u0151k tagolj\u00e1k a terepet k\u00e9t hegyvid\u00e9ki egy\u00fcttesre: \u00e9szakkeleten az Artxanda, Avril, Banderas, Pikota, San Bernab\u00e9 \u00e9s Cabras hegys\u00e9g; d\u00e9len pedig a Kobetas, Restaleku, Pagasarri \u00e9s Arraiz hegys\u00e9g, ut\u00f3bbi kett\u0151 Pagasarrin\u00e1l \u00e9s Ganet\u00e1n\u00e1l 673, illetve 689 m\u00e9teres tengerszint feletti magass\u00e1gig emelkedik. \u00c9ghajlatilag a Vizcayai-\u00f6b\u00f6l alacsony nyom\u00e1s\u00fa rendszerei m\u00e9rs\u00e9klik az \u00e9vszakos sz\u00e9ls\u0151s\u00e9geket, ami gyakori csapad\u00e9kot eredm\u00e9nyez (az es\u0151s napok az \u00e9ves teljes csapad\u00e9kmennyis\u00e9g negyven\u00f6t sz\u00e1zal\u00e9k\u00e1t, a felh\u0151s napok pedig negyven sz\u00e1zal\u00e9k\u00e1t teszik ki), a ny\u00e1ri sz\u00e1razs\u00e1g csek\u00e9ly m\u00e9rt\u00e9k\u00e9t, amely nem teszi lehet\u0151v\u00e9 a r\u00e9gi\u00f3 mediterr\u00e1n jellegg\u00e9 val\u00f3 \u00e1tsorol\u00e1s\u00e1t, valamint az \u00e9v sor\u00e1n visszafogott h\u0151m\u00e9rs\u00e9kleti ingadoz\u00e1sokat \u2013 az \u00e1tlagos maximumok j\u00faliusban ritk\u00e1n haladj\u00e1k meg a 26 \u00b0C-ot, az \u00e1tlagos minimumok pedig janu\u00e1rban ritk\u00e1n s\u00fcllyednek 6 \u00b0C al\u00e1.<\/p>\n<p>Demogr\u00e1fiailag Bilbao lakoss\u00e1ga 2017-ben 342 397 f\u0151 volt, \u00e9s 40,59 km\u00b2 ter\u00fcletet foglal el; a nagyv\u00e1rosi ter\u00fclet, amely a Baszk Auton\u00f3m K\u00f6z\u00f6ss\u00e9g teljes n\u00e9pess\u00e9g\u00e9nek k\u00f6zel negyvenh\u00e9t sz\u00e1zal\u00e9k\u00e1t k\u00e9pviseli, jelent\u0151sen hozz\u00e1j\u00e1rul a region\u00e1lis egy f\u0151re jut\u00f3 30 860 eur\u00f3s GDP-hez \u2013 amely meghaladja az orsz\u00e1gos \u00e9s az uni\u00f3s medi\u00e1nt \u2013, valamint a nomin\u00e1lis nagyv\u00e1rosi GDP-hez, amely 36,9 milli\u00e1rd doll\u00e1r. A v\u00e1ros kereskedelmi \u00f6r\u00f6ks\u00e9ge a Tenger\u00e9szeti Konzul\u00e1tus tizenhatodik sz\u00e1zadi l\u00e9trehoz\u00e1s\u00e1ig ny\u00falik vissza, amelyen kereszt\u00fcl a kaszt\u00edliai \u00e1ruk \u00e1thaladtak a kik\u00f6t\u0151n; m\u00e9gis a k\u00f6zeli vaslel\u0151helyek tizenkilencedik sz\u00e1zadi kiakn\u00e1z\u00e1sa \u00f6szt\u00f6n\u00f6zte a tengeri forgalom n\u00f6veked\u00e9s\u00e9t \u00e9s a haj\u00f3gy\u00e1rak terjeszked\u00e9s\u00e9t, ami kiemelked\u0151 jelent\u0151s\u00e9g\u0171 haj\u00f3\u00e9p\u00edt\u0151 iparban cs\u00facsosodott ki. Az eredeti kik\u00f6t\u0151, amely egykor az \u00f3v\u00e1ros Arenal negyede mellett helyezkedett el, 1902-ben \u00e1tadta hely\u00e9t egy k\u00fcls\u0151 kik\u00f6t\u0151nek Santurtziban; A k\u00e9s\u0151bbi b\u0151v\u00edt\u00e9sek, amelyeket egy\u00fcttesen \u201eszuperkik\u00f6t\u0151nek\u201d neveznek, a k\u00f6zponti dokkok \u00e1thelyez\u00e9s\u00e9t eredm\u00e9nyezt\u00e9k az 1970-es \u00e9vekre, a Zorroza-i fennmarad\u00f3 l\u00e9tes\u00edtm\u00e9nyek kiv\u00e9tel\u00e9vel. Ma Bilbao Spanyolorsz\u00e1g \u00f6t legnagyobb kereskedelmi kik\u00f6t\u0151je k\u00f6z\u00e9 tartozik, t\u00f6bb mint k\u00e9tsz\u00e1z menetrend szerinti j\u00e1ratot k\u00edn\u00e1l \u00f6tsz\u00e1z c\u00e9l\u00e1llom\u00e1sra vil\u00e1gszerte, \u00e9s 2009-ben t\u00f6bb mint harmincegymilli\u00f3 tonna rakom\u00e1nyt kezelt \u2013 f\u0151k\u00e9nt Oroszorsz\u00e1gba, az Egyes\u00fclt Kir\u00e1lys\u00e1gba, Hollandi\u00e1ba \u00e9s az \u00e9szaki piacokra \u2013, k\u00f6zel t\u00edzezer ember meg\u00e9lhet\u00e9s\u00e9t biztos\u00edtva, mik\u00f6zben 419 milli\u00f3 eur\u00f3val j\u00e1rul hozz\u00e1 a baszk GDP-hez.<\/p>\n<p>A turizmus, amelyet kezdetben az 1872-es getx\u00f3i Las Arenas stranddal \u00f6sszek\u00f6t\u0151 vas\u00fatvonal hozott l\u00e9tre, csak a Guggenheim m\u00fazeum \u00e9rkez\u00e9s\u00e9vel vett igazi lend\u00fcletet. A l\u00e1togat\u00f3k sz\u00e1ma exponenci\u00e1lisan emelkedett az 1995-\u00f6s mind\u00f6ssze 25 000-r\u0151l 2018-ra t\u00f6bb mint 932 000-re, ezzel Bilbao Baszkf\u00f6ld legfontosabb \u00fati c\u00e9lj\u00e1v\u00e1 v\u00e1lt \u2013 megel\u0151zve San Sebasti\u00e1nt \u2013, \u00e9s a region\u00e1lis turisztikai forgalom 31 sz\u00e1zal\u00e9k\u00e1t tette ki. A belf\u00f6ldi utaz\u00f3k domin\u00e1lnak, els\u0151sorban Madridb\u00f3l \u00e9s Katal\u00f3ni\u00e1b\u00f3l \u00e9rkeznek, m\u00edg a k\u00fclf\u00f6ldi l\u00e1togat\u00f3k f\u0151k\u00e9nt francia vend\u00e9gekb\u0151l, kisebb m\u00e9rt\u00e9kben pedig brit, n\u00e9met \u00e9s olasz vend\u00e9gekb\u0151l \u00e1llnak. Az \u00e9ves turisztikai bev\u00e9tel megk\u00f6zel\u00edti a 300 milli\u00f3 eur\u00f3t, amelyet az Euskalduna K\u00f6zpont \u00e9s a barakald\u00f3i Bilbao Ki\u00e1ll\u00edt\u00e1si K\u00f6zpont \u00e1ltal t\u00e1mogatott er\u0151s konferenciaforgalom eg\u00e9sz\u00edt ki.<\/p>\n<p>Bilbao v\u00e1rosi sz\u00f6vete \u00e9p\u00edt\u00e9szeti korszakok palimpszesztj\u00e9t t\u00e1rja fel: g\u00f3tikus maradv\u00e1nyok az \u00d3v\u00e1ros Szent Jakab-sz\u00e9kesegyh\u00e1z\u00e1ban \u00e9s a San Ant\u00f3n-templomban; neog\u00f3tikus \u00e9s art deco vir\u00e1gz\u00e1sok; modernista szecesszi\u00f3s vonalak; \u00e9s Gehry, Foster, Starck, Isozaki, Pelli \u00e9s Hadid jellegzetes kort\u00e1rs beavatkoz\u00e1sai. Tizenh\u00e9t h\u00edd szeli \u00e1t a Nervi\u00f3n torkolat\u00e1t az \u00f6nkorm\u00e1nyzati hat\u00e1rokon bel\u00fcl, mindegyik k\u00fcl\u00f6n\u00e1ll\u00f3 m\u00e9rn\u00f6ki narrat\u00edv\u00e1t testes\u00edt meg: a Calatrava \u00e1ltal tervezett Zubizuri (a \u201efeh\u00e9r h\u00edd\u201d, 1997-ben ny\u00edlt meg); a Spanyol Hercegek h\u00eddja (\u201eLa Salve\u201d, 1972, k\u00e9s\u0151bb Daniel Buren \u00fajragondolta); a chicag\u00f3i Michigan Avenue h\u00edd mint\u00e1j\u00e1ra k\u00e9sz\u00fclt nyitott Deusto h\u00edd (1936); \u00e9s a vil\u00e1g els\u0151 sz\u00e1ll\u00edt\u00f3h\u00eddja Portugalete-n\u00e9l (1890\u201393), amely Alberto Palacio lelem\u00e9nyess\u00e9g\u00e9nek k\u00f6sz\u00f6nhet\u0151.<\/p>\n<p>A z\u00f6ldter\u00fcletek szembet\u0171n\u0151 ellenpontj\u00e1t k\u00e9pezik a v\u00e1ros ipari maradv\u00e1nyainak: tizennyolc v\u00e1rosi park, amelyek 200 hekt\u00e1rt foglalnak el, kieg\u00e9sz\u00edtve egy 1025 hekt\u00e1ros z\u00f6ld\u00f6vezettel, amelyb\u0151l 119 hekt\u00e1r urbaniz\u00e1lt. A Do\u00f1a Casilda Iturrizar Park \u2013 egy 8,5 hekt\u00e1ros angol st\u00edlus\u00fa kert, amelyet Ricardo Bastida tervezett \u00e9s 1907-ben nyitottak meg \u2013 egy t\u00e1ncol\u00f3 sz\u00f6k\u0151k\u00fattal \u00e9s v\u00edzi mad\u00e1rvil\u00e1ggal b\u00fcszk\u00e9lkedhet, amely a park helyi becenev\u00e9t, a \u201eKacs\u00e1k parkj\u00e1t\u201d \u00f6r\u00f6k\u00f6lte, m\u00edg az Ibaiond\u00f3ban tal\u00e1lhat\u00f3 Etxeberria Park egy kor\u00e1bbi ac\u00e9lm\u0171 hely\u00e9n fekszik, k\u00e9m\u00e9ny\u00e9t meg\u0151rizve, tisztelegve Bilbao koh\u00e1szati \u200b\u200bm\u00faltja el\u0151tt. A peremvid\u00e9ki ny\u00edlt terek, mint p\u00e9ld\u00e1ul a Cobetas-hegy (18,5 ha), a Larreagaburu (12 ha), az Europa Park, a Miribilla Park \u00e9s a h\u00e1rom kilom\u00e9ter hossz\u00fa Eml\u00e9ks\u00e9t\u00e1ny \u2013 egy tizenk\u00e9t m\u00e9ter magas l\u00e1mp\u00e1kkal megvil\u00e1g\u00edtott torkolati s\u00e9t\u00e1ny \u2013 meger\u0151s\u00edtik a v\u00e1ros elk\u00f6telezetts\u00e9g\u00e9t a hozz\u00e1f\u00e9rhet\u0151 kikapcsol\u00f3d\u00e1s ir\u00e1nt. Az Artxanda-hegyi sikl\u00f3 panor\u00e1m\u00e1s kil\u00e1t\u00e1shoz \u00e9s szabadid\u0151s l\u00e9tes\u00edtm\u00e9nyekhez rep\u00edti a l\u00e1togat\u00f3kat; d\u00e9lre a 2007 \u00f3ta v\u00e9dett Pagasarri vonzza a t\u00far\u00e1z\u00f3kat, akik az 1870-es \u00e9vek \u00f3ta k\u00f6vetik lejt\u0151it.<\/p>\n<p>Kultur\u00e1lis szempontb\u00f3l Bilbao 2014-es UNESCO \u201eDesign V\u00e1ros\u201d c\u00edm\u00e9nek elnyer\u00e9se \u00e9s a Kreat\u00edv V\u00e1rosok H\u00e1l\u00f3zat\u00e1ba val\u00f3 felv\u00e9tele a hagyom\u00e1ny \u00e9s az innov\u00e1ci\u00f3 \u00f6tv\u00f6z\u00e9s\u00e9t bizony\u00edtja. A gasztron\u00f3mia a torkolat kincseire \u2013 angoln\u00e1kra, t\u0151kehalra, sz\u00fcrke t\u0151kehalra, tintahalra \u00e9s marhaorrra \u2013 \u00f6sszpontos\u00edt, amelyeket olyan jellegzetes k\u00e9sz\u00edtm\u00e9nyekben t\u00e1lalnak, mint a bacalao al pil-pil, a bacalao a la vizca\u00edna, a salsa verde merluza \u00e9s a chipirones en su tinta; az \u00e9des fin\u00e1l\u00e9k k\u00f6z\u00e9 tartozik a canutillos de Bilbao, a pantxineta \u00e9s a rizss\u00fctem\u00e9ny. A pintxos \u2013 a keny\u00e9rszeleteken elhelyezett apr\u00f3, fogpiszk\u00e1lt t\u00e9szta \u2013 t\u00e1rsas\u00e1gi ritu\u00e1l\u00e9ja a baszk j\u00f3kedv k\u00f6z\u00e9ppontj\u00e1ban \u00e1ll, amelyhez a rabas, a spanyol tortilla, a t\u00f6lt\u00f6tt gomba (txampis), a tri\u00e1ngulos \u00e9s a gildas csatlakozik.<\/p>\n<p>Bilbao polg\u00e1ri magj\u00e1b\u00f3l indulnak ki a k\u00f6zleked\u00e9si f\u0151utak, kezdve a Gran V\u00eda de Don Diego L\u00f3pez de Har\u00f3val, amely kett\u00e9v\u00e1gja Abando p\u00e9nz\u00fcgyi negyed\u00e9t, \u00e9s \u00f6sszek\u00f6ti a Casco Viejo-t San Mam\u00e9ssel; a Sabino Arana \u00e9s a Juan Antonio Zunzunegui sug\u00e1rutak a perif\u00e9rikus aut\u00f3p\u00e1ly\u00e1k fel\u00e9 ir\u00e1ny\u00edtj\u00e1k a forgalmat; az Autonom\u00eda utca kelet-nyugati ir\u00e1nyban h\u00faz\u00f3dik a d\u00e9li ker\u00fcleteken kereszt\u00fcl; \u00e9s tizenn\u00e9gy h\u00edd fonja \u00f6ssze a torkolatot \u00e9s a Kadagua foly\u00f3 medr\u00e9t. Az \u00fath\u00e1l\u00f3zatok \u00f6sszek\u00f6tik a v\u00e1rost az Ib\u00e9riai-f\u00e9lszigettel \u00e9s azon t\u00fal: az A-8-as aut\u00f3p\u00e1lya (E70-es part menti \u00fat) Santanderbe, Gij\u00f3nba \u00e9s Bordeaux-ba; az AP-8-as fizet\u0151s aut\u00f3p\u00e1lya kelet fel\u00e9 San Sebasti\u00e1nba \u00e9s a francia hat\u00e1rra; az AP-68 (E804) Vitoria-Gasteizbe, Logro\u00f1\u00f3ba \u00e9s Zaragoz\u00e1ba; a f\u00f6ldi h\u00e1l\u00f3zatot olyan mell\u00e9k\u00fatvonalak teszik teljess\u00e9, mint az N-634, BI-631, BI-626, BI-625 \u00e9s N-637.<\/p>\n<p>A Bilbao rep\u00fcl\u0151t\u00e9r (BIO), amelyet 1948-ban avattak fel, \u00e9s Calatrava \u00e1lmodott \u00fajra 2000-ben, az \u00e9szaki partvid\u00e9k els\u0151dleges l\u00e9gi k\u00f6zleked\u00e9si kapujak\u00e9nt m\u0171k\u00f6dik, 2018-ban t\u00f6bb mint 5,4 milli\u00f3 utast szolg\u00e1lt ki h\u00fasz l\u00e9git\u00e1rsas\u00e1g \u2013 k\u00f6zt\u00fck az Iberia, a Lufthansa \u00e9s a TAP Portugal \u2013 r\u00e9v\u00e9n, \u00e9s Londonba, Frankfurtba, M\u00fcnchenbe, Madridba, Barcelon\u00e1ba, M\u00e1lag\u00e1ba, P\u00e1rizsba, Br\u00fcsszelbe \u00e9s Amszterdamba is csatlakozott. Egy 2009-ben kidolgozott, a kapacit\u00e1s megdupl\u00e1z\u00e1s\u00e1t c\u00e9lz\u00f3 elh\u00faz\u00f3d\u00f3 b\u0151v\u00edt\u00e9si terv a gazdas\u00e1gi fellend\u00fcl\u00e9sre v\u00e1rt, miel\u0151tt lefektett\u00e9k volna az alapokat, m\u00edg az olyan fapados l\u00e9git\u00e1rsas\u00e1gok, mint a Ryanair, az 59 kilom\u00e9terre d\u00e9lre tal\u00e1lhat\u00f3 Vitoria rep\u00fcl\u0151t\u00e9rre t\u00e1maszkodnak.<\/p>\n<p>A vas\u00fath\u00e1l\u00f3zatok kett\u00e9\u00e1gaznak az Adif \u00e1ltal \u00fczemeltetett Renfe vonalak \u2013 melyek k\u00f6z\u00e9ppontj\u00e1ban Bilbao-Abando \u00e1ll, t\u00e1vols\u00e1gi Alvia \u00e9s Intercity j\u00e1ratokkal Madridba, Barcelon\u00e1ba \u00e9s Vig\u00f3ba, valamint n\u00e9h\u00e1ny keskeny nyomt\u00e1v\u00fa kapcsolattal Bilbao-Concordia fel\u0151l \u2013 \u00e9s a baszk tulajdon\u00fa Euskotren \u00fatvonalak k\u00f6z\u00f6tt, amelyek Bilbao-Atxuri \u00e9s Zazpikaleak\/Casco Viejo vonalakon kereszt\u00fcl Durang\u00f3t, Eibart, San Sebasti\u00e1nt \u00e9s Berme\u00f3t szolg\u00e1lj\u00e1k ki. A 2023 ut\u00e1nra tervezett, a jelenlegi infrastrukt\u00far\u00e1t egy f\u00f6ldalatti \u00f6sszek\u00f6ttet\u00e9ssel v\u00e1ltja fel. Az 1995-ben \u00e1tadott 1-es \u00e9s 2-es metr\u00f3vonalak a torkolat ment\u00e9n haladnak, \u00e9s Etxebarrit\u00f3l Plentzi\u00e1ig \u00e9s Santurtziig h\u00faz\u00f3dnak; a 2017 \u00e1prilisa \u00f3ta az Euskotren ir\u00e1ny\u00edt\u00e1sa alatt \u00e1ll\u00f3 3-as vonal a rep\u00fcl\u0151t\u00e9r b\u0151v\u00edt\u00e9s\u00e9t tervezi; a 4-es \u00e9s 5-\u00f6s vonalak tov\u00e1bbra is tanulm\u00e1ny alatt \u00e1llnak. A n\u00e9gy \u00e9vtized ut\u00e1n 2002-ben \u00fajj\u00e1\u00e9lesztett villamosvonal a torkolat ment\u00e9n h\u00faz\u00f3dik, m\u00edg n\u00e9gy Cercan\u00edas vonal \u00e9s egy Renfe F\u00eave ing\u00e1z\u00f3p\u00e1lya integr\u00e1lja a nagyv\u00e1rosi \u00f6nkorm\u00e1nyzatokat. A Bilbobus \u00e9s a Bizkaibus flott\u00e1k v\u00e1rosi \u00e9s region\u00e1lis buszk\u00f6zleked\u00e9st biztos\u00edtanak \u2013 huszonnyolc v\u00e1rosi \u00fatvonalat, nyolc mikrobusz- \u00e9s nyolc \u00e9jszakai Gautxori vonalat, amelyeket t\u00f6bb mint sz\u00e1z helyk\u00f6zi j\u00e1rat eg\u00e9sz\u00edt ki \u2013, biztos\u00edtva, hogy m\u00e9g a legeldugottabb v\u00f6lgyek is mindennapi kapcsolatban maradjanak Bilbao sz\u00edv\u00e9vel.<\/p>\n<p>A Santurtzi \u00e9s Portsmouth k\u00f6z\u00f6tt k\u00f6zleked\u0151 Brittany Ferries j\u00e1rat \u00e9s az MV Cap Finist\u00e8re Bilbao-Departures j\u00e1rata a v\u00e1ros tart\u00f3s tengeri \u00f6sszek\u00f6ttet\u00e9s\u00e9t bizony\u00edtja, m\u00e9g akkor is, amikor olyan t\u00f6rt\u00e9nelmi kompok, mint a P&amp;O Pride of Bilbao, 2010-ben nyugd\u00edjba vonultak. Ezen a mozg\u00e1si m\u00e1trixon bel\u00fcl egy \u00e1tlagos bilba\u00f3i ing\u00e1z\u00f3 naponta harminc\u00f6t percet t\u00f6lt t\u00f6megk\u00f6zleked\u00e9ssel, h\u00e9t percet v\u00e1r a meg\u00e1ll\u00f3kban, \u00e9s \u00e1tlagosan 6,9 kilom\u00e9tert tesz meg \u2013 ezek a statisztik\u00e1k mind a h\u00e1l\u00f3zat hat\u00e9konys\u00e1g\u00e1t, mind a v\u00e1ros kompakts\u00e1g\u00e1t al\u00e1t\u00e1masztj\u00e1k.<\/p>\n<p>Az Athletic Club Bilbao, amely \u00e9vsz\u00e1zados hagyom\u00e1nyaira tekint vissza, hogy kiz\u00e1r\u00f3lag baszk j\u00e1t\u00e9kosokat j\u00e1tszik, a region\u00e1lis identit\u00e1st \u00e9s a nacionalista \u00e9rzelmeket testes\u00edti meg; Spanyolorsz\u00e1g egyik legsikeresebb futballint\u00e9zm\u00e9nye a San Mam\u00e9s Stadionban \u2013 a futball \u201ekatedr\u00e1lis\u00e1ban\u201d \u2013 tal\u00e1lhat\u00f3, ahol a lelkesed\u00e9s \u00e9s a hagyom\u00e1nyok \u00f6sszeolvadnak.<\/p>\n<p>Bilbao v\u00e1rosi metamorf\u00f3zisa nemzetk\u00f6zi elismer\u00e9st kapott: 2010 m\u00e1jus\u00e1ban Lee Kuan Yew Vil\u00e1gv\u00e1ros D\u00edjat kapott (amelyet 2010 j\u00fanius\u00e1ban \u00edt\u00e9ltek oda), 2012-ben I\u00f1aki Azkuna polg\u00e1rmesternek \u00edt\u00e9lt\u00e9k oda a Vil\u00e1gpolg\u00e1rmester D\u00edjat 2013 janu\u00e1rj\u00e1ban, \u00e9s 2017 november\u00e9ben az Urbanisztikai Akad\u00e9mia a 2018-as \u00e9v legjobb eur\u00f3pai v\u00e1ros\u00e1nak v\u00e1lasztotta. Ezek a kit\u00fcntet\u00e9sek a rugalmass\u00e1g \u00e9s a meg\u00fajul\u00e1s narrat\u00edv\u00e1j\u00e1t id\u00e9zik, amely tov\u00e1bbra is \u00e1thatja Bilbao utc\u00e1it, kultur\u00e1lis helysz\u00edneit, a Nervi\u00f3n partjait \u00e9s polg\u00e1rainak mindennapi \u00e9let\u00e9t \u2013 mindegyik egy olyan v\u00e1rosr\u00f3l tan\u00faskodik, amely miut\u00e1n r\u00e9g\u00f3ta vasb\u00f3l \u00e9s iparb\u00f3l kov\u00e1csolt\u00e1k, most a kreativit\u00e1s \u00e9s a v\u00e1rosi gondoskod\u00e1s kett\u0151s pill\u00e9r\u00e9re \u00e9p\u00fcl.<\/p>","protected":false},"excerpt":{"rendered":"<p>Bilbao, Vizcaya \u00e9s Baszkf\u00f6ld legnagyobb v\u00e1rosa, jelent\u0151s v\u00e1rosk\u00f6zpontk\u00e9nt szolg\u00e1l \u00c9szak-Spanyolorsz\u00e1gban. A v\u00e1ros a kilencedik legnagyobb Spanyolorsz\u00e1gban \u00e9s a legn\u00e9pesebb az \u00e9szaki r\u00e9sz\u00e9n; 2023-ban lakoss\u00e1ga meghaladja a 347 000 f\u0151t. Az 1 037 847 f\u0151t sz\u00e1ml\u00e1l\u00f3 Bilbao nagyv\u00e1rosi r\u00e9gi\u00f3 Spanyolorsz\u00e1g \u00e9szaki r\u00e9sz\u00e9nek legnagyobb v\u00e1rosi koncentr\u00e1ci\u00f3ja. A 875 552 f\u0151t sz\u00e1ml\u00e1l\u00f3 Nagy-Bilbao comarca az \u00f6t\u00f6dik helyen \u00e1ll az orsz\u00e1g v\u00e1rosi ter\u00fcletei k\u00f6z\u00f6tt. A nagy-baszk r\u00e9gi\u00f3 f\u0151 nagyv\u00e1rosi k\u00f6zpontjak\u00e9nt m\u0171k\u00f6d\u0151 Bilbao k\u00f6zvetlen k\u00f6rnyezet\u00e9n k\u00edv\u00fcl is nagy hat\u00e1st gyakorol.<\/p>","protected":false},"author":1,"featured_media":2844,"parent":13090,"menu_order":0,"comment_status":"closed","ping_status":"closed","template":"elementor_theme","meta":{"_eb_attr":"","footnotes":""},"class_list":["post-13276","page","type-page","status-publish","has-post-thumbnail"],"_links":{"self":[{"href":"https:\/\/travelshelper.com\/hu\/wp-json\/wp\/v2\/pages\/13276","targetHints":{"allow":["GET"]}}],"collection":[{"href":"https:\/\/travelshelper.com\/hu\/wp-json\/wp\/v2\/pages"}],"about":[{"href":"https:\/\/travelshelper.com\/hu\/wp-json\/wp\/v2\/types\/page"}],"author":[{"embeddable":true,"href":"https:\/\/travelshelper.com\/hu\/wp-json\/wp\/v2\/users\/1"}],"replies":[{"embeddable":true,"href":"https:\/\/travelshelper.com\/hu\/wp-json\/wp\/v2\/comments?post=13276"}],"version-history":[{"count":0,"href":"https:\/\/travelshelper.com\/hu\/wp-json\/wp\/v2\/pages\/13276\/revisions"}],"up":[{"embeddable":true,"href":"https:\/\/travelshelper.com\/hu\/wp-json\/wp\/v2\/pages\/13090"}],"wp:featuredmedia":[{"embeddable":true,"href":"https:\/\/travelshelper.com\/hu\/wp-json\/wp\/v2\/media\/2844"}],"wp:attachment":[{"href":"https:\/\/travelshelper.com\/hu\/wp-json\/wp\/v2\/media?parent=13276"}],"curies":[{"name":"wp","href":"https:\/\/api.w.org\/{rel}","templated":true}]}}