{"id":13266,"date":"2024-09-17T15:24:30","date_gmt":"2024-09-17T15:24:30","guid":{"rendered":"https:\/\/travelshelper.com\/staging\/?page_id=13266"},"modified":"2026-03-12T23:23:08","modified_gmt":"2026-03-12T23:23:08","slug":"cordoba","status":"publish","type":"page","link":"https:\/\/travelshelper.com\/hu\/destinations\/europe\/spain\/cordoba\/","title":{"rendered":"C\u00f3rdoba"},"content":{"rendered":"<p>C\u00f3rdoba, Andal\u00fazia harmadik legn\u00e9pesebb telep\u00fcl\u00e9se, 1254,25 km\u00b2 ter\u00fcletet foglal el a Guadalquivir jobb partj\u00e1n, az Ib\u00e9riai-f\u00e9lsziget d\u00e9li r\u00e9sz\u00e9n. A v\u00e1rost, amelyet az i. e. els\u0151 sz\u00e1zad elej\u00e9n r\u00f3mai gyarmatk\u00e9nt alap\u00edtottak, a vizig\u00f3t hegem\u00f3nia, majd a nyolcadik sz\u00e1zadt\u00f3l kezd\u0151d\u0151en az Omajj\u00e1d Emir\u00e1tus \u00e9s Kalif\u00e1tus lenyomat\u00e1t viseli mag\u00e1n, amelyek Andal\u00fazia kiemelked\u0151 tanul\u00e1si \u00e9s korm\u00e1nyz\u00e1si k\u00f6zpontj\u00e1v\u00e1 alak\u00edtott\u00e1k. A 37 \u00b0C-os \u00e1tlagos ny\u00e1ri maximumh\u0151m\u00e9rs\u00e9klettel rendk\u00edv\u00fcli h\u0151hull\u00e1mok jellemzik \u00e9ghajlat\u00e1t; az enyhe telek, amelyeket az Atlanti-\u00f3ce\u00e1n fel\u0151l \u00e9rkez\u0151 t\u00e9li viharok szak\u00edtanak meg, z\u00f6ldell\u0151 mozaikot tartanak fenn a foly\u00f3 \u00e9s a k\u00f6rnyez\u0151 Campi\u00f1a, a Sierra Nevada meredek lejt\u0151i \u00e9s a foly\u00f3v\u00edzi teraszok lank\u00e1s hull\u00e1mz\u00e1sa ment\u00e9n.<\/p>\n<p>C\u00f3rdoba legkor\u00e1bbi eml\u00e9kei az Augustus alatt \u00e1tadott \u00e9s a nyolcadik sz\u00e1zadban fel\u00faj\u00edtott r\u00f3mai h\u00edd, egy 250 m\u00e9ter hossz\u00fa, tizenhat bolt\u00edvb\u0151l \u00e1ll\u00f3 \u00e9p\u00edtm\u00e9ny, amely k\u00e9t \u00e9vezredig a v\u00e1ros egyetlen \u00e1tkel\u0151helye maradt. A k\u00f6zelben \u00e1ll a Paseo de la Victoria sug\u00e1r\u00faton tal\u00e1lhat\u00f3 mauz\u00f3leum, a Teatro Romano, valamint a Forum Adiectum \u00e9s Maximianus palot\u00e1j\u00e1nak maradv\u00e1nyai \u2013 a cs\u00e1sz\u00e1ri amb\u00edci\u00f3k n\u00e9ma bizony\u00edt\u00e9kai. A vizig\u00f3t uralom kevesebb k\u00e9zzelfoghat\u00f3 erekly\u00e9t hagyott maga ut\u00e1n, m\u00e9gis az iszl\u00e1m szuverenit\u00e1sra val\u00f3 \u00e1tt\u00e9r\u00e9s Kr. u. 711-ben egy p\u00e1ratlan \u00e9p\u00edt\u00e9szeti alkot\u00e1st nyitott meg Nyugaton. Kr. u. 784 \u00e9s 786 k\u00f6z\u00f6tt I. Abd al-Rahm\u00e1n lerakta a Nagy Mecset alapjait, amely az egym\u00e1st k\u00f6vet\u0151 omajj\u00e1d b\u0151v\u00edt\u00e9sek \u2013 k\u00f6zt\u00fck a tizedik sz\u00e1zadi b\u0151v\u00edt\u00e9s, amely a h\u00edres mihrabot \u00e9s egy d\u00edszes imacsarnokot hozta l\u00e9tre \u2013 r\u00e9v\u00e9n \u00e9vsz\u00e1zadokra a vil\u00e1g harmadik legnagyobb mecset\u00e9v\u00e9 v\u00e1lt. A patk\u00f3 alak\u00fa bolt\u00edvek \u00e9s az egym\u00e1sba fon\u00f3d\u00f3 \u00e1rk\u00e1dok, melyeket r\u00f3mai \u00e9s vizig\u00f3t el\u0151zm\u00e9nyek jellemeznek, ma a sz\u00e9kesegyh\u00e1z boltozatos haj\u00f3j\u00e1t t\u00e1masztj\u00e1k al\u00e1, egy a tizenhatodik sz\u00e1zadban felszentelt palimpszeszt, mely meg\u0151rizte a hatalmas hypostyle csarnokot, melyet 1984-ben az UNESCO Vil\u00e1g\u00f6r\u00f6ks\u00e9g r\u00e9sz\u00e9v\u00e9 nyilv\u00e1n\u00edtottak.<\/p>\n<p>A mezquit\u00e1n t\u00fal C\u00f3rdoba iszl\u00e1m \u00f6r\u00f6ks\u00e9ge bontakozik ki a karcs\u00fa San Juan-i minaretben \u2013 melynek kett\u0151s patk\u00f3\u00edves ablakai egy elveszett mecset hely\u00e9t jelzik \u2013, valamint a foly\u00f3partokon, ahol olyan v\u00edzimalmok, mint az Albolafia \u00e9s a Lope Garc\u00eda, az egym\u00e1st k\u00f6vet\u0151 korszakok hidraulikus lelem\u00e9nyess\u00e9g\u00e9t k\u00f6vetik nyomon. Az Almoh\u00e1dokhoz tartoz\u00f3, meger\u0151s\u00edtett Calahorra-torony a R\u00f3mai h\u00edd d\u00e9li v\u00e9g\u00e9t keretezi, \u00e9s ma a Museo Vivo de Al-Andalusnak, a kultur\u00e1lis eml\u00e9kek t\u00e1rh\u00e1z\u00e1nak ad otthont. Az Alc\u00e1zar de los Reyes Cristianos mellett, amely maga is az inkviz\u00edci\u00f3 helysz\u00edne \u00e9s egykori kir\u00e1lyi rezidencia volt, tal\u00e1lhat\u00f3 a Kalif\u00e1l f\u00fcrd\u0151, egy r\u00e9szben rekonstru\u00e1lt hammam, amelynek tizedik sz\u00e1zadi f\u00fcrd\u0151i ma az iszl\u00e1m mindennapi \u00e9let ritu\u00e1lis pontoss\u00e1g\u00e1t k\u00f6zvet\u00edtik.<\/p>\n<p>A v\u00e1ros perem\u00e9n Madinat al-Zahra emelkedik ki az alacsony boz\u00f3tosb\u00f3l \u2013 palotav\u00e1rosa a X. sz\u00e1zadban kezd\u0151d\u00f6tt, \u00e9s 1911 \u00f3ta \u00e1sat\u00e1sok folynak \u2013, amely a kalif\u00e1lis udvar politikai \u00e9s eszt\u00e9tikai amb\u00edci\u00f3it vet\u00edti el\u0151re. A t\u00f6rt\u00e9nelmi k\u00f6zpontban keskeny utc\u00e1k torkollnak a Juder\u00ed\u00e1ra, az egykori zsid\u00f3negyedre, amelynek szab\u00e1lytalan alaprajza az 1315-\u00f6s zsinag\u00f3g\u00e1nak \u00e9s a Casa de Sefaradnak ad otthont, amelyek a vall\u00e1sok komplex egy\u00fctt\u00e9l\u00e9s\u00e9nek sz\u00ednterei voltak a XIII. sz\u00e1zadi rekonkviszt\u00e1ig. III. Ferdin\u00e1nd kir\u00e1ly 1236-os h\u00f3d\u00edt\u00e1sa ut\u00e1n C\u00f3rdob\u00e1t beolvasztott\u00e1k a Kaszt\u00edlia Koron\u00e1j\u00e1ba, mint n\u00e9vad\u00f3 kir\u00e1lys\u00e1g\u00e1nak fej\u00e9t, \u00e9s a visszah\u00f3d\u00edtott v\u00e1rosr\u00e9szekben \u00e9p\u00fclt tizenk\u00e9t templom \u2013 k\u00f6zt\u00fck a Santa Marina de Aguas Santas, a San Nicol\u00e1s de la Villa \u00e9s a San Miguel \u2013 egyh\u00e1zi \u00e9s \u00f6nkorm\u00e1nyzati funkci\u00f3kat is bet\u00f6lt\u00f6tt, homlokzataik rom\u00e1n, mud\u00e9jar \u00e9s g\u00f3tikus mot\u00edvumokat \u00f6tv\u00f6znek.<\/p>\n<p>A kereszt\u00e9ny lenyomat a r\u00f3mai falak fennmaradt kapuiban is megmutatkozik: a Puerta de Almod\u00f3varban, a Puerta de Sevillaban \u00e9s a Puerta del Puent\u00e9ben, melyeket a Torre de la Malmuerta \u00e9s a Torre de Bel\u00e9n szeg\u00e9lyez. Az \u00d3v\u00e1ros d\u00e9li r\u00e9sz\u00e9n a Plaza del Potro \u0151rzi a Posada del Potr\u00f3t \u2013 amely Cervantes Don Quijot\u00e9j\u00e1ban halhatatlann\u00e1 v\u00e1lt \u2013, m\u00edg az Arco del Portillo egy 14. sz\u00e1zadi kapu f\u00f6l\u00e9 \u00edvel. Az Alc\u00e1zar kertjei, az andal\u00faz kanc\u00e1kat teny\u00e9szt\u0151 kir\u00e1lyi ist\u00e1ll\u00f3k, valamint Viana \u00e9s Merced palotaszer\u0171 rezidenci\u00e1i C\u00f3rdoba arisztokratikus pomp\u00e1j\u00e1t id\u00e9zik, m\u00edg a kev\u00e9sb\u00e9 ismert f\u0151utc\u00e1k, mint p\u00e9ld\u00e1ul a Cuesta del Bail\u00edo, bepillant\u00e1st engednek a v\u00e1ros vertik\u00e1lis r\u00e9tegz\u0151d\u00e9s\u00e9be.<\/p>\n<p>Szobr\u00e1szati \u200b\u200beml\u00e9km\u0171vek tark\u00edtj\u00e1k a k\u00f6ztereket: Szent Rafael t\u00edz diadala jelzi az \u00e9gi v\u00e9delmez\u0151 jelenl\u00e9t\u00e9t hidakon \u00e9s tereken; a Plaza de las Tendillas-on Gonzalo Fern\u00e1ndez de C\u00f3rdoba lovas alakja \u00e1ll; a Puerta de la Luna \u00e9s a Puerta de Almod\u00f3var k\u00f6zel\u00e9ben Averroes \u00e9s Seneca szobrai tan\u00fas\u00edtj\u00e1k a v\u00e1ros szellemi sz\u00e1rmaz\u00e1s\u00e1t; az Alc\u00e1zar kertj\u00e9ben pedig eml\u00e9km\u0171vek tisztelegnek a katolikus uralkod\u00f3k \u00e9s Kolumbusz el\u0151tt. A Guadalquivir foly\u00f3 ment\u00e9n a Szobrok szigete \u00e9s az \u201eHombre R\u00edo\u201d a m\u0171v\u00e9szet \u00e9s a v\u00edz kort\u00e1rs p\u00e1rbesz\u00e9d\u00e9t testes\u00edti meg, finoman v\u00e1ltoztatva ir\u00e1ny\u00e1t az \u00e1ramlattal.<\/p>\n<p>C\u00f3rdoba h\u00eddjai r\u00e1ad\u00e1sul a modern m\u00e9rn\u00f6ki tudom\u00e1nyokat is \u0151rzik: az 1953. \u00e1prilis 29-\u00e9n felavatott San Rafael h\u00edd 217 m\u00e9ter hosszan h\u00faz\u00f3dik nyolc 25 m\u00e9teres \u00edvben; a f\u00fcgg\u0151feszt\u00e1vols\u00e1g\u00fa Andal\u00fazia h\u00edd \u00e9s a rozsdabarna Puente de Miraflores (2003) sz\u00e9tv\u00e1lasztja a j\u00e1rm\u0171- \u00e9s gyalogosforgalmat; az Autov\u00eda del Sur h\u00edd \u00e9s az Abbas Ibn Firnas h\u00edd \u2013 amelyeket 2011 janu\u00e1rj\u00e1ban nyitottak meg a nyugati elker\u00fcl\u0151 \u00fat r\u00e9szek\u00e9nt \u2013 er\u0151s\u00edtik az \u00f6sszek\u00f6ttet\u00e9st; a Puente del Arenal pedig \u00f6sszek\u00f6ti a Campo de la Verdadot a Recinto Feriallal.<\/p>\n<p>A v\u00e1ros z\u00f6ldter\u00fcletei az \u00e9p\u00edtett forma \u00e9s a term\u00e9szet p\u00e1rbesz\u00e9d\u00e9t fejezik ki: a Jardines de la Victoria modernista sz\u00f6k\u0151kutak \u00e9s Duque de Rivas pergol\u00e1ja mellett tal\u00e1lhat\u00f3; a Jardines de la Agricultura a kacsat\u00f3 \u00e9s egy m\u0171v\u00e9szien elrendezett r\u00f3zsakert k\u00f6r\u00fcl\u00f6leli, a s\u0171r\u0171 n\u00f6v\u00e9nyzet\u0171 labirintusok hi\u00e1nya ellen\u00e9re; a Parque de Miraflores teraszosan ereszkedik le a Salam \u00e9s a Miraflores hidak fel\u00e9; a Parque Cruz Conde ny\u00edlt, akad\u00e1lymentes kiterjed\u00e9sk\u00e9nt bontakozik ki az angol kertek st\u00edlus\u00e1ban; a Paseo de C\u00f3rdoba, amely a f\u00f6ldbe s\u00fcllyesztett vas\u00fati s\u00ednek f\u00f6l\u00e9 \u00e9p\u00fclt, sz\u00f6k\u0151kutakon \u2013 n\u00e9melyik t\u00f6bbszintes medenc\u00e9k f\u00f6l\u00e9 zuhog \u2013 kereszt\u00fcl h\u00faz\u00f3dik, \u00e9s mag\u00e1ban foglalja az egykori RENFE \u00e1llom\u00e1st; a Jardines Juan Carlos I \u00e9s a Jardines del Conde de Vallellano tavakat, r\u00e9g\u00e9szeti leleteket \u00e9s r\u00f3mai cisztern\u00e1kat \u00f6lel k\u00f6r\u00fcl; a 27 hekt\u00e1ros Parque de la Asomadilla Andal\u00fazia m\u00e1sodik legnagyobb v\u00e1rosi parkja; \u00e9s a Sotos de la Albolafia, egy 21,36 hekt\u00e1ros term\u00e9szeti eml\u00e9k, a foly\u00f3 ment\u00e9n v\u00e1ndorl\u00f3 mad\u00e1rvil\u00e1gnak ad otthont.<\/p>\n<p>C\u00f3rdoba m\u00fazeumai k\u00f6z\u00fcl a P\u00e1ez de Castillo renesz\u00e1nsz palot\u00e1j\u00e1ban 1960 \u00f3ta m\u0171k\u00f6d\u0151 R\u00e9g\u00e9szeti \u00e9s Etnol\u00f3giai M\u00fazeum az emberi jelenl\u00e9tet k\u00f6veti nyomon a bronzkort\u00f3l az iszl\u00e1m kult\u00far\u00e1n \u00e1t; a Julio Romero de Torres M\u00fazeum a fest\u0151 \u00e9letm\u0171v\u00e9t \u0151rzi foly\u00f3parti otthon\u00e1ban; a Sz\u00e9pm\u0171v\u00e9szeti M\u00fazeum, amely egykor J\u00f3t\u00e9konys\u00e1gi K\u00f3rh\u00e1z volt, a barokkt\u00f3l a modern korig mutatja be a m\u0171veket; az Egyh\u00e1zmegyei M\u00fazeum, amely a P\u00fcsp\u00f6ki Palot\u00e1ban tal\u00e1lhat\u00f3 (amely maga is egy omajj\u00e1d alc\u00e1zar tetej\u00e9n \u00e1ll), egyh\u00e1zi m\u0171v\u00e9szetet \u00e9s berendez\u00e9si t\u00e1rgyakat mutat be; a Kalif\u00e1lis F\u00fcrd\u0151 komplexum pedig r\u00e9g\u00e9szeti betekint\u00e9st ny\u00fajt a tizedik sz\u00e1zadi f\u00fcrd\u0151z\u00e9si ritu\u00e1l\u00e9kba.<\/p>\n<p>A kultur\u00e1lis ritmusok m\u00e1jusban tet\u0151znek, amikor C\u00f3rdoba h\u00e1rom egym\u00e1st k\u00f6vet\u0151 fesztiv\u00e1lnak ad otthont, amelyek n\u00f6v\u00e9nyek \u00e9s zen\u00e9vel t\u00f6ltik meg a tereket \u00e9s a teraszokat: a Las Cruces de Mayo, amelynek sor\u00e1n h\u00e1rom m\u00e9ter magas, vir\u00e1gf\u00fcz\u00e9rekkel bor\u00edtott keresztek alkotj\u00e1k a vir\u00e1gversenyek \u00e9s a bar\u00e1ts\u00e1gos \u00f6sszej\u00f6vetelek k\u00f6zponti helysz\u00edn\u00e9t; a Los Patios de C\u00f3rdoba, ahol a nyilv\u00e1noss\u00e1g sz\u00e1m\u00e1ra nyitva \u00e1ll\u00f3 mag\u00e1nudvarok \u00e9p\u00edt\u00e9szeti \u00e9rt\u00e9k \u00e9s kert\u00e9szeti m\u0171v\u00e9szet alapj\u00e1n \u00e9rt\u00e9kelik az esem\u00e9nyeket (ez a megjel\u00f6l\u00e9s az UNESCO szellemi kultur\u00e1lis \u00f6r\u00f6ks\u00e9g list\u00e1j\u00e1n szerepel); \u00e9s a La Feria de C\u00f3rdoba, egy sevillai t\u00e1rs\u00e1hoz hasonl\u00f3 v\u00e1s\u00e1r, amelyet m\u00e9gis t\u00falnyom\u00f3r\u00e9szt nyilv\u00e1nos kaset\u00e1k jellemeznek. A sz\u00e1ll\u00e1slehet\u0151s\u00e9gek sz\u00e1ma dr\u00e1maian cs\u00f6kken, ami t\u00fckr\u00f6zi a zar\u00e1ndoklatok \u2013 mind a vil\u00e1gi, mind a tudom\u00e1nyos \u2013 intenzit\u00e1s\u00e1t ebbe az \u00f6r\u00f6ks\u00e9gben gazdag v\u00e1rosba.<\/p>\n<p>A modern k\u00f6zleked\u00e9si infrastrukt\u00fara biztos\u00edtja, hogy C\u00f3rdoba tov\u00e1bbra is k\u00f6zponti csom\u00f3pont maradjon: a nagysebess\u00e9g\u0171 AVE vas\u00fat Madriddal, Barcelon\u00e1val, Sevill\u00e1val, M\u00e1lag\u00e1val \u00e9s Zaragoz\u00e1val k\u00f6ti \u00f6ssze; a c\u00f3rdobai \u00e1llom\u00e1s t\u00f6bb mint h\u00fasz napi j\u00e1ratot ind\u00edt a m\u00e1lagai Mar\u00eda Zambrano rep\u00fcl\u0151t\u00e9rre \u00f6tvenn\u00e9gy perc alatt, megk\u00f6nny\u00edtve a tov\u00e1bbutaz\u00e1st a Costa del Solon; b\u00e1r saj\u00e1t rep\u00fcl\u0151tere nem fogad kereskedelmi j\u00e1ratokat, a v\u00e1ros k\u00f6nnyen megk\u00f6zel\u00edthet\u0151 t\u00e1vols\u00e1gban van \u2013 Sevilla 110 km-re, Granada 118 km-re, M\u00e1laga rep\u00fcl\u0151tere pedig 136 km-re tal\u00e1lhat\u00f3; az A-45-\u00f6s \u00e9s A-4-es aut\u00f3p\u00e1ly\u00e1k \u00f6sszek\u00f6tik C\u00f3rdob\u00e1t az andal\u00faz \u00e9s a portug\u00e1l h\u00e1l\u00f3zatokkal; a szomsz\u00e9dos helyk\u00f6zi buszp\u00e1lyaudvar pedig kiterjeszti a kev\u00e9sb\u00e9 gyors, de gazdas\u00e1gosabb kapcsolatok el\u00e9r\u00e9s\u00e9t a f\u00e9lszigeten.<\/p>\n<p>C\u00f3rdoba t\u00f6bbr\u00e9teg\u0171 kr\u00f3nikak\u00e9nt maradt fenn \u2013 r\u00f3mai r\u00e1cs\u00e1t vizig\u00f3t maradv\u00e1nyok itatj\u00e1k \u00e1t, az omajj\u00e1d \u00e9p\u00edt\u00e9szeti mer\u00e9szs\u00e9g r\u00e1rakja, \u00e9s kaszt\u00edliai \u00e9s modern kereteken t\u00f6rik meg. A v\u00e1ros h\u0151m\u00e9rs\u00e9kleti sz\u00e9ls\u0151s\u00e9gei, amelyeket a Guadalquivir-medence belsej\u00e9ben elfoglalt helyzete, valamint a Sierra Morena \u00e9s a Penibaetic-rendszer k\u00f6zels\u00e9ge alak\u00edtott, ellent\u00e9tben \u00e1llnak a foly\u00f3 \u00e1lland\u00f3 foly\u00e1s\u00e1val \u00e9s kertjeinek m\u0171velt nyugalm\u00e1val. A Nagy Mecset oszlopsorait\u00f3l a k\u00f6lt\u0151k, filoz\u00f3fusok \u00e9s szentek sz\u00e9tsz\u00f3rt szobraiig; a fresk\u00f3kkal d\u00edsz\u00edtett palot\u00e1kt\u00f3l a callej\u00e1k nyitott ritmus\u00e1ig; a m\u00e1jusi napperzselte bels\u0151 udvarokt\u00f3l a foly\u00f3 h\u0171s\u00edt\u0151 szell\u0151j\u00e9ig C\u00f3rdoba egyszerre a mediterr\u00e1n civiliz\u00e1ci\u00f3 longue dur\u00e9e-j\u00e1nak \u00e9s a folyamatos kultur\u00e1lis szint\u00e9zis \u00e9l\u0151 bizony\u00edt\u00e9ka. T\u00f6rt\u00e9nete \u2013 amely az \u00f3korban gy\u00f6kerezik, kalif\u00e1k \u00e9s kereszt\u00e9ny uralkod\u00f3k alatt \u00fajj\u00e1\u00e9ledt, \u00e9s a jelenben \u00fajj\u00e1\u00e9ledt \u2013 tart\u00f3s megh\u00edv\u00e1s a tudom\u00e1nyos megfigyel\u00e9sre \u00e9s a finom csod\u00e1latra.<\/p>","protected":false},"excerpt":{"rendered":"<p>C\u00f3rdoba t\u00f6rt\u00e9nelmi \u00e9s kultur\u00e1lis jelent\u0151s\u00e9g\u0171 v\u00e1ros Spanyolorsz\u00e1gban, Andal\u00fazia k\u00f6zponti r\u00e9gi\u00f3j\u00e1ban tal\u00e1lhat\u00f3. A mintegy 325 000 lakos\u00fa andal\u00faziai t\u00e9rs\u00e9g harmadik legn\u00e9pesebb telep\u00fcl\u00e9se az azonos nev\u0171 tartom\u00e1ny sz\u00e9khelye. Eredetileg t\u00f6bbnyire a Guadalquivir foly\u00f3 jobb partj\u00e1n, Ib\u00e9ria d\u00e9li r\u00e9sz\u00e9n tal\u00e1lhat\u00f3, ez a t\u00f6rt\u00e9nelmi v\u00e1ros sz\u00e1mos civiliz\u00e1ci\u00f3 felemelked\u00e9s\u00e9t \u00e9s buk\u00e1s\u00e1t tapasztalta, amelyek mindegyike nagym\u00e9rt\u00e9kben befoly\u00e1solta k\u00f6rnyezet\u00e9t \u00e9s jelleg\u00e9t.<\/p>","protected":false},"author":1,"featured_media":3242,"parent":13090,"menu_order":0,"comment_status":"closed","ping_status":"closed","template":"elementor_theme","meta":{"_eb_attr":"","footnotes":""},"class_list":["post-13266","page","type-page","status-publish","has-post-thumbnail"],"_links":{"self":[{"href":"https:\/\/travelshelper.com\/hu\/wp-json\/wp\/v2\/pages\/13266","targetHints":{"allow":["GET"]}}],"collection":[{"href":"https:\/\/travelshelper.com\/hu\/wp-json\/wp\/v2\/pages"}],"about":[{"href":"https:\/\/travelshelper.com\/hu\/wp-json\/wp\/v2\/types\/page"}],"author":[{"embeddable":true,"href":"https:\/\/travelshelper.com\/hu\/wp-json\/wp\/v2\/users\/1"}],"replies":[{"embeddable":true,"href":"https:\/\/travelshelper.com\/hu\/wp-json\/wp\/v2\/comments?post=13266"}],"version-history":[{"count":0,"href":"https:\/\/travelshelper.com\/hu\/wp-json\/wp\/v2\/pages\/13266\/revisions"}],"up":[{"embeddable":true,"href":"https:\/\/travelshelper.com\/hu\/wp-json\/wp\/v2\/pages\/13090"}],"wp:featuredmedia":[{"embeddable":true,"href":"https:\/\/travelshelper.com\/hu\/wp-json\/wp\/v2\/media\/3242"}],"wp:attachment":[{"href":"https:\/\/travelshelper.com\/hu\/wp-json\/wp\/v2\/media?parent=13266"}],"curies":[{"name":"wp","href":"https:\/\/api.w.org\/{rel}","templated":true}]}}