{"id":13232,"date":"2024-09-17T14:59:10","date_gmt":"2024-09-17T14:59:10","guid":{"rendered":"https:\/\/travelshelper.com\/staging\/?page_id=13232"},"modified":"2026-03-12T23:39:36","modified_gmt":"2026-03-12T23:39:36","slug":"zaragoza","status":"publish","type":"page","link":"https:\/\/travelshelper.com\/hu\/destinations\/europe\/spain\/zaragoza\/","title":{"rendered":"Zaragoza"},"content":{"rendered":"<p>Zaragoza, melyet angolul gyakran Saragossak\u00e9nt ford\u00edtanak, Arag\u00f3nia \u00e9s az Ebro-medence sz\u00edv\u00e9ben fekszik, inak v\u00edzfoly\u00e1sokb\u00f3l, \u0151si k\u00f6vekb\u0151l \u00e9s modern t\u00f6rekv\u00e9sekb\u0151l \u00e1llnak. A 2021-es \u00e9v megnyit\u00e1sakor 675 301 lakossal rendelkez\u0151 v\u00e1ros \u2013 amely sz\u00e1madatokkal Spanyolorsz\u00e1g \u00f6t legn\u00e9pesebb telep\u00fcl\u00e9se k\u00f6z\u00e9, az Eur\u00f3pai Uni\u00f3 26. legn\u00e9pesebb telep\u00fcl\u00e9s\u00e9v\u00e9 teszi \u2013 973,78 n\u00e9gyzetkilom\u00e9teren ter\u00fcl el, \u00e9s az auton\u00f3m k\u00f6z\u00f6ss\u00e9g teljes lakoss\u00e1g\u00e1nak t\u00f6bb mint fel\u00e9t foglalja mag\u00e1ban. A tengerszint felett k\u00f6r\u00fclbel\u00fcl 208 m\u00e9teres magass\u00e1gban fekv\u0151 Zaragoza finom egyens\u00falyt tart fenn a foly\u00f3parti s\u00edks\u00e1g \u00e9s a perem\u00e9t szeg\u00e9lyez\u0151 magaslatok k\u00f6z\u00f6tt, egyes szakaszokon megk\u00f6zel\u00edtve a 750 m\u00e9teres magass\u00e1got.<\/p>\n<p>Az Ebro foly\u00f3 az \u00f3kort\u00f3l kezdve \u00e1tl\u00f3san kett\u00e9v\u00e1gja a v\u00e1rost nyugat-\u00e9szaknyugat \u00e9s kelet-d\u00e9lkelet k\u00f6z\u00f6tt, a v\u00edz 205 m\u00e9teres magass\u00e1gban \u00e9rkezik Zaragoz\u00e1ba, \u00e9s 180 m\u00e9teres magass\u00e1gban t\u00e1vozik. A foly\u00f3 mell\u00e9kfoly\u00f3i \u2013 a szer\u00e9ny Huerva, amely v\u00e1rosi \u00fatvonal\u00e1nak nagy r\u00e9sz\u00e9ben ma m\u00e1r v\u00edz alatt \u00e1ll, \u00e9s a hatalmasabb, a Pireneusokban sz\u00fcletett G\u00e1llego \u2013 ir\u00e1ny\u00edtott\u00e1k a v\u00e1ros terjeszked\u00e9s\u00e9t, form\u00e1lva mind sz\u00f3 szerinti k\u00f6rvonalait, mind a kultur\u00e1lis csere megfoghatatlan \u00e1ramlatait. Geol\u00f3giai \u00e9rtelemben a telep\u00fcl\u00e9s egy f\u00e9lsz\u00e1raz m\u00e9lyed\u00e9sben fekszik, amelyet hegyek szeg\u00e9lyeznek, amelyek elz\u00e1rj\u00e1k a nedves leveg\u0151t mind az Atlanti-\u00f3ce\u00e1n, mind a F\u00f6ldk\u00f6zi-tenger fel\u0151l. Az \u00e9ves csapad\u00e9kmennyis\u00e9g alig 328 millim\u00e9ter, amelynek nagy r\u00e9sze tavasszal \u00e9s \u0151sszel hullik; j\u00faliusban \u00e9s augusztusban, valamint a decembert\u0151l m\u00e1rciusig tart\u00f3 t\u00e9li h\u00f3napokban viszonylagos asz\u00e1ly jellemzi, amelyet id\u0151nk\u00e9nt a Cierzo hideg, sz\u00e1raz sz\u00e9ll\u00f6k\u00e9sei, \u00e9jszakai fagyok, sz\u00f3rv\u00e1nyos havaz\u00e1s \u00e9s k\u00e9s\u0151 \u0151szi tart\u00f3s k\u00f6d szak\u00edt meg.<\/p>\n<p>Zaragoz\u00e1ban az Ebro partj\u00e1n \u00e1llva az ember koncentrikus emberi t\u00f6rekv\u00e9seit l\u00e1tja, a Caesaraugusta r\u00f3mai kol\u00f3ni\u00e1t\u00f3l \u2013 amelyet a Huerva torkolat\u00e1n\u00e1l, a jobb parton alap\u00edtottak \u2013 a pazar palot\u00e1kig, mud\u00e9jar templomokig \u00e9s modern hidakig, amelyek k\u00e9t \u00e9vezredes j\u00f3l\u00e9tr\u0151l \u00e9s folyamatos lakotts\u00e1gr\u00f3l tan\u00faskodnak. A r\u00f3maiak lenyomata l\u00e1that\u00f3 marad a f\u00f3rum, a kik\u00f6t\u0151, a f\u00fcrd\u0151k \u00e9s a sz\u00ednh\u00e1z romjaiban, maguk a k\u00f6vek is Caesar \u00f6r\u00f6ks\u00e9g\u00e9r\u0151l suttognak, m\u00e9g akkor is, amikor f\u00e9lig eltemetve fekszenek a v\u00e1ros j\u00e1rd\u00e1i alatt. A k\u00f6z\u00e9pkorban a v\u00e1rosi t\u00e9r kereszt\u00e9ny \u00e1talak\u00edt\u00e1sa a kor\u00e1bbi mecsetek f\u00f6l\u00e9 emelt templomokon kereszt\u00fcl bontakozott ki, ezt a folyamatot a Megv\u00e1lt\u00f3 katedr\u00e1lisa \u2013 La Seo \u2013 testes\u00edti meg leg\u00e9l\u00e9nkebben, ahol a 12. sz\u00e1zadi rom\u00e1n st\u00edlus\u00fa apszisok \u0151rk\u00f6dnek a g\u00f3tikus boltozatok \u00e9s a mud\u00e9jar d\u00edsz\u00edt\u00e9sek mellett. A k\u00f6zelben tal\u00e1lhat\u00f3 a Bazilika del Pilar barokk fens\u00e9ggel magasodik a foly\u00f3part felett, tornyait \u00e9s kupol\u00e1it Francisco Goya fresk\u00f3i szentelt\u00e9k fel a boltozatos bels\u0151 t\u00e9rben \u2013 ez tan\u00faskodik a M\u00e1ria-tisztelet tart\u00f3s erej\u00e9r\u0151l \u00e9s a v\u00e1ros zar\u00e1ndoklat \u00e9s identit\u00e1s k\u00f6zpontjak\u00e9nt bet\u00f6lt\u00f6tt szerep\u00e9r\u0151l.<\/p>\n<p>Zaragoza \u0151si sz\u00edv\u00e9n t\u00fal egy egyszerre szigor\u00fa \u00e9s tarka t\u00e1jat t\u00e1r el\u00e9nk: maguk a foly\u00f3partok laposak, de a k\u00f6zvetlen h\u00e1torsz\u00e1got muel\u00e1k \u2013 lapos tetej\u0171 dombok \u2013 \u00e9s meredek lejt\u0151k tark\u00edtj\u00e1k. Ezekben a hull\u00e1mz\u00f3 k\u00fclv\u00e1rosokban a gipszben gazdag talajok v\u00edznyel\u0151knek adt\u00e1k \u00e1t a hely\u00fcket, amelyek m\u00faland\u00f3 tavakk\u00e1 v\u00e1lnak, d\u00e9len pedig a la Sulf\u00farica n\u00e9ven ismert szezon\u00e1lis medence csak akkor nyilv\u00e1nul meg, amikor az \u00f6nt\u00f6z\u0151v\u00edz a f\u00f6ldalatti \u00fcregekbe \u00f6mlik. A terepet hatalmas t\u00e9r j\u00e1rja \u00e1t, amelyet a strat\u00e9giai tengely szak\u00edt meg, amely Zaragoz\u00e1t Madriddal, Barcelon\u00e1val, Valenci\u00e1val, Bilba\u00f3val, valamint a Pireneusok v\u00edzv\u00e1laszt\u00f3j\u00e1n \u00e1t Bordeaux-val \u00e9s Toulouse-szal k\u00f6ti \u00f6ssze. Ez a f\u00f6ldrajzi t\u00e1maszpont \u2013 a nagy eur\u00f3pai v\u00e1rosok durva hatsz\u00f6glet\u0171 alakja \u2013 az, amely r\u00e9g\u00f3ta kereskedelmi vitalit\u00e1ssal \u00e9s kultur\u00e1lis \u00e1tj\u00e1rhat\u00f3s\u00e1ggal ruh\u00e1zza fel Zaragoz\u00e1t.<\/p>\n<p>Az Aljafer\u00eda-palota k\u00f6z\u00e9pkori iszl\u00e1m er\u0151d\u00edtm\u00e9nye, melyet a Hudid-dinasztia idej\u00e9n a XI. sz\u00e1zadban \u00e9p\u00edtettek, m\u00e1ig \u0151rzi bonyolult stukk\u00f3munk\u00e1i \u00e9s aranyozott mennyezetei bels\u0151 d\u00edsz\u00edt\u00e9s\u00e9t, melyek el\u0151j\u00e1t\u00e9kai az UNESCO \u00e1ltal a La Seo \u00e9s m\u00e1s \u00e9p\u00edtm\u00e9nyek mellett elismert mud\u00e9jar st\u00edlusnak. Napjainkban az egykori m\u00f3r palota ad otthont az arag\u00f3niai parlamentnek, hidat k\u00e9pezve a t\u00e1voli m\u00falt \u00e9s a jelenlegi korm\u00e1nyz\u00e1s k\u00f6z\u00f6tt. N\u00e9h\u00e1ny h\u00e1zt\u00f6mbnyire a v\u00e1rosh\u00e1za karcs\u00fa \u00edvei \u00e9s a Lonja \u2013 egykor a k\u00f6z\u00e9pkori p\u00e9nzv\u00e1lt\u00f3 sz\u00e9khelye \u2013 k\u0151gal\u00e9ri\u00e1i alkotj\u00e1k az Ebro fel\u00e9 \u00edvel\u0151 polg\u00e1ri tengelyt. A r\u00e9gi negyedben nemcsak a k\u00e9t katedr\u00e1lissal tal\u00e1lkozhatunk, hanem egy tucatnyi, elt\u00e9r\u0151 eredet\u0171 templommal is: a San Pablo, a Santa Mar\u00eda Magdalena \u00e9s a San Gil Abad, melyek tornyai val\u00f3ban megmaradt minaretek lehetnek; a San Miguel \u00e9s a Santiago, melyeket barokk r\u00e9szletek \u00e9s a XVII. sz\u00e1zadb\u00f3l sz\u00e1rmaz\u00f3 mud\u00e9jar mennyezetek d\u00edsz\u00edtenek; valamint a Santa Engracia, maga a bazilika, melynek neve a v\u00e9rtan\u00fas\u00e1got \u00e9s a szents\u00e9get egyar\u00e1nt felid\u00e9zi. Ezek az eml\u00e9km\u0171vek egy\u00fcttesen tan\u00faskodnak a kereszt\u00e9ny \u00e9s muszlim k\u00e9zm\u0171vesek k\u00f6z\u00f6tti sz\u00fcntelen p\u00e1rbesz\u00e9dr\u0151l, a t\u00e9gla, a cser\u00e9p \u00e9s a fa szint\u00e9zis\u00e9r\u0151l, amely t\u00fall\u00e9p a puszta st\u00edluson, \u00e9s meghat\u00e1rozza a r\u00e9gi\u00f3 \u00e9p\u00edt\u00e9szeti kulissz\u00e1j\u00e1t.<\/p>\n<p>Zaragoza a f\u00f6ldbirtokos nemesek \u00e1ltal a tizenhatodik sz\u00e1zadban \u00e9p\u00edtett palotaszer\u0171 lak\u00f3helyek sokas\u00e1g\u00e1t \u0151rzi: Morata \u00e9s Luna gr\u00f3fok palot\u00e1i, a d\u00e9k\u00e1ni rezidencia \u00e9s a Real Maestranza, amelyek mindegyike a k\u0151farag\u00e1s \u00e9s a szobr\u00e1szati \u200b\u200br\u00e9szletek gy\u00f6ngyszeme; Torrero \u00e9s Don Lope h\u00e1zai, ut\u00f3bbi ma polg\u00e1ri funkci\u00f3kat t\u00f6lt be; valamint S\u00e1stago \u00e9s Argillo gr\u00f3fok palotaszer\u0171 otthonai, ut\u00f3bbi az arag\u00f3niai szobr\u00e1sz m\u0171veinek szentelt Pablo Gargallo M\u00fazeumm\u00e1 alakult \u00e1t. A v\u00e1ros m\u00fazeumai messze t\u00falmutatnak ezeken a kor\u00e1bbi mag\u00e1nszalonokon: a v\u00e1rosi Zaragoza M\u00fazeum, amely ingyenesen l\u00e1togathat\u00f3, \u00e9s amelyet mind a r\u00f3mai kori mozaikjai\u00e9rt, mind a Goya-festm\u00e9nyek gy\u0171jtem\u00e9ny\u00e9\u00e9rt dics\u00e9rnek; a Cam\u00f3n Aznar \u00e9p\u00fclet\u00e9ben tal\u00e1lhat\u00f3 Museo Goya\u2013Colecci\u00f3n Ibercaja, amely \u00e1lland\u00f3 \u00e9s forg\u00f3 ki\u00e1ll\u00edt\u00e1sokat is bemutat; valamint az Origami Oktat\u00e1si M\u00fazeum a Centro de Historias-ban \u2013 a k\u00e9zm\u0171vess\u00e9g univerz\u00e1lis geometri\u00e1j\u00e1nak k\u00fcl\u00f6n\u00f6s bizony\u00edt\u00e9ka.<\/p>\n<p>2008 nyar\u00e1n Zaragoza a v\u00edz \u00e9s a fenntarthat\u00f3 fejl\u0151d\u00e9s t\u00e9m\u00e1j\u00fa vil\u00e1gki\u00e1ll\u00edt\u00e1s nemzetk\u00f6zi f\u00f3rum\u00e1v\u00e1 alak\u00edtotta \u00e1t mag\u00e1t. Az Expo 2008 \u00faj ter\u00fcleteket avatott fel a foly\u00f3 ment\u00e9n, k\u00f6zt\u00fck a V\u00edztorony \u2013 Torre del Agua \u2013 \u00e9s a Harmadik \u00c9vezred H\u00eddj\u00e1nak kanyarg\u00f3s vonalait. Ez ut\u00f3bbi, egy p\u00e9ld\u00e1tlan feszt\u00e1vols\u00e1g\u00fa, betonb\u00f3l k\u00e9sz\u00fclt, \u00f6sszek\u00f6t\u0151 \u00edves \u00e9p\u00edtm\u00e9ny, hat forgalmi s\u00e1vot, k\u00e9t ker\u00e9kp\u00e1rutat \u00e9s k\u00e9t \u00fcveggel z\u00e1rt gyalogosj\u00e1rd\u00e1t hoz l\u00e9tre az Ebro foly\u00f3n, megtestes\u00edtve mind a haszonelv\u0171 amb\u00edci\u00f3t, mind a szobr\u00e1szati \u200b\u200bkecsess\u00e9get. Az expo ter\u00fclete ma egy modern enkl\u00e1v\u00e9t alkot, ahol a l\u00e1togat\u00f3k olyan h\u00edress\u00e9gek \u00e1ltal tervezett pavilonok k\u00f6z\u00f6tt barangolhatnak, mint Zaha Hadid. Az egyetlen l\u00e9tes\u00edtm\u00e9ny, amely m\u00e9g nyitva van, a Folyami Akv\u00e1rium, amely \u00e9desv\u00edzi fajokat \u0151riz egy sor tart\u00e1lyban, amelyek az Ebro v\u00e1ltozatos \u00f6kosziszt\u00e9m\u00e1it szimul\u00e1lj\u00e1k.<\/p>\n<p>Zaragoz\u00e1n bel\u00fcl a k\u00f6zleked\u00e9st integr\u00e1lt \u00fath\u00e1l\u00f3zat, villamosok, buszok, ker\u00e9kp\u00e1rok \u00e9s vonatok szervezik. Az aut\u00f3p\u00e1ly\u00e1k a v\u00e1rosb\u00f3l Spanyolorsz\u00e1g f\u0151 metropoliszai \u2013 Madrid, Barcelona, \u200b\u200bValencia \u00e9s Bilbao \u2013 fel\u00e9 h\u00faz\u00f3dnak, amelyek mindegyike mintegy h\u00e1romsz\u00e1z kilom\u00e9terre fekszik. A v\u00e1rosi h\u00e1l\u00f3zaton bel\u00fcl a Zaragoza V\u00e1rosi Buszok harmincegy rendszeres \u00fatvonalon \u2013 k\u00f6zt\u00fck k\u00e9t k\u00f6rj\u00e1raton \u2013, k\u00e9t menetrend szerinti folyos\u00f3n, hat shuttle buszj\u00e1raton (amelyek k\u00f6z\u00fcl az egyik ingyenes) \u00e9s h\u00e9t \u00e9jszakai j\u00e1raton k\u00f6zlekednek h\u00e9tv\u00e9g\u00e9n \u00e9s \u00fcnnepnapokon. A Zaragoza Ter\u00fcleti K\u00f6zleked\u00e9si Konzorcium \u00e1ltal \u00fczemeltetett tov\u00e1bbi helyk\u00f6zi vonalak h\u00e1l\u00f3zata tizenh\u00e9t rendszeres \u00fatvonalon kereszt\u00fcl kiterjeszti a v\u00e1ros el\u00e9rhet\u0151s\u00e9g\u00e9t a szomsz\u00e9dos v\u00e1rosokra \u00e9s falvakra. A zaragozai villamos, amelynek els\u0151 vonala Valdesparter\u00e1t k\u00f6ti \u00f6ssze a Parque Goy\u00e1val, villamos\u00edtott csendben szeli \u00e1t a v\u00e1ros \u00fatjait, m\u00edg a nyilv\u00e1nos ker\u00e9kp\u00e1rutak \u00e9s a v\u00e1ros bici zaragoza programja a ped\u00e1los k\u00f6zleked\u00e9st \u00f6szt\u00f6nzi.<\/p>\n<p>A vas\u00fati kapcsolatok n\u00f6velt\u00e9k Zaragoza strat\u00e9giai jelent\u0151s\u00e9g\u00e9t: a Renfe AVE nagysebess\u00e9g\u0171 vonatai k\u00f6r\u00fclbel\u00fcl hetven\u00f6t perc alatt Madridba, \u00e9s mintegy kilencven perc alatt Barcelon\u00e1ba k\u00f6tik \u00f6ssze a v\u00e1rost, m\u00edg a Cercan\u00edas ing\u00e1z\u00f3h\u00e1l\u00f3zat a Renfe \u00e9gisze alatt \u00f6sszek\u00f6ti az el\u0151v\u00e1rosi \u00e1llom\u00e1sokat. A Zaragoza\u2013Delicias \u00e1llom\u00e1s mind a vas\u00fati, mind a buszforgalmat kiszolg\u00e1lja, \u00e9p\u00edt\u00e9szete modernista ellenpontja az \u00f3v\u00e1ros k\u0151homlokzatainak. T\u00edz kilom\u00e9terre nyugatra, a Garrapinillos negyedben tal\u00e1lhat\u00f3 a Zaragoza rep\u00fcl\u0151t\u00e9r. \u00c1rusz\u00e1ll\u00edt\u00e1si m\u0171veletei 2012-ben meghaladt\u00e1k a Barcelona\u2013El Prat\u00e9t, ezzel Spanyolorsz\u00e1g f\u0151 l\u00e9gi \u00e1rufuvaroz\u00e1si k\u00f6zpontj\u00e1v\u00e1 v\u00e1lt; a spanyol l\u00e9gier\u0151 15. csoportj\u00e1t is fogadja, \u00e9s t\u00f6rt\u00e9nelmileg a NASA \u0171rsikl\u00f3j\u00e1nak v\u00e9szlesz\u00e1ll\u00f3helyek\u00e9nt szolg\u00e1lt transz\u00f3ce\u00e1ni megszak\u00edtott lesz\u00e1ll\u00e1s eset\u00e9n.<\/p>\n<p>Zaragoz\u00e1ban a mindennapi \u00e9let ezen infrastrukt\u00fara r\u00e9tegei mellett zajlik. Az ing\u00e1z\u00f3k \u00e1tlagosan negyvennyolc percet t\u00f6ltenek h\u00e9tk\u00f6znaponk\u00e9nt a t\u00f6megk\u00f6zleked\u00e9si eszk\u00f6z\u00f6k\u00f6n; kilenc sz\u00e1zal\u00e9kuk k\u00e9t \u00f3r\u00e1n\u00e1l hosszabb utaz\u00e1st v\u00e1llal, m\u00edg a meg\u00e1ll\u00f3kban a tipikus v\u00e1rakoz\u00e1s tizenegy perc, \u00e9s az utasok tizenk\u00e9t sz\u00e1zal\u00e9ka v\u00e1r h\u00faszn\u00e1l is t\u00f6bbet. Egyetlen utaz\u00e1s \u00e1tlagosan 4,2 kilom\u00e9tert tesz meg, b\u00e1r az utasok \u00f6t sz\u00e1zal\u00e9ka t\u00f6bb mint 12 kilom\u00e9tert tesz meg egy ir\u00e1nyban. Ezek a sz\u00e1mok mind a v\u00e1ros t\u00e9rbeli kiterjed\u00e9s\u00e9t, mind a munka \u00e9s a szabadid\u0151 ritmus\u00e1t hangs\u00falyozz\u00e1k, amely lak\u00f3it a munkahelyekhez, iskol\u00e1khoz \u00e9s kultur\u00e1lis helysz\u00ednekhez k\u00f6ti.<\/p>\n<p>Maga a szabadid\u0151 sz\u00e1mos form\u00e1t \u00f6lthet itt. Az \u00e9szaki v\u00e1rosr\u00e9szben tal\u00e1lhat\u00f3 a Parque Grande Jos\u00e9 Antonio Labordeta, amely hekt\u00e1rnyi szobr\u00e1szati \u200b\u200bgyepter\u00fcleten, monument\u00e1lis l\u00e9pcs\u0151k\u00f6n \u00e9s botanikus kerteken ter\u00fcl el. Az eredetileg Primo de Rivera dikt\u00e1torr\u00f3l keresztelt parkot 2008-ban avatt\u00e1k \u00fajra Jos\u00e9 Antonio Labordeta, az arag\u00f3niai \u00e9nekes-dalszerz\u0151 \u00e9s politikai szem\u00e9lyis\u00e9g tisztelet\u00e9re, akinek dallamai \u00e9letre keltett\u00e9k a demokratikus Spanyolorsz\u00e1got. A park nyugati hat\u00e1r\u00e1hoz k\u00f6zel a Puerta del Carmen Zaragoza egykori er\u0151d\u00edtm\u00e9nyeinek tucatnyi fennmaradt bej\u00e1rat\u00e1nak egyike; b\u00e1r 1789-ben neoklasszicista st\u00edlusban \u00fajj\u00e1\u00e9p\u00edtett\u00e9k, megrong\u00e1l\u00f3dott k\u00fclseje \u2013 amelyet az ostrom nyomai, majd \u00fajabban egy 1997-es buszbaleset is megjel\u00f6lt \u2013 meg\u0151rizte a harcias b\u00e1nat hiteles aur\u00e1j\u00e1t. Lejjebb a Puente de Piedra, amelyet el\u0151sz\u00f6r a tizen\u00f6t\u00f6dik sz\u00e1zadban emeltek, majd \u00e1rvizek ut\u00e1n t\u00f6bbsz\u00f6r is \u00fajj\u00e1\u00e9p\u00edtettek, ma f\u0151k\u00e9nt gyalogosforgalmat bonyol\u00edt le, \u00e9s mindk\u00e9t v\u00e9g\u00e9n szobrokkal d\u00edsz\u00edtett oroszl\u00e1nok \u00e1llnak, amelyek a v\u00e1ros heraldikai c\u00edmer\u00e9t szimboliz\u00e1lj\u00e1k.<\/p>\n<p>Azok sz\u00e1m\u00e1ra, akik a forr\u00f3 ny\u00e1rban pihen\u00e9sre v\u00e1gynak, Zaragoza a v\u00e1rosi \u00f6nkorm\u00e1nyzat \u00e1ltal fenntartott nyilv\u00e1nos uszod\u00e1kat k\u00edn\u00e1l olyan helysz\u00edneken, mint a Centro Deportivo Municipal Actur, a hatalmas medenc\u00e9ivel \u00e9s f\u00fcves ter\u00fcleteivel; a Parque Primo de Rivera parkban tal\u00e1lhat\u00f3 Salduba k\u00f6zpont, amely egy olimpiai hossz\u00fas\u00e1g\u00fa medenc\u00e9vel rendelkezik; \u00e9s a Palacio Municipal de Deportes, ahol \u00e1rny\u00e9kot ad\u00f3 f\u00e1k vesznek k\u00f6r\u00fcl a kisebb medenc\u00e9ket. M\u00e9g a futballnak is megvan a maga sz\u00edntere a La Romareda, a Real Zaragoza \u2013 amely a Segunda Divisi\u00f3nban j\u00e1tszik \u2013 hazai stadionja, amelynek szintjei harminch\u00e1romezer n\u00e9z\u0151t fogadnak k\u00e9t kilom\u00e9terre d\u00e9lnyugatra a k\u00f6zponti t\u00e9rt\u0151l.<\/p>\n<p>A kulin\u00e1ris \u00e9s n\u00e9pi hagyom\u00e1nyok tov\u00e1bbra is l\u00e9tfontoss\u00e1g\u00faak. A Fiestas del Pilar, amelyet minden okt\u00f3berben Sz\u0171z M\u00e1ria Szent Jakabnak jelentett \u00e1ll\u00edt\u00f3lagos megjelen\u00e9s\u00e9nek tisztelet\u00e9re tartanak, t\u00f6megeket vonz a foly\u00f3partokra, ahol a zene, a t\u00e1nc \u00e9s a k\u00f6z\u00f6s lakoma a Plaza del Pilart a kollekt\u00edv identit\u00e1s k\u00f6zpontj\u00e1v\u00e1 alak\u00edtja. A Fuente de la Hispanidad n\u00e9ven ismert sz\u00f6k\u0151k\u00fat \u2013 egy allegorikus szobor, amely Kolumbusz \u00fatj\u00e1t \u00f6r\u00f6k\u00edti meg \u2013 mellett tal\u00e1lhat\u00f3 a turisztikai iroda, amely maga is egy kapu a helyi gasztron\u00f3mia, sz\u00ednh\u00e1zi el\u0151ad\u00e1sok \u00e9s az \u00f3v\u00e1ros labirintusszer\u0171 sik\u00e1torainak v\u00e1logatott betekint\u00e9seihez.<\/p>\n<p>A v\u00e1s\u00e1rl\u00e1s is k\u00f6zponti helyet foglal el a v\u00e1rosi \u00e9letben. A gyalogos Calle Alfonso I \u00e9s k\u00f6rny\u00e9ke \u2013 a Sagasta-i Residencial Para\u00eds\u00f3t\u00f3l a Plaza de Espa\u00f1\u00e1ig \u2013 sz\u00e1mos butiknak ad otthont, a Francisco de Vitoria-i haute couture \u00fczletekt\u0151l a Jaime I-i k\u00e9zm\u0171ves boltokon \u00e1t a San Bruno k\u00f6rny\u00e9ki r\u00e9gis\u00e9gkeresked\u0151kig. Vas\u00e1rnap reggelente a Plaza de San Brun\u00f3n megrendezett bolhapiacon haszn\u00e1lt kuri\u00f3zumok \u00e9s n\u00e9pi t\u00e1rgyak kaphat\u00f3k, amelyek a v\u00e1ros kereskedelmi \u00f6r\u00f6ks\u00e9g\u00e9t t\u00fckr\u00f6zik.<\/p>\n<p>Az ig\u00e9nyes l\u00e1togat\u00f3k sz\u00e1m\u00e1ra a Zaragoza Card bel\u00e9p\u0151jegyeket biztos\u00edt a f\u0151bb m\u0171eml\u00e9kekhez \u00e9s m\u00fazeumokhoz, korl\u00e1tlanul haszn\u00e1lhatj\u00e1k a turistabuszokat, el\u0151re fizetett t\u00f6megk\u00f6zleked\u00e9si utaz\u00e1sokat, vezetett t\u00far\u00e1kat, s\u0151t, egyes int\u00e9zm\u00e9nyekben ingyenes italokat \u00e9s tapasokat is fogyaszthatnak. 24 \u00e9s 48 \u00f3r\u00e1s form\u00e1tumban is el\u00e9rhet\u0151, \u00e9s \u00fatlev\u00e9lk\u00e9nt \u00e9s f\u0151k\u00f6nyvk\u00e9nt is funkcion\u00e1l, z\u00f6kken\u0151mentes hozz\u00e1f\u00e9r\u00e9st biztos\u00edtva a v\u00e1ros sokr\u00e9t\u0171 k\u00edn\u00e1lat\u00e1hoz an\u00e9lk\u00fcl, hogy az \u00e1rucikkk\u00e9 v\u00e1lna.<\/p>\n<p>\u00cdgy emelkedik ki Zaragoza kidomborodva: egy egyszerre monument\u00e1lis \u00e9s bens\u0151s\u00e9ges v\u00e1ros, ahol a r\u00f3mai oszlopok p\u00e1rbesz\u00e9dben \u00e1llnak a k\u00f6z\u00e9pkori bolt\u00edvekkel, ahol a barokk templomok szecesszi\u00f3s homlokzatokra n\u00e9znek, \u00e9s ahol az \u00e9ghajlat szesz\u00e9lyei \u2013 perzsel\u0151 nyarak, sz\u00e9lf\u00fatta telek \u2013 nyomot hagynak a mindennapi ritu\u00e1l\u00e9kban. Ez egy olyan f\u0151v\u00e1ros, amely m\u00e9rete ellen\u00e9re a t\u00f6megturizmus l\u00e1t\u00f3k\u00f6r\u00e9n k\u00edv\u00fcl marad, egy olyan hely, amelynek alacsonyabb sz\u00e1ll\u00e1sk\u00f6lts\u00e9gei megjutalmazz\u00e1k a figyelmes utaz\u00f3t. Ak\u00e1r Madrid \u00e9s Barcelona k\u00f6z\u00f6tti k\u00e9nyelmes \u00e1tsz\u00e1ll\u00f3helynek tekintik, ak\u00e1r \u00f6n\u00e1ll\u00f3 \u00fati c\u00e9lk\u00e9nt tekintenek r\u00e1, Zaragoza \u00e9lm\u00e9nyek \u2013 \u00e9p\u00edt\u00e9szeti, gasztron\u00f3miai, el\u0151ad\u00f3i \u00e9s fest\u0151i \u2013 folytonoss\u00e1g\u00e1t k\u00edn\u00e1lja, amelyek Spanyolorsz\u00e1g m\u00e9ly belsej\u00e9nek portr\u00e9j\u00e1v\u00e1 \u00e1llnak \u00f6ssze, egy olyan bels\u0151 t\u00e9rr\u00e9, amelyet foly\u00f3k, birodalmak \u00e9s az emberi t\u00f6rekv\u00e9s hat\u00e1rozott l\u00fcktet\u00e9se form\u00e1l.<\/p>","protected":false},"excerpt":{"rendered":"<p>Zaragoza, Spanyolorsz\u00e1g Aragon tartom\u00e1ny\u00e1nak dinamikus f\u0151v\u00e1rosa, Ib\u00e9ria gazdag t\u00f6rt\u00e9nelm\u00e9t \u00e9s kult\u00far\u00e1j\u00e1t p\u00e9ld\u00e1zza. Az Ebro-v\u00f6lgy k\u00f6zep\u00e9n megb\u00fav\u00f3 csod\u00e1latos v\u00e1ros Spanyolorsz\u00e1g negyedik vagy \u00f6t\u00f6dik legn\u00e9pesebb telep\u00fcl\u00e9se 675 301 lakos\u00e1val 2021. janu\u00e1r 1-j\u00e9n. 973,78 n\u00e9gyzetkilom\u00e9ternyi v\u00e1ltozatos domborzattal, bele\u00e9rtve az Ebro, a Huerva \u00e9s a G\u00e1llego foly\u00f3k tal\u00e1lkoz\u00e1s\u00e1t, Zaragoza 208 m\u00e9teres tengerszint feletti magass\u00e1gban fekszik.<\/p>","protected":false},"author":1,"featured_media":4200,"parent":13090,"menu_order":0,"comment_status":"closed","ping_status":"closed","template":"elementor_theme","meta":{"_eb_attr":"","footnotes":""},"class_list":["post-13232","page","type-page","status-publish","has-post-thumbnail"],"_links":{"self":[{"href":"https:\/\/travelshelper.com\/hu\/wp-json\/wp\/v2\/pages\/13232","targetHints":{"allow":["GET"]}}],"collection":[{"href":"https:\/\/travelshelper.com\/hu\/wp-json\/wp\/v2\/pages"}],"about":[{"href":"https:\/\/travelshelper.com\/hu\/wp-json\/wp\/v2\/types\/page"}],"author":[{"embeddable":true,"href":"https:\/\/travelshelper.com\/hu\/wp-json\/wp\/v2\/users\/1"}],"replies":[{"embeddable":true,"href":"https:\/\/travelshelper.com\/hu\/wp-json\/wp\/v2\/comments?post=13232"}],"version-history":[{"count":0,"href":"https:\/\/travelshelper.com\/hu\/wp-json\/wp\/v2\/pages\/13232\/revisions"}],"up":[{"embeddable":true,"href":"https:\/\/travelshelper.com\/hu\/wp-json\/wp\/v2\/pages\/13090"}],"wp:featuredmedia":[{"embeddable":true,"href":"https:\/\/travelshelper.com\/hu\/wp-json\/wp\/v2\/media\/4200"}],"wp:attachment":[{"href":"https:\/\/travelshelper.com\/hu\/wp-json\/wp\/v2\/media?parent=13232"}],"curies":[{"name":"wp","href":"https:\/\/api.w.org\/{rel}","templated":true}]}}