{"id":13186,"date":"2024-09-17T14:12:55","date_gmt":"2024-09-17T14:12:55","guid":{"rendered":"https:\/\/travelshelper.com\/staging\/?page_id=13186"},"modified":"2026-03-12T23:41:48","modified_gmt":"2026-03-12T23:41:48","slug":"sevilla","status":"publish","type":"page","link":"https:\/\/travelshelper.com\/hu\/destinations\/europe\/spain\/seville\/","title":{"rendered":"Sevilla"},"content":{"rendered":"<p>Sevilla, Andal\u00fazia fens\u00e9ges f\u0151v\u00e1rosa, a Guadalquivir foly\u00f3 als\u00f3 foly\u00e1s\u00e1n\u00e1l, 141 n\u00e9gyzetkilom\u00e9ternyi term\u00e9keny v\u00f6lgy\u00e9ben mintegy 701 000 lakos \u00e9l, \u00e9s 1,5 milli\u00f3 lakos\u00fa nagyv\u00e1rosi ter\u00fcletet foglal mag\u00e1ban, mag\u00e1ra vonja a figyelmet. L\u00e1tk\u00e9pe \u2013 amelyet a magasba ny\u00fal\u00f3 Giralda ural, amely egykor Almohad minaretk\u00e9nt szolg\u00e1lt, \u00e9s amelyet ma a Giraldillo sz\u00e9lkakas koron\u00e1z \u2013 a r\u00f3mai, iszl\u00e1m \u00e9s kaszt\u00edliai uralom r\u00e9tegeir\u0151l \u00e1rulkodik; m\u00e9gis ez a v\u00e1ros, amelynek \u00f3v\u00e1rosa n\u00e9gy n\u00e9gyzetkilom\u00e9teren ter\u00fcl el, \u00e9s az UNESCO \u00e1ltal v\u00e9dett Alc\u00e1zar, a Szent M\u00e1ria-sz\u00e9kesegyh\u00e1z \u00e9s az Indiai \u00c1ltal\u00e1nos Lev\u00e9lt\u00e1r tri\u00e1sz\u00e1t \u0151rzi, t\u00fall\u00e9p a puszta monumentalit\u00e1son, \u00e9s a mediterr\u00e1n \u00e9s az atlanti \u00e1ramlatok \u00e9l\u0151 palimpszesztjek\u00e9nt bontakozik ki. Az Atlanti-\u00f3ce\u00e1nt\u00f3l nyolcvan kilom\u00e9terre a sz\u00e1razf\u00f6ld belsej\u00e9ben fekv\u0151 Sevilla tov\u00e1bbra is Spanyolorsz\u00e1g egyetlen folyami kik\u00f6t\u0151je, bizony\u00edtva t\u00f6rt\u00e9nelmi szerep\u00e9t, mint tengeri kapu, amelynek emp\u00f3ri\u00e1i egykor az \u00fajvil\u00e1gi kincsekkel megrakott g\u00e1ly\u00e1kat vonzott\u00e1k.<\/p>\n<p>Sevilla kezdetekt\u0151l, mint r\u00f3mai Hispalis, eg\u00e9szen a kora \u00fajkori Casa de Contrataci\u00f3n alatti \u00fajj\u00e1\u00e9led\u00e9s\u00e9ig vir\u00e1gzott, mint a tizenhatodik sz\u00e1zadi Eur\u00f3pa egyik legnagyszer\u0171bb v\u00e1rosi k\u00f6zpontja; a Guadalquivir foly\u00f3ban s\u00fajtott asz\u00e1ly k\u00e9s\u0151bb a transzatlanti sz\u00e1ll\u00edtm\u00e1nyokat a C\u00e1dizi-\u00f6b\u00f6lbe terelte, a v\u00e1ros tekint\u00e9lye m\u00e9gis megmaradt, amit az Alc\u00e1zar mud\u00e9jar udvarainak arisztokratikus pomp\u00e1ja \u00e9s a sz\u00e9kesegyh\u00e1z 1401-ben \u00e9p\u00fclt hatalmas g\u00f3tikus haj\u00f3ja is kiemelt. A huszadik sz\u00e1zadban \u2013 amelyet a spanyol polg\u00e1rh\u00e1bor\u00fa megpr\u00f3b\u00e1ltat\u00e1sai, az 1929-es iberoamerikai ki\u00e1ll\u00edt\u00e1s pomp\u00e1ja \u00e9s az Expo &#039;92 \u00e1talak\u00edt\u00f3 optimizmusa alak\u00edtott \u2013 Sevilla meger\u0151s\u00edtette region\u00e1lis vezet\u0151 szerep\u00e9t, amelynek cs\u00facspontja az volt, hogy 1983-ban az Auton\u00f3m K\u00f6z\u00f6ss\u00e9g f\u0151v\u00e1ros\u00e1v\u00e1 nevezt\u00e9k ki.<\/p>\n<p>Sevill\u00e1t \u00e1tlagosan h\u00e9t m\u00e9ter tengerszint feletti magass\u00e1gban alacsonyan fekv\u0151 Guadalquivir foly\u00f3 szeli kett\u00e9, amely a t\u00f6rt\u00e9nelmi k\u00f6zpontot a keleti parton Trian\u00e1t\u00f3l, La Cartuj\u00e1t\u00f3l \u00e9s Los Remediost\u00f3l v\u00e1lasztja el nyugaton. Ezek a v\u00e1rosr\u00e9szek, a nyugati Aljaraf\u00e9val \u00e9s a perem\u00e9n fekv\u0151 La Rinconada, Alcal\u00e1 de Guada\u00edra \u00e9s Dos Hermanas telep\u00fcl\u00e9sekkel egy\u00fctt, egy olyan agglomer\u00e1ci\u00f3t alkotnak, amely \u00f6tv\u00f6zi a v\u00e1rosi dinamizmust a mez\u0151gazdas\u00e1gi h\u00e1torsz\u00e1gokkal. A v\u00e1ros sz\u00e9less\u00e9gi k\u00f6re a kaliforniai San Jos\u00e9val \u00e9s a szic\u00edliai Catani\u00e1val egy vonalban helyezkedik el, Ath\u00e9nt\u00f3l d\u00e9lre, a Sz\u00f6ul sz\u00e9less\u00e9gi k\u00f6r\u00e9nek k\u00f6zel\u00e9ben helyezkedik el, m\u00e9gis Sevilla sz\u00e1razf\u00f6ldi fekv\u00e9se hat\u00e1rozottan kontinent\u00e1lis jelleget k\u00f6lcs\u00f6n\u00f6z: a nyarak rendszeresen meghaladj\u00e1k a 35\u00b0C-ot, \u00e9s \u00e9vente t\u00f6bb mint hatvan napon 35\u00b0C feletti h\u0151m\u00e9rs\u00e9kletet produk\u00e1lnak, ami miatt a Guadalquivir-v\u00f6lgy a \u201eSpanyolorsz\u00e1g serpeny\u0151je\u201d nevet kapta.<\/p>\n<p>Az \u00e9ghajlati feljegyz\u00e9sek sz\u00e9ls\u0151s\u00e9geket tan\u00fas\u00edtanak az 1995. j\u00falius 23-i, a San Pablo rep\u00fcl\u0151t\u00e9ren m\u00e9rt 46,6\u00b0C-os cs\u00facst\u00f3l az 1956. febru\u00e1r 12-i -5,5\u00b0C-os m\u00e9lypontig, m\u00edg az 1881. augusztusi vitatott 50,0\u00b0C-os h\u0151m\u00e9rs\u00e9klet hangs\u00falyozza Sevilla st\u00e1tusz\u00e1t, mint a legmelegebb eur\u00f3pai nagyv\u00e1ros. Az \u00e9ves \u00e1tlagh\u0151m\u00e9rs\u00e9klet 19,6\u00b0C k\u00f6r\u00fcl mozog, a napi \u00e1tlagh\u0151m\u00e9rs\u00e9klet nappal 25,7\u00b0C, \u00e9jszaka pedig 13,3\u00b0C; az \u00f6tven napra elosztott csapad\u00e9kmennyis\u00e9g \u00f6sszesen 502 mm, ebb\u0151l decemberben mintegy nyolcvan millim\u00e9ter esik. Ez egy olyan \u00e9ghajlat, amely gyakorlatilag nem okoz havaz\u00e1st \u2013 mind\u00f6ssze t\u00edz eset t\u00f6rt\u00e9nt 1500 \u00f3ta, kett\u0151 az elm\u00falt \u00e9vsz\u00e1zadban \u2013, \u00e9s amely a telet enyhe pihen\u0151k\u00e9nt mutatja be a j\u00faliust\u00f3l augusztusig uralkod\u00f3 forr\u00f3 nyarak ut\u00e1n.<\/p>\n<p>Sevilla hangulatos kiterjed\u00e9s\u00e9ben a polg\u00e1ri \u00e9p\u00edt\u00e9szet az eml\u00e9kezet \u0151rz\u0151jek\u00e9nt \u00e9s a modern \u00e9let kataliz\u00e1torak\u00e9nt jelenik meg. A V\u00e1rosh\u00e1za platerszk homlokzatai, melyeket Diego de Ria\u00f1o tervezett 1527 \u00e9s 1534 k\u00f6z\u00f6tt, majd Demetrio de los R\u00edos gondolt \u00fajra neoklasszicista form\u00e1ban 1867-ben, a kir\u00e1lyi b\u00f6rt\u00f6n mellett \u00e1llnak, melynek cell\u00e1i egykor Cervantest fogva tartott\u00e1k. Az Archivo General de Indias, melyet Herrera tervei alapj\u00e1n 1572-ben emeltek \u00e9s 1646-ban fejeztek be, a birodalom lev\u00e9lt\u00e1ri \u00f6r\u00f6ks\u00e9g\u00e9t \u0151rzi, m\u00edg a Palacio de San Telmo barokk pomp\u00e1j\u00e1t volut\u00e1k \u00e9s pilaszterek testes\u00edtik meg, megv\u00e9dve Andal\u00fazia k\u00f6zigazgat\u00e1s\u00e1t a Leonaro de Figueroa \u00e1ltal tervezett portikuszon bel\u00fcl. A Real F\u00e1brica de Tabacos, amely egykor a vil\u00e1g legnagyobb ipari \u00e9p\u00edtm\u00e9nye volt, \u00e9s a Real Maestranza bikaviadal-ar\u00e9n\u00e1ja \u2013 amelyet 1761-ben kezdtek \u00e9p\u00edteni, \u00e9s 14 000 n\u00e9z\u0151 befogad\u00e1s\u00e1ra volt alkalmas \u2013 Sevilla kett\u0151s identit\u00e1s\u00e1t, a munk\u00e1t \u00e9s a szabadid\u0151t id\u00e9zi fel.<\/p>\n<p>A hazai mened\u00e9khelyek k\u00f6z\u00fcl az Alc\u00e1zar Sal\u00f3n de Embajadores \u00e9s Patio de las Doncellas csarnokai a naszrid k\u00e9zm\u0171vess\u00e9g \u00e9s a kaszt\u00edliai mecenat\u00fara tal\u00e1lkoz\u00e1s\u00e1t mutatj\u00e1k, m\u00edg a Casa de Pilatos izabellai kapuja egy 1520-as zar\u00e1ndoklatra eml\u00e9keztet, amely a jeruzs\u00e1lemi Via Crucisra eml\u00e9keztet\u0151 nevez\u00e9ktannal ruh\u00e1zott fel. A Casco Antigu\u00f3ban olyan k\u00fari\u00e1k, mint Lebrija gr\u00f3fn\u0151 palot\u00e1ja \u00e9s a Cruz del Campo \u0151si v\u00edzt\u00e1roz\u00f3ja egyes\u00fclnek, \u00e9s er\u0151d\u00edtett maradv\u00e1nyok \u2013 nevezetesen az Almohad Torre del Oro \u00e9s az Abd ar-Rahm\u00e1n II. alatt \u00e9p\u00fclt \u00e9s az Almohadok \u00e1ltal kib\u0151v\u00edtett falak maradv\u00e1nyai \u2013 k\u00f6vetik nyomon a v\u00e1ros hadif\u00f6ldrajz\u00e1t.<\/p>\n<p>A k\u00f6v\u00f6n \u00e9s ac\u00e9lon t\u00fal Sevilla z\u00f6ldell\u00e9se a Mar\u00eda Luisa parkban (Parque de Mar\u00eda Luisa) fejez\u0151dik ki, An\u00edbal Gonz\u00e1lez 1929-es ki\u00e1ll\u00edt\u00e1s\u00e1nak helysz\u00edn\u00e9n, melynek Plaza de Espa\u00f1a f\u00e9lk\u00f6r\u00edvben \u00edvel, melyet a provinci\u00e1kat magasztal\u00f3 csemp\u00e9k tagolnak. A szomsz\u00e9dos Plaza de Am\u00e9rica \u00e9s h\u00e1rom pavilonja \u2013 a g\u00f3tikus Kir\u00e1lyi Pavilon, a neomud\u00e9jar Pavilon \u00e9s a renesz\u00e1nsz Bellas Artes Pavilon \u2013 el\u0151kel\u0151 hangulatot teremt egy olyan metropoliszban, amely a huszonegyedik sz\u00e1zadi Spanyolorsz\u00e1g l\u00fcktet\u00e9s\u00e9vel teli.<\/p>\n<p>Sevilla gazdas\u00e1gi \u00e9ltet\u0151ereje abb\u00f3l fakad, hogy Andal\u00fazia f\u0151 GDP-hozz\u00e1j\u00e1rul\u00f3ja, a region\u00e1lis GDP negyede, amelynek hat\u00e1sa kiterjed a Camas \u00e9s Tomares t\u00fali agr\u00e1rk\u00f6rzetekre \u00e9s az ipari parkokra is, amelyek g\u00e9pes\u00edtett v\u00e1llalkoz\u00e1ssal m\u00e9rs\u00e9klik a v\u00e1ros oszm\u00e1n meleg\u00e9t. A Diputaci\u00f3n de Sevilla a 19. sz\u00e1zadi lovass\u00e1gi laktany\u00e1b\u00f3l ir\u00e1ny\u00edtja a szolg\u00e1ltat\u00e1sokat, biztos\u00edtva, hogy a t\u00e1voli falvak tov\u00e1bbra is a f\u0151v\u00e1ros hat\u00f3k\u00f6r\u00e9be csatlakozzanak.<\/p>\n<p>A mindennapi \u00e9letben a tapasok bar\u00e1ts\u00e1gos szok\u00e1sa sz\u00fcntelen vend\u00e9gszeretettel t\u00f6lti meg Sevilla labirintusszer\u0171 callejones-ait \u00e9s tereit: a vend\u00e9gek jam\u00f3n ib\u00e9ric\u00f3t, garbanzo alap\u00fa espinacas con garbanzos-t \u00e9s ortiguill\u00e1kat k\u00f3stolnak h\u0171t\u00f6tt gazpach\u00f3val egy\u00fctt; pesti\u00f1\u00f3k \u00e9s torrij\u00e1k mellett id\u0151znek a keser\u0171narancsf\u00e1k \u00e1rny\u00e9k\u00e1ban, melyek citrusos illata \u2013 amelyet a tizedik sz\u00e1zadi andal\u00faz k\u00e9zm\u0171vesek hoztak be \u2013 \u00e1thatja a leveg\u0151t; meg\u00e1llnak Sevici dokkjain\u00e1l, hogy sz\u00e1mba vegy\u00e9k \u00fatjukat a v\u00e1ros z\u00f6ld utc\u00e1in.<\/p>\n<p>A TUSSAM \u00e9gisze al\u00e1 tartozik a buszk\u00f6zleked\u00e9s, amely \u00f6sszek\u00f6ti a Serra utc\u00e1t San Bernard\u00f3val, \u00e9s a Consorcio \u00fatvonalait Dos Hermanasig sz\u00f6vi \u00e1t. A metr\u00f3 1-es vonala, amelyet a 2024-es 22 milli\u00f3s utassz\u00e1m el\u0151tt avattak fel, hamarosan \u00e1tveszi a 3-as vonal meghosszabb\u00edt\u00e1s\u00e1t, m\u00edg a 2-es \u00e9s 4-es vonal tervez\u00e9si f\u00e1zisban van. A felsz\u00edni mobilit\u00e1s a MetroCentro villamosban, a megemelt s\u00e1vokon suhan\u00f3 Sevici ker\u00e9kp\u00e1rokban \u00e9s a Santa Just\u00e1ba ing\u00e1z\u00f3kat sz\u00e1ll\u00edt\u00f3 Cercan\u00edas vonatokban nyilv\u00e1nul meg, ahonnan a nagysebess\u00e9g\u0171 AVE vonatok Madridba, Valenci\u00e1ba \u00e9s azon t\u00falra is eljutnak.<\/p>\n<p>A San Pablo rep\u00fcl\u0151t\u00e9r, Andal\u00fazia m\u00e1sodik legforgalmasabb rep\u00fcl\u0151tere, 2019-ben t\u00f6bb mint 7,5 milli\u00f3 utassal \u00e9s k\u00f6zel t\u00edzezer tonna \u00e1ruval, Sevilla l\u00e9gi tengely\u00e9nek horgony\u00e1t alkot; a diszkont l\u00e9git\u00e1rsas\u00e1gok \u00e9s a karbantart\u00f3 l\u00e9tes\u00edtm\u00e9nyek tan\u00fas\u00edtj\u00e1k nemzetk\u00f6ziv\u00e9 v\u00e1l\u00e1s\u00e1t. A finom izgalom m\u00e9gis a folyami kik\u00f6t\u0151 Muelle de las Delicias nev\u0171 \u00f6bl\u00e9ben rejlik, ahol az \u00f3ce\u00e1nj\u00e1r\u00f3k a tengerj\u00e1r\u00f3 haj\u00f3kat sz\u00e1ll\u00edtj\u00e1k Sevilla k\u00f6zpontj\u00e1ba \u2013 ez egy egyed\u00fcl\u00e1ll\u00f3 sz\u00e1razf\u00f6ldi fogadtat\u00e1s Spanyolorsz\u00e1gban.<\/p>\n<p>Az \u00f3kor \u00e9s a modernit\u00e1s tal\u00e1lkoz\u00e1s\u00e1nak k\u00f6sz\u00f6nhet\u0151en Sevilla nem statikus eml\u00e9km\u0171k\u00e9nt, hanem a h\u0151s\u00e9g \u00e9s az \u00e1rny\u00e9k, a t\u00f6rt\u00e9nelem \u00e9s az \u00faj\u00edt\u00e1s, a nyugalom \u00e9s a mulats\u00e1g \u00e1lland\u00f3 egyens\u00falyoz\u00e1s\u00e1nak v\u00e1rosak\u00e9nt jelenik meg. Sz\u00f6vete \u2013 melyet r\u00f3maiak, omajj\u00e1dok, kaszt\u00edliaiak \u00e9s kort\u00e1rs \u0151r\u00f6k varrtak \u2013 nem l\u00e1tv\u00e1nyoss\u00e1gra, hanem vizsg\u00e1latra cs\u00e1b\u00edt: azok sz\u00e1m\u00e1ra, akik naps\u00fct\u00f6tte sug\u00e1r\u00fatjain \u00e9s \u00e1rny\u00e9kos alk\u00f3vaiban mer\u00e9szkednek, Sevilla a hely ellen\u00e1ll\u00f3 \u00e9kessz\u00f3l\u00e1s\u00e1nak tan\u00fabizonys\u00e1g\u00e1t ny\u00fajtja.<\/p>","protected":false},"excerpt":{"rendered":"<p>Sevilla, Andal\u00fazia spanyol auton\u00f3m k\u00f6z\u00f6ss\u00e9g\u00e9nek f\u0151v\u00e1rosa \u00e9s legnagyobb v\u00e1rosa j\u00f3l p\u00e9ld\u00e1zza Spanyolorsz\u00e1g kultur\u00e1lis \u00f6r\u00f6ks\u00e9g\u00e9t \u00e9s kort\u00e1rs vibr\u00e1l\u00e1s\u00e1t. Az Ib\u00e9riai-f\u00e9lsziget d\u00e9lnyugati r\u00e9sz\u00e9n, a Guadalquivir foly\u00f3 als\u00f3 r\u00e9szein tal\u00e1lhat\u00f3 ez a csod\u00e1latos v\u00e1ros 2022-ben k\u00f6r\u00fclbel\u00fcl 701 000 lakossal b\u00fcszk\u00e9lkedhet, nagyv\u00e1rosi ter\u00fclete pedig csaknem 1,5 milli\u00f3 lakost \u00f6lel fel. Ezzel a demogr\u00e1fiai er\u0151vel Sevilla Spanyolorsz\u00e1g negyedik legnagyobb v\u00e1rosa, az Eur\u00f3pai Uni\u00f3 legn\u00e9pesebb telep\u00fcl\u00e9se \u00e9s Andal\u00fazia legn\u00e9pesebb v\u00e1rosa.<\/p>","protected":false},"author":1,"featured_media":4633,"parent":13090,"menu_order":0,"comment_status":"closed","ping_status":"closed","template":"elementor_theme","meta":{"_eb_attr":"","footnotes":""},"class_list":["post-13186","page","type-page","status-publish","has-post-thumbnail"],"_links":{"self":[{"href":"https:\/\/travelshelper.com\/hu\/wp-json\/wp\/v2\/pages\/13186","targetHints":{"allow":["GET"]}}],"collection":[{"href":"https:\/\/travelshelper.com\/hu\/wp-json\/wp\/v2\/pages"}],"about":[{"href":"https:\/\/travelshelper.com\/hu\/wp-json\/wp\/v2\/types\/page"}],"author":[{"embeddable":true,"href":"https:\/\/travelshelper.com\/hu\/wp-json\/wp\/v2\/users\/1"}],"replies":[{"embeddable":true,"href":"https:\/\/travelshelper.com\/hu\/wp-json\/wp\/v2\/comments?post=13186"}],"version-history":[{"count":0,"href":"https:\/\/travelshelper.com\/hu\/wp-json\/wp\/v2\/pages\/13186\/revisions"}],"up":[{"embeddable":true,"href":"https:\/\/travelshelper.com\/hu\/wp-json\/wp\/v2\/pages\/13090"}],"wp:featuredmedia":[{"embeddable":true,"href":"https:\/\/travelshelper.com\/hu\/wp-json\/wp\/v2\/media\/4633"}],"wp:attachment":[{"href":"https:\/\/travelshelper.com\/hu\/wp-json\/wp\/v2\/media?parent=13186"}],"curies":[{"name":"wp","href":"https:\/\/api.w.org\/{rel}","templated":true}]}}