{"id":13177,"date":"2024-09-17T13:51:22","date_gmt":"2024-09-17T13:51:22","guid":{"rendered":"https:\/\/travelshelper.com\/staging\/?page_id=13177"},"modified":"2026-03-12T23:41:20","modified_gmt":"2026-03-12T23:41:20","slug":"sierra-nevada","status":"publish","type":"page","link":"https:\/\/travelshelper.com\/hu\/destinations\/europe\/spain\/sierra-nevada\/","title":{"rendered":"Sierra Nevada"},"content":{"rendered":"<p>A Sierra Nevada egyed\u00fcl\u00e1ll\u00f3 helyet foglal el az Ib\u00e9riai-f\u00e9lsziget d\u00e9li r\u00e9sz\u00e9n: egy k\u00f6zel 80 kilom\u00e9ter hossz\u00fa, 15 \u00e9s 30 kilom\u00e9ter k\u00f6z\u00f6tti sz\u00e9less\u00e9g\u0171, kiterjedt hegys\u00e9g, amely t\u00f6bb mint 2000 n\u00e9gyzetkilom\u00e9teres ter\u00fcletet foglal mag\u00e1ban. Az andal\u00faziai Granada \u00e9s Almer\u00eda tartom\u00e1nyokb\u00f3l emelked\u0151, t\u00f6rt\u00e9nelmi hegys\u00e9g cs\u00facsainak megszak\u00edt\u00e1s n\u00e9lk\u00fcli profilj\u00e1t mutatja, amelyeket \u2013 egy jelent\u0151s nyugat-d\u00e9lnyugati \u00e9s kelet-\u00e9szakkeleti ir\u00e1ny\u00fa gerincen \u2013 az \u00e9v nagy r\u00e9sz\u00e9ben szil\u00e1rdan h\u00f3 bor\u00edt. Cs\u00facspontj\u00e1n \u00e1ll a 3479 m\u00e9terre magasod\u00f3 Mulhac\u00e9n, amely mind a kontinent\u00e1lis Spanyolorsz\u00e1g, mind az Ib\u00e9riai-f\u00e9lsziget legmagasabb pontja. A hegys\u00e9g legmagasabb szakaszai felt\u0171n\u0151 ellenpontot jelentenek a mind\u00f6ssze n\u00e9h\u00e1ny t\u00edz kilom\u00e9terre fekv\u0151, naps\u00fct\u00f6tte mediterr\u00e1n partvid\u00e9kkel, \u00edgy a Sierra Nevada az \u00e9ghajlati, geol\u00f3giai \u00e9s t\u00f6rt\u00e9nelmi ellent\u00e9tek birodalm\u00e1v\u00e1 v\u00e1lik, amely szigor\u00fa tudom\u00e1nyos figyelmet \u00e9s k\u00f6lt\u0151i elm\u00e9lked\u00e9st ig\u00e9nyel.<\/p>\n<p>Az \u00f3kort\u00f3l napjainkig a Sierra Nevada lejt\u0151i tektonikus g\u00f6rcs\u00f6knek \u00e9s gleccserek form\u00e1l\u00f3d\u00e1s\u00e1nak voltak tan\u00fai. A harmadid\u0151szakban, az alpesi hegys\u00e9gk\u00e9pz\u0151d\u00e9s sor\u00e1n l\u00e9trej\u00f6tt hegys\u00e9g f\u0151k\u00e9nt puha csill\u00e1mos pal\u00e1kban nyilv\u00e1nul meg, amelyek meredeken \u00e9szak fel\u00e9 lejt\u0151sek, de fokozatosan d\u00e9lre \u00e9s d\u00e9lkeletre lejt\u0151sebb lejt\u0151knek adnak helyet. K\u00f6r\u00fclbel\u00fcl 2400 m\u00e9ter felett \u2013 amely a holoc\u00e9nig az \u00f6r\u00f6k j\u00e9gtakar\u00f3 hat\u00e1ra volt \u2013 az \u0151si gleccserek U alak\u00fa v\u00f6lgyeket v\u00e1jtak ki, \u00e9s magaslati lag\u00fan\u00e1k csillagk\u00e9p\u00e9t hagyt\u00e1k h\u00e1tra, k\u00f6zt\u00fck a Laguna de Aguas Verdes-t \u00e9s a szer\u00e9ny Laguna de la Mosc\u00e1t. Ezek a d\u00e9li cirkuszokban megb\u00fav\u00f3 tavak az olvad\u00e9kvizet a Guadalfeo rendszerbe vezetik, ak\u00e1rcsak a mediterr\u00e1n \u00e9s az atlanti lejt\u0151k\u00f6n \u00e1thalad\u00f3 tiszteletre m\u00e9lt\u00f3 foly\u00f3v\u00edzi art\u00e9ri\u00e1k: a Mulhac\u00e9n k\u00f6zel\u00e9ben sz\u00fcletett \u00e9s a Guadalquivir-medence alapvet\u0151 fontoss\u00e1g\u00fa Genil; a D\u00farcal \u00e9s az \u00cdzbor; a Trev\u00e9lez \u00e9s a Poqueira; valamint az Andarax \u00e9s az Adra foly\u00f3k mell\u00e9kfoly\u00f3i.<\/p>\n<p>F\u00f6ldrajzilag a Sierra Nevad\u00e1t nyugaton a Lecr\u00edn-v\u00f6lgy, d\u00e9len a Guadalfeo-v\u00f6lgy, \u00e9szakon a B\u00e9tica-m\u00e9lyed\u00e9s, keleten a Nacimiento foly\u00f3, d\u00e9lkeleten pedig az Andarax-v\u00f6lgy hat\u00e1rolja. F\u00f6ldrajzi koordin\u00e1t\u00e1i \u2013 hozz\u00e1vet\u0151legesen az \u00e9szaki sz\u00e9less\u00e9g 36\u00b055\u2032 \u00e9s 37\u00b015\u2032, valamint a nyugati hossz\u00fas\u00e1g 2\u00b056\u2032 \u00e9s 3\u00b038\u2032 k\u00f6z\u00f6tt \u2013 szorosan \u00f6sszek\u00f6tik Andal\u00fazia t\u00f6rt\u00e9nelmi t\u00e1jaival. D\u00e9li l\u00e1b\u00e1n\u00e1l fekszik Granada t\u00f6rt\u00e9nelmi v\u00e1rosa, t\u00e1volabb keletre pedig Motril \u00e9s Almer\u00eda tengerparti enkl\u00e1v\u00e9i, amelyek mediterr\u00e1n \u00e9ghajlata dr\u00e1mai h\u0151m\u00e9rs\u00e9kleti ellent\u00e9tben \u00e1ll a fenti h\u00f3f\u00f6dte magaslatokkal.<\/p>\n<p>A Sierra Nevada \u00e9ghajlati profilja nehezen oszt\u00e1lyozhat\u00f3. A K\u00f6ppen-rendszerben a hegys\u00e9g t\u00falnyom\u00f3r\u00e9szt a mediterr\u00e1n Csa\/Csb kateg\u00f3ri\u00e1kba tartozik; 2500 m\u00e9ter felett azonban az \u00e1tlagos ny\u00e1ri h\u0151m\u00e9rs\u00e9klet 10 \u00b0C k\u00f6r\u00fcl mozog, ami a magas lejt\u0151knek szubarktikus Dsc jelleget k\u00f6lcs\u00f6n\u00f6z. Kiss\u00e9 alacsonyabb tengerszint feletti magass\u00e1gokban a r\u00f6vid, h\u0171v\u00f6s nyarak \u00e9s a kev\u00e9s csapad\u00e9k p\u00e1r\u00e1s kontinent\u00e1lis Dsa\/Dsb rendszert eredm\u00e9nyeznek, m\u00edg m\u00e9g tov\u00e1bb ereszkedve h\u0171v\u00f6s-ny\u00e1ri mediterr\u00e1n form\u00e1t hoznak l\u00e9tre, amely fokozatosan \u00e1talakul a k\u00f6rnyez\u0151 alf\u00f6ldek forr\u00f3-ny\u00e1ri v\u00e1ltozatoss\u00e1g\u00e1ba. Pradollan\u00f3ban az eg\u00e9sz \u00e9ves h\u0151m\u00e9rs\u00e9klet \u2013 \u00e1tlagosan 3,9 \u00b0C \u2013 \u00e9lesen elt\u00e9r Granada 15,7 \u00b0C-\u00e1t\u00f3l \u00e9s a tengerparti M\u00e1laga 18,5 \u00b0C-\u00e1t\u00f3l. A \u00fcd\u00fcl\u0151helyen a ny\u00e1ri \u00e9s t\u00e9li nappali h\u0151m\u00e9rs\u00e9klet jellemz\u0151en mintegy 12 \u00b0C-kal alacsonyabb, mint az alatta fekv\u0151 v\u00e1rosban m\u00e9rt \u00e9rt\u00e9kek, a tavasz k\u00f6ztes id\u0151szaka k\u00fcl\u00f6n\u00f6sen k\u00e9sik, mivel a m\u00e1jusi nappali maximumok a felf\u00f6ld\u00f6n 4 \u00b0C k\u00f6r\u00fcl alakulnak, m\u00edg Granada \u00e1tlagban 24 \u00b0C-ot produk\u00e1l.<\/p>\n<p>A tudom\u00e1nyos kutat\u00e1s figyelemre m\u00e9lt\u00f3 mened\u00e9ket tal\u00e1lt ezeken a magaslatokon. A Sierra Nevada Obszervat\u00f3rium, a Calar Alto Obszervat\u00f3rium \u00e9s az Institut de Radioastronomie Millimetrique (IRAM) 30 m\u00e9teres teleszk\u00f3pja az \u00e9szaki lejt\u0151k\u00f6n tal\u00e1lhat\u00f3, nagyj\u00e1b\u00f3l 2800 m\u00e9teres tengerszint feletti magass\u00e1gban. Teleszk\u00f3pos ny\u00edl\u00e1saik a kozmikus m\u00e9lys\u00e9gekbe tekintenek, a v\u00e1rosi f\u00e9ny nem akad\u00e1lyozza \u0151ket, \u00e9s a magas, sz\u00e1raz fenns\u00edk el\u0151nyeit \u00e9lvezik. Ek\u00f6zben a hegys\u00e9g \u00f6kol\u00f3giai jelent\u0151s\u00e9g\u00e9t r\u00e9g\u00f3ta elismerik: 1986-ban az UNESCO bioszf\u00e9ra-rezerv\u00e1tumm\u00e1 nyilv\u00e1n\u00edtotta, 1989-ben, majd 1999-ben pedig a spanyol korm\u00e1ny kiterjedt ter\u00fcleteket nyilv\u00e1n\u00edtott el\u0151sz\u00f6r term\u00e9szeti parkk\u00e1, majd k\u00e9s\u0151bb nemzeti park\u00e1, \u00f6sszesen mintegy 169 239 hekt\u00e1rnyi ter\u00fcletet v\u00e9dve.<\/p>\n<p>Ezen a v\u00e9dett ter\u00fcleten rendk\u00edv\u00fcli biodiverzit\u00e1s tal\u00e1lhat\u00f3, ami r\u00e9szben a hegys\u00e9g elszigetelts\u00e9g\u00e9nek \u00e9s a j\u00e9gkorszak ut\u00e1ni mened\u00e9knek tudhat\u00f3 be. A spanyol K\u00f6rnyezetv\u00e9delmi Miniszt\u00e9rium 66 endemikus ed\u00e9nyes n\u00f6v\u00e9nyfajt tart nyilv\u00e1n \u2013 amelyek Eur\u00f3pa endemizmus\u00e1nak k\u00f6zel egy\u00f6t\u00f6d\u00e9t teszik ki a ter\u00fcleten bel\u00fcl \u2013, valamint k\u00f6r\u00fclbel\u00fcl 80 \u0151shonos faunafajt. A teljes ed\u00e9nyes fl\u00f3ra mintegy 2100 magasabb rend\u0171 n\u00f6v\u00e9nyt tartalmaz, ami Spanyolorsz\u00e1g botanikai vagyon\u00e1nak egynegyed\u00e9t teszi ki. E botanikai \u00f6r\u00f6ks\u00e9g v\u00e9delme \u00e9rdek\u00e9ben sz\u00e1mos term\u00e9szetv\u00e9delmi l\u00e9tes\u00edtm\u00e9ny j\u00f6tt l\u00e9tre: a Trevenque-hegy als\u00f3 lejt\u0151j\u00e9n, 1600 m\u00e9teres magass\u00e1gban tal\u00e1lhat\u00f3 Cortijuela Botanikus Kert, amely k\u00f6r\u00fclbel\u00fcl 100 sebezhet\u0151 vagy vesz\u00e9lyeztetett faj, k\u00f6zt\u00fck a Pinus sylvestris nevadensis szapor\u00edt\u00e1s\u00e1val \u00e9s tanulm\u00e1nyoz\u00e1s\u00e1val foglalkozik; a Hoya de Pedraza K\u00f6zpont (amelyet 2007-ben alap\u00edtottak) 1980 m\u00e9teres magass\u00e1gban; \u00e9s a Hoya de la Mora Egyetemi Botanikus Kert, amelyet 1965-ben alap\u00edtottak nagyj\u00e1b\u00f3l 2500 m\u00e9teres magass\u00e1gban, \u00e9s amely teljes eg\u00e9sz\u00e9ben a Sierra Nevada endemikus fl\u00f3r\u00e1j\u00e1nak szentelte mag\u00e1t.<\/p>\n<p>A hegyeket k\u00f6r\u00fclvev\u0151 ember alkotta k\u00e1rpit a hagyom\u00e1nyos meg\u00e9lhet\u00e9s \u00e9s a modern kikapcsol\u00f3d\u00e1s \u00f6tv\u00f6zet\u00e9t mutatja. A helyi lakosok gener\u00e1ci\u00f3i m\u0171veltek teraszos parcell\u00e1kat \u2013 a borreguil\u00e9k ak\u00e1r 2000 m\u00e9ter feletti magass\u00e1gban is legel\u00e9sztek \u2013, \u00e9s transzhum\u00e1ns m\u00f3don legeltett\u00e9k a ny\u00e1jakat az \u00e9vszakos alpesi r\u00e9teken. A mez\u0151gazdas\u00e1gi g\u00e9pes\u00edt\u00e9s lehetetlennek bizonyult a meredek lejt\u0151k\u00f6n, \u00edgy fennmaradt az \u00f6nt\u00f6z\u0151csatorn\u00e1kr\u00f3l, valamint az olajfa-, \u0151szibarack- \u00e9s mandulaligetekr\u0151l sz\u00f3l\u00f3 \u0151si tud\u00e1s. Az elm\u00falt \u00e9vtizedekben azonban k\u00e9zzelfoghat\u00f3 eltol\u00f3d\u00e1s figyelhet\u0151 meg a turizmus fel\u00e9, amit Eur\u00f3pa legd\u00e9lebbi \u00e9s az Ib\u00e9riai-f\u00e9lsziget legmagasabban fekv\u0151 s\u00edk\u00f6zpontj\u00e1nak l\u00e9trehoz\u00e1sa kataliz\u00e1lt. A 2100 m\u00e9teres tengerszint feletti magass\u00e1gban fekv\u0151 Pradollano Andal\u00fazia legmagasabb telep\u00fcl\u00e9se a pireneusi enkl\u00e1v\u00e9kon k\u00edv\u00fcl, s\u00edfelvon\u00f3i \u00e9s p\u00e1ly\u00e1i vonzz\u00e1k a t\u00e9li sportok szerelmeseit, akik megb\u00edzhat\u00f3 havat \u00e9s b\u0151s\u00e9ges naps\u00fct\u00e9st keresnek.<\/p>\n<p>A magas hegys\u00e9gek k\u00f6zleked\u00e9st\u00f6rt\u00e9nete ugyanilyen figyelemre m\u00e9lt\u00f3. 1935-ben avattak fel egy aut\u00f3utat a Veleta cs\u00facs\u00e1ra, amely Spanyolorsz\u00e1g \u2013 \u00e9s egy ideig Eur\u00f3pa \u2013 legmagasabban fekv\u0151 aut\u00f3p\u00e1ly\u00e1ja c\u00edmet szerezte meg, m\u00edgnem a Hoya de la Mor\u00e1t\u00f3l a cs\u00facsig tart\u00f3 fels\u0151 szakaszt 1999-ben lez\u00e1rt\u00e1k a j\u00e1rm\u0171forgalom el\u0151l. Ezzel egyidej\u0171leg szezon\u00e1lisan, az id\u0151j\u00e1r\u00e1s f\u00fcggv\u00e9ny\u00e9ben, j\u00fanius \u00e9s okt\u00f3ber k\u00f6z\u00f6tt m\u0171k\u00f6dik egy High Peaks Tolm\u00e1csszolg\u00e1lat is, amely minibuszokat \u00e9s idegenvezet\u0151ket alkalmaz a l\u00e1togat\u00f3k sz\u00e1ll\u00edt\u00e1s\u00e1ra a 2500 m\u00e9teren tal\u00e1lhat\u00f3 egyetemi sz\u00e1ll\u00f3b\u00f3l a 3100 m\u00e9teren tal\u00e1lhat\u00f3 Veleta platformra, valamint t\u00far\u00e1z\u00f3kat sz\u00e1ll\u00edt a d\u00e9li lejt\u0151n Capileir\u00e1b\u00f3l Alto del Chorrill\u00f3ba, 2740 m\u00e9teren.<\/p>\n<p>Az alpesi s\u00edel\u00e9s mellett a Granada \u00e9s Almer\u00eda tartom\u00e1nyok k\u00f6z\u00f6tt 2000 m\u00e9teres tengerszint feletti magass\u00e1gban fekv\u0151 Puerto de la Ragua s\u00edfut\u00f3p\u00e1ly\u00e1knak is otthont ad, ak\u00e1rcsak a kev\u00e9sb\u00e9 ismert Ragua folyos\u00f3 az A-337-es aut\u00f3p\u00e1ly\u00e1n. A t\u00far\u00e1z\u00e1s szerelmesei bej\u00e1rhatj\u00e1k a Genil foly\u00f3 forr\u00e1svid\u00e9k\u00e9t szeg\u00e9lyez\u0151 Vereda de la Estrella \u00fatvonalat, vagy megtehetik a 3000 m\u00e9teres cs\u00facsok integr\u00e1lj\u00e1t, egy meger\u0151ltet\u0151 t\u00far\u00e1t J\u00e9rez del Marquesad\u00f3b\u00f3l, amely szinte minden 3000 m\u00e9ter feletti cs\u00facson \u00e1t vezet, \u00e9s a ny\u00e1r k\u00f6zep\u00e9n is kitart\u00e1st \u00e9s k\u00f6r\u00fcltekint\u00e9st ig\u00e9nyel a m\u00e9g megmaradt h\u00f3mez\u0151k k\u00f6z\u00f6tt. A Sulayr \u00fatvonal, egy 340 kilom\u00e9teres k\u00f6r, amely a hegys\u00e9get k\u00f6rbe\u00f6leli, t\u00f6rt\u00e9nelmi marha\u00f6sv\u00e9nyeket \u00e9s gyalogutakat eleven\u00edt fel egy olyan \u00fatvonalon, amelyet k\u00f6zint\u00e9zm\u00e9nyek terveztek a term\u00e9szet \u00e9s az \u00f6r\u00f6ks\u00e9g \u00fcnnepl\u00e9s\u00e9re.<\/p>\n<p>Azok sz\u00e1m\u00e1ra, akik a csillagok alatt keresnek mened\u00e9ket, a hegys\u00e9g h\u00e1rom szem\u00e9lyzettel ell\u00e1tott mened\u00e9khelyet k\u00edn\u00e1l: a 2500 m\u00e9ter magasan fekv\u0151 Poqueira Refuge 87 vend\u00e9g befogad\u00e1s\u00e1ra alkalmas a Mulhac\u00e9n \u00e9s a R\u00edo Seco tal\u00e1lkoz\u00e1s\u00e1n\u00e1l; az 1880 m\u00e9ter magasan fekv\u0151 Postero Alto 68 f\u00e9r\u0151hellyel a Loma de Enmedio-n; \u00e9s a 2000 m\u00e9ter magasan fekv\u0151 Puerto de la Ragua hostel 32 f\u00e9r\u0151hellyel. Elsz\u00f3rt mened\u00e9khelyek \u00e9s bivakok \u2013 t\u00f6bbek k\u00f6z\u00f6tt La Carihuela, Elorrieta, Pe\u00f1a Partida \u2013 k\u00fcl\u00f6nb\u00f6z\u0151 \u00e1llapotokban \u00e1llnak fenn, m\u00edg a term\u00e9szetes barlangok, mint p\u00e9ld\u00e1ul a Cueva Secreta \u00e9s a Siete Lagunas f\u00fclke, a hegy geol\u00f3giai \u00e9rdekess\u00e9geit bizony\u00edtj\u00e1k.<\/p>\n<p>A ker\u00e9kp\u00e1rosok is kih\u00edv\u00e1st \u00e9s vonzer\u0151t tal\u00e1lnak a Sierra Nevada sz\u00e9d\u00edt\u0151 emelked\u0151iben. A h\u00edres Monachilb\u0151l indul\u00f3 emelked\u0151 \u2013 amely 45,3 kilom\u00e9teren kereszt\u00fcl 2627 m\u00e9tert emelkedik, \u00e1tlagosan 5,8 sz\u00e1zal\u00e9kos lejt\u0151vel, 15 sz\u00e1zal\u00e9kos lejt\u0151kkel \u2013 komoly pr\u00f3b\u00e1t jelent, miel\u0151tt Pradollanon\u00e1l vagy Pico Velet\u00e1n\u00e1l (3367 m\u00e9ter) \u00e9r v\u00e9get. A G\u00fc\u00e9jar Sierra \u00fatvonal 44,3 kilom\u00e9ter hosszan h\u00faz\u00f3dik Velet\u00e1ig, 2557 m\u00e9tert emelkedve 5,77 sz\u00e1zal\u00e9kos \u00e1tlagos lejt\u0151vel. A k\u00f6ztes c\u00e9lok k\u00f6z\u00e9 tartozik a Hoya de la Mora Egyetemi Botanikus Kert \u00e9s az IRAM Obszervat\u00f3rium 2850 m\u00e9teren, amelyek mindegyike a hegys\u00e9g tudom\u00e1nyos \u00e9s eszt\u00e9tikai vonzerej\u00e9nek bizony\u00edt\u00e9ka.<\/p>\n<p>A m\u00edtoszok \u00e9s legend\u00e1k ugyanolyan gazdagon bontakoznak ki, mint a hegyi panor\u00e1m\u00e1k. Az \u00d6rd\u00f6g sepr\u0171j\u00e9nek t\u00f6rt\u00e9nete egy \u00f6rd\u00f6gi aj\u00e1nd\u00e9k \u00e1ltal okozott lavin\u00e1t id\u00e9z fel, amelyr\u0151l azt mondj\u00e1k, hogy m\u00e9g mindig h\u00f3es\u00e9sekkel s\u00f6p\u00f6r v\u00e9gig az Alcazaba-cs\u00facs lejt\u0151in. A Vacares-lag\u00fana t\u00f6rt\u00e9nete egy m\u00f3r herceg b\u0171n\u00e9t \u00e9s egy hercegn\u0151 k\u00f6nnyeit mes\u00e9li el, amelyeket szikl\u00e1ba v\u00e9stek, siralmaik \u00e1ll\u00edt\u00f3lag a fagyos m\u00e9lys\u00e9gb\u0151l visszhangoznak. Az ilyen elbesz\u00e9l\u00e9sek \u2013 amelyeket p\u00e1sztorok, falusiak \u00e9s zar\u00e1ndokok hordoznak \u2013 t\u00falvil\u00e1gi dimenzi\u00f3t k\u00f6lcs\u00f6n\u00f6znek egy olyan t\u00e1jnak, amelyet m\u00e1r \u00e9vezredek \u00f3ta form\u00e1lnak a geol\u00f3giai \u00e9s kultur\u00e1lis er\u0151k.<\/p>\n<p>V\u00e9gs\u0151 soron a Sierra Nevada sokkal t\u00f6bbet foglal mag\u00e1ban, mint t\u00e9rk\u00e9p\u00e9szeti kiterjed\u00e9seket \u00e9s \u00f6kol\u00f3giai nyilv\u00e1ntart\u00e1sokat. Olyan sz\u00ednt\u00e9rk\u00e9nt \u00e1ll, ahol az \u00e9ghajlati gradiensek, a biotikus mened\u00e9kek \u00e9s az emberi er\u0151fesz\u00edt\u00e9sek tal\u00e1lkoznak. A kontinensek \u00fctk\u00f6z\u00e9se \u00e1ltal eltorzult \u0151si pal\u00e1kt\u00f3l a 2800 m\u00e9ter feletti ragyog\u00f3 tisztas\u00e1gig, a szikl\u00e1khoz kapaszkod\u00f3 endemikus feny\u0151kt\u0151l a gerinceken \u00e9s v\u00f6lgyeken kanyarog\u00f3 \u00f6sv\u00e9nyek labirintus\u00e1ig a hegys\u00e9g a kutat\u00e1s folytonoss\u00e1g\u00e1t parancsolja \u2013 f\u00f6ldrajzi, tudom\u00e1nyos \u00e9s hum\u00e1n jelleg\u0171eket. Itt nemcsak a szikla \u00e9s a j\u00e9g, hanem az \u00e9rtelem \u00e9s a k\u00e9pzelet is egyfajta kiemelked\u00e9se rejlik: a term\u00e9szettudom\u00e1ny \u00e9s az emberi t\u00f6rekv\u00e9sek cs\u00facsa, amely az andal\u00faz \u00e9g alatt fon\u00f3dik \u00f6ssze.<\/p>","protected":false},"excerpt":{"rendered":"<p>A d\u00e9lkelet-spanyolorsz\u00e1gi Sierra Nevada hegyl\u00e1ncban tal\u00e1lhat\u00f3 Sierra Nevada s\u00ed\u00e1llom\u00e1s az emberi kreativit\u00e1s \u00e9s a term\u00e9szeti sz\u00e9ps\u00e9g harmonikus kever\u00e9k\u00e9nek bizony\u00edt\u00e9ka. Granada tartom\u00e1nyban tal\u00e1lhat\u00f3 ez a j\u00f3l ismert s\u00edk\u00f6zpont a spanyol f\u00e9lsziget harmadik legmagasabb hegy\u00e9nek sz\u00e1m\u00edt\u00f3 Veleta \u00e9szaknyugati lejt\u0151in. Pradollano \u00fcd\u00fcl\u0151k\u00f6z\u00f6ss\u00e9ge ennek az alpesi helynek az energikus k\u00f6zpontja, amely a t\u00e9li sportok \u00e9s a term\u00e9szet szerelmeseinek sz\u00e1zait l\u00e1tja vend\u00e9g\u00fcl eg\u00e9sz \u00e9vben, a szezon\u00e1lis n\u00e9pess\u00e9g ellen\u00e9re.<\/p>","protected":false},"author":1,"featured_media":4260,"parent":13090,"menu_order":0,"comment_status":"closed","ping_status":"closed","template":"elementor_theme","meta":{"_eb_attr":"","footnotes":""},"class_list":["post-13177","page","type-page","status-publish","has-post-thumbnail"],"_links":{"self":[{"href":"https:\/\/travelshelper.com\/hu\/wp-json\/wp\/v2\/pages\/13177","targetHints":{"allow":["GET"]}}],"collection":[{"href":"https:\/\/travelshelper.com\/hu\/wp-json\/wp\/v2\/pages"}],"about":[{"href":"https:\/\/travelshelper.com\/hu\/wp-json\/wp\/v2\/types\/page"}],"author":[{"embeddable":true,"href":"https:\/\/travelshelper.com\/hu\/wp-json\/wp\/v2\/users\/1"}],"replies":[{"embeddable":true,"href":"https:\/\/travelshelper.com\/hu\/wp-json\/wp\/v2\/comments?post=13177"}],"version-history":[{"count":0,"href":"https:\/\/travelshelper.com\/hu\/wp-json\/wp\/v2\/pages\/13177\/revisions"}],"up":[{"embeddable":true,"href":"https:\/\/travelshelper.com\/hu\/wp-json\/wp\/v2\/pages\/13090"}],"wp:featuredmedia":[{"embeddable":true,"href":"https:\/\/travelshelper.com\/hu\/wp-json\/wp\/v2\/media\/4260"}],"wp:attachment":[{"href":"https:\/\/travelshelper.com\/hu\/wp-json\/wp\/v2\/media?parent=13177"}],"curies":[{"name":"wp","href":"https:\/\/api.w.org\/{rel}","templated":true}]}}