{"id":13171,"date":"2024-09-17T13:46:53","date_gmt":"2024-09-17T13:46:53","guid":{"rendered":"https:\/\/travelshelper.com\/staging\/?page_id=13171"},"modified":"2026-03-12T23:42:33","modified_gmt":"2026-03-12T23:42:33","slug":"san-sebastian","status":"publish","type":"page","link":"https:\/\/travelshelper.com\/hu\/destinations\/europe\/spain\/san-sebastian\/","title":{"rendered":"San Sebasti\u00e1n"},"content":{"rendered":"<p>Donostia\/San Sebasti\u00e1n egyszerre tengeri kapuk\u00e9nt \u00e9s a baszk \u00f6r\u00f6ks\u00e9g b\u00e1sty\u00e1jak\u00e9nt mutatkozik be: a Vizcayai-\u00f6b\u00f6l d\u00e9lkeleti partj\u00e1n, alig h\u00fasz kilom\u00e9terre a francia-spanyol hat\u00e1rt\u00f3l, Gipuzkoa tartom\u00e1ny f\u0151v\u00e1rosa a foly\u00f3parti vizes \u00e9l\u0151helyek rekultiv\u00e1ci\u00f3ja \u00e9s a part menti teraszok \u00e1ltal form\u00e1lt v\u00e1rosi l\u00e1bnyomot birtokol, lak\u00f3k\u00f6z\u00f6ss\u00e9ge 2021-ben 188 102 f\u0151 volt, m\u00edg a t\u00e1gabb nagyv\u00e1rosi agglomer\u00e1ci\u00f3 2010-ben el\u00e9rte a 436 500 f\u0151t; itt a donostiarra \u00f6nmegjel\u00f6l\u00e9s \u2013 ak\u00e1r euskara, ak\u00e1r spanyol nyelven besz\u00e9lik \u2013 egy \u00e9vsz\u00e1zados n\u00e9pi identit\u00e1sra utal, amely \u00f6sszefon\u00f3dik a v\u00e1ros Bayonne-San Sebasti\u00e1n transznacion\u00e1lis Eurocity h\u00e1l\u00f3zat\u00e1ban bet\u00f6lt\u00f6tt szerep\u00e9vel.<\/p>\n<p>Az El Antiguo kolostor legkor\u00e1bbi k\u00f6z\u00e9pkori eml\u00edt\u00e9seit\u0151l kezdve Donostia t\u00e1rsadalmi-gazdas\u00e1gi \u00e1talakul\u00e1s r\u00e9tegeit halmozta fel \u2013 az agr\u00e1rfalut\u00f3l az er\u0151d\u00edtett enkl\u00e1v\u00e9n \u00e1t a kozmopolita \u00fcd\u00fcl\u0151helyig \u2013, m\u00e9gis a v\u00e1ros kett\u0151s jellege, mint a hagyom\u00e1ny\u0151rz\u0151 \u00e9s a kort\u00e1rs csere k\u00f6zpontja, az, ami tart\u00f3s vonzerej\u00e9t al\u00e1t\u00e1masztja. A telep\u00fcl\u00e9s, amelyet egykor v\u00e9d\u0151falak k\u00f6z\u00e9 z\u00e1rtak 1863-as sz\u00e1nd\u00e9kos lebont\u00e1sukig, el\u0151sz\u00f6r az Urumea torkolata fel\u00e9 terjeszkedett \u2013 l\u00e9trehozva a ma Gros n\u00e9ven ismert ter\u00fcletet \u2013, majd k\u00e9s\u0151bb a r\u00e9gi negyed mellett elter\u00fcl\u0151 mocsaras ter\u00fcletekre, lehet\u0151v\u00e9 t\u00e9ve az ortogon\u00e1lisan r\u00e1csozott Cortazar-lak\u00e1s felemelked\u00e9s\u00e9t, amelynek P\u00e1rizs ihlette \u00e1rk\u00e1djai \u00e9s Haussmann-i l\u00e1tk\u00e9pei a Rue de Rivolit \u00e9s a Pont Alexandre III-at id\u00e9zik. Az ilyen v\u00e1rosi metamorf\u00f3zisok, amelyeket gyakran kim\u00e9rt f\u00e1zisokban hajtottak v\u00e9gre \u2013 1914-ben tet\u0151ztek be \u2013 a tervez\u00e9si elvekbe vetett polg\u00e1ri bizalmat t\u00fckr\u00f6zik, amelyek a funkcionalit\u00e1st az eszt\u00e9tikai komolys\u00e1ggal p\u00e1ros\u00edtott\u00e1k.<\/p>\n<p>Nyugaton az Urgull hegyfoka, amely egykor fegyveres b\u00e1sty\u00e1nak sz\u00e1m\u00edtott a Parte Vieja v\u00e9delm\u00e9ben, ma az \u00d3v\u00e1ros k\u00e9t egyh\u00e1zi pl\u00e9b\u00e1ni\u00e1j\u00e1t \u2013 Santa Mar\u00ed\u00e1t \u00e9s San Vicent\u00e9t \u2013 foglalja keretbe, melyek h\u00edveit ma is joxemaritarrakk\u00e9nt \u00e9s koxkeroakk\u00e9nt ismerik, ut\u00f3bbi eredetileg gascon nyelven besz\u00e9lt a tizennyolcadik sz\u00e1zadig. A Portaletas kapu \u00e9s a b\u00e1sty\u00e1k maradv\u00e1nyai n\u00e9ma \u0151rszemk\u00e9nt \u00e1llnak az 1813-as sz\u00f6vets\u00e9ges puszt\u00edt\u00e1s alatt, mely ut\u00e1n az \u00fajj\u00e1\u00e9p\u00edt\u00e9s sor\u00e1n a tizenkilencedik sz\u00e1zadi \u00e9p\u00fcletek \u00e9p\u00fcltek, amelyek ma barakkok helyett bar\u00e1ts\u00e1gos pintxo b\u00e1roknak adnak otthont, m\u00edg egy szer\u00e9ny hal\u00e1szkik\u00f6t\u0151 fekszik Urgull l\u00e1b\u00e1n\u00e1l, k\u00e9tszintes hal\u00e1szlak\u00e1sai a domb 1924-es demilitariz\u00e1ci\u00f3j\u00e1nak \u00f6r\u00f6ks\u00e9ge.<\/p>\n<p>Az \u00d3v\u00e1roson t\u00fal Antiguo negyede a Miramar-palot\u00e1t\u00f3l \u2013 amely 1975-ig kir\u00e1lyi ny\u00e1ri rezidencia volt \u2013 \u00e9s k\u00f6rnyezet\u00e9t\u0151l lejt\u0151k\u00f6n ter\u00fcl el, ahol a tizenkilencedik sz\u00e1zadi ipari v\u00e1llalatok, mint p\u00e9ld\u00e1ul a Cervezas El Le\u00f3n \u00e9s a Suchard csokol\u00e1d\u00e9gy\u00e1r, egykor b\u00e9rmunk\u00e1t biztos\u00edtottak, miel\u0151tt \u00e1tadt\u00e1k volna a hely\u00fcket a szolg\u00e1ltat\u00f3 szektornak \u00e9s a l\u00e1togat\u00f3k\u00f6zpont\u00fa kereskedelemnek. A Matia Kalea ortogon\u00e1lis f\u0151\u00fatja kett\u00e9v\u00e1gja ezt a negyedet, betekint\u00e9st ny\u00fajtva abba, hogyan alak\u00edtotta \u00e1t a h\u00e1bor\u00fa ut\u00e1ni v\u00e1rosrehabilit\u00e1ci\u00f3 a szerzetesi negyedeket lak\u00f3\u00f6vezetekk\u00e9.<\/p>\n<p>D\u00e9len az Amara Zaharra \u00e9s Amara Berri ikernegyedek rajzolj\u00e1k ki a v\u00e1ros hidraulikai beavatkoz\u00e1sait: a foly\u00f3 bal partj\u00e1n kezdetben mocsaras ter\u00fcletekkel hat\u00e1rolt Amara Zaharra \u2013 amelynek k\u00f6zpontja a Plaza Easo volt \u2013 fokozatosan beolvadt a v\u00e1rosk\u00e9pbe, m\u00edg az 1940-es \u00e9vekt\u0151l kezdve az Urumea csatorn\u00e1z\u00e1sa term\u00e9keny talajt szabad\u00edtott fel Amara Berri nagyobb lak\u00f3\u00f6vezet\u00e9nek, ahol \u00e1llami \u00fcgyn\u00f6ks\u00e9gek \u00e9s \u00fczleti irod\u00e1k szeg\u00e9lyezik az Avenida Sancho el Sabio \u00e9s az Avenida de Madrid tengely\u00e9t. Itt a foly\u00f3 \u00e1tir\u00e1ny\u00edt\u00e1sa a huszadik sz\u00e1zad els\u0151 fel\u00e9ben nemcsak az \u00e1rv\u00edzv\u00e9delmet biztos\u00edtotta, hanem a demogr\u00e1fiai n\u00f6veked\u00e9s lend\u00fclet\u00e9t is, amely \u00e1talak\u00edtotta Donostia d\u00e9li perem\u00e9t.<\/p>\n<p>A szemk\u00f6zti parton Gros kontrasztos domborzattal \u2013 homokos \u00e9s s\u00edk \u2013 t\u0171nik ki, tizenkilencedik sz\u00e1zadi m\u0171helyeit \u00e9s r\u00f6gt\u00f6nz\u00f6tt lak\u00f3helyeit olyan kultur\u00e1lis nevezetess\u00e9gek v\u00e1ltott\u00e1k fel, mint a Kursaal Kongresszusi K\u00f6zpont, amely a Zurriola strandon \u00e1t a tengerre n\u00e9z. Keleten Egia ker\u00fclete \u2013 amelynek baszk helyneve a partot \u00e9s a tengerszint feletti magass\u00e1got is jelenti \u2013 egy let\u0171nt ipari korszak nyomait t\u00e1rja fel az \u00e1talak\u00edtott Tabakalera doh\u00e1nygy\u00e1rban, amely ma a kort\u00e1rs kult\u00fara k\u00f6zpontja, m\u00edg a Cristina Enea park egy botanikai \u00f6r\u00f6ks\u00e9g t\u00f6red\u00e9k\u00e9t \u0151rzi. M\u00f6g\u00f6tte az Anoeta stadion \u00e1thelyez\u00e9se a v\u00e1rosrehabilit\u00e1ci\u00f3r\u00f3l \u00e1rulkodik: a kor\u00e1bbi futballp\u00e1lya lak\u00f3h\u00e1zaknak adott helyet, mik\u00f6zben a Polloe temet\u0151 D\u00e9l-Intxaurrondo k\u00fclv\u00e1rosi n\u00f6veked\u00e9se fel\u00e9 h\u00faz\u00f3dik.<\/p>\n<p>A v\u00e1ros keleti sz\u00e9l\u00e9n fekv\u0151 Intxaurrondo \u00e9s Altza p\u00e1rhuzamos t\u00f6rt\u00e9neteket mes\u00e9lnek a sz\u00e1zadk\u00f6zepi bev\u00e1ndorl\u00e1s \u00e1ltal el\u00e1rasztott vid\u00e9ki el\u0151zm\u00e9nyekr\u0151l \u2013 az Intxaurrondo Zar, a tizenhetedik sz\u00e1zadi paraszth\u00e1z, nemzeti eml\u00e9km\u0171k\u00e9nt \u00e1ll a lak\u00f3telepek k\u00f6z\u00f6tt, m\u00edg az Altza, amely 1910-ben m\u00e9g tany\u00e1k csoportja volt, az 1970-es \u00e9vekre felh\u0151karcol\u00f3k s\u0171r\u0171n lakott enkl\u00e1v\u00e9j\u00e1v\u00e1 n\u0151tte ki mag\u00e1t, lakoss\u00e1ga a m\u00e9rs\u00e9kelt cs\u00f6kken\u00e9s el\u0151tt meghaladta a harminck\u00e9tezer f\u0151t. Ezeken a negyedeken a t\u00e1rsadalmi infrastrukt\u00fara elmarad az \u00e9p\u00edtett k\u00f6rnyezett\u0151l: a Guardia Civil vitatott laktany\u00e1i \u00e9s a hullad\u00e9k\u00e9get\u00e9sre vagy b\u00fcntet\u0151int\u00e9zm\u00e9nyekre vonatkoz\u00f3, \u00fajonnan sz\u00fcletett javaslatok Zubieta-ban \u2013 Donostia exkl\u00e1v\u00e9j\u00e1ban \u2013 r\u00e1vil\u00e1g\u00edtanak a posztindusztri\u00e1lis urbanizmusban rejl\u0151 fesz\u00fclts\u00e9gekre.<\/p>\n<p>D\u00e9lebbre Ibaeta egykori gy\u00e1rak s\u00edk terep\u00e9t foglalja el, melyet most lak\u00f3t\u00f6mb\u00f6k \u00e9s az UPV-EHU \u00faj egyetemi campusa v\u00e1ltott fel, a Donostia Nemzetk\u00f6zi Fizikai K\u00f6zpont \u00e9s egy nanotechnol\u00f3giai int\u00e9zet mellett \u2013 ezek az int\u00e9zm\u00e9nyek a v\u00e1ros tud\u00e1salap\u00fa gazdas\u00e1gok fel\u00e9 t\u00f6rt\u00e9n\u0151 strat\u00e9giai elmozdul\u00e1s\u00e1nak jelk\u00e9pei. A foly\u00f3 d\u00e9lkeleti folyos\u00f3j\u00e1n h\u00faz\u00f3d\u00f3 Loiola \u00e9s Riberas de Loiola a kort\u00e1rs k\u00fclv\u00e1rosi formatervez\u00e9st illusztr\u00e1lj\u00e1k, Ciudad Jard\u00edn csal\u00e1di h\u00e1zait fel\u00faj\u00edtott lak\u00f3t\u00f6mb\u00f6k eg\u00e9sz\u00edtik ki, m\u00edg Martutene ipari \u00f6vezetei \u00e9s pusztul\u00f3 b\u00f6rt\u00f6ntelepe az infrastruktur\u00e1lis meg\u00fajul\u00e1s ellent\u00e9tes szakaszait hangs\u00falyozz\u00e1k.<\/p>\n<p>Ulia \u00e9s parkja mindenekel\u0151tt egy erdei ellenpontot k\u00edn\u00e1l: az \u0151si v\u00edztart\u00e1lyok \u00e9s faiskolai \u00e1gy\u00e1sok tan\u00faskodnak az \u00f6nkorm\u00e1nyzati kert\u00e9szeti programr\u00f3l, amely a huszadik sz\u00e1zad nagy r\u00e9sz\u00e9ben fenntartotta Donostia k\u00f6zkertjeit, m\u00e9g akkor is, amikor az 1980-as \u00e9vek \u00f3ta \u00faj oktat\u00e1si \u00e9s kultur\u00e1lis l\u00e9tes\u00edtm\u00e9nyeket \u00e9p\u00edtettek az als\u00f3 lejt\u0151k\u00f6n. A v\u00e1ros perem\u00e9n az A\u00f1orga farmok, amelyeket a huszadik sz\u00e1zad elej\u00e9n a Cementos Rezola gy\u00e1rak megjelen\u00e9se alak\u00edtott \u00e1t, egy h\u00e1romoldal\u00fa lak\u00f3parkot tartanak fenn \u2013 A\u00f1orga Haundi, A\u00f1orga-Txiki \u00e9s Rekalde \u2013, amelyek mindegyike vid\u00e9ki morfol\u00f3gia nyomelemeit hordozza az ipari korabeli lak\u00f3h\u00e1zak k\u00f6z\u00f6tt.<\/p>\n<p>A v\u00edzrajz, a domborzat \u00e9s az \u00e9ghajlat \u00f6sszefon\u00f3dik, hogy form\u00e1lj\u00e1k a v\u00e1ros mindennapi ritmus\u00e1t: az Urumea, amely egy csatorn\u00e1zott mederbe z\u00e1r\u00f3dik, egy k\u00f6zponti art\u00e9ri\u00e1t v\u00e1j, amelynek medr\u00e9t a huszadik sz\u00e1zad elej\u00e9n megv\u00e1ltoztatt\u00e1k a v\u00e1rosi n\u00f6veked\u00e9s el\u0151seg\u00edt\u00e9se \u00e9rdek\u00e9ben, m\u00edg a Vizcayai-\u00f6b\u00f6l \u00f3ce\u00e1ni \u00e9ghajlatot biztos\u00edt, amelyet h\u0171v\u00f6s, \u00e1tlagosan 8,9 \u00b0C-os janu\u00e1ri telek \u00e9s meleg, augusztusban 21,5 \u00b0C-os nyarak jellemeznek; az \u00e9vi mintegy 1650 mm-es csapad\u00e9kmennyis\u00e9g, amely egyenletesen oszlik el az \u00e9vszakok k\u00f6z\u00f6tt, de a naposabb h\u00f3napokban kiss\u00e9 cs\u00f6kken, hangs\u00falyozza a borult \u00e9gbolt \u00e9s a m\u00e9rs\u00e9kelt h\u0151m\u00e9rs\u00e9klet fel\u00e9 mutat\u00f3 meteorol\u00f3giai hajlamot, ami Donosti\u00e1nak z\u00f6ldell\u0151 hangulatot k\u00f6lcs\u00f6n\u00f6z, amely el\u00e1rasztja parkjait \u00e9s s\u00e9t\u00e1nyait.<\/p>\n<p>A k\u00f6zleked\u00e9si infrastrukt\u00fara meger\u0151s\u00edti Donostia region\u00e1lis csom\u00f3pontk\u00e9nt bet\u00f6lt\u00f6tt szerep\u00e9t: az Euskotren Trena h\u00e1l\u00f3zata \u00f6sszek\u00f6ti a v\u00e1rost Bilba\u00f3val \u00e9s a helyi metr\u00f3val, m\u00edg a Renfe Cercan\u00edas \u00e1llom\u00e1sa a nagyv\u00e1rosi k\u00f6rgy\u0171r\u0171t szolg\u00e1lja ki; a f\u0151 vas\u00fat\u00e1llom\u00e1s, amelyet 1864-ben avattak fel Gustave Eiffel f\u00e9mtet\u0151je alatt, egy f\u00f6ldalatti buszp\u00e1lyaudvar mellett tal\u00e1lhat\u00f3, a Maria Cristina h\u00edd \u2013 amely tisztelg\u00e9s a III. Alexandre h\u00edd el\u0151tt \u2013 pedig \u00f6sszek\u00f6ti a k\u00f6zleked\u00e9si csom\u00f3pontokat a t\u00f6rt\u00e9nelmi k\u00f6zponttal. A gyakori j\u00e1ratok Madridba \u00e9s a hat\u00e1ron \u00e1t Hendaye-be is eljutnak, csatlakozva Franciaorsz\u00e1g nemzeti vas\u00fath\u00e1l\u00f3zat\u00e1hoz, m\u00edg a l\u00e9gi \u00f6sszek\u00f6ttet\u00e9s a Hondarribia rep\u00fcl\u0151t\u00e9ren, valamint t\u00e1volabb Bilba\u00f3n (98 km-re) \u00e9s Biarritzon (50 km-re) kereszt\u00fcl biztos\u00edtja a nemzetk\u00f6zi el\u00e9rhet\u0151s\u00e9get.<\/p>\n<p>Gazdas\u00e1gi szempontb\u00f3l Donostia kisv\u00e1rosi ar\u00e1nyai m\u00f6g\u00f6tt ott rejt\u0151zik a szolg\u00e1ltat\u00e1si szektor, amely figyelemre m\u00e9lt\u00f3 er\u0151vel ir\u00e1ny\u00edtja a kereskedelmet \u00e9s a turizmust: az \u00f6nkorm\u00e1nyzat k\u00f6lts\u00e9gvet\u00e9si profilja a vend\u00e9gl\u00e1t\u00e1sra \u00e9s a kiskereskedelemre val\u00f3 t\u00e1maszkod\u00e1st mutatja, m\u00e9gis olyan esem\u00e9nyek, mint a t\u00f6bb mint \u00f6tven \u00e9vvel ezel\u0151tt alap\u00edtott Nemzetk\u00f6zi Filmfesztiv\u00e1l \u00e9s a j\u00falius v\u00e9g\u00e9n megrendezett, r\u00e9g\u00f3ta fenn\u00e1ll\u00f3 Jazzaldia fesztiv\u00e1l, olyan nemzetk\u00f6zi dimenzi\u00f3t biztos\u00edtanak a v\u00e1rosnak, amely messze meghaladja f\u00f6ldrajzi kiterjed\u00e9s\u00e9t. A 2016-os Eur\u00f3pa Kultur\u00e1lis F\u0151v\u00e1rosa kit\u00fcntet\u00e9s \u2013 amelyet Wroc\u0142awval megosztva adtak el \u2013 tov\u00e1bb n\u00f6velte Donostia kultur\u00e1lis preszt\u00edzs\u00e9t, hozz\u00e1j\u00e1rulva egy olyan fesztiv\u00e1lnapt\u00e1rhoz, amely a mozit, a zen\u00e9t \u00e9s a n\u00e9pi hagyom\u00e1nyokat \u00f6leli fel.<\/p>\n<p>A filmes elk\u00f6telezetts\u00e9g a f\u0151 fesztiv\u00e1lon t\u00falmutat\u00f3, niche \u00f6sszej\u00f6vetelekre is kiterjed: ilyen p\u00e9ld\u00e1ul a Street Mozinema Fesztiv\u00e1l, amely a v\u00e1rosi \u00e9s kort\u00e1rs audiovizu\u00e1lis m\u0171v\u00e9szetnek van szentelve; a minden okt\u00f3berben megrendez\u00e9sre ker\u00fcl\u0151 Horror \u00e9s Fantasy Filmfesztiv\u00e1l; \u00e9s a Surfilm Fesztiv\u00e1l, amely sz\u00f6rf t\u00e9m\u00e1j\u00fa r\u00f6vidfilmeket \u00e1ll\u00edt a k\u00f6z\u00e9ppontba. Az ilyen esem\u00e9nyek egy polifonikus m\u0171v\u00e9szeti sz\u00ednteret t\u00fckr\u00f6znek, amely kieg\u00e9sz\u00edti az olyan int\u00e9zm\u00e9nyeket, mint a San Telmo Museoa, ahol a baszk etnogr\u00e1fia \u00e9s a modern ki\u00e1ll\u00edt\u00e1si gyakorlat egy\u00fctt \u00e9l, eg\u00e9sz \u00e9vben k\u00edn\u00e1lva kutat\u00e1st a r\u00e9gi\u00f3 hagyom\u00e1nyair\u00f3l \u00e9s p\u00e1ly\u00e1j\u00e1r\u00f3l.<\/p>\n<p>M\u00e9gis tal\u00e1n a baszk gasztron\u00f3mia mindennapi ritu\u00e1l\u00e9iban nyilv\u00e1nul meg Donostia identit\u00e1sa a legk\u00e9zzelfoghat\u00f3bban. N\u00e9gy Michelin-csillagos \u00e9tteremnek \u2013 az Arzaknak a v\u00e1rosban, a Berasateguinak Lasarte-ban, az Akelarr\u00e9nek az Igeldo lejt\u0151in \u00e9s a Mugaritznak a k\u00f6zeli Errenteri\u00e1ban \u2013 ad otthont Donostia, amely a m\u00e1sodik helyen \u00e1ll a vil\u00e1gon az egy f\u0151re jut\u00f3 Michelin-d\u00edjak tekintet\u00e9ben, csak Kiot\u00f3 el\u0151zi meg. 2013-ban a vil\u00e1g 50 legjobb \u00e9tterme c\u00edm\u0171 lista szerint a vil\u00e1g t\u00edz legjobb \u00e9tterme k\u00f6z\u00fcl kett\u0151 a v\u00e1ros k\u00f6rny\u00e9k\u00e9n m\u0171k\u00f6d\u00f6tt, m\u00edg a pintxo kult\u00fara \u2013 a r\u00e9gi v\u00e1rosi b\u00e1rokban felszolg\u00e1lt apr\u00f3, gondosan elrendezett el\u0151\u00e9telek \u2013 egy bar\u00e1ts\u00e1gos kulin\u00e1ris hagyom\u00e1nyt testes\u00edt meg, amely \u00e9rt\u00e9keli a helyi alapanyagokat \u00e9s a k\u00f6z\u00f6ss\u00e9gi hangulatot. A Baszk Kulin\u00e1ris K\u00f6zpont, a vil\u00e1g els\u0151 olyan int\u00e9zm\u00e9nye, amely gasztron\u00f3miai egyetemi diplom\u00e1t ad, hangs\u00falyozza a v\u00e1ros szerep\u00e9t a gasztron\u00f3miai tudom\u00e1nyok inkub\u00e1torak\u00e9nt, folytatva az \u00edzlel\u0151birodalmak, vagyis a txok\u00f3k sor\u00e1t, amelyek legkor\u00e1bbi feljegyzett eml\u00edt\u00e9se 1870-b\u0151l sz\u00e1rmazik.<\/p>\n<p>Ezeket a gasztron\u00f3miai tev\u00e9kenys\u00e9geket a v\u00e1rosi \u00fcnneps\u00e9gek napt\u00e1ra bor\u00edtja, amelyek a k\u00f6z\u00f6ss\u00e9gi eml\u00e9kezetet \u00e9s az \u00e9vszakok ciklusait fogalmazz\u00e1k meg. Janu\u00e1r 20-\u00e1n \u00e9jf\u00e9lkor kibontakozik a Tamborrada: dobok sz\u00f3lalnak meg az Alkotm\u00e1ny t\u00e9ren, mik\u00f6zben a polg\u00e1rmester felvonja a v\u00e1rosi z\u00e1szl\u00f3t, ezzel kezdet\u00e9t v\u00e9ve a huszonn\u00e9gy \u00f3r\u00e1s folyamatos \u00fct\u0151hangszeres j\u00e1t\u00e9kot, amelyet a korabeli szak\u00e1cs- vagy katonaruh\u00e1kba \u00f6lt\u00f6z\u00f6tt r\u00e9sztvev\u0151k tartanak fenn \u2013 ez a ritu\u00e1l\u00e9 a tizennyolcadik sz\u00e1zadi templomi felvonul\u00e1sokb\u00f3l a tizenkilencedik sz\u00e1zadra formaliz\u00e1lt par\u00e1d\u00e9v\u00e1 fejl\u0151d\u00f6tt, Raimundo Sarriegui kompoz\u00edci\u00f3ival \u00e9s katonai st\u00edlus\u00fa egyenruh\u00e1ival kieg\u00e9sz\u00edtve; a t\u00f6rt\u00e9nelmi txok\u00f3kban tartott mag\u00e1n\u00f6sszej\u00f6vetelek sok\u00e1ig fenntartj\u00e1k a fesztiv\u00e1l vid\u00e1m hangulat\u00e1t, miut\u00e1n a dobok elhallgattak.<\/p>\n<p>Augusztus k\u00f6zep\u00e9n a La Semana Grande, vagyis az Aste Nagusia, \u00e9jszakai pirotechnikai versenyekkel t\u00f6lti meg a La Concha-\u00f6bl\u00f6t, amelyek nemzetk\u00f6zi brig\u00e1dokat vonzanak; zenekari el\u0151ad\u00e1sok \u00e9s gigantes \u00e9s cabezudo felvonul\u00e1sok d\u00edsz\u00edtik a k\u00f6ztereket, mik\u00f6zben a t\u00f6megek a s\u00e9t\u00e1nyon gy\u0171lnek \u00f6ssze egy kollekt\u00edv \u00fcnneps\u00e9gen, amely al\u00e1h\u00fazza a v\u00e1ros azon k\u00e9pess\u00e9g\u00e9t, hogy egyszerre n\u00e9pszer\u0171 \u00fcnneps\u00e9geket \u00e9s glob\u00e1lis l\u00e1tv\u00e1nyoss\u00e1gokat szervezzen. A szeptember eleji Baszk H\u00e9t a bertsolarik \u2013 improvizat\u00edv k\u00f6lt\u0151k \u2013 \u00e9s olyan vid\u00e9ki sportok bemutat\u00f3it id\u00e9zi meg, mint a k\u0151emel\u00e9sek \u00e9s az \u00f6k\u00f6rvontat\u00e1sok, amelyek a La Concha regatt\u00e1ban cs\u00facsosodnak ki, amelynek part menti csapatai olyan haj\u00f3kon versenyeznek, amelyek karcs\u00fa haj\u00f3testei has\u00edtj\u00e1k az \u00f6b\u00f6l viz\u00e9t, a tenger\u00e9szeti \u00f6r\u00f6ks\u00e9g bizony\u00edt\u00e9kak\u00e9nt.<\/p>\n<p>Csendesebb zugokban, janu\u00e1r v\u00e9g\u00e9n vagy febru\u00e1r elej\u00e9n, Santa Ageda Bezper\u00e1ban a k\u00f6rny\u00e9keket paraszti d\u00edszbe \u00f6lt\u00f6z\u00f6tt dalok \u00e9s bot\u00fct\u00e9sek \u00e9l\u00e9nk\u00edtik, szer\u00e9ny alamizsn\u00e1kat k\u00e9rve, egy olyan gyakorlatban, amely az el\u0151ad\u00e1st a k\u00f6z\u00f6ss\u00e9gi viszonoss\u00e1ggal \u00f6tv\u00f6zi. A febru\u00e1r els\u0151 szombatj\u00e1n megrendezett Caldereros fesztiv\u00e1l a karnev\u00e1l szellem\u00e9t id\u00e9zi: roma bark\u00e1csol\u00f3knak \u00f6lt\u00f6z\u00f6tt csoportok kanalak cs\u00f6rg\u00e9s\u00e9vel \u00e9s ed\u00e9nyek cs\u00f6rren\u00e9s\u00e9vel tark\u00edtj\u00e1k a v\u00e1rosi utc\u00e1kat, a V\u00e1rosh\u00e1z\u00e1n\u00e1l gy\u0171lnek \u00f6ssze \u00f6nkorm\u00e1nyzati k\u00eds\u00e9retre. December 21-\u00e9n Santo Tom\u00e1s szabadt\u00e9ri piacc\u00e1 alak\u00edtja a k\u00f6zpontot: a region\u00e1lis term\u00e9kek standjai, a ciderben \u00e1ztatott txistorr\u00e1val t\u00f6lt\u00f6tt talo lep\u00e9nykeny\u00e9rek \u00e9s az \u00e9l\u0151 diszn\u00f3 tombol\u00e1ja a Plaza Constituci\u00f3non meger\u0151s\u00edtik az agr\u00e1rkapcsolatokat a v\u00e1rosi k\u00f6rnyezetben. V\u00e9g\u00fcl, szenteste, Olentzero \u2013 egy jelk\u00e9pes fasz\u00e9nk\u00e9sz\u00edt\u0151 \u2013 alakja vonul v\u00e9gig a v\u00e1ros utc\u00e1in, hagyom\u00e1nyos ruh\u00e1ba \u00f6lt\u00f6z\u00f6tt kar\u00e1csonyi \u00e9nekesek k\u00eds\u00e9ret\u00e9ben, akiknek sz\u00e1ma n\u00e9ha megn\u0151, hogy t\u00fckr\u00f6zze a kort\u00e1rs t\u00e1rsadalmi \u00fcgyeket, a pog\u00e1ny folkl\u00f3rt a kereszt\u00e9ny \u00fcnnepl\u00e9ssel \u00f6tv\u00f6zve.<\/p>\n<p>\u00cdgy Donostia\/San Sebasti\u00e1n v\u00e1rosi palimpszesztk\u00e9nt mutatkozik meg: fizikai form\u00e1j\u00e1t foly\u00f3elterel\u00e9sek, rekultiv\u00e1lt vizes \u00e9l\u0151helyek \u00e9s dombtet\u0151n \u00e9p\u00fclt er\u0151d\u00edtm\u00e9nyek alkotj\u00e1k, kultur\u00e1lis identit\u00e1s\u00e1t a dobok pomp\u00e1ja \u00e9s a pintxo m\u0171v\u00e9szet finoms\u00e1gai k\u00f6z\u00f6tt v\u00e1ltakoz\u00f3 fesztiv\u00e1lok \u00edrj\u00e1k le, gazdas\u00e1g\u00e1t a szolg\u00e1ltat\u00e1sok alapozz\u00e1k meg, m\u00e9gis sz\u00e9les\u00edtik a film, a zene \u00e9s a gasztron\u00f3mia ir\u00e1nti elk\u00f6telezetts\u00e9g. Minden \u00e1tj\u00e1r\u00f3ban \u2013 legyen sz\u00f3 ak\u00e1r a Buen Pastor t\u00e9r \u00e1rk\u00e1dos kiterjed\u00e9s\u00e9r\u0151l, ak\u00e1r az Amara Berri modern sug\u00e1r\u00fatjair\u00f3l \u2013 a t\u00f6rt\u00e9nelem \u00e9s az innov\u00e1ci\u00f3 k\u00f6lcs\u00f6nhat\u00e1sa \u00e9rz\u00e9kelhet\u0151, egy olyan polg\u00e1ri ethosz, amely tiszteleg baszk gy\u00f6kerei el\u0151tt, mik\u00f6zben az \u00f6bl\u00f6n t\u00fali vil\u00e1ggal is kapcsolatba l\u00e9p. Egy ilyen v\u00e1ros, amely egyszerre bens\u0151s\u00e9ges l\u00e9pt\u00e9k\u0171 \u00e9s kiterjedt kultur\u00e1lis amb\u00edci\u00f3kkal rendelkezik, hangs\u00falyozza a hely erej\u00e9t mind a k\u00f6z\u00f6ss\u00e9gi identit\u00e1s, mind a nemzetk\u00f6zi p\u00e1rbesz\u00e9d alak\u00edt\u00e1s\u00e1ban.<\/p>","protected":false},"excerpt":{"rendered":"<p>San Sebasti\u00e1n hivatalos nev\u00e9n Donostia \/ San Sebasti\u00e1n, egy leny\u0171g\u00f6z\u0151 tengerparti v\u00e1ros Spanyolorsz\u00e1g baszk auton\u00f3m k\u00f6z\u00f6ss\u00e9g\u00e9ben. A gy\u00f6ny\u00f6r\u0171 Vizcayai-\u00f6b\u00f6lben f\u00e9szkelt, energikus v\u00e1roska 2021-ben 188 102 lakossal rendelkezik; nagyv\u00e1rosa 2010-ben 430 500 f\u0151t foglalt mag\u00e1ban. Mind\u00f6ssze h\u00fasz kilom\u00e9terre a francia-spanyol hat\u00e1rt\u00f3l, a v\u00e1ros strat\u00e9giai elhelyezked\u00e9se kulcsfontoss\u00e1g\u00fa volt gazdag kultur\u00e1lis k\u00e1rpitj\u00e1nak \u00e9s kereskedelmi jelent\u0151s\u00e9g\u00e9nek kialak\u00edt\u00e1s\u00e1ban.<\/p>","protected":false},"author":1,"featured_media":2876,"parent":13090,"menu_order":0,"comment_status":"closed","ping_status":"closed","template":"elementor_theme","meta":{"_eb_attr":"","footnotes":""},"class_list":["post-13171","page","type-page","status-publish","has-post-thumbnail"],"_links":{"self":[{"href":"https:\/\/travelshelper.com\/hu\/wp-json\/wp\/v2\/pages\/13171","targetHints":{"allow":["GET"]}}],"collection":[{"href":"https:\/\/travelshelper.com\/hu\/wp-json\/wp\/v2\/pages"}],"about":[{"href":"https:\/\/travelshelper.com\/hu\/wp-json\/wp\/v2\/types\/page"}],"author":[{"embeddable":true,"href":"https:\/\/travelshelper.com\/hu\/wp-json\/wp\/v2\/users\/1"}],"replies":[{"embeddable":true,"href":"https:\/\/travelshelper.com\/hu\/wp-json\/wp\/v2\/comments?post=13171"}],"version-history":[{"count":0,"href":"https:\/\/travelshelper.com\/hu\/wp-json\/wp\/v2\/pages\/13171\/revisions"}],"up":[{"embeddable":true,"href":"https:\/\/travelshelper.com\/hu\/wp-json\/wp\/v2\/pages\/13090"}],"wp:featuredmedia":[{"embeddable":true,"href":"https:\/\/travelshelper.com\/hu\/wp-json\/wp\/v2\/media\/2876"}],"wp:attachment":[{"href":"https:\/\/travelshelper.com\/hu\/wp-json\/wp\/v2\/media?parent=13171"}],"curies":[{"name":"wp","href":"https:\/\/api.w.org\/{rel}","templated":true}]}}