{"id":13090,"date":"2024-09-17T12:22:17","date_gmt":"2024-09-17T12:22:17","guid":{"rendered":"https:\/\/travelshelper.com\/staging\/?page_id=13090"},"modified":"2026-03-12T23:26:32","modified_gmt":"2026-03-12T23:26:32","slug":"spanyolorszag","status":"publish","type":"page","link":"https:\/\/travelshelper.com\/hu\/destinations\/europe\/spain\/","title":{"rendered":"Spanyolorsz\u00e1g"},"content":{"rendered":"<p>Spanyolorsz\u00e1g 505 992 n\u00e9gyzetkilom\u00e9teres kiterjed\u00e9s\u0171 ter\u00fcletk\u00e9nt jelenik meg D\u00e9l- \u00e9s Nyugat-Eur\u00f3p\u00e1ban \u2013 kiterjesztve szuverenit\u00e1s\u00e1t az Ib\u00e9riai-f\u00e9lsziget nagy r\u00e9sz\u00e9re, a Bale\u00e1r- \u00e9s Kan\u00e1ri-szigetekre, valamint Ceuta \u00e9s Melilla auton\u00f3m enkl\u00e1v\u00e9ira \u00c9szak-Afrik\u00e1ban \u2013, \u00e9s a 2025-\u00f6s adatok szerint 49 153 849 lakos\u00fa (49 153 849 lakos) lakoss\u00e1g\u00e1val az Eur\u00f3pai Uni\u00f3 negyedik legn\u00e9pesebb tag\u00e1llama; f\u0151v\u00e1rosa, Madrid, olyan nagyv\u00e1rosok konstell\u00e1ci\u00f3j\u00e1nak k\u00f6zpontja, mint Barcelona, \u200b\u200bValencia, Sevilla, Zaragoza, M\u00e1laga, Murcia \u00e9s Palma de Mallorca, amelyek mindegyike hozz\u00e1j\u00e1rul az orsz\u00e1g dinamikus demogr\u00e1fiai k\u00e9p\u00e9hez.<\/p>\n<p>Spanyolorsz\u00e1g topogr\u00e1fi\u00e1ja a legkor\u00e1bbi, Eur\u00f3p\u00e1n \u00e9s Afrik\u00e1n \u00e1tny\u00fal\u00f3 transzkontinent\u00e1lis \u00e1llamk\u00e9nt val\u00f3 felt\u00e9rk\u00e9pez\u00e9s\u00e9t\u0151l fogva tart\u00f3s leny\u0171g\u00f6z\u00e9st keltett a t\u00e9rk\u00e9p\u00e9szek \u00e9s az utaz\u00f3k k\u00f6r\u00e9ben egyar\u00e1nt; ott a Pireneusok f\u00e9lelmetes \u00e9szakkeleti hat\u00e1rt h\u00faznak Franciaorsz\u00e1ggal \u00e9s Andorr\u00e1val, m\u00edg nyugaton 1214 kilom\u00e9ter hossz\u00fa, megszak\u00edt\u00e1s n\u00e9lk\u00fcli hat\u00e1rvonal hat\u00e1rozza meg k\u00f6z\u00f6s hat\u00e1r\u00e1t Portug\u00e1li\u00e1val. Az Ib\u00e9riai-hegys\u00e9g magas fenns\u00edkjaival \u2013 amelyeket Meseta Central n\u00e9ven ismernek \u2013 a Sistema Central kett\u00e9v\u00e1g, fokozatosan engedi \u00e1t mag\u00e1t \u00e9szakon a Kant\u00e1briai-hegys\u00e9gnek, d\u00e9len pedig a Baetikus-rendszernek, ahol a 3478 m\u00e9teres Mulhac\u00e9n cs\u00facs \u00e9s a 3718 m\u00e9teres Teide akt\u00edv vulk\u00e1ni cs\u00facsa a geol\u00f3giai er\u0151k monument\u00e1lis bizony\u00edt\u00e9kai. Az olyan foly\u00f3k, mint a Tagus, az Ebro, a Guadiana \u00e9s a Guadalquivir term\u00e9keny v\u00f6lgyeket \u00e9s hordal\u00e9kos s\u00edks\u00e1gokat v\u00e1jnak ki \u2013 amelyek k\u00f6z\u00fcl a legnagyobb Andal\u00fazi\u00e1ban h\u00faz\u00f3dik \u2013, amelyek a f\u00f6ldet olyan v\u00edzi utak h\u00e1l\u00f3zat\u00e1ba k\u00f6tik \u00f6ssze, amelyek egym\u00e1st k\u00f6vet\u0151 civiliz\u00e1ci\u00f3kat tartottak fenn; ezeken t\u00fal fekszenek a Bale\u00e1r-tenger \u00e9s az Atlanti-\u00f3ce\u00e1n sz\u00e9tsz\u00f3rt szigetei \u2013 k\u00f6zt\u00fck Mallorca, Menorca, Tenerife, Gran Canaria, Lanzarote \u00e9s Fuerteventura \u2013, amelyek mindegyike auton\u00f3m korm\u00e1nyzati strukt\u00far\u00e1kkal rendelkezik, amelyek t\u00fckr\u00f6zik a spanyol alkotm\u00e1ny szigeti saj\u00e1toss\u00e1gok elismer\u00e9s\u00e9t.<\/p>\n<p>Spanyolorsz\u00e1g \u00e9ghajlatilag felt\u0171n\u0151en sokf\u00e9le z\u00f3n\u00e1t testes\u00edt meg, a domin\u00e1ns mediterr\u00e1n t\u00edpus mind Andal\u00fazia, Extremadura \u00e9s Kaszt\u00edlia sz\u00e1razf\u00f6ldi forr\u00f3 ny\u00e1ri (Csa) r\u00e9gi\u00f3iban, mind az \u00e9szak-k\u00f6z\u00e9ps\u0151 fenns\u00edkok meleg ny\u00e1ri (Csb) enkl\u00e1v\u00e9iban \u00e9s Gal\u00edcia es\u0151s ter\u00fcletein nyilv\u00e1nul meg; f\u00e9lsz\u00e1raz kiterjed\u00e9sek \u00f6lelik fel Murcia d\u00e9lkeleti \u00e9s valenciai ter\u00fcleteit, m\u00edg az \u00f3ce\u00e1ni Cfb rendszer m\u00e9rs\u00e9kli a z\u00f6ldell\u0151 Baszkf\u00f6ldet, Kant\u00e1bri\u00e1t, Aszt\u00fari\u00e1t, valamint Gal\u00edcia \u00e9s Navarra egyes r\u00e9szeit. Magasabb tengerszint feletti magass\u00e1gban az alpesi \u00e9s kontinent\u00e1lis v\u00e1ltozatok \u00e9rv\u00e9nyes\u00fclnek, \u00e9s a Kan\u00e1ri-szigetek sz\u00e1raz alf\u00f6ldjei, amelyek leghidegebb h\u00f3napjainak \u00e1tlagos h\u0151m\u00e9rs\u00e9klete 18 \u00b0C felett van, megk\u00f6zel\u00edtik a tr\u00f3pusi \u00e9rz\u00e9kenys\u00e9get, m\u00e9gis az uralkod\u00f3 sz\u00e1razs\u00e1g miatt tov\u00e1bbra is sz\u00e1raz hat\u00e1rok k\u00f6z\u00e9 tartoznak. Az \u00e9ghajlati v\u00e1ltoz\u00e1sokkal kapcsolatos n\u00f6vekv\u0151 aggodalmak arra k\u00e9sztett\u00e9k Spanyolorsz\u00e1got, hogy az energiatermel\u00e9sben a nap- \u00e9s sz\u00e9lenergia fel\u00e9 forduljon, amit a gyakoribb h\u0151hull\u00e1mok, a s\u00falyosbod\u00f3 asz\u00e1lyos id\u0151szakok \u00e9s a v\u00edzk\u00e9szletekre nehezed\u0151, a mez\u0151gazdas\u00e1gi mint\u00e1kat \u00e9s a hidrol\u00f3giai egyens\u00falyt \u00fajra\u00e9rtelmez\u0151 nyom\u00e1s motiv\u00e1lt.<\/p>\n<p>Az 1978-as alkotm\u00e1ny kihirdet\u00e9se \u00f3ta Spanyolorsz\u00e1g vil\u00e1gi parlamenti demokr\u00e1ci\u00e1v\u00e1 fejl\u0151d\u00f6tt, VI. F\u00fcl\u00f6p kir\u00e1ly vezette alkotm\u00e1nyos monarchia alatt. Ez az \u201eauton\u00f3mi\u00e1k \u00e1llama\u201d sz\u00e9lesk\u00f6r\u0171 t\u00f6rv\u00e9nyhoz\u00e1si \u00e9s v\u00e9grehajt\u00f3i auton\u00f3mi\u00e1t biztos\u00edt tizenh\u00e9t auton\u00f3m k\u00f6z\u00f6ss\u00e9gnek \u00e9s k\u00e9t auton\u00f3m v\u00e1rosnak, amelyek k\u00f6z\u00fcl n\u00e9h\u00e1ny \u2013 nevezetesen Baszkf\u00f6ld \u00e9s Navarra \u2013 teljes k\u00f6r\u0171 k\u00f6lts\u00e9gvet\u00e9si el\u0151jogokat tart fenn, amelyek a ker\u00fcleti okm\u00e1nyokban gy\u00f6kereznek. Minden k\u00f6z\u00f6ss\u00e9g, amely tartom\u00e1nyokra, majd tov\u00e1bb \u00f6nkorm\u00e1nyzatokra szervez\u0151dik, kezeli az eg\u00e9szs\u00e9g\u00fcgyet \u00e9s az oktat\u00e1st, \u00e9s t\u00f6bb esetben k\u00fcl\u00f6n rend\u0151ri er\u0151ket ir\u00e1ny\u00edt \u2013 t\u00f6bbek k\u00f6z\u00f6tt a baszkf\u00f6ldi Ertzaintz\u00e1t, a katal\u00e1n Mossos d&#039;Esquadr\u00e1t \u00e9s a Polic\u00eda Canari\u00e1t \u2013, kiemelve az aszimmetrikus decentraliz\u00e1ci\u00f3t, amely Spanyolorsz\u00e1g er\u0151sen decentraliz\u00e1lt korm\u00e1nyz\u00e1s\u00e1t jellemzi. Ennek ellen\u00e9re a nemzeti hat\u00e1sk\u00f6r\u00f6k tov\u00e1bbra is fenn\u00e1llnak, amelyeket az egys\u00e9g \u00e9s a region\u00e1lis soksz\u00edn\u0171s\u00e9g egyens\u00faly\u00e1t c\u00e9lz\u00f3 szil\u00e1rd alkotm\u00e1nyos keret tart fenn.<\/p>\n<p>Gazdas\u00e1gi szempontb\u00f3l Spanyolorsz\u00e1g a tizenkettedik helyet foglalja el a vil\u00e1gon a nomin\u00e1lis brutt\u00f3 hazai term\u00e9k (GDP) alapj\u00e1n \u2013 \u00e9vi meghaladja az egybilli\u00f3 doll\u00e1rt \u2013, \u00e9s az euro\u00f6vezet negyedik legnagyobb gazdas\u00e1ga. A vegyes piaci paradigma, amely mag\u00e1ban foglalja a szoci\u00e1lis j\u00f3l\u00e9ti ell\u00e1t\u00e1sokat \u00e9s a strat\u00e9giai \u00e1llami beavatkoz\u00e1st, a soksz\u00edn\u0171 ipari b\u00e1zis alapj\u00e1t k\u00e9pezi, amelynek exportorient\u00e1lts\u00e1g\u00e1t az aut\u00f3ipar testes\u00edti meg: 2023-ban Spanyolorsz\u00e1g 2,45 milli\u00f3 j\u00e1rm\u0171vet gy\u00e1rtott, t\u00f6bb mint 2,1 milli\u00f3 darabot export\u00e1lt, \u00e9s a nemzeti export 18 sz\u00e1zal\u00e9k\u00e1t tette ki; az ebb\u0151l ered\u0151 18,8 milli\u00e1rd eur\u00f3s k\u00fcls\u0151 t\u00f6bblet meger\u0151s\u00edtette az \u00e1gazat k\u00f6zel k\u00e9tmilli\u00f3 munkahely, azaz a munkaer\u0151 nagyj\u00e1b\u00f3l 9 sz\u00e1zal\u00e9k\u00e1nak t\u00e1mogat\u00e1s\u00e1t. Ezzel egyidej\u0171leg Spanyolorsz\u00e1g Nemzetk\u00f6zi Valutaalap \u00e1ltali fejlett gazdas\u00e1gk\u00e9nt val\u00f3 besorol\u00e1sa \u00e9s a Vil\u00e1gbank magas j\u00f6vedelm\u0171nek min\u0151s\u00edt\u00e9se folyamatos b\u0151v\u00fcl\u00e9st t\u00fckr\u00f6z; s\u0151t, 2024-ben a vil\u00e1g leggyorsabban n\u00f6vekv\u0151 jelent\u0151s fejlett gazdas\u00e1g\u00e1v\u00e1 v\u00e1lt, a n\u00f6veked\u00e9si \u00fctem majdnem n\u00e9gyszerese az euro\u00f6vezet n\u00f6veked\u00e9si \u00fctem\u00e9nek.<\/p>\n<p>A turizmus a nemzeti j\u00f6vedelem egyik pill\u00e9re, Spanyolorsz\u00e1g 2024-ben leny\u0171g\u00f6z\u0151, 94 milli\u00f3 l\u00e1togat\u00f3t fogadott, \u00e9s mintegy 126 milli\u00e1rd eur\u00f3s nemzetk\u00f6zi turisztikai bev\u00e9telt gener\u00e1lt. Sokoldal\u00fa vonzereje \u2013 a F\u00f6ldk\u00f6zi-tenger \u00e9s az Atlanti-\u00f3ce\u00e1n felett h\u00faz\u00f3d\u00f3 naps\u00fct\u00f6tte partszakaszok, az \u00e9p\u00edt\u00e9szeti \u00f6r\u00f6ks\u00e9gben gazdag t\u00f6rt\u00e9nelmi v\u00e1rosok \u00e9s a j\u00f3l fejlett k\u00f6zleked\u00e9si infrastrukt\u00fara \u2013 Spanyolorsz\u00e1got a m\u00e1sodik helyre emelte a glob\u00e1lis turisztikai \u00e9rkez\u00e9sek sz\u00e1m\u00e1ban, csak Franciaorsz\u00e1g el\u0151zi meg. A madridi sz\u00e9khely\u0171 Turisztikai Vil\u00e1gszervezet (WTO) igazolja Spanyolorsz\u00e1g k\u00f6zponti szerep\u00e9t a glob\u00e1lis utaz\u00e1si diskurzusban. B\u00e1r a ny\u00e1ri h\u00f3napokban cs\u00facsforgalomban vannak az andal\u00faz m\u0171eml\u00e9kek, mint p\u00e9ld\u00e1ul a granadai Alhambra \u00e9s a c\u00f3rdobai Mezquita, a szezonon k\u00edv\u00fcli tart\u00f3zkod\u00e1sok azokat jutalmazz\u00e1k, akik enyh\u00e9bb \u00e9ghajlatra \u00e9s kisebb l\u00e1togat\u00f3i l\u00e9tsz\u00e1mra v\u00e1gynak, lehet\u0151v\u00e9 t\u00e9ve a monument\u00e1lis helysz\u00ednek \u00e9s a bels\u0151 ter\u00fcletek lank\u00e1s sz\u0151l\u0151\u00fcltetv\u00e9nyeinek elm\u00e9lked\u00e9s\u00e9t.<\/p>\n<p>Spanyolorsz\u00e1g k\u00f6zleked\u00e9si h\u00e1l\u00f3zata tov\u00e1bbra is kiemelked\u0151 Eur\u00f3p\u00e1ban, a kontinens leghosszabb nagysebess\u00e9g\u0171 vas\u00fatvonalaival b\u00fcszk\u00e9lkedhet \u2013 2025 febru\u00e1ri adatok szerint 3973 kilom\u00e9ter \u2013, amelyek Madridot, Barcelon\u00e1t, Valenci\u00e1t, Sevill\u00e1t, M\u00e1lag\u00e1t \u00e9s Zaragoz\u00e1t k\u00f6tik \u00f6ssze, k\u00f6zel 330 km\/h \u00fczemi sebess\u00e9ggel. A glob\u00e1lis versenyt\u00e1rsak k\u00f6z\u00fcl csak K\u00edna h\u00e1l\u00f3zata m\u00falja fel\u00fcl Spanyolorsz\u00e1g\u00e9t hosszban, \u00e9s a spanyol nagysebess\u00e9g\u0171 szolg\u00e1ltat\u00e1s h\u00edres pontoss\u00e1ga \u2013 98,5 sz\u00e1zal\u00e9kos pontoss\u00e1g \u2013 csak a jap\u00e1n Shinkansen m\u00f6g\u00f6tt \u00e1ll. A k\u00f6zpontilag koordin\u00e1lt \u00fath\u00e1l\u00f3zat Madridb\u00f3l hat f\u0151 aut\u00f3p\u00e1ly\u00e1n kereszt\u00fcl sug\u00e1rzik, amelyeket az Atlanti-\u00f3ce\u00e1n, a Kant\u00e1briai \u00e9s a F\u00f6ldk\u00f6zi-tenger partvid\u00e9k\u00e9n \u00e1t\u00edvel\u0151 f\u0151\u00fatvonalak eg\u00e9sz\u00edtenek ki. A l\u00e9gi k\u00f6zleked\u00e9si infrastrukt\u00fara 47 nyilv\u00e1nos rep\u00fcl\u0151teret foglal mag\u00e1ban, a Madrid\u2013Barajas rep\u00fcl\u0151t\u00e9r 2023-ban 60 milli\u00f3 utast szolg\u00e1lt ki \u2013 ez a tizen\u00f6t\u00f6dik helyen \u00e1llt a vil\u00e1gon \u00e9s a harmadik az Eur\u00f3pai Uni\u00f3ban \u2013, a Barcelona\u2013El Prat rep\u00fcl\u0151t\u00e9r pedig 50 milli\u00f3 utaz\u00f3t fogad.<\/p>\n<p>Demogr\u00e1fiailag Spanyolorsz\u00e1g n\u00e9ps\u0171r\u0171s\u00e9ge n\u00e9gyzetkilom\u00e9terenk\u00e9nt 97 lakossal elmarad a legt\u00f6bb nyugat-eur\u00f3pai orsz\u00e1g\u00e9t\u00f3l, n\u00e9ps\u0171r\u0171s\u00e9ge er\u0151sen a tengerparti folyos\u00f3k \u00e9s a madridi agglomer\u00e1ci\u00f3 fel\u00e9 nehezedik. A term\u00e9kenys\u00e9gi r\u00e1ta azonban 2023-ra 1,12 gyermekre cs\u00f6kkent n\u0151nk\u00e9nt \u2013 ami j\u00f3val a reprodukci\u00f3s szint alatt van \u2013, \u00e9s Spanyolorsz\u00e1got a vil\u00e1g egyik legid\u0151sebb n\u00e9pess\u00e9g\u00e9v\u00e9 teszi, 43,1 \u00e9ves \u00e1tlag\u00e9letkorral. Az \u0151slakos spanyolok a lakosok k\u00f6r\u00fclbel\u00fcl 80,7 sz\u00e1zal\u00e9k\u00e1t teszik ki, m\u00edg a bev\u00e1ndorl\u00f3k \u2013 akik a lakoss\u00e1g t\u00f6bb mint 19 sz\u00e1zal\u00e9k\u00e1t teszik ki \u2013 f\u0151k\u00e9nt Latin-Amerik\u00e1b\u00f3l (39 sz\u00e1zal\u00e9k), \u00c9szak-Afrik\u00e1b\u00f3l (16 sz\u00e1zal\u00e9k) \u00e9s Kelet-Eur\u00f3p\u00e1b\u00f3l (15 sz\u00e1zal\u00e9k) sz\u00e1rmaznak, tov\u00e1bbi be\u00e1raml\u00e1sokkal a szubszaharai Afrik\u00e1b\u00f3l \u00e9s \u00c1zsi\u00e1b\u00f3l. Ez a demogr\u00e1fiai mozaik, amelyet a r\u00e9g\u00f3ta fenn\u00e1ll\u00f3 diaszp\u00f3rakapcsolatok \u00e9s a kultur\u00e1lis pluralizmus gazdag\u00edt, nyelvi, kulin\u00e1ris \u00e9s t\u00e1rsadalmi heterogenit\u00e1ssal ruh\u00e1zta fel Spanyolorsz\u00e1g v\u00e1rosk\u00f6zpontjait.<\/p>\n<p>Spanyolorsz\u00e1g kultur\u00e1lis sz\u00f6vet\u00e9t \u00e9vezredeknyi vall\u00e1si, cs\u00e1sz\u00e1ri \u00e9s m\u0171v\u00e9szeti \u00e1ramlat sz\u00f6vi \u00e1t. A katolikus egyh\u00e1z, amely k\u00f6zponti szerepet j\u00e1tszik a f\u00e9lsziget k\u00f6z\u00e9pkori \u00e9s modern identit\u00e1s\u00e1ban, katedr\u00e1lisok, kolostorok \u00e9s k\u00f6rmeneti hagyom\u00e1nyok \u00e9p\u00edt\u00e9szeti \u00f6r\u00f6ks\u00e9g\u00e9t hagyta h\u00e1tra. A m\u00f3r hat\u00e1sok megmaradtak a stukk\u00f3d\u00edsz\u00edt\u00e9s\u0171 palot\u00e1kban \u2013 legf\u0151k\u00e9ppen az Alhambr\u00e1ban \u2013 \u00e9s a mud\u00e9jar st\u00edlusban, amely \u00f6tv\u00f6zte az iszl\u00e1m, a kereszt\u00e9ny \u00e9s a zsid\u00f3 eszt\u00e9tikai elveket. A renesz\u00e1nsz \u00e9s a barokk form\u00e1k egym\u00e1st k\u00f6vet\u0151 t\u00e9rnyer\u00e9se grandi\u00f3zus egyh\u00e1zi \u00e9p\u00fcleteket eredm\u00e9nyezett Salamanc\u00e1ban, Sevill\u00e1ban \u00e9s \u00dabed\u00e1ban, m\u00edg a modernizmus vir\u00e1gkor\u00e1t \u00e9lte a huszadik sz\u00e1zad eleji Barcelon\u00e1ban a l\u00e1tnok Antoni Gaud\u00ed vezet\u00e9s\u00e9vel. A kort\u00e1rs spanyol \u00e9p\u00edt\u00e9szek \u2013 k\u00f6zt\u00fck Rafael Moneo, Ricardo Bofill \u00e9s Santiago Calatrava \u2013 nemzetk\u00f6zi elismer\u00e9st \u00e9rtek el, tov\u00e1bb emelve Spanyolorsz\u00e1g \u00e9p\u00edt\u00e9szeti profilj\u00e1t.<\/p>\n<p>Spanyolorsz\u00e1g kulin\u00e1ris kifejez\u00e9sm\u00f3dja h\u00e1rom f\u0151 region\u00e1lis hagyom\u00e1nyra oszlik: a F\u00f6ldk\u00f6zi-tenger partvid\u00e9k\u00e9re, ahol a tenger gy\u00fcm\u00f6lcsei \u00e9s rizses \u00e9telek, mint p\u00e9ld\u00e1ul a paella \u00e9s az arr\u00f2s negre domin\u00e1lnak; Bels\u0151-Kaszt\u00edli\u00e1ra, amelyet a kiad\u00f3s p\u00f6rk\u00f6ltek, mint p\u00e9ld\u00e1ul a cocido madrile\u00f1o, \u00e9s a tart\u00f3s\u00edtott hentes\u00e1ruk, mint a jam\u00f3n ib\u00e9rico jellemeznek; \u00e9s az Atlanti-\u00f3ce\u00e1n \u00e9szaki r\u00e9sz\u00e9re, ahol a halalap\u00fa guis\u00f3k \u2013 k\u00f6zt\u00fck a caldo gallego \u00e9s a marmitako \u2013 \u00e9s a k\u00f6nny\u0171 \u00e9rlel\u00e9s\u0171 lac\u00f3n sonka \u00fcnneplik az \u00f3ce\u00e1ni b\u0151s\u00e9get. Az orsz\u00e1g ol\u00edvaolaja, amelyet naps\u00fct\u00f6tte andal\u00faz ligetekben termesztenek, mind a f\u0151z\u00e9s, mind az \u00edzes\u00edt\u00e9s alapvet\u0151 k\u00f6zege. A fesztiv\u00e1lok is meghat\u00e1rozz\u00e1k a kultur\u00e1lis napt\u00e1rat: San Ferm\u00edn \u00e9ves felvonul\u00e1sa Pamplon\u00e1ban, La Tomatina paradicsomdob\u00e1l\u00f3 mulats\u00e1ga, Valencia Fallas pirotechnik\u00e1ja \u00e9s Andal\u00fazia nagyheti felvonul\u00e1sai a k\u00f6z\u00f6ss\u00e9gi ritu\u00e1l\u00e9k \u00e9s par\u00e1d\u00e9k m\u00e9lys\u00e9g\u00e9t illusztr\u00e1lj\u00e1k.<\/p>\n<p>Spanyolorsz\u00e1g v\u00e1rosai hemzsegnek az \u00f6r\u00f6ks\u00e9g r\u00e9sz\u00e9t k\u00e9pez\u0151 v\u00e1rosokt\u00f3l, amelyek monument\u00e1lis magjai a h\u00f3d\u00edt\u00e1s, a kereskedelem \u00e9s a kreativit\u00e1s r\u00e9tegeit t\u00fckr\u00f6zik. C\u00f3rdoba v\u00f6r\u00f6s-feh\u00e9r bolt\u00edvei a kalif\u00e1lis pomp\u00e1r\u00f3l \u00e1rulkodnak; a sevillai katedr\u00e1lis \u00e9s az Alc\u00e1zar az amerikai kontinenssel val\u00f3 aranykori kik\u00f6t\u0151i kapcsolatokra eml\u00e9keztet; Toledo dombtet\u0151n kanyarg\u00f3s utc\u00e1i a v\u00e1ros k\u00f6z\u00e9pkori szerep\u00e9t id\u00e9zik fel, mint egykori vizig\u00f3t, majd kaszt\u00edliai f\u0151v\u00e1ros; Santiago de Compostela pedig tov\u00e1bbra is a Szent Jakab-\u00fat cs\u00facspontja, rom\u00e1n st\u00edlus\u00fa homlokzatai szakr\u00e1lis komolys\u00e1got \u00e1rasztanak. \u00c9szakon Bilbao Guggenheim M\u00fazeuma \u2013 a posztindusztri\u00e1lis renesz\u00e1nsz tit\u00e1nbor\u00edt\u00e1s\u00fa jelk\u00e9pe \u2013 Vitoria-Gasteiz k\u00f6z\u00e9pkori negyede mellett tal\u00e1lhat\u00f3; Barcelona g\u00f3tikus negyede g\u00f3tikus boltozatos kereng\u0151ket \u00e9s modernista homlokzatokat k\u00edn\u00e1l egyetlen v\u00e1rosi tabl\u00f3ban.<\/p>\n<p>Spanyolorsz\u00e1g m\u00fazeumai, m\u0171v\u00e9szi \u00f6r\u00f6ks\u00e9g\u00e9nek t\u00e1rh\u00e1zai, El Greco megny\u00fajtott alakjait\u00f3l Picasso kubista t\u00f6r\u00e9sein \u00e9s Dal\u00ed sz\u00fcrre\u00e1lis torz\u00edt\u00e1sain \u00e1t\u00edvel\u0151 korszakokat \u00f6lelnek fel. A madridi Prado kir\u00e1lyi gy\u0171jtem\u00e9nyeket \u0151rzi, Vel\u00e1zquez, Goya \u00e9s Rubens remekm\u0171veivel, m\u00edg a szomsz\u00e9dos Reina Sof\u00eda a huszadik sz\u00e1zadi nagys\u00e1gokat mutatja be, legh\u00edresebb Picasso Guernic\u00e1ja. A barcelonai Picasso M\u00fazeum a fest\u0151 form\u00e1l\u00f3d\u00f3 \u00e9veit k\u00f6veti nyomon, M\u00e1laga \u2013 Picasso sz\u00fcl\u0151helye \u2013 pedig elk\u00f6telezett int\u00e9zm\u00e9nyekkel tiszteleg \u00f6r\u00f6ks\u00e9ge el\u0151tt. Figueres azt \u00e1ll\u00edtja, hogy Dal\u00ed n\u00e9vad\u00f3 m\u00fazeuma, amelyet maga a m\u0171v\u00e9sz tervezett, \u00e9s a bilba\u00f3i Guggenheim a kort\u00e1rs m\u0171v\u00e9szet \u00e9s \u00e9p\u00edt\u00e9szet ikonj\u00e1v\u00e1 v\u00e1lt.<\/p>\n<p>Spanyolorsz\u00e1g hatalmas ter\u00fclet\u00e9nek \u00e9s gazdag hagyom\u00e1nyainak k\u00f6sz\u00f6nhet\u0151en dacol a leegyszer\u0171s\u00edt\u0151 \u00f6sszefoglal\u00e1ssal. \u00d6sszetett identit\u00e1sa \u2013 melyet r\u00f3mai utak, vizig\u00f3t kir\u00e1lys\u00e1gok, iszl\u00e1m emir\u00e1tusok \u00e9s Habsburg udvarok form\u00e1ltak \u2013 folyamatosan fejl\u0151dik a region\u00e1lis auton\u00f3mia centrifug\u00e1lis er\u0151i \u00e9s a nemzeti egys\u00e9g centripet\u00e1lis vonz\u00e1sa r\u00e9v\u00e9n. Az \u00e9vszakok egym\u00e1sut\u00e1nis\u00e1ga \u00faj aspektusokat t\u00e1r fel: a t\u00e9li k\u00f6d a Sierra Nevad\u00e1n, a tavaszi mandulavir\u00e1gz\u00e1s kavalk\u00e1dja Mallorc\u00e1n, a ny\u00e1ri krist\u00e1lytiszta vizek a Costa Brava ment\u00e9n, \u00e9s az \u0151sz a sz\u0151l\u0151\u00fcltetv\u00e9nyek sz\u00ednpomp\u00e1s \u00e1talakul\u00e1sa La Rioja-ban. Spanyolorsz\u00e1g soksz\u00edn\u0171 \u00f6r\u00f6ks\u00e9ge minden tartom\u00e1nyban \u00e9s telep\u00fcl\u00e9sen tov\u00e1bb \u00e9l, arra h\u00edvva az utaz\u00f3t, hogy ne mitikus titkokat keressen, hanem t\u00e1j\u00e9kozott szemmel figyelje meg a m\u00falt \u00e9s a jelen tart\u00f3s k\u00f6lcs\u00f6nhat\u00e1s\u00e1t egy olyan f\u00f6ld\u00f6n, amely \u00f6r\u00f6kk\u00e9 \u00e9l saj\u00e1t t\u00f6rt\u00e9netes \u00f6r\u00f6ks\u00e9g\u00e9ben.<\/p>","protected":false},"excerpt":{"rendered":"<p>Spanyolorsz\u00e1g, amelyet hivatalosan Spanyol Kir\u00e1lys\u00e1gk\u00e9nt emlegetnek, jelent\u0151s soksz\u00edn\u0171s\u00e9g \u00e9s t\u00f6rt\u00e9nelmi jelent\u0151s\u00e9g jellemzi D\u00e9lnyugat-Eur\u00f3p\u00e1ban. Az Ib\u00e9riai-f\u00e9lsziget nagy r\u00e9sz\u00e9t Spanyolorsz\u00e1g foglalja el, amelynek strat\u00e9giai helyzete Eur\u00f3pa \u00e9s Afrika tal\u00e1lkoz\u00e1s\u00e1n\u00e1l nagyban befoly\u00e1solta m\u00faltbeli fejl\u0151d\u00e9s\u00e9t. 2023-ban mintegy 47 milli\u00f3 lakos\u00e1val Spanyolorsz\u00e1g D\u00e9l-Eur\u00f3pa negyedik legn\u00e9pesebb orsz\u00e1ga \u00e9s az Eur\u00f3pai Uni\u00f3 tag\u00e1llama. A ter\u00fclet fel\u00f6leli a sz\u00e1razf\u00f6ldet, a F\u00f6ldk\u00f6zi-tenger Bale\u00e1r-szigeteit, az Atlanti-\u00f3ce\u00e1n Kan\u00e1ri-szigeteit, valamint Ceuta \u00e9s Melilla szuver\u00e9n v\u00e1rosait \u00c9szak-Afrika partjain\u00e1l.<\/p>","protected":false},"author":1,"featured_media":3935,"parent":24078,"menu_order":0,"comment_status":"closed","ping_status":"closed","template":"elementor_theme","meta":{"_eb_attr":"","footnotes":""},"class_list":["post-13090","page","type-page","status-publish","has-post-thumbnail"],"_links":{"self":[{"href":"https:\/\/travelshelper.com\/hu\/wp-json\/wp\/v2\/pages\/13090","targetHints":{"allow":["GET"]}}],"collection":[{"href":"https:\/\/travelshelper.com\/hu\/wp-json\/wp\/v2\/pages"}],"about":[{"href":"https:\/\/travelshelper.com\/hu\/wp-json\/wp\/v2\/types\/page"}],"author":[{"embeddable":true,"href":"https:\/\/travelshelper.com\/hu\/wp-json\/wp\/v2\/users\/1"}],"replies":[{"embeddable":true,"href":"https:\/\/travelshelper.com\/hu\/wp-json\/wp\/v2\/comments?post=13090"}],"version-history":[{"count":0,"href":"https:\/\/travelshelper.com\/hu\/wp-json\/wp\/v2\/pages\/13090\/revisions"}],"up":[{"embeddable":true,"href":"https:\/\/travelshelper.com\/hu\/wp-json\/wp\/v2\/pages\/24078"}],"wp:featuredmedia":[{"embeddable":true,"href":"https:\/\/travelshelper.com\/hu\/wp-json\/wp\/v2\/media\/3935"}],"wp:attachment":[{"href":"https:\/\/travelshelper.com\/hu\/wp-json\/wp\/v2\/media?parent=13090"}],"curies":[{"name":"wp","href":"https:\/\/api.w.org\/{rel}","templated":true}]}}