{"id":13072,"date":"2024-09-17T12:09:27","date_gmt":"2024-09-17T12:09:27","guid":{"rendered":"https:\/\/travelshelper.com\/staging\/?page_id=13072"},"modified":"2026-03-12T23:47:06","modified_gmt":"2026-03-12T23:47:06","slug":"andermatt","status":"publish","type":"page","link":"https:\/\/travelshelper.com\/hu\/destinations\/europe\/switzerland\/andermatt\/","title":{"rendered":"Andermatt"},"content":{"rendered":"<p>Andermatt, egy hegyi falu \u00e9s k\u00f6zs\u00e9g, 1437 m\u00e9terrel a tengerszint felett, k\u00f6zponti helyet foglal el a Saint-Gotthard-hegys\u00e9gben, Sv\u00e1jc \u00e9szak-d\u00e9li \u00e9s kelet-nyugati ir\u00e1ny\u00fa t\u00f6rt\u00e9nelmi csom\u00f3pontjak\u00e9nt szolg\u00e1l; 2020-as adatok szerint 1527 lakos\u00e1val \u00e9s 62,2 n\u00e9gyzetkilom\u00e9teres ter\u00fclet\u00e9vel Altdorft\u00f3l, Uri kanton f\u0151v\u00e1ros\u00e1t\u00f3l mintegy 28 kilom\u00e9terre d\u00e9lre fekszik, a Reuss foly\u00f3 forr\u00e1svid\u00e9k\u00e9nek Urseren-v\u00f6lgyben tal\u00e1lhat\u00f3 hely\u00e9n.<\/p>\n<p>Az Adula-Alpok cs\u00facsai \u00e1ltal k\u00f6r\u00fclv\u00e9ve Andermatt egy alpesi terep k\u00e9p\u00e9t t\u00e1rja el\u00e9nk, melynek ter\u00fclet\u00e9nek 40,8 sz\u00e1zal\u00e9ka mez\u0151gazdas\u00e1gi c\u00e9lokat szolg\u00e1l, 5,5 sz\u00e1zal\u00e9k\u00e1t erd\u0151 bor\u00edtja, m\u00edg 52 sz\u00e1zal\u00e9ka nem produkt\u00edv, foly\u00f3k, gleccserek \u00e9s meredek lejt\u0151k hat\u00e1rozz\u00e1k meg; ez a 2006-os felm\u00e9r\u00e9sben m\u00e9rt \u00f6sszet\u00e9tel a gleccserek tev\u00e9kenys\u00e9ge \u00e9s az \u00e9vsz\u00e1zados p\u00e1sztorkod\u00e1s \u00e1ltal form\u00e1lt v\u00f6lgyet t\u00fckr\u00f6zi, ahol az alpesi r\u00e9tek a n\u00f6v\u00e9nyzet sz\u00e1m\u00e1ra t\u00fal zord szikl\u00e1s kib\u00fav\u00e1soknak adnak otthont, \u00e9s keskeny folyos\u00f3k vezetik a Reuss foly\u00f3t a Sch\u00f6llenen-szurdok fel\u00e9, egy meredek lejt\u0151n, amely a falut G\u00f6schenennel, majd v\u00e9g\u00fcl a Luzerni-t\u00f3n\u00e1l l\u00e9v\u0151 Urnersee-vel k\u00f6ti \u00f6ssze.<\/p>\n<p>Andermatt kezdett\u0151l fogva, mint a keleti kantonokat, p\u00e9ld\u00e1ul Graub\u00fcndent (a 2044 m\u00e9teres Oberalp-h\u00e1g\u00f3n kereszt\u00fcl) \u00e9s a nyugati r\u00e9gi\u00f3kat, k\u00f6zt\u00fck Valais-t (a 2436 m\u00e9teres Furka-h\u00e1g\u00f3n kereszt\u00fcl) \u00f6sszek\u00f6t\u0151 folyos\u00f3, eg\u00e9szen a Ticino-val a 2106 m\u00e9teres St. Gotthard-h\u00e1g\u00f3n kereszt\u00fcl t\u00f6rt\u00e9n\u0151 \u00f6sszek\u00f6ttet\u00e9sben bet\u00f6lt\u00f6tt szerep\u00e9ig, a XIII. sz\u00e1zad eleje \u00f3ta, amikor a Sch\u00f6llenen-\u00fatvonal megnyit\u00e1sa hivataloss\u00e1 tette a gotthardi kapcsolatot, \u00fatkeresztez\u0151d\u00e9sk\u00e9nt is szolg\u00e1l; ezek a hegyi \u00e1tj\u00e1r\u00f3k \u2013 a f\u00e9lelmetes Sch\u00f6llenen-szurdokkal egy\u00fctt, amelyen az \u00d6rd\u00f6gh\u00edd is tal\u00e1lhat\u00f3 \u2013 a falut az alpesi \u00e1thalad\u00e1s \u00e1tj\u00e1r\u00f3jak\u00e9nt \u00e9s \u0151rz\u0151jek\u00e9nt is meghat\u00e1rozt\u00e1k.<\/p>\n<p>R\u00e9g\u00e9szeti bizony\u00edt\u00e9kok arra utalnak, hogy m\u00e1r Kr. e. 4000-ben is \u00e9ltek emberek az Urseren-v\u00f6lgyben, a neolitikus leletek pedig vad\u00e1sz\u00f3-gy\u0171jt\u00f6get\u0151 n\u00e9pek leteleped\u00e9s\u00e9r\u0151l tan\u00faskodnak; a r\u00f3mai uralom alatt a magaslati v\u00f6lgy val\u00f3sz\u00edn\u0171leg helv\u00e9t kelta t\u00f6rzseknek adott otthont, b\u00e1r a mai Andermatt alapjai az alemann walser migr\u00e1nsokra vezethet\u0151k vissza, akik a magaslati legel\u0151k \u00e9s mened\u00e9k keres\u00e9se sor\u00e1n falvakat hoztak l\u00e9tre, amelyek egy szer\u00e9ny pl\u00e9b\u00e1nia k\u00f6r\u00fcl egyes\u00fcltek, amelyet 1203-ban \u201ede Prato\u201d, majd k\u00e9s\u0151bb, 1290-ben \u201eA der Matte\u201d n\u00e9ven eml\u00edtenek.<\/p>\n<p>A helyi \u00e9letet \u00e9vsz\u00e1zadokon \u00e1t a benc\u00e9s Disentis ap\u00e1ts\u00e1ghoz val\u00f3 tartoz\u00e1s ir\u00e1ny\u00edtotta; az egyh\u00e1zi fel\u00fcgyelet 1649-ig fennmaradt, amikor a sz\u00fclet\u0151ben l\u00e9v\u0151 Sv\u00e1jci \u00c1llamsz\u00f6vets\u00e9g a lelki joghat\u00f3s\u00e1got polg\u00e1ri kezekbe adta, t\u00fckr\u00f6zve a sv\u00e1jci korm\u00e1nyz\u00e1sban bek\u00f6vetkezett sz\u00e9lesebb k\u00f6r\u0171 v\u00e1ltoz\u00e1sokat. A v\u00f6lgy strat\u00e9giai jelent\u0151s\u00e9ge azonban t\u00falmutatott a lelki \u00fcgyeken: 1608-as Szent Patrik-napon az \u00edr gr\u00f3fok a Szent Gotth\u00e1rd-h\u00e1g\u00f3n \u00e1tkelve \u00e1ll\u00edt\u00f3lag egy kincsre bukkantak az \u00d6rd\u00f6g h\u00eddj\u00e1n, ezt az esetet a helyi legend\u00e1k a Szent Gotth\u00e1rd-h\u00e1g\u00f3 elveszett kincsek\u00e9nt tartj\u00e1k halhatatlann\u00e1, b\u00e1r visszaszerz\u00e9s\u00e9r\u0151l nem sz\u00e1moltak be.<\/p>\n<p>Sch\u00f6llenen domborzata t\u00f6bbet sugall puszt\u00e1n m\u00edtoszokn\u00e1l, hiszen 1799-ben Alekszandr Szuvorov orosz t\u00e1bornok alpesi hadj\u00e1rata sor\u00e1n csapatokat vezetett \u00e1t a szurdokon; Andermatt k\u00f6zel\u00e9ben egy eml\u00e9km\u0171 tiszteleg a f\u00e1rads\u00e1gos \u00e1tkel\u00e9s el\u0151tt, melynek csiszolt k\u00f6veibe a hegy megpr\u00f3b\u00e1ltat\u00e1sait kitart\u00f3 katon\u00e1k eml\u00e9k\u00e9t v\u00e9st\u00e9k. K\u00e9t \u00e9vtizeddel k\u00e9s\u0151bb, 1818 \u00e9s 1831 k\u00f6z\u00f6tt a Szent Gotth\u00e1rd \u00fatvonal j\u00e1rhat\u00f3v\u00e1 v\u00e1lt a postakocsi-k\u00f6zleked\u00e9s sz\u00e1m\u00e1ra; Andermatt, mint a cs\u00facs el\u0151tti utols\u00f3 mened\u00e9khely, vir\u00e1gz\u00f3 gy\u00f3gyf\u00fcrd\u0151-gazdas\u00e1ggal rendelkezett, a l\u00e1togat\u00f3kat a term\u00e1lkezel\u00e9sek \u00e9s az eg\u00e9szs\u00e9ges leveg\u0151 \u00edg\u00e9rete vonzotta.<\/p>\n<p>A Szent Gotth\u00e1rd vas\u00fati alag\u00fat 1881-es megnyit\u00e1sa a v\u00f6lgy alatti k\u00f6zleked\u00e9st ir\u00e1ny\u00edtotta \u00e1t, al\u00e1\u00e1sva Andermatt els\u0151dleges alpesi f\u0151\u00fatvonalk\u00e9nt bet\u00f6lt\u00f6tt szerep\u00e9t; az \u00e9p\u00edtkez\u00e9s, amely a helyi munk\u00e1sok k\u00f6r\u00e9ben \u00e9leteket k\u00f6vetelt, \u00e9s katonai beavatkoz\u00e1ssal lecsillap\u00edtott nyugtalans\u00e1got v\u00e1ltott ki, egy olyan korszakot nyitott, amelyben a vonatok elker\u00fclt\u00e9k a felette fekv\u0151 falut. Andermatt mindazon\u00e1ltal alkalmazkodott: 1885-re a Sv\u00e1jci Sz\u00f6vets\u00e9gi Hadsereg hely\u0151rs\u00e9gi v\u00e1ross\u00e1 nyilv\u00e1n\u00edtotta, h\u00e1bor\u00fas ellen\u00e1ll\u00f3 k\u00e9pess\u00e9gre tervezett f\u00f6ldalatti parancsnoki l\u00e9tes\u00edtm\u00e9nyeket \u00e9p\u00edtett, k\u00e9s\u0151bb pedig egy kik\u00e9pz\u0151k\u00f6zpontot hozott l\u00e9tre, amely ma is a katonai oktat\u00e1s helysz\u00ednek\u00e9nt szolg\u00e1l.<\/p>\n<p>1946-ban terveket dolgoztak ki az Urseren-v\u00f6lgy g\u00e1ttal val\u00f3 meg\u00e9p\u00edt\u00e9s\u00e9re v\u00edzt\u00e1roz\u00f3k \u00e9p\u00edt\u00e9se c\u00e9lj\u00e1b\u00f3l, ami elsz\u00e1nt ellen\u00e1ll\u00e1st v\u00e1ltott ki, ami 1950-re le\u00e1ll\u00edtotta az Andermattban zajl\u00f3 fejleszt\u00e9seket, \u00e9s a projektet a szomsz\u00e9dos G\u00f6schenertalba ir\u00e1ny\u00edtotta \u00e1t; ez az epiz\u00f3d hangs\u00falyozza a helyiek elk\u00f6telezetts\u00e9g\u00e9t a t\u00e1jv\u00e9delem ir\u00e1nt, m\u00e9g akkor is, amikor a v\u00f6lgy a term\u00e9szet v\u00e1ltoz\u00e9konys\u00e1ga miatti kih\u00edv\u00e1sokkal n\u00e9zett szembe, k\u00fcl\u00f6n\u00f6sen az 1951-es \u00e9s 1975-\u00f6s teleken, amikor lavin\u00e1k csaptak le a lak\u00f3\u00f6vezetekre, k\u00e1rokat okozva \u00e9s ember\u00e9leteket k\u00f6vetelve.<\/p>\n<p>A gazdas\u00e1gi helyzet az 1930-as \u00e9vekre hanyatlott, mivel az alpesi turizmus a m\u00e1r megl\u00e9v\u0151 \u00fcd\u00fcl\u0151helyek fel\u00e9 gravit\u00e1lt, \u00e9s sz\u00e1mos ursentali sz\u00e1lloda \u2013 k\u00f6zt\u00fck a M\u00fcller csal\u00e1d, a Grand Hotel Bellevue tulajdonosai \u00e9s m\u00e1s, a v\u00f6lgyet egykor tark\u00edt\u00f3 l\u00e9tes\u00edtm\u00e9nyek \u00e1ltal \u00e9p\u00edtettek \u2013 eln\u00e9mult vagy m\u00e1s funkci\u00f3t kapott; maga a Bellevue, amelyet az 1970-es \u00e9vekben apartmanokk\u00e1 alak\u00edtottak \u00e1t, 1990-re elhagyatottan \u00e1llt, miel\u0151tt ellen\u0151rz\u00f6tt bont\u00e1sra ker\u00fclt volna.<\/p>\n<p>A huszadik sz\u00e1zad v\u00e9ge fel\u00e9 \u00fajj\u00e1\u00e9led\u00e9s indult meg, amikor Andermatt a fels\u0151 kateg\u00f3ri\u00e1s s\u00edterepek alternat\u00edv\u00e1jak\u00e9nt pozicion\u00e1lta mag\u00e1t, \u00e9s olyan fejleszt\u00e9si strat\u00e9gi\u00e1t alkalmazott, amely a falu N\u00e4tscheni lejt\u0151it a d\u00e9li oldalon tal\u00e1lhat\u00f3 Gemsstockkal k\u00f6t\u00f6tte \u00f6ssze, \u00e9s a Glacier Expressen kereszt\u00fcl Sedrunnal \u00e9s Disentisszel is \u00f6sszek\u00f6ttet\u00e9sben \u00e1llt, \u00edgy egy \u00f6sszekapcsolt, eg\u00e9sz \u00e9vszakban nyitva tart\u00f3 \u00fcd\u00fcl\u0151hely-h\u00e1l\u00f3zatot alkotva. Az Andermatt-Sedrun-Disentis sz\u00f6vets\u00e9g, amelyet a Matterhorn Gotthard Bahn \u00e9gisze alatt egyes\u00edtettek, a huszonegyedik sz\u00e1zadi t\u00f6rekv\u00e9seket t\u00fckr\u00f6zi, amelyeket a vas\u00fati megk\u00f6zel\u00edthet\u0151s\u00e9g is er\u0151s\u00edt, amely tov\u00e1bb integr\u00e1lja N\u00e4tschent az Oberalp \u2013 jelenleg csak vonattal el\u00e9rhet\u0151 \u2013 p\u00e1ly\u00e1ival, \u00e9s kib\u0151v\u00edtett s\u00ed\u00fatvonalakat \u00edg\u00e9r.<\/p>\n<p>Ingatlan\u00f6szt\u00f6nz\u0151k is k\u00eds\u00e9rt\u00e9k ezt az \u00e1talakul\u00e1st; az Andermatt Swiss Alps 2006-ban sz\u00f6vets\u00e9gi rendelettel mentes\u00fclt a Lex Koller-korl\u00e1toz\u00e1sok al\u00f3l, \u00e9s 2040-ig enged\u00e9lyezte a k\u00fclf\u00f6ldi \u00e1llampolg\u00e1rok sz\u00e1m\u00e1ra az ingatlanszerz\u00e9st k\u00fcl\u00f6n enged\u00e9ly n\u00e9lk\u00fcl, lehet\u0151v\u00e9 t\u00e9ve egy Samih Sawiris v\u00e1llalkoz\u00f3 \u00e1ltal vezetett 1,8 milli\u00e1rd sv\u00e1jci frankos beruh\u00e1z\u00e1st, amely nemzetk\u00f6zi v\u00e1s\u00e1rl\u00f3kat vonzott, nevezetesen amerikai befektet\u0151ket, akiknek 2025 eleji, 14,2 milli\u00f3 sv\u00e1jci frank \u00e9rt\u00e9k\u0171 lak\u00e1sv\u00e1s\u00e1rl\u00e1sai a k\u00fclf\u00f6ldi geopolitikai bizonytalans\u00e1gokra reag\u00e1ltak.<\/p>\n<p>Demogr\u00e1fiailag a falu apadt \u00e9s v\u00e1ltozott: 1799-ben 605 lakos \u00e9lt, 1970-ben 1589-re, 2000-re 1282-re cs\u00f6kkent, majd 2020 v\u00e9g\u00e9re 1527-re cs\u00f6kkent. A helyi nyelv a n\u00e9met (95,2 sz\u00e1zal\u00e9k 2000-ben), szer\u00e9ny portug\u00e1l \u00e9s olasz k\u00f6z\u00f6ss\u00e9gekkel egy\u00fctt, a lakosok tizede pedig nem sv\u00e1jci \u00e1llampolg\u00e1r; az iskolai v\u00e9gzetts\u00e9g jelent\u0151s, a 25 \u00e9s 64 \u00e9v k\u00f6z\u00f6ttiek h\u00e1romnegyede k\u00f6z\u00e9pfok\u00fa vagy fels\u0151fok\u00fa v\u00e9gzetts\u00e9ggel rendelkezik, a munkan\u00e9lk\u00fclis\u00e9gi r\u00e1ta pedig egy sz\u00e1zal\u00e9k alatt van. Gazdas\u00e1gilag az els\u0151dleges szektor \u00f6tvenegy munkav\u00e1llal\u00f3t foglalkoztat huszonk\u00e9t v\u00e1llalkoz\u00e1sban, a m\u00e1sodlagos szektor kilencven embert foglalkoztat tizenh\u00e1rom konszernben, a tercier szf\u00e9ra pedig hetvennyolc v\u00e1llalkoz\u00e1sban 599 alkalmazottat tart fenn.<\/p>\n<p>Andermatt \u00e9ghajlata szubarktikus (K\u00f6ppen szerint \u201edfc\u201d), \u00e9vi \u00e1tlagosan 139,4 csapad\u00e9kos nappal, 1423 millim\u00e9ter csapad\u00e9kkal 1991 \u00e9s 2020 k\u00f6z\u00f6tt; novemberben regisztr\u00e1lj\u00e1k a legt\u00f6bb csapad\u00e9kot, 142 millim\u00e9tert 11,8 nap alatt, j\u00faniusban regisztr\u00e1lj\u00e1k a leggyakoribb csapad\u00e9kesem\u00e9nyeket 13,2 nappal \u00e9s 131 millim\u00e9terrel, a febru\u00e1r pedig tov\u00e1bbra is a legsz\u00e1razabb, 91 millim\u00e9terrel 11,4 nap alatt.<\/p>\n<p>A t\u00e9li kikapcsol\u00f3d\u00e1s k\u00e9t f\u0151 s\u00edter\u00fclet k\u00f6r\u00e9 szervez\u0151dik: az \u00e9szakkeleten magasod\u00f3 \u00e9s vas\u00fattal megk\u00f6zel\u00edthet\u0151 N\u00e4tschen, valamint a d\u00e9len fekv\u0151 Gemsstock, amelyek mindegyike m\u00e1rcius k\u00f6zep\u00e9ig \u00fczemel\u0151 liftes lejt\u0151ket \u00e9s v\u00f6lgylesz\u00e1ll\u00f3kat k\u00edn\u00e1l; a rajong\u00f3k nagyra \u00e9rt\u00e9kelik a p\u00e1ly\u00e1n k\u00edv\u00fcli lesikl\u00f3p\u00e1ly\u00e1kat \u00e9s a m\u00e9ly h\u00f3viszonyokat, amelyek ezeket a hegyeket jellemzik, a strat\u00e9giai tervek pedig egys\u00e9ges s\u00edp\u00e1ly\u00e1kat ir\u00e1nyoznak el\u0151, amelyek az Oberalp p\u00e1ly\u00e1it is magukban foglalj\u00e1k.<\/p>\n<p>Kultur\u00e1lis szempontb\u00f3l Andermatt egy erre a c\u00e9lra \u00e9p\u00edtett koncerttermet mutatott be, az els\u0151 olyan m\u0171v\u00e9szeti helysz\u00ednt, amelyet kifejezetten egy alpesi falu sz\u00e1m\u00e1ra terveztek, \u00e9s amelyet Constantinos Carydis vez\u00e9nylet\u00e9vel, a Berlini Filharmonikusok \u00e9l\u00e9n avattak fel; a Christina Seilern \u00e1ltal tervezett \u00e9s Sawiris \u00e1ltal finansz\u00edrozott csarnok az Andermatt fejl\u0151d\u00e9s\u00e9t jelk\u00e9pezi a k\u00f6zleked\u00e9si csom\u00f3pontb\u00f3l az alpesi m\u0171v\u00e9szetek helysz\u00edn\u00e9v\u00e9, meger\u0151s\u00edtve a v\u00e1ros azon k\u00e9pess\u00e9g\u00e9t, hogy nemzetk\u00f6zi sz\u00ednvonal\u00fa el\u0151ad\u00e1sokat tartson hegyvid\u00e9ki k\u00f6rnyezet\u00e9ben.<\/p>\n<p>Andermatt kronol\u00f3gi\u00e1ja sor\u00e1n v\u00e9gig a t\u00f6megk\u00f6zleked\u00e9s, a konfliktusok \u00e9s a kereskedelem v\u00e1ltoz\u00f3 \u00e1ramlatait j\u00e1rta \u00e1t, meg\u0151rizve jellegzetes alpesi jelleg\u00e9t, mik\u00f6zben gazdas\u00e1ga \u00e9s t\u00e1rsadalma alkalmazkodik a modern k\u00f6vetelm\u00e9nyekhez. V\u00f6lgye, amelyet \u0151si utak \u00e9s modern vas\u00fat h\u00e1l\u00f3z be, a megm\u0171velt ter\u00fclet \u00e9s a zord terep k\u00f6z\u00f6tt egyens\u00falyozva, tov\u00e1bbra is Sv\u00e1jc topogr\u00e1fi\u00e1ja \u00e9s emberi er\u0151fesz\u00edt\u00e9sei k\u00f6z\u00f6tti \u00f6sszetett k\u00f6lcs\u00f6nhat\u00e1s jelk\u00e9pe, olyan megfigyel\u00e9sre cs\u00e1b\u00edtva, amely t\u00falmutat a puszta turizmuson, \u00e9s a magaslati k\u00f6z\u00f6ss\u00e9gek kitart\u00e1s\u00e1t vizsg\u00e1lja.<\/p>\n<table>\n<thead>\n<tr>\n<th>Kateg\u00f3ria<\/th>\n<th>Inform\u00e1ci\u00f3<\/th>\n<\/tr>\n<\/thead>\n<tbody>\n<tr>\n<td>Elhelyezked\u00e9s<\/td>\n<td>Andermatt, Sv\u00e1jc (K\u00f6z\u00e9p-Sv\u00e1jc, Uri)<\/td>\n<\/tr>\n<tr>\n<td>Resort Altitude<\/td>\n<td>1444 m \u2013 2600 m (4738 l\u00e1b \u2013 8530 l\u00e1b)<\/td>\n<\/tr>\n<tr>\n<td>S\u00edszezon<\/td>\n<td>December k\u00f6zep\u00e9t\u0151l \u00e1prilis elej\u00e9ig<\/td>\n<\/tr>\n<tr>\n<td>S\u00edb\u00e9rlet \u00e1rak<\/td>\n<td>Feln\u0151tt: 89 CHF (95 \u20ac), Ifj\u00fas\u00e1gi: 63 CHF (67 \u20ac), Gyermek: 45 CHF (48 \u20ac)<\/td>\n<\/tr>\n<tr>\n<td>Nyitva tart\u00e1s<\/td>\n<td>08:45 &#8211; 16:45<\/td>\n<\/tr>\n<tr>\n<td>A p\u00e1ly\u00e1k sz\u00e1ma<\/td>\n<td>70 km (43,5 m\u00e9rf\u00f6ld) \u00f6sszesen<\/td>\n<\/tr>\n<tr>\n<td>A p\u00e1lya teljes hossza<\/td>\n<td>70 km (43,5 m\u00e9rf\u00f6ld)<\/td>\n<\/tr>\n<tr>\n<td>Leghosszabb fut\u00e1s<\/td>\n<td>Az adatok k\u00f6z\u00f6tt nincs megadva<\/td>\n<\/tr>\n<tr>\n<td>K\u00f6nny\u0171 lejt\u0151k<\/td>\n<td>18 km (26%)<\/td>\n<\/tr>\n<tr>\n<td>M\u00e9rs\u00e9kelt lejt\u0151k<\/td>\n<td>40 km (57%)<\/td>\n<\/tr>\n<tr>\n<td>Speci\u00e1lis lejt\u0151k<\/td>\n<td>12 km (17%)<\/td>\n<\/tr>\n<tr>\n<td>A lejt\u0151k ir\u00e1nya<\/td>\n<td>\/<\/td>\n<\/tr>\n<tr>\n<td>\u00c9jszakai s\u00edel\u00e9s<\/td>\n<td>El\u00e9rhet\u0151 (SnowNight Sedrun)<\/td>\n<\/tr>\n<tr>\n<td>H\u00f3k\u00e9sz\u00edt\u00e9s<\/td>\n<td>El\u00e9rhet\u0151<\/td>\n<\/tr>\n<tr>\n<td>\u00d6sszes emel\u00e9s<\/td>\n<td>13<\/td>\n<\/tr>\n<tr>\n<td>Felfel\u00e9 kapacit\u00e1s<\/td>\n<td>\/<\/td>\n<\/tr>\n<tr>\n<td>Legmagasabb lift<\/td>\n<td>2600 m (8530 l\u00e1b)<\/td>\n<\/tr>\n<tr>\n<td>Gondol\u00e1k\/Sikl\u00f3felvon\u00f3k<\/td>\n<td>1<\/td>\n<\/tr>\n<tr>\n<td>Libeg\u0151k<\/td>\n<td>3<\/td>\n<\/tr>\n<tr>\n<td>Drag Lifts<\/td>\n<td>8<\/td>\n<\/tr>\n<tr>\n<td>Snow Parkok<\/td>\n<td>El\u00e9rhet\u0151<\/td>\n<\/tr>\n<tr>\n<td>S\u00edk\u00f6lcs\u00f6nz\u0151k<\/td>\n<td>El\u00e9rhet\u0151<\/td>\n<\/tr>\n<tr>\n<td>After-ski<\/td>\n<td>El\u00e9rhet\u0151 (legjobb funkci\u00f3k\u00e9nt \u00e9rt\u00e9kelve)<\/td>\n<\/tr>\n<\/tbody>\n<\/table>\n<article>\n<\/article>","protected":false},"excerpt":{"rendered":"<p>A sv\u00e1jci Alpokban tal\u00e1lhat\u00f3 Andermatt a sv\u00e1jci hegyi falvak tart\u00f3s vonzerej\u00e9nek bizony\u00edt\u00e9ka. Az Uri kantonban tal\u00e1lhat\u00f3, csaknem 1500 lakos\u00fa kedves v\u00e1roska a sv\u00e1jci f\u00f6ldrajz \u00f6sszetett sz\u00f6vet\u00e9nek l\u00e9tfontoss\u00e1g\u00fa keresztez\u0151d\u00e9sek\u00e9nt m\u0171k\u00f6dik. Az 1437 m\u00e9terrel (4715 l\u00e1b) a tengerszint felett emelked\u0151 Andermatt a Saint-Gotthard Massif epicentruma, egy geol\u00f3giai k\u00e9pz\u0151dm\u00e9ny, amely nemcsak a fizikai domborzatot, hanem a ter\u00fclet t\u00f6rt\u00e9nelmi \u00e9s kultur\u00e1lis \u00e9rt\u00e9k\u00e9t is form\u00e1lta.<\/p>","protected":false},"author":1,"featured_media":2748,"parent":12907,"menu_order":0,"comment_status":"closed","ping_status":"closed","template":"elementor_theme","meta":{"_eb_attr":"","footnotes":""},"class_list":["post-13072","page","type-page","status-publish","has-post-thumbnail"],"_links":{"self":[{"href":"https:\/\/travelshelper.com\/hu\/wp-json\/wp\/v2\/pages\/13072","targetHints":{"allow":["GET"]}}],"collection":[{"href":"https:\/\/travelshelper.com\/hu\/wp-json\/wp\/v2\/pages"}],"about":[{"href":"https:\/\/travelshelper.com\/hu\/wp-json\/wp\/v2\/types\/page"}],"author":[{"embeddable":true,"href":"https:\/\/travelshelper.com\/hu\/wp-json\/wp\/v2\/users\/1"}],"replies":[{"embeddable":true,"href":"https:\/\/travelshelper.com\/hu\/wp-json\/wp\/v2\/comments?post=13072"}],"version-history":[{"count":0,"href":"https:\/\/travelshelper.com\/hu\/wp-json\/wp\/v2\/pages\/13072\/revisions"}],"up":[{"embeddable":true,"href":"https:\/\/travelshelper.com\/hu\/wp-json\/wp\/v2\/pages\/12907"}],"wp:featuredmedia":[{"embeddable":true,"href":"https:\/\/travelshelper.com\/hu\/wp-json\/wp\/v2\/media\/2748"}],"wp:attachment":[{"href":"https:\/\/travelshelper.com\/hu\/wp-json\/wp\/v2\/media?parent=13072"}],"curies":[{"name":"wp","href":"https:\/\/api.w.org\/{rel}","templated":true}]}}