{"id":12913,"date":"2024-09-17T00:30:14","date_gmt":"2024-09-17T00:30:14","guid":{"rendered":"https:\/\/travelshelper.com\/staging\/?page_id=12913"},"modified":"2026-03-13T00:07:31","modified_gmt":"2026-03-13T00:07:31","slug":"luzern","status":"publish","type":"page","link":"https:\/\/travelshelper.com\/hu\/destinations\/europe\/switzerland\/lucerne\/","title":{"rendered":"Luzern"},"content":{"rendered":"<p>A Reuss foly\u00f3nak a Luzerni-t\u00f3 nyugati v\u00e9g\u00e9b\u0151l kifoly\u00f3 tal\u00e1lkoz\u00e1s\u00e1n\u00e1l fekv\u0151 Luzern a n\u00e9vad\u00f3 kanton k\u00f6zigazgat\u00e1si k\u00f6zpontja, \u00e9s K\u00f6z\u00e9p-Sv\u00e1jc legn\u00e9pesebb v\u00e1rosi magja. A 29,1 km\u00b2-es ter\u00fclettel rendelkez\u0151 \u00e9s a telep\u00fcl\u00e9s hat\u00e1rain bel\u00fcl k\u00f6r\u00fclbel\u00fcl 82 771 lakost befogad\u00f3 v\u00e1ros (a t\u00e1gabb v\u00e1rosi agglomer\u00e1ci\u00f3val, amely 19 telep\u00fcl\u00e9sre terjed ki, mintegy 220 000 lakost foglal mag\u00e1ban) a foly\u00f3 mindk\u00e9t partj\u00e1t foglalja el, k\u00f6zvetlen\u00fcl a t\u00f3 torkolat\u00e1t\u00f3l lefel\u00e9. A h\u00f3f\u00f6dte Pilatus-hegy, d\u00e9lkeleten pedig a Rigi-hegy h\u00f3f\u00f6dte cs\u00facsai \u00e1ltal szeg\u00e9lyezett Luzern strat\u00e9giai helyen fekszik Sv\u00e1jc n\u00e9met ajk\u00fa r\u00e9sz\u00e9n, amely \u00e9vsz\u00e1zadok \u00f3ta el\u0151seg\u00edtette a gazdas\u00e1gi t\u00f6rekv\u00e9sek, a kultur\u00e1lis t\u00e1mogat\u00e1s \u00e9s a k\u00f6zleked\u00e9si csom\u00f3pontok k\u00f6zpontj\u00e1v\u00e1 v\u00e1l\u00e1s\u00e1t.<\/p>\n<p>Luzern domborzata kezdetekt\u0151l fogva meghat\u00e1rozta fejl\u0151d\u00e9s\u00e9t. A f\u0151v\u00e1ros a Luzerni-t\u00f3 legkeskenyebb szakasz\u00e1n fekszik, a v\u00edz nyugodt kiterjed\u00e9se a Reuss kanyarg\u00f3s medr\u00e9be \u00f6mlik, amely \u00e9szakkeletre \u00e9s d\u00e9lnyugatra erd\u0151s dombokon v\u00e1j utat. Az \u00f6sszef\u00fcgg\u0151 v\u00e1rosi terjeszked\u00e9sen t\u00fal fekszik a kanton exkl\u00e1v\u00e9ja a B\u00fcrgenstock-fok \u00e9szaki lejt\u0151in, mintegy nyolc kilom\u00e9terre, amely csak haj\u00f3val vagy ker\u00fcl\u0151 hegyi utakon k\u00f6zel\u00edthet\u0151 meg. B\u00e1r jelent\u0151s telep\u00fcl\u00e9s n\u00e9lk\u00fcli, ez az erdei ny\u00falv\u00e1ny a telep\u00fcl\u00e9s v\u00e1ltozatos fiziogr\u00e1fi\u00e1j\u00e1t tan\u00fas\u00edtja, cs\u00facspontj\u00e1t a B\u00fcrgenstock szikl\u00e1s cs\u00facs\u00e1n \u00e9ri el. Az \u00f6sszef\u00fcgg\u0151 magon bel\u00fcl a mez\u0151gazdas\u00e1gi gazdas\u00e1gok tov\u00e1bbra is a f\u00f6ldter\u00fclet 28,0 sz\u00e1zal\u00e9k\u00e1t foglalj\u00e1k el, m\u00edg az erd\u0151k 22,3 sz\u00e1zal\u00e9kot bor\u00edtanak; az \u00e9p\u00edtett k\u00f6rnyezet 47,6 sz\u00e1zal\u00e9kot, a fennmarad\u00f3 2,1 sz\u00e1zal\u00e9kot pedig foly\u00f3k vagy meredek lejt\u0151k t\u00f6ltik ki.<\/p>\n<p>A K\u00f6ppen-s\u00e9ma szerint Cfb-k\u00e9nt besorolt \u200b\u200b\u00e9ghajlat enyhe h\u0151m\u00e9rs\u00e9kleti ingadoz\u00e1sokat \u00e9s b\u0151s\u00e9ges csapad\u00e9kot jellemez az \u00e9v sor\u00e1n. 1961 \u00e9s 1990 k\u00f6z\u00f6tt Luzernben \u00e1tlagosan \u00e9vi 138,1 es\u0151s napot regisztr\u00e1ltak, az \u00f6sszes\u00edtett csapad\u00e9kmennyis\u00e9g el\u00e9rte az 1171 mm-t. J\u00fanius bizonyult a legb\u0151s\u00e9gesebbnek, 14,2 nap alatt 153 mm-t hullott, m\u00edg febru\u00e1r, 10,2 nap alatt 61 mm-rel, a legsz\u00e1razabb h\u00f3nap volt. Ez az \u00e9ghajlati rendszeress\u00e9g t\u00f6rt\u00e9nelmileg megalapozta a r\u00e9gi\u00f3 mez\u0151gazdas\u00e1gi termel\u00e9kenys\u00e9g\u00e9t, \u00e9s t\u00e1pl\u00e1lta a hegyoldalakat bor\u00edt\u00f3 erd\u0151ket, z\u00f6ld h\u00e1tteret k\u00e9pezve a v\u00e1ros t\u00fckr\u00f6z\u0151d\u0151 v\u00edzpartj\u00e1nak \u00e9s erd\u0151s lejt\u0151inek.<\/p>\n<p>Demogr\u00e1fiailag Luzern folyamatos n\u00f6veked\u00e9st mutatott, lakoss\u00e1ga az elm\u00falt \u00e9vtizedben \u00e9vi mintegy 1,2 sz\u00e1zal\u00e9kkal n\u0151tt. 2021. december 31-\u00e9n a k\u00fclf\u00f6ldi \u00e1llampolg\u00e1rok a lakosok 24,78 sz\u00e1zal\u00e9k\u00e1t tett\u00e9k ki, t\u00falnyom\u00f3r\u00e9szt eur\u00f3pai sz\u00e1rmaz\u00e1s\u00faak (18,22 sz\u00e1zal\u00e9k), \u0151ket k\u00f6vetik az \u00e1zsiaiak (3,63 sz\u00e1zal\u00e9k), az afrikaiak (1,85 sz\u00e1zal\u00e9k) \u00e9s az amerikaiak (0,97 sz\u00e1zal\u00e9k). A n\u00e9met nyelv tov\u00e1bbra is domin\u00e1ns, a lakosok 83,26 sz\u00e1zal\u00e9ka besz\u00e9li anyanyelvk\u00e9nt, m\u00edg az angol (7,45 sz\u00e1zal\u00e9k), az olasz (5,06 sz\u00e1zal\u00e9k) \u00e9s a szerb-horv\u00e1t (3,80 sz\u00e1zal\u00e9k) a k\u00f6vetkez\u0151 szinteket foglalja el; a portug\u00e1l, a spanyol, az alb\u00e1n \u00e9s a francia is hozz\u00e1j\u00e1rul a v\u00e1ros poliglott nyelvezet\u00e9hez. A koroszt\u00e1lyi megoszl\u00e1s a munkak\u00e9pes kor\u00fa feln\u0151ttek fel\u00e9 tol\u00f3dik el: 15,7 sz\u00e1zal\u00e9kuk h\u00fasz \u00e9v alatti, 33,8 sz\u00e1zal\u00e9kuk h\u00fasz \u00e9s harminckilenc \u00e9v k\u00f6z\u00f6tti, 32,1 sz\u00e1zal\u00e9kuk pedig a negyven-hatvann\u00e9gy \u00e9v k\u00f6z\u00f6tti koroszt\u00e1lyt foglalja el; Az id\u0151sek a lakoss\u00e1g 19,4 sz\u00e1zal\u00e9k\u00e1t teszik ki, akik k\u00f6z\u00fcl 5,2 sz\u00e1zal\u00e9k nyolcvan\u00e9ves \u00e9s 1,1 sz\u00e1zal\u00e9k kilencvenes \u00e9veiben j\u00e1r\u00f3.<\/p>\n<p>A h\u00e1ztart\u00e1sok \u00f6sszet\u00e9tel\u00e9nek \u00e9s az \u00e9p\u00fcletek form\u00e1j\u00e1nak mint\u00e1zatai Luzern v\u00e1rosi \u00e9retts\u00e9g\u00e9t t\u00fckr\u00f6zik. A 2000-ben regisztr\u00e1lt mintegy 30 586 h\u00e1ztart\u00e1sb\u00f3l az egyszem\u00e9lyes lak\u00e1sok 50,5 sz\u00e1zal\u00e9kot tettek ki, m\u00edg a nagy h\u00e1ztart\u00e1sok (\u00f6t vagy t\u00f6bb tag\u00faak) mind\u00f6ssze 2,8 sz\u00e1zal\u00e9kot k\u00e9pviseltek. A lakott \u00e9p\u00fcletek sz\u00e1ma \u00f6sszesen 5707 volt, bele\u00e9rtve 1152 csal\u00e1di h\u00e1zat, 348 ikerh\u00e1zat \u00e9s 2550 t\u00f6bblak\u00e1sos lak\u00f3h\u00e1zat. A k\u00e9t- vagy h\u00e1romszintes \u00e9p\u00fcletek domin\u00e1ltak, b\u00e1r a toronyh\u00e1zak (n\u00e9gy vagy t\u00f6bb emeletes) sz\u00e1ma 1721, az egyszintes \u00e9p\u00fcletek\u00e9 pedig 74 volt. A formai sokf\u00e9les\u00e9g mind a v\u00e1ros k\u00f6z\u00e9pkori magj\u00e1t, mind az iparosod\u00e1s \u00e9s a modern n\u00f6veked\u00e9s sor\u00e1n bek\u00f6vetkezett terjeszked\u00e9s\u00e9t bizony\u00edtja.<\/p>\n<p>Az iskol\u00e1zotts\u00e1g figyelemre m\u00e9lt\u00f3 magass\u00e1gokat \u00e9r el, a huszon\u00f6t \u00e9s hatvann\u00e9gy \u00e9v k\u00f6z\u00f6tti lucerni lakosok 73,6 sz\u00e1zal\u00e9ka rendelkezik nem k\u00f6telez\u0151 fels\u0151 k\u00f6z\u00e9pfok\u00fa vagy fels\u0151fok\u00fa v\u00e9gzetts\u00e9ggel. Gazdas\u00e1gilag a tercier szektor domin\u00e1l, 2012-ben 6929 v\u00e1llalkoz\u00e1sban 70 149 munkahelyet biztos\u00edtva. A szekunder szektor 666 c\u00e9gben 7326 embert foglalkoztat, m\u00edg az els\u0151dleges szektorban \u2013 nagyr\u00e9szt a mez\u0151gazdas\u00e1gban \u00e9s az erd\u0151gazd\u00e1lkod\u00e1sban \u2013 dolgoz\u00f3k sz\u00e1ma mind\u00f6ssze 166, 53 v\u00e1llalkoz\u00e1sban. A foglalkoztat\u00e1si ar\u00e1ny a telep\u00fcl\u00e9s lakoss\u00e1g\u00e1nak 51,7 sz\u00e1zal\u00e9k\u00e1t teszi ki, amit a nemek k\u00f6z\u00f6tti k\u00f6zel egyenl\u0151 ar\u00e1ny, 47,9 sz\u00e1zal\u00e9kos n\u0151i k\u00e9pviselet ellens\u00falyoz. A szoci\u00e1lis seg\u00e9lyek ar\u00e1nya 2013-ban el\u00e9rte a 11,0 sz\u00e1zal\u00e9kot, ami mind a j\u00f3l\u00e9ti t\u00e1mogat\u00e1si strukt\u00far\u00e1kat, mind a v\u00e1rosi meg\u00e9lhet\u00e9si k\u00f6lts\u00e9geket t\u00fckr\u00f6zi.<\/p>\n<p>Luzern kereskedelmi k\u00f6rnyezete tiszteletre m\u00e9lt\u00f3 sv\u00e1jci c\u00e9geknek \u00e9s nemzetk\u00f6zi v\u00e1llalatoknak egyar\u00e1nt otthont ad. A Gotthard vas\u00fatvonal (AlpTransit), a Schindler felvon\u00f3gy\u00e1rt\u00f3, a Chronoswiss \u00f3ragy\u00e1rt\u00f3, az Emmi tejipari \u00f3ri\u00e1s \u00e9s a Luzerner Kantonalbank a v\u00e1ros hat\u00e1rain bel\u00fcl tartja fenn sz\u00e9khely\u00e9t. A Suva, az orsz\u00e1g vezet\u0151 balesetbiztos\u00edt\u00f3ja, \u00e9s az EF Education First tov\u00e1bb b\u0151v\u00edti a v\u00e1llalati n\u00e9vsort. A kanton fisk\u00e1lis politik\u00e1ja, amely az egym\u00e1st k\u00f6vet\u0151 ad\u00f3cs\u00f6kkent\u00e9sekr\u0151l ismert, Luzernt Sv\u00e1jc legv\u00e1llalkoz\u00e1sbar\u00e1tabb kantonjak\u00e9nt t\u00fcnteti fel, a 2012-ben feljegyzett legalacsonyabb kantoni t\u00e1rsas\u00e1gi ad\u00f3kulccsal, \u00e9s mind\u00f6ssze 2 sz\u00e1zal\u00e9kos elt\u00e9r\u00e9ssel az orsz\u00e1gos ad\u00f3index-vezet\u0151h\u00f6z k\u00e9pest.<\/p>\n<p>Luzern ipari gy\u00f6kereit a XIV. sz\u00e1zadig visszavezetve, korai exportkereskedelmet folytatott a kaszagy\u00e1rt\u00e1s ter\u00e9n. A helyi kov\u00e1csok vas- \u00e9s ac\u00e9limportot felhaszn\u00e1lva olyan eszk\u00f6z\u00f6ket kov\u00e1csoltak, amelyek Nyugat-Sv\u00e1jcban \u00e9s \u00c9szak-Olaszorsz\u00e1gban tal\u00e1ltak piacra. A Krienbach-patak ment\u00e9n tal\u00e1lhat\u00f3 m\u0171helyek v\u00edzzel hajtott kalap\u00e1csokat haszn\u00e1ltak, m\u00edg perif\u00e9rikus elhelyezked\u00e9s\u00fck cs\u00f6kkentette a t\u0171zvesz\u00e9lyt. Ez a k\u00e9zm\u0171ves ipar\u00e1g el\u0151revet\u00edtette a v\u00e1ros sz\u00e9lesebb k\u00f6r\u0171 gy\u00e1rt\u00e1si b\u00e1zis\u00e1t, amely k\u00e9s\u0151bb a prec\u00edzi\u00f3s m\u00e9rn\u00f6ki tudom\u00e1nyok \u00e9s a r\u00e9spiaci k\u00e9zm\u0171vess\u00e9g fel\u00e9 diverzifik\u00e1l\u00f3dott.<\/p>\n<p>Luzern kultur\u00e1lis \u00f6r\u00f6ks\u00e9ge \u00e9p\u00edt\u00e9szeti nevezetess\u00e9geib\u0151l is megnyilv\u00e1nul. A K\u00e1polna-h\u00edd, amelyet eredetileg 1333-ban emeltek, Eur\u00f3pa legr\u00e9gebbi fedett fah\u00eddja, 204 m\u00e9teres feszt\u00e1vols\u00e1g\u00e1t a nyolcsz\u00f6glet\u0171, tizenharmadik sz\u00e1zadi V\u00edztorony tark\u00edtja. B\u00e1r 1993 augusztus\u00e1ban t\u0171zv\u00e9sz puszt\u00edtotta \u2013 \u00e1ll\u00edt\u00f3lag egy eldobott cigaretta okozta \u2013, a rekonstru\u00e1lt gerend\u00e1k ism\u00e9t a Reuss foly\u00f3t \u0151rzik, egy lombkorona alatt, amelyen tizenhetedik sz\u00e1zadi festm\u00e9nyek l\u00e1that\u00f3k, amelyek Luzern t\u00f6rt\u00e9netes m\u00faltj\u00e1t mes\u00e9lik el. A foly\u00f3 als\u00f3 r\u00e9sz\u00e9n a 1408-b\u00f3l sz\u00e1rmaz\u00f3 Spreuer-h\u00edd cikkcakk \u00edvben halad \u00e1t az \u00e1ramlaton, gerend\u00e1it Kaspar Meglinger Hal\u00e1lt\u00e1nc pestisciklusai d\u00edsz\u00edtik, k\u00f6z\u00e9pen elhelyezked\u0151 k\u00e1poln\u00e1ja pedig a k\u00f6z\u00e9pkor ut\u00e1ni \u00e1h\u00edtatoss\u00e1g bizony\u00edt\u00e9ka.<\/p>\n<p>Az \u00d3v\u00e1ros feletti domb \u0151rzi a k\u00f6z\u00e9pkori er\u0151d\u00edtm\u00e9nyek nyomait, falaik \u00e9s nyolc \u0151rtornyuk csipk\u00e9zett sziluettet k\u00f6lcs\u00f6n\u00f6znek az Alpoknak. Lent a Szent Leodegar-templom ikertornyai magasodnak a t\u00f3partra, k\u00e9s\u0151 renesz\u00e1nsz homlokzatuk keretezi a kor\u00e1bbi, hetedik sz\u00e1zadi templomb\u00f3l fennmaradt iker t\u0171tornyokat. A bels\u0151 t\u00e9r barokk d\u00edsz\u00edt\u00e9sben pomp\u00e1zik, m\u00e9lt\u00f3 a v\u00e9d\u0151szent bazilik\u00e1j\u00e1hoz, amelyet k\u00f6znyelven Hofkirche-nek, sv\u00e1jci n\u00e9met\u00fcl Hofchile-nek neveznek.<\/p>\n<p>A L\u00f6wenplatz lombos r\u00e9sz\u00e9n Bertel Thorvaldsen 1820-ban \u00e9l\u0151 szikl\u00e1ba v\u00e9sett oroszl\u00e1nja a Tuileri\u00e1k v\u00e9delm\u00e9ben 1792-ben elesett sv\u00e1jci g\u00e1rda h\u0151siess\u00e9g\u00e9nek \u00e1ll\u00edt eml\u00e9ket. Az eml\u00e9km\u0171 f\u00e1jdalmas realizmusa \u00e9s elszigetelt k\u00f6rnyezete m\u00e9lyensz\u00e1nt\u00f3 elm\u00e9lked\u00e9st kelt a h\u0171s\u00e9gr\u0151l \u00e9s az \u00e1ldozathozatalr\u00f3l. A k\u00f6zelben tal\u00e1lhat\u00f3 a Sv\u00e1jci K\u00f6zleked\u00e9si M\u00fazeum, amely \u00e1tfog\u00f3 k\u00e9pet ny\u00fajt a mozdonyokr\u00f3l, a r\u00e9gi mozdonyokt\u00f3l \u00e9s aut\u00f3kt\u00f3l a tengerj\u00e1r\u00f3 haj\u00f3kon \u00e1t a rep\u00fcl\u00e9stechnikai t\u00e1rgyakig, kiemelve Luzern szerep\u00e9t mind k\u00f6zleked\u00e9si csom\u00f3pontk\u00e9nt, mind a technol\u00f3giai \u00f6r\u00f6ks\u00e9g \u0151rz\u0151jek\u00e9nt.<\/p>\n<p>Mellette tal\u00e1lhat\u00f3 Jean Nouvel Kultur\u00e1lis \u00e9s Kongresszusi K\u00f6zpontja, melynek akusztik\u00e1j\u00e1t Russell Johnson kalibr\u00e1lta, modern ellenpontot ny\u00fajt a v\u00e1ros k\u00f6z\u00e9pkori sz\u00f6vet\u00e9nek. A hangtisztas\u00e1g\u00e1r\u00f3l sz\u00e9les k\u00f6rben elismert koncertterme a Musegg k\u00f6rzet k\u00f6zpontja, m\u00edg a hozz\u00e1 kapcsol\u00f3d\u00f3 Kunstmuseum Luzern k\u00e9pz\u0151m\u0171v\u00e9szeti ki\u00e1ll\u00edt\u00e1sokat rendez, amelyek helyi \u00e9s nemzetk\u00f6zi k\u00f6z\u00f6ns\u00e9get egyar\u00e1nt vonzanak. A tribscheni t\u00f3parton tal\u00e1lhat\u00f3 a Richard Wagner M\u00fazeum, amely a zeneszerz\u0151 egykori vill\u00e1j\u00e1ban kapott helyet, felid\u00e9zve 1866 \u00e9s 1872 k\u00f6z\u00f6tti rezidenci\u00e1j\u00e1t, \u00e9s meg\u0151rizve azokat a k\u00e9ziratokat, hangszereket \u00e9s szem\u00e9lyes t\u00e1rgyakat, amelyek kreat\u00edv lelem\u00e9nyess\u00e9g\u00e9t mutatj\u00e1k be.<\/p>\n<p>Luzern kultur\u00e1lis \u00f6kosziszt\u00e9m\u00e1ja a bevett int\u00e9zm\u00e9nyek \u00e9s az avantg\u00e1rd impulzusok k\u00f6z\u00f6tti t\u00e1rgyal\u00e1sos egyens\u00falyon nyugszik. Az 1980-as \u00e9vek v\u00e9gi Kulturkompromissz el\u0151seg\u00edtette a KKL, a Luzerner Sz\u00ednh\u00e1z, a Kleintheater \u00e9s a Stadtkeller egy\u00fctt\u00e9l\u00e9s\u00e9t az \u00fajonnan felbukkan\u00f3 helysz\u00ednek mellett. Az egykori Boa cs\u0151gy\u00e1r, amely az alternat\u00edv el\u0151ad\u00e1sok f\u00f6ldalatti inkub\u00e1torak\u00e9nt sz\u00fcletett \u00fajj\u00e1, v\u00e9g\u00fcl \u00e1tadta a hely\u00e9t a lak\u00f3ingatlanok t\u00e9rh\u00f3d\u00edt\u00e1s\u00e1nak, ami terveket vetett fel egy \u00faj helysz\u00ednre a belv\u00e1roson t\u00fal. A 2008-ban a Pilatus l\u00e1b\u00e1n\u00e1l megny\u00edlt S\u00fcdpol interdiszciplin\u00e1ris zenei, t\u00e1ncos \u00e9s sz\u00ednh\u00e1zi esem\u00e9nyeknek ad otthont, m\u00edg a Luzerner Sinfonieorchester \u00e9s a 21. sz\u00e1zadi Szimfonikus Zenekar a KKL sz\u00ednpad\u00e1t foglalja el, meger\u0151s\u00edtve Luzern st\u00e1tusz\u00e1t a hangok v\u00e1rosak\u00e9nt.<\/p>\n<p>Luzern k\u00f6zleked\u00e9si infrastrukt\u00far\u00e1ja alapozza meg a v\u00e1ros \u00f6sszek\u00f6ttet\u00e9seit. Ferdinand von Zeppelin 1909-es partrasz\u00e1ll\u00e1sa el\u0151revet\u00edtette Sv\u00e1jc sz\u00fclet\u0151ben l\u00e9v\u0151 l\u00e9ghaj\u00f3ipar\u00e1t, amely 1910-re elind\u00edtotta az orsz\u00e1g els\u0151 kereskedelmi l\u00e9gi k\u00f6zleked\u00e9si v\u00e1llalkoz\u00e1s\u00e1t, \u00e9s fel\u00e9p\u00edtette az orsz\u00e1g m\u00e1sodik l\u00e9ghaj\u00f3hang\u00e1rj\u00e1t. A sz\u00e1razf\u00f6ld\u00f6n a Verkehrsbetriebe Luzern trolibuszokat \u00e9s aut\u00f3buszokat \u00fczemeltet, amelyeket a PostAuto \u00e9s az Auto AG Rothenburg szolg\u00e1ltat\u00e1sai eg\u00e9sz\u00edtenek ki a peremvid\u00e9ki telep\u00fcl\u00e9sek fel\u00e9. N\u00e9gy vas\u00fat\u00e1llom\u00e1s \u2013 Luzern, Allmend\/Messe, Littau \u00e9s Verkehrshaus \u2013 k\u00f6ti \u00f6ssze a v\u00e1rost Z\u00fcrichbel negyven perces id\u0151k\u00f6z\u00f6nk\u00e9nt (naponta negyven vonat), a z\u00fcrichi rep\u00fcl\u0151t\u00e9rrel pedig alig t\u00f6bb mint egy \u00f3ra alatt, m\u00edg a Gotthard Panorama Express \u00e1prilis \u00e9s okt\u00f3ber k\u00f6zepe k\u00f6z\u00f6tt \u00f6tv\u00f6zi a haj\u00f3t \u00e9s a t\u00f6rt\u00e9nelmi \u00fatvonal\u00fa vonatot.<\/p>\n<p>A v\u00edzi \u00f6sszek\u00f6ttet\u00e9sek a Bahnhofquai-n\u00e1l megmaradnak, ahonnan a Luzerni-tavi Haj\u00f3z\u00e1si T\u00e1rsas\u00e1g haj\u00f3kat ind\u00edt a fjordszer\u0171 \u00f6bl\u00f6kbe \u00e9s hegyi falvakba. A helyi viteld\u00edj-h\u00e1l\u00f3zat, a passepartout, egy egys\u00e9ges jegy\u00e9rt\u00e9kes\u00edt\u00e9si sz\u00f6vets\u00e9g al\u00e1 integr\u00e1lja a trolibuszokat, buszokat, vonatokat \u00e9s haj\u00f3kat, amely Luzern, Obwalden \u00e9s Nidwalden v\u00e1rosait \u00f6leli fel. A sikl\u00f3vasutak \u2013 amelyek k\u00f6z\u00fcl a legjelent\u0151sebb a G\u00fctschbahn a Ch\u00e2teau G\u00fctsch-hez \u00e9s a Standseilbahn a Hotel Montan\u00e1hoz \u2013 mintegy kilencven m\u00e9teres lejt\u0151k\u00f6n haladnak \u00e1t, panor\u00e1m\u00e1s kil\u00e1t\u00e1st ny\u00fajtva a v\u00e1ros agglomer\u00e1ci\u00f3j\u00e1ra, a csillog\u00f3 t\u00f3ra \u00e9s a m\u00f6g\u00f6tte elter\u00fcl\u0151 alpesi sziluettre, ami m\u00e9lt\u00f3 befejez\u00e9se annak a v\u00e1rosnak a t\u00f6rt\u00e9net\u00e9nek, amely a v\u00edz, a hegy, a t\u00f6rt\u00e9nelem \u00e9s az innov\u00e1ci\u00f3 tal\u00e1lkoz\u00e1s\u00e1ban egyszerre marad m\u00faltj\u00e1nak \u00e9ber \u0151rz\u0151je \u00e9s j\u00f6v\u0151j\u00e9nek alkalmazkod\u00f3k\u00e9pes f\u0151szerepl\u0151je.<\/p>","protected":false},"excerpt":{"rendered":"<p>Luzern, egy b\u00e1jos v\u00e1ros Sv\u00e1jc k\u00f6zpontj\u00e1ban, a sv\u00e1jci kult\u00fara, t\u00f6rt\u00e9nelem \u00e9s a leny\u0171g\u00f6z\u0151 t\u00e1jak szimb\u00f3lumak\u00e9nt szolg\u00e1l. Ez a 82 000 lakost sz\u00e1ml\u00e1l\u00f3 kis v\u00e1ros K\u00f6z\u00e9p-Sv\u00e1jc legn\u00e9pesebb v\u00e1rosa. Fekv\u00e9se a keleti hossz\u00fas\u00e1g 47\u00b003\u2032 8\u00b018\u2032. Luzern az \u00e9vek sor\u00e1n fejl\u0151d\u00f6tt \u00e9s v\u00e1ltozott, a Reuss foly\u00f3 ment\u00e9n \u00e9s a Luzerni-t\u00f3 (Vierwaldst\u00e4ttersee) \u00e9szaknyugati cs\u00fccsk\u00e9ben elhelyezked\u0151 kedvez\u0151 elhelyezked\u00e9s\u00e9nek k\u00f6sz\u00f6nhet\u0151en. A n\u00e9vad\u00f3 kanton f\u0151v\u00e1rosa, Luzern egyben jelent\u0151s m\u00e9dia-, kultur\u00e1lis, gazdas\u00e1gi \u00e9s k\u00f6zleked\u00e9si csom\u00f3pont is. Luzern v\u00e1rosi r\u00e9sze tizenkilenc v\u00e1rosb\u00f3l \u00e9s telep\u00fcl\u00e9sb\u0151l \u00e1ll, \u00f6sszesen mintegy 220 000 lakossal.<\/p>","protected":false},"author":1,"featured_media":2757,"parent":12907,"menu_order":0,"comment_status":"closed","ping_status":"closed","template":"elementor_theme","meta":{"_eb_attr":"","footnotes":""},"class_list":["post-12913","page","type-page","status-publish","has-post-thumbnail"],"_links":{"self":[{"href":"https:\/\/travelshelper.com\/hu\/wp-json\/wp\/v2\/pages\/12913","targetHints":{"allow":["GET"]}}],"collection":[{"href":"https:\/\/travelshelper.com\/hu\/wp-json\/wp\/v2\/pages"}],"about":[{"href":"https:\/\/travelshelper.com\/hu\/wp-json\/wp\/v2\/types\/page"}],"author":[{"embeddable":true,"href":"https:\/\/travelshelper.com\/hu\/wp-json\/wp\/v2\/users\/1"}],"replies":[{"embeddable":true,"href":"https:\/\/travelshelper.com\/hu\/wp-json\/wp\/v2\/comments?post=12913"}],"version-history":[{"count":0,"href":"https:\/\/travelshelper.com\/hu\/wp-json\/wp\/v2\/pages\/12913\/revisions"}],"up":[{"embeddable":true,"href":"https:\/\/travelshelper.com\/hu\/wp-json\/wp\/v2\/pages\/12907"}],"wp:featuredmedia":[{"embeddable":true,"href":"https:\/\/travelshelper.com\/hu\/wp-json\/wp\/v2\/media\/2757"}],"wp:attachment":[{"href":"https:\/\/travelshelper.com\/hu\/wp-json\/wp\/v2\/media?parent=12913"}],"curies":[{"name":"wp","href":"https:\/\/api.w.org\/{rel}","templated":true}]}}