{"id":12907,"date":"2024-09-17T00:26:15","date_gmt":"2024-09-17T00:26:15","guid":{"rendered":"https:\/\/travelshelper.com\/staging\/?page_id=12907"},"modified":"2026-03-12T23:47:53","modified_gmt":"2026-03-12T23:47:53","slug":"svajc","status":"publish","type":"page","link":"https:\/\/travelshelper.com\/hu\/destinations\/europe\/switzerland\/","title":{"rendered":"Sv\u00e1jc"},"content":{"rendered":"<p>Sv\u00e1jc egy 41 285 n\u00e9gyzetkilom\u00e9teres, kompakt \u00e1llam Nyugat-K\u00f6z\u00e9p-Eur\u00f3p\u00e1ban, hat\u00e1rai d\u00e9len Olaszorsz\u00e1ggal, nyugaton Franciaorsz\u00e1ggal, \u00e9szakon N\u00e9metorsz\u00e1ggal, keleten pedig Ausztri\u00e1val \u00e9s Liechtensteinnel hat\u00e1rosak. A k\u00f6r\u00fclbel\u00fcl kilencmilli\u00f3 lakos\u00fa Sv\u00e1jci \u00c1llamsz\u00f6vets\u00e9g 26 kantonb\u00f3l \u00e1ll\u00f3 sz\u00f6vets\u00e9gi strukt\u00fara alatt egyes\u00edt k\u00fcl\u00f6nb\u00f6z\u0151 nyelvi \u00e9s kultur\u00e1lis r\u00e9gi\u00f3kat \u2013 n\u00e9met, francia, olasz \u00e9s r\u00e9torom\u00e1n \u2013, Bern v\u00e1ros\u00e1val a sz\u00f6vets\u00e9gi hat\u00f3s\u00e1g sz\u00e9khelyek\u00e9nt. F\u00f6ldrajzilag a Sv\u00e1jci-fenns\u00edk, az Alpok \u00e9s a Jura k\u00f6z\u00f6tt elosztott orsz\u00e1g lakoss\u00e1ga \u00e9s f\u0151 v\u00e1rosi k\u00f6zpontjai \u2013 Z\u00fcrich, Genf \u00e9s Lausanne \u2013 a fenns\u00edkon \u00f6sszpontosulnak, m\u00edg a Magas-Alpok a ter\u00fclet nagyobb r\u00e9sz\u00e9t foglalj\u00e1k el.<\/p>\n<p>Sv\u00e1jc a tizenharmadik sz\u00e1zad v\u00e9g\u00e9n, az 1291-es Sz\u00f6vets\u00e9gi Charta \u00e1ltal l\u00e9trehozott v\u00e9delmi \u00e9s kereskedelmi sz\u00f6vets\u00e9gk\u00e9nt l\u00e9trej\u00f6tt orsz\u00e1g k\u00fcls\u0151 kih\u00edv\u00e1sokon \u00e9s bels\u0151 \u00e1talakul\u00e1sokon kereszt\u00fcl fejl\u0151d\u00f6tt, m\u00edgnem a f\u00f6deralizmus \u00e9s a k\u00f6zvetlen demokr\u00e1cia elvei \u00e1ltal jellemzett k\u00f6zt\u00e1rsas\u00e1gg\u00e1 v\u00e1lt. Az 1648-as vesztf\u00e1liai b\u00e9ke elismerte a konf\u00f6der\u00e1ci\u00f3 f\u00fcggetlens\u00e9g\u00e9t a Szent R\u00f3mai Birodalomt\u00f3l, ezzel a kora \u00fajkori Eur\u00f3pa kev\u00e9s fennmaradt k\u00f6zt\u00e1rsas\u00e1ga k\u00f6z\u00e9 sorolva. A tizennyolcadik sz\u00e1zad v\u00e9g\u00e9nek \u00e9s a tizenkilencedik sz\u00e1zad elej\u00e9nek felfordul\u00e1sai \u2013 melyeket a Helv\u00e9t K\u00f6zt\u00e1rsas\u00e1g nap\u00f3leoni \u00e9gisze alatti bevezet\u00e9se \u00e9s k\u00e9s\u0151bbi feloszlat\u00e1sa jellemzett \u2013 az 1848-as alkotm\u00e1nyban cs\u00facsosodtak ki, amely r\u00f6gz\u00edtette az egy\u00e9ni jogokat, a hatalmi \u00e1gak sz\u00e9tv\u00e1laszt\u00e1s\u00e1t \u00e9s a k\u00e9tkamar\u00e1s parlamenti korm\u00e1nyz\u00e1st, ez\u00e1ltal lerakva a modern sz\u00f6vets\u00e9gi \u00e1llam alapjait.<\/p>\n<p>Sv\u00e1jc tart\u00f3s fegyveres semlegess\u00e9gi politik\u00e1ja, amelyet a tizenhatodik sz\u00e1zad \u00f3ta fenntart, \u00e9s amelyet 1815 \u00f3ta nem t\u00f6rtek meg nemzetk\u00f6zi konfliktusok, megalapozta szerep\u00e9t a glob\u00e1lis diplom\u00e1ci\u00e1ban. B\u00e1r a Konf\u00f6der\u00e1ci\u00f3 csak 2002-ben csatlakozott az Egyes\u00fclt Nemzetek Szervezet\u00e9hez, akt\u00edv k\u00fclpolitik\u00e1t folytat a b\u00e9keteremt\u0151 er\u0151fesz\u00edt\u00e9sekben \u00e9s a glob\u00e1lis korm\u00e1nyz\u00e1sban val\u00f3 r\u00e9szv\u00e9tel r\u00e9v\u00e9n. Az 1863-ban Genfben l\u00e9trehozott V\u00f6r\u00f6skereszt, valamint a jelent\u0151s nemzetk\u00f6zi int\u00e9zm\u00e9nyek \u2013 k\u00f6zt\u00fck a Kereskedelmi Vil\u00e1gszervezet, az Eg\u00e9szs\u00e9g\u00fcgyi Vil\u00e1gszervezet, a Nemzetk\u00f6zi Munka\u00fcgyi Szervezet, a FIFA, a Vil\u00e1ggazdas\u00e1gi F\u00f3rum \u00e9s az ENSZ irod\u00e1i \u2013 jelenl\u00e9te bizony\u00edtja Sv\u00e1jc st\u00e1tusz\u00e1t a multilater\u00e1lis kapcsolatok k\u00f6zpontjak\u00e9nt. Az Eur\u00f3pai Szabadkereskedelmi T\u00e1rsul\u00e1s alap\u00edt\u00f3 tagjak\u00e9nt Sv\u00e1jc tov\u00e1bbra sem tagja az Eur\u00f3pai Uni\u00f3nak, az Eur\u00f3pai Gazdas\u00e1gi T\u00e9rs\u00e9gnek \u00e9s az eur\u00f3\u00f6vezetnek, de k\u00e9toldal\u00fa meg\u00e1llapod\u00e1sok r\u00e9v\u00e9n r\u00e9szt vesz az eur\u00f3pai egys\u00e9ges piacban \u00e9s a schengeni \u00f6vezetben.<\/p>\n<p>Gazdas\u00e1gilag a Konf\u00f6der\u00e1ci\u00f3 a vil\u00e1g legfejlettebb nemzetei k\u00f6z\u00e9 tartozik. Az egy feln\u0151ttre jut\u00f3 nomin\u00e1lis vagyon itt a legmagasabb, \u00e9s a brutt\u00f3 hazai term\u00e9k (GDP) alapj\u00e1n a vezet\u0151 gazdas\u00e1gok k\u00f6z\u00f6tt van. A versenyk\u00e9pess\u00e9gi mutat\u00f3k, a demokratikus korm\u00e1nyz\u00e1s mutat\u00f3i \u00e9s a sajt\u00f3szabads\u00e1g \u00e9rt\u00e9kel\u00e9se mind Sv\u00e1jcot a nemzetek \u00e9lvonal\u00e1ba sorolja. Z\u00fcrich, Genf \u00e9s B\u00e1zel k\u00f6vetkezetesen szerepel az \u00e9letmin\u0151s\u00e9gi rangsorban, annak ellen\u00e9re, hogy ezek a k\u00f6zpontok egyidej\u0171leg a magas meg\u00e9lhet\u00e9si k\u00f6lts\u00e9gekkel k\u00fczd\u0151 vil\u00e1gv\u00e1rosok k\u00f6z\u00e9 tartoznak. Az orsz\u00e1g bankszektora \u00e9s speci\u00e1lis ipar\u00e1gai \u2013 nevezetesen a prec\u00edzi\u00f3s \u00f3ragy\u00e1rt\u00e1s \u00e9s a csokol\u00e1d\u00e9gy\u00e1rt\u00e1s \u2013 r\u00e9g\u00f3ta form\u00e1lj\u00e1k nemzetk\u00f6zi h\u00edrnev\u00e9t, \u00e9s hozz\u00e1j\u00e1rultak ahhoz, hogy a vil\u00e1g tizenharmadik legnagyobb export\u0151re, egy f\u0151re jut\u00f3 \u00e9rt\u00e9ke pedig az \u00f6t\u00f6dik legnagyobb export\u0151r.<\/p>\n<p>Topogr\u00e1fiailag Sv\u00e1jc az \u00e9szaki sz\u00e9less\u00e9g 45\u00b0 \u00e9s 48\u00b0, valamint a keleti hossz\u00fas\u00e1g 5\u00b0 \u00e9s 11\u00b0 k\u00f6z\u00f6tt ter\u00fcl el, h\u00e1rom f\u0151 r\u00e9gi\u00f3t \u00f6lelve fel. D\u00e9len a Sv\u00e1jci-Alpok az orsz\u00e1g ter\u00fclet\u00e9nek k\u00f6zel hatvan sz\u00e1zal\u00e9k\u00e1t teszik ki, negyvennyolc cs\u00facson t\u00f6bb mint n\u00e9gyezer m\u00e9teres magass\u00e1gba emelkedve. A Monte Rosa 4634 m\u00e9ter magas, m\u00edg a 4478 m\u00e9teres Matterhorn ikonikus h\u00edrn\u00e9vnek \u00f6rvend. A Pennine-Alpok adnak otthont a nagyobb foly\u00f3k \u2013 a Rajna, az Inn, a Ticino \u00e9s a Rh\u00f4ne \u2013 forr\u00e1svid\u00e9k\u00e9nek is, amelyek az \u00e9gt\u00e1j minden ir\u00e1ny\u00e1ba el\u00e1gaznak, fenntartva Eur\u00f3pa v\u00edzrajzi h\u00e1l\u00f3zat\u00e1t, \u00e9s t\u00e1pl\u00e1lva a Genfi-tavat (Lac L\u00e9man), a Boden-tavat (Bodensee) \u00e9s a Maggiore-tavat. A gleccserek mintegy 1063 n\u00e9gyzetkilom\u00e9tert bor\u00edtanak, \u00e9s az orsz\u00e1g m\u00e1sf\u00e9l ezer tava Eur\u00f3pa \u00e9desv\u00edzk\u00e9szlet\u00e9nek hat sz\u00e1zal\u00e9k\u00e1t teszi ki. A kiterjedt foly\u00f3szab\u00e1lyoz\u00e1s \u2013 csatorn\u00e1z\u00e1s, g\u00e1tak \u00e9p\u00edt\u00e9se \u00e9s f\u00f6ldalatti sz\u00e1ll\u00edt\u00e1s \u2013 cs\u00f6kkenti az \u00e1rvizek, f\u00f6ldcsuszaml\u00e1sok \u00e9s lavin\u00e1k kock\u00e1zat\u00e1t, m\u00edg a talajv\u00edz biztos\u00edtja az iv\u00f3v\u00edz nyolcvan sz\u00e1zal\u00e9k\u00e1t.<\/p>\n<p>A Magas-Alpokt\u00f3l \u00e9szakra a Sv\u00e1jci-fenns\u00edk hull\u00e1mz\u00f3 legel\u0151kkel, gy\u00fcm\u00f6lcs\u00f6s\u00f6kkel \u00e9s erd\u0151kkel teli, talaja ter\u00fcl el, \u00e9s a legeltetett \u00e1llat\u00e1llom\u00e1ny is itt terem. A fenns\u00edk ad otthont a f\u0151bb v\u00e1rosi agglomer\u00e1ci\u00f3knak \u00e9s a kilencmilli\u00f3s lakoss\u00e1g nagy r\u00e9sz\u00e9nek. \u00c9szaknyugaton a Jura-hegys\u00e9g egy alacsonyabb, r\u00e9szben erd\u0151s vonulatot alkot. Ezekben a r\u00e9gi\u00f3kban k\u00e9t enkl\u00e1v\u00e9 tal\u00e1lhat\u00f3 \u2013 a N\u00e9metorsz\u00e1ghoz tartoz\u00f3 B\u00fcsingen \u00e9s az Olaszorsz\u00e1ghoz tartoz\u00f3 Campione d&#039;Italia \u2013, amelyeket teljes eg\u00e9sz\u00e9ben Sv\u00e1jc ter\u00fclete vesz k\u00f6r\u00fcl.<\/p>\n<p>\u00c9ghajlatilag a Konf\u00f6der\u00e1ci\u00f3 m\u00e9rs\u00e9kelt \u00e9g\u00f6vi \u00f6ve \u00e9lesen v\u00e1ltozik a tengerszint feletti magass\u00e1ggal. Az alpesi magaslatok eg\u00e9sz \u00e9vben gleccserszer\u0171 k\u00f6r\u00fclm\u00e9nyeket mutatnak, m\u00edg az alacsonyabb d\u00e9li v\u00f6lgyekben k\u00f6zel mediterr\u00e1n meleg tapasztalhat\u00f3, ami lehet\u0151v\u00e9 teszi a hidegt\u0171r\u0151 p\u00e1lmaf\u00e1k n\u00f6veked\u00e9s\u00e9t az eldugott m\u00e9lyed\u00e9sekben. A ny\u00e1ri h\u00f3napok meleget \u00e9s id\u0151szakos csapad\u00e9kot hoznak, ami j\u00f3t\u00e9kony hat\u00e1ssal van a legeltet\u0151kre, m\u00edg a hegyekben a stabil t\u00e9li anticiklon\u00e1lis k\u00f6r\u00fclm\u00e9nyek csapd\u00e1ba ejthetik a hidegebb leveg\u0151t, inverzi\u00f3s r\u00e9tegeket hozva l\u00e9tre, amelyek eltakarj\u00e1k a naps\u00fct\u00e9st a v\u00f6lgyekben. A f\u00f6hn-jelens\u00e9g \u2013 egy szokatlanul meleg, sz\u00e1raz sz\u00e9l, amely d\u00e9li fekv\u00e9s\u0171 es\u0151z\u00e9sek idej\u00e9n az \u00e9szaki lejt\u0151k\u00f6n lefel\u00e9 f\u00faj \u2013 eg\u00e9sz \u00e9vben el\u0151fordulhat, hat\u00e1sai a d\u00e9l-\u00e9szak ir\u00e1ny\u00fa folyos\u00f3khoz igazod\u00f3 v\u00f6lgyekben a legkifejezettebbek. A bels\u0151 alpesi medenc\u00e9k, mint p\u00e9ld\u00e1ul a Graub\u00fcnden \u00e9s a Wallis medenc\u00e9i, kevesebb csapad\u00e9kot szenvednek el, olyan k\u00f6r\u00fclm\u00e9nyeket, amelyek a r\u00f3mai id\u0151k \u00f3ta t\u00e1mogatj\u00e1k a sz\u0151l\u0151termeszt\u00e9st, \u00e9s tov\u00e1bbra is borokat termelnek \u2013 f\u0151k\u00e9nt Chasselas a Fendant nev\u0171 sz\u0151l\u0151\u00fcltetv\u00e9nyeken \u00e9s Pinot Noir, a Merlot pedig az olasz nyelv\u0171 Ticino kantonban domin\u00e1l. A legcsapad\u00e9kosabb helyek a magas Alpokban \u00e9s Ticin\u00f3ban tal\u00e1lhat\u00f3k, ahol sz\u00f3rv\u00e1nyos, intenz\u00edv viharok szak\u00edtj\u00e1k meg a hossz\u00fa naps\u00fct\u00e9ses id\u0151szakokat.<\/p>\n<p>A politikai berendezked\u00e9s 26 kanton sz\u00f6vets\u00e9g\u00e9n nyugszik, amelyek mindegyike saj\u00e1t alkotm\u00e1nnyal, parlamenttel, korm\u00e1nnyal, igazs\u00e1gszolg\u00e1ltat\u00e1ssal \u00e9s rend\u0151rs\u00e9ggel rendelkezik. A kantonok lakoss\u00e1ga alig t\u00f6bb mint tizenhatezer f\u0151t\u0151l Appenzell Innerrhodenben k\u00f6zel 1,5 milli\u00f3 f\u0151ig terjed Z\u00fcrichben, m\u00edg ter\u00fcleti kiterjed\u00e9s\u00fck tizenn\u00e9gy n\u00e9gyzetm\u00e9rf\u00f6ldt\u0151l B\u00e1zel-Stadtban 7105 n\u00e9gyzetkilom\u00e9terig Graub\u00fcndenben v\u00e1ltozik. A sz\u00f6vets\u00e9gi alkotm\u00e1ny \u00e9rtelm\u00e9ben minden kanton parit\u00e1sos st\u00e1tusszal rendelkezik, kiv\u00e9ve hat \u201ef\u00e9lkantont\u201d, amelyek k\u00e9pviselete az \u00c1llamtan\u00e1csban a fel\u00e9re cs\u00f6kken.<\/p>\n<p>A k\u00f6zleked\u00e9si infrastrukt\u00fara t\u00fckr\u00f6zi a Konf\u00f6der\u00e1ci\u00f3 elk\u00f6telezetts\u00e9g\u00e9t az \u00f6sszekapcsolts\u00e1g \u00e9s a fenntarthat\u00f3s\u00e1g ir\u00e1nt. Vas\u00fati h\u00e1l\u00f3zata \u2013 \u00f6tezer-k\u00e9tsz\u00e1z\u00f6tven kilom\u00e9ter hossz\u00fa \u00e9s gyakorlatilag teljesen villamos\u00edtott \u2013 \u00e9vente t\u00f6bb mint hatsz\u00e1zmilli\u00f3 utast sz\u00e1ll\u00edt. 2015-ben a sv\u00e1jci lakosok \u00e1tlagosan \u00e9vi 2550 kilom\u00e9tert utaztak vas\u00faton, ami eur\u00f3pai rekord. Az \u00e1llami tulajdonban l\u00e9v\u0151 Sv\u00e1jci Sz\u00f6vets\u00e9gi Vasutak a norm\u00e1l nyomt\u00e1vols\u00e1g\u00fa h\u00e1l\u00f3zat hatvan sz\u00e1zal\u00e9k\u00e1t \u00fczemeltetik, m\u00edg olyan v\u00e1llalatok, mint a BLS AG, a Rhaetian Railway \u00e9s a Matterhorn Gotthard Bahn tov\u00e1bbi \u00fatvonalakat szolg\u00e1lnak ki, bele\u00e9rtve az UNESCO \u00e1ltal elismert vonalakat \u00e9s a Glacier Expresszt. Az alpesi k\u00f6zleked\u00e9s k\u00f6zponti elemek\u00e9nt a Gotthard-b\u00e1zisalag\u00fat 57,1 kilom\u00e9ter hosszan h\u00faz\u00f3dik az Alpok alatt, a vil\u00e1g leghosszabb \u00e9s legm\u00e9lyebb vas\u00fati alag\u00fatjak\u00e9nt h\u00faz\u00f3dik, \u00e9s az Alpokon \u00e1t\u00edvel\u0151 \u00faj vas\u00fati \u00f6sszek\u00f6ttet\u00e9s magj\u00e1t alkotja. Az ingyenes, de \u00e9ves matricak\u00f6teles aut\u00f3p\u00e1ly\u00e1k 1638 kilom\u00e9ter hosszan h\u00faz\u00f3dnak, amivel a vil\u00e1g legs\u0171r\u0171bb aut\u00f3p\u00e1lya-rendszerei k\u00f6z\u00e9 tartoznak.<\/p>\n<p>A l\u00e9gi k\u00f6zleked\u00e9st els\u0151sorban a z\u00fcrichi rep\u00fcl\u0151t\u00e9r szolg\u00e1lja ki, amely 2012-ben huszonk\u00e9t, nyolcmilli\u00f3 utast szolg\u00e1lt ki, ezt k\u00f6veti a genfi, az EuroAirport Basel Mulhouse Freiburg, a berni, a lugan\u00f3i, a St. Gallen-Altenrhein \u00e9s a sioni rep\u00fcl\u0151t\u00e9r. A b\u00e1zeli sz\u00e9khely\u0171, z\u00fcrichi k\u00f6zpont\u00fa Swiss International Air Lines nemzeti l\u00e9git\u00e1rsas\u00e1gk\u00e9nt m\u0171k\u00f6dik.<\/p>\n<p>Demogr\u00e1fiailag Sv\u00e1jc lakoss\u00e1ga 1800 \u00e9s 1990 k\u00f6z\u00f6tt megn\u00e9gyszerez\u0151d\u00f6tt, az iparosod\u00e1s \u00e9s a bev\u00e1ndorl\u00e1s hat\u00e1s\u00e1ra. A jelenlegi el\u0151rejelz\u00e9sek 2035-ig tov\u00e1bbi n\u00f6veked\u00e9st j\u00f3solnak, amelyet els\u0151sorban a bej\u00f6v\u0151 lakosok vez\u00e9relnek. A term\u00e9kenys\u00e9gi r\u00e1ta a reprodukci\u00f3s szint k\u00f6zel\u00e9ben mozog, a negyvenn\u00e9gy \u00e9s f\u00e9l \u00e9ves medi\u00e1n \u00e9letkor pedig a vil\u00e1g egyik legid\u0151sebb nemzeti lakoss\u00e1g\u00e1t jel\u00f6li. Etnikailag a sv\u00e1jci \u00e1llampolg\u00e1rok a lakoss\u00e1g nagyj\u00e1b\u00f3l hatvankilenc sz\u00e1zal\u00e9k\u00e1t teszik ki, a fennmarad\u00f3 r\u00e9szt n\u00e9met, olasz, portug\u00e1l, francia, koszov\u00f3i, t\u00f6r\u00f6k \u200b\u200b\u00e9s m\u00e1s k\u00f6z\u00f6ss\u00e9gek alkotj\u00e1k, a becsl\u00e9sek szerint harmincezer f\u0151s roma kisebbs\u00e9g mellett. A k\u00fclf\u00f6ldi \u00e1llampolg\u00e1rok a k\u00f6zel kilencmilli\u00f3s lakoss\u00e1g egynegyed\u00e9t teszik ki, ami a glob\u00e1lis sz\u00e1rmaz\u00e1s szokatlanul sz\u00e9les sk\u00e1l\u00e1j\u00e1t k\u00e9pviseli.<\/p>\n<p>A kultur\u00e1lis \u00e9let a nyelvi r\u00e9gi\u00f3k \u00e9s a k\u00f6z\u00f6s alpesi \u00f6r\u00f6ks\u00e9g \u00f6sszefon\u00f3d\u00e1s\u00e1b\u00f3l sz\u00fcletik. N\u00e9gy nemzeti nyelv hat\u00e1rozza meg a helyi szok\u00e1sokat \u00e9s a m\u0171v\u00e9szi kifejez\u00e9sm\u00f3dot, m\u00edg a Graub\u00fcnden rom\u00e1n nyelv\u0171 enkl\u00e1v\u00e9i egyedi nyelvi hagyom\u00e1nyokat \u0151rzik a Fels\u0151-Rajna \u00e9s az Inn v\u00f6lgy\u00e9ben. Kreat\u00edv szem\u00e9lyis\u00e9gek \u2013 az \u00edr\u00f3kt\u00f3l a zeneszerz\u0151kig \u2013 egyar\u00e1nt sz\u00fclettek Sv\u00e1jcban, \u00e9s vonzott\u00e1k is \u0151ket, k\u00fcl\u00f6n\u00f6sen a kontinensek k\u00f6z\u00f6tti visz\u00e1lykod\u00e1sok idej\u00e9n. Mintegy ezer m\u00fazeum t\u00fckr\u00f6zi a m\u0171v\u00e9szet, a t\u00f6rt\u00e9nelem \u00e9s a tudom\u00e1ny ir\u00e1nti elk\u00f6telezetts\u00e9get, m\u00edg az \u00e9ves rendezv\u00e9nyek \u2013 a Pal\u00e9o Fesztiv\u00e1l, a Luzerni Fesztiv\u00e1l, a Montreux Jazz Fesztiv\u00e1l, a Locarn\u00f3i Nemzetk\u00f6zi Filmfesztiv\u00e1l \u00e9s az Art Basel \u2013 nemzetk\u00f6zi k\u00f6z\u00f6ns\u00e9get vonzanak. A Konf\u00f6der\u00e1ci\u00f3 h\u00e1romszor adott otthont az Eurov\u00edzi\u00f3s Dalfesztiv\u00e1lnak: az els\u0151 kiad\u00e1st 1956-ban Lugan\u00f3ban, az 1989-es lausanne-i rendez\u00e9st \u00e9s a 2025-\u00f6s b\u00e1zeli versenyt; a sv\u00e1jci gy\u0151ztesek k\u00f6z\u00f6tt van Lys Assia 1956-ban, C\u00e9line Dion 1988-ban \u00e9s Nemo 2024-ben.<\/p>\n<p>Az alpesi szimbolika a sv\u00e1jci identit\u00e1s alapj\u00e1t k\u00e9pezi, amelyet a zene, a t\u00e1nc, a fafarag\u00e1s, a k\u00f6lt\u00e9szet \u00e9s a h\u00edmz\u00e9s id\u00e9z fel. A n\u00e9pm\u0171v\u00e9szeti int\u00e9zm\u00e9nyek olyan hagyom\u00e1nyokat \u00e1polnak, amelyek az alpesi k\u00fcrtj\u00e1t\u00e9kt\u00f3l \u2013 a hegyi v\u00f6lgyeket id\u00e9z\u0151 \u200b\u200brezon\u00e1ns facs\u00f6vekt\u0151l \u2013 a jodliz\u00e1sig \u00e9s a harmonikanuz\u00e1ig terjednek. A p\u00e1sztorkod\u00e1s tov\u00e1bbra is minden\u00fctt jelen van a hegyvid\u00e9ki k\u00f6z\u00f6ss\u00e9gekben, ahol a szer\u00e9ny gazdas\u00e1gok \u00e9s a legel\u0151 szarvasmarh\u00e1k az \u00e9vsz\u00e1zados gyakorlatok folytonoss\u00e1g\u00e1t k\u00e9pviselik.<\/p>\n<p>A konyham\u0171v\u00e9szet t\u00fckr\u00f6zi a region\u00e1lis \u00e9ghajlatot \u00e9s a kultur\u00e1lis hasonl\u00f3s\u00e1gokat. Az univerz\u00e1lis \u00e9telek \u2013 a fond\u00fc, a raclette \u00e9s a r\u00f6sti \u2013 a helyi specialit\u00e1sok, p\u00e9ld\u00e1ul a Z\u00fcrcher Geschnetzeltes mellett megtal\u00e1lhat\u00f3k, amelyek mindegyike region\u00e1lisan beszerzett tejterm\u00e9kekb\u0151l, valamint olyan h\u00edres sajtokb\u00f3l k\u00e9sz\u00fcl, mint a Gruy\u00e8re \u00e9s az Emmental. Nyugat-Sv\u00e1jcban sz\u00e1mos eleg\u00e1ns \u00e9tterem tal\u00e1lhat\u00f3, m\u00edg a csokol\u00e1d\u00e9gy\u00e1rt\u00e1s \u2013 amely a XVIII. sz\u00e1zadra ny\u00falik vissza \u2013 a XIX. sz\u00e1zad v\u00e9g\u00e9n \u00e9rte el technikai finomod\u00e1st olyan feltal\u00e1l\u00f3k r\u00e9v\u00e9n, mint Daniel Peter, akinek 1875-\u00f6s tejcsokol\u00e1d\u00e9-receptje Sv\u00e1jcot a vil\u00e1g vezet\u0151j\u00e9v\u00e9 tette az egy f\u0151re jut\u00f3 csokol\u00e1d\u00e9fogyaszt\u00e1s tekintet\u00e9ben.<\/p>\n<p>A sz\u0151l\u00e9szeti hagyom\u00e1nyok az \u00f3kori r\u00f3mai el\u0151zm\u00e9nyekig ny\u00falnak vissza, m\u00e9gis vir\u00e1goznak Valais, Vaud, Genf \u00e9s Ticino kort\u00e1rs sz\u0151l\u0151\u00fcltetv\u00e9nyein. A feh\u00e9r \u00e9s v\u00f6r\u00f6s fajt\u00e1k k\u00f6z\u00fcl a Chasselas \u00e9s a Pinot Noir domin\u00e1l, termeszt\u00e9s\u00fcket a v\u00e1ltozatos talajok \u00e9s mikrokl\u00edm\u00e1k alak\u00edtott\u00e1k.<\/p>\n<p>A szabadt\u00e9ri kikapcsol\u00f3d\u00e1s a k\u00f6zleked\u00e9si folyos\u00f3kkal olvad \u00f6ssze, \u00edgy maga az utaz\u00e1s is az \u00e9lm\u00e9ny szerves r\u00e9sz\u00e9v\u00e9 v\u00e1lik. A lesikl\u00e1s vil\u00e1gszerte ismert, m\u00edg a t\u00far\u00e1z\u00e1s \u00e9s a hegyi ker\u00e9kp\u00e1roz\u00e1s alpesi \u00f6sv\u00e9nyeken halad kereszt\u00fcl, amelyek a k\u00f6nnyen megk\u00f6zel\u00edthet\u0151 v\u00f6lgyekt\u0151l az Eiger f\u00e9lelmetes \u00e9szaki oldal\u00e1ig terjednek, melynek t\u00f6rt\u00e9nelmi \u00e1ldozatokkal teli emelked\u0151i szinte mitikus st\u00e1tuszt \u00e9rtek el. A hegyi h\u00e1g\u00f3kon \u00e1t\u00edvel\u0151 vasutak \u00e9s utak cs\u00facsok, gleccserek \u00e9s tavak panor\u00e1m\u00e1j\u00e1t t\u00e1rj\u00e1k fel, biztos\u00edtva, hogy Sv\u00e1jc topogr\u00e1fiai gazdags\u00e1ga ne csak az elm\u00e9lked\u00e9s t\u00e1rgyak\u00e9nt, hanem a mozg\u00e1s vektorak\u00e9nt is \u00e9rz\u00e9kelhet\u0151 legyen.<\/p>\n<p>A sz\u00f6vets\u00e9gi korm\u00e1nyz\u00e1s, a f\u00f6ldrajzi soksz\u00edn\u0171s\u00e9g, a gazdas\u00e1gi vitalit\u00e1s \u00e9s a kultur\u00e1lis pluralizmus konvergenci\u00e1ja r\u00e9v\u00e9n Sv\u00e1jc meg\u0151rzi \u00f6sszetart\u00f3 nemzeti identit\u00e1s\u00e1t, amely a k\u00f6zvetlen demokr\u00e1cia \u00e9s az alpesi szimbolika k\u00f6z\u00f6s \u00e9rt\u00e9kein gy\u00f6kerezik. A k\u00f6z\u00e9pkori kantonok konf\u00f6der\u00e1ci\u00f3j\u00e1b\u00f3l a modern \u00e1llamm\u00e1 val\u00f3 fejl\u0151d\u00e9se a helyi auton\u00f3mia \u00e9s a kollekt\u00edv akarat szint\u00e9zis\u00e9t p\u00e9ld\u00e1zza \u2013 ez a modell tov\u00e1bbra is form\u00e1lja a sv\u00e1jci \u00e9let k\u00f6rvonalait a v\u00e1ltoz\u00f3 vil\u00e1g kih\u00edv\u00e1sai k\u00f6zepette.<\/p>\n<p>Sv\u00e1jc \u00e9vsz\u00e1zados politikai innov\u00e1ci\u00f3, m\u00e9rn\u00f6ki brav\u00farok \u00e9s m\u0171v\u00e9szi t\u00f6rekv\u00e9sek tan\u00fajak\u00e9nt nemcsak \u00fati c\u00e9lk\u00e9nt \u00e9rv\u00e9nyes\u00fcl, hanem p\u00e9ldak\u00e9nt is arra, hogyan kapcsol\u00f3dhat \u00f6ssze a megfontolt korm\u00e1nyz\u00e1s, a region\u00e1lis heterogenit\u00e1s tiszteletben tart\u00e1sa \u00e9s a semlegess\u00e9g hat\u00e1rozott v\u00e1llal\u00e1sa egy vir\u00e1gz\u00f3 \u00e9s stabil t\u00e1rsadalomm\u00e1, amelynek term\u00e9szetes nagys\u00e1ga \u00e9s t\u00e1rsadalmi eredm\u00e9nyei elv\u00e1laszthatatlanul \u00f6sszefon\u00f3dnak.<\/p>","protected":false},"excerpt":{"rendered":"<p>Sv\u00e1jc, Nyugat-Eur\u00f3pa k\u00f6zep\u00e9n fekv\u0151, tengerparttal nem rendelkez\u0151 orsz\u00e1g, 2023-ban mintegy 8,7 milli\u00f3 lakossal. Strat\u00e9giailag t\u00f6bb jelent\u0151s eur\u00f3pai nemzet tal\u00e1lkoz\u00e1s\u00e1n\u00e1l tal\u00e1lhat\u00f3 ez a kicsi, de hatalmas nemzet \u00e9szakon N\u00e9metorsz\u00e1ggal, nyugaton Franciaorsz\u00e1ggal, d\u00e9len Olaszorsz\u00e1ggal, keleten Ausztri\u00e1val \u00e9s Liechtensteinnel hat\u00e1ros. B\u00e1r a legt\u00f6bb ember a Sv\u00e1jci fenns\u00edkon \u00e9l, amely a legnagyobb v\u00e1rosoknak \u00e9s gazdas\u00e1gi er\u0151m\u0171veknek, p\u00e9ld\u00e1ul Z\u00fcrichnek, Genfnek \u00e9s B\u00e1zelnek ad otthont, a csod\u00e1latos Alpok uralj\u00e1k a sv\u00e1jci t\u00e1jat, \u00e9s az orsz\u00e1g ter\u00fclet\u00e9nek jelent\u0151s r\u00e9sz\u00e9t alkotj\u00e1k.<\/p>","protected":false},"author":1,"featured_media":3506,"parent":24078,"menu_order":0,"comment_status":"closed","ping_status":"closed","template":"elementor_theme","meta":{"_eb_attr":"","footnotes":""},"class_list":["post-12907","page","type-page","status-publish","has-post-thumbnail"],"_links":{"self":[{"href":"https:\/\/travelshelper.com\/hu\/wp-json\/wp\/v2\/pages\/12907","targetHints":{"allow":["GET"]}}],"collection":[{"href":"https:\/\/travelshelper.com\/hu\/wp-json\/wp\/v2\/pages"}],"about":[{"href":"https:\/\/travelshelper.com\/hu\/wp-json\/wp\/v2\/types\/page"}],"author":[{"embeddable":true,"href":"https:\/\/travelshelper.com\/hu\/wp-json\/wp\/v2\/users\/1"}],"replies":[{"embeddable":true,"href":"https:\/\/travelshelper.com\/hu\/wp-json\/wp\/v2\/comments?post=12907"}],"version-history":[{"count":0,"href":"https:\/\/travelshelper.com\/hu\/wp-json\/wp\/v2\/pages\/12907\/revisions"}],"up":[{"embeddable":true,"href":"https:\/\/travelshelper.com\/hu\/wp-json\/wp\/v2\/pages\/24078"}],"wp:featuredmedia":[{"embeddable":true,"href":"https:\/\/travelshelper.com\/hu\/wp-json\/wp\/v2\/media\/3506"}],"wp:attachment":[{"href":"https:\/\/travelshelper.com\/hu\/wp-json\/wp\/v2\/media?parent=12907"}],"curies":[{"name":"wp","href":"https:\/\/api.w.org\/{rel}","templated":true}]}}