{"id":12865,"date":"2024-09-17T00:02:43","date_gmt":"2024-09-17T00:02:43","guid":{"rendered":"https:\/\/travelshelper.com\/staging\/?page_id=12865"},"modified":"2026-03-12T23:49:44","modified_gmt":"2026-03-12T23:49:44","slug":"svedorszag","status":"publish","type":"page","link":"https:\/\/travelshelper.com\/hu\/destinations\/europe\/sweden\/","title":{"rendered":"Sv\u00e9dorsz\u00e1g"},"content":{"rendered":"<p>Sv\u00e9dorsz\u00e1g, hivatalos nev\u00e9n Sv\u00e9d Kir\u00e1lys\u00e1g, \u00c9szak-Eur\u00f3p\u00e1ban, a Skandin\u00e1v-f\u00e9lsziget keleti r\u00e9sz\u00e9t foglalja el, 450 295 n\u00e9gyzetkilom\u00e9ternyi ter\u00fcletet foglal mag\u00e1ban, \u00e9s k\u00f6r\u00fclbel\u00fcl 10,6 milli\u00f3 lakost tart fenn, akiknek 88 sz\u00e1zal\u00e9ka az orsz\u00e1g k\u00f6z\u00e9ps\u0151 \u00e9s d\u00e9li fel\u00e9n tal\u00e1lhat\u00f3 v\u00e1rosi k\u00f6zpontokban \u00e9l. Nyugaton \u00e9s \u00e9szakon Norv\u00e9gi\u00e1val, keleten pedig Finnorsz\u00e1ggal hat\u00e1ros Sv\u00e9dorsz\u00e1g sz\u00e1razf\u00f6ldi \u00e9s demogr\u00e1fiai szempontb\u00f3l a legnagyobb, valamint az eur\u00f3pai kontinens \u00f6t\u00f6dik legnagyobb nemzete. F\u0151v\u00e1rosa, Stockholm, a M\u00e4laren-t\u00f3 \u00e9s a Balti-tenger tal\u00e1lkoz\u00e1s\u00e1n\u00e1l fekv\u0151 szigetek konstell\u00e1ci\u00f3j\u00e1n ter\u00fcl el, politikai, gazdas\u00e1gi \u00e9s kultur\u00e1lis \u00e9let\u00e9nek k\u00f6zpontjak\u00e9nt szolg\u00e1lva egy olyan \u00e1llam sz\u00e1m\u00e1ra, amely a tizedik sz\u00e1zad v\u00e9gi megszil\u00e1rdul\u00e1sa \u00f3ta a tengeri hatalmr\u00f3l, a ter\u00fcleti felemelked\u00e9sr\u0151l \u00e9s a progressz\u00edv t\u00e1rsadalompolitik\u00e1r\u00f3l alkotott tart\u00f3s narrat\u00edv\u00e1t sz\u0151tt.<\/p>\n<p>A mai Sv\u00e9dorsz\u00e1g ter\u00fclet\u00e9n az emberi jelenl\u00e9t legkor\u00e1bbi id\u0151pontja Kr. e. 12 000 k\u00f6r\u00fclre tehet\u0151, amikor az \u00fatt\u00f6r\u0151 vad\u00e1szok \u00e9s gy\u0171jt\u00f6get\u0151k \u00e9szak fel\u00e9 nyomultak el\u0151re a visszah\u00faz\u00f3d\u00f3 j\u00e9gtakar\u00f3k nyom\u00e1n. Az ezt k\u00f6vet\u0151 \u00e9vezredek sor\u00e1n ezek a sz\u00e9tsz\u00f3rt n\u00e9pek egyes\u00fcltek a geat \u00e9s svear n\u00e9pekk\u00e9 \u2013 olyan n\u00e9pekk\u00e9, akiknek tengeri \u00fcgyess\u00e9ge id\u0151vel biztos\u00edtotta hely\u00fcket az \u00c9szak-Atlanti-\u00f3ce\u00e1nt felt\u00e9rk\u00e9pez\u0151 norv\u00e9g tenger\u00e9szek k\u00f6z\u00f6tt. A tizedik sz\u00e1zad v\u00e9g\u00e9re egys\u00e9ges sv\u00e9d \u00e1llam kezdett kialakulni, amelynek hatalma megszil\u00e1rdult egy monarchia alatt, amely k\u00e9s\u0151bb a Kalm\u00e1ri Uni\u00f3n (1397\u20131523) kereszt\u00fcl D\u00e1ni\u00e1val \u00e9s Norv\u00e9gi\u00e1val egy\u00fctt, majd a harminc\u00e9ves h\u00e1bor\u00fa z\u0171rzavar\u00e1n kereszt\u00fcl ir\u00e1ny\u00edtotta az orsz\u00e1got. Ez a konfliktus a birodalmi amb\u00edci\u00f3k korszak\u00e1t nyitotta meg; sv\u00e9d z\u00e1szl\u00f3k lobogtak a Balti-tenger partvid\u00e9k\u00e9nek nagy r\u00e9sz\u00e9n, mik\u00f6zben a sz\u00fclet\u0151 birodalom a tizennyolcadik sz\u00e1zad elej\u00e9ig eur\u00f3pai nagyhatalomk\u00e9nt \u00e9rv\u00e9nyes\u00edtette mag\u00e1t. B\u00e1r Finnorsz\u00e1g keleti tartom\u00e1ny\u00e1t 1809-ben \u00e1tengedt\u00e9k a Cs\u00e1sz\u00e1ri Oroszorsz\u00e1gnak, \u00e9s Sv\u00e9dorsz\u00e1g utols\u00f3 hadi v\u00e1llalkoz\u00e1sa \u2013 egy k\u00e9nyszer\u0171 uni\u00f3 Norv\u00e9gi\u00e1val 1814-ben \u2013 m\u00faland\u00f3nak bizonyult, a nemzet ezt k\u00f6vet\u0151en a semlegess\u00e9g \u00e9s a t\u00e1rsadalmi reformok \u00fatj\u00e1t v\u00e1lasztotta, amely el\u0151revet\u00edtette modern identit\u00e1s\u00e1t.<\/p>\n<p>A jelenlegi alkotm\u00e1nyos monarchi\u00e1ban \u00e9s parlament\u00e1ris demokr\u00e1ci\u00e1ban a t\u00f6rv\u00e9nyhoz\u00f3 hatalom az egykamar\u00e1s Riksdagban tal\u00e1lhat\u00f3, amely 349 k\u00e9pvisel\u0151b\u0151l \u00e1ll, akiket egy 21 megy\u00e9re \u00e9s 290 telep\u00fcl\u00e9sre osztott egys\u00e9ges \u00e1llam k\u00e9pviselet\u00e9re v\u00e1lasztottak meg. A sv\u00e9d korm\u00e1nyz\u00e1s egyik jellemz\u0151je a tizenkilencedik sz\u00e1zad \u00f3ta az egyetemes szoci\u00e1lis j\u00f3l\u00e9t kiterjeszt\u00e9se: az eg\u00e9szs\u00e9g\u00fcgyet \u00e9s a fels\u0151oktat\u00e1st \u00e1llamilag finansz\u00edrozz\u00e1k, ami egy olyan t\u00e1rsadalmat t\u00e1maszt al\u00e1, amely a vil\u00e1gon az \u00f6t\u00f6dik helyen \u00e1ll az Emberi Fejl\u0151d\u00e9si Indexen, \u00e9s olyan soksz\u00edn\u0171 ter\u00fcleteken ismert a kiv\u00e1l\u00f3s\u00e1gr\u00f3l, mint a nemek k\u00f6z\u00f6tti egyenl\u0151s\u00e9g, a j\u00f6vedelmi parit\u00e1s \u00e9s a polg\u00e1ri szabads\u00e1gjogok. Miut\u00e1n 1995. janu\u00e1r 1-j\u00e9n csatlakozott az Eur\u00f3pai Uni\u00f3hoz, majd 2024. m\u00e1rcius 7-\u00e9n a NATO-hoz, Sv\u00e9dorsz\u00e1g akt\u00edv tagja az Egyes\u00fclt Nemzetek Szervezet\u00e9nek, a schengeni \u00f6vezetnek, az Eur\u00f3pa Tan\u00e1csnak, az \u00c9szaki Tan\u00e1csnak, a WTO-nak \u00e9s az OECD-nek, mik\u00f6zben meg\u0151rzi t\u00f6rt\u00e9nelmi ambivalenci\u00e1j\u00e1t a fegyveres konfliktusokkal kapcsolatban.<\/p>\n<p>F\u00f6ldrajzilag Sv\u00e9dorsz\u00e1g az \u00e9szaki sz\u00e9less\u00e9g 55\u00b0-t\u00f3l 69\u00b0-ig, f\u0151k\u00e9nt a keleti hossz\u00fas\u00e1g 11\u00b0-t\u00f3l 25\u00b0-ig terjed, \u00edgy figyelemre m\u00e9lt\u00f3 topogr\u00e1fiai v\u00e1ltozatoss\u00e1ggal rendelkez\u0151 ter\u00fcletet alkot. A skandin\u00e1v hegyl\u00e1nc h\u00faz\u00f3dik nyugati hat\u00e1r\u00e1n Norv\u00e9gi\u00e1val, amelyb\u0151l hatalmas sz\u00e9less\u00e9g\u0171 foly\u00f3k erednek \u2013 a helyiek \u00e4lvar n\u00e9ven ismerik \u0151ket \u2013, melyek leghosszabb szakasza, a Klar\u00e4lven\u2013G\u00f6ta \u00e4lv rendszer, K\u00f6z\u00e9p-Norv\u00e9gi\u00e1b\u00f3l ered, \u00e9s t\u00f6bb mint 1160 kilom\u00e9ter hosszan bontakozik ki, miel\u0151tt el\u00e9ri a g\u00f6teborgi tengert. Ezzel szemben a d\u00e9li fele malmai sz\u0171kebb foly\u00f3medreket haszn\u00e1lnak fel a v\u00e1rosi \u00e9s mez\u0151gazdas\u00e1gi telep\u00fcl\u00e9sek s\u0171r\u0171 h\u00e1l\u00f3zat\u00e1nak kiszolg\u00e1l\u00e1s\u00e1ra. A sz\u00e1razf\u00f6ld belsej\u00e9ben az erd\u0151k a ter\u00fclet mintegy 65 sz\u00e1zal\u00e9k\u00e1t bor\u00edtj\u00e1k, faanyagforr\u00e1st biztos\u00edtva, amely a v\u00edzenergia \u00e9s a vas\u00e9rc mellett az exportorient\u00e1lt gazdas\u00e1g alapj\u00e1t k\u00e9pezi, amelyben a m\u00e9rn\u00f6ki ipar a termel\u00e9s \u00e9s a k\u00fclf\u00f6ldi \u00e9rt\u00e9kes\u00edt\u00e9s fel\u00e9t teszi ki. A V\u00e4nern \u2013 Eur\u00f3pa harmadik legnagyobb tava \u2013 a V\u00e4tternnel, a M\u00e4larennel \u00e9s a Hj\u00e4lmarennel egy\u00fctt G\u00f6taland \u00e9s Svealand alf\u00f6ldjeit alkotja, m\u00edg az \u00c9szaki-sarkk\u00f6rt\u0151l \u00e9szakra a fj\u00e4ll \u00e9s a bore\u00e1lis vadon olyan kiterjed\u00e9ss\u00e9 olvad \u00f6ssze, ahol r\u00e9nszarvascsord\u00e1k barangolnak, \u00e9s az \u00e9szaki f\u00e9ny t\u00e1ncol az \u00e9jf\u00e9li \u00e9gbolton.<\/p>\n<p>\u00c9ghajlattani szempontb\u00f3l Sv\u00e9dorsz\u00e1g dacol az \u00e9szaki sz\u00e9less\u00e9gi k\u00f6r\u00f6kre vonatkoz\u00f3 leegyszer\u0171s\u00edtett elv\u00e1r\u00e1sokkal, m\u00e9rs\u00e9kelt \u00e9g\u00f6v\u00e9t a Golf-\u00e1ramlat \u00e9s az uralkod\u00f3 nyugati sz\u00e9l m\u00e9rs\u00e9kli; ny\u00e1ron 19 \u00b0C \u00e9s 24 \u00b0C k\u00f6z\u00f6tti nappali maximumh\u0151m\u00e9rs\u00e9kletek, t\u00e9len -9 \u00b0C \u00e9s 3 \u00b0C k\u00f6z\u00f6tti \u00e1tlagh\u0151m\u00e9rs\u00e9kletek tapasztalhat\u00f3k, a t\u00e1voli d\u00e9len pedig ak\u00e1r teljesen elmaradhat a folyamatos h\u00f3takar\u00f3. A nappali \u00f3r\u00e1k sz\u00e1ma dr\u00e1maian ingadozik: Stockholmban t\u00f6bb mint 18 \u00f3r\u00e1nyi ny\u00e1rk\u00f6zepi naps\u00fct\u00e9sben f\u00fcrdik, m\u00edg decemberben mind\u00f6ssze hat nappal van. Az \u00e9ves csapad\u00e9kmennyis\u00e9g a legt\u00f6bb r\u00e9gi\u00f3ban 500 \u00e9s 800 millim\u00e9ter k\u00f6z\u00f6tt mozog, d\u00e9lnyugaton 1200 millim\u00e9terre emelkedik, egyes hegyvid\u00e9ki helyeken pedig meghaladja a 2000 millim\u00e9tert, m\u00edg a hossz\u00fa t\u00e1v\u00fa trendek arra utalnak, hogy a Barents-tengerben cs\u00f6kken\u0151 tengeri j\u00e9g fokozhatja a j\u00f6v\u0151beni havaz\u00e1st Skandin\u00e1vi\u00e1ban.<\/p>\n<p>Sv\u00e9dorsz\u00e1g kultur\u00e1lis \u00f6r\u00f6ks\u00e9ge ugyanilyen soksz\u00edn\u0171. \u00c9p\u00edt\u00e9szeti vonala a kora k\u00f6z\u00e9pkori fa\u00e9p\u00fcletekt\u0151l a rom\u00e1n \u00e9s g\u00f3tikus k\u0151templomokon \u00e1t \u2013 melyeket a lundi sz\u00e9kesegyh\u00e1z (XI. sz\u00e1zad) \u00e9s a t\u00e9gla\u00e9p\u00fclet\u0171 skarai sz\u00e9kesegyh\u00e1z (XIV. sz\u00e1zad) p\u00e9ld\u00e1z \u2013, majd onnan a tizenh\u00e9tsz\u00e1zados barokk v\u00e1rakig \u00e9s rokok\u00f3 v\u00e1rosk\u00e9pekig terjed, bele\u00e9rtve a karlskronai tenger\u00e9szeti b\u00e1sty\u00e1t (UNESCO Vil\u00e1g\u00f6r\u00f6ks\u00e9g r\u00e9sze) \u00e9s az eker\u0151i Drottningholm-palot\u00e1t. Az 1930-as funkcionalista \u201estockholmi ki\u00e1ll\u00edt\u00e1s\u201d kataliz\u00e1lta a funkis n\u00e9ven ismert modernista hull\u00e1mot, amely a k\u00f6vetkez\u0151 \u00e9vtizedekben a Million Program kiterjedt lak\u00f3telepeiben nyilv\u00e1nult meg. A kort\u00e1rs nevezetess\u00e9gek k\u00f6z\u00fcl a stockholmi Avicii Ar\u00e9na a vil\u00e1g legnagyobb f\u00e9lg\u00f6mb alak\u00fa \u00e9p\u00edtm\u00e9nyek\u00e9nt h\u00edvja fel mag\u00e1ra a figyelmet, kupol\u00e1ja 110 m\u00e9ter magas.<\/p>\n<p>A t\u00f6rt\u00e9nelmileg szigor\u00fa, hal-, h\u00fas-, burgonya- \u00e9s tejterm\u00e9kekre \u00e9p\u00fcl\u0151 sv\u00e9d konyha m\u00e1ra kifinomult hagyom\u00e1nny\u00e1 fejl\u0151d\u00f6tt. Az ikonikus \u00e9telek \u2013 a m\u00e1rt\u00e1sos h\u00fasgomb\u00f3cok v\u00f6r\u00f6s\u00e1fonyalekv\u00e1rral, a pyttipanna r\u00e1ntotta \u00e9s a szezon\u00e1lis surstr\u00f6mming \u2013 a bar\u00e1ts\u00e1gos sm\u00f6rg\u00e5sbord \u00e9s az \u00fcnnepi pir\u00edt\u00f3s mellett, snaps \u00e9s aquavit mellett is megtal\u00e1lhat\u00f3k. A ropog\u00f3s kenyerek soksz\u00edn\u0171s\u00e9g\u00fckben vetekednek \u0151si lapos form\u00e1ikkal, \u00e9s a region\u00e1lis specialit\u00e1sok, mint p\u00e9ld\u00e1ul az angolna d\u00e9len \u00e9s az erjesztett hering \u00e9szakon, a f\u00f6ldrajz \u00e9s a gasztron\u00f3mia k\u00f6z\u00f6tti tart\u00f3s kapcsolatot bizony\u00edtj\u00e1k.<\/p>\n<p>Az orsz\u00e1g k\u00f6zleked\u00e9si infrastrukt\u00far\u00e1ja t\u00fckr\u00f6zi kett\u0151s elk\u00f6telezetts\u00e9g\u00e9t az \u00f6sszekapcsolts\u00e1g \u00e9s a k\u00f6rnyezetv\u00e9delem ir\u00e1nt. T\u00f6bb mint 162 000 kilom\u00e9ternyi aszfaltozott \u00fat, 1428 kilom\u00e9ternyi gyorsforgalmi \u00fat \u00e9s az \u00d6resund h\u00edd k\u00f6ti \u00f6ssze Sv\u00e9dorsz\u00e1got belf\u00f6ld\u00f6n \u00e9s D\u00e1ni\u00e1val; a vas\u00fatvonalak, b\u00e1r mag\u00e1nk\u00e9zben vannak, nagyr\u00e9szt \u00e1llami tulajdonban vannak a Trafikverket ir\u00e1ny\u00edt\u00e1sa alatt, \u00e9s a stockholmi metr\u00f3 \u2013 az egyetlen f\u00f6ldalatti rendszer \u2013 100 \u00e1llom\u00e1st szolg\u00e1l ki. Az Arlanda, Landvetter \u00e9s Skavsta f\u0151bb rep\u00fcl\u0151terei megk\u00f6nny\u00edtik a nemzetk\u00f6zi k\u00f6zleked\u00e9st, m\u00edg a kiterjedt komp- \u00e9s tengeri haj\u00f3z\u00e1si \u00fatvonal-h\u00e1l\u00f3zat \u00f6sszek\u00f6ti Sv\u00e9dorsz\u00e1got balti szomsz\u00e9daival \u00e9s az \u00c9szaki-tenger tengeri szf\u00e9r\u00e1j\u00e1val. Csak a stockholmi szigetcsoporton bel\u00fcl a l\u00e1togat\u00f3k \u00e9lhetnek a nyilv\u00e1nos hozz\u00e1f\u00e9r\u00e9s jog\u00e1val, hogy bej\u00e1rj\u00e1k a szigeteket \u00e9s a v\u00edzi utakat, kijel\u00f6lt helyeken kempingezzenek, \u00e9s bens\u0151s\u00e9ges tal\u00e1lkoz\u00e1sokat alak\u00edtsanak ki a tengeri k\u00f6rnyezettel, amely \u00e9vsz\u00e1zadok \u00f3ta form\u00e1lja a sv\u00e9d identit\u00e1st.<\/p>\n<p>K\u00f6zigazgat\u00e1silag \u00e9s kultur\u00e1lisan Sv\u00e9dorsz\u00e1g h\u00e1rom t\u00f6rt\u00e9nelmi ter\u00fcletre oszlik: \u00e9szakon Norrlandra, k\u00f6z\u00e9pen Svealandra, d\u00e9len pedig G\u00f6talandra, amelyek mindegyike olyan tartom\u00e1nyokb\u00f3l \u00e1ll, amelyek a hivatalos korm\u00e1nyzati hatalom hi\u00e1nya ellen\u00e9re is a mai napig \u00e9lnek a k\u00f6ztudatban. Az \u00f6t megy\u00e9b\u0151l \u00e1ll\u00f3 Norrland a sz\u00e1razf\u00f6ld k\u00f6zel 60 sz\u00e1zal\u00e9k\u00e1t teszi ki, m\u00e9gis ritk\u00e1n lakott, erd\u0151i, foly\u00f3i \u00e9s alpesi fenns\u00edkjai t\u00e9li sport- \u00e9s \u00f6koturisztikai lehet\u0151s\u00e9geket k\u00edn\u00e1lnak. Svealand, az orsz\u00e1g politikai \u00e9s vall\u00e1si int\u00e9zm\u00e9nyeinek sz\u00e9khelye, mag\u00e1ban foglalja Stockholmot, Uppsal\u00e1t \u00e9s \u00d6rebr\u00f3t, \u00e9s eredet\u00e9t a korai koh\u00e1szati \u200b\u200bk\u00f6zpontokra vezeti vissza, amelyek Sv\u00e9dorsz\u00e1g harminc\u00e9ves h\u00e1bor\u00fas hadj\u00e1ratait el\u0151mozd\u00edtott\u00e1k. G\u00f6taland, a Geats \u0151si birodalma, k\u00f6z\u00e9pkori katedr\u00e1lisoknak, \u0151si temetkez\u00e9si eml\u00e9keknek \u00e9s modern szabadid\u0151s l\u00e9tes\u00edtm\u00e9nyeknek tan\u00faskodik, m\u00edg term\u00e9keny talaja \u00e9s kiterjedt v\u00edzi \u00fatjai olyan kereskedelmi h\u00e1l\u00f3zatokat tartottak fenn, amelyek el\u0151revet\u00edtett\u00e9k olyan v\u00e1rosok ipari felemelked\u00e9s\u00e9t, mint G\u00f6teborg \u00e9s Malm\u00f6.<\/p>\n<p>Sv\u00e9dorsz\u00e1g v\u00e1rosi \u00e9lete a f\u0151bb v\u00e1rosok k\u00f6r\u00fcl forog. Stockholm barokk palot\u00e1i \u00e9s kort\u00e1rs m\u0171v\u00e9szeti m\u00fazeumai keretezik t\u00f6rt\u00e9nelmi magj\u00e1t; G\u00f6teborg, az orsz\u00e1g egykori legfontosabb kik\u00f6t\u0151je, az ipari \u00f6r\u00f6ks\u00e9get egy h\u00edres botanikus kerttel \u00f6tv\u00f6zi; Malm\u00f6, amelyet h\u00edd k\u00f6t \u00f6ssze Koppenh\u00e1g\u00e1val, a kozmopolita meg\u00fajul\u00e1s p\u00e9ld\u00e1ja; Uppsala, Sv\u00e9dorsz\u00e1g \u00e9rsekeinek \u0151si sz\u00e9khelye, \u0151rzi a kontinens legnagyobb k\u00f6z\u00e9pkori katedr\u00e1lis\u00e1t; Lund egyetem\u00e9nek erej\u00e9vel \u00e9s a viking alap\u00edt\u00e1sok visszhangj\u00e1val l\u00fcktet; Visby fallal k\u00f6r\u00fclvett v\u00e1rosr\u00e9sze a hanza-kori j\u00f3l\u00e9tre eml\u00e9keztet; Ume\u00e5, a leg\u00e9szakibb v\u00e1ros pedig ez\u00fcstny\u00edrerd\u0151k \u00e9s oktat\u00e1si innov\u00e1ci\u00f3k k\u00f6z\u00f6tt vir\u00e1gzik. Ezeken t\u00fal Link\u00f6ping rep\u00fcl\u0151g\u00e9pipari kampusza, Karlskrona fa rakpartjai, valamint Kiruna vas\u00e9rcb\u00e1ny\u00e1ja \u00e9s j\u00e9ghotelje mind k\u00fcl\u00f6n fejezeteket adnak a nemzeti t\u00f6rt\u00e9nethez.<\/p>\n<p>Sv\u00e9dorsz\u00e1g kultur\u00e1lis t\u00e1jk\u00e9pei t\u00falmutatnak a v\u00e1rosi ter\u00fcleteken, a vadreg\u00e9nyes vadon \u00e9s a n\u00e9pi hagyom\u00e1nyok birodalm\u00e1ba ny\u00falnak. Huszonkilenc nemzeti park, a Sarek szubarktikus kiterjed\u00e9s\u00e9t\u0151l \u2013 amelyet r\u00e9g\u00f3ta Eur\u00f3pa utols\u00f3 vadonjak\u00e9nt \u00fcnnepelnek \u2013 a Kosterhavet el\u00e1rasztott z\u00e1tonyaiig, olyan \u00e9l\u0151helyeket v\u00e9d, ahol a j\u00e1vorszarvasok \u00e9s rozsom\u00e1k szabadon barangolnak, \u00e9s a hull\u00e1mok alatt vir\u00e1gzik a tengeri \u00e9l\u0151vil\u00e1g. A f\u00f6ld b\u0151s\u00e9ge szezon\u00e1lis tev\u00e9kenys\u00e9geket tesz lehet\u0151v\u00e9: s\u00edfut\u00e1s \u00e9s a tiszteletrem\u00e9lt\u00f3 Vasaloppet maraton t\u00e9len; t\u00far\u00e1z\u00e1s a Kungsleden \u00f6sv\u00e9nyen ny\u00e1ron; kenuz\u00e1s foly\u00f3parti folyos\u00f3kon; vitorl\u00e1z\u00e1s a szigetcsoport szigetei k\u00f6z\u00f6tt; \u00e9s a bogy\u00f3s- \u00e9s gombatermeszt\u00e9s \u0151si hagyom\u00e1nya. A Sv\u00e9d Klasszikus K\u00f6rverseny, egy s\u00edel\u00e9sb\u0151l, fut\u00e1sb\u00f3l, ker\u00e9kp\u00e1roz\u00e1sb\u00f3l \u00e9s \u00fasz\u00e1sb\u00f3l \u00e1ll\u00f3 kitart\u00e1st ig\u00e9nyl\u0151 n\u00e9gypr\u00f3ba, megtestes\u00edti a szabadt\u00e9ri \u00e1llampolg\u00e1rs\u00e1g szellemis\u00e9g\u00e9t, amely \u00e1thatja a nemzeti \u00e9letet.<\/p>\n<p>A polg\u00e1ri szf\u00e9r\u00e1ban Sv\u00e9dorsz\u00e1g int\u00e9zm\u00e9nyei t\u00fckr\u00f6zik a kollekt\u00edv j\u00f3l\u00e9t \u00e9s az egalit\u00e1rius \u00edg\u00e9ret szellemis\u00e9g\u00e9t. A vil\u00e1g legmagasabbjai k\u00f6z\u00e9 tartoz\u00f3 egy f\u0151re jut\u00f3 GDP-vel \u00e9s a tizenkettedik leggazdagabb nemzetk\u00e9nt val\u00f3 tartoz\u00e1sukkal az ipari k\u00e9pess\u00e9geket \u2013 amelyeket a Volvo, az Ericsson, a SAAB \u00e9s az IKEA p\u00e9ld\u00e1z \u2013 egyens\u00falyba hozza a civil t\u00e1rsadalom gondoz\u00e1s\u00e1val olyan egyes\u00fcleteken kereszt\u00fcl, amelyek meg\u0151rzik a n\u00e9pi kult\u00far\u00e1t, a k\u00e9zm\u0171vess\u00e9get \u00e9s a k\u00f6z\u00f6ss\u00e9gi \u00e9letet. A szabadt\u00e9ri m\u00fazeumok, mint p\u00e9ld\u00e1ul a Skansen, a n\u00e9pi \u00e9p\u00edt\u00e9szetet \u00e9s a hagyom\u00e1nyos mesters\u00e9geket v\u00e9dik; a hembygdsf\u00f6reningar (helyi \u00f6r\u00f6ks\u00e9gv\u00e9delmi t\u00e1rsas\u00e1gok) a kultur\u00e1lis folytonoss\u00e1got r\u00f6gz\u00edtik; a nyilv\u00e1nos hozz\u00e1f\u00e9r\u00e9s joga (allemansr\u00e4tten) pedig a term\u00e9szeti kincsek ir\u00e1nti k\u00f6z\u00f6s felel\u0151ss\u00e9get r\u00f6gz\u00edti.<\/p>\n<p>Sv\u00e9dorsz\u00e1gon \u00e1tutazni egy olyan birodalom tan\u00faja lehet\u00fcnk, ahol a gleccserek domborzata tal\u00e1lkozik a nagyv\u00e1rosi \u00e9let ny\u00fczsg\u00e9s\u00e9vel, ahol \u00e9vsz\u00e1zados k\u0151tornyok tark\u00edtj\u00e1k a fenyveseket, \u00e9s ahol a nyitotts\u00e1g ethosza \u00e1thatja a k\u00f6z- \u00e9s mag\u00e1n\u00e9let minden aspektus\u00e1t. Lappf\u00f6ld fagyos hegyeit\u0151l Malm\u00f6 macskak\u00f6ves rakpartjaiig a nemzet r\u00e9tegzett t\u00f6rt\u00e9nelme \u2013 viking t\u00f6rzsf\u0151n\u00f6k\u00f6k \u00e9s birodalom\u00e9p\u00edt\u0151k, ipari \u00faj\u00edt\u00f3k \u00e9s t\u00e1rsadalmi reformerek \u2013 mind a fizikai k\u00f6rnyezetben, mind a kollekt\u00edv k\u00e9pzeletben k\u00e9zzelfoghat\u00f3 marad. Ez egy olyan orsz\u00e1g, amelyet a folytonoss\u00e1g \u00e9s a v\u00e1ltoz\u00e1s egyar\u00e1nt jellemez, amelyben a term\u00e9szet elemi er\u0151i egy\u00fctt \u00e9lnek az irodalom, a design \u00e9s a polg\u00e1ri rend kifinomult kifejez\u00e9sm\u00f3djaival, tart\u00f3s narrat\u00edv\u00e1t alkotva a kultur\u00e1lis \u00e9s k\u00f6rnyezeti rezonancia tekintet\u00e9ben.<\/p>","protected":false},"excerpt":{"rendered":"<p>Sv\u00e9dorsz\u00e1g, hivatalos nev\u00e9n Sv\u00e9d Kir\u00e1lys\u00e1g, egy skandin\u00e1v nemzet, amely \u00c9szak-Eur\u00f3p\u00e1ban a Skandin\u00e1v-f\u00e9lszigeten tal\u00e1lhat\u00f3, lakoss\u00e1ga k\u00f6r\u00fclbel\u00fcl 10,6 milli\u00f3. Sv\u00e9dorsz\u00e1g strat\u00e9giailag a nyugati \u00e9s \u00e9szaki Norv\u00e9gia, valamint a keleti Finnorsz\u00e1g k\u00f6z\u00f6tt helyezkedik el. Elk\u00e9peszt\u0151, 450 295 n\u00e9gyzetkilom\u00e9teres (173 656 n\u00e9gyzetm\u00e9rf\u00f6ld) ter\u00fcleten, v\u00e1ltozatos domborzattal, ez a legnagyobb \u00e9szaki orsz\u00e1g, valamint Eur\u00f3pa \u00f6t\u00f6dik legnagyobb orsz\u00e1ga. Az \u00e9szaki r\u00e9gi\u00f3t meghat\u00e1rozza az alacsony popul\u00e1ci\u00f3s\u0171r\u0171s\u00e9g (k\u00f6r\u00fclbel\u00fcl 25,5 egyed\/n\u00e9gyzetkilom\u00e9ter), amely ennek a ter\u00fcletnek a nagy kiterjed\u00e9s\u00e9b\u0151l \u00e9s meglehet\u0151sen csek\u00e9ly popul\u00e1ci\u00f3j\u00e1b\u00f3l ad\u00f3dik.<\/p>","protected":false},"author":1,"featured_media":3377,"parent":24078,"menu_order":0,"comment_status":"closed","ping_status":"closed","template":"elementor_theme","meta":{"_eb_attr":"","footnotes":""},"class_list":["post-12865","page","type-page","status-publish","has-post-thumbnail"],"_links":{"self":[{"href":"https:\/\/travelshelper.com\/hu\/wp-json\/wp\/v2\/pages\/12865","targetHints":{"allow":["GET"]}}],"collection":[{"href":"https:\/\/travelshelper.com\/hu\/wp-json\/wp\/v2\/pages"}],"about":[{"href":"https:\/\/travelshelper.com\/hu\/wp-json\/wp\/v2\/types\/page"}],"author":[{"embeddable":true,"href":"https:\/\/travelshelper.com\/hu\/wp-json\/wp\/v2\/users\/1"}],"replies":[{"embeddable":true,"href":"https:\/\/travelshelper.com\/hu\/wp-json\/wp\/v2\/comments?post=12865"}],"version-history":[{"count":0,"href":"https:\/\/travelshelper.com\/hu\/wp-json\/wp\/v2\/pages\/12865\/revisions"}],"up":[{"embeddable":true,"href":"https:\/\/travelshelper.com\/hu\/wp-json\/wp\/v2\/pages\/24078"}],"wp:featuredmedia":[{"embeddable":true,"href":"https:\/\/travelshelper.com\/hu\/wp-json\/wp\/v2\/media\/3377"}],"wp:attachment":[{"href":"https:\/\/travelshelper.com\/hu\/wp-json\/wp\/v2\/media?parent=12865"}],"curies":[{"name":"wp","href":"https:\/\/api.w.org\/{rel}","templated":true}]}}