{"id":12648,"date":"2024-09-16T18:01:50","date_gmt":"2024-09-16T18:01:50","guid":{"rendered":"https:\/\/travelshelper.com\/staging\/?page_id=12648"},"modified":"2026-03-13T00:14:59","modified_gmt":"2026-03-13T00:14:59","slug":"egyesult-kiralysag","status":"publish","type":"page","link":"https:\/\/travelshelper.com\/hu\/destinations\/europe\/united-kingdom\/","title":{"rendered":"Egyes\u00fclt Kir\u00e1lys\u00e1g"},"content":{"rendered":"<p>Nagy-Britannia \u00e9s \u00c9szak-\u00cdrorsz\u00e1g Egyes\u00fclt Kir\u00e1lys\u00e1ga, egy 94 354 n\u00e9gyzetm\u00e9rf\u00f6ldes (244 376 km\u00b2) szigetcsoport, amely kontinent\u00e1lis Eur\u00f3pa \u00e9szaknyugati sz\u00e9l\u00e9n fekszik, 2023-as adatok szerint t\u00f6bb mint 68,2 milli\u00f3 lakost tart fenn. Nagy-Britannia f\u0151 sziget\u00e9t, \u00cdrorsz\u00e1g \u00e9szakkeleti hatodik r\u00e9sz\u00e9t, valamint az Atlanti-\u00f3ce\u00e1n, az \u00c9szaki-tenger, a La Manche csatorna, a Kelta-tenger \u00e9s az \u00cdr-tenger k\u00f6z\u00f6tt sz\u00e9tsz\u00f3rt kisebb szigetek konstell\u00e1ci\u00f3j\u00e1t mag\u00e1ban foglalva, n\u00e9gy nemzet \u2013 Anglia, Sk\u00f3cia, Wales \u00e9s \u00c9szak-\u00cdrorsz\u00e1g \u2013 uni\u00f3ja f\u00f6ldrajzi \u00e9s politikai sz\u00f6vetk\u00e9nt is \u00e1ll, sz\u00e9leit mind\u00f6ssze 22 m\u00e9rf\u00f6ld v\u00e1lasztja el \u00c9szak-Franciaorsz\u00e1gt\u00f3l a La Manche csatorna alatt, m\u00e9gis a 31 m\u00e9rf\u00f6ldes Csatorna-alag\u00fat k\u00f6ti \u00f6ssze Eur\u00f3p\u00e1val.<\/p>\n<p>A neolitikus talajba nyomott els\u0151 l\u00e1bnyomokt\u00f3l a r\u00f3mai l\u00e9gi\u00f3k Kr. u. 43-as terjeszked\u00e9s\u00e9ig a Brit-szigetek sz\u00fcntelen emberi er\u0151fesz\u00edt\u00e9snek voltak tan\u00fai. K\u00e9t \u00e9vsz\u00e1zados r\u00f3mai uralom ut\u00e1n a t\u00e1voz\u00f3 l\u00e9gi\u00f3k helyet adtak az angolsz\u00e1sz telep\u00fcl\u00e9seknek, amelyek \u00e9vsz\u00e1zadok alatt k\u00fcl\u00f6n\u00e1ll\u00f3 kir\u00e1lys\u00e1gokat f\u0171ztek \u00f6ssze. Az 1066-os normann h\u00f3d\u00edt\u00e1s \u00fajrakalibr\u00e1lta Anglia p\u00e1ly\u00e1j\u00e1t, egy olyan feud\u00e1lis rendet teremtve, amely a r\u00f3zs\u00e1k h\u00e1bor\u00faj\u00e1nak v\u00e9g\u00e9re, a tizen\u00f6t\u00f6dik sz\u00e1zad v\u00e9g\u00e9re egy k\u00f6zpontos\u00edtott angol monarchi\u00e1t eredm\u00e9nyezett, amely k\u00e9szen \u00e1llt a terjeszked\u00e9sre. A tizenhatodik sz\u00e1zadra Wales annekt\u00e1lva volt; az azt k\u00f6vet\u0151 \u00e9vsz\u00e1zadokban egy birodalmi amb\u00edci\u00f3 egyes\u00fclt a Brit Birodalomm\u00e1, amelynek uralma az 1920-as \u00e9vekben a bolyg\u00f3 sz\u00e1razf\u00f6ldj\u00e9nek \u00e9s lakoss\u00e1g\u00e1nak egynegyed\u00e9re terjedt ki. A k\u00e9t vil\u00e1gh\u00e1bor\u00fa s\u00falya \u00e9s a dekoloniz\u00e1ci\u00f3 k\u00e9rlelhetetlen hull\u00e1ma azonban al\u00e1\u00e1sta ezt a glob\u00e1lis hat\u00f3k\u00f6rt, maga m\u00f6g\u00f6tt hagyva a f\u00fcggetlen \u00e1llamok modern k\u00f6z\u00f6ss\u00e9g\u00e9t \u00e9s a jelenlegi Egyes\u00fclt Kir\u00e1lys\u00e1got, amelyet az 1927-es kir\u00e1lyi \u00e9s parlamenti c\u00edmekr\u0151l sz\u00f3l\u00f3 t\u00f6rv\u00e9ny hozott l\u00e9tre.<\/p>\n<p>A westminsteri palota tetej\u00e9n tal\u00e1lhat\u00f3 koronarezidenci\u00e1t, b\u00e1r egykor monolitikus hatalommal b\u00edrt, a tizenhetedik sz\u00e1zadban \u2013 legink\u00e1bb az angol polg\u00e1rh\u00e1bor\u00fa miatt \u2013 korl\u00e1tozt\u00e1k, \u00e9s a gr\u00faz korszakban fokozatosan el\u0151id\u00e9zte a minisztereln\u00f6ki hivatal l\u00e9trej\u00f6tt\u00e9t. Az 1707-es uni\u00f3s okm\u00e1nyok Angli\u00e1t \u00e9s Sk\u00f3ci\u00e1t Nagy-Britanni\u00e1v\u00e1 olvasztott\u00e1k, m\u00edg az 1800-as uni\u00f3s okm\u00e1nyok egyes\u00edtett\u00e9k \u00cdrorsz\u00e1got, l\u00e9trehozva Nagy-Britannia \u00e9s \u00cdrorsz\u00e1g Egyes\u00fclt Kir\u00e1lys\u00e1g\u00e1t. \u00cdrorsz\u00e1g nagy r\u00e9sz\u00e9nek 1922-es elszakad\u00e1sa \u00e1talak\u00edtotta a birodalmat a mai form\u00e1j\u00e1ra, amely n\u00e9gy k\u00fcl\u00f6n\u00e1ll\u00f3 joghat\u00f3s\u00e1got foglal mag\u00e1ban: Angli\u00e1t \u00e9s Walest, Sk\u00f3ci\u00e1t \u00e9s \u00c9szak-\u00cdrorsz\u00e1got. 1999 \u00f3ta Sk\u00f3cia, Wales \u00e9s \u00c9szak-\u00cdrorsz\u00e1g decentraliz\u00e1lt hatalmat gyakorol az oktat\u00e1st\u00f3l az eg\u00e9szs\u00e9g\u00fcgyig terjed\u0151 \u00fcgyekben, mik\u00f6zben Westminster tov\u00e1bbra is fel\u00fcgyeli a v\u00e9delmet, a k\u00fcl\u00fcgyeket \u00e9s a makrogazdas\u00e1gi politik\u00e1t.<\/p>\n<p>F\u00f6ldrajzilag az Egyes\u00fclt Kir\u00e1lys\u00e1g az \u00e9szaki sz\u00e9less\u00e9g 49\u00b0 \u00e9s 61\u00b0 k\u00f6z\u00f6tti, valamint a nyugati \u00e9s 2\u00b0 keleti hossz\u00fas\u00e1gok k\u00f6z\u00f6tt fekszik. F\u0151 sziget\u00e9nek 11 073 m\u00e9rf\u00f6ld (17 820 km) hossz\u00fa partvonala k\u00f6zel 19 500 m\u00e9rf\u00f6ld (31 368 km) hossz\u00fa szigetpartot alkot \u2013 b\u00e1r a pontos sz\u00e1m a partvonal-paradoxon hull\u00e1mz\u00f3 m\u00e9reteit\u0151l f\u00fcgg\u0151en ingadozik. \u00c9szak-\u00cdrorsz\u00e1g 310 m\u00e9rf\u00f6ldes (499 km) sz\u00e1razf\u00f6ldi hat\u00e1ra az \u00cdr K\u00f6zt\u00e1rsas\u00e1ggal a sziget \u00f6sszetett feloszt\u00e1s\u00e1t t\u00fckr\u00f6zi, m\u00edg az orsz\u00e1g 404 m\u00e9rf\u00f6ldes (650 km) partvonala lank\u00e1s dombokat \u00e9s sz\u00e9tsz\u00f3rt \u00f6bl\u00f6ket keretezi. Az enyhe, nedvess\u00e9ggel teli, a Golf-\u00e1ramlat \u00e1ltal meleg\u00edtett d\u00e9lnyugati szelek \u00e1ltal uralt m\u00e9rs\u00e9kelt tengeri \u00e9ghajlat alatt az Egyes\u00fclt Kir\u00e1lys\u00e1g ritk\u00e1n tapasztal sz\u00e9ls\u0151s\u00e9geket \u2013 a t\u00e9li fagyok ritk\u00e1n s\u00fcllyednek j\u00f3val 0 \u00b0C (32 \u00b0F) al\u00e1, \u00e9s a ny\u00e1ri maximumok sem maradnak 30 \u00b0C (86 \u00b0F) felett \u2013, m\u00e9g akkor sem, ha Sk\u00f3cia hegyvid\u00e9ki enkl\u00e1v\u00e9i megk\u00f6zel\u00edtik a szubarktikus \u00e9s tundrai viszonyokat. Az \u00e9ves naps\u00fct\u00e9ses \u00f3r\u00e1k sz\u00e1ma \u00e1tlagosan 1340 \u00f3ra, b\u00e1r region\u00e1lis elt\u00e9r\u00e9sek szerint az \u00f6ssznaps\u00fct\u00e9s nagyj\u00e1b\u00f3l 1200 \u00e9s 1580 \u00f3ra k\u00f6z\u00f6tt mozog, ez a sz\u00e1m az 1990-es \u00e9vek v\u00e9ge \u00f3ta emelked\u0151 tendenci\u00e1t mutat.<\/p>\n<p>Ezen \u00e9ghajlati erny\u0151 alatt n\u00e9gy sz\u00e1razf\u00f6ldi \u00f6kor\u00e9gi\u00f3 fekszik: a kelta lombhullat\u00f3 erd\u0151k, az angol s\u00edkvid\u00e9ki b\u00fckk\u00f6s\u00f6k, az \u00e9szak-atlanti nedves vegyes erd\u0151k \u00e9s a kaled\u00f3niai t\u0171level\u0171 erd\u0151k. K\u00f6r\u00fclbel\u00fcl 3,25 milli\u00f3 hekt\u00e1rt \u2013 a f\u00f6ldter\u00fclet mintegy 13 sz\u00e1zal\u00e9k\u00e1t \u2013 bor\u00edt erd\u0151, ami a term\u00e9szetes fennmarad\u00e1s \u00e9s az \u00f6sszehangolt term\u00e9szetv\u00e9delem bizony\u00edt\u00e9ka. A belga aut\u00f3p\u00e1ly\u00e1k \u00e9s vas\u00fati f\u0151utak h\u00e1l\u00f3zat\u00e1ban a Kir\u00e1lyi Greenwichi Obszervat\u00f3rium meridi\u00e1nvonala a nulla hossz\u00fas\u00e1gi fokon tal\u00e1lhat\u00f3, ami Nagy-Britannia vil\u00e1gt\u00e9rk\u00e9pez\u00e9sben bet\u00f6lt\u00f6tt k\u00f6zponti szerep\u00e9nek tart\u00f3s jelz\u0151je.<\/p>\n<p>A vil\u00e1g els\u0151 iparosodott nemzetek\u00e9nt Nagy-Britannia a technol\u00f3gia, a g\u00e9pes\u00edtett mez\u0151gazdas\u00e1g \u00e9s a gy\u00e1ri termel\u00e9s ter\u00e9n el\u00e9rt fejl\u0151d\u00e9s\u00e9nek k\u00f6sz\u00f6nhet\u0151en a tizennyolcadik \u00e9s tizenkilencedik sz\u00e1zadban gazdas\u00e1gi vezet\u0151 szerepre tett szert. London a vil\u00e1g legfontosabb p\u00e9nz\u00fcgyi k\u00f6zpontj\u00e1v\u00e1 n\u0151tte ki mag\u00e1t, napi deviza\u00fcgyleteket bonyol\u00edtva le, amelyek ma a 7,5 billi\u00f3 doll\u00e1ros piac 38,1 sz\u00e1zal\u00e9k\u00e1t teszik ki. Annak ellen\u00e9re, hogy a birodalom, amelyet er\u0151s kereskedelmi h\u00e1l\u00f3zatok \u00e9s hatalmas kereskedelmi flotta t\u00e1mogatott, k\u00e9t glob\u00e1lis konfliktus \u00e9s a gyarmatos\u00edt\u00e1s ut\u00e1ni hull\u00e1mok ut\u00e1n zsugorodott, az Egyes\u00fclt Kir\u00e1lys\u00e1g meg\u0151rizte p\u00e9nz\u00fcgyi befoly\u00e1s\u00e1nak nagy r\u00e9sz\u00e9t. Ma nomin\u00e1lis GDP alapj\u00e1n a legnagyobb gazdas\u00e1gok k\u00f6z\u00e9 tartozik, p\u00e9nzneme \u2013 a font sterling \u2013 a vil\u00e1g negyedik legkeresettebb \u00e9s negyedik legnagyobb tartal\u00e9kvalut\u00e1ja, t\u00f6rt\u00e9nelmi \u00e1rfolyam\u00e1t pedig nem rontotta el a denomin\u00e1ci\u00f3v\u00e1lt\u00e1s.<\/p>\n<p>A j\u00f3l\u00e9t \u00e1larca alatt azonban jelent\u0151s egyenl\u0151tlens\u00e9gek h\u00faz\u00f3dnak meg. Az Egyes\u00fclt Kir\u00e1lys\u00e1g szoci\u00e1lis piacgazdas\u00e1ga, b\u00e1r magas emberi fejletts\u00e9gi indexet k\u00edn\u00e1l, az OECD-n bel\u00fcl az egyik legmagasabb j\u00f6vedelmi k\u00fcl\u00f6nbs\u00e9get is mutatja. A fisk\u00e1lis politika r\u00e9g\u00f3ta t\u00f6rekszik a piaci dinamizmus \u00e9s a szoci\u00e1lis j\u00f3l\u00e9t \u00f6sszeegyeztet\u00e9s\u00e9re, m\u00e9g akkor is, ha a parlamentben \u00e9s a lakoss\u00e1g k\u00f6r\u00e9ben tov\u00e1bbra is vit\u00e1k folynak az egyens\u00falyr\u00f3l. E fesz\u00fclts\u00e9gek ellen\u00e9re a brit \u201epuha hatalom\u201d megtartja tekint\u00e9lyes befoly\u00e1s\u00e1t: az angol common law mint\u00e1j\u00e1ra k\u00e9sz\u00fclt jogi keretek, az angol nyelv \u2013 amely ma a vil\u00e1gon a leggyakrabban besz\u00e9lt \u00e9s a harmadik leggyakoribb anyanyelv \u2013 minden\u00fctt jelenl\u00e9te, valamint a Shakespeare-t\u0151l a Beatlesig terjed\u0151 kultur\u00e1lis exportterm\u00e9kek glob\u00e1lis elterjed\u00e9se olyan kultur\u00e1lis rezonanci\u00e1r\u00f3l tan\u00faskodik, amely messze t\u00falmutat ezeken a szigeteken.<\/p>\n<p>Anglia, amely ter\u00fclet\u00e9t \u00e9s n\u00e9pess\u00e9g\u00e9t tekintve is a legnagyobb orsz\u00e1gr\u00e9sz \u2013 a teljes f\u00f6ldter\u00fclet 53 sz\u00e1zal\u00e9k\u00e1t teszi ki, 50 350 n\u00e9gyzetm\u00e9rf\u00f6ldet (130 395 km\u00b2) kitev\u0151 ter\u00fclettel \u2013, kett\u0151s s\u00edkvid\u00e9ki \u00e9s hegyvid\u00e9ki terep jellemzi. A Tees\u2013Exe vonal \u00e1tl\u00f3s \u00edve alatt legel\u0151i s\u00edks\u00e1gok h\u00faz\u00f3dnak: a Norfolk Broads, a South Downs, az \u00daj-erd\u0151 \u00e9s Cornwall hull\u00e1mz\u00f3 l\u00e1tk\u00e9pe. \u00c9szaknyugaton a Lake District dombjai \u00e9s v\u00f6lgyei a 978 m\u00e9teres Scafell Pike fel\u00e9 emelkednek; a Pennine-hegys\u00e9g \u00e9s a Yorkshire Dales m\u00e1sutt vadreg\u00e9nyes sziluettet farag, m\u00edg Exmoor \u00e9s Dartmoor az \u0151si l\u00e1pvid\u00e9ket id\u00e9zi.<\/p>\n<p>Sk\u00f3cia, amely a birodalom 32 sz\u00e1zal\u00e9k\u00e1t foglalja mag\u00e1ban, 78 772 km\u00b2-en. K\u00f6zel 800 sziget sz\u00e9tsz\u00f3rva fekszik a partt\u00f3l \u2013 Hebrid\u00e1k, Orkney, Shetland \u2013, m\u00edg a hegyvid\u00e9ki ter\u00fclet nagy r\u00e9sz\u00e9t a Sk\u00f3t-felf\u00f6ld foglalja el. A sz\u00e1razf\u00f6ld belsej\u00e9ben a Loch Lomond \u00e9s a Trossachs krist\u00e1lytiszta vizeket k\u00edn\u00e1l, amelyeket \u0151si erd\u0151k szeg\u00e9lyeznek; \u00e9szakabbra a Ben Nevis magasodik a Brit-szigetek legmagasabb cs\u00facsak\u00e9nt 1345 m\u00e9teres magass\u00e1g\u00e1val. A vadreg\u00e9nyes panor\u00e1m\u00e1kon t\u00fal a kozmopolita Edinburgh \u00e9s Glasgow l\u00fcktet \u00e9p\u00edt\u00e9szettel, fesztiv\u00e1lokkal \u00e9s iparral.<\/p>\n<p>Wales, amely az Egyes\u00fclt Kir\u00e1lys\u00e1g kevesebb mint 9 sz\u00e1zal\u00e9k\u00e1t teszi ki (8020 n\u00e9gyzetm\u00e9rf\u00f6ld vagy 20 779 km\u00b2), hegyvid\u00e9ki jelleg\u00e9t Snowdoni\u00e1ban \u00e9rv\u00e9nyes\u00edti, ahol az 1085 m\u00e9ter magas Yr Wyddfa \u2013 Snowdon \u2013 is megtal\u00e1lhat\u00f3. A Pembrokeshire-i partvid\u00e9k t\u00f6bb mint 1680 m\u00e9rf\u00f6ldes (2704 km) partszakasszal cs\u00e1b\u00edt a felfedez\u0151kre, Anglesey pedig a sz\u00e1mos tengeri sziget k\u00f6z\u00fcl a legnagyobb, amely az \u0151si kelta hagyom\u00e1nyokat a modern \u00e9let mellett \u00e1polja.<\/p>\n<p>\u00c9szak-\u00cdrorsz\u00e1g, amely 14\u00a0160 km\u00b2-en ter\u00fcl el, hull\u00e1mz\u00f3 hegyvid\u00e9kek, a hatalmas, 388 km\u00b2-es Lough Neagh-t\u00f3, a Brit-szigetek legnagyobb tava, valamint az UNESCO Vil\u00e1g\u00f6r\u00f6ks\u00e9g r\u00e9sz\u00e9t k\u00e9pez\u0151 \u00d3ri\u00e1s-\u00fat legend\u00e1s bazaltoszlopai jellemzik. Legmagasabb cs\u00facsa, a Mournes-hegys\u00e9gben tal\u00e1lhat\u00f3 Slieve Donard 852 m\u00e9ter magas, \u00e9s \u00e9vsz\u00e1zados kultur\u00e1lis csere \u00e9s konfliktusok csendes \u0151rszeme.<\/p>\n<p>Az Egyes\u00fclt Kir\u00e1lys\u00e1gon t\u00fal fekszenek a Korona F\u00fcgg\u0151s\u00e9gei \u2013 Guernsey \u00e9s csatl\u00f3sai, Alderney, Herm \u00e9s Sark, valamint Jersey \u2013, amelyek mindegyike az anglo-normann \u00f6r\u00f6ks\u00e9g maradv\u00e1nyait, \u00e9s id\u0151nk\u00e9nt a kontinent\u00e1lis Franciaorsz\u00e1g k\u00f6zels\u00e9ge \u00e1ltal form\u00e1lt v\u00e1ratlan \u00e9ghajlatot k\u00edn\u00e1lja. A Man-sziget, a csatorna k\u00f6zep\u00e9n, \u0151rzi kelta szok\u00e1sait, az \u00e9venk\u00e9nt megrendezett TT motorversenyt \u00e9s a vil\u00e1g legr\u00e9gebbi parlamentj\u00e9t. T\u00e1volabb tizenn\u00e9gy tengerent\u00fali ter\u00fclet \u2013 Bermuda \u00e9s a Kajm\u00e1n-szigetek szubtr\u00f3pusi sz\u00e9ps\u00e9g\u00e9t\u0151l a Brit Antarktisz sz\u00e9lj\u00e1rta kiterjed\u00e9seiig \u2013 b\u0151v\u00edti a Korona hat\u00f3k\u00f6r\u00e9t, mindegyiket saj\u00e1tos t\u00f6rv\u00e9nyek \u00e9s f\u00f6ldrajzilag t\u00e1voli \u00f6sv\u00e9nyek ir\u00e1ny\u00edtj\u00e1k.<\/p>\n<p>A n\u00e9gy nemzeten bel\u00fcl a v\u00e1rosok \u00e9s telep\u00fcl\u00e9sek t\u00f6rt\u00e9netek mozaikj\u00e1t mutatj\u00e1k be. London, a glob\u00e1lis befoly\u00e1sban p\u00e1ratlan metropolisz, tele van nevezetess\u00e9gekkel \u2013 Westminster, a Tower, a British Museum \u2013, amelyek mindegyike egy folyamatosan kibontakoz\u00f3 narrat\u00edva sz\u00e1la. A v\u00e1rosi meg\u00fajul\u00e1sb\u00f3l kibontakoz\u00f3 Belfast kreat\u00edv energi\u00e1val l\u00fcktet, m\u00edg Bristol a gr\u00faz homlokzatokat \u00e9s a modern m\u0171v\u00e9szeteket a tenger\u00e9szeti \u00f6r\u00f6ks\u00e9ggel egyens\u00falyozza. Cardiff sz\u00e9nt\u00fczel\u00e9s\u0171 m\u00faltja utat enged egy \u00e9l\u00e9nk m\u0171v\u00e9szeti \u00e9letnek az \u00f6b\u00f6l partj\u00e1n; Edinburgh, amely a l\u00e1togat\u00f3k sz\u00e1m\u00e1t tekintve csak London ut\u00e1n a m\u00e1sodik, minden augusztusban megrendezi a vil\u00e1g legnagyobb m\u0171v\u00e9szeti fesztiv\u00e1lj\u00e1t k\u00f6z\u00e9pkori z\u00e1r\u00e1sok \u00e9s vulk\u00e1ni szikl\u00e1k k\u00f6zepette. Glasgow a viktori\u00e1nus pomp\u00e1t a m\u0171v\u00e9szi innov\u00e1ci\u00f3val \u00f6tv\u00f6zi, Liverpool a zene \u00e9s a sport r\u00e9v\u00e9n megism\u00e9tli kik\u00f6t\u0151v\u00e1rosi \u00f6r\u00f6ks\u00e9g\u00e9t, Manchester pedig \u00e9vtizedek alatt az ipari k\u00f6zpontb\u00f3l kultur\u00e1lis olvaszt\u00f3t\u00e9gelyr\u00e9 alak\u00edtotta \u00e1t mag\u00e1t. York \u0151si b\u00e1sty\u00e1i \u00e9s r\u00f3mai maradv\u00e1nyai \u00e9vezredek \u00f3ta az utcaterv\u00e9be sz\u0151tt emberi k\u00e1rpitokr\u00f3l \u00e1rulkodnak.<\/p>\n<p>\u00c1m m\u00e9g ezeken a v\u00e1rosi tal\u00e1lkoz\u00e1sokon t\u00fal is az Egyes\u00fclt Kir\u00e1lys\u00e1g az elemi dr\u00e1ma egyed\u00fcl\u00e1ll\u00f3 helysz\u00ednein bontakozik ki. Az \u00d3ri\u00e1sok \u00datj\u00e1nak soksz\u00f6g\u0171 oszlopai az Atlanti-\u00f3ce\u00e1nr\u00f3l magasodnak, a Gower-f\u00e9lsziget szikl\u00e1i a Swansea-\u00f6b\u00f6lb\u0151l f\u00faj\u00f3 s\u00f3s szell\u0151t keretezik, Hadrianus fal\u00e1nak omladoz\u00f3 k\u00f6vei pedig R\u00f3ma legt\u00e1volabbi amb\u00edci\u00f3it k\u00f6vetik nyomon. Az Arran-sziget, amelyet gyakran \u201eminiat\u0171r Sk\u00f3ciak\u00e9nt\u201d emlegetnek, hegyeket, erd\u0151ket \u00e9s partokat s\u0171r\u00edt egyetlen kir\u00e1ndul\u00e1sba, m\u00edg a Lake District vizes medenc\u00e9i Wordsworth panaszos verseit t\u00fckr\u00f6zik. A Loch Ness m\u00e9ly\u00e9n a folkl\u00f3r az \u0151si partvonalak ment\u00e9n kavarog, a Peak District pedig milli\u00f3kat cs\u00e1b\u00edt el\u00e9rhet\u0151 magass\u00e1gaiba. Snowdonia palahegyekkel bor\u00edtott cs\u00facsai kih\u00edv\u00e1sokra h\u00edvj\u00e1k az izmok \u00e9s az elme sz\u00e1m\u00e1ra egyar\u00e1nt, a Stonehenge 4500 \u00e9v alatt megviselt monolitikus k\u00f6vei pedig tov\u00e1bbra is elb\u0171v\u00f6lik a tud\u00f3sokat \u00e9s a zar\u00e1ndokokat egyar\u00e1nt.<\/p>\n<p>Kultur\u00e1lisan gazdag \u00e9s \u00f6kol\u00f3giailag v\u00e1ltozatos, politikailag \u00e1rnyalt, m\u00e9gis k\u00f6z\u00f6s int\u00e9zm\u00e9nyek \u00e1ltal egys\u00e9ges, az Egyes\u00fclt Kir\u00e1lys\u00e1g ma a t\u00f6rt\u00e9nelem \u00e9s a modernit\u00e1s keresztez\u0151d\u00e9s\u00e9ben \u00e1ll. Alkotm\u00e1nyos monarchi\u00e1ja \u00e9s parlament\u00e1ris demokr\u00e1ci\u00e1ja \u2013 h\u00e1rom k\u00fcl\u00f6n\u00e1ll\u00f3 jogrendszer k\u00f6z\u00f6tt oszlik meg, m\u00e9gis egy Korona alatt k\u00f6ti \u00f6ssze \u2013 az \u0151si szok\u00e1sok \u00e9s a kort\u00e1rs korm\u00e1nyz\u00e1s egyens\u00faly\u00e1t teremti meg. Gazdas\u00e1ga, amely egyszerre piacvez\u00e9relt \u00e9s t\u00e1rsadalmilag tudatos, egyenl\u0151tlens\u00e9ggel k\u00fczd, mik\u00f6zben a p\u00e9nz\u00fcgyek \u00e9s a kereskedelem glob\u00e1lis piacain is uralja a helyzetet. Nyelve, irodalma, zen\u00e9je \u00e9s sportja olyan \u201epuha hatalmat\u201d \u00e1raszt, amely messze t\u00falmutat a fizikai hat\u00e1rain, alak\u00edtva a glob\u00e1lis diskurzust \u00e9s identit\u00e1st. Az utaz\u00f3, a tud\u00f3s vagy a lakos sz\u00e1m\u00e1ra ezek a szigetek nem egy statikus tabl\u00f3t, hanem egy folyamatosan kibontakoz\u00f3 narrat\u00edv\u00e1t jelentenek \u2013 olyat, amelyben a m\u00falt \u00e9s a jelen folyamatosan p\u00e1rbesz\u00e9det folytat, mindegyik t\u00e1j\u00e9koztatja egym\u00e1st egy egyszerre bens\u0151s\u00e9ges \u00e9s grandi\u00f3zus p\u00e1rbesz\u00e9dben.<\/p>","protected":false},"excerpt":{"rendered":"<p>Nagy-Britannia \u00e9s \u00c9szak-\u00cdrorsz\u00e1g Egyes\u00fclt Kir\u00e1lys\u00e1ga, amelyet gyakran Egyes\u00fclt Kir\u00e1lys\u00e1gk\u00e9nt (UK) vagy Nagy-Britanniak\u00e9nt emlegetnek, egy szuver\u00e9n nemzet kontinent\u00e1lis Eur\u00f3pa \u00e9szaknyugati partjain\u00e1l. Az Egyes\u00fclt Kir\u00e1lys\u00e1g, amelynek lakoss\u00e1ga 2022-ben k\u00f6r\u00fclbel\u00fcl 67,6 milli\u00f3 f\u0151 volt, d\u00e9lr\u0151l a La Manche csatorna, keletr\u0151l pedig az \u00c9szaki-tenger hat\u00e1r\u00e1n ter\u00fcl el, strat\u00e9giai helyet foglalva el az Atlanti-\u00f3ce\u00e1n \u00e9szaki r\u00e9sz\u00e9n. N\u00e9gy k\u00fcl\u00f6n\u00e1ll\u00f3 orsz\u00e1gb\u00f3l \u2013 Angli\u00e1b\u00f3l, Sk\u00f3ci\u00e1b\u00f3l, Walesb\u0151l \u00e9s \u00c9szak-\u00cdrorsz\u00e1gb\u00f3l \u2013 \u00e1ll\u00f3 szigetorsz\u00e1g teljes ter\u00fclete 94 354 n\u00e9gyzetm\u00e9rf\u00f6ld (244 376 km\u00b2).<\/p>","protected":false},"author":1,"featured_media":4691,"parent":24078,"menu_order":0,"comment_status":"closed","ping_status":"closed","template":"elementor_theme","meta":{"_eb_attr":"","footnotes":""},"class_list":["post-12648","page","type-page","status-publish","has-post-thumbnail"],"_links":{"self":[{"href":"https:\/\/travelshelper.com\/hu\/wp-json\/wp\/v2\/pages\/12648","targetHints":{"allow":["GET"]}}],"collection":[{"href":"https:\/\/travelshelper.com\/hu\/wp-json\/wp\/v2\/pages"}],"about":[{"href":"https:\/\/travelshelper.com\/hu\/wp-json\/wp\/v2\/types\/page"}],"author":[{"embeddable":true,"href":"https:\/\/travelshelper.com\/hu\/wp-json\/wp\/v2\/users\/1"}],"replies":[{"embeddable":true,"href":"https:\/\/travelshelper.com\/hu\/wp-json\/wp\/v2\/comments?post=12648"}],"version-history":[{"count":0,"href":"https:\/\/travelshelper.com\/hu\/wp-json\/wp\/v2\/pages\/12648\/revisions"}],"up":[{"embeddable":true,"href":"https:\/\/travelshelper.com\/hu\/wp-json\/wp\/v2\/pages\/24078"}],"wp:featuredmedia":[{"embeddable":true,"href":"https:\/\/travelshelper.com\/hu\/wp-json\/wp\/v2\/media\/4691"}],"wp:attachment":[{"href":"https:\/\/travelshelper.com\/hu\/wp-json\/wp\/v2\/media?parent=12648"}],"curies":[{"name":"wp","href":"https:\/\/api.w.org\/{rel}","templated":true}]}}