{"id":12625,"date":"2024-09-16T17:29:54","date_gmt":"2024-09-16T17:29:54","guid":{"rendered":"https:\/\/travelshelper.com\/staging\/?page_id=12625"},"modified":"2026-03-13T00:15:36","modified_gmt":"2026-03-13T00:15:36","slug":"kijev","status":"publish","type":"page","link":"https:\/\/travelshelper.com\/hu\/destinations\/europe\/ukraine\/kiev\/","title":{"rendered":"Kijev"},"content":{"rendered":"<p>Kijev, Ukrajna f\u0151v\u00e1rosa \u00e9s egyben legn\u00e9pesebb v\u00e1rosa, 2022. janu\u00e1r 1-jei \u00e1llapot szerint nagyj\u00e1b\u00f3l 2 952 301 lakos\u00fa metropoliszk\u00e9nt mutatkozott be, amely az orsz\u00e1g \u00e9szak-k\u00f6z\u00e9ps\u0151 r\u00e9sz\u00e9n ter\u00fclt el, \u00e9s a Dnyeper foly\u00f3 mindk\u00e9t partj\u00e1n h\u00faz\u00f3dik; ma Eur\u00f3pa hetedik legnagyobb v\u00e1rosa, ahol az ipari lend\u00fclet, a tudom\u00e1nyos kutat\u00e1s, az oktat\u00e1si tehets\u00e9g \u00e9s a kultur\u00e1lis m\u00e9lys\u00e9g \u00f6sszefon\u00f3dik. A legend\u00e1s alap\u00edt\u00e1s\u00e1t\u00f3l, amelyet Kyi alakja alap\u00edtott \u2013 akinek a neve a v\u00e1rost is a mag\u00e1\u00e9v\u00e1 tette \u2013, eg\u00e9szen a mai belf\u00f6ldi \u00e9s nemzetk\u00f6zi turizmus m\u00e1gnesek\u00e9nt bet\u00f6lt\u00f6tt szerep\u00e9ig, Kijev jelent\u0151s\u00e9ge a t\u00f6rt\u00e9nelem \u00e1ramlataival ingadozott, a pusztul\u00e1s korszakaib\u00f3l \u00fajra \u00e9s \u00fajra a meg\u00fajult el\u0151t\u00e9rbe ker\u00fclve.<\/p>\n<p>J\u00f3val a k\u00f6z\u00e9pkori cs\u00facspontja el\u0151tt, mint a Kijevi Rusz f\u0151v\u00e1rosa, Kijev m\u00e1r az \u00f6t\u00f6dik sz\u00e1zadra elkezdett kereskedelmi k\u00f6zpontt\u00e1 alakulni, a Skandin\u00e1vi\u00e1t \u00e9s Konstantin\u00e1polyt \u00f6sszek\u00f6t\u0151 nagy folyos\u00f3 ment\u00e9n. Korai szl\u00e1v lak\u00f3i a kilencedik sz\u00e1zad k\u00f6zep\u00e9ig ad\u00f3ztak a kaz\u00e1roknak, amikor a var\u00e9g kalandorok \u2013 akiket a k\u00e9s\u0151bbi kr\u00f3nik\u00e1k vikingeknek neveztek \u2013 elfoglalt\u00e1k a v\u00e1rost, \u00e9s sz\u00fclet\u0151ben l\u00e9v\u0151 keleti szl\u00e1v politik\u00e1juk k\u00f6z\u00e9ppontj\u00e1ba emelt\u00e9k. Var\u00e9g uralom alatt k\u0151templom \u00e9s er\u0151d\u00edtett palis\u00e1d emelkedett, amely az els\u0151 szl\u00e1v \u00e1llam f\u0151v\u00e1ros\u00e1t keretezte, \u00e1m ezt a vir\u00e1gz\u00e1st az 1240-es mongol t\u00e1mad\u00e1s sz\u00e9tszak\u00edtotta, Kijevet romokban hagyva, befoly\u00e1sa pedig \u00e9vsz\u00e1zadokra elhalv\u00e1nyult.<\/p>\n<p>A k\u00f6vetkez\u0151 \u00e9vsz\u00e1zadokban Kijev Litv\u00e1nia, Lengyelorsz\u00e1g \u00e9s Oroszorsz\u00e1g birodalma k\u00f6z\u00e9 ker\u00fclt, \u00e9s minden egym\u00e1st k\u00f6vet\u0151 hatalom a saj\u00e1t k\u00f6zigazgat\u00e1si \u00e9s egyh\u00e1zi rendj\u00e9t nyomta r\u00e1 a v\u00e1rosra. A tizenhatodik sz\u00e1zadra ortodox tudom\u00e1nyos k\u00f6zpontk\u00e9nt szerzett h\u00edrnevet; a tizenkilencedikre pedig az Orosz Birodalom g\u00e9pes\u00edtett termel\u00e9s\u00e9nek kor\u00e1ban ipari \u00e9s kereskedelmi k\u00f6zpontt\u00e1 fejl\u0151d\u00f6tt. A k\u00e9zm\u0171ves m\u0171helyek l\u00fcktet\u00e9se \u00e9s a kov\u00e1csm\u0171helyek cs\u00f6r\u00f6mp\u00f6l\u00e9se visszhangzott a szerzetesi k\u00f6nyvt\u00e1rak elm\u00e9lked\u0151 csendj\u00e9ben, jelk\u00e9pezve Kijev n\u00f6veked\u00e9s\u00e9t meghat\u00e1roz\u00f3 kett\u0151s jelleget: az anyagi \u00e9s szellemi munka egyes\u00fcl\u00e9s\u00e9t.<\/p>\n<p>A huszadik sz\u00e1zad z\u0171rzavara \u00fajabb neh\u00e9z helyzetbe sodorta Kijevet. 1918-ban, amikor az Ukr\u00e1n N\u00e9pk\u00f6zt\u00e1rsas\u00e1g kinyilv\u00e1n\u00edtotta f\u00fcggetlens\u00e9g\u00e9t a sz\u00e9tes\u0151 Orosz K\u00f6zt\u00e1rsas\u00e1gt\u00f3l, a v\u00e1ros mag\u00e1ra \u00f6lt\u00f6tte a nemzeti f\u0151v\u00e1ros szerep\u00e9t. 1921-re, az ukr\u00e1n-szovjet \u00e9s a lengyel-szovjet konfliktusokat k\u00f6vet\u0151en Kijev az Ukr\u00e1n Szovjet Szocialista K\u00f6zt\u00e1rsas\u00e1g r\u00e9szek\u00e9nt tal\u00e1lta mag\u00e1t, \u00e9s 1934-ben hivataloss\u00e1 tette az SZSZK f\u0151v\u00e1rosak\u00e9nt val\u00f3 st\u00e1tusz\u00e1t. A m\u00e1sodik vil\u00e1gh\u00e1bor\u00fa s\u00falyos puszt\u00edt\u00e1st v\u00e9gzett \u00e9p\u00fcleteiben \u00e9s lakoss\u00e1g\u00e1ban; a h\u00e1bor\u00fa ut\u00e1ni \u00e9vtizedekben azonban gyors \u00fajj\u00e1\u00e9p\u00edt\u00e9s zajlott, amelynek eredm\u00e9nyek\u00e9nt Kijev visszanyerte a Szovjetuni\u00f3 harmadik legnagyobb v\u00e1rosi k\u00f6zpontjak\u00e9nt bet\u00f6lt\u00f6tt poz\u00edci\u00f3j\u00e1t.<\/p>\n<p>A Szovjetuni\u00f3 1991-es felboml\u00e1s\u00e1val az ukr\u00e1n szuverenit\u00e1s ism\u00e9t egy f\u00fcggetlen \u00e1llam sz\u00edv\u00e9v\u00e9 tette Kijevet. Az ezt k\u00f6vet\u0151 \u00e9vtizedekben a v\u00e1ros jelent\u0151s ukr\u00e1n migr\u00e1nsok be\u00e1raml\u00e1s\u00e1t tapasztalta az orsz\u00e1g minden t\u00e1j\u00e1r\u00f3l, meger\u0151s\u00edtve szerep\u00e9t az orsz\u00e1g demogr\u00e1fiai \u00e9s gazdas\u00e1gi k\u00f6zpontjak\u00e9nt. Ahogy Kijev \u00e1tt\u00e9rt a parancsgazdas\u00e1gi modellr\u0151l \u2013 ahol a fegyvergy\u00e1rt\u00e1s domin\u00e1lt \u2013 a piacgazdas\u00e1gra, ipari b\u00e1zisa zsugorodott, de a szolg\u00e1ltat\u00e1sok \u00e9s a p\u00e9nz\u00fcgyek felt\u00f6rekv\u0151 \u00e1gazatai el\u0151seg\u00edtett\u00e9k a b\u00e9rek emelked\u00e9s\u00e9t, vonzott\u00e1k a beruh\u00e1z\u00e1sokat, \u00e9s finansz\u00edrozt\u00e1k a kiterjedt lak\u00e1s\u00e9p\u00edt\u00e9si \u00e9s infrastruktur\u00e1lis projekteket. Politikailag Kijev v\u00e1laszt\u00f3i k\u00f6vetkezetesen Nyugat-p\u00e1rtinak bizonyultak, \u00e9s az Eur\u00f3pai Uni\u00f3val val\u00f3 szorosabb integr\u00e1ci\u00f3t szorgalmaz\u00f3 p\u00e1rtokat r\u00e9szes\u00edtett\u00e9k el\u0151nyben.<\/p>\n<p>A modern Kijev a m\u00falt maradv\u00e1nyait a jelen dinamizmus\u00e1val \u00f6tv\u00f6zi. Az 1907 \u00e9s 1914 k\u00f6z\u00f6tt \u00e9p\u00fclt \u00e9p\u00fcletek k\u00f6r\u00fclbel\u00fcl hetven sz\u00e1zal\u00e9ka maradt fenn, halv\u00e1nys\u00e1rga, k\u00e9k \u00e9s sz\u00fcrke sz\u00edneik a modern \u00e9p\u00edtm\u00e9nyek eleg\u00e1ns \u00fcveg- \u00e9s ac\u00e9lburkolata k\u00f6z\u00f6tt tarkulnak. Amikor az Ukr\u00e1n SZSZK f\u0151v\u00e1ros\u00e1t Harkivb\u00f3l Kijevbe helyezt\u00e9k \u00e1t, az \u00e1llami tervez\u0151k azt tervezt\u00e9k, hogy nagyv\u00e1rosi f\u00e9nyt adnak a v\u00e1rosnak; b\u00e1r a grandi\u00f3zus javaslatokat \u2013 legyen sz\u00f3 ak\u00e1r kolossz\u00e1lis Lenin- vagy Szt\u00e1lin-eml\u00e9km\u0171vekr\u0151l \u2013 v\u00e9g\u00fcl elvetett\u00e9k a k\u00f6lts\u00e9gvet\u00e9si megszor\u00edt\u00e1sok \u00e9s a v\u00e1ros dombos domborzata miatt, a v\u00e1ltoz\u00e1s \u00faj polg\u00e1ri \u00e9p\u00edtm\u00e9nyek fel\u00e9p\u00edt\u00e9s\u00e9hez vezetett, nevezetesen a Hrescsatyik \u00e9s a Majdan Nezalezsnosztyi, a v\u00e1ros f\u0151 \u00e1tj\u00e1r\u00f3ja \u00e9s tere k\u00f6r\u00fcl.<\/p>\n<p>Ukrajna f\u00fcggetlens\u00e9ge \u00f3ta a nyugati st\u00edlus\u00fa lak\u00f3komplexumok, a kifinomult kozmopolita \u00e9jszakai sz\u00f3rakoz\u00f3helyek \u00e9s az el\u0151kel\u0151 sz\u00e1llod\u00e1k elburj\u00e1nzottak a belv\u00e1rosban. A v\u00edzumszab\u00e1lyoz\u00e1s 2005-\u00f6s liberaliz\u00e1ci\u00f3ja a k\u00fclf\u00f6ldi l\u00e1togat\u00f3k sz\u00e1m\u00e1nak folyamatos n\u00f6veked\u00e9s\u00e9t kataliz\u00e1lta: az \u00e9ves sz\u00e1llodai tart\u00f3zkod\u00e1sok sz\u00e1ma 2009-ben el\u00e9rte az 1,6 milli\u00f3t, amelynek nagyj\u00e1b\u00f3l tizenhat sz\u00e1zal\u00e9ka nem ukr\u00e1n volt. Ez a lend\u00fclet tov\u00e1bb gyorsult a 2012-es UEFA Euro 2012 ut\u00e1n, amikor Kijev rekordot jelent\u0151 1,8 milli\u00f3 k\u00fclf\u00f6ldi turist\u00e1t vonzott, a belf\u00f6ldi l\u00e1togat\u00f3k sz\u00e1ma pedig k\u00f6zel 2,5 milli\u00f3 volt. 2018-ra a sz\u00e1llod\u00e1k \u00e1tlagos kihaszn\u00e1lts\u00e1ga m\u00e1just\u00f3l szeptemberig negyven\u00f6t \u00e9s \u00f6tven sz\u00e1zal\u00e9k k\u00f6z\u00f6tt mozgott, a hostelek \u00e9s a h\u00e1romcsillagos l\u00e9tes\u00edtm\u00e9nyek gyakran kilencven sz\u00e1zal\u00e9kban voltak tel\u00edtettek.<\/p>\n<p>Kijev \u00e9p\u00edt\u00e9szeti \u00f6r\u00f6ks\u00e9ge a legnagyobb vonzer\u0151k k\u00f6z\u00e9 tartozik: az UNESCO Vil\u00e1g\u00f6r\u00f6ks\u00e9g r\u00e9sz\u00e9t k\u00e9pez\u0151 Szent Sz\u00f3fia-sz\u00e9kesegyh\u00e1z \u00e9s a kijevi pecserszki barlanglak\u00e1s a v\u00e1ros orosz kereszt\u00e9nyes\u00edt\u00e9s\u00e9nek b\u00f6lcs\u0151jek\u00e9nt \u00e9s a keleti ortodox tudom\u00e1nyok b\u00e1sty\u00e1jak\u00e9nt testes\u00edti meg a v\u00e1ros szerep\u00e9t; r\u00e9g\u00f3ta vonzz\u00e1k a zar\u00e1ndokokat \u00e9s a t\u00f6rt\u00e9n\u00e9szeket egyar\u00e1nt, annak ellen\u00e9re, hogy st\u00e1tuszuk 2023 szeptember\u00e9ben vesz\u00e9lybe ker\u00fclt, amikor az UNESCO Vil\u00e1g\u00f6r\u00f6ks\u00e9g Bizotts\u00e1ga a h\u00e1bor\u00fas fenyeget\u00e9sek k\u00f6zepette \u201evesz\u00e9lyben l\u00e9v\u0151nek\u201d nyilv\u00e1n\u00edtotta a helysz\u00edneket. Tov\u00e1bbi tiszteletre m\u00e9lt\u00f3 nevezetess\u00e9gek k\u00f6z\u00e9 tartozik a tizennyolcadik sz\u00e1zadi Mariinszkij-palota, a rekonstru\u00e1lt Aranykapu, a Szent Mih\u00e1ly-sz\u00e9kesegyh\u00e1z, a Szent Andr\u00e1s-templom, a Szent Volodimir-sz\u00e9kesegyh\u00e1z \u00e9s a Szent Cirill-templom. A h\u00e1bor\u00fa ut\u00e1ni korszakot meg\u00f6r\u00f6k\u00edt\u0151 Ukrajna T\u00f6rt\u00e9net\u00e9nek Nemzeti M\u00fazeuma a m\u00e1sodik vil\u00e1gh\u00e1bor\u00faban a magasod\u00f3 tit\u00e1n Anya Ukrajna szobrot mutatja be, m\u00edg a k\u00f6zeli Ismeretlen Katona s\u00edrja \u00e9s a Kim\u00e9r\u00e1kkal d\u00edsz\u00edtett h\u00e1z modern h\u0151sies \u00e9s m\u0171v\u00e9szi \u00e9rz\u00e9kenys\u00e9get k\u00f6zvet\u00edt.<\/p>\n<p>A v\u00e1rosban tal\u00e1lhat\u00f3 m\u0171eml\u00e9kek alapvet\u0151 m\u00edtoszait \u00e9s t\u00f6rt\u00e9nelmi szem\u00e9lyis\u00e9geit mes\u00e9lik el: Bohdan Hmelnickij l\u00f3h\u00e1ton Szent Sz\u00f3fia ker\u00fcleteit f\u00fcrk\u00e9szi; Nagy Vlagyimir c\u00e1r a Szent Volodimir-dombr\u00f3l tekint \u00e1t a Dnyeperen; a testv\u00e9rp\u00e1r, Kyi, Scek, Horiv \u00e9s Lybid \u0151rk\u00f6dnek a foly\u00f3parton; a Majdan Nezalezsnosztyiban pedig Mih\u00e1ly arkangyal \u00e9s a v\u00e9delmez\u0151 istenn\u0151, Berehinja impoz\u00e1ns oszlopokon \u00e1ll. Kijev kultur\u00e1lis \u00e9lete t\u00falmutat a k\u00f6v\u00f6n \u00e9s a f\u00e9men, leny\u0171g\u00f6z\u0151 sz\u00ednh\u00e1zak konstell\u00e1ci\u00f3j\u00e1ba \u2013 k\u00f6zt\u00fck a Kijevi Operah\u00e1zba, az Ivan Franko Nemzeti Akad\u00e9miai Dr\u00e1masz\u00ednh\u00e1zba \u00e9s a Leszja Ukrainka Nemzeti Akad\u00e9miai Sz\u00ednh\u00e1zba \u2013, valamint koncerttermekbe, filmst\u00fadi\u00f3kba, cirkuszokba \u00e9s t\u00f6bb mint negyven m\u00fazeumba. A Nemzeti M\u0171v\u00e9szeti M\u00fazeum, a Nyugati \u00e9s Keleti M\u0171v\u00e9szetek M\u00fazeuma, a Pincsuk M\u0171v\u00e9szeti K\u00f6zpont, a Csernobili M\u00fazeum \u00e9s a Dovzsenko Filmst\u00fadi\u00f3k j\u00f3l p\u00e9ld\u00e1zz\u00e1k a v\u00e1ros sokr\u00e9t\u0171 m\u0171v\u00e9szeti \u00e9s t\u00f6rt\u00e9nelmi szerepv\u00e1llal\u00e1s\u00e1t.<\/p>\n<p>A v\u00e1ros lombos jellege al\u00e1t\u00e1masztja Eur\u00f3pa egyik legz\u00f6ldebb f\u0151v\u00e1rosak\u00e9nt val\u00f3 h\u00edrnev\u00e9t. K\u00e9t botanikus kert \u00e9s sz\u00e1mos park \u2013 a Darnytsja \u00e1llom\u00e1s k\u00f6zel\u00e9ben tal\u00e1lhat\u00f3 Gy\u0151zelem Park, a palota melletti Mariinszkij Park, a hadm\u00fazeumot k\u00f6r\u00fclvev\u0151 parkok \u2013 s\u00e9t\u00e1nyok h\u00e1l\u00f3zz\u00e1k be, ahol a vadgesztenyef\u00e1k lombkoron\u00e1i m\u00e9g ny\u00e1r k\u00f6zep\u00e9n is \u00e1rny\u00e9kot adnak. Kijev szigetei k\u00f6z\u00fcl a Hydropark (Venecijszkij) kiemelkedik strandjaival, vid\u00e1mparki j\u00e1t\u00e9kaival, cs\u00f3nak\u00e1z\u00e1si lehet\u0151s\u00e9geivel \u00e9s \u00e9jszakai \u00e9let\u00e9vel, amelyek mindegyike metr\u00f3val vagy aut\u00f3val megk\u00f6zel\u00edthet\u0151; a Truhaniv, a Muromets \u00e9s a Dolobeckij-szigetek csendesebb mened\u00e9keket k\u00edn\u00e1lnak. T\u00e9len a Dnyeper partjai a j\u00e9ghorg\u00e1szat \u00e9s a korcsoly\u00e1z\u00e1s helysz\u00edn\u00e9v\u00e9 v\u00e1lnak; ny\u00e1ron a lakosok a foly\u00f3 meleg viz\u00e9ben \u00faszk\u00e1lnak.<\/p>\n<p>A piacok a v\u00e1rosi \u00e9let egy m\u00e1sik l\u00e9nyeges aspektus\u00e1t alkotj\u00e1k. A belv\u00e1rosban tal\u00e1lhat\u00f3 Besszarabszkij piac \u00e9s a tucatnyi region\u00e1lis rin\u00f3k hemzsegnek az \u00e1rusokt\u00f3l, akik mez\u0151gazdas\u00e1gi term\u00e9keket, h\u00fasokat, halakat, tejterm\u00e9keket, kavi\u00e1rt, vir\u00e1gokat, szersz\u00e1mokat \u00e9s ruh\u00e1kat \u00e1rulnak. Minden piacnak megvan a maga jellegzetess\u00e9ge \u2013 n\u00e9melyik aut\u00f3kra, m\u00e1sok h\u00e1zi\u00e1llatokra vagy text\u00edli\u00e1kra specializ\u00e1l\u00f3dtak \u2013, \u00e9s mindegyik \u00e9l\u00e9nk k\u00f6z\u00f6ss\u00e9gi ritmust tart fenn. Ezeken t\u00falmen\u0151en, Kijev d\u00e9li k\u00fclv\u00e1ros\u00e1ban tal\u00e1lhat\u00f3 Ukrajna N\u00e9pi \u00c9p\u00edt\u00e9szet\u00e9nek \u00e9s \u00c9let\u00e9nek szabadt\u00e9ri M\u00fazeuma 1,5 n\u00e9gyzetkilom\u00e9teren \u00fajraalkotja a hagyom\u00e1nyos vid\u00e9ki lak\u00f3helyeket, k\u00e9zzelfoghat\u00f3 kapcsolatot k\u00edn\u00e1lva a region\u00e1lis n\u00e9pi hagyom\u00e1nyokkal.<\/p>\n<p>A kikapcsol\u00f3d\u00e1st Kijevben bili\u00e1rdtermek, gokartp\u00e1ly\u00e1k, paintball ar\u00e9n\u00e1k, tekep\u00e1ly\u00e1k \u00e9s l\u0151terek is szolg\u00e1lj\u00e1k. A negyven hekt\u00e1ron elter\u00fcl\u0151, \u00e9vsz\u00e1zados kijevi \u00e1llatkert mintegy 2600 \u00e1llatnak ad otthont 328 fajban, \u00e9s tudom\u00e1nyos, valamint szabadid\u0151s int\u00e9zm\u00e9nyk\u00e9nt is szolg\u00e1l. Ezenk\u00edv\u00fcl a v\u00e1rosnak szentelt zenei \u00e9s irodalmi tisztelg\u00e9sek \u2013 olyan dalok, mint a \u201eHogyan ne szeresselek, Kijevi eny\u00e9m?\u201d \u00e9s a \u201eKijevi kering\u0151\u201d, valamint Olekszandr Bilas \u201eKijev legend\u00e1ja\u201d c\u00edm\u0171 operettje \u2013 is tan\u00fas\u00edtj\u00e1k a v\u00e1ros tart\u00f3s \u00e9rzelmi visszhangj\u00e1t.<\/p>\n<p>A v\u00e1rosi sz\u00f6vetet a k\u00f6zleked\u00e9si infrastrukt\u00fara \u00f6vezi. A kijevi metr\u00f3, amely h\u00e1rom, \u00f6sszesen 66,1 kilom\u00e9ter hossz\u00fa vonalb\u00f3l \u00e9s 51 \u00e1llom\u00e1sb\u00f3l \u00e1ll \u2013 n\u00e9melyik \u00e9p\u00edt\u00e9szeti gy\u00f6ngyszem \u2013, naponta k\u00f6r\u00fclbel\u00fcl 1,422 milli\u00f3 utast sz\u00e1ll\u00edt, ami a t\u00f6megk\u00f6zleked\u00e9si haszn\u00e1lat 38 sz\u00e1zal\u00e9k\u00e1t teszi ki. A t\u00f6rt\u00e9nelmi villamosh\u00e1l\u00f3zat, amely egykor Eur\u00f3pa legkor\u00e1bbi elektromos rendszerei k\u00f6z\u00e9 tartozott, ma k\u00f6zel 140 kilom\u00e9tert \u00f6lel fel 21 \u00fatvonalon, b\u00e1r fokozatosan \u00e1tadja a hely\u00e9t a buszoknak \u00e9s trolibuszoknak. A kijevi sikl\u00f3, amely 1905 \u00f3ta k\u00f6ti \u00f6ssze a Fels\u0151v\u00e1rost Podillal, k\u00e9t \u00e1llom\u00e1ssal a Szent Volodimir-hegy lejt\u0151j\u00e9n halad \u00e1t. Az \u00f6sszes v\u00e1rosi f\u00f6ldi t\u00f6megk\u00f6zleked\u00e9st \u2013 bizonyos minibuszok kiv\u00e9tel\u00e9vel \u2013 a v\u00e1ros \u00e1llami v\u00e1llalata, a Kyivpastrans \u00fczemelteti \u00e1tal\u00e1nyd\u00edjas rendszerben; a metr\u00f3ban bevezett\u00e9k a digit\u00e1lis jegyrendszert, amelynek b\u0151v\u00edt\u00e9s\u00e9t m\u00e1s k\u00f6zleked\u00e9si m\u00f3dokra is tervezik.<\/p>\n<p>Az aut\u00f3p\u00e1lya-h\u00e1l\u00f3zaton nyolc h\u00edd \u00edvel \u00e1t a Dnyeperen, \u00f6sszek\u00f6tve a v\u00e1ros kett\u00e9\u00e1gaz\u00f3 szakaszait, m\u00edg az eur\u00f3pai \u00fatvonalak Kijevhez, mint nemzeti csom\u00f3ponthoz vezetnek. B\u00e1r az \u00fatviszonyok \u00e9s a torl\u00f3d\u00e1sok kih\u00edv\u00e1st jelentenek, a k\u00fcl\u00f6nb\u00f6z\u0151 szinteken \u00e9p\u00fcl\u0151 keresztez\u0151d\u00e9sek \u00e9s a tervezett k\u00f6rgy\u0171r\u0171 a j\u00f6v\u0151beni enyh\u00fcl\u00e9st \u00edg\u00e9ri. A l\u00e9gi k\u00f6zleked\u00e9si kapcsolatok k\u00f6z\u00e9 tartozik a mintegy 30 kilom\u00e9terre keletre fekv\u0151 Boriszpili Nemzetk\u00f6zi Rep\u00fcl\u0151t\u00e9r; a d\u00e9len tal\u00e1lhat\u00f3 kisebb Zsuljani Rep\u00fcl\u0151t\u00e9r; valamint a Hosztomel teher- \u00e9s az Antonovhoz kapcsol\u00f3d\u00f3 rep\u00fcl\u0151terek. A vas\u00fati rendszer \u2013 amelynek k\u00f6z\u00e9ppontj\u00e1ban a t\u00e1vols\u00e1gi Kijev-Pasazsirszkij \u00e1llom\u00e1s \u00e1ll, \u00e9s hat tehertermin\u00e1l eg\u00e9sz\u00fcl ki \u2013 tov\u00e1bbra is l\u00e9tfontoss\u00e1g\u00fa, m\u00e9gis megterhelt, ami a Darnyica csom\u00f3pont b\u0151v\u00edt\u00e9si er\u0151fesz\u00edt\u00e9seit \u00e9s egy kombin\u00e1lt vas\u00fati-k\u00f6z\u00fati h\u00edd \u00e9p\u00edt\u00e9s\u00e9t \u00f6szt\u00f6n\u00f6zte a Dnyeper felett. A 2011-ben ind\u00edtott V\u00e1rosi Vonat gyakori k\u00f6rj\u00e1ratokat k\u00edn\u00e1l, metr\u00f3val \u00e9s villamossal \u00e1tsz\u00e1llva, m\u00edg az el\u0151v\u00e1rosi elektrycska vonatok region\u00e1lis \u00f6sszek\u00f6ttet\u00e9st biztos\u00edtanak a pontoss\u00e1g \u00e9s a kapacit\u00e1s korl\u00e1tai ellen\u00e9re.<\/p>\n<p>Ebben a dinamikus v\u00e1rosi falisz\u0151nyegben \u00f6t k\u00f6rny\u00e9kbeli \u00e9lm\u00e9ny testes\u00edti meg Kijev soksz\u00edn\u0171s\u00e9g\u00e9t. A belv\u00e1rosban a Majdan Nezalezsnosztyi \u2013 amely 2004 \u00e9s 2013 k\u00f6z\u00f6tt kulcsfontoss\u00e1g\u00fa \u00f6sszej\u00f6vetelek helysz\u00edne volt \u2013 politikai \u00e9s t\u00e1rsadalmi eml\u00e9kezettel l\u00fcktet. H\u00e9tv\u00e9g\u00e9n a Hrescsatyik utca gyalogos s\u00e9t\u00e1nnyal alakul \u00e1t, nagy sug\u00e1r\u00fatja forgalommentes, \u00e9s el\u0151ad\u00f3m\u0171v\u00e9szek \u00e9s csal\u00e1dok \u00e9l\u00e9nk\u00edtik az \u00e9letet. Az Andr\u00e1s-lejt\u0151, a Fels\u0151v\u00e1rost \u00e9s Podilt \u00f6sszek\u00f6t\u0151 macskak\u00f6ves f\u0151\u00fat, cs\u00facs\u00e1n a Szent Andr\u00e1s-templommal, valamint a hiteless\u00e9g\u00fcket sug\u00e1rz\u00f3 standok, gal\u00e9ri\u00e1k \u00e9s vend\u00e9gl\u00e1t\u00f3helyek sor\u00e1val h\u00edvogat. Lent Podil keresked\u0151negyedi \u00f6r\u00f6ks\u00e9g\u00e9t mutatja be a tizenkilencedik sz\u00e1zadi utc\u00e1k h\u00e1l\u00f3zat\u00e1n kereszt\u00fcl, amelyeket men\u0151 \u00e9ttermek \u00e9s dzsentrifik\u00e1ci\u00f3 \u00e9ltet, m\u00e9gis a sikl\u00f3 Poshtova Ploshch\u00e1ra val\u00f3 leereszked\u00e9se tart fenn. V\u00e9g\u00fcl az Arsenalna sz\u00e1mos \u00e9tkez\u00e9si lehet\u0151s\u00e9get k\u00edn\u00e1l egy t\u00f6rt\u00e9nelmi t\u00e9ren, amely maga is a vil\u00e1g legm\u00e9lyebben fekv\u0151 metr\u00f3\u00e1llom\u00e1sa mellett tal\u00e1lhat\u00f3 \u2013 tal\u00e1l\u00f3 metafora Kijev r\u00e9tegzett t\u00f6rt\u00e9nelmi m\u00e9lys\u00e9geire.<\/p>\n<p>A j\u00f3l\u00e9t, a pusztul\u00e1s \u00e9s a meg\u00fajul\u00e1s korszakain \u00e1t Kijev tov\u00e1bbra is a rugalmass\u00e1g \u00e9s az \u00fajj\u00e1sz\u00fclet\u00e9s bizony\u00edt\u00e9ka. Foly\u00f3parti k\u00f6rnyezete, t\u00f6rt\u00e9nelmi \u00e9p\u00edt\u00e9szete, kultur\u00e1lis int\u00e9zm\u00e9nyei \u00e9s modern dinamizmusa egy olyan metropolissz\u00e1 egyes\u00fcl, amely egyszerre tiszteli m\u00faltj\u00e1t \u00e9s v\u00e1llalja fejl\u0151d\u0151 szerep\u00e9t az eur\u00f3pai sz\u00ednt\u00e9ren. Kijevben nemcsak egy f\u0151v\u00e1rossal tal\u00e1lkozhatunk, hanem Kelet-Eur\u00f3pa tart\u00f3s szellem\u00e9nek \u00e9l\u0151 kr\u00f3nik\u00e1j\u00e1val is.<\/p>","protected":false},"excerpt":{"rendered":"<p>Kijev, Ukrajna f\u0151v\u00e1rosa \u00e9s legnagyobb v\u00e1rosa az orsz\u00e1g \u00e9szak-k\u00f6z\u00e9ps\u0151 r\u00e9gi\u00f3j\u00e1ban, a Dnyeper foly\u00f3 ment\u00e9n tal\u00e1lhat\u00f3. 2 952 301 lakos\u00e1val 2022. janu\u00e1r 1-j\u00e9n ez a v\u00e1ros a hetedik legn\u00e9pesebb Eur\u00f3p\u00e1ban. Ez az \u0151si v\u00e1ros \u2013 Kelet-Eur\u00f3pa egyik legr\u00e9gebbi v\u00e1rosa \u2013 t\u00f6bb mint egy \u00e9vezred \u00f3ta k\u00f6zponti szerepet t\u00f6lt be a r\u00e9gi\u00f3 t\u00f6rt\u00e9nelm\u00e9ben, kult\u00far\u00e1j\u00e1ban \u00e9s gazdas\u00e1g\u00e1ban.<\/p>","protected":false},"author":1,"featured_media":2772,"parent":12613,"menu_order":0,"comment_status":"closed","ping_status":"closed","template":"elementor_theme","meta":{"_eb_attr":"","footnotes":""},"class_list":["post-12625","page","type-page","status-publish","has-post-thumbnail"],"_links":{"self":[{"href":"https:\/\/travelshelper.com\/hu\/wp-json\/wp\/v2\/pages\/12625","targetHints":{"allow":["GET"]}}],"collection":[{"href":"https:\/\/travelshelper.com\/hu\/wp-json\/wp\/v2\/pages"}],"about":[{"href":"https:\/\/travelshelper.com\/hu\/wp-json\/wp\/v2\/types\/page"}],"author":[{"embeddable":true,"href":"https:\/\/travelshelper.com\/hu\/wp-json\/wp\/v2\/users\/1"}],"replies":[{"embeddable":true,"href":"https:\/\/travelshelper.com\/hu\/wp-json\/wp\/v2\/comments?post=12625"}],"version-history":[{"count":0,"href":"https:\/\/travelshelper.com\/hu\/wp-json\/wp\/v2\/pages\/12625\/revisions"}],"up":[{"embeddable":true,"href":"https:\/\/travelshelper.com\/hu\/wp-json\/wp\/v2\/pages\/12613"}],"wp:featuredmedia":[{"embeddable":true,"href":"https:\/\/travelshelper.com\/hu\/wp-json\/wp\/v2\/media\/2772"}],"wp:attachment":[{"href":"https:\/\/travelshelper.com\/hu\/wp-json\/wp\/v2\/media?parent=12625"}],"curies":[{"name":"wp","href":"https:\/\/api.w.org\/{rel}","templated":true}]}}