{"id":12406,"date":"2024-09-16T00:39:00","date_gmt":"2024-09-16T00:39:00","guid":{"rendered":"https:\/\/travelshelper.com\/staging\/?page_id=12406"},"modified":"2026-03-12T18:32:52","modified_gmt":"2026-03-12T18:32:52","slug":"montenegro","status":"publish","type":"page","link":"https:\/\/travelshelper.com\/hu\/destinations\/europe\/montenegro\/","title":{"rendered":"Montenegr\u00f3"},"content":{"rendered":"<p>Montenegr\u00f3, egy 623 633 lakos\u00fa, 13 883 km\u00b2-es orsz\u00e1g, a Balk\u00e1n-f\u00e9lsziget egy keskeny szakasz\u00e1t foglalja el D\u00e9lkelet-Eur\u00f3p\u00e1ban. D\u00e9lnyugatr\u00f3l az Adriai-tenger szeg\u00e9lyezi, Horv\u00e1torsz\u00e1g, Bosznia-Hercegovina, Szerbia, Koszov\u00f3 \u00e9s Alb\u00e1nia hat\u00e1rolja. Ez a 25 telep\u00fcl\u00e9sb\u0151l \u00e1ll\u00f3 k\u00f6zt\u00e1rsas\u00e1g \u00e9vezredeknyi r\u00e9tegzett t\u00f6rt\u00e9nelmet \u00e9s figyelemre m\u00e9lt\u00f3 f\u00f6ldrajzi soksz\u00edn\u0171s\u00e9get testes\u00edt meg. A magasod\u00f3 alpesi cs\u00facsokt\u00f3l a keskeny tengerparti s\u00edks\u00e1gig, a k\u00f6z\u00e9pkori templomokt\u00f3l az oszm\u00e1n kori er\u0151d\u00edtm\u00e9nyekig, Montenegr\u00f3 kompakt ter\u00fclete k\u00f6zeli, elm\u00e9lked\u0151 pillant\u00e1sra cs\u00e1b\u00edt.<\/p>\n<p>J\u00f3val a hatodik \u00e9s hetedik sz\u00e1zadi szl\u00e1v v\u00e1ndorl\u00e1sok el\u0151tt az ill\u00edr t\u00f6rzsek alak\u00edtott\u00e1k ki azokat a zord hegyvid\u00e9keket, amelyek ma \u00c9szak-Montenegr\u00f3 nagy r\u00e9sz\u00e9t meghat\u00e1rozz\u00e1k. Az ezt k\u00f6vet\u0151 \u00e9vsz\u00e1zadokban h\u00e1rom k\u00f6z\u00e9pkori fejedelems\u00e9g \u2013 d\u00e9len Duklja, nyugaton Travunia \u00e9s \u00e9szakon Ra\u0161ka \u2013 rakta le egy a tizennegyedik sz\u00e1zadra Zeta n\u00e9ven ismert, kibontakoz\u00f3ban l\u00e9v\u0151 \u00e1llam alapjait. A velencei keresked\u0151k \u00e9s tenger\u00e9szeti parancsnokok m\u00e1r a tizennegyedik sz\u00e1zad v\u00e9g\u00e9n nyomot hagytak a partvid\u00e9ken, a d\u00e9li partokat integr\u00e1lva a Velencei Alb\u00e1nia n\u00e9ven ismert ter\u00fcletbe. Az oszm\u00e1n bet\u00f6r\u00e9sek a tizen\u00f6t\u00f6dik sz\u00e1zad v\u00e9g\u00e9n \u00e9rt\u00e9k el a r\u00e9gi\u00f3t, a felf\u00f6ldi kl\u00e1nok m\u00e9gis bizonyos fok\u00fa auton\u00f3mi\u00e1t tartottak fenn a Petrovi\u0107-Njego\u0161 dinasztia alatt. 1878-ban a berlini kongresszus hivatalosan elismerte Montenegr\u00f3 f\u00fcggetlens\u00e9g\u00e9t; 1910-re Montenegr\u00f3 Kir\u00e1lys\u00e1ga lett. A huszadik sz\u00e1zad uni\u00f3t hozott a Szerb, Horv\u00e1t \u00e9s Szlov\u00e9n Kir\u00e1lys\u00e1ggal (k\u00e9s\u0151bb Jugoszl\u00e1via), egy k\u00e9s\u0151bbi sz\u00f6vets\u00e9gi meg\u00e1llapod\u00e1st Szerbi\u00e1val, \u00e9s v\u00e9g\u00fcl 2006 j\u00fanius\u00e1ban n\u00e9pszavaz\u00e1s \u00fatj\u00e1n vissza\u00e1ll\u00edtotta a szuver\u00e9n \u00e1llamis\u00e1got, \u00edgy a nemzet a mai form\u00e1j\u00e1ban megsz\u00fcletett.<\/p>\n<p>Montenegr\u00f3 gazdas\u00e1ga, amely ma a fels\u0151-k\u00f6z\u00e9pj\u00f6vedelem kateg\u00f3ri\u00e1j\u00e1ba tartozik, t\u00falnyom\u00f3r\u00e9szt a szolg\u00e1ltat\u00e1sokra t\u00e1maszkodik, a turizmus pedig az elm\u00falt \u00e9vtizedekben egyre nagyobb hangs\u00falyt kapott. Az eur\u00f3 egyoldal\u00fa elfogad\u00e1s\u00e1val nemzeti valutak\u00e9nt funkcion\u00e1l, m\u00edg az infrastrukt\u00fara-fejleszt\u00e9s \u2013 k\u00fcl\u00f6n\u00f6sen az aut\u00f3p\u00e1ly\u00e1k befejez\u00e9se \u00e9s a Belgr\u00e1d\u2013Bar vas\u00fatvonal korszer\u0171s\u00edt\u00e9se \u2013 tov\u00e1bbra is kiemelt priorit\u00e1s a kiegyens\u00falyozott n\u00f6veked\u00e9s el\u0151mozd\u00edt\u00e1sa \u00e9rdek\u00e9ben. K\u00e9t nemzetk\u00f6zi rep\u00fcl\u0151t\u00e9r, Podgoric\u00e1n \u00e9s Tivaton, kezeli az adriai partvid\u00e9k strandjai \u00e9s t\u00f6rt\u00e9nelmi v\u00e1rosai \u00e1ltal vonzott l\u00e1togat\u00f3k be\u00e1raml\u00e1s\u00e1t; a h\u00e1bor\u00fas puszt\u00edt\u00e1s ut\u00e1n \u00fajj\u00e1\u00e9p\u00edtett Bar kik\u00f6t\u0151je a tervezett kapacit\u00e1sa alatti \u00e1ruforgalmat bonyol\u00edt le.<\/p>\n<p>F\u00f6ldrajzilag Montenegr\u00f3 a kontrasztok tanulm\u00e1nya. A mind\u00f6ssze n\u00e9h\u00e1ny kilom\u00e9ter sz\u00e9les part menti s\u00edks\u00e1g hirtelen m\u00e9szk\u0151hegyeknek ad otthont \u2013 k\u00f6zt\u00fck a Lov\u0107en-hegynek \u00e9s az Orjen-hegynek \u2013, amelyek a Kotori-\u00f6b\u00f6lbe ny\u00falnak. A sz\u00e1razf\u00f6ld belsej\u00e9ben karsztk\u00e9pz\u0151dm\u00e9nyek emelkednek 2000 m\u00e9tern\u00e9l magasabbra: az Orjen-hegy 1894 m\u00e9ter, a Bobotov Kuk a Durmitor-hegys\u00e9gben 2522 m\u00e9ter, \u00e9s a 2018-as h\u00e1romsz\u00f6gel\u00e9si adatok szerint a Zla Kolata a Prokletije-hegys\u00e9gben 2534 m\u00e9ter. J\u00e9gkoccan\u00e1sok \u00e1ltal kitaposott v\u00f6lgyek \u00e9s meredek kanyonok, mint p\u00e9ld\u00e1ul az UNESCO Vil\u00e1g\u00f6r\u00f6ks\u00e9g r\u00e9sz\u00e9t k\u00e9pez\u0151 Tara foly\u00f3 szurdoka, v\u00e1jj\u00e1k az \u00e9szaki felf\u00f6ldet, m\u00edg a Skadar-t\u00f3 \u2013 amely Alb\u00e1ni\u00e1val k\u00f6z\u00f6s \u00e9s nemzeti parkk\u00e9nt v\u00e9dett \u2013 a d\u00e9lnyugati s\u00edks\u00e1got v\u00e1ndormadarakt\u00f3l hemzseg\u0151 vizes \u00e9l\u0151helyekkel tark\u00edtja.<\/p>\n<p>A v\u00e1rosi k\u00f6zpontokban \u00e9s a kisv\u00e1rosokban egyar\u00e1nt \u00e9p\u00edt\u00e9szeti maradv\u00e1nyok k\u00f6vetik nyomon Montenegr\u00f3 v\u00e1ltozatos uralkod\u00f3it. Kotor k\u00f6z\u00e9pkori k\u00f6zpontj\u00e1ban homokkal kirakott utc\u00e1k kanyarognak a velencei palot\u00e1k \u00e9s a rom\u00e1n st\u00edlus\u00fa templomok k\u00f6z\u00f6tt: a XII. sz\u00e1zadi Szent Trifon-sz\u00e9kesegyh\u00e1z a f\u0151t\u00e9ren \u00e1ll, m\u00edg a Szent Luk\u00e1cs-templom egy csendes, v\u00edzparti t\u00e9rre n\u00e9z. Budva, az adriai turizmus b\u00f6lcs\u0151je, egy \u0151si fellegv\u00e1rat \u0151riz, amelyet kilenc \u00e9vsz\u00e1zados vall\u00e1si eml\u00e9km\u0171vek szeg\u00e9lyeznek, homokos partj\u00e1n modern fejleszt\u00e9sek h\u00e1tter\u00e9ben. Herceg Novi, az \u00f6b\u00f6l bej\u00e1rat\u00e1n\u00e1l, genovai st\u00edlus\u00fa er\u0151d\u00f6kkel \u00e9s mediterr\u00e1n z\u00f6ld\u00f6vezettel teli, fokozatos amfite\u00e1trummal b\u00fcszk\u00e9lkedhet.<\/p>\n<p>Cetinje, egykor kir\u00e1lyi f\u0151v\u00e1ros, ma pedig a nemzeti \u00f6r\u00f6ks\u00e9g let\u00e9tem\u00e9nyese, a Lov\u0107en-hegy l\u00e1b\u00e1n\u00e1l fekszik. Utc\u00e1in m\u00fazeumok, diplom\u00e1ciai korabeli nagyk\u00f6vets\u00e9gek \u00e9s az ortodox cetinjei kolostor tal\u00e1lhat\u00f3, amely Montenegr\u00f3 spiritu\u00e1lis hagyom\u00e1nyait tan\u00fas\u00edt\u00f3 erekly\u00e9k \u00e9s ikonogr\u00e1fia \u0151rz\u0151je. \u00c9szakon \u017dabljak a Durmitor Nemzeti Park kapuja, ahol a Fekete-t\u00f3 gyalogosan is el\u00e9rhet\u0151, a t\u00e9li havaz\u00e1s pedig ugyanilyen m\u00e9rt\u00e9kben \u00f6szt\u00f6nzi a sportturizmust.<\/p>\n<p>Montenegr\u00f3 demogr\u00e1fiai mozaikja t\u00fckr\u00f6zi a telep\u00fcl\u00e9s v\u00e1laszt\u00f3vonal\u00e1n elfoglalt helyzet\u00e9t. Egyetlen etnikai csoport sem alkot abszol\u00fat t\u00f6bbs\u00e9get; a montenegr\u00f3iak a lakoss\u00e1g k\u00f6r\u00fclbel\u00fcl 41 sz\u00e1zal\u00e9k\u00e1t, a szerbek 33 sz\u00e1zal\u00e9k\u00e1t, a bosny\u00e1kok 9 sz\u00e1zal\u00e9k\u00e1t, az alb\u00e1nok 5 sz\u00e1zal\u00e9k\u00e1t \u00e9s az oroszok 2 sz\u00e1zal\u00e9k\u00e1t teszik ki, m\u00e1s kisebb k\u00f6z\u00f6ss\u00e9gek mellett. A t\u00falnyom\u00f3r\u00e9szt a szerb ortodox egyh\u00e1zhoz k\u00f6t\u0151d\u0151 keleti ortodox kereszt\u00e9nyek a vall\u00e1si h\u00edvek 71 sz\u00e1zal\u00e9k\u00e1t teszik ki; a muszlimok (els\u0151sorban a Sand\u017eak r\u00e9gi\u00f3ban) \u00e9s a r\u00f3mai katolikusok (nagyr\u00e9szt a tengerpart ment\u00e9n) alkotj\u00e1k a f\u0151 vall\u00e1si kisebbs\u00e9geket. A vall\u00e1sok \u00e9vsz\u00e1zados egy\u00fctt\u00e9l\u00e9se kultur\u00e1lis ritmust teremtett, amely mind a ritu\u00e1lis \u00e9letben, mind az \u00fcnnepi \u00f6sszej\u00f6veteleken megjelenik.<\/p>\n<p>A \u010cojstvo i Juna\u0161tvo fogalma \u2013 amelyet laz\u00e1bban \u201eemberis\u00e9gnek \u00e9s b\u00e1tors\u00e1gnak\u201d lehetne nevezni \u2013 a r\u00e9gi\u00f3 etikai \u00e9s t\u00e1rsadalmi \u00e9rt\u00e9keinek alapj\u00e1t k\u00e9pezi, a kl\u00e1nokon alapul\u00f3 szok\u00e1sokt\u00f3l a modern polg\u00e1ri identit\u00e1sig. A n\u00e9phagyom\u00e1nyok az Oro-ban, a \u201esast\u00e1ncban\u201d fejez\u0151dnek ki, amelyben a t\u00e1ncosok koncentrikus k\u00f6r\u00f6ket alkotnak, \u00e9s az egym\u00e1st k\u00f6vet\u0151 p\u00e1rok egym\u00e1s v\u00e1ll\u00e1ra m\u00e1sznak egy tabl\u00f3ban, amely egyszerre id\u00e9zi az \u00e1llati kecsess\u00e9get \u00e9s a k\u00f6z\u00f6ss\u00e9gi szolidarit\u00e1st.<\/p>\n<p>A gasztron\u00f3miai \u00e1ramlatok keletr\u0151l nyugatra \u00e1ramlanak Montenegr\u00f3 asztal\u00e1n. Az oszm\u00e1n hat\u00e1sok olyan \u00e9telekben megmaradnak, mint a sarma (h\u00fasra \u00e9s rizsre tekert sz\u0151l\u0151lev\u00e9l), a musaka, a pilaf, a pita \u00e9s a \u0107evapi. A k\u00f6z\u00e9p-eur\u00f3pai von\u00e1s a palacsint\u00e1kban \u00e9s f\u00e1nkokban, lekv\u00e1rokban, kekszekben \u00e9s gazdag s\u00fctem\u00e9nyekben jelenik meg. Az Adriai-tenger partvid\u00e9k\u00e9n, ahol a tenger gy\u00fcm\u00f6lcsei vir\u00e1goznak, a mediterr\u00e1n egyszer\u0171s\u00e9g uralkodik: grillezett hal, kagyl\u00f3k \u00e9s a r\u00e9gi\u00f3 jellegzetes v\u00f6r\u00f6sbora, a Vranac. A sz\u00e1razf\u00f6ld belsej\u00e9ben a felf\u00f6ldi \u00e9telek a tejterm\u00e9keket \u00e9s a b\u00e1r\u00e1nyh\u00fast \u00fcnneplik: a cicvara (sajttal \u00e9s tejsz\u00ednnel d\u00fas\u00edtott kukoricaliszt), a tejben f\u0151tt b\u00e1r\u00e1ny, valamint a pljevaljski \u00e9s a njegu\u0161ki sajtok. A njegu\u0161ki pr\u0161ut \u2013 egy f\u00fcst\u00f6lt sonka Njegu\u0161i falub\u00f3l \u2013 a Lov\u0107en-hegy lejt\u0151i alatt gyakorolt \u200b\u200b\u0151si \u00e9rlel\u00e9si technik\u00e1k bizony\u00edt\u00e9ka.<\/p>\n<p>A montenegr\u00f3i sz\u0151l\u0151termeszt\u00e9s k\u00f6zpontja a Podgorica k\u00f6zel\u00e9ben tal\u00e1lhat\u00f3 Planta\u017ee birtok, melynek sz\u0151l\u0151\u00fcltetv\u00e9nyei Krsta\u010d feh\u00e9r \u00e9s Cabernet, valamint Vranac \u00e9s Pro Corde v\u00f6r\u00f6sborokat teremnek. Ezeket a k\u00edn\u00e1latot olyan butik\u00fczemek eg\u00e9sz\u00edtik ki, mint a Golubovciban tal\u00e1lhat\u00f3 Kne\u017eevi\u0107 \u00e9s a Monte Grande c\u00edmke. Egy liter Vranac egy helyi \u00e9tteremben nyolc \u00e9s tizen\u00f6t eur\u00f3 k\u00f6z\u00f6tt mozog; a szupermarketekben az \u00e1rak k\u00e9t eur\u00f3t\u00f3l kezd\u0151dnek, ami kiemeli a bor el\u00e9rhet\u0151s\u00e9g\u00e9t.<\/p>\n<p>Az etikus viselked\u00e9s t\u00falmutat az \u00e9tkez\u00e9seken. A k\u00f6zint\u00e9zm\u00e9nyek gyakran visszafogott \u00f6lt\u00f6zetet k\u00f6vetelnek meg; a r\u00f6vidnadr\u00e1g nemk\u00edv\u00e1natos lehet a k\u00f3rh\u00e1zakban, korm\u00e1nyzati \u00e9p\u00fcletekben \u00e9s istentiszteleti helyeken. A strandokon a feneketlen napoz\u00e1s tov\u00e1bbra is a kijel\u00f6lt naturista ter\u00fcletekre korl\u00e1toz\u00f3dik. A koccint\u00e1si szok\u00e1sok k\u00f6zvetlen szemkontaktust \u00edrnak el\u0151, k\u00fcl\u00f6nben a gesztus f\u00e9lre\u00e9rtelmez\u00e9s vesz\u00e9ly\u00e9vel j\u00e1r. A Rakija, az er\u0151s szilvap\u00e1linka, amelynek alkoholtartalma k\u00f6r\u00fclbel\u00fcl \u00f6tvenh\u00e1rom sz\u00e1zal\u00e9k, j\u00f3zan tiszteletet k\u00f6vetel: a h\u00e1zigazd\u00e1k sz\u00e1mos k\u00f6rt k\u00edn\u00e1lhatnak, de a vend\u00e9gt\u0151l elv\u00e1rj\u00e1k, hogy m\u00e9rt\u00e9kkel kortyoljon bel\u0151le.<\/p>\n<p>Az elm\u00falt szezonokban a turist\u00e1k sz\u00e1ma meghaladta a k\u00e9tmilli\u00f3t. A l\u00e1togat\u00f3kat a Kotori-\u00f6b\u00f6l UNESCO \u00e1ltal jegyzett panor\u00e1m\u00e1ja, a k\u00f6zel f\u00fcgg\u0151leges sziklafalba v\u00e1jt, tizenhetedik sz\u00e1zadi Ostrog-kolostor, valamint Ulcinj d\u00e9li partvid\u00e9k\u00e9nek 12 kilom\u00e9ter hossz\u00fa homokja vonzotta, amelyet a The New York Times egykor a \u201e2010-es 31 legjobb \u00fati c\u00e9l\u201d k\u00f6z\u00e9 sorolt. A National Geographic Traveler felvette Montenegr\u00f3t a t\u00edz\u00e9ves \u201e\u00c9letre val\u00f3 50 hely\u201d list\u00e1j\u00e1ra, amelynek c\u00edmlapkiad\u00e1s\u00e1t Sveti Stefan szigetecsk\u00e9je d\u00edsz\u00edtette. A nevezetes l\u00e1tnival\u00f3kon t\u00fal azonban Montenegr\u00f3 meghitt tal\u00e1lkoz\u00e1sokat is k\u00edn\u00e1l: egy holdf\u00e9nyes s\u00e9t\u00e1t Budva fellegv\u00e1r\u00e1ban, a hajnali f\u00e9nyben megvil\u00e1g\u00edtott Perast v\u00f6r\u00f6s h\u00e1ztet\u0151it, vagy egy kajakt\u00far\u00e1t Orjen felh\u0151s cs\u00facsai alatt.<\/p>\n<p>Az infrastruktur\u00e1lis kih\u00edv\u00e1sok tov\u00e1bbra is fenn\u00e1llnak. Az utak ritk\u00e1n felelnek meg a nyugat-eur\u00f3pai szabv\u00e1nyoknak, \u00e9s az aut\u00f3p\u00e1lya-kapcsolatok befejez\u00e9s\u00e9re ir\u00e1nyul\u00f3 t\u00f6rekv\u00e9s mind a gazdas\u00e1gi sz\u00fcks\u00e9gszer\u0171s\u00e9gb\u0151l, mind a turizmus k\u00f6zt\u00e1rsas\u00e1gon bel\u00fcli egyenletesebb eloszt\u00e1s\u00e1nak v\u00e1gy\u00e1b\u00f3l fakad. A Belgr\u00e1d\u2013Bar vas\u00fatvonal, a hegyi h\u00e1g\u00f3kon \u00e9s alagutakon \u00e1t\u00edvel\u0151 m\u00e9rn\u00f6ki csoda, arra t\u00f6rekszik, hogy vissza\u00e1ll\u00edtsa a teherforgalom tervezett \u00e1tereszt\u0151k\u00e9pess\u00e9g\u00e9t. A cseppfoly\u00f3s\u00edtott f\u00f6ldg\u00e1z Bar kik\u00f6t\u0151j\u00e9ben t\u00f6rt\u00e9n\u0151 befogad\u00e1s\u00e1ra ir\u00e1nyul\u00f3 javaslatok az energiadiverzifik\u00e1ci\u00f3 \u00e9s a region\u00e1lis \u00f6sszekapcsolts\u00e1g fel\u00e9 val\u00f3 elmozdul\u00e1st jelzik.<\/p>\n<p>\u00c9szakon Durmitor t\u00e9li hava \u00e9s alpesi r\u00e9tjei eg\u00e9sz \u00e9vben vonzz\u00e1k a szabadt\u00e9ri kikapcsol\u00f3d\u00e1s szerelmeseit. A Tara foly\u00f3 kanyonja, amely t\u00f6bb mint 1300 m\u00e9ter m\u00e9lyre zuhan a partjain\u00e1l, a vil\u00e1g leghosszabb \u00e9s legm\u00e9lyebb kanyonjai k\u00f6z\u00e9 tartozik, olyan rafting kir\u00e1ndul\u00e1sokat k\u00edn\u00e1lva, amelyek az adrenalint a j\u00e9g \u00e9s v\u00edz \u00e1ltal form\u00e1lt m\u00e9szk\u0151falak csendes szeml\u00e9l\u00e9s\u00e9vel \u00f6tv\u00f6zik. A Skadar-t\u00f3 Nemzeti Park ezzel szemben enyh\u00e9bb programot k\u00edn\u00e1l: a mad\u00e1rmegfigyel\u0151k pelik\u00e1nokat \u00e9s g\u00e9meket k\u00f6vetnek nyomon a n\u00e1dasokban, m\u00edg a hagyom\u00e1nyos hal\u00e1szhaj\u00f3k siklanak az \u00fcveges vizeken.<\/p>\n<p>A meg\u0151rz\u00e9s t\u00f6rt\u00e9nelmi \u00e9s kultur\u00e1lis t\u00e9tjei v\u00e9gigvonulnak Montenegr\u00f3 t\u00e1jain. Az \u0151si kolostorok \u2013 a Herceg Novi melletti Savina, a Kotor feletti Szent Luk\u00e1cs-bazilika, valamint Budimlja \u00e9s Nik\u0161i\u0107 ortodox enkl\u00e1v\u00e9i \u2013 olyan fresk\u00f3kat \u0151riznek, amelyek a k\u00f6z\u00e9pkori spiritualit\u00e1st fejezik ki. A perasti velencei barokk palot\u00e1k a tenger\u00e9szkapit\u00e1nyok sors\u00e1r\u00f3l mes\u00e9lnek, akiknek tengeri kalandjai ezt a partvid\u00e9ket a t\u00e1gabb F\u00f6ldk\u00f6zi-tengerrel k\u00f6t\u00f6tt\u00e9k \u00f6ssze. Az Ostrog-hegyn\u00e9l a zar\u00e1ndokok keskeny \u00f6sv\u00e9nyeken haladnak \u00e1t, hogy el\u00e9rj\u00e9k azokat a cell\u00e1kat, ahol a tizenhetedik sz\u00e1zadban Osztrogi Vazul p\u00fcsp\u00f6k a mag\u00e1nyt, majd k\u00e9s\u0151bb a szents\u00e9get kereste; erekly\u00e9i ma minden \u00e9vben vonzz\u00e1k a h\u00edveket a Balk\u00e1n minden t\u00e1j\u00e1r\u00f3l.<\/p>\n<p>Podgorica, a modern f\u0151v\u00e1ros \u00e9s Montenegr\u00f3 legnagyobb v\u00e1rosa, saj\u00e1t meg\u00fajul\u00e1si narrat\u00edv\u00e1j\u00e1t keretezi. A jugoszl\u00e1v \u00e9gisze alatt egykor Titogr\u00e1d n\u00e9ven ismert v\u00e1ros ma kort\u00e1rs \u00e9p\u00edt\u00e9szetet \u00e9s kultur\u00e1lis helysz\u00edneket testes\u00edt meg az oszm\u00e1n kori mecsetek \u00e9s a r\u00f3mai utak maradv\u00e1nyai mellett. Itt tal\u00e1lhat\u00f3 az orsz\u00e1g f\u0151 egyeteme, \u00e9s k\u00f6zigazgat\u00e1si k\u00f6zpontk\u00e9nt is szolg\u00e1l, mik\u00f6zben a vid\u00e9ki telep\u00fcl\u00e9sek a kl\u00e1nokhoz \u00e9s a region\u00e1lis hovatartoz\u00e1shoz k\u00f6t\u00f6tt, k\u00fcl\u00f6n\u00e1ll\u00f3 identit\u00e1st tartanak fenn.<\/p>\n<p>M\u00e9rete ellen\u00e9re Montenegr\u00f3 t\u00f6bbnemzetis\u00e9g\u0171 \u00f6sszet\u00e9tele ellen\u00e1ll a homogeniz\u00e1ci\u00f3nak. A szerb-montenegr\u00f3i fesz\u00fclts\u00e9gek, b\u00e1r a mindennapi \u00e9letben tomp\u00e1k, felsz\u00ednre ker\u00fclnek az egyh\u00e1zir\u00e1ny\u00edt\u00e1sr\u00f3l \u00e9s a nyelvi \u00f6nmeghat\u00e1roz\u00e1sr\u00f3l sz\u00f3l\u00f3 vit\u00e1kban. Az el nem ismert montenegr\u00f3i ortodox egyh\u00e1z egyesek sz\u00e1m\u00e1ra tov\u00e1bbra is a nemzeti szuverenit\u00e1s vitatott szimb\u00f3luma, m\u00edg m\u00e1sok a szerb ortodox egyh\u00e1zhoz f\u0171z\u0151d\u0151 kanonikus kapcsolatokat a vall\u00e1si folytonoss\u00e1g szerves r\u00e9sz\u00e9nek tekintik. Nyelvi szempontb\u00f3l a montenegr\u00f3i, szerb, bosny\u00e1k \u00e9s alb\u00e1n nyelvj\u00e1r\u00e1sok a k\u00f6z\u00f6ss\u00e9gi hovatartoz\u00e1st ugyan\u00fagy t\u00fckr\u00f6zik, mint a nyelvtani \u00e9s sz\u00f3kincsbeli k\u00e9rd\u00e9seket.<\/p>\n<p>\u00d6sszefoglalva, Montenegr\u00f3 a m\u00falt \u00e9s a j\u00f6v\u0151 metsz\u00e9spontj\u00e1ban \u00e1ll. V\u00e1rosai \u00e9s vadreg\u00e9nyes helyei, katedr\u00e1lisai \u00e9s kl\u00e1nhagyom\u00e1nyai a meg\u0151rz\u00e9s \u00e9s az \u00faj\u00edt\u00e1s p\u00e1rbesz\u00e9d\u00e9ben tal\u00e1lkoznak. A l\u00e1togat\u00f3 sz\u00e1m\u00e1ra, aki elv\u00e1r\u00e1s vagy s\u00fcrget\u00e9s n\u00e9lk\u00fcl k\u00f6zeledik, aki a t\u00fccsk\u00f6k ritmus\u00e1t hallgatja a hegyvid\u00e9ki r\u00e9teken, \u00e9s hajnalban figyeli, ahogy a hal\u00e1szok h\u00fazz\u00e1k a h\u00e1l\u00f3kat, a k\u00f6zt\u00e1rsas\u00e1g t\u00f6bb mint egy folyos\u00f3 az adriai naps\u00fct\u00e9shez. Ehelyett az emberi er\u0151fesz\u00edt\u00e9sek t\u00f6m\u00f6r kr\u00f3nik\u00e1j\u00e1t k\u00edn\u00e1lja: ellen\u00e1ll\u00f3, saj\u00e1tos \u00e9s a helyhez val\u00f3 ragaszkod\u00e1s maradand\u00f3 \u00e9rz\u00e9s\u00e9vel \u00e1titatott, amely t\u00falmutat a puszta f\u00f6ldrajzon. Montenegr\u00f3ban minden viharvert k\u0151 \u00e9s kanyarg\u00f3s, fjordszer\u0171 \u00f6b\u00f6l az id\u0151 m\u00fal\u00e1s\u00e1n \u2013 \u00e9s a f\u00f6ld \u00e9s az azt lak\u00f3 emberek k\u00f6z\u00f6tti tart\u00f3s kapcsolaton \u2013 val\u00f3 elm\u00e9lked\u00e9sre k\u00e9sztet.<\/p>","protected":false},"excerpt":{"rendered":"<p>A D\u00e9lkelet-Eur\u00f3p\u00e1ban, a Balk\u00e1n-f\u00e9lszigeten tal\u00e1lhat\u00f3 Montenegr\u00f3 lakoss\u00e1ga 633 158 egyed 25 telep\u00fcl\u00e9sen oszlik el, \u00e9s ter\u00fclete 13 812 n\u00e9gyzetkilom\u00e9ter (5 333 n\u00e9gyzetm\u00e9rf\u00f6ld). Ez a kompakt \u00e9s v\u00e1ltozatos nemzet strat\u00e9giai elhelyezked\u00e9s\u0171, \u00e9szaknyugaton Bosznia-Hercegovin\u00e1val, \u00e9szakkeleten Szerbi\u00e1val, keleten Koszov\u00f3val \u00e9s d\u00e9lkeleten Alb\u00e1ni\u00e1val hat\u00e1ros. A nyugati hat\u00e1r Horv\u00e1torsz\u00e1ggal hat\u00e1ros, a d\u00e9lnyugati part pedig az Adriai-tenger gy\u00f6ny\u00f6r\u0171 az\u00fark\u00e9k vize ment\u00e9n h\u00faz\u00f3dik, l\u00e9legzetel\u00e1ll\u00edt\u00f3 tengeri l\u00e1tv\u00e1nyt ny\u00fajtva ennek a hegyvid\u00e9knek.<\/p>","protected":false},"author":1,"featured_media":4896,"parent":24078,"menu_order":0,"comment_status":"closed","ping_status":"closed","template":"elementor_theme","meta":{"_eb_attr":"","footnotes":""},"class_list":["post-12406","page","type-page","status-publish","has-post-thumbnail"],"_links":{"self":[{"href":"https:\/\/travelshelper.com\/hu\/wp-json\/wp\/v2\/pages\/12406","targetHints":{"allow":["GET"]}}],"collection":[{"href":"https:\/\/travelshelper.com\/hu\/wp-json\/wp\/v2\/pages"}],"about":[{"href":"https:\/\/travelshelper.com\/hu\/wp-json\/wp\/v2\/types\/page"}],"author":[{"embeddable":true,"href":"https:\/\/travelshelper.com\/hu\/wp-json\/wp\/v2\/users\/1"}],"replies":[{"embeddable":true,"href":"https:\/\/travelshelper.com\/hu\/wp-json\/wp\/v2\/comments?post=12406"}],"version-history":[{"count":0,"href":"https:\/\/travelshelper.com\/hu\/wp-json\/wp\/v2\/pages\/12406\/revisions"}],"up":[{"embeddable":true,"href":"https:\/\/travelshelper.com\/hu\/wp-json\/wp\/v2\/pages\/24078"}],"wp:featuredmedia":[{"embeddable":true,"href":"https:\/\/travelshelper.com\/hu\/wp-json\/wp\/v2\/media\/4896"}],"wp:attachment":[{"href":"https:\/\/travelshelper.com\/hu\/wp-json\/wp\/v2\/media?parent=12406"}],"curies":[{"name":"wp","href":"https:\/\/api.w.org\/{rel}","templated":true}]}}