{"id":12330,"date":"2024-09-15T22:56:36","date_gmt":"2024-09-15T22:56:36","guid":{"rendered":"https:\/\/travelshelper.com\/staging\/?page_id=12330"},"modified":"2026-03-12T18:39:35","modified_gmt":"2026-03-12T18:39:35","slug":"hollandia","status":"publish","type":"page","link":"https:\/\/travelshelper.com\/hu\/destinations\/europe\/netherlands\/","title":{"rendered":"Hollandia"},"content":{"rendered":"<p>Hollandia 41\u00a0850 km\u00b2-es ter\u00fcletet foglal el \u00c9szaknyugat-Eur\u00f3p\u00e1ban, ahol t\u00f6bb mint 18 milli\u00f3 lakos \u00e9l \u00e9vsz\u00e1zadokkal ezel\u0151tt tenger alatt elter\u00fcl\u0151 sz\u00e1razf\u00f6ld\u00f6n. Az 50\u00b0 \u00e9s 54\u00b0 \u00e9szaki sz\u00e9less\u00e9gi k\u00f6r\u00f6k\u00f6n, valamint a 3\u00b0 \u00e9s 8\u00b0 keleti hossz\u00fas\u00e1gi k\u00f6r\u00f6k\u00f6n fekv\u0151 orsz\u00e1g tengeri hat\u00e1rokat oszt meg az Egyes\u00fclt Kir\u00e1lys\u00e1ggal, N\u00e9metorsz\u00e1ggal \u00e9s Belgiummal. Az 1815 \u00f3ta alkotm\u00e1nyos monarchia, modern form\u00e1j\u00e1ban pedig 1848 \u00f3ta parlamenti demokr\u00e1cia, az orsz\u00e1g tizenk\u00e9t tartom\u00e1nyb\u00f3l \u00e1ll \u2013 n\u00e9gy nyugaton, h\u00e1rom \u00e9szakon, kett\u0151 keleten \u00e9s h\u00e1rom d\u00e9len \u2013, mindegyiket finom kultur\u00e1lis k\u00fcl\u00f6nbs\u00e9gek jellemzik. A holland a hivatalos nyelv az eg\u00e9sz eur\u00f3pai ter\u00fcleten, a nyugat-fr\u00edz nyelv pedig Fr\u00edzf\u00f6ld\u00f6n t\u00e1rshivatalos st\u00e1tuszt \u00e9lvez. A Karib-t\u00e9rs\u00e9gben sz\u00e9tsz\u00f3rva Bonaire, Sint Eustatius \u00e9s Saba k\u00fcl\u00f6nleges telep\u00fcl\u00e9sei kiterjesztik a Kir\u00e1lys\u00e1g tr\u00f3pusi \u00e9ghajlatra, vulkanikus cs\u00facsaik a kobalttengerekb\u0151l emelkednek ki, m\u00edg a holland sz\u00e1razf\u00f6ldi foly\u00f3k nyugodtan folynak az \u00c9szaki-tenger fel\u00e9.<\/p>\n<p>A sz\u00e1razf\u00f6ld k\u00f6zel egynegyede a tengerszint alatt fekszik, talaj\u00e1t g\u00e1tak tartj\u00e1k t\u00e1vol, \u00e9s bonyolult szivatty\u00fa- \u00e9s csatornarendszer tartja term\u00e9kenyen. Ezek a polderek, amelyek k\u00f6z\u00fcl n\u00e9h\u00e1nyat m\u00e1r a XIV. sz\u00e1zadban rekultiv\u00e1ltak, a tart\u00f3s tal\u00e1l\u00e9konys\u00e1gr\u00f3l tan\u00faskodnak: a sz\u00e9lmalmok egykor mocsaras ter\u00fcleteket csapoltak le, a huszadik sz\u00e1zadban pedig hatalmas m\u00e9rn\u00f6ki munk\u00e1latok form\u00e1lt\u00e1k \u00e1t a part menti vizeket az \u00e9desv\u00edz\u0171 IJsselmeerr\u00e9. A modern szivatty\u00fatelepek \u00e1lland\u00f3 z\u00fcmm\u00f6g\u00e9se alatt a f\u00f6ld m\u00e9g mindig millim\u00e9terekkel s\u00fcllyed \u00e9vente, eml\u00e9keztetve a lakosokat arra, hogy napi rutinjuk a gravit\u00e1ci\u00f3val val\u00f3 csendes versenyt\u0151l f\u00fcgg. A gazd\u00e1k tulip\u00e1n- \u00e9s n\u00e1rciszhagym\u00e1s \u00fcltetv\u00e9nyeket gondoznak a rekultiv\u00e1lt \u00e1gy\u00e1sokon, ahol a talaj gazdags\u00e1ga \u00e9s a m\u00e9rs\u00e9kelt tengeri \u00e9ghajlat tette Hollandi\u00e1t a vil\u00e1g m\u00e1sodik legnagyobb \u00e9lelmiszer-export\u0151r\u00e9v\u00e9 \u00e9rt\u00e9k szerint.<\/p>\n<p>A v\u00e1rosi \u00e9let az orsz\u00e1g n\u00e9gy f\u0151 v\u00e1ros\u00e1ban bontakozik ki a leg\u00e9l\u00e9nkebben. A mintegy 900 000 lakos\u00fa Amszterdamot csatorn\u00e1k h\u00e1l\u00f3zz\u00e1k be, \u00e9s keskeny, oromzatos h\u00e1zak hat\u00e1rozz\u00e1k meg, amelyek homlokzata enyh\u00e9n a v\u00edz fel\u00e9 hajlik. A v\u00e1ros utc\u00e1i \u00e9s v\u00edzi \u00fatjai hemzsegnek a ker\u00e9kp\u00e1rokt\u00f3l \u2013 t\u00f6bb mint 18 milli\u00f3 az orsz\u00e1gban, minden f\u00e9rfira, n\u0151re \u00e9s gyermekre jut egy \u2013, m\u00e9gis a villamosok \u00e9s kompok pontos gyakoris\u00e1ggal sz\u00e1ll\u00edtj\u00e1k az ing\u00e1z\u00f3kat. Rotterdam ezzel szemben a h\u00e1bor\u00fas \u00fajj\u00e1\u00e9p\u00edt\u00e9s sebeit \u00e9s diadalait viseli mag\u00e1n: l\u00e1tk\u00e9pe az avantg\u00e1rd \u00e9p\u00edt\u00e9szetet a hatalmas kik\u00f6t\u0151i l\u00e9tes\u00edtm\u00e9nyekkel \u00f6tv\u00f6zi, amelyek Eur\u00f3pa legnagyobbjai. H\u00e1ga, a korm\u00e1ny sz\u00e9khelye, a lombos sug\u00e1rutak, a fens\u00e9ges nagyk\u00f6vets\u00e9gek \u00e9s a nemzetk\u00f6zi b\u00edr\u00f3s\u00e1gok v\u00e1rosa, amelyek felett glob\u00e1lis k\u00f6vetkezm\u00e9nyekkel j\u00e1r\u00f3 vit\u00e1k bontakoznak ki. Utrecht, amelynek k\u00f6z\u00e9ppontj\u00e1ban egy k\u00f6z\u00e9pkori sz\u00e9kesegyh\u00e1z tornya \u00e1ll, csendesebb b\u00e1jjal rendelkezik, rakpartjait k\u00e1v\u00e9z\u00f3kk\u00e1 \u00e9s k\u00f6nyvesboltokk\u00e1 alak\u00edtott\u00e1k \u00e1t, amelyek az Oudegracht-csatorn\u00e1t szeg\u00e9lyezik.<\/p>\n<p>A t\u00e1rsadalmi halad\u00e1s r\u00e9g\u00f3ta a holland k\u00f6z\u00e9let egyik sarokk\u00f6ve. A n\u0151k szavazati joga 1919-ben \u00e9rkezett, \u00e9s 2001-ben a holland parlament \u2013 \u200b\u200baz els\u0151 nemzetk\u00e9nt, amely ezt megtette \u2013 lehet\u0151v\u00e9 tette a h\u00e1zass\u00e1gk\u00f6t\u00e9st az azonos nem\u0171 p\u00e1rok sz\u00e1m\u00e1ra. A szab\u00e1lyozott prostit\u00faci\u00f3val, az eutan\u00e1zi\u00e1val \u00e9s a k\u00f6nny\u0171 drogok haszn\u00e1lat\u00e1val kapcsolatos liber\u00e1lis megk\u00f6zel\u00edt\u00e9s egy\u00fctt \u00e9l a szil\u00e1rd szoci\u00e1lis biztons\u00e1gi h\u00e1l\u00f3kkal \u00e9s a m\u00e9lyen gy\u00f6kerez\u0151 kompromisszumk\u00e9szs\u00e9ggel \u2013 egy olyan ethosszal, amely a konszenzusos politik\u00e1t\u00f3l az \u00e1rv\u00edzv\u00e9delemmel megb\u00edzott helyi v\u00edz\u00fcgyi test\u00fcletekig terjed. Az oszloposod\u00e1s, a t\u00e1rsadalom t\u00f6rt\u00e9nelmi feloszt\u00e1sa vall\u00e1si \u00e9s ideol\u00f3giai blokkokra, nagyr\u00e9szt elhalv\u00e1nyult, de a tolerancia \u00f6r\u00f6ks\u00e9ge tov\u00e1bb \u00e9l a d\u00e9li gyakorl\u00f3 katolikusok, a keleti protest\u00e1ns k\u00f6z\u00f6ss\u00e9gek, a nyugati vil\u00e1gi v\u00e1rosiak \u00e9s az \u00e9szaki fr\u00edz ajk\u00fa gazd\u00e1k k\u00f6z\u00f6tti mindennapi tal\u00e1lkoz\u00e1sokban.<\/p>\n<p>A v\u00e1rosokon k\u00edv\u00fcl huszonegy nemzeti park \u00e9s t\u00f6bb sz\u00e1z rezerv\u00e1tum \u0151rzi az atlanti vegyes erd\u0151k, hang\u00e1s ter\u00fcletek \u00e9s part menti d\u0171n\u00e9k darabjait. A Staatsbosbeheer, a nemzeti erd\u00e9szeti szolg\u00e1lat, \u00e9s a Natuurmonumenten, egy mag\u00e1n term\u00e9szetv\u00e9delmi alap\u00edtv\u00e1ny, olyan erd\u0151ket kezel, amelyek a v\u00e1ndormadarak \u00e9s a szarvascsord\u00e1k sz\u00e1m\u00e1ra ny\u00fajtanak \u00e9letet. Az orsz\u00e1g erd\u0151\u00e1llom\u00e1ny\u00e1nak integrit\u00e1sa azonban glob\u00e1lis \u00f6sszehasonl\u00edt\u00e1sban alacsony, az \u0151serd\u0151k utols\u00f3 nyomait a tizenkilencedik sz\u00e1zad v\u00e9g\u00e9re kiv\u00e1gt\u00e1k. A mez\u0151gazdas\u00e1gi intenzit\u00e1sn\u00f6veked\u00e9s \u00e9s a nitrog\u00e9nszennyez\u00e9s s\u00falyosb\u00edtotta a rovarpopul\u00e1ci\u00f3k cs\u00f6kken\u00e9s\u00e9t \u2013 a becsl\u00e9sek szerint az 1990-es \u00e9vek \u00f3ta h\u00e1romnegyed\u00e9vel cs\u00f6kkent \u2013, ami meg\u00fajult er\u0151fesz\u00edt\u00e9seket s\u00fcrgetett a gazd\u00e1lkod\u00e1si m\u00f3dszerek \u00e1talak\u00edt\u00e1s\u00e1ra \u00e9s a vadvir\u00e1gszeg\u00e9lyek helyre\u00e1ll\u00edt\u00e1s\u00e1ra.<\/p>\n<p>Hollandia, amely a tizenhatodik sz\u00e1zad \u00f3ta tengeri nemzet, vagyon\u00e1t a tenger\u00e9szetre \u00e9s a kereskedelemre \u00e9p\u00edtette. Az 1602-ben alap\u00edtott Holland Kelet-indiai T\u00e1rsas\u00e1g \u00fatt\u00f6r\u0151 szerepet j\u00e1tszott a v\u00e1llalati strukt\u00far\u00e1k \u00e9s a glob\u00e1lis kereskedelem kialak\u00edt\u00e1s\u00e1ban, haj\u00f3i pedig Amszterdamot \u00c1zsi\u00e1val k\u00f6t\u00f6tt\u00e9k \u00f6ssze. Ma olyan nemzetk\u00f6zi c\u00e9gek, mint a KLM \u00e9s a Heineken tartj\u00e1k fenn az orsz\u00e1g jelenl\u00e9t\u00e9t a rep\u00fcl\u00e9s \u00e9s a s\u00f6rf\u0151z\u00e9s ter\u00fclet\u00e9n, m\u00edg a Randstad tov\u00e1bbra is a vil\u00e1g legnagyobb munkaer\u0151-k\u00f6lcs\u00f6nz\u0151 \u00fcgyn\u00f6ks\u00e9gei k\u00f6z\u00e9 tartozik. Vegyipari finom\u00edt\u00f3k \u00e9s nagy prec\u00edzi\u00f3s g\u00e9pgy\u00e1rak tal\u00e1lhat\u00f3k Rotterdam dokkoi k\u00f6zel\u00e9ben, a m\u0171holdas navig\u00e1ci\u00f3s rendszerek pedig a holland m\u00e9rn\u00f6ki tudom\u00e1nyok technol\u00f3giai jegyeit viselik magukon. A Sv\u00e1jci Vezet\u00e9sfejleszt\u00e9si Int\u00e9zet a gazdas\u00e1got a vil\u00e1g legversenyk\u00e9pesebbjei k\u00f6z\u00e9 sorolja, a Global Enabling Trade Report pedig kiemeli az orsz\u00e1g logisztikai k\u00e9pess\u00e9geit.<\/p>\n<p>A k\u00f6zleked\u00e9s figyelemre m\u00e9lt\u00f3 s\u0171r\u0171s\u00e9ggel \u00e1tsz\u00f6vi a holland \u00e9let minden ter\u00fclet\u00e9t. Az aut\u00f3k az \u00f6sszes utaz\u00e1s fel\u00e9t \u00e9s a megtett t\u00e1vols\u00e1g hetven\u00f6t sz\u00e1zal\u00e9k\u00e1t teszik ki, m\u00e9gis csak minden negyedik ember ker\u00e9kp\u00e1rral k\u00f6zlekedik \u2013 ez az \u00e1lland\u00f3 szimb\u00f3lum r\u00e1c\u00e1fol a k\u00f6z\u00fati infrastrukt\u00fara m\u00e9reteire. A kijel\u00f6lt ker\u00e9kp\u00e1rutak t\u00f6bb mint 22 000 km hosszan h\u00faz\u00f3dnak, gyakran fizikailag elk\u00fcl\u00f6n\u00edtve a g\u00e9pj\u00e1rm\u0171forgalomt\u00f3l; 2019-ben az orsz\u00e1g adott otthont az Eur\u00f3pai Uni\u00f3 elektromos j\u00e1rm\u0171t\u00f6lt\u0151 \u00e1llom\u00e1sainak k\u00f6zel egyharmad\u00e1nak. A vonatok mintegy 3013 km hossz\u00fa p\u00e1ly\u00e1t fednek le, t\u00f6bb mint 400 \u00e1llom\u00e1st k\u00f6tnek \u00f6ssze olyan gyakoris\u00e1ggal, amely \u00f3r\u00e1nk\u00e9nt nyolc indul\u00e1st is el\u00e9rhet a legforgalmasabb folyos\u00f3kon. A belv\u00edzi utak tov\u00e1bbra is l\u00e9tfontoss\u00e1g\u00fa art\u00e9ri\u00e1k az \u00e1rufuvaroz\u00e1s sz\u00e1m\u00e1ra, \u00e9s a rotterdami kik\u00f6t\u0151 p\u00e1ratlan m\u00e9rt\u00e9kben kezeli a petrolk\u00e9miai term\u00e9keket \u00e9s az \u00e1ltal\u00e1nos rakom\u00e1nyt Kelet-\u00c1zsia nyugat\u00e1t\u00f3l.<\/p>\n<p>Az amszterdami Schiphol rep\u00fcl\u0151t\u00e9r, amely a v\u00e1rosk\u00f6zpontt\u00f3l d\u00e9lnyugatra fekszik, Eur\u00f3pa harmadik legforgalmasabb rep\u00fcl\u0151tere az utasforgalom alapj\u00e1n. A Karib-t\u00e9rs\u00e9gben minden sziget saj\u00e1t lesz\u00e1ll\u00f3p\u00e1ly\u00e1val rendelkezik, k\u00f6zt\u00fck a vil\u00e1g legr\u00f6videbb kereskedelmi kifut\u00f3p\u00e1ly\u00e1j\u00e1val, Sab\u00e1n. Kis kompok sz\u00e1ll\u00edtj\u00e1k a helyieket a sz\u00e1razf\u00f6ld \u00e9s a Watt-tenger szigetei, p\u00e9ld\u00e1ul Texel k\u00f6z\u00f6tt, ahol a v\u00e9dett iszaplaposok d\u0171n\u00e9kkel szeg\u00e9lyezett strandokkal tal\u00e1lkoznak. Sokak sz\u00e1m\u00e1ra a k\u00f6zleked\u00e9si m\u00f3dok az \u00e9lm\u00e9ny r\u00e9sz\u00e9v\u00e9 v\u00e1lnak: egy ker\u00e9kp\u00e1rt\u00fara Zeeland g\u00e1tjain, egy vonatoz\u00e1s a Zuid-Kennemerland homokd\u0171n\u00e9in, vagy egy csatornakir\u00e1ndul\u00e1s Amszterdam tizenh\u00e1romsz\u00e1z h\u00eddja alatt.<\/p>\n<p>A holland konyham\u0171v\u00e9szet meg\u0151rizte az agr\u00e1r\u00e9let jegyeit: gazdag tejterm\u00e9kek, kiad\u00f3s kenyerek \u00e9s egyszer\u0171 f\u0151\u00e9telek burgony\u00e1b\u00f3l, h\u00fasokb\u00f3l \u00e9s z\u00f6lds\u00e9gekb\u0151l. A reggelik leggyakrabban sajttal vagy p\u00e1colt h\u00fasokkal megkent keny\u00e9rb\u0151l \u00e1llnak, a reggeliz\u0151pelyhek pedig els\u0151sorban a v\u00e1rosi h\u00e1ztart\u00e1sokban jelennek meg. A vacsora tov\u00e1bbra is a nap f\u0151 \u00e9tkez\u00e9se, amelyet otthon fogyasztanak el a csal\u00e1ddal, vagy olyan \u00e9ttermekben, ahol a helyi szak\u00e1csok szezon\u00e1lis term\u00e9kekkel \u00e9rtelmezik \u00fajra a paraszti \u00e9teleket. Region\u00e1lis k\u00fcl\u00f6nbs\u00e9gek mutatkoznak: az angolnap\u00f6rk\u00f6ltek Fr\u00edzf\u00f6ld\u00f6n, a t\u00f6lt\u00f6tt palacsint\u00e1k Limburgban \u00e9s a brabanti kolb\u00e1szok mind a helyi t\u00f6rt\u00e9nelem \u00e9s a talaj lenyomat\u00e1t viselik magukon.<\/p>\n<p>A m\u0171v\u00e9szet \u00e9s az \u00e9p\u00edt\u00e9szet egy m\u00e1sik n\u00e9z\u0151pontot nyit a holland kult\u00far\u00e1ra. Az amszterdami Rijksmuseum \u00e9s Van Gogh M\u00fazeum Rembrandt, Vermeer \u00e9s Van Gogh remekm\u0171veit \u0151rzi, m\u00edg a kisebb int\u00e9zm\u00e9nyek, mint p\u00e9ld\u00e1ul az utrechti Rietveld Schr\u00f6der-h\u00e1z, a kora modern formatervez\u00e9st p\u00e9ld\u00e1zz\u00e1k. Delfthez hasonl\u00f3 v\u00e1rosok meg\u0151rizt\u00e9k a csatornaparti keresked\u0151negyedeket \u00e9s a Royal Delft fazekasm\u0171helyt, ahol a kobaltk\u00e9k csemp\u00e9ket m\u00e9g mindig k\u00e9zzel festik. Minden v\u00e1rosban tal\u00e1lkozhatunk egy \u00e9vsz\u00e1zados templomtoronnyal vagy polg\u00e1rh\u00e1zzal, amely egy olyan id\u0151szak eml\u00e9ke, amikor a v\u00e1ros\u00e1llamok a kereskedelmi \u00fatvonalak\u00e9rt \u00e9s a m\u0171v\u00e9szeti mec\u00e9n\u00e1sok\u00e9rt versengtek.<\/p>\n<p>A fesztiv\u00e1lok sz\u00ednes\u00edtik a napt\u00e1rat \u00e9s vonzz\u00e1k a k\u00f6z\u00f6ss\u00e9geket a szabadba. \u00c1prilis 27-\u00e9n az orsz\u00e1g utcai piacokkal, f\u00fav\u00f3szenekarokkal \u00e9s narancss\u00e1rga ruh\u00e1k tenger\u00e9vel \u00fcnnepli a Kir\u00e1ly napj\u00e1t, m\u00edg a d\u00e9li tartom\u00e1nyokban a karnev\u00e1l feleleven\u00edti a k\u00f6z\u00e9pkori par\u00e1d\u00e9t a nagyb\u00f6jt el\u0151tt. A zenei fesztiv\u00e1lok a rotterdami \u00c9szaki-tengeri Jazzfesztiv\u00e1lt\u00f3l a Dance Valley-ben \u00e9s a Defqonban megrendezett elektronikus t\u00e1ncos \u00f6sszej\u00f6vetelekig terjednek, mindegyik t\u00fckr\u00f6zi a hollandok \u00fcnnep\u00e9lyess\u00e9g \u00e9s lelkesed\u00e9s ir\u00e1nti ig\u00e9ny\u00e9t. A focitorn\u00e1k \u00e9s a Nijmegeni N\u00e9gynapos Menetel\u00e9s \u2013 egy t\u00f6bbnapos gyalogos esem\u00e9ny, amely t\u00edzezreket vonz \u2013 al\u00e1h\u00fazza a nyilv\u00e1nos r\u00e9szv\u00e9tel ir\u00e1nti kollekt\u00edv lelkesed\u00e9st.<\/p>\n<p>Eur\u00f3pa lapos foly\u00f3delt\u00e1j\u00e1n t\u00fal a h\u00e1rom holland karibi sziget m\u00e1sfajta hangulatot \u00e1raszt. Aruba \u00e9s Cura\u00e7ao sz\u00e1raz t\u00e1jakkal \u00e9s az afro-karibi, latin \u00e9s eur\u00f3pai hat\u00e1sok f\u00fazi\u00f3j\u00e1val b\u00fcszk\u00e9lkedhet. Sint Maarten egy szigetet oszt meg a francia tengerent\u00fali Saint-Martin k\u00f6z\u00f6ss\u00e9ggel, holland oldal\u00e1t pasztellsz\u00edn\u0171 vill\u00e1k \u00e9s v\u00e1mmentes \u00fczletek hat\u00e1rozz\u00e1k meg. Saba \u00e9s Sint Eustatius vulkanikus vonalakat \u0151riznek, cs\u00facsaikat es\u0151erd\u0151 bor\u00edtja, strandjaikat pedig korallz\u00e1tonyok \u00f6vezik. A v\u00edz alatt Klein Bonaire tengeri parkja tengeri tekn\u0151s\u00f6knek \u00e9s papag\u00e1jhalaknak ad otthont \u2013 Hollandia f\u00e9ltek\u00e9ken \u00e1t\u00edvel\u0151 gondnoks\u00e1g\u00e1nak kiterjeszt\u00e9sek\u00e9nt.<\/p>\n<p>Az utaz\u00f3 sz\u00e1m\u00e1ra, aki nincs hozz\u00e1szokva az ilyen v\u00e1ltozatoss\u00e1ghoz egy ilyen s\u0171r\u0171 nemzetben, a polderek \u00e9s p\u00e1lmaf\u00e1k, a ker\u00e9kp\u00e1rutak \u00e9s a korallz\u00e1tonyok k\u00f6z\u00f6tti kontraszt egyszerre \u00e1rulkodik a m\u00e9retgazdas\u00e1goss\u00e1gr\u00f3l \u00e9s a hely ir\u00e1nti elk\u00f6telezetts\u00e9gr\u0151l. A v\u00edz feletti holland uralom \u2013 a megszel\u00edd\u00edt\u00e9se, az energia- \u00e9s k\u00f6zleked\u00e9si c\u00e9l\u00fa felhaszn\u00e1l\u00e1sa, valamint a folyamatos fenyeget\u00e9s \u2013 \u00e1thatja a nemzeti lelket. Minden g\u00e1t t\u00f6rt\u00e9netet, minden csatorna a kereskedelem \u00e9s a k\u00f6z\u00f6ss\u00e9g eml\u00e9k\u00e9t hordozza. M\u00e9g a p\u00e9nznem, az eur\u00f3, a centekre osztva \u00e9s legfeljebb k\u00e9teur\u00f3s \u00e9rm\u00e9kkel kiadva is, pragmatikus egyszer\u0171s\u00e9get t\u00fckr\u00f6z: az orsz\u00e1g tart\u00f3zkodott a nagy \u00e9rt\u00e9k\u0171 bankjegyekt\u0151l, hogy megakad\u00e1lyozza az illeg\u00e1lis p\u00e9nzmozg\u00e1sokat, \u00e9s a bankautomat\u00e1k ritk\u00e1n k\u00edn\u00e1lnak \u00f6tveneur\u00f3sn\u00e1l t\u00f6bb bankjegyet.<\/p>\n<p>A tranzakci\u00f3k 94 sz\u00e1zal\u00e9k\u00e1t hitel- \u00e9s bankk\u00e1rty\u00e1kkal bonyol\u00edtj\u00e1k le, amelyek t\u00f6bbs\u00e9ge \u00e9rint\u00e9smentes; a k\u00e9szp\u00e9nz els\u0151sorban az \u00fcd\u00edt\u0151ital-automat\u00e1kban \u00e9s a piaci napokon az utcai \u00e1rusok kez\u00e9ben marad meg. Az \u00e9ttermekben \u00e9s sz\u00e1llod\u00e1kban az \u00e1rak tartalmazz\u00e1k az \u00e1ltal\u00e1nos forgalmi ad\u00f3t \u00e9s az idegenforgalmi ad\u00f3t, a borraval\u00f3 pedig ink\u00e1bb a megbecs\u00fcl\u00e9s, mint a k\u00f6telezetts\u00e9g gesztusa. Az \u00fajrahasznos\u00edt\u00f3 \u00e1llom\u00e1sok n\u00e9h\u00e1ny eur\u00f3cent\u00e9rt cser\u00e9be elfogadj\u00e1k az \u00fcres palackokat \u00e9s dobozokat, meger\u0151s\u00edtve az \u00fajrafelhaszn\u00e1l\u00e1s kultur\u00e1lis ethosz\u00e1t, amely a szupermarketek visszagy\u0171jt\u0151 kuk\u00e1it\u00f3l a gondosan v\u00e1logatott h\u00e1ztart\u00e1si hullad\u00e9kig terjed.<\/p>\n<p>Az emberi fejl\u0151d\u00e9s \u00e9s a k\u00f6rnyezetv\u00e9delem itt fesz\u00fclts\u00e9ggel k\u00fczd. Az intenz\u00edv mez\u0151gazdas\u00e1g t\u00e1pl\u00e1lja a vil\u00e1got, mik\u00f6zben nitrog\u00e9nt bocs\u00e1t ki a leveg\u0151be \u00e9s a v\u00edzbe; a v\u00e1rosi terjeszked\u00e9s nyom\u00e1st gyakorol a term\u00e9szetv\u00e9delmi ter\u00fcletekre, mik\u00f6zben a parkok \u00e9s d\u0171n\u00e9k visszah\u00faz\u00f3dnak az \u00faj lak\u00f3h\u00e1zak el\u0151l. Hollandia tal\u00e1l\u00e9konys\u00e1ga azonban tov\u00e1bbra is fenn\u00e1ll: a r\u00e9gi \u00e1rterek visszavonultat\u00e1s\u00e1ra, a vadon \u00e9l\u0151bb legel\u0151k bevezet\u00e9s\u00e9re \u00e9s az alacsony nitrog\u00e9ntartalm\u00fa m\u0171tr\u00e1gy\u00e1k k\u00eds\u00e9rleti alkalmaz\u00e1s\u00e1ra ir\u00e1nyul\u00f3 k\u00eds\u00e9rleti programok c\u00e9lja az \u00e9lelmiszertermel\u00e9s \u00e9s az \u00f6kosziszt\u00e9ma eg\u00e9szs\u00e9g\u00e9nek \u00f6sszeegyeztet\u00e9se. Egyetemein \u00e9s kutat\u00f3int\u00e9zeteiben holland tud\u00f3sok \u00fatt\u00f6r\u0151 megold\u00e1sokat tal\u00e1lnak az \u00e9ghajlatv\u00e1ltoz\u00e1shoz val\u00f3 alkalmazkod\u00e1s \u00e9s a v\u00edz\u00e9p\u00edt\u00e9s ter\u00fclet\u00e9n, amelyek nemzetk\u00f6zi elismer\u00e9st v\u00edvtak ki.<\/p>\n<p>E kis nemzet sz\u00edv\u00e9ben egy bizonyos tiszta c\u00e9l rejlik: harm\u00f3ni\u00e1ban \u00e9lni a f\u00f6ldrajzzal, ahelyett, hogy makacs ellenkez\u00e9sben \u00e1lln\u00e1nk. M\u00edg a m\u00falt gener\u00e1ci\u00f3i sz\u00e9lmalmokat \u00e9s szivatty\u00fakat haszn\u00e1ltak a tenger t\u00e1vol tart\u00e1s\u00e1ra, a mai polg\u00e1rok az adatokat \u00e9s a tervez\u00e9st haszn\u00e1lj\u00e1k fel a fenntarthat\u00f3bb \u00e9letm\u00f3dok kialak\u00edt\u00e1s\u00e1ra. Az \u00e9let ritmus\u00e1t tov\u00e1bbra is az \u00e9vszakok \u00e9s a ferde napf\u00e9ny, a tavaszi vir\u00e1ghagym\u00e1k kib\u00faj\u00e1sa \u00e9s a t\u00e9li korai naplement\u00e9k jellemzik. Ezeken a ciklusokon bel\u00fcl Hollandia lehet\u0151s\u00e9get k\u00edn\u00e1l arra, hogy megfigyelj\u00fck, hogyan saj\u00e1t\u00edtotta el egy n\u00e9p r\u00e9g\u00f3ta az egyens\u00faly m\u0171v\u00e9szet\u00e9t \u2013 a f\u00f6ld \u00e9s a v\u00edz, a hagyom\u00e1ny \u00e9s az innov\u00e1ci\u00f3, az egy\u00e9ni jogok \u00e9s a kollekt\u00edv felel\u0151ss\u00e9g k\u00f6z\u00f6tt.<\/p>\n<p>V\u00e1rosaiban \u00e9s mez\u0151in, partjain \u00e9s szigetein az orsz\u00e1g egyszerre mutatja meg a t\u00f6rt\u00e9nelem s\u00faly\u00e1t \u00e9s a modernit\u00e1s lend\u00fclet\u00e9t. Nem hirdeti mag\u00e1t idillnek, hanem arra k\u00e9sztet, hogy elgondolkodjunk azon, hogyan tudnak fennmaradni a k\u00f6z\u00f6ss\u00e9gek, amikor az egy\u00fcttm\u0171k\u00f6d\u00e9st a konfliktusok f\u00f6l\u00e9 helyezik. B\u00e1rmely l\u00e1togat\u00f3 sz\u00e1m\u00e1ra, aki a puszta l\u00e1tv\u00e1nyoss\u00e1gn\u00e1l t\u00f6bbet keres \u2013 ehelyett egy v\u00edz, a kereskedelem \u00e9s a tudatos tolerancia \u00e1ltal form\u00e1lt t\u00e1rsadalom k\u00f6rvonalait kutatja \u2013, Hollandia a lehet\u0151s\u00e9gek laborat\u00f3riumak\u00e9nt bontakozik ki, egy nemzetk\u00e9nt, amely csendben meghat\u00e1rozza j\u00f6v\u0151j\u00e9t azon a ter\u00fcleten, amely egykor a tenger volt.<\/p>","protected":false},"excerpt":{"rendered":"<p>Az \u00c9szaknyugat-Eur\u00f3p\u00e1ban tal\u00e1lhat\u00f3 Hollandia 41 850 n\u00e9gyzetkilom\u00e9ter (16 160 n\u00e9gyzetm\u00e9rf\u00f6ld) ter\u00fcleten t\u00f6bb mint 18 milli\u00f3 egyedb\u0151l \u00e1ll. Ez a s\u0171r\u0171n lakott orsz\u00e1g a 33. helyen \u00e1ll a vil\u00e1gon a n\u00e9ps\u0171r\u0171s\u00e9g tekintet\u00e9ben, n\u00e9gyzetkilom\u00e9terenk\u00e9nt 535 egyed \u00e9l\u00e9vel (1390 egyed n\u00e9gyzetm\u00e9rf\u00f6ld\u00f6nk\u00e9nt). Szer\u00e9ny, 33 500 n\u00e9gyzetkilom\u00e9teres ter\u00fclete ellen\u00e9re Hollandia glob\u00e1lisan kiemelked\u0151 entit\u00e1ss\u00e1 v\u00e1lt, k\u00fcl\u00f6n\u00f6sen a mez\u0151gazdas\u00e1g, a politika \u00e9s a t\u00e1rsadalmi fejl\u0151d\u00e9s ter\u00e9n.<\/p>","protected":false},"author":1,"featured_media":3415,"parent":24078,"menu_order":0,"comment_status":"closed","ping_status":"closed","template":"elementor_theme","meta":{"_eb_attr":"","footnotes":""},"class_list":["post-12330","page","type-page","status-publish","has-post-thumbnail"],"_links":{"self":[{"href":"https:\/\/travelshelper.com\/hu\/wp-json\/wp\/v2\/pages\/12330","targetHints":{"allow":["GET"]}}],"collection":[{"href":"https:\/\/travelshelper.com\/hu\/wp-json\/wp\/v2\/pages"}],"about":[{"href":"https:\/\/travelshelper.com\/hu\/wp-json\/wp\/v2\/types\/page"}],"author":[{"embeddable":true,"href":"https:\/\/travelshelper.com\/hu\/wp-json\/wp\/v2\/users\/1"}],"replies":[{"embeddable":true,"href":"https:\/\/travelshelper.com\/hu\/wp-json\/wp\/v2\/comments?post=12330"}],"version-history":[{"count":0,"href":"https:\/\/travelshelper.com\/hu\/wp-json\/wp\/v2\/pages\/12330\/revisions"}],"up":[{"embeddable":true,"href":"https:\/\/travelshelper.com\/hu\/wp-json\/wp\/v2\/pages\/24078"}],"wp:featuredmedia":[{"embeddable":true,"href":"https:\/\/travelshelper.com\/hu\/wp-json\/wp\/v2\/media\/3415"}],"wp:attachment":[{"href":"https:\/\/travelshelper.com\/hu\/wp-json\/wp\/v2\/media?parent=12330"}],"curies":[{"name":"wp","href":"https:\/\/api.w.org\/{rel}","templated":true}]}}