{"id":12305,"date":"2024-09-15T22:10:07","date_gmt":"2024-09-15T22:10:07","guid":{"rendered":"https:\/\/travelshelper.com\/staging\/?page_id=12305"},"modified":"2026-03-12T18:44:28","modified_gmt":"2026-03-12T18:44:28","slug":"eszak-macedonia","status":"publish","type":"page","link":"https:\/\/travelshelper.com\/hu\/destinations\/europe\/north-macedonia\/","title":{"rendered":"\u00c9szak-Maced\u00f3nia"},"content":{"rendered":"<p>Az \u00c9szak-Maced\u00f3nia K\u00f6zt\u00e1rsas\u00e1g a Balk\u00e1n-f\u00e9lsziget d\u00e9li r\u00e9sz\u00e9n fekv\u0151, tengerparttal nem rendelkez\u0151 ter\u00fcleten fekszik, k\u00f6r\u00fclbel\u00fcl 25 436 n\u00e9gyzetkilom\u00e9teren. Az \u00e9szaki sz\u00e9less\u00e9g 40\u00b0 \u00e9s 43\u00b0, valamint a keleti hossz\u00fas\u00e1g 20\u00b0 \u00e9s 23\u00b0 k\u00f6z\u00f6tt helyezkedik el, \u00e9s a t\u00f6rt\u00e9nelmileg Maced\u00f3nia n\u00e9ven ismert t\u00e1gabb f\u00f6ldrajzi r\u00e9gi\u00f3 \u00e9szaki harmad\u00e1t alkotja. Az orsz\u00e1got \u00e9szakon Szerbia, \u00e9szaknyugaton Koszov\u00f3, nyugaton Alb\u00e1nia, d\u00e9len G\u00f6r\u00f6gorsz\u00e1g, keleten pedig Bulg\u00e1ria hat\u00e1rolja, teljes sz\u00e1razf\u00f6ldi hat\u00e1ra mintegy 748 kilom\u00e9ter. Szkopje, az orsz\u00e1g f\u0151v\u00e1rosa \u00e9s legnagyobb v\u00e1rosi k\u00f6zpontja, a lakoss\u00e1g nagyj\u00e1b\u00f3l egynegyed\u00e9t tartja fenn, amely meghaladja az 1,83 milli\u00f3 lakost. A demogr\u00e1fiai t\u00f6bbs\u00e9get a d\u00e9lszl\u00e1v maced\u00f3n n\u00e9p alkotja, m\u00edg az alb\u00e1nok a lakoss\u00e1g k\u00f6r\u00fclbel\u00fcl egynegyed\u00e9t alkotj\u00e1k; a kisebb k\u00f6z\u00f6ss\u00e9gek k\u00f6z\u00e9 tartoznak a t\u00f6r\u00f6k\u00f6k, rom\u00e1k, szerbek, bosny\u00e1kok, arom\u00e1nok \u00e9s m\u00e1s csoportok.<\/p>\n<p>Az emberi telep\u00fcl\u00e9sek feljegyz\u00e9sei a ma \u00c9szak-Maced\u00f3nia n\u00e9ven ismert ter\u00fcleten az \u00f3kori Pai\u00f3nia kir\u00e1lys\u00e1gig ny\u00falnak vissza. Az i. e. 6. sz\u00e1zad v\u00e9g\u00e9n a r\u00e9gi\u00f3 az Akhaimenida perzs\u00e1k uralma al\u00e1 ker\u00fclt, majd az i. e. 4. sz\u00e1zadban a vir\u00e1gz\u00f3 Maced\u00f3nia Kir\u00e1lys\u00e1g r\u00e9sz\u00e9v\u00e9 v\u00e1lt. A R\u00f3mai K\u00f6zt\u00e1rsas\u00e1g az i. e. 2. sz\u00e1zadban annekt\u00e1lta a ter\u00fcletet, integr\u00e1lva azt Maced\u00f3nia tartom\u00e1nyba. A r\u00f3mai birodalom feloszt\u00e1s\u00e1t k\u00f6vet\u0151en a ter\u00fclet biz\u00e1nci fennhat\u00f3s\u00e1g alatt maradt, a szl\u00e1v t\u00f6rzsek ism\u00e9telt bet\u00f6r\u00e9sei \u00e9s leteleped\u00e9sei ellen\u00e9re a 6. sz\u00e1zadt\u00f3l kezd\u0151d\u0151en. Az elk\u00f6vetkez\u0151 \u00e9vsz\u00e1zadokban az ellen\u0151rz\u00e9s a verseng\u0151 bolg\u00e1r, biz\u00e1nci \u00e9s szerb politik\u00e1k k\u00f6z\u00f6tt ingadozott, m\u00edg az Oszm\u00e1n Birodalom a 14. sz\u00e1zad k\u00f6zep\u00e9n bekebelezte a r\u00e9gi\u00f3t. Az oszm\u00e1n uralom a 20. sz\u00e1zad elej\u00e9ig tartott, amikor az 1912-es \u00e9s 1913-as balk\u00e1ni h\u00e1bor\u00fak \u00c9szak-Maced\u00f3nia modern hat\u00e1rait szerb szuverenit\u00e1s al\u00e1 helyezt\u00e9k.<\/p>\n<p>A huszadik sz\u00e1zadi felfordul\u00e1sok tov\u00e1bbi v\u00e1ltoz\u00e1sokat hoztak a korm\u00e1nyz\u00e1sban. Az els\u0151 vil\u00e1gh\u00e1bor\u00fa alatt Bulg\u00e1ria igazgatta a ter\u00fcletet, de a h\u00e1bor\u00fa v\u00e9ge vissza\u00e1ll\u00edtotta a szerb uralmat az \u00fajonnan megalakult Szerb, Horv\u00e1t \u00e9s Szlov\u00e9n Kir\u00e1lys\u00e1gon bel\u00fcl. A m\u00e1sodik vil\u00e1gh\u00e1bor\u00faban az ir\u00e1ny\u00edt\u00e1s ism\u00e9t Bulg\u00e1ri\u00e1hoz ker\u00fclt, \u00e9s a Jugoszl\u00e1v Szocialista Sz\u00f6vets\u00e9gi K\u00f6zt\u00e1rsas\u00e1g 1945-\u00f6s megalakul\u00e1s\u00e1val a r\u00e9gi\u00f3 annak hat alkot\u00f3 k\u00f6zt\u00e1rsas\u00e1g\u00e1nak egyik\u00e9v\u00e9 v\u00e1lt. Az 1991-es b\u00e9k\u00e9s elszakad\u00e1s teljes f\u00fcggetlens\u00e9get eredm\u00e9nyezett, \u00e9s 1993-ban az orsz\u00e1g csatlakozott az Egyes\u00fclt Nemzetek Szervezet\u00e9hez ideiglenesen \u201eMaced\u00f3nia Volt Jugoszl\u00e1v K\u00f6zt\u00e1rsas\u00e1g\u201d (FYR Maced\u00f3nia) n\u00e9ven, a G\u00f6r\u00f6gorsz\u00e1ggal folytatott n\u00e9vvita miatt. Elh\u00faz\u00f3d\u00f3 t\u00e1rgyal\u00e1sok ut\u00e1n a 2018-as preszpai meg\u00e1llapod\u00e1s feloldotta ezt a vit\u00e1t az \u00c9szak-Maced\u00f3nia K\u00f6zt\u00e1rsas\u00e1g hivatalos megnevez\u00e9s\u00e9vel, amely 2019 elej\u00e9n l\u00e9pett hat\u00e1lyba.<\/p>\n<p>\u00c9szak-Maced\u00f3nia f\u00fcggetlens\u00e9ge \u00f3ta t\u00f6rekszik az euroatlanti strukt\u00far\u00e1kba val\u00f3 integr\u00e1ci\u00f3ra. 2020-ban csatlakozott a NATO-hoz, \u00e9s tagja az Eur\u00f3pa Tan\u00e1csnak, a Vil\u00e1gbanknak, az Eur\u00f3pai Biztons\u00e1gi \u00e9s Egy\u00fcttm\u0171k\u00f6d\u00e9si Szervezetnek (EBESZ), a K\u00f6z\u00e9p-eur\u00f3pai Szabadkereskedelmi Meg\u00e1llapod\u00e1snak (CEFTA), a Fekete-tengeri Gazdas\u00e1gi Egy\u00fcttm\u0171k\u00f6d\u00e9si Szervezetnek (BSEC) \u00e9s a Kereskedelmi Vil\u00e1gszervezetnek (WTO). Az orsz\u00e1g, amely 2005 \u00f3ta az Eur\u00f3pai Uni\u00f3 tagjel\u00f6ltje, kiterjedt gazdas\u00e1gi reformokat hajtott v\u00e9gre a szocialista, k\u00f6zpontilag tervezett rendszerr\u0151l a ny\u00edlt piacgazdas\u00e1gra val\u00f3 \u00e1tt\u00e9r\u00e9s \u00e9rdek\u00e9ben. A Vil\u00e1gbank \u00e1ltal a fels\u0151-k\u00f6zepes j\u00f6vedelm\u0171 nemzetek k\u00f6z\u00e9 sorolt \u200b\u200b\u00c9szak-Maced\u00f3nia fejl\u0151d\u0151 orsz\u00e1g profillal rendelkezik, nagyon magas emberi fejletts\u00e9gi indexszel, alacsony j\u00f6vedelmi egyenl\u0151tlens\u00e9ggel, valamint \u00e1llamilag finansz\u00edrozott t\u00e1rsadalombiztos\u00edt\u00e1ssal, univerz\u00e1lis eg\u00e9szs\u00e9g\u00fcgyi ell\u00e1t\u00e1ssal \u00e9s ingyenes alap- \u00e9s k\u00f6z\u00e9pfok\u00fa oktat\u00e1ssal.<\/p>\n<p>\u00c9szak-Maced\u00f3nia domborzat\u00e1t a Vardar foly\u00f3 \u00e1ltal v\u00e1jt k\u00f6zponti v\u00f6lgy uralja, amelyet hegyvonulatok vesznek k\u00f6r\u00fcl. Az \u00e9szaknyugaton a \u0160ar-hegys\u00e9g \u00e9s d\u00e9lkeleten az Osogovo-Belasica-hegys\u00e9g k\u00f6z\u00f6tt h\u00faz\u00f3d\u00f3 terep nagyr\u00e9szt hegyes-v\u00f6lgyes. H\u00e1rom nagyobb t\u00f3 \u2013 Ohridi, Prespa \u00e9s Dojran \u2013 \u00f6leli \u00e1t az orsz\u00e1g d\u00e9li hat\u00e1rait, r\u00e9szben Alb\u00e1ni\u00e1val \u00e9s G\u00f6r\u00f6gorsz\u00e1ggal k\u00f6z\u00f6sen. Az Ohridi-t\u00f3 a vil\u00e1g legr\u00e9gebbi tavai k\u00f6z\u00e9 tartozik, egyed\u00fcl\u00e1ll\u00f3 v\u00edzi \u00f6kosziszt\u00e9m\u00e1j\u00e1val egy\u00fctt. A r\u00e9gi\u00f3 egy akt\u00edv szeizmikus z\u00f3n\u00e1ban fekszik; a legnevezetesebb, hogy egy puszt\u00edt\u00f3 f\u00f6ldreng\u00e9s 1963-ban s\u00falyosan megrong\u00e1lta Szkopj\u00e9t, \u00e9s t\u00f6bb mint 1000 hal\u00e1los \u00e1ldozatot k\u00f6vetelt.<\/p>\n<p>Az orsz\u00e1g domborzat\u00e1t k\u00e9t f\u0151 hegys\u00e9grendszer hat\u00e1rozza meg. A \u0160ar-hegys\u00e9g \u00e9s a Nyugat-Vardar\/Pelagonia-hegys\u00e9g, amely olyan cs\u00facsokat foglal mag\u00e1ban, mint a Baba-hegy, a Nid\u017ee, a Ko\u017euf \u00e9s a Jakupica, a Din\u00e1ri-hegys\u00e9g r\u00e9sz\u00e9t k\u00e9pezik, \u00e9s geol\u00f3giailag fiatalabbak \u00e9s magasabbak, mint az Osogovo\u2013Belasica (Rhodope) hegyl\u00e1nc. Az alb\u00e1n hat\u00e1ron tal\u00e1lhat\u00f3, 2764 m\u00e9ter magas Korab-hegy az orsz\u00e1g legmagasabb cs\u00facsa. V\u00edzrajzilag \u00c9szak-Maced\u00f3nia v\u00edzi \u00fatjai h\u00e1rom medenc\u00e9be \u00f6mlenek: az \u00c9gei-tengerbe, az Adriai-tengerbe \u00e9s a Fekete-tengerbe. Az \u00c9gei-tengeri medence mintegy 22 075 n\u00e9gyzetkilom\u00e9tert foglal mag\u00e1ban \u2013 a ter\u00fclet k\u00f6r\u00fclbel\u00fcl 87 sz\u00e1zal\u00e9k\u00e1t \u2013, a Vardar foly\u00f3 \u00f6nmag\u00e1ban a sz\u00e1razf\u00f6ldi ter\u00fclet 80 sz\u00e1zal\u00e9k\u00e1t vezeti el. Az Adriai-tenger medenc\u00e9je, amelyet a Fekete Drin foly\u00f3 hat\u00e1rol, \u00e9s a Prespa- \u00e9s az Ohridi-tavak t\u00e1pl\u00e1lnak, 3320 n\u00e9gyzetkilom\u00e9tert, azaz az orsz\u00e1g 13 sz\u00e1zal\u00e9k\u00e1t foglalja mag\u00e1ban. A Fekete-tenger medenc\u00e9je a legkisebb, mind\u00f6ssze 37 n\u00e9gyzetkilom\u00e9ternyi ter\u00fcletet foglal el a Skopska Crna Gora-hegyt\u0151l \u00e9szakra, a Bina\u010dka Morava \u00e9s a Morava-Duna rendszeren kereszt\u00fcl. A h\u00e1rom term\u00e9szetes tavan k\u00edv\u00fcl az orsz\u00e1gban mintegy \u00f6tven mesters\u00e9ges t\u00f3 tal\u00e1lhat\u00f3, \u00e9s kilenc f\u00fcrd\u0151v\u00e1rosnak \u00e9s \u00fcd\u00fcl\u0151helynek ad otthont, amelyek \u00e1sv\u00e1nyviz\u00fckr\u0151l h\u00edresek.<\/p>\n<p>\u00c9ghajlatilag \u00c9szak-Maced\u00f3nia n\u00e9gy \u00e9vszakot k\u00fcl\u00f6nb\u00f6ztet meg. A nyarak \u00e1ltal\u00e1ban melegek \u00e9s sz\u00e1razak, a h\u0151m\u00e9rs\u00e9klet id\u0151nk\u00e9nt 40 \u00b0C-ig emelkedik, k\u00fcl\u00f6n\u00f6sen Demir Kapija \u00e9s Gevgelija d\u00e9li telep\u00fcl\u00e9sein, ahol az \u00c9gei-tenger fel\u0151l \u00e9rkez\u0151 szubtr\u00f3pusi nyom\u00e1s \u00e9s a K\u00f6zel-Keletr\u0151l \u00e9rkez\u0151 hat\u00e1sok elh\u00faz\u00f3d\u00f3 h\u0151hull\u00e1mokat hoznak l\u00e9tre. A telek m\u00e9rs\u00e9kelten hidegek \u00e9s havasak, az \u00e9szaki szelek hat\u00e1s\u00e1ra az alacsony h\u0151m\u00e9rs\u00e9klet -20 \u00b0C-ra cs\u00f6kken. Az \u00e9ghajlat h\u00e1rom f\u0151 z\u00f3n\u00e1ra oszlik: \u00e9szakon enyh\u00e9n kontinent\u00e1lis, d\u00e9len m\u00e9rs\u00e9kelt mediterr\u00e1n, a magasabb tengerszint feletti magass\u00e1gokban pedig hegyvid\u00e9ki \u00e9ghajlat uralkodik. Az \u00e9ves csapad\u00e9kmennyis\u00e9g jelent\u0151sen v\u00e1ltozik, a nyugati hegys\u00e9gekben 1700 mm-t\u0151l a keleti s\u00edkvid\u00e9keken 500 mm-ig; a Vardar-v\u00f6lgyben hasonl\u00f3k\u00e9ppen \u00e9vi 500 mm k\u00f6r\u00fcli csapad\u00e9kmennyis\u00e9get m\u00e9rnek. Ezek az \u00e9ghajlati \u00e9s \u00f6nt\u00f6z\u00e9si egyenl\u0151tlens\u00e9gek k\u00fcl\u00f6nf\u00e9le n\u00f6v\u00e9nyek termeszt\u00e9s\u00e9t teszik lehet\u0151v\u00e9, bele\u00e9rtve a b\u00faz\u00e1t, a kukoric\u00e1t, a burgony\u00e1t, a m\u00e1kot, a f\u00f6ldimogyor\u00f3t \u00e9s a rizst. Az orsz\u00e1gban harminc f\u0151 meteorol\u00f3giai \u00e1llom\u00e1s figyeli az id\u0151j\u00e1r\u00e1st \u00e9s az \u00e9ghajlatot.<\/p>\n<p>K\u00f6zigazgat\u00e1silag \u00c9szak-Maced\u00f3nia nyolc statisztikai r\u00e9gi\u00f3ra oszlik, amelyeket kiz\u00e1r\u00f3lag jogi \u00e9s statisztikai c\u00e9lokra hoztak l\u00e9tre: keleti, \u00e9szakkeleti, pelag\u00f3niai, poligoni, szkopjei, d\u00e9lkeleti, d\u00e9lnyugati \u00e9s vardari. 2004 augusztus\u00e1ban egy reform 84 telep\u00fcl\u00e9st hozott l\u00e9tre, amelyek k\u00f6z\u00fcl t\u00edz alkotja Szkopje v\u00e1ros\u00e1t \u2013 egy k\u00fcl\u00f6n\u00e1ll\u00f3 \u00f6nkorm\u00e1nyzati egys\u00e9get \u00e9s az orsz\u00e1g f\u0151v\u00e1ros\u00e1t. A reform az 1996 \u00f3ta l\u00e9tez\u0151 123 telep\u00fcl\u00e9s k\u00f6z\u00fcl sokat konszolid\u00e1lt, sz\u00fcks\u00e9g szerint fel\u00fclvizsg\u00e1lva a hat\u00e1rokat \u00e9s kisebb egys\u00e9geket egyes\u00edtve. Az \u00f6nkorm\u00e1nyzatok bevezet\u00e9se el\u0151tt a helyi korm\u00e1nyz\u00e1s 34 k\u00f6zigazgat\u00e1si k\u00f6rzeten vagy telep\u00fcl\u00e9sen kereszt\u00fcl m\u0171k\u00f6d\u00f6tt.<\/p>\n<p>A turizmus jelent\u0151s szegmenst k\u00e9pvisel az orsz\u00e1g gazdas\u00e1g\u00e1ban, 2016-ban a brutt\u00f3 hazai term\u00e9k 6,7 sz\u00e1zal\u00e9k\u00e1t tette ki, \u00e9s k\u00f6r\u00fclbel\u00fcl 38,5 milli\u00e1rd d\u00e9n\u00e1r (616 milli\u00f3 eur\u00f3) bev\u00e9telt gener\u00e1lt. A 2001-es fegyveres konfliktus a f\u00fcggetlens\u00e9g ut\u00e1ni legs\u00falyosabb visszaes\u00e9st jelentette a turizmus sz\u00e1m\u00e1ra; az\u00f3ta azonban a l\u00e1togat\u00f3k sz\u00e1ma fellend\u00fclt, 2011-ben 14,6 sz\u00e1zal\u00e9kkal emelkedett. 2019-ben az orsz\u00e1g 1 184 963 turist\u00e1t fogadott, akik k\u00f6z\u00fcl 757 593 k\u00fclf\u00f6ldi vend\u00e9g volt, els\u0151sorban T\u00f6r\u00f6korsz\u00e1gb\u00f3l, a szomsz\u00e9dos Szerbi\u00e1b\u00f3l, G\u00f6r\u00f6gorsz\u00e1gb\u00f3l \u00e9s Bulg\u00e1ri\u00e1b\u00f3l, valamint Lengyelorsz\u00e1gb\u00f3l \u00e9s m\u00e1s nyugat-eur\u00f3pai orsz\u00e1gokb\u00f3l. A l\u00e1togat\u00f3k k\u00f6r\u00fclbel\u00fcl 60 sz\u00e1zal\u00e9ka Szkopj\u00e9ben \u00e9s a d\u00e9lnyugati r\u00e9gi\u00f3ban koncentr\u00e1l\u00f3dik, ahol a kultur\u00e1lis \u00f6r\u00f6ks\u00e9g, a v\u00e1rosi szolg\u00e1ltat\u00e1sok \u00e9s a term\u00e9szeti t\u00e1jak vonzz\u00e1k \u0151ket. Az Ohridra, Preszp\u00e1ra \u00e9s Dojranra \u00f6sszpontos\u00edt\u00f3 t\u00f3parti turizmus alkotja a legkiemelked\u0151bb \u00e1gazatot, amelyet t\u00f6bb mint \u00f6tven kisebb gleccsert\u00f3 t\u00e1mogat. A hegyi turizmus is j\u00f3l fejlett, tizenhat cs\u00facs haladja meg a 2000 m\u00e9tert, m\u00edg a vid\u00e9ki \u00e9s \u00f6koturizmus, a v\u00e1rosi turizmus \u00e9s a kultur\u00e1lis turizmus vir\u00e1gzik a gasztron\u00f3mi\u00e1nak, a hagyom\u00e1nyos zen\u00e9nek, a fesztiv\u00e1loknak \u00e9s a kultur\u00e1lis \u00f6r\u00f6ks\u00e9gi helysz\u00edneknek k\u00f6sz\u00f6nhet\u0151en.<\/p>\n<p>A k\u00f6zleked\u00e9si infrastrukt\u00fara tov\u00e1bbra is kulcsfontoss\u00e1g\u00fa \u00c9szak-Maced\u00f3nia gazdas\u00e1gi fejl\u0151d\u00e9se szempontj\u00e1b\u00f3l. A Balk\u00e1n sz\u00edv\u00e9ben fekv\u0151, tengerparttal nem rendelkez\u0151 orsz\u00e1gk\u00e9nt az orsz\u00e1g tranzitfolyos\u00f3k\u00e9nt szolg\u00e1l a g\u00f6r\u00f6gorsz\u00e1gi Thesszaloniki kik\u00f6t\u0151j\u00e9b\u0151l a Balk\u00e1n belsej\u00e9n kereszt\u00fcl Nyugat-, K\u00f6z\u00e9p- \u00e9s Kelet-Eur\u00f3p\u00e1ba, valamint Bulg\u00e1ri\u00e1n kereszt\u00fcl keletre sz\u00e1ll\u00edtott \u00e1ruk sz\u00e1m\u00e1ra. 2019-re az \u00fath\u00e1l\u00f3zat k\u00f6r\u00fclbel\u00fcl 10 591 kilom\u00e9ter hossz\u00fa volt, amelyb\u0151l mintegy 6000 kilom\u00e9ter volt aszfaltozott. A f\u0151 f\u0151\u00fatvonal a Vardar-v\u00f6lgy \u00e9szak-d\u00e9li tengely\u00e9t k\u00f6veti, nevezetesen az E75-\u00f6s eur\u00f3pai \u00fatvonalat, amely G\u00f6r\u00f6gorsz\u00e1got Szerbi\u00e1val \u00e9s azon t\u00fal k\u00f6ti \u00f6ssze. A Makedonski \u017deleznici \u00e1ltal \u00fczemeltetett vas\u00fath\u00e1l\u00f3zat 922 kilom\u00e9ter hossz\u00fa; f\u0151 vonala a szerb hat\u00e1rt\u00f3l Kumanovon, Szkopj\u00e9n \u00e9s Velesen kereszt\u00fcl a g\u00f6r\u00f6g hat\u00e1ron fekv\u0151 Gevgelij\u00e1ba vezet. 2001 \u00f3ta az \u00c9szak-Maced\u00f3ni\u00e1t Bulg\u00e1ri\u00e1val Beljakovcin\u00e1l \u00f6sszek\u00f6t\u0151 vonal megk\u00f6nny\u00edti a leend\u0151 Szkopje\u2013Sz\u00f3fia kapcsolatot. Szkopje a f\u0151 vas\u00fati csom\u00f3pont, Veles \u00e9s Kumanovo pedig m\u00e1sodlagos csom\u00f3pontok.<\/p>\n<p>A postai szolg\u00e1ltat\u00e1sokat az \u00e1llami tulajdonban l\u00e9v\u0151 \u00c9szak-Maced\u00f3nia Posta ny\u00fajtja, amelyet 1992-ben alap\u00edtottak PTT Maced\u00f3nia n\u00e9ven, \u00e9s 1993-ban vettek fel az Egyetemes Postaegyes\u00fcletbe; 1997-ben a postai \u00e9s a t\u00e1vk\u00f6zl\u00e9si funkci\u00f3kat sz\u00e9tv\u00e1lasztott\u00e1k, \u00edgy l\u00e9trej\u00f6tt a Maced\u00f3n Telekom \u00e9s az \u00c9szak-Maced\u00f3nia Posta. A v\u00edzi k\u00f6zleked\u00e9s az Ohrid \u00e9s Preszpa szigetein lebonyol\u00edtott tavi forgalomra korl\u00e1toz\u00f3dik, els\u0151sorban a turizmus c\u00e9lj\u00e1b\u00f3l. A l\u00e9gi k\u00f6zleked\u00e9si infrastrukt\u00fara tizenh\u00e9t rep\u00fcl\u0151teret foglal mag\u00e1ban, amelyek k\u00f6z\u00fcl tizenegy burkolt kifut\u00f3p\u00e1ly\u00e1val rendelkezik, valamint k\u00e9t nemzetk\u00f6zi rep\u00fcl\u0151teret: a Szkopjei Nemzetk\u00f6zi Rep\u00fcl\u0151teret \u00e9s az Ohridi Szent P\u00e1l Apostol Rep\u00fcl\u0151teret.<\/p>\n<p>A 2021-es orsz\u00e1gos n\u00e9psz\u00e1ml\u00e1l\u00e1s szerint \u00c9szak-Maced\u00f3nia lakoss\u00e1ga 1 836 713 f\u0151 volt, ami n\u00e9gyzetkilom\u00e9terenk\u00e9nt 72,2 f\u0151 n\u00e9ps\u0171r\u0171s\u00e9get \u00e9s 40,08 \u00e9v \u00e1tlag\u00e9letkort jelent. A n\u00e9psz\u00e1ml\u00e1l\u00e1s 598 632 h\u00e1ztart\u00e1st regisztr\u00e1lt, \u00e1tlagosan 3,06 f\u0151vel, a nemek ar\u00e1nya pedig k\u00f6zel egyenl\u0151: 50,4% n\u0151 \u00e9s 49,6% f\u00e9rfi. Etnikailag a maced\u00f3nok domin\u00e1lnak, \u0151ket k\u00f6vetik az alb\u00e1nok \u2013 akik \u00e9szaknyugaton koncentr\u00e1l\u00f3dnak \u2013, valamint a t\u00f6r\u00f6k\u00f6k, akiknek hivatalos sz\u00e1ma k\u00f6r\u00fclbel\u00fcl 70 000, de nem hivatalos becsl\u00e9sek szerint a sz\u00e1muk el\u00e9rheti a 200 000-et, egyes becsl\u00e9sek szerint pedig ak\u00e1r a 260 000-et is. A kisebb csoportok k\u00f6z\u00e9 tartoznak a szerbek, bosny\u00e1kok \u00e9s arom\u00e1nok.<\/p>\n<p>\u00c9szak-Maced\u00f3nia kultur\u00e1lis \u00e9lete gazdag m\u0171v\u00e9szeti, \u00e9p\u00edt\u00e9szeti, irodalmi \u00e9s zenei \u00f6r\u00f6ks\u00e9get t\u00fckr\u00f6z, sz\u00e1mos \u0151si vall\u00e1si eml\u00e9km\u0171vel, amelyeket nemzeti kincsk\u00e9nt v\u00e9denek. Az egyh\u00e1zi \u00e9p\u00edt\u00e9szet b\u0151velkedik a XI. \u00e9s XVI. sz\u00e1zad k\u00f6z\u00f6tti biz\u00e1nci fresk\u00f3kban; ezekb\u0151l a festm\u00e9nyekb\u0151l t\u00f6bb ezer n\u00e9gyzetm\u00e9ternyi ter\u00fclet kiv\u00e1l\u00f3 \u00e1llapotban maradt fenn, p\u00e9ld\u00e1zva a maced\u00f3n ikonogr\u00e1fiai iskol\u00e1t. Az \u00e9ves rendezv\u00e9nyek k\u00f6z\u00e9 tartozik az Ohridi Ny\u00e1ri Fesztiv\u00e1l a klasszikus zene \u00e9s dr\u00e1ma vil\u00e1g\u00e1b\u00f3l, a Struga K\u00f6lt\u00e9szeti Est\u00e9k \u2013 amelyek t\u00f6bb mint \u00f6tven orsz\u00e1g k\u00f6lt\u0151it h\u00edvj\u00e1k \u00f6ssze \u2013, a Bitolai Nemzetk\u00f6zi Kamerafesztiv\u00e1l, a Ny\u00edlt Ifj\u00fas\u00e1gi Sz\u00ednh\u00e1zi Fesztiv\u00e1l \u00e9s a Szkopjei Jazzfesztiv\u00e1l. A Nemzeti Opera, amelyet 1947-ben Maced\u00f3n Operak\u00e9nt avattak fel, Branko Pomori\u0161ac karmester vez\u00e9nylet\u00e9vel mutatta be els\u0151 el\u0151ad\u00e1s\u00e1t a Parasztbecs\u00fcletb\u0151l; 1972 \u00f3ta a szkopjei M\u00e1jusi Operaest\u00e9k k\u00e9t-h\u00e1rom h\u00e9ten \u00e1t esti el\u0151ad\u00e1sokat mutatnak be, Kiril Makedonski Szamuil c\u00e1rj\u00e1val kezdve.<\/p>\n<p>A kulin\u00e1ris hagyom\u00e1nyok t\u00fckr\u00f6zik az orsz\u00e1g elhelyezked\u00e9s\u00e9t a balk\u00e1ni, a mediterr\u00e1n \u00e9s a k\u00f6zel-keleti hat\u00e1sok metsz\u00e9spontj\u00e1ban. A meleg \u00e9ghajlat b\u0151s\u00e9ges z\u00f6lds\u00e9get, f\u0171szern\u00f6v\u00e9nyt \u00e9s gy\u00fcm\u00f6lcs\u00f6t terem, m\u00edg a helyi tejgazdas\u00e1gok \u00e9s sz\u0151l\u0151\u00fcltetv\u00e9nyek elismert sajtokat \u00e9s borokat \u00e1ll\u00edtanak el\u0151. A rakija, egy gy\u00fcm\u00f6lcsp\u00e1linka, a tav\u010de grav\u010de \u2013 pirospaprik\u00e1val s\u00fclt bab \u2013 k\u00eds\u00e9r\u0151je, amelyet sz\u00e9les k\u00f6rben nemzeti \u00e9telnek tartanak. A masztika, egy \u00e1nizs\u00edz\u0171 lik\u0151r, a nemzeti ital. Egy\u00e9b n\u00e9pszer\u0171 specialit\u00e1sok k\u00f6z\u00e9 tartozik a \u0161opska sal\u00e1ta, az ajvar (s\u00fclt pirospaprik\u00e1s kr\u00e9m), a t\u00f6lt\u00f6tt paprika \u00e9s a pastrmajlija (egyfajta h\u00fasos pite).<\/p>\n<p>A v\u00e1rosi k\u00f6zpontok a t\u00f6bb mint f\u00e9lmilli\u00f3 lakosnak otthont ad\u00f3, oszm\u00e1n mecsetekkel, neoklasszicista homlokzatokkal, a k\u00f6z\u00e9pkori Kale er\u0151ddel \u00e9s a Vardar foly\u00f3n \u00e1t\u00edvel\u0151 ikonikus k\u0151h\u00edddal teli, hatalmas Szkopje nagyv\u00e1rosi ter\u00fclet\u00e9t\u0151l kezdve a kisebb v\u00e1rosokig, mint p\u00e9ld\u00e1ul Bitola \u2013 \u0151si v\u00e1rosfalaival, oszm\u00e1n baz\u00e1rjaival \u00e9s modern k\u00e1v\u00e9z\u00f3ival \u2013, a kialudt vulk\u00e1ni kr\u00e1terben megb\u00fav\u00f3 Kratovo, valamint Kru\u0161evo, az orsz\u00e1g legmagasabban fekv\u0151 v\u00e1rosa, amely egy 1878-as felkel\u00e9s helysz\u00edne volt. A t\u00f3parti Ohrid v\u00e1rosa, amely kett\u0151s UNESCO Vil\u00e1g\u00f6r\u00f6ks\u00e9gi helysz\u00edn kultur\u00e1lis eml\u00e9kei \u00e9s term\u00e9szeti k\u00f6rnyezete miatt, sz\u00e1mos biz\u00e1nci templommal b\u00fcszk\u00e9lkedhet, a v\u00edz feletti szikl\u00e1n \u00e1ll\u00f3 Kane\u00f3i Szent J\u00e1nos templommal \u00e9s a vil\u00e1g egyik legkiv\u00e1l\u00f3bb szl\u00e1v ikongy\u0171jtem\u00e9ny\u00e9vel. Testv\u00e9rv\u00e1rosa, Struga hasonl\u00f3 b\u00e1jt k\u00edn\u00e1l csendesebb k\u00f6rnyezetben.<\/p>\n<p>A v\u00e1rosi ter\u00fcleteken t\u00fal a vid\u00e9k is hemzseg a l\u00e1tnival\u00f3kt\u00f3l. A Pelister Nemzeti Park, az orsz\u00e1g legr\u00e9gebbi parkja, endemikus n\u00f6v\u00e9ny- \u00e9s \u00e1llatvil\u00e1gnak, valamint k\u00e9t gleccserkori \u201eMountain Eyes\u201d t\u00f3nak ad otthont. A Mavrovo Nemzeti Park mag\u00e1ban foglalja az orsz\u00e1g legmagasabb cs\u00facs\u00e1t, a Golem Korabot, a Debar foly\u00f3 m\u00e9ly szurdok\u00e1t \u00e9s a Sveti Jovan Bigorski kolostort. A Szkopje k\u00f6zel\u00e9ben tal\u00e1lhat\u00f3, ritk\u00e1n l\u00e1togatott Jasen rezerv\u00e1tum \u00e9l\u0151helyet biztos\u00edt a vadon \u00e9l\u0151 \u00e1llatoknak \u00e9s \u00e9rintetlen erd\u0151knek. Tov\u00e1bbi \u00e9rdekes helysz\u00ednek k\u00f6z\u00e9 tartozik a Kratovo k\u00f6zel\u00e9ben tal\u00e1lhat\u00f3 Kuklica k\u0151v\u00e1rosa, a Prilep melletti Markovi Kuli k\u00f6z\u00e9pkori tornyai \u00e9s a Stobi r\u00e9g\u00e9szeti lel\u0151hely, amely hellenisztikus, r\u00f3mai \u00e9s \u00f3kereszt\u00e9ny korszakokb\u00f3l sz\u00e1rmaz\u00f3 romokat \u0151riz.<\/p>\n<p>\u00d6sszefoglalva, \u00c9szak-Maced\u00f3nia t\u00f6rt\u00e9nelmi r\u00e9tegek, v\u00e1ltozatos t\u00e1jak, \u00e9ghajlati \u00f6vezetek \u00e9s kultur\u00e1lis hagyom\u00e1nyok sz\u00f6vev\u00e9ny\u00e9t mutatja be. \u0150si eredet\u00e9t\u0151l az egym\u00e1st k\u00f6vet\u0151 birodalmakon, a szocialista f\u00f6der\u00e1ci\u00f3n \u00e9s a b\u00e9k\u00e9s f\u00fcggetlens\u00e9gen \u00e1t az orsz\u00e1g jellegzetes identit\u00e1st kov\u00e1csolt a Balk\u00e1n sz\u00edv\u00e9ben. Hegyvid\u00e9ki terepe, szeizmikusan akt\u00edv v\u00f6lgyei, krist\u00e1lytiszta tavai \u00e9s v\u00e1rosi nevezetess\u00e9gei \u00f6sszetett fizikai f\u00f6ldrajzra utalnak, m\u00edg demogr\u00e1fiai mozaikja, kulin\u00e1ris specialit\u00e1sai \u00e9s \u00e9l\u00e9nk fesztiv\u00e1ljai a soksz\u00edn\u0171 \u00f6r\u00f6ks\u00e9get t\u00fckr\u00f6zik. Tranzitk\u00f6zpontk\u00e9nt \u00e9s az Eur\u00f3pai Uni\u00f3 tags\u00e1g\u00e1ra jel\u00f6lt orsz\u00e1gk\u00e9nt \u00c9szak-Maced\u00f3nia tov\u00e1bbra is egyens\u00falyt teremt a gazdas\u00e1gi reform \u00e9s a kult\u00fara meg\u0151rz\u00e9se k\u00f6z\u00f6tt, l\u00e1togat\u00f3kat \u00e9s tud\u00f3sokat egyar\u00e1nt megh\u00edvva, hogy felfedezz\u00e9k tart\u00f3s \u00f6r\u00f6ks\u00e9g\u00e9t \u00e9s fejl\u0151d\u0151 j\u00f6v\u0151j\u00e9t.<\/p>","protected":false},"excerpt":{"rendered":"<p>\u00c9szak-Maced\u00f3nia, hivatalosan az \u00c9szak-Maced\u00f3nia K\u00f6zt\u00e1rsas\u00e1g, egy tengerparttal nem rendelkez\u0151 nemzet D\u00e9lkelet-Eur\u00f3p\u00e1ban, lakoss\u00e1ga nagyj\u00e1b\u00f3l 1,83 milli\u00f3 lakossal rendelkezik. A Balk\u00e1n keresztez\u0151d\u00e9s\u00e9ben tal\u00e1lhat\u00f3 kis nemzet d\u00e9len G\u00f6r\u00f6gorsz\u00e1ggal, nyugaton Alb\u00e1ni\u00e1val, keleten Bulg\u00e1ri\u00e1val, \u00e9szaknyugaton Koszov\u00f3val \u00e9s \u00e9szakon Szerbi\u00e1val hat\u00e1ros. A nemzet strat\u00e9giai helyzete nagyon fontos volt gazdag \u00e9s v\u00e1ltozatos t\u00f6rt\u00e9nelm\u00e9nek, kult\u00far\u00e1j\u00e1nak \u00e9s n\u00e9pess\u00e9g\u00e9nek kialak\u00edt\u00e1s\u00e1ban.<\/p>","protected":false},"author":1,"featured_media":2831,"parent":24078,"menu_order":0,"comment_status":"closed","ping_status":"closed","template":"elementor_theme","meta":{"_eb_attr":"","footnotes":""},"class_list":["post-12305","page","type-page","status-publish","has-post-thumbnail"],"_links":{"self":[{"href":"https:\/\/travelshelper.com\/hu\/wp-json\/wp\/v2\/pages\/12305","targetHints":{"allow":["GET"]}}],"collection":[{"href":"https:\/\/travelshelper.com\/hu\/wp-json\/wp\/v2\/pages"}],"about":[{"href":"https:\/\/travelshelper.com\/hu\/wp-json\/wp\/v2\/types\/page"}],"author":[{"embeddable":true,"href":"https:\/\/travelshelper.com\/hu\/wp-json\/wp\/v2\/users\/1"}],"replies":[{"embeddable":true,"href":"https:\/\/travelshelper.com\/hu\/wp-json\/wp\/v2\/comments?post=12305"}],"version-history":[{"count":0,"href":"https:\/\/travelshelper.com\/hu\/wp-json\/wp\/v2\/pages\/12305\/revisions"}],"up":[{"embeddable":true,"href":"https:\/\/travelshelper.com\/hu\/wp-json\/wp\/v2\/pages\/24078"}],"wp:featuredmedia":[{"embeddable":true,"href":"https:\/\/travelshelper.com\/hu\/wp-json\/wp\/v2\/media\/2831"}],"wp:attachment":[{"href":"https:\/\/travelshelper.com\/hu\/wp-json\/wp\/v2\/media?parent=12305"}],"curies":[{"name":"wp","href":"https:\/\/api.w.org\/{rel}","templated":true}]}}