{"id":12252,"date":"2024-09-15T20:08:02","date_gmt":"2024-09-15T20:08:02","guid":{"rendered":"https:\/\/travelshelper.com\/staging\/?page_id=12252"},"modified":"2026-03-12T19:24:46","modified_gmt":"2026-03-12T19:24:46","slug":"norvegia","status":"publish","type":"page","link":"https:\/\/travelshelper.com\/hu\/destinations\/europe\/norway\/","title":{"rendered":"Norv\u00e9gia"},"content":{"rendered":"<p>A Norv\u00e9g Kir\u00e1lys\u00e1g \u00c9szak-Eur\u00f3p\u00e1ban a Skandin\u00e1v-f\u00e9lsziget nyugati \u00e9s leg\u00e9szakibb r\u00e9sz\u00e9t foglalja el, \u00e9s mag\u00e1ban foglalja a t\u00e1voli sarkvid\u00e9ki Jan Mayen-szigeteket \u00e9s a Svalbard-szigetcsoportot. A szubantarktiszi Bouvet-sziget f\u00fcgg\u0151s\u00e9gi ter\u00fclet, m\u00edg Norv\u00e9gia ig\u00e9nyt tart I. P\u00e9ter-sziget \u00e9s Maud kir\u00e1lyn\u0151 f\u00f6ldje antarktiszi ter\u00fcleteire. 2024 negyedik negyed\u00e9v\u00e9ben a lakoss\u00e1ga 5 585 044 f\u0151 volt, Oslo a f\u0151v\u00e1ros \u00e9s a legnagyobb v\u00e1ros is egyben. A birodalom teljes ter\u00fclete 385 207 n\u00e9gyzetkilom\u00e9ter Svalbard \u00e9s Jan Mayen szigeteivel egy\u00fctt, illetve 323 808 n\u00e9gyzetkilom\u00e9ter n\u00e9lk\u00fcl\u00fck.<\/p>\n<p>Az \u00e9szaki sz\u00e9less\u00e9g 57\u00b0 \u00e9s 81\u00b0, valamint a keleti hossz\u00fas\u00e1g 4\u00b0 \u00e9s 32\u00b0 k\u00f6z\u00f6tt h\u00faz\u00f3d\u00f3 Norv\u00e9gia 1619 kilom\u00e9ter hossz\u00fa sz\u00e1razf\u00f6ldi hat\u00e1rt szab Sv\u00e9dorsz\u00e1ggal, 727 kilom\u00e9tert Finnorsz\u00e1ggal \u00e9s 196 kilom\u00e9tert Oroszorsz\u00e1ggal. Kiterjedt partvonala a Skagerrak-szorosra, az \u00c9szaki-tengerre, a Norv\u00e9g-tengerre \u00e9s a Barents-tengerre n\u00e9z. A sz\u00e1razf\u00f6ldi partvonal hossza 2532 kilom\u00e9ter, m\u00edg a teljes partvonal \u2013 a fjordokat is belesz\u00e1m\u00edtva \u2013 28 953 kilom\u00e9ter. A szigetekkel egy\u00fctt ez a sz\u00e1m becsl\u00e9sek szerint 100 915 kilom\u00e9terre emelkedik. A Skandin\u00e1v-hegys\u00e9g alkotja a Sv\u00e9dorsz\u00e1ggal k\u00f6z\u00f6s keleti hat\u00e1r nagy r\u00e9sz\u00e9t.<\/p>\n<p>Norv\u00e9gia felsz\u00edn\u00e9nek nagy r\u00e9sze \u00e9vezredeknyi gleccserform\u00e1ci\u00f3t t\u00fckr\u00f6z. A fjordok, legf\u0151k\u00e9ppen a 204 kilom\u00e9ter hossz\u00fa Sognefjorden, amely a vil\u00e1g m\u00e1sodik legm\u00e9lyebb fjordjak\u00e9nt tartj\u00e1k sz\u00e1mon, m\u00e9ly \u00f6bl\u00f6ket v\u00e1jnak a partvid\u00e9kbe. A Hornindalsvatnet, Eur\u00f3pa legm\u00e9lyebb tava, j\u00f3val t\u00f6bb mint 500 m\u00e9ter m\u00e9ly. Norv\u00e9gi\u00e1ban k\u00f6r\u00fclbel\u00fcl 400 000 t\u00f3 \u00e9s 239 057 regisztr\u00e1lt sziget tal\u00e1lhat\u00f3. A permafroszt eg\u00e9sz \u00e9vben fenn\u00e1ll a magasabb hegyvid\u00e9ki r\u00e9gi\u00f3kban \u00e9s Finnmark megye belsej\u00e9ben, m\u00edg a felf\u00f6ldeken sz\u00e1mos gleccser tal\u00e1lhat\u00f3. Az alapk\u0151zet t\u00falnyom\u00f3r\u00e9szt kem\u00e9ny gr\u00e1nitb\u00f3l \u00e9s gneiszb\u0151l \u00e1ll, alacsonyabb tengerszint feletti magass\u00e1gokban pal\u00e1val, homokk\u0151vel \u00e9s m\u00e9szk\u0151vel, valamint tengeri \u00fcled\u00e9kekkel a part menti s\u00edks\u00e1gok ment\u00e9n.<\/p>\n<p>Norv\u00e9gia \u00e9ghajlata jelent\u0151sen v\u00e1ltozik a partvid\u00e9kt\u0151l a sz\u00e1razf\u00f6ldi felf\u00f6ldekig. A Golf-\u00e1ramlat \u00e9s az uralkod\u00f3 nyugati szelek a part menti h\u0151m\u00e9rs\u00e9kleteket az ilyen \u00e9szaki sz\u00e9less\u00e9gi k\u00f6r\u00f6kre vonatkoz\u00f3 elv\u00e1r\u00e1sok f\u00f6l\u00e9 emelik, \u00e9s n\u00f6velik a csapad\u00e9kmennyis\u00e9get. Az Oslo k\u00f6rny\u00e9ki alf\u00f6ldeken a legmelegebb a ny\u00e1r, de tov\u00e1bbra is h\u00f3 \u00e9s hideg telek jellemzik. Az atlanti viharoknak kitett part menti ter\u00fcleteken b\u0151s\u00e9ges csapad\u00e9k esik, m\u00edg a part menti hegyek sz\u00e9l\u00e1rny\u00e9kban l\u00e9v\u0151 oldalai es\u0151\u00e1rny\u00e9kban fekszenek, \u00e9s kevesebb csapad\u00e9k hullik. Troms\u00f8, az \u00e9szaki sarkvid\u00e9ken, egykor egyetlen h\u00f3napban 430 naps\u00fct\u00e9ses \u00f3r\u00e1t regisztr\u00e1lt. Az \u00c9szaki-sarkk\u00f6r felett az \u00e9jf\u00e9li nap m\u00e1jus v\u00e9g\u00e9t\u0151l j\u00falius v\u00e9g\u00e9ig uralkodik; alatta a nappali f\u00e9ny ak\u00e1r napi 20 \u00f3r\u00e1t is el\u00e9rhet. Ezzel szemben az \u00e9szaki ter\u00fcleteken november v\u00e9g\u00e9t\u0151l janu\u00e1r v\u00e9g\u00e9ig tart a sarki \u00e9jszaka, m\u00e1shol minim\u00e1lis nappali f\u00e9nygel. Az \u00e9ghajlati \u00f6vezetek az \u00f3ce\u00e1ni \u00e9s szubpol\u00e1ris \u00f3ce\u00e1ni partvid\u00e9kt\u0151l a d\u00e9lkeleti r\u00e9szeken tal\u00e1lhat\u00f3 p\u00e1r\u00e1s kontinent\u00e1lis \u00e9ghajlaton \u00e1t a t\u00e1voli \u00e9szakon \u00e9s Svalbardon tal\u00e1lhat\u00f3 tengeri szubarktikus \u00e9s arktikus tundr\u00e1ig terjednek.<\/p>\n<p>Az egyes\u00fclt Norv\u00e9g Kir\u00e1lys\u00e1g eredete a kisbirodalmak 872-es egyes\u00fcl\u00e9s\u00e9re vezethet\u0151 vissza. 1537-t\u0151l 1814-ig a D\u00e1nia-Norv\u00e9gia uni\u00f3 r\u00e9sze volt, majd 1905-ig perszon\u00e1luni\u00f3ban \u00e1llt Sv\u00e9dorsz\u00e1ggal. Norv\u00e9gia semleges maradt az els\u0151 vil\u00e1gh\u00e1bor\u00faban, \u00e9s kezdetben a m\u00e1sodik vil\u00e1gh\u00e1bor\u00faban is az 1940. \u00e1prilisi n\u00e9met inv\u00e1zi\u00f3ig, 1945-ig pedig megsz\u00e1ll\u00e1s alatt \u00e1llt.<\/p>\n<p>Az 1814-es alkotm\u00e1ny \u00e9rtelm\u00e9ben Norv\u00e9gia egys\u00e9ges \u00e1llamk\u00e9nt m\u0171k\u00f6dik alkotm\u00e1nyos monarchi\u00e1val. A tr\u00f3nt V. Harald, a Gl\u00fccksburg-h\u00e1z kir\u00e1lya foglalja el, m\u00edg Jonas Gahr St\u00f8re 2021 \u00f3ta t\u00f6lti be a minisztereln\u00f6ki tiszts\u00e9get. A t\u00f6rv\u00e9nyhoz\u00f3 hatalom az egykamar\u00e1s parlamentben (Storting), a v\u00e9grehajt\u00f3 hatalom a kabinetben, az igazs\u00e1gszolg\u00e1ltat\u00e1s pedig a Legfels\u0151bb B\u00edr\u00f3s\u00e1gban tal\u00e1lhat\u00f3. A k\u00f6zigazgat\u00e1si feloszt\u00e1s megy\u00e9kb\u0151l (fylker) \u00e9s telep\u00fcl\u00e9sekb\u0151l (kommuner) \u00e1ll. A Finnmark-t\u00f6rv\u00e9ny \u00e1ltal t\u00e1mogatott sz\u00e1mi parlament korl\u00e1tozott \u00f6nrendelkez\u00e9si jogot biztos\u00edt az \u0151shonos sz\u00e1mi n\u00e9pnek a hagyom\u00e1nyos ter\u00fcletek felett.<\/p>\n<p>Norv\u00e9gia szoros diplom\u00e1ciai \u00e9s gazdas\u00e1gi kapcsolatokat \u00e1pol az Eur\u00f3pai Uni\u00f3val az Eur\u00f3pai Gazdas\u00e1gi T\u00e9rs\u00e9gen kereszt\u00fcl, r\u00e9szt vesz a schengeni \u00f6vezetben, \u00e9s sz\u00e9les k\u00f6rben egy\u00fcttm\u0171k\u00f6dik az Egyes\u00fclt \u00c1llamokkal. Alap\u00edt\u00f3 tags\u00e1ggal rendelkezik az Egyes\u00fclt Nemzetek Szervezet\u00e9ben, a NATO-ban, az Eur\u00f3pai Szabadkereskedelmi T\u00e1rsul\u00e1sban, az Eur\u00f3pa Tan\u00e1csban, az Antarktiszi Szerz\u0151d\u00e9sben \u00e9s az \u00c9szaki Tan\u00e1csban, valamint tagja a Kereskedelmi Vil\u00e1gszervezetnek \u00e9s az OECD-nek. A norv\u00e9g nyelvj\u00e1r\u00e1sok k\u00f6lcs\u00f6n\u00f6sen \u00e9rthet\u0151k a d\u00e1n \u00e9s a sv\u00e9d nyelvj\u00e1r\u00e1sokkal.<\/p>\n<p>A norv\u00e9g j\u00f3l\u00e9ti modell egyetemes eg\u00e9szs\u00e9g\u00fcgyi ell\u00e1t\u00e1st \u00e9s \u00e1tfog\u00f3 t\u00e1rsadalombiztos\u00edt\u00e1st biztos\u00edt, amely egalit\u00e1rius elveken alapul. Az \u00e1llam t\u00f6bbs\u00e9gi vagy jelent\u0151s tulajdonr\u00e9sszel rendelkezik a strat\u00e9giai \u00e1gazatokban, bele\u00e9rtve a k\u0151olajat, a f\u00f6ldg\u00e1zt, az \u00e1sv\u00e1nykincseket, a f\u0171r\u00e9sz\u00e1rut, a tenger gy\u00fcm\u00f6lcseit \u00e9s a v\u00edzenergi\u00e1t. Az olaj- \u00e9s g\u00e1zkitermel\u00e9s a brutt\u00f3 hazai term\u00e9k nagyj\u00e1b\u00f3l egynegyed\u00e9t teszi ki, \u00e9s Norv\u00e9gia a K\u00f6zel-Keleten k\u00edv\u00fcl ezen er\u0151forr\u00e1sok legnagyobb egy f\u0151re jut\u00f3 termel\u0151je. Az egy f\u0151re jut\u00f3 j\u00f6vedelem Norv\u00e9gi\u00e1t a vil\u00e1g legmagasabbjai k\u00f6z\u00e9 sorolja \u2013 a Vil\u00e1gbank adatai szerint a negyedik, az IMF szerint pedig a nyolcadik helyen. Az \u00e1llami vagyonalapok vagyona k\u00f6r\u00fclbel\u00fcl 1,3 billi\u00f3 USD, ami a vil\u00e1g legnagyobbja.<\/p>\n<p>Az egy f\u0151re jut\u00f3 GDP alapj\u00e1n Norv\u00e9gia a m\u00e1sodik helyen \u00e1ll az eur\u00f3pai nemzetek k\u00f6z\u00f6tt Luxemburg ut\u00e1n, \u00e9s a hatodik helyen vil\u00e1gszerte v\u00e1s\u00e1rl\u00f3er\u0151-parit\u00e1son. Az orsz\u00e1g nett\u00f3 k\u00fcls\u0151 ad\u00f3ss\u00e1ghitelez\u0151k\u00e9nt funkcion\u00e1lt, \u00e9s 2009-ben visszaszerezte a vezet\u0151 helyet az ENSZ Fejleszt\u00e9si Programj\u00e1nak emberi fejletts\u00e9gi index\u00e9ben. Norv\u00e9gia stabilit\u00e1sa \u00e9s int\u00e9zm\u00e9nyi integrit\u00e1sa a cs\u0151dbe jutott \u00e1llamok index\u00e9ben 2009-ben \u00e9s 2023-ban is a legalacsonyabb helyez\u00e9st \u00e9rte el.<\/p>\n<p>A vegyes gazdas\u00e1got er\u0151s mag\u00e1nv\u00e1llalkoz\u00e1sok jellemzik jelent\u0151s \u00e1llami r\u00e9szv\u00e9tel mellett. Az \u00e1llami eg\u00e9szs\u00e9g\u00fcgy szer\u00e9ny \u00e9ves d\u00edjat sz\u00e1m\u00edt fel a 16 \u00e9v feletti feln\u0151ttek sz\u00e1m\u00e1ra, a sz\u00fcl\u0151i szabads\u00e1g pedig 46 h\u00e9tig fizetett. 2025 febru\u00e1rj\u00e1ban a munkan\u00e9lk\u00fclis\u00e9g 3,9 sz\u00e1zal\u00e9kon \u00e1llt, a 15\u201374 \u00e9vesek 69,7 sz\u00e1zal\u00e9ka dolgozott. A rokkants\u00e1gi ell\u00e1t\u00e1sok a 18\u201367 \u00e9vesek 10,6 sz\u00e1zal\u00e9k\u00e1t \u00e9rt\u00e9k el, az \u00e1llami foglalkoztat\u00e1s pedig a munkaer\u0151 30 sz\u00e1zal\u00e9k\u00e1t tette ki. Az \u00e1tlagos \u00f3r\u00e1nk\u00e9nti termel\u00e9kenys\u00e9g \u00e9s b\u00e9rek a vil\u00e1g legmagasabbjai k\u00f6z\u00e9 tartoznak.<\/p>\n<p>A f\u00f6ldrajzi sz\u00e9tsz\u00f3rts\u00e1g \u00e9s a neh\u00e9z terep alak\u00edtotta a k\u00f6zleked\u00e9si infrastrukt\u00far\u00e1t. A t\u00f6megk\u00f6zleked\u00e9s fejletlen m\u00e1s eur\u00f3pai \u00e1llamokhoz k\u00e9pest, k\u00fcl\u00f6n\u00f6sen a v\u00e1rosi k\u00f6zpontokon t\u00fal. Norv\u00e9gia vas\u00fath\u00e1l\u00f3zata 4114 kilom\u00e9ternyi norm\u00e1l nyomt\u00e1vols\u00e1g\u00fa vas\u00fatb\u00f3l \u00e1ll, amelynek 62 sz\u00e1zal\u00e9ka 15 kV 16,7 Hz v\u00e1ltakoz\u00f3 \u00e1rammal villamos\u00edtott; 64 kilom\u00e9ternyi vas\u00fatvonal ak\u00e1r 210 km\/h sebess\u00e9get is t\u00e1mogat. 2023-ban a vasutak 78,22 milli\u00f3 utast sz\u00e1ll\u00edtottak 3153 milli\u00f3 utaskilom\u00e9teren, \u00e9s 32,23 milli\u00f3 tonna \u00e1rut sz\u00e1ll\u00edtottak 3928 milli\u00f3 tonnakilom\u00e9teren. A h\u00e1l\u00f3zat tulajdonosa a Bane NOR; az \u00fczemeltet\u0151k k\u00f6z\u00e9 tartozik a Vy, az SJ, a Go-Ahead \u00e9s a Flytoget a szem\u00e9lysz\u00e1ll\u00edt\u00e1s\u00e9rt, valamint a CargoNet \u00e9s az OnRail az \u00e1rusz\u00e1ll\u00edt\u00e1s\u00e9rt. Az \u00e1llami k\u00f6lts\u00e9gvet\u00e9sek finansz\u00edrozz\u00e1k a beruh\u00e1z\u00e1sokat \u00e9s a karbantart\u00e1st, amelyeket m\u0171k\u00f6d\u00e9si t\u00e1mogat\u00e1sok eg\u00e9sz\u00edtenek ki.<\/p>\n<p>A k\u00f6z\u00fath\u00e1l\u00f3zat hossza 95 120 kilom\u00e9ter, amelyb\u0151l 72 033 kilom\u00e9ter aszfaltozott \u00e9s 664 kilom\u00e9ter kijel\u00f6lt aut\u00f3p\u00e1lya. Az orsz\u00e1gos \u00e9s megyei f\u0151\u00fatk\u00e9nt besorolt \u200b\u200b\u00fatvonalak integr\u00e1l\u00f3dnak az eur\u00f3pai E-\u00fath\u00e1l\u00f3zatba, nevezetesen az orsz\u00e1g \u00e9szak-d\u00e9li ir\u00e1ny\u00fa E6-os \u00e9s a nyugati partot szeg\u00e9lyez\u0151 E39-es \u00fat. A Norv\u00e9g K\u00f6z\u00fatigazgat\u00e1s fel\u00fcgyeli az orsz\u00e1gos \u00e9s megyei utakat.<\/p>\n<p>Norv\u00e9gia vil\u00e1gels\u0151 az egy f\u0151re jut\u00f3 plug-in elektromos j\u00e1rm\u0171vek sz\u00e1m\u00e1ban; 2014 m\u00e1rcius\u00e1ban az utakon k\u00f6zleked\u0151 szem\u00e9lyg\u00e9pkocsik t\u00f6bb mint egytizede elektromos hajt\u00e1s\u00fa volt. Az \u00faj aut\u00f3elad\u00e1sokban az elektromos modellek ar\u00e1nya tov\u00e1bbra is a legmagasabb vil\u00e1gszerte. A jogalkot\u00e1si javaslatok c\u00e9lja a benzin- \u00e9s d\u00edzel\u00fczem\u0171 aut\u00f3k \u00faj \u00e9rt\u00e9kes\u00edt\u00e9s\u00e9nek betilt\u00e1sa m\u00e1r 2025-t\u0151l.<\/p>\n<p>A l\u00e9gi k\u00f6zleked\u00e9s mintegy 146 rep\u00fcl\u0151teret foglal mag\u00e1ban, ebb\u0151l 52 \u00e1llami, 43-at pedig az \u00e1llami tulajdon\u00fa Avinor \u00fczemeltet. H\u00e9t rep\u00fcl\u0151t\u00e9r \u00e9vente t\u00f6bb mint egymilli\u00f3 utast szolg\u00e1l ki; a teljes utasforgalom 2007-ben meghaladta a 41 milli\u00f3t. Az osl\u00f3i rep\u00fcl\u0151t\u00e9r, a Gardermoen, a f\u0151v\u00e1rost\u00f3l 35 kilom\u00e9terre \u00e9szakkeletre tal\u00e1lhat\u00f3, \u00e9s a f\u0151 nemzetk\u00f6zi \u00e1tj\u00e1r\u00f3. K\u00f6zponti \u00e1llom\u00e1sk\u00e9nt m\u0171k\u00f6dik a Scandinavian Airlines, a Norwegian Air Shuttle \u00e9s a region\u00e1lis l\u00e9git\u00e1rsas\u00e1gok sz\u00e1m\u00e1ra, k\u00f6zvetlen kapcsolatokat k\u00edn\u00e1lva Eur\u00f3pa-szerte \u00e9s egyes interkontinent\u00e1lis c\u00e9l\u00e1llom\u00e1sokra. Egy nagysebess\u00e9g\u0171 vonat k\u00f6ti \u00f6ssze a rep\u00fcl\u0151teret az osl\u00f3i k\u00f6zponti p\u00e1lyaudvarral t\u00edzpercenk\u00e9nt, egy 20 perces \u00fat sor\u00e1n.<\/p>\n<p>A turizmus 2016-ban a GDP 4,2 sz\u00e1zal\u00e9k\u00e1t tette ki, minden tizen\u00f6t\u00f6dik norv\u00e9g ebben az \u00e1gazatban dolgozott. A szezonalit\u00e1s m\u00e1jus \u00e9s augusztus k\u00f6z\u00f6tt cs\u00facsosodik ki, amikor a l\u00e1togat\u00f3k t\u00f6bb mint fele meg\u00e9rkezik. Norv\u00e9gia vonzerej\u00e9t a v\u00e1ltozatos t\u00e1jak \u2013 fjordok, hegyek, s\u00edterepek, tavak \u00e9s erd\u0151k \u2013 adj\u00e1k. A f\u0151bb v\u00e1rosi \u00fati c\u00e9lok k\u00f6z\u00e9 tartozik Oslo, \u00c5lesund, Bergen, Stavanger, Trondheim, Kristiansand, Troms\u00f8, Fredrikstad \u00e9s T\u00f8nsberg. A l\u00e1togat\u00f3k olyan term\u00e9szeti helysz\u00edneket is gyakran l\u00e1togatnak, mint az Atlanti-\u00f3ce\u00e1ni \u00fat, a Hardangervidda-fenns\u00edk, a Jostedalsbreen-gleccser, a Jotunheimen-hegys\u00e9g, a Lofoten-szigetek \u00e9s a Nordkapp-i szikla. A kultur\u00e1lis nevezetess\u00e9gek az osl\u00f3i Holmenkollen s\u00edugr\u00f3s\u00e1nct\u00f3l \u00e9s a Vigeland-\u00e9p\u00edtm\u00e9nyt\u0151l a bergeni Bryggen rakparton, a trondheimi Nidaros-sz\u00e9kesegyh\u00e1zon \u00e1t a t\u00f8nsbergi \u00e9s fredrikstadi er\u0151d\u00edtm\u00e9ny romjaiig terjednek.<\/p>\n<p>A norv\u00e9g etnikai csoport egy \u00e9szak-germ\u00e1n n\u00e9phez tartozik. A teljes term\u00e9kenys\u00e9gi r\u00e1ta 2023-ban 1,40 gyermek\/n\u0151 volt, ami a 2,1-es reprodukci\u00f3s szint alatt van, \u00e9s cs\u00f6kken\u00e9st jelent az 1877-es 4,69-es cs\u00facshoz k\u00e9pest. Az \u00e1tlag\u00e9letkor 2024-re el\u00e9rte a 40 \u00e9vet. A Norv\u00e9gia, Sv\u00e9dorsz\u00e1g, Finnorsz\u00e1g \u00e9s Oroszorsz\u00e1g Kola-f\u00e9lsziget\u00e9nek sarkvid\u00e9ki r\u00e9gi\u00f3iban \u0151shonos sz\u00e1miak, valamint a finn migr\u00e1nsok lesz\u00e1rmazottai, a kv\u00e9nek elismert kisebbs\u00e9geket alkotnak. A 19. \u00e9s 20. sz\u00e1zad k\u00f6z\u00f6tti \u00e1llami norv\u00e9gos\u00edt\u00e1si politik\u00e1k eredm\u00e9nyek\u00e9nt sokan, akiknek sz\u00e1mi vagy kven sz\u00e1rmaz\u00e1suk van, norv\u00e9g etnikai csoportk\u00e9nt azonos\u00edtott\u00e1k magukat.<\/p>\n<p>A norv\u00e9g kult\u00fara szorosan k\u00f6t\u0151dik agr\u00e1rm\u00faltj\u00e1hoz. A mez\u0151gazdas\u00e1gi hagyom\u00e1nyok k\u00f6r\u00fcl kialakult tizenkilencedik sz\u00e1zadi romantikus nacionalizmus form\u00e1lta a nyelvet, az irodalmat, a m\u0171v\u00e9szetet \u00e9s a zen\u00e9t \u2013 ez a hat\u00e1s ma is megmutatkozik a kultur\u00e1lis int\u00e9zm\u00e9nyek \u00e9s projektek korm\u00e1nyzati t\u00e1mogat\u00e1s\u00e1n kereszt\u00fcl. Az \u00e9p\u00edt\u00e9szeti \u00f6r\u00f6ks\u00e9g a k\u00f6z\u00e9pkori fatemplomokt\u00f3l \u2013 az urnesi fatemplom az UNESCO vil\u00e1g\u00f6r\u00f6ks\u00e9gi list\u00e1j\u00e1n szerepel \u2013 a Bryggen rakpart fa homlokzat\u00e1ig terjed. A k\u0151katedr\u00e1lisok, a kongsbergi barokk templomok \u00e9s a r\u00f8rosi f\u00e1b\u00f3l k\u00e9sz\u00fclt b\u00e1ny\u00e1szlak\u00e1sok egym\u00e1st k\u00f6vet\u0151 korszakokr\u00f3l tan\u00faskodnak. Christian H. Grosch tizenkilencedik sz\u00e1zad eleji tervei k\u00f6z\u00e9 tartozik az Osl\u00f3i Egyetem \u00e9s az Osl\u00f3i \u00c9rt\u00e9kt\u0151zsde. Az \u00c5lesund 1904-es rekonstrukci\u00f3ja bevezette a szecesszi\u00f3t Norv\u00e9gi\u00e1ba, m\u00edg a funkcionalizmus az 1930-as \u00e9vekben v\u00e1lt hangs\u00falyoss\u00e1. A huszadik sz\u00e1zad v\u00e9gi \u00e9p\u00edt\u00e9szek nemzetk\u00f6zi elismer\u00e9st szereztek; a K\u00e1r\u00e1\u0161johka k\u00f6zel\u00e9ben tal\u00e1lhat\u00f3 sz\u00e1mi parlament faburkolat\u00fa vitaterme a hagyom\u00e1nyos lavv\u00f3t id\u00e9zi.<\/p>\n<p>A konyham\u0171v\u00e9szet a tengeri \u00e9s mez\u0151gazdas\u00e1gi er\u0151forr\u00e1sokat t\u00fckr\u00f6zi. A tenger gy\u00fcm\u00f6lcsei, mint p\u00e9ld\u00e1ul a lazac, a hering, a pisztr\u00e1ng \u00e9s a t\u0151kehal, olyan sajtok mellett szerepelnek, mint a brunost, a jarlsberg \u00e9s a gamalost, a tejterm\u00e9kek \u00e9s a s\u0171r\u0171 kenyerek. A szezon\u00e1lis specialit\u00e1sok k\u00f6z\u00e9 tartozik a lefse, egy vajjal \u00e9s cukorral t\u00e1lalt burgony\u00e1s lep\u00e9nykeny\u00e9r; a tart\u00f3s\u00edtott \u00e9s erjesztett \u00e9telek, mint a lutefisk, a smalahove, a pinnekj\u00f8tt, a raspeball, a f\u00e5rik\u00e5l \u00e9s a rakefisk; valamint a sz\u00e9les k\u00f6rben elterjedt vaffel.<\/p>\n<p>Norv\u00e9gia hat sz\u00e1razf\u00f6ldi r\u00e9gi\u00f3ja \u2013 az Osl\u00f3t k\u00f6r\u00fclvev\u0151 \u00d8stlandet; Tr\u00f8ndelag; \u00c9szak-Norv\u00e9gia; Agder; Nyugat-Norv\u00e9gia; \u00e9s a sz\u00e1razf\u00f6ldi megy\u00e9k \u2013 v\u00e1ltozatos terepviszonyokkal \u00e9s kultur\u00e1lis hagyom\u00e1nyokkal rendelkezik. Svalbard sarkvid\u00e9ki k\u00f6rnyezete jegesmedv\u00e9knek \u00e9s m\u0171holdtelepeknek ad otthont, m\u00edg Jan Mayen k\u00fcl\u00f6n enged\u00e9ly n\u00e9lk\u00fcl nagyr\u00e9szt megk\u00f6zel\u00edthetetlen marad.<\/p>\n<p>Norv\u00e9gia 872-es egyes\u00edt\u00e9se \u00f3ta t\u00f6bb mint tizenegy \u00e9vsz\u00e1zadon \u00e1t folyamatos \u00e1llamis\u00e1got tartott fenn. Az alkotm\u00e1nyos monarchia, a parlament\u00e1ris demokr\u00e1cia \u00e9s az \u00e1tfog\u00f3 j\u00f3l\u00e9ti ell\u00e1t\u00e1sok kever\u00e9ke a magas \u00e9letsz\u00ednvonal, a gazdas\u00e1gi ellen\u00e1ll\u00f3 k\u00e9pess\u00e9g \u00e9s a politikai stabilit\u00e1s alapj\u00e1t k\u00e9pezi. A gazdag term\u00e9szeti adotts\u00e1gok, a k\u0151olajk\u00e9szletekt\u0151l a v\u00edzenergi\u00e1n \u00e1t a hal\u00e1szatig, vegyes gazdas\u00e1got \u00e9s a vil\u00e1g legnagyobb \u00e1llami vagyonalapj\u00e1t t\u00e1mogatj\u00e1k. A v\u00e1ltozatos \u00e9ghajlat \u00e9s t\u00e1j jelent\u0151s turisztikai vonzer\u0151t k\u00e9pvisel, az \u00c9szaki-sarkk\u00f6r feletti \u00e9jf\u00e9li naps\u00fct\u00e9ses \u00e9lm\u00e9nyekt\u0151l a nyugat-norv\u00e9giai fjordok felfedez\u00e9s\u00e9ig. A mez\u0151gazdas\u00e1gi hagyom\u00e1nyok, az irodalmi \u00e9s \u00e9p\u00edt\u00e9szeti teljes\u00edtm\u00e9nyek, valamint az \u00e9l\u00e9nk v\u00e1rosi k\u00f6zpontok tart\u00f3s kultur\u00e1lis lenyomata alak\u00edtja a f\u00f6ldrajz, a t\u00f6rt\u00e9nelem \u00e9s a t\u00e1rsadalmi egyenl\u0151s\u00e9g \u00e1ltal form\u00e1lt nemzeti identit\u00e1st.<\/p>","protected":false},"excerpt":{"rendered":"<p>Norv\u00e9gia, hivatalos nev\u00e9n Norv\u00e9g Kir\u00e1lys\u00e1g, egy skandin\u00e1v nemzet, amely \u00c9szak-Eur\u00f3p\u00e1ban, a Skandin\u00e1v-f\u00e9lszigeten tal\u00e1lhat\u00f3, lakoss\u00e1ga 2024-ben 5 576 660 f\u0151. A Norv\u00e9g Kir\u00e1lys\u00e1ghoz tartozik az elszigetelt sarkvid\u00e9ki Jan Mayen sziget \u00e9s a Svalbard szigetcsoport is. A kir\u00e1lys\u00e1gnak nem egy r\u00e9sze, a Bouvet-sziget a szubantarktiszban nem f\u00fcgg\u0151s\u00e9g; Norv\u00e9gia ig\u00e9nyt tart az antarktiszi I. P\u00e9ter-szigetre \u00e9s Maud kir\u00e1lyn\u0151 f\u00f6ldj\u00e9re is. Oslo Norv\u00e9gia f\u0151v\u00e1rosa \u00e9s legnagyobb v\u00e1rosa.<\/p>","protected":false},"author":1,"featured_media":3041,"parent":24078,"menu_order":0,"comment_status":"closed","ping_status":"closed","template":"elementor_theme","meta":{"_eb_attr":"","footnotes":""},"class_list":["post-12252","page","type-page","status-publish","has-post-thumbnail"],"_links":{"self":[{"href":"https:\/\/travelshelper.com\/hu\/wp-json\/wp\/v2\/pages\/12252","targetHints":{"allow":["GET"]}}],"collection":[{"href":"https:\/\/travelshelper.com\/hu\/wp-json\/wp\/v2\/pages"}],"about":[{"href":"https:\/\/travelshelper.com\/hu\/wp-json\/wp\/v2\/types\/page"}],"author":[{"embeddable":true,"href":"https:\/\/travelshelper.com\/hu\/wp-json\/wp\/v2\/users\/1"}],"replies":[{"embeddable":true,"href":"https:\/\/travelshelper.com\/hu\/wp-json\/wp\/v2\/comments?post=12252"}],"version-history":[{"count":0,"href":"https:\/\/travelshelper.com\/hu\/wp-json\/wp\/v2\/pages\/12252\/revisions"}],"up":[{"embeddable":true,"href":"https:\/\/travelshelper.com\/hu\/wp-json\/wp\/v2\/pages\/24078"}],"wp:featuredmedia":[{"embeddable":true,"href":"https:\/\/travelshelper.com\/hu\/wp-json\/wp\/v2\/media\/3041"}],"wp:attachment":[{"href":"https:\/\/travelshelper.com\/hu\/wp-json\/wp\/v2\/media?parent=12252"}],"curies":[{"name":"wp","href":"https:\/\/api.w.org\/{rel}","templated":true}]}}