{"id":12137,"date":"2024-09-15T15:14:54","date_gmt":"2024-09-15T15:14:54","guid":{"rendered":"https:\/\/travelshelper.com\/staging\/?page_id=12137"},"modified":"2026-03-12T18:45:26","modified_gmt":"2026-03-12T18:45:26","slug":"lengyelorszag","status":"publish","type":"page","link":"https:\/\/travelshelper.com\/hu\/destinations\/europe\/poland\/","title":{"rendered":"Lengyelorsz\u00e1g"},"content":{"rendered":"<p>Lengyelorsz\u00e1g az eur\u00f3pai kontinens sz\u00edv\u00e9ben fekszik, egy alig t\u00f6bb mint 38 milli\u00f3 lakos\u00fa nemzet, amely nagyj\u00e1b\u00f3l 312 700 km\u00b2 ter\u00fcleten ter\u00fcl el, \u00e9szakon a Balti-tenger homokos partjait\u00f3l d\u00e9len a K\u00e1rp\u00e1tok \u00e9s a Szud\u00e9t\u00e1k zord magaslataiig. Nyugaton N\u00e9metorsz\u00e1g, \u00e9szakkeleten Litv\u00e1nia \u00e9s Oroszorsz\u00e1g Kalinyingr\u00e1di ter\u00fclete, keleten Feh\u00e9roroszorsz\u00e1g \u00e9s Ukrajna, d\u00e9len pedig Szlov\u00e1kia \u00e9s Csehorsz\u00e1g k\u00f6z\u00f6tt elter\u00fcl\u0151 t\u00e1ja lapos s\u00edks\u00e1gok, lank\u00e1s dombok, s\u0171r\u0171 erd\u0151k, ezernyi t\u00f3 \u00e9s magas cs\u00facsok foltjaib\u00f3l \u00e1ll \u2013 mindezt m\u00e9rs\u00e9kelt \u00e9g\u00f6vi \u00e9ghajlat jellemzi, amely az \u00e9szaknyugati enyhe \u00f3ce\u00e1ni szell\u0151t\u0151l a d\u00e9lkeleti friss kontinent\u00e1lis leveg\u0151ig terjed.<\/p>\n<p>Az emberi tev\u00e9kenys\u00e9g els\u0151 villan\u00e1sait\u00f3l az als\u00f3 paleolitikumban a modern Vars\u00f3 utcai l\u00e1mp\u00e1inak f\u00e9ny\u00e9ig Lengyelorsz\u00e1g t\u00f6rt\u00e9nete elv\u00e1laszthatatlan az eur\u00f3pai t\u00f6rt\u00e9nelem t\u00e1gabb \u00e1ramlatait\u00f3l. Az utols\u00f3 j\u00e9gkorszak ut\u00e1n egym\u00e1st k\u00f6vet\u0151 telepes hull\u00e1mok tett\u00e9k otthonuknak ezeket a ter\u00fcleteket, de a kora k\u00f6z\u00e9pkorban egyes\u00fcltek a nyugatszl\u00e1v lengyelek a Piast-dinasztia alatt egy polg\u00e1ri k\u00f6z\u00f6ss\u00e9gg\u00e9. 966-ban I. Mieszko herceg felvette a kereszt\u00e9nys\u00e9get \u2013 ez a d\u00f6nt\u00e9s lerakta a k\u00e9s\u0151bb 1025-ben l\u00e9trej\u00f6tt Lengyel Kir\u00e1lys\u00e1g szellemi \u00e9s politikai alapjait. \u00c9vsz\u00e1zadokkal k\u00e9s\u0151bb a Lengyel\u2013litv\u00e1n k\u00f6z\u00f6ss\u00e9g v\u00e1laszthat\u00f3 monarchi\u00e1ja, amelyet az 1569-es lublini uni\u00f3 hozott l\u00e9tre, viszonylagos vall\u00e1si toleranci\u00e1j\u00e1r\u00f3l \u00e9s az 1791-es \u00fatt\u00f6r\u0151 alkotm\u00e1ny\u00e1r\u00f3l v\u00e1lt h\u00edress\u00e9, de az aranykor pomp\u00e1ja sem tudta meg\u00e1ll\u00edtani a szomsz\u00e9dos birodalmak \u00e1ltal a 18. sz\u00e1zad v\u00e9g\u00e9n v\u00e9grehajtott feloszt\u00e1sok \u00e1radat\u00e1t, amelyek 123 \u00e9vre elt\u00f6r\u00f6lt\u00e9k Lengyelorsz\u00e1got a t\u00e9rk\u00e9pr\u0151l.<\/p>\n<p>Amikor 1914 augusztus\u00e1ban elhallgattak a fegyverek, majd ism\u00e9t a birodalmak 1918-as \u00f6sszeoml\u00e1s\u00e1val, Lengyelorsz\u00e1g \u00fajra felemelkedett a M\u00e1sodik K\u00f6zt\u00e1rsas\u00e1gk\u00e9nt, \u00e9s egy vesz\u00e9lyes k\u00e9t vil\u00e1gh\u00e1bor\u00fa k\u00f6z\u00f6tti id\u0151szakot \u00e9lt \u00e1t, amelyet hat\u00e1rkonfliktusok, t\u00e1rsadalmi erjed\u00e9s \u00e9s egy modern nemzet\u00e1llam l\u00e9trehoz\u00e1s\u00e1nak amb\u00edci\u00f3ja jellemzett. Ez a t\u00f6r\u00e9keny f\u00fcggetlens\u00e9g 1939 szeptember\u00e9ben kataklizm\u00e1val szembes\u00fclt, amikor N\u00e9metorsz\u00e1g \u00e9s a Szovjetuni\u00f3 egyszerre t\u00e1madta meg Lengyelorsz\u00e1got, \u00e9s szabad\u00edtotta el a m\u00e1sodik vil\u00e1gh\u00e1bor\u00fat lengyel f\u00f6ld\u00f6n. A holokauszt megtizedelte Lengyelorsz\u00e1g \u00e9l\u00e9nk zsid\u00f3 k\u00f6z\u00f6ss\u00e9g\u00e9t, \u00e9s a h\u00e1bor\u00fa t\u00f6bb milli\u00f3 lengyel \u00e9letet k\u00f6vetelt. Ezt k\u00f6vet\u0151en Lengyelorsz\u00e1g N\u00e9pk\u00f6zt\u00e1rsas\u00e1gk\u00e9nt a szovjet szf\u00e9r\u00e1n bel\u00fcl tal\u00e1lta mag\u00e1t, kult\u00far\u00e1ja a vasf\u00fcgg\u00f6ny alatt maradt eg\u00e9szen a Szolidarit\u00e1s mozgalom 1980-as \u00e9vekbeli felemelked\u00e9s\u00e9ig \u00e9s az 1989-es sorsd\u00f6nt\u0151 t\u00e1rgyal\u00e1sokig, amelyek vissza\u00e1ll\u00edtott\u00e1k a liber\u00e1lis demokr\u00e1ci\u00e1t \u2013 Lengyelorsz\u00e1g \u00edgy lett az els\u0151 szovjet csatl\u00f3s\u00e1llam, amely kiszabadult, megteremtve a terepet 1999-es NATO- \u00e9s 2004-es Eur\u00f3pai Uni\u00f3-csatlakoz\u00e1s\u00e1hoz.<\/p>\n<p>Lengyelorsz\u00e1g ma egy f\u00e9lig eln\u00f6ki k\u00f6zt\u00e1rsas\u00e1g, k\u00e9tkamar\u00e1s parlamenttel \u2013 egy v\u00e1lasztott Szejmmel \u00e9s Szen\u00e1tussal \u2013, amelyet egy eln\u00f6k \u00e9s egy minisztereln\u00f6k egyens\u00falyoz ki. Piacgazdas\u00e1ga a nomin\u00e1lis GDP alapj\u00e1n a hatodik, a v\u00e1s\u00e1rl\u00f3er\u0151-parit\u00e1s alapj\u00e1n pedig az \u00f6t\u00f6dik legnagyobb az EU-ban, n\u00f6veked\u00e9se m\u00e9gis az elm\u00falt \u00e9vtizedekben sz\u00e1mos versenyt\u00e1rs\u00e1t fel\u00fclm\u00falta. A munkan\u00e9lk\u00fclis\u00e9g t\u00f6rt\u00e9nelmi m\u00e9lyponton, 3 sz\u00e1zal\u00e9k k\u00f6r\u00fcl mozog, a diverzifik\u00e1lt munkaer\u0151 pedig t\u00f6bb mint 60 sz\u00e1zal\u00e9kot k\u00e9pvisel a szolg\u00e1ltat\u00e1sokban, egyharmadot a feldolgoz\u00f3iparban, \u00e9s egy vir\u00e1gz\u00f3 mez\u0151gazdas\u00e1gi \u00e1gazatban. Innov\u00e1ci\u00f3s klaszterek vir\u00e1goznak Vars\u00f3ban, Krakk\u00f3ban \u00e9s Wroc\u0142awban, m\u00edg az ingyenes egyetemi oktat\u00e1s \u00e9s az egyetemes eg\u00e9szs\u00e9g\u00fcgyi ell\u00e1t\u00e1s hozz\u00e1j\u00e1rul a magas \u00e9letsz\u00ednvonalhoz \u00e9s a szil\u00e1rd gazdas\u00e1gi szabads\u00e1ghoz.<\/p>\n<p>F\u00f6ldrajzilag az orsz\u00e1g sz\u00e9pen feloszthat\u00f3 egy lapos k\u00f6z\u00e9ps\u0151 \u00e9s \u00e9szaki s\u00edks\u00e1gra, melyet foly\u00f3k \u2013 k\u00f6zt\u00fck a fens\u00e9ges Visztula, az Odera, a Warta \u00e9s a Bug \u2013 szeg\u00e9lyeznek, valamint egy dombos-hegyes d\u00e9lre. A Balti-tenger partvonala mintegy 770 km hosszan h\u00faz\u00f3dik, sz\u00e9l form\u00e1lta d\u0171n\u00e9k, parti gerincek \u00e9s tagolt \u00f6bl\u00f6k tark\u00edtj\u00e1k \u2013 ezek k\u00f6z\u00fcl a legnevezetesebb a Hel-f\u00e9lsziget \u00e9s a Visztula-lag\u00fana, amelyet Oroszorsz\u00e1ggal osztanak meg. A sz\u00e1razf\u00f6ld belsej\u00e9ben a Mazuri-t\u00f3vid\u00e9k t\u00f6bb ezer krist\u00e1lytiszta t\u00f3val b\u00fcszk\u00e9lkedhet, amelyek k\u00f6z\u00fcl a legnagyobbak a \u015aniardwy \u00e9s a Mamry, m\u00edg olyan m\u00e9ly hasad\u00e9kok, mint a Ha\u0144cza-t\u00f3, t\u00f6bb mint 100 m\u00e9terrel a felsz\u00edn alatt s\u00fcllyednek. A d\u00e9li sz\u00e9l\u00e9n a Szud\u00e9t\u00e1k \u00e9s a K\u00e1rp\u00e1tok emelkednek legmagasabbra, a Rysy-hegy (2501 m) \u00e9s a \u015anie\u017cka (1603 m) pedig meger\u0151ltet\u0151 emelked\u0151ket \u00e9s panor\u00e1m\u00e1s \u00e9lm\u00e9nyt k\u00edn\u00e1lnak. Lengyelorsz\u00e1g \u00e1tlagos tengerszint feletti magass\u00e1ga szer\u00e9ny, 173 m\u00e9ter, de \u00e9ghajlati tartom\u00e1nya az \u00e9szaknyugati \u00f3ce\u00e1ni h\u0171v\u00f6ss\u00e9gt\u0151l a m\u00e9rs\u00e9kelt \u00e9g\u00f6vi \u00e1tmeneti z\u00f3n\u00e1kon \u00e1t a T\u00e1tra magas hegyvid\u00e9ki viszonyaiig terjed. A ny\u00e1r j\u00faliusban k\u00f6r\u00fclbel\u00fcl 20 \u00b0C-ra melegszik, a telek decemberben -1 \u00b0C-ra s\u00fcllyed, a csapad\u00e9k pedig j\u00faniust\u00f3l szeptemberig tet\u0151zik \u2013 b\u00e1r az \u00e9ghajlatv\u00e1ltoz\u00e1s az elm\u00falt \u00e9vtizedben az \u00e1tlagos \u00e9ves h\u0151m\u00e9rs\u00e9kletet 9 \u00b0C f\u00f6l\u00e9 emelte, meghosszabb\u00edtva a nyarakat \u00e9s ler\u00f6vid\u00edtve a havas telet.<\/p>\n<p>K\u00f6zigazgat\u00e1silag tizenhat vajdas\u00e1g (tartom\u00e1ny) t\u00fckr\u00f6zi a t\u00f6rt\u00e9nelmi r\u00e9gi\u00f3kat: Maz\u00f3via k\u00f6zpontja Vars\u00f3, m\u00edg \u0141\u00f3d\u017a az ipari \u0141\u00f3d\u017a k\u00f6r\u00fcl helyezkedik el; Kis-Lengyelorsz\u00e1g Krakk\u00f3t \u00e9s a hegyeket foglalja mag\u00e1ban; Als\u00f3-Szil\u00e9zia pedig Wroc\u0142aw kultur\u00e1lis keresztez\u0151d\u00e9s\u00e9ben ter\u00fcl el. Minden vajdas\u00e1gban egy korm\u00e1ny \u00e1ltal kinevezett vajda, egy v\u00e1lasztott region\u00e1lis gy\u0171l\u00e9s \u00e9s egy e gy\u0171l\u00e9s \u00e1ltal megv\u00e1lasztott marsall osztozik a hatalomban, m\u00edg alattuk 380 megye \u00e9s 2477 telep\u00fcl\u00e9s tal\u00e1lhat\u00f3. A nagyobb v\u00e1rosok \u2013 Lengyelorsz\u00e1g pezsg\u0151 csom\u00f3pontjai \u2013 gyakran megyei \u00e9s k\u00f6zs\u00e9gi st\u00e1tusszal is rendelkeznek, hogy kezelni tudj\u00e1k burj\u00e1nz\u00f3 v\u00e1rosi ig\u00e9nyeiket.<\/p>\n<p>Lengyelorsz\u00e1g term\u00e9szeti vonzereje a v\u00e9dett ter\u00fcleteken ragyog: huszonh\u00e1rom nemzeti park, mint p\u00e9ld\u00e1ul a Bia\u0142owie\u017ca, Eur\u00f3pa utols\u00f3 \u0151serdeje, amely szabadon barangol\u00f3 b\u00f6l\u00e9nyeknek ad otthont; a T\u00e1tra Nemzeti Park, ahol a gleccsertavak, mint p\u00e9ld\u00e1ul a Morskie Oko, csillognak a csipk\u00e9zett cs\u00facsok alatt; a S\u0142owi\u0144ski, amely Eur\u00f3pa legnagyobb d\u0171n\u00e9ir\u0151l h\u00edres; \u00e9s a Karkonoski a zuhog\u00f3 v\u00edzes\u00e9seivel. A t\u00e1jparkok \u00e9s pufferz\u00f3n\u00e1k a t\u00far\u00e1z\u00f3kat, kajakosokat \u00e9s mad\u00e1rmegfigyel\u0151ket h\u00edvogatj\u00e1k, m\u00edg a Mazuri-tavak a vitorl\u00e1z\u00f3kat nyugodt v\u00edzfel\u00fcleteikre cs\u00e1b\u00edtj\u00e1k. Az Odera \u00e9s a Visztula, az egykor l\u00e9tfontoss\u00e1g\u00fa kereskedelmi f\u0151\u00fatvonalak, ma k\u00f6nnyed haj\u00f3utakat k\u00edn\u00e1lnak a t\u00f6rt\u00e9nelemmel teli v\u00e1rosokon kereszt\u00fcl.<\/p>\n<p>Lengyelorsz\u00e1g v\u00e1rosk\u00e9pei g\u00f3tikus tornyokat, barokk homlokzatokat \u00e9s avantg\u00e1rd modernit\u00e1st sz\u00f6venek \u00e1t. Vars\u00f3 apr\u00f3l\u00e9kosan rekonstru\u00e1lt \u00f3v\u00e1rosa \u2013 amelyet 1944-ben leromboltak \u00e9s arch\u00edv festm\u00e9nyekb\u0151l \u00fajj\u00e1sz\u00fcletett \u2013 a f\u0151v\u00e1ros Kir\u00e1lyi \u00fatj\u00e1nak k\u00f6zpontja, amely palot\u00e1kat, katedr\u00e1lisokat \u00e9s v\u00e1rosi parkokat k\u00f6t \u00f6ssze. Krakk\u00f3 k\u00f6z\u00e9pkori magja a hatalmas Piact\u00e9r k\u00f6r\u00fcli k\u00e1v\u00e9z\u00f3i \u00e9lettel l\u00fcktet, a Poszt\u00f3csarnok a renesz\u00e1nsz kereskedelem bizony\u00edt\u00e9ka, a k\u00f6zeli Wawel-kast\u00e9ly pedig a lengyel kir\u00e1lyok \u0151rz\u0151je. Gda\u0144sk, az egykori Hanza-kik\u00f6t\u0151, a Mot\u0142awa foly\u00f3t borosty\u00e1nsz\u00edn\u0171 keresked\u0151h\u00e1zak szeg\u00e9lyezik; Wroc\u0142aw tizenk\u00e9t sziget h\u00e1l\u00f3zat\u00e1n fekszik, hidakkal \u00e9s bar\u00e1ts\u00e1gos \u201et\u00f6rpe\u201d szobrokkal a sarkaiban elrejtve. Toru\u0144 s\u00e9rtetlen g\u00f3tikus sziluettje, Zamo\u015b\u0107 \u201eide\u00e1lis v\u00e1ros\u201d r\u00e1csa \u00e9s \u0141\u00f3d\u017a ipari \u00f6r\u00f6ks\u00e9gk\u00e9nt sz\u00e1mon tartott padl\u00e1sai mind a v\u00e1rosi fejl\u0151d\u00e9s egy-egy fejezet\u00e9t mes\u00e9lik el.<\/p>\n<p>A v\u00e1rak \u00e9s vid\u00e9ki eml\u00e9km\u0171vek \u00fagy tark\u00edtj\u00e1k a vid\u00e9ket, mint \u00e9kszerek a hull\u00e1mz\u00f3 mez\u0151k k\u00f6z\u00f6tt. Malbork t\u00e9glaer\u0151d\u00edtm\u00e9nyei a vil\u00e1g legnagyobb sz\u00e1razf\u00f6ldi v\u00e1r\u00e1nak c\u00edm\u00e9t v\u00edvj\u00e1k ki maguknak. A Sasf\u00e9szkek \u00f6sv\u00e9nye az Orla Per\u0107en \u2013 valamint a s\u00edks\u00e1gon megb\u00fav\u00f3 Krzy\u017ctop\u00f3r romjain \u2013 kereszt\u00fclhalad, m\u00edg D\u00e9l-Kis-Lengyelorsz\u00e1g fatemplomai, valamint a jawori \u00e9s \u015awidnicai b\u00e9ketemplomok Lengyelorsz\u00e1g szinkretikus spiritu\u00e1lis \u00f6r\u00f6ks\u00e9g\u00e9t t\u00fckr\u00f6zik. A zar\u00e1ndokok felmennek Jasna G\u00f3ra cz\u0119stochowai kolostor\u00e1ba, ahol a Fekete Madonna feh\u00e9r \u00e9s piros nemzeti sz\u00ednekben vonzza a t\u00f6megeket, mik\u00f6zben a hordaszer\u0171 felvonul\u00e1sok elmes\u00e9lik a nemzet k\u00fczdelmeit \u00e9s diadalait.<\/p>\n<p>Lengyelorsz\u00e1g konyh\u00e1ja, ak\u00e1rcsak t\u00f6rt\u00e9nelme, egyens\u00falyban tartja a kiad\u00f3s hagyom\u00e1nyokat a kreat\u00edv \u00fajj\u00e1\u00e9led\u00e9ssel. A pierogi burgony\u00e1val, sajttal vagy erdei gomb\u00e1kkal \u00e9rkezik; a bigos savany\u00fa k\u00e1poszt\u00e1val, vadh\u00fassal \u00e9s sert\u00e9sh\u00fassal p\u00e1rol\u00f3dik; a \u017curek \u2013 egy savany\u00fa rozsleves \u2013 kolb\u00e1sszal \u00e9s kem\u00e9ny toj\u00e1ssal meleg\u00edtve. Az oscypek, egy f\u00fcst\u00f6lt hegyi sajt, j\u00f3l illik a helyi m\u00e9zhez; a makowiec, egy m\u00e1kos zsemle, minden \u00fcnnepi asztalon megtal\u00e1lhat\u00f3. A vodka \u00edrott t\u00f6rt\u00e9nete itt bontakozik ki \u2013 maga a \u201evodka\u201d sz\u00f3 suttogta el\u0151sz\u00f6r a k\u00f6z\u00e9pkori feljegyz\u00e9sekben \u2013, m\u00e9gis ma a s\u00f6r \u00e9s a bor uralja a t\u00e1rsas\u00e1gi \u00f6sszej\u00f6veteleket, a borosty\u00e1nsz\u00edn\u0171 Grodziskie lagert\u0151l a gy\u00fcm\u00f6lcs\u00f6s region\u00e1lis borokig. A te\u00e1z\u00e1s a 19. sz\u00e1zad \u00f3ta el\u0151kel\u0151 esem\u00e9ny, m\u00edg a k\u00e1v\u00e9h\u00e1zak a 18. sz\u00e1zadra eml\u00e9keztetnek, arom\u00e1s fel\u00fcd\u00fcl\u00e9st k\u00edn\u00e1lva a barokk bels\u0151 terek k\u00f6z\u00f6tt.<\/p>\n<p>Lengyelorsz\u00e1g kultur\u00e1lis \u00e9lete eg\u00e9sz \u00e9vben pezseg a fesztiv\u00e1lok \u00e9s hagyom\u00e1nyok vil\u00e1g\u00e1ban. Szenteste \u2013 Wigilia \u2013 egy tizenk\u00e9t fog\u00e1sos h\u00fasmentes lakoma k\u00f6r\u00fcl zajlik szalm\u00e1val tele ter\u00edt\u0151k alatt, op\u0142atek osty\u00e1kat osztanak meg, \u00e9s \u00fcres helyeket tartanak fenn a t\u00e1vol l\u00e9v\u0151 szeretteiknek. A nagycs\u00fct\u00f6rt\u00f6ki paczki cukort\u00f3l csillog, a nagyb\u00f6jtet hirdetve; h\u00fasv\u00e9t h\u00e9tf\u0151n a nedves dyngusz \u00fcnneps\u00e9g j\u00e1t\u00e9kos v\u00edzicsat\u00e1kat v\u00e1lt ki a fiatalok k\u00f6r\u00e9ben. Mindenszentek napj\u00e1n a csal\u00e1dok gyerty\u00e1kat gy\u00fajtanak s\u00edrk\u00f6veken, tisztelegve az elhunytak el\u0151tt. A munkasz\u00fcneti napok \u2013 \u00f6sszesen 13 \u2013 a m\u00e1jusi alkotm\u00e1ny napj\u00e1t\u00f3l a novemberi f\u00fcggetlens\u00e9g napj\u00e1ig jel\u00f6lik a napt\u00e1rat, mindegyik a polg\u00e1ri eml\u00e9kezetet \u00e1gyazza be felvonul\u00e1sokba, koncertekbe \u00e9s csendes elm\u00e9lked\u00e9sbe.<\/p>\n<p>A k\u00e9pz\u0151m\u0171v\u00e9szet \u00e9s az \u00e9p\u00edt\u00e9szet \u00e1br\u00e1zolja Lengyelorsz\u00e1g r\u00e9tegzett hat\u00e1sait: a rom\u00e1n st\u00edlus\u00fa rotund\u00e1k v\u00f6r\u00f6s t\u00e9gl\u00e1s g\u00f3tikus templomoknak adj\u00e1k \u00e1t a hely\u00fcket; az olaszos renesz\u00e1nsz kereng\u0151k a lengyel manierista \u00e1rk\u00e1dok mellett \u00e1llnak; a barokk palot\u00e1k \u00e9s a neoklasszicista homlokzatok a kir\u00e1lyok \u00e9s nemesek amb\u00edci\u00f3it t\u00fckr\u00f6zik. A zakopanei st\u00edlus \u2013 amely a T\u00e1tra l\u00e1b\u00e1n\u00e1l a gor\u00e1l k\u00e9zm\u0171vesek k\u00f6r\u00e9ben jelent meg \u2013 a faragott fa d\u00edsz\u00edt\u00e9st \u00f6tv\u00f6zi az alpesi \u00e9rz\u00e9kenys\u00e9ggel. A n\u00e9pi \u00e9p\u00edt\u00e9szet a szabadt\u00e9ri m\u00fazeumokban marad fenn, ahol a r\u00f6nkh\u00e1zak, magt\u00e1rak \u00e9s er\u0151d\u00edtett templomok \u0151rzik azokat a vid\u00e9ki \u00e9letm\u00f3dokat, amelyeket a moderniz\u00e1ci\u00f3 szinte els\u00f6p\u00f6rt.<\/p>\n<p>Nyelv \u00e9s identit\u00e1s \u00f6sszefon\u00f3dik, mivel a polg\u00e1rok 97 sz\u00e1zal\u00e9ka lengyel\u00fcl besz\u00e9l anyanyelvk\u00e9nt, amelyet a szl\u00e1v nyelvtan \u00e9s a gazdag sz\u00f3kincs egyes\u00edt. A kisebbs\u00e9gi \u00e9s seg\u00e9dnyelvek \u2013 k\u00f6zt\u00fck a kasub \u2013 vir\u00e1goznak helyenk\u00e9nt, mik\u00f6zben a k\u00e9tnyelv\u0171 feliratok tisztelegnek N\u00e9metorsz\u00e1g \u00e9s Litv\u00e1nia k\u00f6z\u00f6s \u00f6r\u00f6ks\u00e9ge el\u0151tt. A mai polihisztor gener\u00e1ci\u00f3 angolul, n\u00e9met\u00fcl \u00e9s oroszul besz\u00e9l, Lengyelorsz\u00e1g iskol\u00e1i \u00e9s egyetemei pedig er\u0151s\u00edtik a nyelvi pluralizmust, mik\u00f6zben a demogr\u00e1fiai trendek alacsony, 1,33 gyermek\/n\u0151 term\u00e9kenys\u00e9gi r\u00e1t\u00e1t \u00e9s 42 \u00e9v feletti medi\u00e1n \u00e9letkort mutatnak \u2013 ami az el\u00f6reged\u0151 t\u00e1rsadalom bizony\u00edt\u00e9ka.<\/p>\n<p>A k\u00f6zleked\u00e9si h\u00e1l\u00f3zatok j\u00f3l mutatj\u00e1k az orsz\u00e1g szerep\u00e9t, mint \u00fatkeresztez\u0151d\u00e9st. Az E30-as \u00e9s E40-es aut\u00f3p\u00e1ly\u00e1k szelik \u00e1t a kontinent\u00e1lis art\u00e9ri\u00e1kat, m\u00edg t\u00f6bb mint 5000 km-nyi aut\u00f3p\u00e1lya \u00e9s gyorsforgalmi \u00fat gyors\u00edtja fel a kereskedelmet. Lengyelorsz\u00e1g vas\u00fatjai \u2013 k\u00f6zel 19 400 km-es p\u00e1ly\u00e1val, ami hosszban a harmadik az EU-ban \u2013 region\u00e1lis csom\u00f3pontokat \u00e9s f\u0151v\u00e1rosi ing\u00e1z\u00f3rendszereket k\u00f6tnek \u00f6ssze a PKP \u00e9s a helyi \u00fczemeltet\u0151k gondos fel\u00fcgyelete alatt. A vars\u00f3i Chopin rep\u00fcl\u0151t\u00e9r, a Krakk\u00f3-Balice \u00e9s a gda\u0144ski Lech Wa\u0142\u0119sa rep\u00fcl\u0151terek naponta ind\u00edtanak j\u00e1ratokat Eur\u00f3pa-szerte \u00e9s azon t\u00fal, m\u00edg a LOT Polish Airlines modern rep\u00fcl\u0151g\u00e9peket \u00fczemeltet belf\u00f6ldi kifut\u00f3p\u00e1ly\u00e1kr\u00f3l. A Balti-tenger menti tengeri kapuk \u2013 Gda\u0144sk, Gdynia, Szczecin \u2013 a glob\u00e1lis piacokra sz\u00e1ll\u00edtj\u00e1k az \u00e1rukat, a kompok pedig j\u00e1rm\u0171veket \u00e9s vas\u00fati kocsikat sz\u00e1ll\u00edtanak a tengeren \u00e1t Skandin\u00e1vi\u00e1ba.<\/p>\n<p>Lengyelorsz\u00e1g turizmusa a felfedez\u00e9s \u00e9s az \u00fajrafelfedez\u00e9s fordul\u00f3pontj\u00e1n \u00e1ll. 2021-ben a k\u00fclf\u00f6ldi l\u00e1togat\u00f3k adatai alapj\u00e1n Lengyelorsz\u00e1g a vil\u00e1g 12. legl\u00e1togatottabb orsz\u00e1ga volt, a turizmus a GDP t\u00f6bb mint 4 sz\u00e1zal\u00e9k\u00e1t tette ki, \u00e9s k\u00f6zel 200 000 embert foglalkoztatott a vend\u00e9gl\u00e1t\u00e1sban. A l\u00e1togat\u00f3k az\u00e9rt j\u00f6nnek, hogy \u00e1tszelj\u00e9k a Visztula rakpartjait, barangoljanak a Wawel-sz\u00e9kesegyh\u00e1z boltozatos mennyezete alatt, bepillantsanak a wieliczkai s\u00f3b\u00e1nya kereszt alak\u00fa folyos\u00f3iba, vagy filmes mag\u00e1nyra leljenek Bieszczady vid\u00e9k\u00e9n. Minden visszat\u00e9r\u0151 l\u00e1togat\u00e1s \u00faj fesztiv\u00e1lokat, m\u00fazeumokat, gal\u00e9ri\u00e1kat \u00e9s \u00e9lvonalbeli kultur\u00e1lis int\u00e9zm\u00e9nyeket t\u00e1r fel, amelyek Vars\u00f3 kort\u00e1rs m\u0171v\u00e9szeti negyedeiben vagy \u0141\u00f3d\u017a \u00e1talak\u00edtott gy\u00e1r\u00e9p\u00fcleteiben l\u00fcktetnek.<\/p>\n<p>A nevezetess\u00e9geken t\u00fal azonban Lengyelorsz\u00e1g legnagyobb vonzereje ott rejlik: az emberek. Melegsz\u00edv\u0171ek, kitart\u00f3ak \u00e9s tal\u00e1l\u00e9konyak, a lengyelek ezer\u00e9ves t\u00f6rt\u00e9nelm\u00fcket a mindennapi \u00e9let\u00fckben hordozz\u00e1k, megeml\u00e9keznek a m\u00falt k\u00fczdelmeir\u0151l \u00e9s \u00fcnneplik a jelen diadalait. Feh\u00e9r-piros z\u00e1szl\u00f3k lobognak az erk\u00e9lyekr\u0151l, gyerekek tanulnak hagyom\u00e1nyos t\u00e1ncokat a v\u00e1rosi tereken, k\u00e9zm\u0171vesek \u00e9vsz\u00e1zados mesters\u00e9geket gyakorolnak f\u00e1b\u00f3l, ker\u00e1mi\u00e1b\u00f3l \u00e9s ez\u00fcstb\u0151l. A k\u00e1v\u00e9z\u00f3kban \u00e9s s\u00f6rkertekben hangok sz\u00e1llnak fel a h\u00e1zi k\u00e9sz\u00edt\u00e9s\u0171 p\u00f6rk\u00f6lt t\u00e1ny\u00e9rjai felett, szenved\u00e9lyes vit\u00e1k \u00e9l\u00e9nk\u00edtik a politik\u00e1t \u00e9s a k\u00f6lt\u00e9szetet egyar\u00e1nt. Az eml\u00e9kezet \u00e9s a modernit\u00e1s k\u00f6lcs\u00f6nhat\u00e1sa adja Lengyelorsz\u00e1g elektromos t\u00f6lt\u00e9s\u00e9t \u2013 egy id\u0151tlen \u00e9s folyamatosan fejl\u0151d\u0151 orsz\u00e1got.<\/p>\n<p>V\u00e9gs\u0151 soron Lengyelorsz\u00e1g dacol az egyetlen kategoriz\u00e1l\u00e1ssal. K\u00f6z\u00e9pkori er\u0151d\u00f6k \u00e9s avantg\u00e1rd v\u00e1rosk\u00e9pek, \u00fcnnep\u00e9lyes eml\u00e9kez\u00e9s \u00e9s \u00f6r\u00f6mteli n\u00e9pi ritu\u00e1l\u00e9k, m\u00e9ly erd\u0151k \u00e9s ny\u00edlt \u00e9gbolt f\u00f6ldje. M\u00faltja v\u00e1rakba v\u00e9s\u0151d\u00f6tt, jelene a v\u00e1rosi innov\u00e1ci\u00f3kban z\u00fcmm\u00f6g, j\u00f6v\u0151je pedig egy olyan t\u00e1rsadalom optimizmus\u00e1ban csillog, amely legy\u0151zte a megosztotts\u00e1gokat, h\u00e1bor\u00fakat \u00e9s tekint\u00e9lyelv\u0171 uralmat. Az utaz\u00f3 sz\u00e1m\u00e1ra Lengyelorsz\u00e1g nemcsak az UNESCO vil\u00e1g\u00f6r\u00f6ks\u00e9geinek \u00e9s hegycs\u00facsainak list\u00e1j\u00e1t k\u00edn\u00e1lja, hanem egy megh\u00edv\u00e1st, hogy l\u00e9pjen be Eur\u00f3pa dinamikus sz\u00edv\u00e9be \u2013 hallgassa t\u00f6rt\u00e9neteit macskak\u00f6ves utc\u00e1kon \u00e9s erdei tiszt\u00e1sokon, k\u00f3stolja meg l\u00e9lekkel teli konyh\u00e1j\u00e1t gyertyaf\u00e9nyes kocsm\u00e1kban, \u00e9s minden k\u00e9zfog\u00e1sban tal\u00e1lkozzon azoknak az embereknek a rugalmass\u00e1g\u00e1val \u00e9s melegs\u00e9g\u00e9vel, akik sz\u00e1m\u00e1ra a t\u00f6rt\u00e9nelem t\u00e1j\u00e9koztat, de nem hat\u00e1rozza meg, hogy mi v\u00e1r r\u00e1juk.<\/p>","protected":false},"excerpt":{"rendered":"<p>Lengyelorsz\u00e1g, hivatalos nev\u00e9n a Lengyel K\u00f6zt\u00e1rsas\u00e1g, K\u00f6z\u00e9p-Eur\u00f3p\u00e1ban tal\u00e1lhat\u00f3, \u00e9s lakoss\u00e1ga meghaladja a 38 milli\u00f3t. A sz\u00e1nd\u00e9kosan a kontinens k\u00f6z\u00e9ppontj\u00e1ba helyezett Lengyelorsz\u00e1g a Balti-tenger \u00e9szaki partj\u00e1t\u00f3l a d\u00e9li Szud\u00e9t\u00e1kig \u00e9s a K\u00e1rp\u00e1tokig h\u00faz\u00f3dik. F\u00f6ldrajza nagyon fontos volt t\u00f6rt\u00e9nelm\u00e9nek, kult\u00far\u00e1j\u00e1nak \u00e9s gazdas\u00e1gi n\u00f6veked\u00e9s\u00e9nek kialak\u00edt\u00e1s\u00e1ban. A nemzet nyugaton N\u00e9metorsz\u00e1ggal, keleten Feh\u00e9roroszorsz\u00e1ggal \u00e9s Ukrajn\u00e1val, d\u00e9len Szlov\u00e1ki\u00e1val \u00e9s Csehorsz\u00e1ggal, \u00e9szakkeleten Litv\u00e1ni\u00e1val \u00e9s az orosz Kalinyingr\u00e1di ter\u00fclettel hat\u00e1ros. Lengyelorsz\u00e1g k\u00fcl\u00f6nleges helyzete t\u00f6rt\u00e9nelme sor\u00e1n Kelet- \u00e9s Nyugat-Eur\u00f3pa l\u00e9tfontoss\u00e1g\u00fa v\u00e1lasz\u00fatj\u00e1v\u00e1 tette.<\/p>","protected":false},"author":1,"featured_media":2996,"parent":24078,"menu_order":0,"comment_status":"closed","ping_status":"closed","template":"elementor_theme","meta":{"_eb_attr":"","footnotes":""},"class_list":["post-12137","page","type-page","status-publish","has-post-thumbnail"],"_links":{"self":[{"href":"https:\/\/travelshelper.com\/hu\/wp-json\/wp\/v2\/pages\/12137","targetHints":{"allow":["GET"]}}],"collection":[{"href":"https:\/\/travelshelper.com\/hu\/wp-json\/wp\/v2\/pages"}],"about":[{"href":"https:\/\/travelshelper.com\/hu\/wp-json\/wp\/v2\/types\/page"}],"author":[{"embeddable":true,"href":"https:\/\/travelshelper.com\/hu\/wp-json\/wp\/v2\/users\/1"}],"replies":[{"embeddable":true,"href":"https:\/\/travelshelper.com\/hu\/wp-json\/wp\/v2\/comments?post=12137"}],"version-history":[{"count":0,"href":"https:\/\/travelshelper.com\/hu\/wp-json\/wp\/v2\/pages\/12137\/revisions"}],"up":[{"embeddable":true,"href":"https:\/\/travelshelper.com\/hu\/wp-json\/wp\/v2\/pages\/24078"}],"wp:featuredmedia":[{"embeddable":true,"href":"https:\/\/travelshelper.com\/hu\/wp-json\/wp\/v2\/media\/2996"}],"wp:attachment":[{"href":"https:\/\/travelshelper.com\/hu\/wp-json\/wp\/v2\/media?parent=12137"}],"curies":[{"name":"wp","href":"https:\/\/api.w.org\/{rel}","templated":true}]}}