{"id":12128,"date":"2024-09-15T14:54:55","date_gmt":"2024-09-15T14:54:55","guid":{"rendered":"https:\/\/travelshelper.com\/staging\/?page_id=12128"},"modified":"2026-03-12T19:45:46","modified_gmt":"2026-03-12T19:45:46","slug":"braga","status":"publish","type":"page","link":"https:\/\/travelshelper.com\/hu\/destinations\/europe\/portugal\/braga\/","title":{"rendered":"Braga"},"content":{"rendered":"<p>Braga Portug\u00e1lia z\u00f6ldell\u0151 Minho r\u00e9gi\u00f3j\u00e1nak sz\u00edv\u00e9ben \u00e1ll, olyan v\u00e1rosk\u00e9nt, amelynek \u0151si alapjai \u00e9s modern amb\u00edci\u00f3i egy v\u00e1ltozatos \u00e9s bens\u0151s\u00e9ges t\u00e1jon tal\u00e1lkoznak. 2023-ban 201 583 lakossal, 183,40 n\u00e9gyzetkilom\u00e9teres ter\u00fcleten Portug\u00e1lia hetedik legn\u00e9pesebb telep\u00fcl\u00e9se. V\u00e1rosi terjeszked\u00e9se a C\u00e1vado foly\u00f3 partj\u00e1t\u00f3l terjeszkedik, mag\u00e1ba foglalva a lank\u00e1s dombokat, szent\u00e9lyeket \u00e9s a vir\u00e1gz\u00f3 technol\u00f3giai szektor g\u00e9peit. Braga ker\u00fclet \u00e9s az \u0151si Minho tartom\u00e1ny f\u0151v\u00e1rosak\u00e9nt a v\u00e1rost r\u00e9g\u00f3ta kett\u0151s szerepe hat\u00e1rozza meg: egyh\u00e1zi pr\u00edms\u00e9g \u00e9s kereskedelmi csom\u00f3pont, amely a r\u00f3mai Gallaecia tartom\u00e1ny, majd k\u00e9s\u0151bb a szv\u00e9bek kir\u00e1lys\u00e1g\u00e1nak k\u00f6zpontja volt, miel\u0151tt a huszonegyedik sz\u00e1zadban vir\u00e1gkor\u00e1t \u00e9lte volna, mint az innov\u00e1ci\u00f3 k\u00f6zpontja a Szent Jakab portug\u00e1l \u00fat ment\u00e9n.<\/p>\n<p>Att\u00f3l a pillanatt\u00f3l kezdve, hogy meg\u00e9rkez\u00fcnk Brag\u00e1ba, ak\u00e1r a Port\u00f3b\u00f3l \u00e9szakra kanyarog\u00f3 region\u00e1lis vas\u00fatvonalon, ak\u00e1r a Serra dos Carvalhos \u00e9s a Serra dos Picos hegys\u00e9g vonalait k\u00f6vet\u0151 kanyarg\u00f3s \u00fath\u00e1l\u00f3zaton, a v\u00e1ros domborzati soksz\u00edn\u0171s\u00e9ge nyilv\u00e1nval\u00f3. \u00c9szakon a telep\u00fcl\u00e9st a C\u00e1vado f\u00e9lig s\u00edk \u00e1rtere \u00f6leli k\u00f6r\u00fcl, sz\u00e9les p\u00e1ly\u00e1ja az atlanti-\u00f3ce\u00e1ni hat\u00e1s\u00fa \u00e9g alatt t\u00fckr\u00f6zi a reggeli k\u00f6d\u00f6ket. Kelet fel\u00e9 a terep gyorsan emelkedik, feny\u0151- \u00e9s t\u00f6lgyf\u00e1kkal tark\u00edtott lejt\u0151k\u00f6n, amelyek a Serra do Carvalho 479 m\u00e9teres cs\u00facs\u00e1ig, valamint a Monte do Sameiro (572 m\u00e9ter) \u00e9s a Monte de Santa Marta (562 m\u00e9ter) kett\u0151s emelked\u0151iig emelkednek. Ezen magaslatok k\u00f6z\u00f6tt az Este foly\u00f3 szeli \u00e1t a Vale d&#039;Este foly\u00f3t, amelyhez lefel\u00e9 a Veiga \u00e9s a Labriosca foly\u00f3 csatlakozik, mik\u00f6zben leereszkednek a sz\u00e9lesebb C\u00e1vado-medenc\u00e9be. Ez a term\u00e9szeti gazdags\u00e1g, amely a foly\u00f3v\u00f6lgyekben 20 m\u00e9ter tengerszint feletti magass\u00e1gt\u00f3l az 570 m\u00e9tert megk\u00f6zel\u00edt\u0151 cs\u00facsokig terjed, form\u00e1lja mind Braga peremvid\u00e9k\u00e9nek megm\u0171velt f\u00f6ldjeit, mind a k\u00f6z\u00e9pkori k\u00f6vekre tapad\u00f3 reggeli leveg\u0151t.<\/p>\n<p>Az \u00e9vszakoss\u00e1g itt hangs\u00falyos, m\u00e9gis enyhe. Az \u00f3ce\u00e1n hat\u00e1sa m\u00e9rs\u00e9kli a sz\u00e9ls\u0151s\u00e9geket, p\u00e1r\u00e1s nyugati szeleket f\u00fajva a v\u00f6lgyeken kereszt\u00fcl, \u00edgy a relat\u00edv p\u00e1ratartalom hajnalban eg\u00e9sz \u00e9vben k\u00f6r\u00fclbel\u00fcl 80 sz\u00e1zal\u00e9k. A ny\u00e1ri nappalok abszol\u00fat maximuma el\u00e9rheti a 42,2 \u00b0C-ot, m\u00edg a t\u00e9li \u00e9jszak\u00e1k -7 \u00b0C-ra s\u00fcllyednek, fagy m\u00e9gis kevesebb mint harminc napon fordul el\u0151 \u00e9vente, \u00e9s a csapad\u00e9k \u2013 \u00f6sszesen k\u00f6zel 1450 millim\u00e9ter \u2013 els\u0151sorban \u0151szre, t\u00e9lre \u00e9s tavaszra oszlik el. Ezek az \u00e9ghajlati ritmusok alapozz\u00e1k mind a v\u00e1ros feletti lejt\u0151k\u00f6n tal\u00e1lhat\u00f3 sz\u0151l\u0151teraszokat, mind a S\u00e9-sz\u00e9kesegyh\u00e1z cser\u00e9ptet\u0151ir\u0151l felsz\u00e1ll\u00f3 t\u00e9li csendes p\u00e1rafelh\u0151t.<\/p>\n<p>Braga \u201e\u00e9rsekek v\u00e1rosak\u00e9nt\u201d val\u00f3 identit\u00e1sa egy olyan vall\u00e1si \u00f6r\u00f6ks\u00e9gen nyugszik, amelyhez hasonl\u00f3 Portug\u00e1li\u00e1ban m\u00e1shol nem tal\u00e1lunk. Ami\u00f3ta Augustus cs\u00e1sz\u00e1r Bracara Augusta n\u00e9ven megalap\u00edtotta a telep\u00fcl\u00e9st, Gallaecia f\u0151v\u00e1rosak\u00e9nt tervezt\u00e9k, f\u00f3ruma \u00e9s f\u00fcrd\u0151i \u2013 mint p\u00e9ld\u00e1ul a Maximinos r\u00f3mai term\u00e1i \u2013 tan\u00faskodnak a Kr. u. 1-3. sz\u00e1zadi v\u00e1rosi \u00e9letr\u0151l. A bragai \u00e9rseks\u00e9g, amelyet az orsz\u00e1g legr\u00e9gebbi egyh\u00e1zmegy\u00e9jek\u00e9nt alap\u00edtottak, a spanyol pr\u00edms\u00e1g sz\u00e9khely\u00e9t is birtokolja, ami a hit\u00e9letben bet\u00f6lt\u00f6tt kiemelked\u0151 szerep\u00e9nek bizony\u00edt\u00e9ka. Maga a bragai sz\u00e9kesegyh\u00e1z, amelynek fekete gr\u00e1nit homlokzata ellent\u00e9tben \u00e1ll a bels\u0151 t\u00e9r bonyolult barokk r\u00e9szleteivel, sz\u00e1mtalan felvonul\u00e1st, zsinatot \u00e9s szertart\u00e1st szervezett rom\u00e1n st\u00edlus\u00fa kezdetei \u00f3ta. A k\u00f6zelben tal\u00e1lhat\u00f3 a XXIX. r\u00f3mai m\u00e9rf\u00f6ldk\u0151 az \u0151si Via Romana XVIII ment\u00e9n, amely az Asturica August\u00e1ba vezet\u0151 cs\u00e1sz\u00e1ri utat jel\u00f6li, \u00e9s arra a korszakra eml\u00e9keztet, amikor eg\u00e9sz Hisp\u00e1nia erre a foly\u00f3parti keresztez\u0151d\u00e9sre tal\u00e1lt.<\/p>\n<p>A k\u00f6z\u00e9pkorban Braga egyh\u00e1zi hatalmi tornya t\u00falny\u00falt a vall\u00e1si funkci\u00f3kon. Az \u00f6t\u00f6dik sz\u00e1zadban a v\u00e1ros a szv\u00e9bi kir\u00e1lys\u00e1g f\u0151v\u00e1rosa lett, amely az egyik legkor\u00e1bbi ut\u00f3dbirodalmak egyike volt, amely laz\u00edtott a r\u00f3maiak uralm\u00e1n Ib\u00e9ria felett. Braga v\u00e1r\u00e1nak megmaradt tornya \u2013 amelyet D\u00e9nes kir\u00e1ly uralkod\u00e1sa alatt emeltek, \u00e9s egykor a sz\u00e9kesegyh\u00e1z k\u00f6r\u00fcli v\u00e9delmi \u00f6vezet r\u00e9sze volt \u2013 csendes \u0151rszemk\u00e9nt szolg\u00e1l e r\u00e9tegzett szuverenit\u00e1sok felett. \u00c1rny\u00e9k\u00e1n t\u00fal a Porta Nova diadal\u00edve \u00e1ll, amelyet Andr\u00e9 Soares tervezett a tizennyolcadik sz\u00e1zad v\u00e9g\u00e9n, \u00e9s amely a r\u00e9gi v\u00e1ros nyugati bej\u00e1rat\u00e1t keretezi. Ez a barokk \u00e9s neoklasszicista diadal\u00edv, amelyet 1512-ben nyitottak meg, egykor el\u0151kel\u0151 vend\u00e9geket fogadott, ma pedig a Rua de Souto felett \u00e1ll, ahol k\u00e1v\u00e9z\u00f3k folynak bele a nappali \u00e9letbe, \u00e9s a helyi \u00e9let bontakozik ki a z\u00e1r\u00f3k\u00f6vei alatt.<\/p>\n<p>A v\u00e1ros k\u00f6z\u00e9pkori \u00e9s kora \u00fajkori vitalit\u00e1s\u00e1t vall\u00e1si \u00e9s polg\u00e1ri eml\u00e9km\u0171vek konstell\u00e1ci\u00f3ja \u0151rzi. A mont\u00e9liosi S\u00e3o Frutuoso k\u00e1polna, egy hetedik sz\u00e1zadi, g\u00f6r\u00f6g kereszt alak\u00fa vizig\u00f3t \u00e9p\u00edtm\u00e9ny, a f\u00e9lsziget legr\u00e9gebbi kereszt\u00e9ny \u00e9p\u00edtm\u00e9nyei k\u00f6z\u00e9 tartozik. A 17. \u00e9s 18. sz\u00e1zadban \u00fajj\u00e1\u00e9p\u00edtett Tib\u00e3es-i kolostor aranyozott olt\u00e1rk\u00e9peivel \u00e9s gondosan faragott famunk\u00e1ival ragyog, felid\u00e9zve azt a pillanatot, amikor a benc\u00e9s szerzetess\u00e9g form\u00e1lta mind a helyi kult\u00far\u00e1t, mind az egyh\u00e1z t\u00e1gabb hat\u00f3k\u00f6r\u00e9t. Ek\u00f6zben a Raio-palota, Andr\u00e9 Soares k\u00e9k azulejo homlokzat\u00e1val, \u00e9s a Carlos Amarante \u00e1ltal tervezett S\u00e3o Marcos k\u00f3rh\u00e1z Braga barokk renesz\u00e1nsz\u00e1t tan\u00fas\u00edtja a 18. sz\u00e1zadban, abban az id\u0151szakban, amely a v\u00e1rosra hagyta a B\u00e1lv\u00e1nyk\u00fatat \u2013 egy els\u0151 sz\u00e1zadi szent\u00e9lyt egy \u0151slakos istens\u00e9gnek \u2013 \u00e9s az ikonikus H\u00e9t Forr\u00e1s V\u00edzvezet\u00e9ket is, amelynek boltozatos \u00edvei egykor vasban gazdag forr\u00e1sokat sz\u00e1ll\u00edtottak Frai\u00e3ob\u00f3l a v\u00e1rosk\u00f6zpontba.<\/p>\n<p>Braga, r\u00e9gis\u00e9geinek s\u00falyoss\u00e1ga ellen\u00e9re, figyelemre m\u00e9lt\u00f3 v\u00e1llalkoz\u00f3i lend\u00fclettel ragadta meg a huszonegyedik sz\u00e1zad lehet\u0151s\u00e9geit. A portug\u00e1l \u00e9s a spanyol korm\u00e1ny \u00e1ltal k\u00f6z\u00f6sen l\u00e9trehozott Nemzetk\u00f6zi Ib\u00e9riai Nanotechnol\u00f3giai Laborat\u00f3rium a v\u00e1ros k\u00fclv\u00e1ros\u00e1ban tal\u00e1lhat\u00f3 kutat\u00e1si folyos\u00f3t foglalja mag\u00e1ban, m\u00edg a Brag\u00e1ban sz\u00fcletett \u00e9s m\u00e1ra v\u00e1llalati projektmenedzsment szoftverek multinacion\u00e1lis sz\u00e1ll\u00edt\u00f3j\u00e1v\u00e1 v\u00e1lt PRIMAVERA BSS a digit\u00e1lis gazdas\u00e1got viszi el\u0151re. Az aut\u00f3ipar is otthonra lel itt: az Aptiv m\u0171szaki k\u00f6zpontja infotainment rendszereket tervez a kor\u00e1bbi Grundig \u00e9p\u00fcletekben, a Bosch \u00e9rz\u00e9kel\u0151- \u00e9s elektronikai campusa mellett, amely a Minh\u00f3i Egyetemmel 2012-ben megkezdett partners\u00e9g ut\u00e1n vir\u00e1gzott fel. Val\u00f3j\u00e1ban maga az egyetem \u2013 amelynek campusai a v\u00e1rosk\u00f6zpontban, a Braga Parque-ban \u00e9s a Gualtar campuson kereszt\u00fcl h\u00faz\u00f3dnak \u2013 kataliz\u00e1tork\u00e9nt, inkub\u00e1tork\u00e9nt \u00e9s t\u00e1rsadalmi kapcsolatk\u00e9nt szolg\u00e1l, b\u00e1rokkal \u00e9s di\u00e1kbar\u00e1t \u00e9ttermekkel, amelyek \u00e9l\u00e9nk\u00edtik a k\u00f6rny\u00e9keket, \u00e9s helyi \u00f6sszehasonl\u00edt\u00e1sokat v\u00e1ltanak ki a Szil\u00edcium-v\u00f6lgyh\u00f6z. 2018-ban a v\u00e1ros adott otthont Angela Merkel n\u00e9met kancell\u00e1rnak \u00e9s Ant\u00f3nio Costa portug\u00e1l minisztereln\u00f6knek egy \u00faj technol\u00f3giai kampusz avat\u00e1s\u00e1n, hangs\u00falyozva Braga szerep\u00e9t az eur\u00f3pai kutat\u00e1s \u00e9s fejleszt\u00e9s k\u00f6zpontjak\u00e9nt.<\/p>\n<p>A k\u00f6zleked\u00e9si infrastrukt\u00fara l\u00e9p\u00e9st tartva fejl\u0151d\u00f6tt ezekkel az amb\u00edci\u00f3kkal. Egy szer\u00e9ny rep\u00fcl\u0151t\u00e9r Palmeir\u00e1ban k\u00f6nny\u0171 rep\u00fcl\u0151g\u00e9peket fogad, de a nemzetk\u00f6zi utaz\u00e1sokhoz a lakosok a port\u00f3i S\u00e1 Carneiro rep\u00fcl\u0151t\u00e9rre t\u00e1maszkodnak, amely mintegy \u00f6tven kilom\u00e9terre d\u00e9lnyugatra tal\u00e1lhat\u00f3, \u00e9s nagysebess\u00e9g\u0171 vas\u00fatvonallal vagy egy \u00f3r\u00e1n bel\u00fcl a v\u00e1rosi folyos\u00f3n \u00e1thalad\u00f3 Aerobusszal k\u00f6zel\u00edthet\u0151 meg. Mag\u00e1n Brag\u00e1n bel\u00fcl a TUB buszh\u00e1l\u00f3zat hetvenhat vonalat \u00fczemeltet h\u00e1romsz\u00e1z kilom\u00e9teren kereszt\u00fcl, t\u00f6rt\u00e9nelmi pl\u00e9b\u00e1ni\u00e1kat, ipari parkokat \u00e9s k\u00fclv\u00e1rosi lak\u00f3negyedeket k\u00f6tve \u00f6ssze. Region\u00e1lis \u00e9s InterCity vonatok csatlakoznak Lisszabonhoz, Coimbr\u00e1hoz \u00e9s azon t\u00falra, biztos\u00edtva, hogy Braga l\u00fcktet\u00e9se szinkronban maradjon az orsz\u00e1g f\u0151v\u00e1ros\u00e1val \u00e9s a tengerparti metropoliszokkal.<\/p>\n<p>Braga kultur\u00e1lis napt\u00e1ra a tudom\u00e1nyos kutat\u00e1st a n\u00e9pszer\u0171 \u00fcnnepekkel \u00f6tv\u00f6zi. Minden m\u00e1jusban vagy j\u00faniusban a Bracara Augusta fesztiv\u00e1l a v\u00e1rosk\u00f6zpontot a r\u00f3mai \u00e9let emblematikus l\u00e1tv\u00e1nyoss\u00e1g\u00e1v\u00e1 var\u00e1zsolja: a polg\u00e1rok tunik\u00e1kat \u00e9s szand\u00e1lokat \u00f6ltenek, a reenactorok a Pra\u00e7a da Rep\u00fablica ment\u00e9n t\u00e1ncolnak, \u00e9s a s\u00fclt vaddiszn\u00f3 illata sz\u00e1ll a leveg\u0151ben, mik\u00f6zben a k\u00e9zm\u0171vesek f\u00e9mmegmunk\u00e1l\u00e1st \u00e9s mozaikokat mutatnak be. B\u00e1r a mai \u00fcnnepl\u0151k k\u00e9t \u00e9vezredre visszany\u00falnak sz\u00e1rmaz\u00e1sukra, a fesztiv\u00e1l ink\u00e1bb egy \u00e9l\u0151 \u00f6r\u00f6ks\u00e9g, mint egy statikus ki\u00e1ll\u00edt\u00e1s jelk\u00e9pe \u2013 egy olyan v\u00e1ros\u00e9, amely elismeri m\u00faltj\u00e1t, mik\u00f6zben \u00faj narrat\u00edv\u00e1kat kov\u00e1csol.<\/p>\n<p>Braga m\u00fazeumaiban tal\u00e1lhat\u00f3 m\u0171v\u00e9szeti \u00f6r\u00f6ks\u00e9g t\u00fckr\u00f6zi utc\u00e1inak eklektik\u00e1j\u00e1t. A Biscainhos M\u00fazeum az azonos nev\u0171, tizenhetedik sz\u00e1zadi palot\u00e1ban tal\u00e1lhat\u00f3, porcel\u00e1nt, b\u00fatorokat \u00e9s \u00fcvegt\u00e1rgyakat mutat be \u00e9p stukk\u00f3 mennyezet\u0171 termekben. Az Arco da Porta Nova k\u00f6zel\u00e9ben tal\u00e1lhat\u00f3 a K\u00e9pm\u00fazeum, amely \u00c9szak-Portug\u00e1lia f\u00e9nyk\u00e9p\u00e9szeti t\u00f6rt\u00e9net\u00e9t mutatja be, m\u00edg a Medina M\u00fazeum Henrique Medina nyolcvanh\u00e1rom olajfestm\u00e9ny\u00e9t \u00e9s huszonegy rajz\u00e1t mutatja be. A r\u00e9gi\u00f3 r\u00e9g\u00e9szeti leletei \u2013 r\u00f3mai m\u00e9rf\u00f6ldk\u00f6vek, paleolit \u200b\u200beszk\u00f6z\u00f6k \u00e9s luso-r\u00f3mai ker\u00e1mi\u00e1k \u2013 a Dom Diogo de Sousa M\u00fazeumban tal\u00e1lhat\u00f3k, amelynek \u00e1sat\u00e1sok ihlette ki\u00e1ll\u00edt\u00e1sai a paleolitikumt\u00f3l a k\u00f6z\u00e9pkorig k\u00f6vetik nyomon az emberi foglalkoz\u00e1st. A S\u00e9-sz\u00e9kesegyh\u00e1z Kincsm\u00fazeuma liturgikus ez\u00fcst\u00f6t, azulejo domborm\u0171veket \u00e9s ereklyetart\u00f3kat \u0151rz, amelyek egykor a v\u00e1ros kolostoraiban voltak sz\u00e9tsz\u00f3rva, m\u00edg a Von\u00f3s Hangszerek M\u00fazeuma a portug\u00e1l hangszerk\u00e9sz\u00edt\u0151ket \u00fcnnepli a k\u00f6z\u00e9pkorig visszany\u00fal\u00f3 cavaquinh\u00f3kkal, git\u00e1rokkal \u00e9s bendzs\u00f3kkal.<\/p>\n<p>A szakr\u00e1lis \u00e9p\u00edt\u00e9szet tov\u00e1bbra is sok l\u00e1togat\u00f3 els\u0151dleges c\u00e9lpontja, \u00e9s j\u00f3 okkal. A Bom Jesus do Monte zar\u00e1ndokkomplexum, amelyet 2019 j\u00falius\u00e1ban vettek fel a vil\u00e1g\u00f6r\u00f6ks\u00e9gi list\u00e1ra, egy erd\u0151s domboldalon \u00e1ll a v\u00e1ros felett. Barokk l\u00e9pcs\u0151je, amelyet a kereszt\u00fat \u00e1llom\u00e1sait \u00e1br\u00e1zol\u00f3 sz\u00f6k\u0151kutak tark\u00edtanak, egy neoklasszicista templomhoz vezet, amelynek oszlopcsarnok\u00e1b\u00f3l panor\u00e1ma ny\u00edlik a cser\u00e9ptet\u0151kre \u00e9s a t\u00e1voli sz\u0151l\u0151\u00fcltetv\u00e9nyekre. Egy sikl\u00f3 \u2013 az Ib\u00e9riai-f\u00e9lsziget legr\u00e9gebbi v\u00edzi hajt\u00e1s\u00fa lejt\u0151s vas\u00fatja \u2013 zar\u00e1ndokokat \u00e9s turist\u00e1kat egyar\u00e1nt sz\u00e1ll\u00edt felfel\u00e9 a hegyre, meg\u0151rizve mind a hagyom\u00e1nyokat, mind az emelked\u00e9s \u00e9rz\u00e9s\u00e9t. Egy szomsz\u00e9dos cs\u00facson a Nossa Senhora do Sameiro szent\u00e9lye klasszikus sziluettet vet az \u00e9gre, tizenkilencedik sz\u00e1zadi kupol\u00e1ja \u00e9s oszlopsora a M\u00e1ria-tiszteletnek van szentelve. M\u00e9g a m\u00e1sodlagos \u00fatsz\u00e9li szent\u00e9lyek \u2013 mint p\u00e9ld\u00e1ul a S\u00e3o Br\u00e1s in Ferreiros-i Alminhas \u2013 is meger\u0151s\u00edtik a hit minden mez\u0151be \u00e9s mell\u00e9k\u00fatba v\u00e9sett kont\u00farj\u00e1t.<\/p>\n<p>E m\u0171eml\u00e9kek k\u00f6z\u00f6tt a mindennapi \u00e9let laz\u00e1n telik. A Rua do Souto ment\u00e9n sorakoz\u00f3 kora reggeli piac Amares \u00e9s Braga peremvid\u00e9k\u00e9r\u0151l gy\u0171jti \u00f6ssze a termel\u0151ket, akik k\u00e1poszt\u00e1val, kukoricasz\u00e1rral \u00e9s Minho jellegzetes z\u00f6ldsz\u0151l\u0151j\u00e9vel vannak megrakva. A Minho Egyetem hallgat\u00f3i eszpressz\u00f3 mellett id\u0151znek a k\u00e1v\u00e9z\u00f3kban, aranyozott barokk erk\u00e9lyek alatt. Alkonyatkor csal\u00e1dok s\u00e9t\u00e1lnak a C\u00e1vado partj\u00e1n, ahol a kivil\u00e1g\u00edtott f\u00e1k t\u00fckr\u00f6z\u0151dnek a foly\u00f3 sodr\u00e1ban. Tavasszal a jacaranda vir\u00e1gok illata j\u00e1rja be a S\u00e9 negyedet, \u0151sszel pedig a keleti lejt\u0151k arany \u00e9s b\u00edbor gesztenyef\u00e1k ragyognak.<\/p>\n<p>Braga, a portug\u00e1l Szent Jakab-\u00fat egyik meg\u00e1ll\u00f3jak\u00e9nt, folyamatosan fogadja a Port\u00f3b\u00f3l gyalogosan vagy ker\u00e9kp\u00e1rral \u00e9rkez\u0151 zar\u00e1ndokokat, akiknek kagyl\u00f3h\u00e9ja csillog a napf\u00e9nyben. A v\u00e1ros mened\u00e9ket k\u00edn\u00e1l albergu\u00e9kban \u00e9s fel\u00faj\u00edtott kolostorokban tal\u00e1lhat\u00f3 butikhotelekben. \u00c1m ezek a l\u00e1togat\u00f3k t\u00f6bbet tal\u00e1lnak, mint puszt\u00e1n nyugodt sz\u00e1ll\u00e1shelyeket: egy olyan v\u00e1rost, amely nemcsak szentek napjai \u00e9s liturgikus \u00fcnnepek szerint m\u00e9ri az id\u0151t, hanem a Nemzetk\u00f6zi Ib\u00e9riai Nanotechnol\u00f3giai Laborat\u00f3riumban tartott kutat\u00e1si szemin\u00e1riumok ritmusa, a Primavera k\u00f6zpontj\u00e1ban megrendezett bemutat\u00f3k \u00e9s a minden m\u00e1jusban a kampuszt megmozgat\u00f3 di\u00e1kfesztiv\u00e1lok is alapj\u00e1n.<\/p>\n<p>Braga sokoldal\u00fas\u00e1ga tal\u00e1n a legnagyobb \u00f6r\u00f6ks\u00e9ge. Tov\u00e1bbra is a kora reggeli mis\u00e9k \u00e9s egyetemi el\u0151ad\u00e1sok, a r\u00f3mai k\u00f6vek \u00e9s a kort\u00e1rs ac\u00e9l-\u00fcveg laborat\u00f3riumok, a zar\u00e1ndokfelvonul\u00e1sok \u00e9s a k\u00f3dhabbathonok v\u00e1rosa. T\u00e1ja, a Vale d&#039;Este hull\u00e1mz\u00f3 mez\u0151it\u0151l a Monte do Sameiro magas kil\u00e1t\u00f3pontjaiig, egyszerre hull\u00e1mz\u00f3 \u00e9s pontos k\u00e9pet alkot a helyr\u0151l. A t\u00f6rt\u00e9nelem r\u00e9tegei \u2013 prer\u00f3mai, r\u00f3mai, sv\u00e9bi, k\u00f6z\u00e9pkori, barokk, modern \u2013 \u00fagy fedik egym\u00e1st, mintha egy grandi\u00f3zus r\u00e9tegtani oszlopban lenn\u00e9nek, m\u00e9gis \u00e9l\u00e9nk\u00edtik \u0151ket az utcak\u00e9pek, ahol k\u00e9zm\u0171ves p\u00e9ks\u00e9gek m\u0171k\u00f6dnek szoftverinkub\u00e1torok mellett.<\/p>\n<p>Az eml\u00e9kezet \u00e9s az innov\u00e1ci\u00f3 k\u00f6z\u00f6tti tart\u00f3s p\u00e1rbesz\u00e9dben Braga Portug\u00e1lia \u00e9szaki r\u00e9sz\u00e9nek gazdags\u00e1g\u00e1t p\u00e9ld\u00e1zza: egy olyan terepet, ahol a hit a tudom\u00e1nyt \u00f6tv\u00f6zi, ahol a m\u00falt alak\u00edtja a j\u00f6v\u0151t an\u00e9lk\u00fcl, hogy korl\u00e1tozn\u00e1 annak lehet\u0151s\u00e9geit. Ahogy a nap lenyugszik a cser\u00e9ptet\u0151k felett, \u00e9s a vecsernye z\u00fcmm\u00f6g\u00e9se v\u00e9gigs\u00f6p\u00f6r a t\u00e9ren, az ember r\u00e1j\u00f6n, hogy Braga t\u00f6bb, mint m\u0171eml\u00e9kek \u00e9s ipari l\u00e9tes\u00edtm\u00e9nyek egy\u00fcttese. Az emberi folytonoss\u00e1g bizony\u00edt\u00e9ka, megh\u00edv\u00e1s arra, hogy elgondolkodjunk azon, hogyan \u00e1polhatja egy v\u00e1ros gy\u00f6kereit \u00e9s t\u00f6rekv\u00e9seit egyenl\u0151 m\u00e9rt\u00e9kben \u2013 egy tart\u00f3s p\u00e1rbesz\u00e9d k\u0151 \u00e9s szellem k\u00f6z\u00f6tt.<\/p>","protected":false},"excerpt":{"rendered":"<p>Braga Portug\u00e1lia \u00e9szaknyugati r\u00e9sz\u00e9n tal\u00e1lhat\u00f3, Braga ker\u00fclet \u00e9s a t\u00f6rt\u00e9nelmi Minho tartom\u00e1ny f\u0151v\u00e1rosak\u00e9nt szolg\u00e1l. 2023-ban 201 583 lakossal ez Portug\u00e1lia kilencedik legnagyobb telep\u00fcl\u00e9se n\u00e9pess\u00e9g szerint. A harmadik legn\u00e9pesebb v\u00e1rosi ter\u00fclet Portug\u00e1li\u00e1ban, Braga v\u00e1rosi agglomer\u00e1ci\u00f3ja 183,40 n\u00e9gyzetkilom\u00e9teren ter\u00fcl el, \u00e9s Lisszabon \u00e9s Porto ut\u00e1n el\u00e9ri a C\u00e1vado foly\u00f3t.<\/p>","protected":false},"author":1,"featured_media":4534,"parent":12065,"menu_order":0,"comment_status":"closed","ping_status":"closed","template":"elementor_theme","meta":{"_eb_attr":"","footnotes":""},"class_list":["post-12128","page","type-page","status-publish","has-post-thumbnail"],"_links":{"self":[{"href":"https:\/\/travelshelper.com\/hu\/wp-json\/wp\/v2\/pages\/12128","targetHints":{"allow":["GET"]}}],"collection":[{"href":"https:\/\/travelshelper.com\/hu\/wp-json\/wp\/v2\/pages"}],"about":[{"href":"https:\/\/travelshelper.com\/hu\/wp-json\/wp\/v2\/types\/page"}],"author":[{"embeddable":true,"href":"https:\/\/travelshelper.com\/hu\/wp-json\/wp\/v2\/users\/1"}],"replies":[{"embeddable":true,"href":"https:\/\/travelshelper.com\/hu\/wp-json\/wp\/v2\/comments?post=12128"}],"version-history":[{"count":0,"href":"https:\/\/travelshelper.com\/hu\/wp-json\/wp\/v2\/pages\/12128\/revisions"}],"up":[{"embeddable":true,"href":"https:\/\/travelshelper.com\/hu\/wp-json\/wp\/v2\/pages\/12065"}],"wp:featuredmedia":[{"embeddable":true,"href":"https:\/\/travelshelper.com\/hu\/wp-json\/wp\/v2\/media\/4534"}],"wp:attachment":[{"href":"https:\/\/travelshelper.com\/hu\/wp-json\/wp\/v2\/media?parent=12128"}],"curies":[{"name":"wp","href":"https:\/\/api.w.org\/{rel}","templated":true}]}}