{"id":12087,"date":"2024-09-15T14:06:03","date_gmt":"2024-09-15T14:06:03","guid":{"rendered":"https:\/\/travelshelper.com\/staging\/?page_id=12087"},"modified":"2026-03-12T19:43:17","modified_gmt":"2026-03-12T19:43:17","slug":"porto","status":"publish","type":"page","link":"https:\/\/travelshelper.com\/hu\/destinations\/europe\/portugal\/porto\/","title":{"rendered":"Porto"},"content":{"rendered":"<p>Porto a tart\u00f3s kontrasztok \u00e9s a kim\u00e9rt vitalit\u00e1s v\u00e1rosak\u00e9nt mutatja be mag\u00e1t, ahol az \u0151si eredet tal\u00e1lkozik a kort\u00e1rs t\u00f6rekv\u00e9sekkel az \u00e9szak-portug\u00e1liai Douro foly\u00f3 torkolat\u00e1n\u00e1l. A pontosan 41,42 n\u00e9gyzetkilom\u00e9teres \u00f6nkorm\u00e1nyzati ter\u00fcleten fekv\u0151, k\u00f6r\u00fclbel\u00fcl 248 769 lakos\u00fa Porto szer\u00e9ny v\u00e1rosa egy 2395 n\u00e9gyzetkilom\u00e9teres nagyv\u00e1rosi ter\u00fcletet rejt, amely mintegy 1 319 151 lakost fogad be. Lisszabont\u00f3l 280 kilom\u00e9terre \u00e9szakra, az Atlanti-\u00f3ce\u00e1n partj\u00e1n nyugatra fekv\u0151 Porto az UNESCO Vil\u00e1g\u00f6r\u00f6ks\u00e9g r\u00e9sz\u00e9v\u00e9 nyilv\u00e1n\u00edtott t\u00f6rt\u00e9nelmi magj\u00e1t a Globaliz\u00e1ci\u00f3s \u00e9s Vil\u00e1gv\u00e1rosok Kutat\u00e1si H\u00e1l\u00f3zata \u00e1ltal Gamma + glob\u00e1lis v\u00e1rosi st\u00e1tuszbesorol\u00e1ssal \u00f6tv\u00f6zi.<\/p>\n<p>Porto legkor\u00e1bbi telep\u00fcl\u00e9s\u00e9nek eml\u00e9ke nev\u00e9ben is \u00e9l. A kelta-latin Portus Cale elnevez\u00e9sb\u0151l a v\u00e1ros az i. e. m\u00e1sodik sz\u00e1zadban r\u00f3mai el\u0151\u0151rsk\u00e9nt jelent meg. \u00c9vsz\u00e1zadok alatt ez a megnevez\u00e9s \u201ePortug\u00e1li\u00e1v\u00e1\u201d alakult \u00e1t, Porto m\u00e9gis meg\u0151rizte a tenger\u00e9szeti v\u00e1llalkoz\u00e1sok \u00e9s a kultur\u00e1lis csere \u00e1ltal form\u00e1lt identit\u00e1s\u00e1t. T\u00f6rt\u00e9nelmi k\u00f6zpontja, amelyet 1996-ban nyilv\u00e1n\u00edtottak vil\u00e1g\u00f6r\u00f6ks\u00e9gi helysz\u00ednn\u00e9, mag\u00e1ban foglalja az I. Lu\u00eds hidat \u00e9s a Serra do Pilar kolostort, amely k\u00f6z\u00e9pkori falakra, rom\u00e1n st\u00edlus\u00fa k\u00e1poln\u00e1kra \u00e9s g\u00f3tikus boltozatokra eml\u00e9keztet. Ezek a k\u0151maradv\u00e1nyok a barokk aranyozott bels\u0151 terek \u2013 a Szent Ferenc \u00e9s Santa Clara templom d\u00edszes faragv\u00e1nyokkal \u2013, valamint a T\u0151zsdepalota \u00e9s a S\u00e3o Bento vas\u00fat\u00e1llom\u00e1s neoklasszicista d\u00edsz\u00edt\u00e9sei mellett maradtak fenn, amelyeket k\u00e9zzel festett azulejo csemp\u00e9k d\u00edsz\u00edtenek.<\/p>\n<p>A v\u00e1ros legh\u00edresebb exportcikke, a port\u00f3i bor, Porto \u00e9s a Fels\u0151-Douro-v\u00f6lgy k\u00f6z\u00f6tti szimbi\u00f3zist t\u00fckr\u00f6zi. A foly\u00f3n t\u00fali, Vila Nova de Gaia amfite\u00e1trum alak\u00fa lejt\u0151ir\u0151l er\u0151s\u00edtett boroshord\u00f3k indulnak \u00fatnak a t\u00e1voli piacokra, nemzetk\u00f6zi h\u00edrnevet szerezve nekik. Az er\u0151s\u00edtett borok csomagol\u00e1si, sz\u00e1ll\u00edt\u00e1si \u00e9s tan\u00fas\u00edt\u00e1si folyamatai olyan int\u00e9zm\u00e9nyekben zajlanak, mint a Port\u00f3i Borint\u00e9zet \u00e9s a Museu do Vinho do Porto, ahol a l\u00e1togat\u00f3k vezetett k\u00f3stol\u00f3k sor\u00e1n k\u00f6vethetik nyomon a sz\u0151l\u0151t\u0151l a palackoz\u00e1sig tart\u00f3 utat. Az elm\u00falt \u00e9vekben Porto elnyerte a Food and Travel magazin 2023-as \u00c9v V\u00e1rosa, valamint a World Travel Awards 2024-es Vezet\u0151 Tengerparti Metropolitan Destination d\u00edj\u00e1t, meger\u0151s\u00edtve ezzel hely\u00e9t az eur\u00f3pai v\u00e1rosi \u00fati c\u00e9lok k\u00f6z\u00f6tt.<\/p>\n<p>Porto utc\u00e1it \u00e9p\u00edt\u00e9szeti soksz\u00edn\u0171s\u00e9g jellemzi. A katedr\u00e1lis \u00e9s a Cedofeita-templom a korai rom\u00e1n st\u00edlus fennmarad\u00e1s\u00e1t k\u00e9pviseli, m\u00edg a 15. sz\u00e1zadi lak\u00f3homlokzatok \u00e9s a v\u00e1rosfalak maradv\u00e1nyai Portug\u00e1lia k\u00f6z\u00e9pkor\u00e1t id\u00e9zik. A Miseric\u00f3rdia \u00e9s a Cl\u00e9rigos barokk templomai, valamint a P\u00fcsp\u00f6ki Palota a 17. \u00e9s 18. sz\u00e1zadi f\u00e9ny\u0171z\u00e9sr\u0151l tan\u00faskodnak, bels\u0151 tereik aranyf\u00fcstben csillognak. A 19. sz\u00e1zadi b\u0151v\u00edt\u00e9s romantikus \u00e9s neoklasszicista form\u00e1kat vezetett be, amelyeket az Avenida dos Aliados grandi\u00f3zus \u00f6nkorm\u00e1nyzati \u00e9p\u00fcletei, a Szent Antal K\u00f3rh\u00e1z \u00e9s a Krist\u00e1lypalota kertjei p\u00e9ld\u00e1znak. A Pal\u00e1cio da Bols\u00e1n bel\u00fcli Arab szoba tov\u00e1bbra is \u00e9p\u00edt\u00e9szeti l\u00e1tv\u00e1nyoss\u00e1g, amely vonzza a vezetett l\u00e1togat\u00f3kat, akik sz\u00edvesen l\u00e1tj\u00e1k m\u00f3r \u00fajj\u00e1sz\u00fclet\u00e9si dekor\u00e1ci\u00f3j\u00e1t.<\/p>\n<p>Porto \u00e9ghajlata a mediterr\u00e1n meleg \u00e9s az atlanti p\u00e1ratartalom meteorol\u00f3giai metsz\u00e9spontj\u00e1ban helyezi el. A nyarak \u00e1ltal\u00e1ban sz\u00e1razak \u00e9s naposak, az \u00e1tlagos maximumh\u0151m\u00e9rs\u00e9klet 26 \u00b0C, \u00e9s id\u0151nk\u00e9nt a 38 \u00b0C-ot is el\u00e9ri a cs\u00facsh\u0151m\u00e9rs\u00e9klet, amit az alacsony p\u00e1ratartalom \u00e9s az \u00f3ce\u00e1ni szell\u0151 m\u00e9rs\u00e9kel a Foz do Douro partvid\u00e9k\u00e9n. A v\u00e1ratlan ny\u00e1ri z\u00e1porok azonban d\u00e9lut\u00e1nonk\u00e9nt 20 \u00b0C k\u00f6r\u00fclire h\u0171thetik le a h\u0151m\u00e9rs\u00e9kletet. A telek gyakori es\u0151z\u00e9seket hoznak, \u00e9s az enyhe h\u0151m\u00e9rs\u00e9klet ritk\u00e1n s\u00fcllyed fagypont al\u00e1, a napi minimumh\u0151m\u00e9rs\u00e9klet 6 \u00b0C k\u00f6r\u00fcli, a nappali \u00e1tlagh\u0151m\u00e9rs\u00e9klet pedig 15 \u00b0C. A v\u00e1ros \u00e1tlagos \u00e9ves csapad\u00e9kmennyis\u00e9ge Eur\u00f3pa legmagasabbjai k\u00f6z\u00e9 tartozik a nagyobb v\u00e1rosi k\u00f6zpontok k\u00f6z\u00f6tt, b\u00e1r a t\u00e9li id\u0151szakok nagy r\u00e9sz\u00e9t m\u00e9g mindig hosszan tart\u00f3 naps\u00fct\u00e9s jellemzi.<\/p>\n<p>Demogr\u00e1fiailag Porto a folytonoss\u00e1got \u00e9s a v\u00e1ltoz\u00e1st egyar\u00e1nt t\u00fckr\u00f6zi. A v\u00e1ros lakoss\u00e1ga nagyj\u00e1b\u00f3l 100 000 f\u0151vel cs\u00f6kkent az 1980-as \u00e9vek \u00f3ta, mivel a lakosok a k\u00fclv\u00e1rosokba \u00e9s k\u00fclv\u00e1rosokba k\u00f6lt\u00f6ztek, a t\u00e1gabb nagyv\u00e1rosi ter\u00fclet azonban er\u0151teljesen n\u00f6vekedett. A lakosok t\u00f6bbs\u00e9ge a 60\u201369 \u00e9ves koroszt\u00e1lyba tartozik, \u0151ket szorosan k\u00f6vetik az 50\u201359 \u00e9vesek. A n\u0151k a lakoss\u00e1g 55 sz\u00e1zal\u00e9k\u00e1t, a f\u00e9rfiak 45 sz\u00e1zal\u00e9k\u00e1t teszik ki. A t\u00f6bbs\u00e9g Portug\u00e1lia hat\u00e1rain bel\u00fcl sz\u00fcletett, b\u00e1r jelent\u0151s angolai, brazil, z\u00f6ld-foki-szigeteki \u00e9s m\u00e1s eur\u00f3pai orsz\u00e1gokb\u00f3l sz\u00e1rmaz\u00f3 k\u00f6z\u00f6ss\u00e9gek gazdag\u00edtj\u00e1k a v\u00e1ros multikultur\u00e1lis sz\u00f6vet\u00e9t. M\u00edg a katolicizmus domin\u00e1l, a lakosok h\u00e1romnegyede h\u00edv\u0151, a lakoss\u00e1g k\u00f6zel egy\u00f6t\u00f6de nem vall\u00e1sosnak vallja mag\u00e1t, \u00e9s kis kisebbs\u00e9gek protestantizmust, iszl\u00e1mot, judaizmust vagy m\u00e1s vall\u00e1sokat gyakorolnak.<\/p>\n<p>Porto p\u00e9nz\u00fcgyi \u00e9s ipari k\u00f6zpontk\u00e9nt bet\u00f6lt\u00f6tt szerepe a t\u00e1gabb Ib\u00e9riai-f\u00e9lszigetre is kiterjed. A bankszektort\u00f3l a gy\u00e1rt\u00e1sig terjed\u0151 nagy portug\u00e1l nagyv\u00e1llalatok k\u00f6zpontja Maia, Matosinhos, Vila Nova de Gaia \u00e9s maga Porto nagyv\u00e1rosi magj\u00e1ban tal\u00e1lhat\u00f3. Az egykori Bolsa do Porto Portug\u00e1lia f\u0151 sz\u00e1rmaz\u00e9kos t\u0151zsd\u00e9j\u00e9nek r\u00e9sz\u00e9v\u00e9 alakult, egyes\u00fclve a lisszaboni t\u0151zsd\u00e9vel, \u00e9s megalakult a Bolsa de Valores de Lisboa e Porto. Az olyan m\u00e9diaint\u00e9zm\u00e9nyek, mint a Jornal de Not\u00edcias \u00e9s a kiad\u00f3k, k\u00f6zt\u00fck a Porto Editora, tov\u00e1bbra is jelen vannak a v\u00e1rosban, bizony\u00edtva Porto tart\u00f3s szellemi \u00e9s kereskedelmi dinamizmus\u00e1t.<\/p>\n<p>A k\u00f6zleked\u00e9si infrastrukt\u00fara Porto kett\u0151s identit\u00e1s\u00e1t testes\u00edti meg, a hagyom\u00e1nyt \u00e9s a modernit\u00e1st. A tiszteletrem\u00e9lt\u00f3 Dom Lu\u00eds I h\u00edd, amelyet 1886-ban avattak fel, kov\u00e1csoltvas eleganci\u00e1val \u00edvel \u00e1t a Douro foly\u00f3n, \u00e9s fels\u0151 szintj\u00e9n k\u00f6nny\u0171vasutat k\u00f6zlekedtet. A 20. sz\u00e1zad tov\u00e1bbi \u00e1tkel\u0151helyeket vezetett be: az Arr\u00e1bida hidat nyugaton, a S\u00e3o Jo\u00e3o hidat \u00e9s az Infante Dom Henrique hidat 2003-ban. Tov\u00e1bbi kett\u0151 \u00e9p\u00edt\u00e9se v\u00e1rhat\u00f3 a k\u00f6vetkez\u0151 \u00e9vtizedben. A Francisco de S\u00e1 Carneiro rep\u00fcl\u0151t\u00e9r, amelyet az Euro 2004-re fel\u00faj\u00edtottak, \u00e9s 2024-ben k\u00f6zel 16 milli\u00f3 utast szolg\u00e1l ki, a l\u00e9gi k\u00f6zleked\u00e9st az Eur\u00f3p\u00e1ba, Braz\u00edli\u00e1ba \u00e9s \u00c9szak-Amerik\u00e1ba tart\u00f3 t\u00e1vols\u00e1gi j\u00e1ratok mellett biztos\u00edtja. A metr\u00f3 hat vonala 70 kilom\u00e9tert szeli \u00e1t, nyolcvan\u00f6t \u00e1llom\u00e1ssal \u00f6sszek\u00f6tve a rep\u00fcl\u0151teret \u00e9s az el\u0151v\u00e1rosi negyedeket a v\u00e1rosk\u00f6zponttal, m\u00edg az STCP fel\u00fcgyeli a k\u00f6rnyezetbar\u00e1t buszh\u00e1l\u00f3zatot \u00e9s a turisztikai foly\u00f3parti \u00fatvonalakat kiszolg\u00e1l\u00f3 hagyom\u00e1nyos villamosokat.<\/p>\n<p>A Campanh\u00e3 \u00e9s S\u00e3o Bento \u00e1llom\u00e1sokr\u00f3l indul\u00f3 vas\u00fati \u00f6sszek\u00f6ttet\u00e9sek integr\u00e1lj\u00e1k Port\u00f3t a nemzeti \u00e9s nemzetk\u00f6zi h\u00e1l\u00f3zatokba. A nagysebess\u00e9g\u0171 Alfa Pendular vonatok 2 \u00f3ra 42 perc alatt \u00e9rnek Lisszabonba, az intercidades j\u00e1ratokkal valamivel lassabb az \u00fat. A Celta j\u00e1rat alig t\u00f6bb mint k\u00e9t \u00f3ra alatt k\u00f6ti \u00f6ssze Port\u00f3t Vig\u00f3val, Spanyolorsz\u00e1gban, m\u00edg a region\u00e1lis vonalak a Douro foly\u00f3t k\u00f6vetik kelet fel\u00e9 R\u00e9gua \u00e9s Pocinho fel\u00e9. Az Urbanos ing\u00e1z\u00f3 vonatok Braga, Guimar\u00e3es \u00e9s Aveiro fel\u00e9 h\u00faz\u00f3dnak. A jegy\u00e9rt\u00e9kes\u00edt\u00e9s az Andante k\u00e1rty\u00e1n alapul, amely z\u00f6kken\u0151mentes utaz\u00e1st biztos\u00edt a metr\u00f3n, a buszon \u00e9s az el\u0151v\u00e1rosi vas\u00faton, napi \u00e9s t\u00f6bbnapos b\u00e9rletekkel, amelyek mind a helyiek, mind a l\u00e1togat\u00f3k sz\u00e1m\u00e1ra megfelel\u0151ek.<\/p>\n<p>A port\u00f3i konyham\u0171v\u00e9szet a kiad\u00f3s hagyom\u00e1nyokat \u00f6tv\u00f6zi a tenger\u00e9szeti kincsekkel. A jellegzetes fog\u00e1sok k\u00f6z\u00e9 tartozik a Tripas \u00e0 Moda do Porto, egy \u00e9vsz\u00e1zados szok\u00e1sokat t\u00fckr\u00f6z\u0151 pacalp\u00f6rk\u00f6lt, valamint a Bacalhau \u00e0 Gomes de S\u00e1, egy t\u0151kehalragu, amely Portug\u00e1lia \u00e9s a s\u00f3zott hal t\u00f6rt\u00e9nelmi kapcsolat\u00e1t \u00fcnnepli. A Francesinha szendvics olvasztott sajt al\u00e1 r\u00e9tegezi a p\u00e1colt h\u00fasokat, majd s\u00f6r alap\u00fa m\u00e1rt\u00e1ssal vonja be \u0151ket, megtestes\u00edtve Porto vonzalm\u00e1t a gazdag \u00edzek ir\u00e1nt. A roj\u00f5esk\u00e9nt kock\u00e1ra v\u00e1gott s\u00fclt sert\u00e9sh\u00fas, a sert\u00e9sv\u00e9rrel \u00edzes\u00edtett sarrabulho fog\u00e1sok \u00e9s a foly\u00f3parton frissen grillezett szard\u00ednia eg\u00e9sz\u00edti ki az \u00e9tlapokat. Az \u00e9ttermekben \u00e9s tavern\u00e1kban a port\u00f3i bor mindig jelen van, desszertbork\u00e9nt tartj\u00e1k sz\u00e1mon, m\u00e9gis a fado est\u00e9k hangulat\u00e1t is fokozza.<\/p>\n<p>Porto m\u00fazeumaiban, koncerttermeiben \u00e9s el\u0151ad\u00f3helyein pezsg\u0151 kultur\u00e1lis \u00e9let zajlik. A Casa de Serralves a modern \u00e9s kort\u00e1rs m\u0171v\u00e9szetnek ad otthont, art deco vill\u00e1ja \u00e9s hatalmas kertjei pedig a Serralves Alap\u00edtv\u00e1ny ki\u00e1ll\u00edt\u00e1saival eg\u00e9sz\u00fclnek ki. A Soares dos Reis Nemzeti M\u00fazeum a 19. sz\u00e1zadi portug\u00e1l festm\u00e9nyeket \u00e9s szobrokat \u00e1ll\u00edt ki, m\u00edg a Kort\u00e1rs M\u0171v\u00e9szeti M\u00fazeum avantg\u00e1rd t\u00e9m\u00e1kat \u00f6lel fel. A Theatre Nacional S\u00e3o Jo\u00e3o oper\u00e1kat \u00e9s dr\u00e1mai produkci\u00f3kat mutat be, t\u00f6rt\u00e9nelmi sz\u00ednpada a kreat\u00edv kifejez\u00e9s sz\u00edntere. A k\u00f6zt\u00e9ri szobrok, mint p\u00e9ld\u00e1ul Janet Echelman She Changes c\u00edm\u0171 alkot\u00e1sa, amely a Matosinhos-\u00f6b\u00f6l felett f\u00fcgg, a foly\u00f3val \u00e9s az \u00e9ggel p\u00e1rbesz\u00e9det folytat\u00f3 nagyszab\u00e1s\u00fa install\u00e1ci\u00f3k befogad\u00e1s\u00e1t jelzik.<\/p>\n<p>Az \u00e9venk\u00e9nti fesztiv\u00e1lok \u00f6sszek\u00f6tik Porto polg\u00e1rait az \u0151si szok\u00e1sokkal \u00e9s az akad\u00e9miai \u00e9lettel. J\u00fanius 23-\u00e1n \u00e9s 24-\u00e9n a Szent J\u00e1nos Fesztiv\u00e1l m\u00e1gly\u00e1kkal, bazsalikommal d\u00edsz\u00edtett, verseket tartalmaz\u00f3 v\u00e1z\u00e1kkal \u00e9s a foly\u00f3 ment\u00e9n felvonul\u00f3 t\u0171zij\u00e1t\u00e9kkal pezsd\u00edti fel az utc\u00e1kat. Tavasszal a Queima das Fitas mintegy 50 000 egyetemi hallgat\u00f3t egyes\u00edt egy felvonul\u00e1son a V\u00e1rosh\u00e1z\u00e1ra, \u00e9s esti koncerteket tart a Queim\u00f3drom\u00f3ban. A sportnapt\u00e1rak a futballt\u00f3l, ahol az FC Porto \u00e9s a Boavista az Est\u00e1dio do Drag\u00e3o \u00e9s az Est\u00e1dio do Bessa stadionokban m\u00e9ri \u00f6ssze erej\u00e9t, eg\u00e9szen a minden okt\u00f3berben megrendez\u00e9sre ker\u00fcl\u0151 Porto Maratonig terjednek, amely a t\u00f6rt\u00e9nelmi v\u00e1rosk\u00f6zponton kanyarog. A j\u00e9gkorong 2023-ban \u00e9rkezett Port\u00f3ba, amikor a HC Porto csatlakozott a spanyol nemzeti bajnoks\u00e1ghoz, Portug\u00e1lia sz\u00e1m\u00e1ra el\u0151sz\u00f6r, \u00e9s a krikett tov\u00e1bbra is a Porto Krikett \u00e9s Gyeptenisz Klubban tal\u00e1lhat\u00f3, \u00e1polva az angol-portug\u00e1l \u00f6r\u00f6ks\u00e9get.<\/p>\n<p>Porto fels\u0151oktat\u00e1si int\u00e9zm\u00e9nyeiben vir\u00e1gzik az oktat\u00e1s \u00e9s a kutat\u00e1s. A Port\u00f3i Egyetem az orsz\u00e1g m\u00e1sodik legnagyobb egyeteme, mintegy 28 000 hallgat\u00f3val, \u00e9s Eur\u00f3pa sz\u00e1z legjobbja k\u00f6z\u00e9 tartozik. A kieg\u00e9sz\u00edt\u0151 iskol\u00e1k k\u00f6z\u00e9 tartozik a Port\u00f3i Politechnikai Int\u00e9zet, mag\u00e1negyetemek, mint p\u00e9ld\u00e1ul a Lus\u00edada \u00e9s a Fernando Pessoa, valamint a Katolikus Egyetem kampusza. A nemzetk\u00f6zi iskolai k\u00e9pz\u00e9s az 1894-ben alap\u00edtott Oporto British Schoolban, a francia \u00e9s n\u00e9met iskol\u00e1k mellett zajlik. A nyelvtanul\u00f3k \u00e9s a csereprogramok sz\u00e1m\u00e1ra a Fast Forward Language Institute \u00e9s az egyetemhez kapcsol\u00f3d\u00f3 programok r\u00f6vid t\u00e1v\u00fa tart\u00f3zkod\u00e1sra vagy elm\u00e9ly\u00fcl\u00e9si tapasztalatokra szabott portug\u00e1l oktat\u00e1st ny\u00fajtanak.<\/p>\n<p>Port\u00f3ban val\u00f3 eligazod\u00e1s megk\u00f6veteli a r\u00e9teges domborzathoz \u00e9s a fejl\u0151d\u0151 k\u00f6zleked\u00e9si lehet\u0151s\u00e9gekhez val\u00f3 alkalmazkod\u00e1st. A Ribeira \u00e9s Baixa ker\u00fcletek keskeny, kanyarg\u00f3s utc\u00e1i pr\u00f3b\u00e1ra teszik a sz\u00e9lesebb utakhoz szokott sof\u0151r\u00f6ket, \u00edgy a gyalogl\u00e1s vagy a t\u00f6megk\u00f6zleked\u00e9s gyakran hat\u00e9konyabb. A taxik, a fuvarszervez\u0151k \u00e9s a ker\u00e9kp\u00e1rk\u00f6lcs\u00f6nz\u0151k kieg\u00e9sz\u00edtik a metr\u00f3- \u00e9s buszh\u00e1l\u00f3zatokat, m\u00edg a komp\u00e1tkel\u00e9sek \u00e9s a folyami haj\u00f3utak a Douro felsz\u00edn\u00e9r\u0151l k\u00edn\u00e1lnak kil\u00e1t\u00e1st. Az olyan \u00fajszer\u0171 l\u00e1tnival\u00f3k, mint a dos Guindais sikl\u00f3 \u00e9s az Ascensor da Ribeira felvon\u00f3, csemp\u00e9zett homlokzatok \u00e9s haj\u00f3kkal pettyezett v\u00edz panor\u00e1m\u00e1j\u00e1val jutalmazz\u00e1k az utaz\u00f3kat. Azok sz\u00e1m\u00e1ra, akik l\u00e9gi panor\u00e1m\u00e1t keresnek, a foly\u00f3 k\u00f6zel\u00e9ben tal\u00e1lhat\u00f3 helikopter-lesz\u00e1ll\u00f3hely egyedi rep\u00fcl\u00e9seket k\u00edn\u00e1l a v\u00e1ros tornyai \u00e9s hidai felett.<\/p>\n<p>Porto vitalit\u00e1sa abb\u00f3l a k\u00e9pess\u00e9g\u00e9b\u0151l fakad, hogy egyens\u00falyt teremt a meg\u0151rz\u00e9s \u00e9s a fejl\u0151d\u00e9s k\u00f6z\u00f6tt. A t\u00f6rt\u00e9nelmi tavern\u00e1k a port\u00f3i poharak cs\u00f6r\u00f6mp\u00f6l\u00e9s\u00e9re rezon\u00e1lnak, mik\u00f6zben a startupok \u00e9s kutat\u00f3k\u00f6zpontok \u00e9l\u00e9nk\u00edtik a gazdas\u00e1got. Az \u0151si fado dallamok modern m\u0171v\u00e9szeti install\u00e1ci\u00f3kkal fon\u00f3dnak \u00f6ssze. A barokk d\u00edsz\u00edt\u00e9s a kort\u00e1rs \u00e9p\u00edt\u00e9szet mellett \u00e1ll a Casa da M\u00fasic\u00e1ban \u00e9s az \u00fajj\u00e1\u00e9p\u00edtett Leix\u00f5es haj\u00f3termin\u00e1lon. A textilipar \u00e9s a koh\u00e1szat r\u00e9g\u00f3ta fenn\u00e1ll\u00f3 ipar\u00e1gai egy\u00fctt \u00e9lnek a p\u00e9nz\u00fcgyi derivat\u00edv\u00e1k kereskedelm\u00e9vel \u00e9s a kultur\u00e1lis turizmussal. A v\u00e1ros ellen\u00e1ll\u00f3 k\u00e9pess\u00e9ge, amelyet a Cidade Invicta \u00e9s a Capital do Norte becenevek testes\u00edtenek meg, bizony\u00edtja, hogy k\u00e9pes a v\u00e1ltoz\u00e1sokat befogadni, mik\u00f6zben meg\u0151rzi identit\u00e1s\u00e1t.<\/p>\n<p>Porto v\u00e9gs\u0151 soron olyan \u00fati c\u00e9lk\u00e9nt jelenik meg, ahol az id\u0151 r\u00e9tegei \u00f6sszeolvadnak. Rom\u00e1n st\u00edlus\u00fa templomai, barokk bels\u0151 terei, neoklasszicista sug\u00e1r\u00fatjai \u00e9s modern k\u00f6nny\u0171vas\u00fatjai egy\u00fctt \u00e9lnek a Douro foly\u00e1sa \u00e1ltal meghat\u00e1rozott v\u00e1rosi sz\u00f6vetben. A demogr\u00e1fiai v\u00e1ltoz\u00e1sokt\u00f3l az \u00e9ghajlati ritmusokig, a gasztron\u00f3miai gazdags\u00e1gt\u00f3l az ipari tehets\u00e9gig a v\u00e1ros a folytonoss\u00e1g \u00e9s az innov\u00e1ci\u00f3 \u00e1rnyalt portr\u00e9j\u00e1t k\u00edn\u00e1lja. A l\u00e1togat\u00f3, aki a panor\u00e1m\u00e1s kil\u00e1t\u00f3pontokon t\u00fal elid\u0151z, felismeri az alkalmazkod\u00e1s, a kreativit\u00e1s \u00e9s a gy\u00f6kerek kollekt\u00edv narrat\u00edv\u00e1j\u00e1t \u2013 egy narrat\u00edv\u00e1t, amely meger\u0151s\u00edti Porto hely\u00e9t Eur\u00f3pa legvonz\u00f3bb nagyv\u00e1rosi k\u00f6zpontjai k\u00f6z\u00f6tt.<\/p>","protected":false},"excerpt":{"rendered":"<p>Porto, Portug\u00e1lia m\u00e1sodik legnagyobb v\u00e1rosa, akt\u00edv v\u00e1rosk\u00f6zpont a Douro foly\u00f3 torkolat\u00e1n\u00e1l, az orsz\u00e1g \u00e9szaki r\u00e9gi\u00f3j\u00e1ban. Porto hat\u00e1sa j\u00f3val t\u00falmutat a v\u00e1ros hat\u00e1rain, tekintve, hogy 41,42 n\u00e9gyzetkilom\u00e9teres kis \u00f6nkorm\u00e1nyzati ter\u00fclet\u00e9n lakoss\u00e1ga k\u00f6r\u00fclbel\u00fcl 248 769 f\u0151. A 2395 n\u00e9gyzetkilom\u00e9teren elsz\u00f3rtan \u00e9l\u0151 mintegy 1,8 milli\u00f3 emberrel Portug\u00e1lia nagyobb nagyv\u00e1rosi ter\u00fclete egy\u00e9rtelm\u0171en a m\u00e1sodik Portug\u00e1lia v\u00e1rosi ter\u00fcletei k\u00f6z\u00f6tt, \u00e9s fontos szerepl\u0151 az Ib\u00e9riai-f\u00e9lszigeten.<\/p>","protected":false},"author":1,"featured_media":2816,"parent":12065,"menu_order":0,"comment_status":"closed","ping_status":"closed","template":"elementor_theme","meta":{"_eb_attr":"","footnotes":""},"class_list":["post-12087","page","type-page","status-publish","has-post-thumbnail"],"_links":{"self":[{"href":"https:\/\/travelshelper.com\/hu\/wp-json\/wp\/v2\/pages\/12087","targetHints":{"allow":["GET"]}}],"collection":[{"href":"https:\/\/travelshelper.com\/hu\/wp-json\/wp\/v2\/pages"}],"about":[{"href":"https:\/\/travelshelper.com\/hu\/wp-json\/wp\/v2\/types\/page"}],"author":[{"embeddable":true,"href":"https:\/\/travelshelper.com\/hu\/wp-json\/wp\/v2\/users\/1"}],"replies":[{"embeddable":true,"href":"https:\/\/travelshelper.com\/hu\/wp-json\/wp\/v2\/comments?post=12087"}],"version-history":[{"count":0,"href":"https:\/\/travelshelper.com\/hu\/wp-json\/wp\/v2\/pages\/12087\/revisions"}],"up":[{"embeddable":true,"href":"https:\/\/travelshelper.com\/hu\/wp-json\/wp\/v2\/pages\/12065"}],"wp:featuredmedia":[{"embeddable":true,"href":"https:\/\/travelshelper.com\/hu\/wp-json\/wp\/v2\/media\/2816"}],"wp:attachment":[{"href":"https:\/\/travelshelper.com\/hu\/wp-json\/wp\/v2\/media?parent=12087"}],"curies":[{"name":"wp","href":"https:\/\/api.w.org\/{rel}","templated":true}]}}