{"id":12065,"date":"2024-09-15T13:17:19","date_gmt":"2024-09-15T13:17:19","guid":{"rendered":"https:\/\/travelshelper.com\/staging\/?page_id=12065"},"modified":"2026-03-12T19:46:28","modified_gmt":"2026-03-12T19:46:28","slug":"portugalia","status":"publish","type":"page","link":"https:\/\/travelshelper.com\/hu\/destinations\/europe\/portugal\/","title":{"rendered":"Portug\u00e1lia"},"content":{"rendered":"<p>Portug\u00e1lia kontinent\u00e1lis Eur\u00f3pa legnyugatibb cs\u00fccsk\u00e9ben tal\u00e1lhat\u00f3, k\u00f6r\u00fclbel\u00fcl 89 015 km\u00b2-es ter\u00fcletet foglal mag\u00e1ban az Ib\u00e9riai-f\u00e9lszigeten, \u00e9s k\u00e9t atlanti szigetcsoporton, Madeir\u00e1n \u00e9s az Azori-szigeteken h\u00faz\u00f3dik. 2023. december 31-\u00e9n mintegy 10 639 726 lakos\u00e1nak otthont ad\u00f3 orsz\u00e1g, amely a leghosszabb, megszak\u00edt\u00e1s n\u00e9lk\u00fcli sz\u00e1razf\u00f6ldi hat\u00e1r\u00e1t \u2013 1214 km-t \u2013 osztja meg Spanyolorsz\u00e1ggal \u00e9szakon \u00e9s keleten, m\u00edg d\u00e9li \u00e9s nyugati oldalai az \u00c9szak-Atlanti-\u00f3ce\u00e1nnal tal\u00e1lkoznak. Lisszabon, az orsz\u00e1g f\u0151v\u00e1rosa, amely h\u00e9t dombon fekszik a Tagus foly\u00f3 torkolat\u00e1n\u00e1l, v\u00e1ltozatos terepet k\u00edn\u00e1l, amely az \u00e9szaki Ger\u00eas zord, erd\u0151s cs\u00facsait\u00f3l az Alentejo aranyl\u00f3 pr\u00e9rijein \u00e9s az Algarve naps\u00fct\u00f6tte strandjain \u00e1t terjed.<\/p>\n<p>A folytonoss\u00e1g \u00e9rz\u00e9se k\u00f6ti a modern Portug\u00e1li\u00e1t t\u00f6rt\u00e9nelmi m\u00faltj\u00e1hoz. A C\u00f4a-v\u00f6lgy ment\u00e9n v\u00e9sett \u0151skori metszetek \u00e9s az Alentejo megalitikus eml\u00e9km\u0171vei a r\u00f3mai utak \u00e9s v\u00edzvezet\u00e9kek maradv\u00e1nyai mellett \u00e1llnak, amelyek az \u0151si \u00fatvonalakat k\u00f6vetik a Beiras-hegys\u00e9gen \u00e9s az \u00e9szaki fenns\u00edkokon kereszt\u00fcl. A tenger\u00e9szeti amb\u00edci\u00f3 szelleme, amely a tizenhatodik sz\u00e1zad elej\u00e9n az els\u0151 k\u00f6r\u00fclhaj\u00f3z\u00e1st lend\u00edtette el\u0151re, ma is visszhangzik Sagresben, ahol Henrik Haj\u00f3s herceg egykor \u00f6sszeh\u00edvta kapit\u00e1nyait, hogy megtervezz\u00e9k azokat az utakat, amelyek a Fokf\u00f6ld \u00fatvonal\u00e1t jel\u00f6lt\u00e9k volna meg Afrika k\u00f6r\u00fcl. Ez a kett\u0151ss\u00e9g \u2013 a m\u00e9ly t\u00f6rt\u00e9nelmi gy\u00f6kerek \u00e9s a kort\u00e1rs \u00e9rz\u00e9kenys\u00e9g \u2013 jellegzetes karaktert k\u00f6lcs\u00f6n\u00f6z a nemzetnek, amelyben a hagyom\u00e1nyos k\u00e9zm\u0171vess\u00e9g, a fado dallamos dallamai \u00e9s az ismer\u0151s k\u00e9k-feh\u00e9r azulejo csempe egy\u00fctt \u00e9l a vil\u00e1gsz\u00ednvonal\u00fa rep\u00fcl\u0151terekkel, a nagysebess\u00e9g\u0171 vas\u00fattal \u00e9s a k\u00f6zel 3000 km hossz\u00fa aut\u00f3p\u00e1lya-h\u00e1l\u00f3zattal.<\/p>\n<p>Portug\u00e1lia \u00e9ghajlati spektruma ugyanilyen v\u00e1ltozatos. A kontinent\u00e1lis r\u00e9gi\u00f3k \u00e1ltal\u00e1ban mediterr\u00e1n \u00e9ghajlattal rendelkeznek, perzsel\u0151 nyarakkal az Alentejo s\u00edk ter\u00fcletein \u00e9s az Algarve d\u00e9li partj\u00e1n, ahol a tenger h\u0151m\u00e9rs\u00e9klete az \u00e9v nagy r\u00e9sz\u00e9ben m\u00e9rs\u00e9kelt marad. A sz\u00e1razf\u00f6ldi hegyvid\u00e9ki \u00f6vezetekben, mint p\u00e9ld\u00e1ul a Serra da Estrela \u2013 az orsz\u00e1g egyetlen sz\u00e1razf\u00f6ldi s\u00edk\u00f6zpontjainak helysz\u00edne \u2013 hidegebb telek uralkodnak, m\u00edg az Azori-szigetek \u00e9s a szigetcsoport \u00e9ghajlata a m\u00e9rs\u00e9kelt tengeri \u00f6vt\u0151l a nedves szubtr\u00f3pusi \u00f6vig terjed a nyugati szigeteken, s\u0151t a Beja ker\u00fclet \u00e9s Porto Santo egyes r\u00e9szein f\u00e9lsz\u00e1raz is. Madeira szubtr\u00f3pusi profilja a Laurisilva bab\u00e9rerd\u0151it \u00f6vezi, amelyek ma m\u00e1r az UNESCO Vil\u00e1g\u00f6r\u00f6ks\u00e9g r\u00e9szei egyed\u00fcl\u00e1ll\u00f3 biodiverzit\u00e1suk miatt.<\/p>\n<p>\u00c9szakon a Douro Litoral \u00e9s Minho r\u00e9gi\u00f3k foly\u00f3v\u00f6lgyeket \u00e9s teraszos lejt\u0151ket \u00f6lelnek fel, ahol a Vinho Verde sz\u0151l\u0151b\u0151l enyh\u00e9n pezsg\u0151 borok k\u00e9sz\u00fclnek. Porto, a \u201eLegy\u0151zhetetlen V\u00e1ros\u201d, a foly\u00f3 \u00e9s az Atlanti-\u00f3ce\u00e1n tal\u00e1lkoz\u00e1s\u00e1n\u00e1l \u00e1ll \u0151rszemk\u00e9nt, \u00e9s az UNESCO t\u00f6rt\u00e9nelmi k\u00f6zpontj\u00e1\u00e9rt ismert. A v\u00e1ros neoklasszicista homlokzatain \u00e9s barokk templomain t\u00fal a Peneda-Ger\u00eas Nemzeti Park t\u00f6lgyesek \u00e9s gr\u00e1nitcs\u00facsok mened\u00e9k\u00e9t k\u00edn\u00e1lja. Tr\u00e1s-os-Montes e Alto Douro a celtib\u00e9riai dombv\u00e1rak eml\u00e9k\u00e9t \u00e9s az eszpart\u00f3f\u0171 labirintusainak illat\u00e1t hordozza, m\u00edg a Douro borvid\u00e9k k\u00e9t \u00e9vezredes sz\u0151l\u0151\u00fcltetv\u00e9nyei vil\u00e1gh\u00edr\u0171 port\u00f3it termelik.<\/p>\n<p>K\u00f6z\u00e9p-Portug\u00e1lia Beiras nev\u0171 negyede az akad\u00e9miai \u00e9s zar\u00e1ndoklati hagyom\u00e1nyokat \u00f6leli fel. A 1290-ben alap\u00edtott coimbrai egyetem Eur\u00f3pa egyik legr\u00e9gebbi egyeteme, kir\u00e1lyi kereng\u0151i \u00e9s d\u00edszes k\u00e1poln\u00e1ja \u00e9vsz\u00e1zados skolastikus ritu\u00e1l\u00e9kr\u00f3l sz\u00f3l. Nem messze fekszik F\u00e1tima, ahov\u00e1 az 1917-es M\u00e1ria-jelen\u00e9sek a vil\u00e1g minden t\u00e1j\u00e1r\u00f3l vonzott\u00e1k a h\u00edv\u0151ket, egy csendes pl\u00e9b\u00e1ni\u00e1t a d\u00e9l-eur\u00f3pai vall\u00e1si turizmus p\u00e1ratlan helysz\u00edn\u00e9v\u00e9 alak\u00edtva. A S\u00e3o Pedro do Sul \u00e9s a Caldas da Felgueira gy\u00f3gyf\u00fcrd\u0151i a lank\u00e1s dombok k\u00f6z\u00f6tt term\u00e1lvizet keres\u0151ket vonzz\u00e1k, m\u00edg a Serra da Caramulo hegyl\u00e1ncok gesztenyeerd\u0151k\u00f6n \u00e1t vezet\u0151 \u00f6sv\u00e9nyeket k\u00edn\u00e1lnak. A Mondego \u00e9s m\u00e1s foly\u00f3k term\u00e9keny v\u00f6lgyeket v\u00e1jnak ki, ahol a D\u00e3o \u00e9s a Bairrada borok \u00e9rnek.<\/p>\n<p>A Tagus torkolat\u00e1t\u00f3l d\u00e9lre, Lisszabonb\u00f3l kiindul\u00f3 v\u00e1rosi agglomer\u00e1ci\u00f3 \u00f6tv\u00f6zi a r\u00e9git \u00e9s a modernet. A f\u0151v\u00e1ros feh\u00e9rre meszelt homlokzatai \u00e9s a szint\u00e9n UNESCO Vil\u00e1g\u00f6r\u00f6ks\u00e9g r\u00e9sz\u00e9t k\u00e9pez\u0151 Bel\u00e9mben tal\u00e1lhat\u00f3 manueline-i eml\u00e9km\u0171vek \u00e9les ellent\u00e9tben \u00e1llnak a Parque das Na\u00e7\u00f5es eleg\u00e1ns sug\u00e1r\u00fatjaival. A torkolat t\u00faloldal\u00e1n a Cacilheiros n\u00e9ven ismert haj\u00f3k ing\u00e1z\u00f3kat \u00e9s turist\u00e1kat egyar\u00e1nt sz\u00e1ll\u00edtanak, m\u00edg a 25 de Abril \u00e9s a Vasco da Gama hidak olyan vizeken \u00edvelnek \u00e1t, ahol a pilonok alatt id\u0151nk\u00e9nt b\u00e1ln\u00e1k \u00e9s delfinek bukkannak fel. Sintra palot\u00e1i Cascais felett magasod\u00f3 z\u00f6ldell\u0151 dombokhoz kapaszkodnak, a Set\u00fabal-f\u00e9lsziget \u00e9s a Tr\u00f3ia strandok pedig az\u00fark\u00e9k \u00f6bl\u00f6k ment\u00e9n h\u00faz\u00f3dnak, homokjukat a d\u00e9lut\u00e1ni szell\u0151 meleg\u00edti.<\/p>\n<p>Az Alentejo r\u00e9gi\u00f3ban az \u00e9let nyugodt temp\u00f3ban zajlik a t\u00f6lgyf\u00e1kkal bor\u00edtott s\u00edks\u00e1gokon \u00e9s a lank\u00e1s r\u00e9teken kereszt\u00fcl. \u00c9vora r\u00f3mai temploma \u00e9s k\u00f6z\u00e9pkori v\u00edzvezet\u00e9ke a v\u00e1ros sz\u00edv\u00e9ben \u00e1ll, melynek keskeny utc\u00e1in feh\u00e9rre meszelt h\u00e1zak \u00e9s helyi m\u00e1rv\u00e1nytemplomok sorakoznak. A r\u00f3mai kor el\u0151tti menh\u00edrek \u00e9s Antasok \u2013 dolmenek \u2013 tark\u00edtj\u00e1k a vid\u00e9ket, m\u00edg a parat\u00f6lgyek term\u00e9se olyan, amely mind a vid\u00e9ki gazdas\u00e1gokat, mind a glob\u00e1lis boripart fenntartja. A r\u00e9gi\u00f3 hatalmas birtokai olajfaligeteknek \u00e9s sz\u0151l\u0151\u00fcltetv\u00e9nyeknek adnak otthont, amelyek kr\u00e9mes Azeit\u00e3o sajtot \u00e9s mer\u00e9sz v\u00f6r\u00f6sborokat termelnek a kiad\u00f3s p\u00f6rk\u00f6ltek mell\u00e9.<\/p>\n<p>Az Algarve, Portug\u00e1lia naps\u00fct\u00f6tte d\u00e9li partja, a nyaral\u00e1si szellemis\u00e9get testes\u00edti meg, amely kilom\u00e9tereken \u00e1t\u00edvel\u0151 faragott szikl\u00e1kra, rejtett \u00f6bl\u00f6kre \u00e9s strandokra, mint p\u00e9ld\u00e1ul a Marinha \u2013 amelyet az \u00fatik\u00f6nyvek Eur\u00f3pa legszebbjei k\u00f6z\u00e9 sorolnak \u2013, valamint Carvoeiro aranyl\u00f3 kiterjed\u00e9seire \u00e9p\u00fcl. A v\u00edzi sportok vir\u00e1goznak az \u00f6r\u00f6kk\u00e9k \u00e9g alatt: sz\u00f6rf\u00f6z\u00e9s a nyugati parton \u00e9s kitesz\u00f6rf\u00f6z\u00e9s a Costa Vicentina sz\u00e9l\u00e9ben, m\u00edg az Eur\u00f3pa legjobbjai k\u00f6z\u00e9 sorolt \u200b\u200bgolfp\u00e1ly\u00e1k kihaszn\u00e1lj\u00e1k a m\u00e9rs\u00e9kelt \u00e9ghajlat el\u0151nyeit. Ezek a p\u00e1ly\u00e1k azonban nyugtalanul egy\u00fctt \u00e9lnek a v\u00edzfelhaszn\u00e1l\u00e1ssal \u00e9s a k\u00f6rnyezeti hat\u00e1sokkal kapcsolatos aggodalmakkal, m\u00e9g akkor is, ha az \u00fcd\u00fcl\u0151helyek a h\u00e1torsz\u00e1g autentikus vid\u00e9ki \u00e9lm\u00e9nyeinek kapujak\u00e9nt hirdetik magukat.<\/p>\n<p>Ezek a h\u00e1torsz\u00e1gok leny\u0171g\u00f6z\u0151 kontrasztot mutatnak. \u00c9szakon hegyi patakok cs\u00e1b\u00edtj\u00e1k a Douro mell\u00e9kfoly\u00f3in h\u00f6mp\u00f6lyg\u0151 vadv\u00edzi patakokat, t\u00fara\u00fatvonalak pedig Ger\u00eas term\u00e9szetv\u00e9delmi ter\u00fclet\u00e9n kanyarognak. Sz\u0151l\u0151\u00fcltetv\u00e9nyek \u00e9s olajfaligetek h\u00faz\u00f3dnak a hegyoldalakon, amelyek \u0151skori kezek \u00e1ltal v\u00e1jt v\u00f6lgyekbe torkollnak. A k\u00f6z\u00e9ps\u0151 hegyekben a Serra da Estrela gleccserv\u00f6lgyei endemikus n\u00f6v\u00e9ny- \u00e9s \u00e1llatvil\u00e1gnak \u2013 farkasoknak, sasoknak \u00e9s hi\u00fazoknak \u2013 adnak otthont, amelyek egy term\u00e9szetv\u00e9delmi parkban tal\u00e1lnak mened\u00e9ket. Az Azori-szigeteken a Pico vulkanikus cs\u00facsa 2351 m\u00e9teres magass\u00e1gban t\u00f6r az \u00e9gbe, m\u00edg S\u00e3o Miguel legel\u0151i olyan tejterm\u00e9keket termelnek, amelyek fenntartj\u00e1k a sziget gazdas\u00e1g\u00e1t. Madeira teraszain verdelho \u00e9s malvasia sz\u0151l\u0151\u00fcltetv\u00e9nyek tal\u00e1lhat\u00f3k, amelyek term\u00e9s\u00e9b\u0151l a sziget h\u00edres, alkoholos bor\u00e1t desztill\u00e1lj\u00e1k.<\/p>\n<p>Portug\u00e1lia kultur\u00e1lis \u00f6r\u00f6ks\u00e9ge 17 UNESCO Vil\u00e1g\u00f6r\u00f6ks\u00e9gi helysz\u00ednen ragyog, Eur\u00f3pa t\u00f6rt\u00e9nelm\u00e9nek legkiemelked\u0151bb \u0151rz\u0151i k\u00f6z\u00e9 sorolva. A k\u00f6z\u00e9pkori v\u00e1rosok \u2013 Guimar\u00e3es, a nemzet b\u00f6lcs\u0151je, \u00e9s Tomar, az egykori templomos er\u0151d\u00edtm\u00e9ny \u2013 rom\u00e1n st\u00edlus\u00fa templomokat \u00e9s manueline-kori kereng\u0151ket \u0151riznek. Az Alhambra ihlette Jer\u00f3nimos-kolostor \u00e9s a d\u00edszes Forte de S\u00e3o Jorge Lisszabonban a tenger\u00e9szet dics\u0151s\u00e9g\u00e9t bizony\u00edtja. Az evora-i katedr\u00e1lis \u00e9s Diana r\u00f3mai temploma az ib\u00e9riai civiliz\u00e1ci\u00f3k r\u00e9tegeit id\u00e9zi, m\u00edg a tizenhatodik sz\u00e1zadi r\u00f3mai v\u00edzvezet\u00e9k \u00e9s a barokk Covento da Graciosa a Pombaline-korszak racionalista v\u00e1rostervez\u00e9s\u00e9t illusztr\u00e1lja.<\/p>\n<p>A m\u0171v\u00e9szet \u00e9s az \u00e9p\u00edt\u00e9szet tal\u00e1lkozik Portug\u00e1lia modern renesz\u00e1nsz\u00e1ban. Az azulejo d\u00edszk\u00e9nt \u00e9s narrat\u00edv m\u00e9diumk\u00e9nt is m\u00e1ig fennmaradt, paneljei palot\u00e1kat, \u00e1llom\u00e1sokat \u00e9s szent\u00e9lyeket d\u00edsz\u00edtenek. A manueline-st\u00edlus\u00fa bujas\u00e1g tenger\u00e9szeti mot\u00edvumokat \u2013 k\u00f6teleket, korallokat \u00e9s navig\u00e1ci\u00f3s eszk\u00f6z\u00f6ket \u2013 \u00f6tv\u00f6z a kereng\u0151k \u00e9s kapuk d\u00edsz\u00edt\u00e9seivel. A tizennyolcadik sz\u00e1zadi pombalista \u00e9p\u00edtm\u00e9nyek, amelyeket az 1755-\u00f6s szeizmikus puszt\u00edt\u00e1s ut\u00e1n emeltek, f\u00f6ldreng\u00e9s\u00e1ll\u00f3 v\u00e1zszerkezeteket \u00e9s r\u00e1csos utcah\u00e1l\u00f3zatot vezettek be, amint azt Baixa, Lisszabon kereskedelmi k\u00f6zpontja is p\u00e9ld\u00e1zza. A huszadik sz\u00e1zad v\u00e9gi m\u0171v\u00e9szek, mint p\u00e9ld\u00e1ul \u00c1lvaro Siza Vieira \u00e9s Eduardo Souto de Moura, mindketten Pritzker-d\u00edjasok, a f\u00e9ny, az anyagok \u00e9s a n\u00e9pi hagyom\u00e1nyok ir\u00e1nti \u00e9rz\u00e9kenys\u00e9ggel form\u00e1lj\u00e1k a v\u00e1rosi tereket.<\/p>\n<p>Portug\u00e1lia m\u00fazeumai ezt az \u00f6r\u00f6ks\u00e9get glob\u00e1lis narrat\u00edv\u00e1kba \u00e1gyazz\u00e1k. A lisszaboni Calouste Gulbenkian M\u00fazeum eur\u00f3pai festm\u00e9nyeket, keleti sz\u0151nyegeket \u00e9s r\u00e9gis\u00e9geket \u00e1ll\u00edt ki modern szobrok mellett. A Museu Nacional dos Coches cs\u00e1sz\u00e1ri hint\u00f3kat mutat be a Hieronymites kolostor sz\u00e1rny\u00e1ban, m\u00edg a Museu da Marinha modellekben \u00e9s t\u00e9rk\u00e9p\u00e9szetben \u00e1br\u00e1zolja a tenger\u00e9szeti h\u0151stetteket. Port\u00f3ban a Serralves Alap\u00edtv\u00e1ny kort\u00e1rs m\u0171v\u00e9szetet \u00e1ll\u00edt ki egy hatalmas parkban, a Casa da M\u00fasica koncertterme pedig ac\u00e9l \u00e9s \u00fcveg ellenpontjak\u00e9nt \u00e1ll a t\u00f6rt\u00e9nelmi belv\u00e1rosnak. Kisebb helysz\u00ednek \u2013 Sintra j\u00e1t\u00e9km\u00fazeuma \u00e9s Viseu Gr\u00e3o Vasco gy\u0171jtem\u00e9nye \u2013 gazdag\u00edtj\u00e1k a region\u00e1lis kultur\u00e1lis \u00f6kosziszt\u00e9m\u00e1kat.<\/p>\n<p>A v\u00e1rosi mobilit\u00e1s t\u00fckr\u00f6zi Portug\u00e1lia befektet\u00e9seit az \u00f6sszek\u00f6ttet\u00e9sekbe. A metr\u00f3h\u00e1l\u00f3zat Lisszabonon \u00e9s Port\u00f3n kereszt\u00fcl halad kereszt\u00fcl, m\u00edg a vas\u00fatvonalak az \u00e9szaki fenns\u00edkt\u00f3l Algarve-ig h\u00faz\u00f3dnak, \u00e9s Spanyolorsz\u00e1gon is \u00e1thatolnak. A nemzeti l\u00e9git\u00e1rsas\u00e1g, a TAP Air Portugal Lisszabon nemzetk\u00f6zi k\u00f6zpontj\u00e1b\u00f3l \u00fczemel, amelyet Porto, Faro, Funchal \u00e9s Ponta Delgada region\u00e1lis rep\u00fcl\u0151terei eg\u00e9sz\u00edtenek ki. A r\u00e9g\u00f3ta v\u00e1rt \u00faj montij\u00f3i rep\u00fcl\u0151t\u00e9r \u00e9p\u00edt\u00e9s\u00e9t t\u00f6bbsz\u00f6r is elhalasztott\u00e1k, mivel a tervez\u0151k a k\u00f6rnyezetv\u00e9delmi agg\u00e1lyok \u00e9s a helyi ellen\u00e1ll\u00e1s miatt pr\u00f3b\u00e1lnak eligazodni. Az utak, k\u00f6zt\u00fck a Vasco da Gama h\u00edd \u2013 Eur\u00f3pa m\u00e1sodik leghosszabb h\u00eddja, t\u00f6bb mint 12 km-es \u2013 \u00f6sszek\u00f6tik a part menti \u00e9s a sz\u00e1razf\u00f6ldi r\u00e9gi\u00f3kat, gyakran olyan terepen haladva, amely az orsz\u00e1g kontinent\u00e1lis kontrasztjaira eml\u00e9keztet.<\/p>\n<p>Az \u00e9venk\u00e9nti fesztiv\u00e1lok kiemelik a portug\u00e1l hagyom\u00e1nyok vitalit\u00e1s\u00e1t. Febru\u00e1rban karnev\u00e1li felvonul\u00e1sok vonulnak v\u00e9gig a v\u00e1rosokon, majd ny\u00e1ri zenei fesztiv\u00e1lok k\u00f6vetkeznek olyan helysz\u00edneken, mint a Paredes de Coura \u00e9s a Vilar de Mouros, ahol sz\u00ednpadok emelkednek erd\u0151k \u00e9s patakok k\u00f6z\u00f6tt. Lisszabon \u00e9s Porto j\u00faniusban Marchas Populares-nak ad otthont, utcai felvonul\u00e1soknak, amelyeken jelmezes egy\u00fcttesekkel \u00e9s zenekari fanf\u00e1rokkal \u00fcnneplik a szentek napjait. A d\u00e9lnyugati parton a Festival do Sudoeste nemzetk\u00f6zi zenekarokat hoz a tengerparti mez\u0151kre, m\u00edg az \u0151szi egyh\u00e1zk\u00f6zs\u00e9gi v\u00e1s\u00e1rokon a betakar\u00edt\u00e1st felvonul\u00e1sokkal, filharmonikus zenekarokkal \u00e9s n\u00e9pt\u00e1ncosokkal \u00fcnneplik. Goleg\u00e3 novemberi l\u00f3v\u00e1s\u00e1r\u00e1n, amely a lovass\u00e1gi hagyom\u00e1nyokban gy\u00f6kerezik, ma lovas ki\u00e1ll\u00edt\u00e1sok mellett k\u00e9zm\u0171ves term\u00e9keket \u00e9s gasztron\u00f3miai k\u00edn\u00e1latot is bemutatnak.<\/p>\n<p>A mindennapi \u00e9let a k\u00f6z\u00f6ss\u00e9gi ritmust meg\u0151rz\u0151 piacokon \u00e9s k\u00e1v\u00e9z\u00f3kban zajlik. Szinte minden sarkon t\u00f6bb bankb\u00f3l \u00e1ll\u00f3 ATM-ek \u00e1llnak, fel\u00e1r n\u00e9lk\u00fcl adj\u00e1k ki az eur\u00f3t, m\u00edg a p\u00e9nzv\u00e1lt\u00f3k a turisztikai l\u00e1tv\u00e1nyoss\u00e1gok k\u00f6zel\u00e9ben csoportosulnak, gyakran kedvez\u0151tlen \u00e1ron. Minden \u00e1r tartalmazza az \u00e1f\u00e1t, amely a sz\u00e1razf\u00f6ld\u00f6n \u00e1tlagosan 23 sz\u00e1zal\u00e9k, Madeir\u00e1n \u00e9s az Azori-szigeteken pedig alacsonyabb s\u00e1vsz\u00e9less\u00e9ggel. Alkudoz\u00e1ssal szer\u00e9ny kedvezm\u00e9nyeket lehet kapni a k\u00e9zm\u0171ves term\u00e9kekre, de a l\u00e1togat\u00f3kat arra figyelmeztetik, hogy ellen\u0151rizz\u00e9k a visszaj\u00e1r\u00f3t, \u00e9s tiszt\u00e1zz\u00e1k a fedezeti d\u00edjakat azokban az \u00e9ttermekben, ahol a keny\u00e9r \u00e9s az olajbogy\u00f3 szabadon v\u00e1s\u00e1rolhat\u00f3.<\/p>\n<p>A portug\u00e1l konyha \u00e9vsz\u00e1zados mez\u0151gazdas\u00e1gi \u00e9s tengeri f\u00fazi\u00f3s folyamatokat \u00f6tv\u00f6z. A levesek nyitj\u00e1k az \u00e9tkez\u00e9seket, a z\u00f6ldell\u0151 caldo verde pedig kelk\u00e1poszt\u00e1t, burgony\u00e1t \u00e9s f\u00fcst\u00f6lt kolb\u00e1szt kombin\u00e1l egy meleg\u00edt\u0151 h\u00faslevesben. A Bacalhau \u2013 a sz\u00e1r\u00edtott \u00e9s s\u00f3zott t\u0151kehal \u2013 t\u00f6bb sz\u00e1z form\u00e1ban jelenik meg, a kr\u00e9mes Bacalhau \u00e0 Br\u00e1st\u00f3l az ol\u00edvaolaj \u00e9s hagyma illat\u00fa s\u00fclt gratinokig. A grillezett szard\u00ednia, a leveles nyelvhal \u00e9s a kem\u00e9ny\u00edt\u0151ben gazdag \u00e9telek, mint p\u00e9ld\u00e1ul az Arroz de Cabidela, a paraszti \u00e9s a palotai asztalokat egyar\u00e1nt id\u00e9zik. A h\u00fasspecialit\u00e1sok \u2013 a portug\u00e1l cozido \u00e9s az alentej\u00f3i fekete sert\u00e9sh\u00fas \u2013 \u00e9les ellent\u00e9tben \u00e1llnak Mealhada h\u00edres szop\u00f3s malac\u00e1val, amelynek ropog\u00f3s b\u0151re \u00e9s citrusos d\u00edsz\u00edt\u00e9se a sz\u00e1jpadl\u00e1s teljes figyelm\u00e9t kik\u00f6veteli.<\/p>\n<p>A s\u00fctem\u00e9nyk\u00e9sz\u00edt\u00e9s szinte vall\u00e1sos buzgalmat v\u00edvott ki az orsz\u00e1g k\u00fcl\u00f6nb\u00f6z\u0151 pasztel\u00e1ri\u00e1iban. Az aranyl\u00f3 kr\u00e9mmel, ropog\u00f3s h\u00e9jba z\u00e1rt pastel de nata elker\u00fclhetetlen\u00fcl sorokat vonz Bel\u00e9mben, m\u00e9gis minden v\u00e1ros k\u00edn\u00e1lja a saj\u00e1t v\u00e1ltozat\u00e1t \u2013 fah\u00e9jas vagy cukoros s\u00fctem\u00e9nyeket, amelyek megk\u00fcl\u00f6nb\u00f6ztetik a helyi recepteket. A d\u00e9lut\u00e1ni te\u00e1kon a Bolo de arroz \u00e9s a region\u00e1lis mandul\u00e1s s\u00fctem\u00e9nyek szerepelnek, m\u00edg a hagyom\u00e1nyos \u00e9dess\u00e9gek a szerzetesi lelem\u00e9nyess\u00e9get id\u00e9zik a toj\u00e1sban gazdag s\u00e1rg\u00e1j\u00e1val \u00e9s a bonyolult form\u00e1kba fonott cukorral.<\/p>\n<p>A csendesebb temp\u00f3t kedvel\u0151 l\u00e1togat\u00f3k felmer\u00e9szkednek a foly\u00f3n felfel\u00e9 az Alto Douro borvid\u00e9kre, ahol a sz\u0151l\u0151\u00fcltetv\u00e9nyek l\u00e9pcs\u0151zetes teraszokon emelkednek a fortyog\u00f3 \u00e1ramlatok f\u00f6l\u00e9. Cabo da Roc\u00e1n\u00e1l, Eur\u00f3pa kontinent\u00e1lis sz\u00e9l\u00e9n, a szikla tetej\u00e9n megb\u00fav\u00f3 l\u00e1togat\u00f3kat al\u00e1zatra k\u00e9nyszer\u00edti. Peneda-Ger\u00eas mad\u00e1rmegfigyel\u0151i szirti sasokat pillanthatnak meg, m\u00edg az Azori-szigetek k\u00f6r\u00fcli tengeri \u00e9l\u0151vil\u00e1g-t\u00far\u00e1k sor\u00e1n delfineket \u00e9s b\u00e1ln\u00e1kat tekinthetnek meg eredeti \u00e9l\u0151hely\u00fck\u00f6n. Madeir\u00e1n a Levad\u00e1k \u2013 \u00e9vsz\u00e1zados \u00f6nt\u00f6z\u0151csatorn\u00e1k \u2013 bab\u00e9rerd\u0151k\u00f6n kereszt\u00fcl kanyarognak, \u00e9s egynapos t\u00far\u00e1kra cs\u00e1b\u00edtanak egy lombozat katedr\u00e1lisa alatt.<\/p>\n<p>Portug\u00e1lia gazdas\u00e1ga a hagyom\u00e1nyos \u00e1gazatokat \u00f6tv\u00f6zi a felt\u00f6rekv\u0151 er\u0151forr\u00e1sokkal. 2024-ben az egy f\u0151re jut\u00f3 GDP el\u00e9rte az uni\u00f3s \u00e1tlag 82 sz\u00e1zal\u00e9k\u00e1t, amit a turizmus \u2013 amely a GDP 16,5 sz\u00e1zal\u00e9k\u00e1t tette ki \u2013 \u00e9s az export, amely a gazdas\u00e1gi termel\u00e9s k\u00f6zel fel\u00e9t tette ki. A nemzeti k\u00f6zponti bank a vil\u00e1g tizenharmadik legnagyobb aranytartal\u00e9k\u00e1val rendelkezik, \u00e9s jelent\u0151s l\u00edtiumk\u00e9szletei az akkumul\u00e1torf\u00e9m-ell\u00e1t\u00e1si l\u00e1ncok \u00e9lvonal\u00e1ba helyezik Portug\u00e1li\u00e1t. Az orsz\u00e1g 1986 \u00f3ta az uni\u00f3s koh\u00e9zi\u00f3s alapok nett\u00f3 kedvezm\u00e9nyezettjek\u00e9nt beruh\u00e1z\u00e1sokat eszk\u00f6z\u00f6lt az infrastrukt\u00far\u00e1ba, az oktat\u00e1sba \u00e9s a meg\u00fajul\u00f3 energi\u00e1ba.<\/p>\n<p>Portug\u00e1lia minden tekintetben \u2013 a t\u00f6rt\u00e9nelmi v\u00e1rosokt\u00f3l a part menti szigetekig \u2013 a r\u00e9gi \u00e9s az \u00faj tal\u00e1lkoz\u00e1s\u00e1n\u00e1l helyezkedik el. Elm\u00e9lked\u00e9sre cs\u00e1b\u00edt az id\u0151 m\u00fal\u00e1s\u00e1n, ahogy a templomi harangok \u00e9vsz\u00e1zadok \u00f3ta v\u00e1ltozatlan falvakban jelzik az \u00f3r\u00e1kat, \u00e9s Lisszabon v\u00edzpartja m\u00f6g\u00f6tt felh\u0151karcol\u00f3k magasodnak daruk. A lass\u00fa d\u00e9lut\u00e1nok vigasz\u00e1t k\u00edn\u00e1lja az alentej\u00f3i olajfaligeteken, ugyanakkor vil\u00e1gsz\u00ednvonal\u00fa fesztiv\u00e1lokat rendez a csillagos \u00e9g alatt. Az \u00e9ghajlatok, a terepek \u00e9s a hagyom\u00e1nyok mozaikj\u00e1ban Portug\u00e1lia egyetlen c\u00e9lt t\u00e1r fel: meg\u0151rizni minden hely \u00e9s gyakorlat integrit\u00e1s\u00e1t, mik\u00f6zben kapcsolatba l\u00e9p egy folyamatosan fejl\u0151d\u0151 vil\u00e1ggal.<\/p>","protected":false},"excerpt":{"rendered":"<p>Portug\u00e1lia, hivatalos nev\u00e9n Portug\u00e1l K\u00f6zt\u00e1rsas\u00e1g, az Ib\u00e9riai-f\u00e9lszigeten tal\u00e1lhat\u00f3 D\u00e9lnyugat-Eur\u00f3p\u00e1ban. K\u00f6r\u00fclbel\u00fcl 10,3 milli\u00f3 lakos\u00e1val strat\u00e9giailag fontos helyen tal\u00e1lhat\u00f3 a kontinent\u00e1lis Eur\u00f3pa legnyugatibb sz\u00e9l\u00e9n. A sz\u00e1razf\u00f6lddel egy\u00fctt a nemzet mag\u00e1ban foglalja az Azori-szigetek \u00e9s Madeira makaron\u00e9z szigetvil\u00e1g\u00e1t az Atlanti-\u00f3ce\u00e1non. Portug\u00e1lia saj\u00e1tos topogr\u00e1fi\u00e1ja az eur\u00f3pai \u00e9s az atlanti hat\u00e1sok tal\u00e1lkoz\u00e1si pontj\u00e1ba \u00e1ll\u00edtja, \u00edgy form\u00e1lva \u00e9vezredeken \u00e1t t\u00f6rt\u00e9nelm\u00e9t, kult\u00far\u00e1j\u00e1t \u00e9s identit\u00e1s\u00e1t.<\/p>","protected":false},"author":1,"featured_media":3552,"parent":24078,"menu_order":0,"comment_status":"closed","ping_status":"closed","template":"elementor_theme","meta":{"_eb_attr":"","footnotes":""},"class_list":["post-12065","page","type-page","status-publish","has-post-thumbnail"],"_links":{"self":[{"href":"https:\/\/travelshelper.com\/hu\/wp-json\/wp\/v2\/pages\/12065","targetHints":{"allow":["GET"]}}],"collection":[{"href":"https:\/\/travelshelper.com\/hu\/wp-json\/wp\/v2\/pages"}],"about":[{"href":"https:\/\/travelshelper.com\/hu\/wp-json\/wp\/v2\/types\/page"}],"author":[{"embeddable":true,"href":"https:\/\/travelshelper.com\/hu\/wp-json\/wp\/v2\/users\/1"}],"replies":[{"embeddable":true,"href":"https:\/\/travelshelper.com\/hu\/wp-json\/wp\/v2\/comments?post=12065"}],"version-history":[{"count":0,"href":"https:\/\/travelshelper.com\/hu\/wp-json\/wp\/v2\/pages\/12065\/revisions"}],"up":[{"embeddable":true,"href":"https:\/\/travelshelper.com\/hu\/wp-json\/wp\/v2\/pages\/24078"}],"wp:featuredmedia":[{"embeddable":true,"href":"https:\/\/travelshelper.com\/hu\/wp-json\/wp\/v2\/media\/3552"}],"wp:attachment":[{"href":"https:\/\/travelshelper.com\/hu\/wp-json\/wp\/v2\/media?parent=12065"}],"curies":[{"name":"wp","href":"https:\/\/api.w.org\/{rel}","templated":true}]}}