{"id":12053,"date":"2024-09-15T12:59:22","date_gmt":"2024-09-15T12:59:22","guid":{"rendered":"https:\/\/travelshelper.com\/staging\/?page_id=12053"},"modified":"2026-03-12T21:52:09","modified_gmt":"2026-03-12T21:52:09","slug":"jekatyerinburg","status":"publish","type":"page","link":"https:\/\/travelshelper.com\/hu\/destinations\/europe\/russian-federation\/yekaterinburg\/","title":{"rendered":"Jekatyerinburg"},"content":{"rendered":"<p>Jekatyerinburg az Ur\u00e1l-hegys\u00e9g keleti sz\u00e9l\u00e9n, az Iszet foly\u00f3 partj\u00e1n fekv\u0151 v\u00e1ros Oroszorsz\u00e1g negyedik legnagyobb v\u00e1rosa, valamint a Szverdlovszki ter\u00fclet \u00e9s az Ur\u00e1li sz\u00f6vets\u00e9gi k\u00f6rzet k\u00f6zigazgat\u00e1si k\u00f6zpontja. A 2021-es n\u00e9psz\u00e1ml\u00e1l\u00e1s szerint 1111 n\u00e9gyzetkilom\u00e9teres ter\u00fclettel \u00e9s 1 544 376 lakossal rendelkez\u0151 v\u00e1ros strat\u00e9giai helyen fekszik Eur\u00f3pa \u00e9s Szib\u00e9ria k\u00f6z\u00f6tt. Az 1723-ban alap\u00edtott, majd 1924 \u00e9s 1991 k\u00f6z\u00f6tt r\u00f6vid ideig Szverdlovszknak \u00e1tnevezett v\u00e1ros egyszerre ipari nagyv\u00e1ros \u00e9s kultur\u00e1lis k\u00f6zpont, l\u00e1tk\u00e9p\u00e9t ma modern felh\u0151karcol\u00f3k, utc\u00e1it pedig felt\u0171n\u0151 konstruktivista \u00e9p\u00edt\u00e9szet tark\u00edtja.<\/p>\n<p>Jekatyerinburgot Nagy P\u00e9ter c\u00e1r 1723. november 18-i rendelet\u00e9vel alap\u00edtotta, feles\u00e9g\u00e9r\u0151l, I. Katalin c\u00e1rn\u0151r\u0151l elnevezve. L\u00e9tez\u00e9s\u00e9t\u0151l fogva az Orosz Birodalom b\u00e1ny\u00e1szati \u200b\u200bf\u0151v\u00e1rosak\u00e9nt szolg\u00e1lt, kiakn\u00e1zva az Ur\u00e1l gazdag \u00e9rceit, \u00e9s l\u00e9tfontoss\u00e1g\u00fa \u00f6sszek\u00f6ttet\u00e9st biztos\u00edtva a Nagy Katalin \u00e1ltal 1781-ben megnyitott szib\u00e9riai \u00fatvonalon. Ez az \u00fatvonal a v\u00e1rost \u00e1tj\u00e1r\u00f3v\u00e1 alak\u00edtotta a Szib\u00e9ria hatalmas vadonj\u00e1ba tart\u00f3 utaz\u00f3k \u00e9s \u00e1ruk sz\u00e1m\u00e1ra. A 19. sz\u00e1zad v\u00e9g\u00e9n Jekatyerinburg a t\u00e1rsadalmi \u00e9s politikai erjed\u00e9s k\u00f6zpontj\u00e1v\u00e1 v\u00e1lt, forradalmi mozgalmak \u00e1llom\u00e1shely\u00e9v\u00e9, amelyek az orosz t\u00f6rt\u00e9nelem menet\u00e9t alak\u00edtott\u00e1k. A bolsevik forradalom ut\u00e1n a v\u00e1rost Jakov Szverdlov tisztelet\u00e9re Szverdlovnak nevezt\u00e9k \u00e1t, t\u00fckr\u00f6zve \u00faj szerep\u00e9t, mint k\u00f6zigazgat\u00e1si \u00e9s ipari k\u00f6zpont a szovjet rezsim alatt. A Szovjetuni\u00f3 felboml\u00e1s\u00e1val 1991. szeptember 23-\u00e1n visszanyerte t\u00f6rt\u00e9nelmi nev\u00e9t.<\/p>\n<p>Jekatyerinburg Eur\u00f3pa \u00e9szakkeleti perem\u00e9n fekv\u0151 erd\u0151s dombokon fekszik, amelyek az Ur\u00e1l-hegys\u00e9g lank\u00e1s lejt\u0151ibe torkollnak. Az Iszet foly\u00f3 kett\u00e9szeli a v\u00e1rosi sz\u00f6vetet, amely a hegyekb\u0151l a Tobolba \u00f6mlik. Hat\u00e1rain bel\u00fcl k\u00e9t t\u00f3 tal\u00e1lhat\u00f3, a Suvakis \u00e9s a Sartas, m\u00edg a k\u00f6zeli v\u00edzt\u00e1roz\u00f3k \u00e9s tavak egyar\u00e1nt biztos\u00edtj\u00e1k a kikapcsol\u00f3d\u00e1st \u00e9s a v\u00edzgazd\u00e1lkod\u00e1st. A v\u00e1ros p\u00e1r\u00e1s kontinent\u00e1lis \u00e9ghajlata \u00e9lesen elk\u00fcl\u00f6n\u00fcl\u0151 \u00e9vszakokat eredm\u00e9nyez. A telek -40\u00b0C-ra s\u00fcllyedhetnek sarkvid\u00e9ki bet\u00f6r\u00e9sek idej\u00e9n, majd hirtelen olvad\u00e1sok idej\u00e9n fagypont f\u00f6l\u00e9 emelkedhetnek, m\u00edg a ny\u00e1ri h\u0151m\u00e9rs\u00e9klet a k\u00f6nny\u0171 fagyokt\u00f3l a 35\u00b0C feletti cs\u00facsokig ingadozhat, ahogy a meleg l\u00e9gt\u00f6megek K\u00f6z\u00e9p-\u00c1zsi\u00e1b\u00f3l el\u0151ret\u00f6rnek. Ezek a dr\u00e1mai ingadoz\u00e1sok kiemelik a v\u00e1ros elhelyezked\u00e9s\u00e9t az ellent\u00e9tes l\u00e9g\u00e1ramlatok metsz\u00e9spontj\u00e1ban.<\/p>\n<p>Jekatyerinburg b\u0151v\u00fcl\u0151 gazdas\u00e1g\u00e1t demogr\u00e1fiai n\u00f6veked\u00e9s k\u00eds\u00e9rte. 2010 \u00e9s 2021 k\u00f6z\u00f6tt a lakoss\u00e1ga k\u00f6zel 15 sz\u00e1zal\u00e9kkal n\u0151tt, ami mind a bels\u0151 migr\u00e1ci\u00f3t, mind a term\u00e9szetes szaporod\u00e1st t\u00fckr\u00f6zi. A v\u00e1ros hivatalos hat\u00e1rain t\u00falra terjeszkedik, \u00e9s egy mintegy 2,2 milli\u00f3 lakos\u00fa v\u00e1rosi agglomer\u00e1ci\u00f3v\u00e1 v\u00e1lik. Ez a terjeszked\u00e9s egybeesik az \u00e9p\u00edt\u00e9si fellend\u00fcl\u00e9ssel, amely t\u00f6bb mint h\u00fasz felh\u0151karcol\u00f3t eredm\u00e9nyezett, k\u00f6zt\u00fck az Iszet-tornyot, amely 209 m\u00e9teres magass\u00e1g\u00e1val az Ur\u00e1l legmagasabb \u00e9p\u00edtm\u00e9nye.<\/p>\n<p>Gazdas\u00e1gi teljes\u00edtm\u00e9ny tekintet\u00e9ben Jekatyerinburg a harmadik helyen \u00e1ll az orosz v\u00e1rosok k\u00f6z\u00f6tt, csak Moszkva \u00e9s Szentp\u00e9terv\u00e1r el\u0151zi meg. A McKinsey glob\u00e1lis City-600 indexe a vil\u00e1g legnagyobb v\u00e1rosi gazdas\u00e1gai k\u00f6z\u00e9 sorolja, a glob\u00e1lis GDP 60 sz\u00e1zal\u00e9k\u00e1t adja. A 2015-\u00f6s 898 milli\u00e1rd rubel brutt\u00f3 v\u00e1rosi term\u00e9k\u00e9vel \u00e9s az 50 milli\u00e1rd nemzetk\u00f6zi doll\u00e1rt meghalad\u00f3 nagyv\u00e1rosi GDP-vel megszil\u00e1rd\u00edtotta p\u00e9nz\u00fcgyi \u00e9s ipari csom\u00f3pontk\u00e9nt bet\u00f6lt\u00f6tt poz\u00edci\u00f3j\u00e1t.<\/p>\n<p>A v\u00e1ros gazdas\u00e1gi alapjait a neh\u00e9zipar, a koh\u00e1szati \u200b\u200b\u00fczemek \u00e9s a v\u00e9delmi v\u00e1llalatok k\u00e9pezik, amelyek eg\u00e9szen a szovjet f\u00e9nykor\u00e1ig ny\u00falnak vissza. Az 1991 el\u0151tti id\u0151szakban Szverdlovszk tev\u00e9kenys\u00e9g\u00e9nek 90 sz\u00e1zal\u00e9k\u00e1t a feldolgoz\u00f3ipar tette ki, amelynek h\u00e1romnegyede a katonai termel\u00e9st t\u00e1mogatta. Az 1990-es \u00e9vek piaci reformjai \u00f3ta az ipari diverzifik\u00e1ci\u00f3 el\u0151rehaladt, beruh\u00e1z\u00e1sokat vonzva a technol\u00f3gi\u00e1ba, a logisztik\u00e1ba \u00e9s az \u00fczleti szolg\u00e1ltat\u00e1sokba. A K\u00f6zponti Katonai K\u00f6rzet k\u00f6zpontja \u00e9s az Orosz Tudom\u00e1nyos Akad\u00e9mia Urali Fi\u00f3ktelepe hangs\u00falyozza Jekatyerinburg kett\u0151s szerep\u00e9t, mint strat\u00e9giai \u00e9s szellemi k\u00f6zpont.<\/p>\n<p>A turizmus jelent\u0151sen hozz\u00e1j\u00e1rult a v\u00e1ros ismerts\u00e9g\u00e9hez. A 2015-\u00f6s Glob\u00e1lis V\u00e1rosok Index\u00e9ben Oroszorsz\u00e1g \u00f6t legfontosabb \u00fati c\u00e9lj\u00e1nak egyikek\u00e9nt sz\u00e1mon tartott v\u00e1ros abban az \u00e9vben 2,1 milli\u00f3 beutaz\u00f3 l\u00e1togat\u00f3t fogadott. Az \u00fczleti turizmusr\u00f3l a szabadid\u0151s turizmusra val\u00f3 \u00e1tt\u00e9r\u00e9s egy\u00e9rtelm\u0171: m\u00edg egykor az \u00fczleti utaz\u00f3k az \u00e9rkez\u0151k 80 sz\u00e1zal\u00e9k\u00e1t tett\u00e9k ki, 2015-re m\u00e1r csak 67 sz\u00e1zal\u00e9kot k\u00e9pviseltek. A l\u00e1togat\u00f3k az\u00e9rt \u00e9rkeznek, hogy felfedezz\u00e9k az utols\u00f3 orosz c\u00e1rhoz kapcsol\u00f3d\u00f3 helysz\u00edneket, k\u00f6vess\u00e9k az ur\u00e1li geol\u00f3gia \u00e9s folkl\u00f3r bazsovi hagyom\u00e1nyait, \u00e9s r\u00e9szt vegyenek sz\u00e1mos esem\u00e9nyen, a 2008\u20132009-es Sanghaji Egy\u00fcttm\u0171k\u00f6d\u00e9si Szervezet cs\u00facstal\u00e1lkoz\u00f3it\u00f3l az Innoprom nemzetk\u00f6zi ki\u00e1ll\u00edt\u00e1sig. A 2018-as FIFA-vil\u00e1gbajnoks\u00e1g h\u00e1zigazd\u00e1jak\u00e9nt Jekatyerinburg modern stadionj\u00e1t \u00e9s t\u00f6rt\u00e9nelmi nevezetess\u00e9geit mutatta be.<\/p>\n<p>Egy \u00e1tfog\u00f3 k\u00f6zleked\u00e9si h\u00e1l\u00f3zat tartja fenn mind a kereskedelmet, mind a turizmust. Hat sz\u00f6vets\u00e9gi aut\u00f3p\u00e1lya \u00e9s h\u00e9t f\u0151 vas\u00fatvonal fut itt \u00f6ssze, \u00edgy Moszkva \u00e9s Szentp\u00e9terv\u00e1r ut\u00e1n Oroszorsz\u00e1g harmadik legnagyobb k\u00f6zleked\u00e9si csom\u00f3pontja. A jekatyerinburgi csom\u00f3pont a Transzszib\u00e9riai Vas\u00fatvonal r\u00e9sze, amely \u00f6sszek\u00f6ti Eur\u00f3pa nyugati r\u00e9sz\u00e9t a csendes-\u00f3ce\u00e1ni t\u00e9rs\u00e9g keleti r\u00e9sz\u00e9vel. A Kolcov\u00f3i Nemzetk\u00f6zi Rep\u00fcl\u0151t\u00e9r \u00e9vente t\u00f6bb mint \u00f6tmilli\u00f3 utast szolg\u00e1l ki, m\u00edg az Aramilban tal\u00e1lhat\u00f3 m\u00e1sodlagos rep\u00fcl\u0151t\u00e9r region\u00e1lis j\u00e1ratokat fogad. A v\u00e1roson bel\u00fcl egy kilenc \u00e1llom\u00e1ssal rendelkez\u0151, egyvonalas metr\u00f3 k\u00f6zel \u00f6tvenmilli\u00f3 utast sz\u00e1ll\u00edt \u00e9vente, a villamos-, trolibusz- \u00e9s buszj\u00e1ratok pedig egykor \u00e9vente t\u00f6bb sz\u00e1zmilli\u00f3 utast sz\u00e1ll\u00edtottak. A b\u0151v\u00fcl\u0151 k\u00f6rgy\u0171r\u0171 \u00e9s a t\u00f6bbszintes csom\u00f3pontok h\u00e1l\u00f3zata kezeli a gyors aut\u00f3tulajdonl\u00e1si n\u00f6veked\u00e9s okozta kr\u00f3nikus torl\u00f3d\u00e1sokat, amelyek ma m\u00e1r k\u00f6r\u00fclbel\u00fcl 410 j\u00e1rm\u0171vet jelentenek 1000 lakosra vet\u00edtve.<\/p>\n<p>Jekatyerinburg kultur\u00e1lis t\u00e1jk\u00e9pe gazdag \u00e9s v\u00e1ltozatos. Mintegy \u00f6tven k\u00f6nyvt\u00e1r, k\u00f6zt\u00fck a Szverdlovszki Ter\u00fclet Egyetemes Tudom\u00e1nyos K\u00f6nyvt\u00e1ra \u00e9s az A. I. Herzen K\u00f6zponti V\u00e1rosi K\u00f6nyvt\u00e1r t\u00e1mogatja a tudom\u00e1nyos t\u00f6rekv\u00e9seket. A m\u00fazeumok sz\u00e1ma meghaladja az \u00f6tvenet, gy\u0171jtem\u00e9nyeik a Nyevjanszki Ikonm\u00fazeum Nyevjanszki ikonjait\u00f3l a Shigir Gy\u0171jtem\u00e9nyig, a vil\u00e1g legr\u00e9gebbi, ma k\u00f6r\u00fclbel\u00fcl 11 500 \u00e9ves faszobr\u00e1ig terjednek. A Jekatyerinburgi Sz\u00e9pm\u0171v\u00e9szeti M\u00fazeum az orosz fest\u00e9szet jeles v\u00e1sznaival b\u00fcszk\u00e9lkedhet, m\u00edg az UNESCO \u00e1ltal jegyzett, 1900-b\u00f3l sz\u00e1rmaz\u00f3 remekm\u0171, a Kasli \u00f6nt\u00f6ttvas pavilon a gy\u0171jtem\u00e9nyben tal\u00e1lhat\u00f3.<\/p>\n<p>A sz\u00ednh\u00e1zi \u00e9let vir\u00e1gzik olyan helysz\u00edneken, mint az Akad\u00e9miai Zenei V\u00edgj\u00e1t\u00e9k Sz\u00ednh\u00e1z, a dr\u00e1masz\u00ednh\u00e1z, az ifj\u00fas\u00e1gi sz\u00ednh\u00e1z \u00e9s egy neves b\u00e1bsz\u00ednh\u00e1z. A Jekatyerinburgi Opera \u00e9s Balett Sz\u00ednh\u00e1z 2020-ban n\u00e9gy Arany Maszk d\u00edjat nyert, k\u00f6zt\u00fck a legjobb operael\u0151ad\u00e1s d\u00edj\u00e1t. A v\u00e1ros filmes \u00f6r\u00f6ks\u00e9ge az 1909-es els\u0151 mozit\u00f3l az 1943-ban alap\u00edtott Szverdlovszki Filmst\u00fadi\u00f3ig terjed, amelynek produkci\u00f3i el\u00e9rt\u00e9k az orsz\u00e1gos k\u00f6z\u00f6ns\u00e9get. Jelenleg t\u00f6bb mint h\u00fasz mozi vet\u00edt hazai \u00e9s nemzetk\u00f6zi filmeket.<\/p>\n<p>A zene is l\u00fcktet a v\u00e1ros utc\u00e1in. Olyan rockegy\u00fcttesek sz\u00fclettek itt, mint a Chaif, az Agata Kristi \u00e9s a Nautilus Pompilius, akik hozz\u00e1j\u00e1rultak az ur\u00e1li rock mozgalomhoz. Az Ur\u00e1li \u00c1llami Konzervat\u00f3rium olyan operanagys\u00e1gokat v\u00e9gzett, mint Borisz Shtokolov \u00e9s Vera Bajeva, a Dmitrij Liss vez\u00e9nylet\u00e9vel m\u0171k\u00f6d\u0151 Ur\u00e1li Filharmonikus Zenekar pedig nemzetk\u00f6zi szinten l\u00e9p fel. A cirkuszm\u0171v\u00e9szet vir\u00e1gzik a 2012-ben Oroszorsz\u00e1g \u00c9v Cirkusz\u00e1nak v\u00e1lasztott V. I. Filatov \u00c1llami Cirkuszban.<\/p>\n<p>Jekatyerinburg egyar\u00e1nt mag\u00e1\u00e9nak vallja a k\u00f6zt\u00e9ri m\u0171v\u00e9szetet \u00e9s az \u00e9p\u00edt\u00e9szetet. A konstruktivista nevezetess\u00e9gek sz\u00e1ma meghaladja a 140-et, az Uralmas Feh\u00e9r Toronyt\u00f3l az \u201eUralszkij Rabocsij\u201d kiad\u00f3ig. Az utcai m\u0171v\u00e9szetnek k\u00f6sz\u00f6nhet\u0151en a v\u00e1ros elnyerte az \u201eutcai m\u0171v\u00e9szet orosz f\u0151v\u00e1rosa\u201d c\u00edmet. A t\u00f6rt\u00e9nelmi \u00e9p\u00fcletek k\u00f6z\u00f6tt megtal\u00e1lhat\u00f3k Mihail Malakhov neoklasszicista lak\u00f3parkjai, akik 1815 \u00e9s 1842 k\u00f6z\u00f6tt alkottak, valamint a barokk \u00e9s eklektikus \u00e9p\u00edtm\u00e9nyek, mint p\u00e9ld\u00e1ul az Operah\u00e1z \u00e9s a huszadik sz\u00e1zad elej\u00e9n \u00e9p\u00fclt vas\u00fat\u00e1llom\u00e1s. A szovjet korabeli neoklasszicizmus d\u00edsz\u00edtette a k\u00f6z\u00e9p\u00fcleteket az 1930-as \u00e9s 50-es \u00e9vekben, m\u00edg a Hruscsov-korabeli lak\u00f3h\u00e1zak az 1960-as \u00e9s 80-as \u00e9vek racionalista doktr\u00edn\u00e1it t\u00fckr\u00f6zik. Az 1990-es \u00e9vek piaci reformjai restaur\u00e1ci\u00f3t \u00e9s a \u201ehomlokzat\u201d jelens\u00e9g\u00e9t hozt\u00e1k magukkal, meg\u0151rizve a t\u00f6rt\u00e9nelmi homlokzatokat, mik\u00f6zben modern bet\u00e9teket csatlakoztak hozz\u00e1juk. Az ezredfordul\u00f3 high-tech tornyokat, \u00fczleti k\u00f6zpontokat \u00e9s luxuskomplexumokat hozott, amelyek cs\u00facspontja a Jean Pistre \u00e1ltal tervezett K\u00f6zponti \u00dczleti Negyed \u00e9s az Iszet-torony volt.<\/p>\n<p>A kultur\u00e1lis negyedben ny\u00edlt meg 2015-ben a Borisz Jelcin Eln\u00f6ki K\u00f6zpont, amelyet az Eur\u00f3pa Tan\u00e1cs 2017-ben Eur\u00f3pa legjobb m\u00fazeum\u00e1nak v\u00e1lasztott. Az Urali Term\u00e9szettudom\u00e1nyi Kedvel\u0151k T\u00e1rsas\u00e1ga egy \u00e1llatkertet hozott l\u00e9tre, amely ma t\u00f6bb mint 1000 \u00e1llatnak ad otthont 350 fajhoz tartoz\u00f3 ter\u00fcleten. 2011 \u00f3ta a \u201eV\u00f6r\u00f6s Vonal\u201d gyalogos \u00fatvonal harmincn\u00e9gy t\u00f6rt\u00e9nelmi nevezetess\u00e9gen kereszt\u00fcl kalauzolja a l\u00e1togat\u00f3kat a v\u00e1ros sz\u00edv\u00e9ben, palot\u00e1kat, katedr\u00e1lisokat \u00e9s k\u00f6ztereket k\u00f6tve \u00f6ssze egy \u00f6nvezet\u0151 t\u00far\u00e1n.<\/p>\n<p>Jekatyerinburg t\u00f6rt\u00e9nete a kontinensek \u00e9s korszakok tal\u00e1lkoz\u00e1s\u00e1n\u00e1l zajl\u00f3 folyamatos \u00e1talakul\u00e1sr\u00f3l sz\u00f3l. B\u00e1ny\u00e1szati \u200b\u200bel\u0151\u0151rsk\u00e9nt val\u00f3 kialakul\u00e1sa, birodalmi \u00e9s szovjet ipari k\u00f6zpontk\u00e9nt val\u00f3 kiteljesed\u00e9se, valamint a p\u00e9nz\u00fcgyek, a m\u0171v\u00e9szetek \u00e9s az \u00e9p\u00edt\u00e9szet modern metropolisz\u00e1v\u00e1 v\u00e1l\u00e1sa kiemeli tart\u00f3s jelent\u0151s\u00e9g\u00e9t. Nagy Katalin kor\u00e1t\u00f3l a digit\u00e1lis korszakig a v\u00e1ros kiegyens\u00falyozottan jelen van az er\u0151forr\u00e1s-kitermel\u00e9s \u00e9s a kreat\u00edv kifejez\u00e9sm\u00f3d, a strat\u00e9giai fontoss\u00e1g \u00e9s a kultur\u00e1lis innov\u00e1ci\u00f3 k\u00f6z\u00f6tt. Utc\u00e1in \u00e9s l\u00e1tk\u00e9p\u00e9n nemcsak a t\u00f6rt\u00e9nelem s\u00falya \u00e9rz\u0151dik, hanem a v\u00e1ros nyughatatlan amb\u00edci\u00f3ja is, amely \u00f6r\u00f6kk\u00e9 keletre \u00e9s nyugatra, m\u00faltra \u00e9s j\u00f6v\u0151re egyar\u00e1nt tekint.<\/p>","protected":false},"excerpt":{"rendered":"<p>Jekatyerinburg, az oroszorsz\u00e1gi Szverdlovszk megye \u00e9s az Ur\u00e1l Sz\u00f6vets\u00e9gi K\u00f6rzet k\u00f6zigazgat\u00e1si k\u00f6zpontja, az Iset foly\u00f3n tal\u00e1lhat\u00f3, a Volga-Ural ter\u00fclet \u00e9s Szib\u00e9ria k\u00f6z\u00f6tt. Jekatyerinburg, amelynek lakoss\u00e1ga k\u00f6r\u00fclbel\u00fcl 1,5 milli\u00f3 a v\u00e1ros hat\u00e1rain bel\u00fcl, \u00e9s legfeljebb 2,2 milli\u00f3 a nagyv\u00e1rosi agglomer\u00e1ci\u00f3ban, Oroszorsz\u00e1g negyedik legnagyobb v\u00e1rosa \u00e9s a legnagyobb az ur\u00e1li sz\u00f6vets\u00e9gi k\u00f6rzetben.<\/p>","protected":false},"author":1,"featured_media":4521,"parent":11976,"menu_order":0,"comment_status":"closed","ping_status":"closed","template":"elementor_theme","meta":{"_eb_attr":"","footnotes":""},"class_list":["post-12053","page","type-page","status-publish","has-post-thumbnail"],"_links":{"self":[{"href":"https:\/\/travelshelper.com\/hu\/wp-json\/wp\/v2\/pages\/12053","targetHints":{"allow":["GET"]}}],"collection":[{"href":"https:\/\/travelshelper.com\/hu\/wp-json\/wp\/v2\/pages"}],"about":[{"href":"https:\/\/travelshelper.com\/hu\/wp-json\/wp\/v2\/types\/page"}],"author":[{"embeddable":true,"href":"https:\/\/travelshelper.com\/hu\/wp-json\/wp\/v2\/users\/1"}],"replies":[{"embeddable":true,"href":"https:\/\/travelshelper.com\/hu\/wp-json\/wp\/v2\/comments?post=12053"}],"version-history":[{"count":0,"href":"https:\/\/travelshelper.com\/hu\/wp-json\/wp\/v2\/pages\/12053\/revisions"}],"up":[{"embeddable":true,"href":"https:\/\/travelshelper.com\/hu\/wp-json\/wp\/v2\/pages\/11976"}],"wp:featuredmedia":[{"embeddable":true,"href":"https:\/\/travelshelper.com\/hu\/wp-json\/wp\/v2\/media\/4521"}],"wp:attachment":[{"href":"https:\/\/travelshelper.com\/hu\/wp-json\/wp\/v2\/media?parent=12053"}],"curies":[{"name":"wp","href":"https:\/\/api.w.org\/{rel}","templated":true}]}}