{"id":12022,"date":"2024-09-15T12:33:42","date_gmt":"2024-09-15T12:33:42","guid":{"rendered":"https:\/\/travelshelper.com\/staging\/?page_id=12022"},"modified":"2026-03-12T21:59:02","modified_gmt":"2026-03-12T21:59:02","slug":"novoszibirszk","status":"publish","type":"page","link":"https:\/\/travelshelper.com\/hu\/destinations\/europe\/russian-federation\/novosibirsk\/","title":{"rendered":"Novoszibirszk"},"content":{"rendered":"<p>Novoszibirszk Szib\u00e9ria legn\u00e9pesebb v\u00e1rosa, a 2021-es n\u00e9psz\u00e1ml\u00e1l\u00e1s adatai szerint 1 633 595 lakossal, \u00e9s egyben a Novoszibirszki ter\u00fclet \u00e9s a Szib\u00e9riai Sz\u00f6vets\u00e9gi K\u00f6rzet k\u00f6zigazgat\u00e1si k\u00f6zpontja is. Az \u00e9szaki sz\u00e9less\u00e9g 55\u00b0-\u00e1n, az Ob foly\u00f3 partj\u00e1n, a Nyugat-szib\u00e9riai-s\u00edks\u00e1gon tal\u00e1lhat\u00f3 v\u00e1ros egy kulcsfontoss\u00e1g\u00fa tranzitpont \u2013 2811 kilom\u00e9terre keletre Moszkv\u00e1t\u00f3l \u2013, \u00e9s a helyi v\u00edzer\u0151m\u0171 \u00e1ltal l\u00e9trehozott Novoszibirszki v\u00edzt\u00e1roz\u00f3 \u00e1ltal kijel\u00f6lt d\u00e9li hat\u00e1ron h\u00faz\u00f3dik. Az 1893-ban a transzszib\u00e9riai vas\u00fatvonal j\u00f6v\u0151beli keresztez\u0151d\u00e9s\u00e9ben alap\u00edtott v\u00e1ros Novonykolajevszk kezdeteib\u0151l az ipar, a kutat\u00e1s \u00e9s a kult\u00fara sokoldal\u00fa k\u00f6zpontj\u00e1v\u00e1 fejl\u0151d\u00f6tt.<\/p>\n<p>Novonykolajevszk az Ob foly\u00f3 alacsony, mocsaras \u00e1rter\u00fclet\u00e9n emelkedett ki, ahol a cs\u00e1sz\u00e1ri vas\u00fati m\u00e9rn\u00f6k\u00f6k lend\u00fclete metszette a term\u00e9szeti f\u00f6ldrajzot. 1897-ben elk\u00e9sz\u00fclt a Novoszibirszki vas\u00fati h\u00edd, amely \u00f6sszek\u00f6t\u00f6tte Eur\u00f3pai Oroszorsz\u00e1got a hatalmas szib\u00e9riai bels\u0151 ter\u00fcletekkel, \u00e9s 1907-re a telep\u00fcl\u00e9s lakoss\u00e1ga a h\u00edd megnyit\u00e1sakor alig 8000 f\u0151r\u0151l t\u00f6bb mint 47 000-re duzzadt. Miut\u00e1n teljes \u00f6nkorm\u00e1nyzati jogokkal rendelkez\u0151 v\u00e1rosi rangot kapott, II. Mikl\u00f3s cs\u00e1sz\u00e1r tisztelet\u00e9re az \u201e\u00daj Mikl\u00f3s\u201d nevet viselte. Az orosz polg\u00e1rh\u00e1bor\u00fa felfordul\u00e1sai s\u00falyos k\u00e1rokat okoztak a vir\u00e1gz\u00f3 k\u00f6z\u00f6ss\u00e9gben, de a szovjet hatalom megszil\u00e1rdul\u00e1s\u00e1val a v\u00e1ros nemcsak talpra \u00e1llt, hanem felgyors\u00edtotta fejl\u0151d\u00e9s\u00e9t is. 1926-ban felvette a Novoszibirszk \u2013 sz\u00f3 szerint \u201e\u00daj Szib\u00e9ria\u201d \u2013 nevet, jelezve kibontakoz\u00f3 identit\u00e1s\u00e1t, mint a szovjet modernit\u00e1s k\u00f6zpontja.<\/p>\n<p>Joszif Szt\u00e1lin iparos\u00edt\u00e1si t\u00f6rekv\u00e9sei alatt Novoszibirszk Szib\u00e9ria egyik legfontosabb ipari f\u0151v\u00e1ros\u00e1v\u00e1 v\u00e1lt. A m\u00e1sodik vil\u00e1gh\u00e1bor\u00fa alatt a Szovjetuni\u00f3 eur\u00f3pai r\u00e9sz\u00e9b\u0151l \u00e1ttelep\u00edtett gy\u00e1rak biztons\u00e1gos kik\u00f6t\u0151re leltek itt, \u00edgy a v\u00e1ros a g\u00e9pek, katonai felszerel\u00e9sek \u00e9s anyagok jelent\u0151s gy\u00e1rt\u00f3j\u00e1v\u00e1 v\u00e1lt. A h\u00e1bor\u00fa ut\u00e1ni terjeszked\u00e9s mag\u00e1ban foglalta az Akademgorodok megalap\u00edt\u00e1s\u00e1t 1957-ben, a v\u00e1rosk\u00f6zpontt\u00f3l mintegy harminc kilom\u00e9terre d\u00e9lre, ami a v\u00e1ros tudom\u00e1nyos kutat\u00e1si k\u00f6zpontt\u00e1 v\u00e1l\u00e1s\u00e1nak kezdet\u00e9t jelentette. Az egymilli\u00f3s lakoss\u00e1gsz\u00e1mot 1962-ben \u00e9rt\u00e9k el, \u00e9s az azt k\u00f6vet\u0151 \u00e9vtizedekben egy diverzifik\u00e1lt gazdas\u00e1g n\u00f6veked\u00e9s\u00e9nek volt tan\u00faja, amely ma mag\u00e1ban foglalja a rep\u00fcl\u0151g\u00e9pipart, a nukle\u00e1ris \u00fczemanyaggy\u00e1rt\u00e1st, a turbina- \u00e9s gener\u00e1torgy\u00e1rt\u00e1st, a textil- \u00e9s mez\u0151gazdas\u00e1gi g\u00e9peket, az elektronikai alkatr\u00e9szeket \u00e9s a koh\u00e1szatot.<\/p>\n<p>Az ipari komplexum mintegy 214 nagy- \u00e9s k\u00f6z\u00e9pv\u00e1llalkoz\u00e1st foglal mag\u00e1ban. Cskalov novoszibirszki rep\u00fcl\u0151g\u00e9pgy\u00e1ra a rep\u00fcl\u0151g\u00e9pipar megtestes\u00edt\u0151je, m\u00edg a novoszibirszki vegyi koncentr\u00e1tumok gy\u00e1ra a nukle\u00e1ris \u00fczemanyagipart mozgatja. Az NPO ELSIB turb\u00f3- \u00e9s v\u00edzer\u0151m\u0171-gener\u00e1torokat gy\u00e1rt, a Textilmach \u00e9s az NPO Sibselmash pedig textil- \u00e9s mez\u0151gazdas\u00e1gi g\u00e9peket sz\u00e1ll\u00edt. Az elektronikai gy\u00e1rt\u00e1st a Novoszibirszki F\u00e9lvezet\u0151 Eszk\u00f6z\u00f6k Gy\u00e1ra \u00e9s Tervez\u0151 Irod\u00e1ja, valamint az OXID Novoszibirszki R\u00e1di\u00f3alkatr\u00e9sz Gy\u00e1r k\u00e9pviseli. A koh\u00e1szati \u200b\u200b\u200b\u200bm\u0171vek, mint p\u00e9ld\u00e1ul a Kuzmina novoszibirszki koh\u00e1szati \u200b\u200b\u200b\u200b\u00fczeme \u00e9s a novoszibirszki \u00f3ngy\u00e1r, kiemelik a v\u00e1ros szerep\u00e9t a f\u00e9mmegmunk\u00e1l\u00e1sban \u00e9s a ritkaf\u00e9mek feldolgoz\u00e1s\u00e1ban.<\/p>\n<p>K\u00f6zigazgat\u00e1silag Novoszibirszk a k\u00f6rnyez\u0151 j\u00e1r\u00e1sok st\u00e1tusz\u00e1val megegyez\u0151 st\u00e1tusz\u00fa egys\u00e9gk\u00e9nt van be\u00e9p\u00edtve, Novoszibirszk v\u00e1ros\u00e1t alkotva. Tov\u00e1bb\u00e1 a Novoszibirszki j\u00e1r\u00e1s k\u00f6zigazgat\u00e1si k\u00f6zpontjak\u00e9nt is szolg\u00e1l, b\u00e1r nem tartozik annak joghat\u00f3s\u00e1ga al\u00e1. \u00d6nkorm\u00e1nyzatilag a teljes v\u00e1rosi ter\u00fclet alkotja Novoszibirszk v\u00e1rosi k\u00f6rzet\u00e9t. A v\u00e1ros lakoss\u00e1ga a 2010-es n\u00e9psz\u00e1ml\u00e1l\u00e1s szerint 1 473 754 f\u0151r\u0151l 2021-re 1 633 595 f\u0151re n\u0151tt, ami a folyamatos demogr\u00e1fiai n\u00f6veked\u00e9st t\u00fckr\u00f6zi, amely t\u00f6bb mint nyolcvan etnikumot \u00e9s nemzetis\u00e9get foglal mag\u00e1ban. Etnikailag a legnagyobb csoportokat az oroszok, t\u00e1dzsikok, tat\u00e1rok, \u00fczb\u00e9gek, ukr\u00e1nok \u00e9s kirgizek alkotj\u00e1k.<\/p>\n<p>Novoszibirszk v\u00e1rosi sz\u00f6vete a tervez\u00e9s egym\u00e1st k\u00f6vet\u0151 f\u00e1zisain kereszt\u00fcl fejl\u0151d\u00f6tt. 1917 el\u0151tt olyan \u00e9p\u00fcletcsoportok \u00e1lltak sz\u00e9tsz\u00f3rva az \u00e1rt\u00e9ren, mint a vas\u00fatir\u00e1ny\u00edt\u00e1s k\u00f6zpontja, a f\u0151\u00e1llom\u00e1s \u00e9s a neobiz\u00e1nci Alekszandr Nyevszkij-sz\u00e9kesegyh\u00e1z. A forradalom egy koherensebb v\u00e1rosrendez\u00e9st hozott: 1925-ben fel\u00e9p\u00edtett\u00e9k a Lenin-h\u00e1zat a Krasznij Proszpekten, azon az \u00faton, amely k\u00e9s\u0151bb a v\u00e1ros f\u0151 k\u00f6zleked\u00e9si \u00fatvonal\u00e1v\u00e1 v\u00e1lt, \u00e9s egy Lenin-eml\u00e9km\u0171vet helyeztek el a Barnaulszkaja utc\u00e1ban, az \u00e1llom\u00e1s k\u00f6zel\u00e9ben. Az 1920-as \u00e9vek v\u00e9g\u00e9re egy t\u00e9nyleges k\u00f6zpont kezdett kialakulni az egykori Piact\u00e9r \u2013 a Bazarnaja Ploschad \u2013 k\u00f6r\u00fcl, ahol 1931-ben megkezd\u0151d\u00f6tt a Novoszibirszki Opera \u00e9s Balett Sz\u00ednh\u00e1z \u00e9p\u00edt\u00e9se. A v\u00e1rosi perif\u00e9ri\u00e1n l\u00e9trehozott Szt\u00e1lin Kultur\u00e1lis \u00e9s Pihen\u0151park egy sug\u00e1rir\u00e1ny\u00fa tengelyt hozott l\u00e9tre, amely \u00f6sszek\u00f6ti a szabadid\u0151t, az adminisztr\u00e1ci\u00f3t \u00e9s a m\u0171v\u00e9szeteket.<\/p>\n<p>Novoszibirszk \u00e9p\u00edt\u00e9szeti v\u00e1szna a st\u00edlusok sz\u00e9les sk\u00e1l\u00e1j\u00e1t \u00f6leli fel. Az oroszorsz\u00e1gi c\u00e1ri id\u0151kb\u0151l sz\u00e1rmaz\u00f3 eklektikus \u00e9s modernista \u00e9p\u00fcletek az 1930-as \u00e9vek szt\u00e1linista neoklasszicizmusa \u00e9s a szovjet modernizmus letisztult vonalai mellett maradtak fenn. A k\u00e9s\u0151 szovjet brutalista \u00e9p\u00edtm\u00e9nyek monument\u00e1lis jelleget k\u00f6lcs\u00f6n\u00f6znek, m\u00edg a mozaikok, domborm\u0171vek \u00e9s k\u00f6zt\u00e9ri szobrok a homlokzatokat tark\u00edtj\u00e1k, t\u00fckr\u00f6zve a korszak polg\u00e1ri m\u0171v\u00e9szet ir\u00e1nti vonzalm\u00e1t. A Novoszibirszki Opera \u00e9s Balett Sz\u00ednh\u00e1z, amelyet gyakran \u201eszib\u00e9riai Kolosszeumk\u00e9nt\u201d emlegetnek, a korai szovjet formatervez\u00e9s mer\u00e9sz l\u00e9pt\u00e9k\u00e9t \u00e9s amb\u00edci\u00f3j\u00e1t p\u00e9ld\u00e1zza. Magasl\u00f3 h\u00e9jteteje \u00e9s hatalmas el\u0151ad\u00f3terme a v\u00e1ros kultur\u00e1lis t\u00f6rekv\u00e9seire utal. A k\u00f6zelben tal\u00e1lhat\u00f3 Alekszandr Nyevszkij-sz\u00e9kesegyh\u00e1z kontrasztos spiritu\u00e1lis dimenzi\u00f3t k\u00edn\u00e1l, kupol\u00e1i a forradalom el\u0151tti egyh\u00e1zi \u00e9p\u00edt\u00e9szetre eml\u00e9keztetnek.<\/p>\n<p>Az Ob foly\u00f3 mind a f\u00f6ldrajzot, mind a k\u00f6zleked\u00e9st meghat\u00e1rozza. H\u00e1rom k\u00f6z\u00fati h\u00edd \u2013 a Kommunalnij, a Dimitrovszkij \u00e9s a Bugrinszkij \u2013 \u00edvel \u00e1t a v\u00edzfoly\u00e1son, k\u00e9t vas\u00fati viadukt \u00e9s a novoszibirszki metr\u00f3 h\u00eddja mellett. A v\u00e1ros d\u00e9li sz\u00e9l\u00e9n tal\u00e1lhat\u00f3 Novoszibirszki V\u00edzer\u0151m\u0171 g\u00e1tja kett\u0151s funkci\u00f3t t\u00f6lt be: energiatermel\u0151 \u00e9s forgalmi vezet\u0151. A g\u00e1t \u00e1ltal alkotott, az Ob-fenns\u00edkon \u00e1t\u00edvel\u0151 v\u00edzt\u00e1roz\u00f3 a v\u00e1ros d\u00e9li hat\u00e1r\u00e1t jel\u00f6li. B\u00e1r Novoszibirszk mintegy 2811 kilom\u00e9terre fekszik Moszkv\u00e1t\u00f3l, szoros kapcsolatban \u00e1ll olyan region\u00e1lis k\u00f6zpontokkal, mint Omszk, Barnaul, Kemerovo \u00e9s Tomszk.<\/p>\n<p>A Tolmacsevo rep\u00fcl\u0151t\u00e9r, Szib\u00e9ria legforgalmasabb l\u00e9gi csom\u00f3pontja, Novoszibirszket k\u00f6ti \u00f6ssze Oroszorsz\u00e1g f\u0151bb v\u00e1rosaival \u00e9s \u00fati c\u00e9ljaival Eur\u00f3p\u00e1ban \u00e9s \u00c1zsi\u00e1ban. Az S7 Airlines els\u0151dleges b\u00e1zisak\u00e9nt m\u0171k\u00f6dik. A kieg\u00e9sz\u00edt\u0151 rep\u00fcl\u00e9si l\u00e9tes\u00edtm\u00e9nyek k\u00f6z\u00e9 tartozik a Jelcovka rep\u00fcl\u0151t\u00e9r, amely kieg\u00e9sz\u00edt\u0151 szolg\u00e1ltat\u00e1sokat ny\u00fajt, m\u00edg a kor\u00e1bbi Szevernij \u00e1ltal\u00e1nos rep\u00fcl\u00e9si ter\u00fclet 2012-ben megsz\u0171nt. A vas\u00fat tov\u00e1bbra is sarokk\u0151: a Novoszibirszk-Glavnij \u00e1llom\u00e1s a jobb parti ker\u00fclet sz\u00edv\u00e9ben tal\u00e1lhat\u00f3, kieg\u00e9sz\u00edtve a Novoszibirszk-Zapadnij, Novoszibirszk-Vosztocsnij \u00e9s Novoszibirszk-Juzsnij \u00e1llom\u00e1sokkal, amelyek egy\u00fcttesen fogadj\u00e1k az \u00f6sszes intercity forgalmat. Az olyan el\u0151v\u00e1rosi meg\u00e1ll\u00f3k, mint az Inszkaja \u00e9s a Szejatel, kieg\u00e9sz\u00edtik a h\u00e1l\u00f3zatot. A v\u00e1ros a Transzszib\u00e9riai Vas\u00fat \u00e9s a Turkeszt\u00e1n\u2013Szib\u00e9riai Vas\u00fat tal\u00e1lkoz\u00e1s\u00e1n\u00e1l fekszik, \u00edgy a K\u00edn\u00e1ba, Mong\u00f3li\u00e1ba, Feh\u00e9roroszorsz\u00e1gba \u00e9s K\u00f6z\u00e9p-\u00c1zsi\u00e1ba vezet\u0151 belf\u00f6ldi \u00e9s nemzetk\u00f6zi vas\u00fati k\u00f6zleked\u00e9s csom\u00f3pontj\u00e1v\u00e1 v\u00e1lik.<\/p>\n<p>A kor\u00e1bban a Krasznij sug\u00e1r\u00fat \u00e1llom\u00e1son k\u00f6zpontosult helyk\u00f6zi \u00e9s nemzetk\u00f6zi buszk\u00f6zleked\u00e9s, melyet 1964-ben avattak fel, majd 2020 \u00e1prilis\u00e1ban bontottak le. \u00daj perem\u00e1llom\u00e1sok fejleszt\u00e9se folyamatban van, melyek k\u00f6z\u00fcl az els\u0151 2019 december\u00e9ben ny\u00edlt meg a Gusinobrodskoe Chaussee-n. Ek\u00f6zben tov\u00e1bbra is ideiglenes meg\u00e1ll\u00f3k szolg\u00e1lj\u00e1k ki a Novoszibirszket Nyugat-Szib\u00e9ria \u00e9s K\u00f6z\u00e9p-\u00c1zsia v\u00e1rosaival \u00f6sszek\u00f6t\u0151 t\u00e1vols\u00e1gi buszokat. A folyami szem\u00e9lysz\u00e1ll\u00edt\u00e1s az 1974-ben l\u00e9tes\u00edtett termin\u00e1lr\u00f3l indul, amely az azonos nev\u0171 metr\u00f3\u00e1llom\u00e1s mellett tal\u00e1lhat\u00f3. B\u00e1r egy 2003 m\u00e1rciusi t\u0171zv\u00e9sz az \u00e9p\u00fclet egy r\u00e9sz\u00e9t jav\u00edthatatlann\u00e1 tette, a termin\u00e1l ma m\u00e1r k\u00e9t menetrend szerinti j\u00e1ratot \u2013 amelyek a v\u00e1rost a k\u00fcls\u0151 szigetekkel \u00e9s telep\u00fcl\u00e9sekkel k\u00f6tik \u00f6ssze \u2013, valamint szezon\u00e1lis haj\u00f3utakat \u00fczemeltet Tomszkba \u00e9s Barnaulba. A haj\u00f3k a Novoszibirszki Haj\u00f3z\u00e1si Csatorn\u00e1n k\u00f6zlekednek, amely egy h\u00e1romkamr\u00e1s zsilippel rendelkezik, amely megk\u00f6nny\u00edti a foly\u00f3 \u00e9s a v\u00edzt\u00e1roz\u00f3 k\u00f6z\u00f6tti \u00e1tkel\u00e9st a haj\u00f3zhat\u00f3 id\u0151szakban, jellemz\u0151en \u00e1prilis v\u00e9g\u00e9t\u0151l szeptember v\u00e9g\u00e9ig.<\/p>\n<p>A v\u00e1rosi t\u00f6megk\u00f6zleked\u00e9s mag\u00e1ban foglalja a metr\u00f3t, a villamost, a trolibuszt, a buszt, a v\u00edzibuszt \u00e9s a marshrutk\u00e1kat. Az 1985-ben megny\u00edlt Novoszibirszki Metr\u00f3 volt az els\u0151 Szib\u00e9ri\u00e1ban \u00e9s a negyedik Oroszorsz\u00e1gban, k\u00e9t k\u00e9tv\u00e1g\u00e1ny\u00fa vonallal \u00e9s tizenh\u00e1rom \u00e1llom\u00e1ssal 2022-ben. Az 1934-ben ind\u00edtott villamosh\u00e1l\u00f3zat t\u00edz \u00fatvonalat foglal mag\u00e1ban \u2013 hatot a bal parton \u00e9s n\u00e9gyet a jobb parton. A trolibuszok 1957 \u00f3ta k\u00f6zlekednek a v\u00e1ros utc\u00e1in, ma m\u00e1r tizenn\u00e9gy \u00fatvonalon. A buszrendszer 1923-b\u00f3l sz\u00e1rmazik, \u00e9s 2022-ben \u00f6tvenk\u00e9t hossz\u00fa buszvonalat \u00e9s tizenh\u00e9t minibuszj\u00e1ratot foglalt mag\u00e1ban. A 2021-ben dokument\u00e1lt v\u00edzibusz-h\u00e1l\u00f3zat a folyami termin\u00e1lt olyan helyekkel k\u00f6ti \u00f6ssze, mint a Bugrinszkaja Roscsa strand \u00e9s a Korablik-sziget; a v\u00edziparkba tervezett egyik \u00fatvonal tov\u00e1bbra is felf\u00fcggesztve maradt. A marshrutk\u00e1k el\u0151sz\u00f6r az 1970-es \u00e9vek v\u00e9g\u00e9n jelentek meg, a mag\u00e1nszolg\u00e1ltat\u00f3k 1989-ben l\u00e9ptek be; Jelenleg \u00f6tvenhat \u00fatvonal \u00fczemel, b\u00e1r az ut\u00f3bbi \u00e9vekben a minibuszokat fokozatosan felv\u00e1ltott\u00e1k a standard buszok.<\/p>\n<p>Novoszibirszk \u00e9ghajlata kontinent\u00e1lis fekv\u00e9s\u00e9t t\u00fckr\u00f6zi, t\u00e1vol a m\u00e9rs\u00e9kelt tengeri \u00e9ghajlatt\u00f3l. A p\u00e1r\u00e1s kontinent\u00e1lisk\u00e9nt (K\u00f6ppen Dfb) besorolt \u200b\u200bv\u00e1ros meleg nyarakkal rendelkezik, 15 \u00b0C \u00e9s 26 \u00b0C k\u00f6z\u00f6tti \u00e1tlagos maximumh\u0151m\u00e9rs\u00e9kletekkel, \u00e9s keser\u0171en hideg telekkel, ahol a \u221220 \u00b0C \u00e9s \u221212 \u00b0C k\u00f6z\u00f6tti \u00e1tlagos minimumh\u0151m\u00e9rs\u00e9kletek ak\u00e1r \u221235 \u00b0C-os sz\u00e9ls\u0151s\u00e9gekig is lecs\u00f6kkenhetnek. A ny\u00e1ri maximumh\u0151m\u00e9rs\u00e9klet el\u00e9rheti a 35 \u00b0C-ot, \u00edgy az \u00e9ves ingadoz\u00e1s a feljegyzett sz\u00e9ls\u0151s\u00e9gek k\u00f6z\u00f6tt 82 \u00b0C. A t\u00e9li napok k\u00f6zel fel\u00e9n esik a h\u00f3, b\u00e1r az egyes esem\u00e9nyek jellemz\u0151en enyheek. A szib\u00e9riai anticiklonok a hideg leveg\u0151t d\u00e9l fel\u00e9 hajtj\u00e1k, hegyi akad\u00e1lyok n\u00e9lk\u00fcl, \u00edgy Novoszibirszk a vil\u00e1g m\u00e1sodik legbelf\u00f6ldibb nagyv\u00e1rosa. Mindazon\u00e1ltal a telek itt viszonylag enyh\u00e9bbek, mint Kelet-Szib\u00e9ri\u00e1ban \u00e9s az Oroszorsz\u00e1gi T\u00e1vol-Keleten az alacsonyabb sz\u00e9less\u00e9gi fokokon. Novoszibirszk teljes h\u0151m\u00e9rs\u00e9kleti profilja megegyezik a kanadai Winnipeg\u00e9val.<\/p>\n<p>Novoszibirszk kultur\u00e1lis \u00e9lete t\u00falmutat az \u00e9p\u00edt\u00e9szeti eml\u00e9keken. Az 1933-ban alap\u00edtott Novoszibirszki \u00c1llatkert sarkvid\u00e9ki \u00e9s tr\u00f3pusi fajok kiterjedt gy\u0171jtem\u00e9ny\u00e9nek ad otthont, hozz\u00e1j\u00e1rulva a term\u00e9szetv\u00e9delmi kutat\u00e1sokhoz. A v\u00e1ros sz\u00ednh\u00e1zai, gal\u00e9ri\u00e1i \u00e9s m\u00fazeumai t\u00fckr\u00f6zik az orosz hagyom\u00e1ny \u00e9s a szovjet innov\u00e1ci\u00f3 kett\u0151s \u00f6r\u00f6ks\u00e9g\u00e9t. Az \u00e9ves fesztiv\u00e1lok az irodalmat, a zen\u00e9t \u00e9s a filmet mutatj\u00e1k be, m\u00edg az Akademgorodok tov\u00e1bbra is \u00e9l\u00e9nk tudom\u00e1nyos k\u00f6z\u00f6ss\u00e9g, ahol fizik\u00e1val, biol\u00f3gi\u00e1val, matematik\u00e1val \u00e9s \u00f6kol\u00f3gi\u00e1val foglalkoz\u00f3 kutat\u00f3int\u00e9zetek m\u0171k\u00f6dnek. Az Oroszorsz\u00e1g minden t\u00e1j\u00e1r\u00f3l \u00e9s k\u00fclf\u00f6ldr\u0151l \u00e9rkez\u0151 di\u00e1kok \u00e9s tud\u00f3sok jelenl\u00e9te el\u0151seg\u00edti az intellektu\u00e1lis csere l\u00e9gk\u00f6r\u00e9t.<\/p>\n<p>Az etnikai soksz\u00edn\u0171s\u00e9g \u00e1thatja a v\u00e1ros t\u00e1rsadalmi sz\u00f6vet\u00e9t. Az orosz tov\u00e1bbra is a domin\u00e1ns nyelv \u00e9s kult\u00fara, m\u00e9gis a k\u00f6z\u00e9p-\u00e1zsiai \u00e9s t\u00f6r\u00f6k \u200b\u200beredet\u0171 k\u00f6z\u00f6ss\u00e9gek \u2013 t\u00e1dzsik, \u00fczb\u00e9gek, tat\u00e1rok \u00e9s kirgizek \u2013 gazdag\u00edtj\u00e1k a v\u00e1rosk\u00e9pet hagyom\u00e1nyaikkal, konyh\u00e1jukkal \u00e9s vall\u00e1si gyakorlataikkal. Az ukr\u00e1n \u00e9s m\u00e1s szl\u00e1v hat\u00e1sok is hozz\u00e1j\u00e1rulnak a mozaikhoz. Az orosz nyelv t\u00fals\u00falya ellen\u00e9re a fiatalabb gener\u00e1ci\u00f3k egyre ink\u00e1bb elsaj\u00e1t\u00edtj\u00e1k az angol nyelvet, ami megk\u00f6nny\u00edti a nemzetk\u00f6zi kapcsolatokat, m\u00e9g akkor is, ha az id\u0151sebb lakosok ink\u00e1bb csak az oroszra t\u00e1maszkodnak.<\/p>\n<p>A k\u00f6zleked\u00e9si infrastrukt\u00fara, az ipari fejletts\u00e9g \u00e9s a kultur\u00e1lis int\u00e9zm\u00e9nyek mind hozz\u00e1j\u00e1rulnak Novoszibirszk kort\u00e1rs identit\u00e1s\u00e1hoz. A v\u00e1ros fejl\u0151d\u00e9se egy szer\u00e9ny vas\u00fati telephelyr\u0151l hatalmas metropolissz\u00e1 t\u00f6bb mint egy \u00e9vsz\u00e1zados strat\u00e9giai tervez\u00e9st, \u00e1llamilag ir\u00e1ny\u00edtott fejleszt\u00e9st \u00e9s k\u00f6z\u00f6ss\u00e9gi ellen\u00e1ll\u00f3 k\u00e9pess\u00e9get t\u00fckr\u00f6z. A modern Novoszibirszk egyens\u00falyt teremt szovjet \u00f6r\u00f6ks\u00e9ge \u00e9s a huszonegyedik sz\u00e1zad k\u00f6vetelm\u00e9nyei k\u00f6z\u00f6tt, mik\u00f6zben \u00faj \u00e9p\u00edt\u00e9szeti projektek \u00e9s technol\u00f3giai v\u00e1llalkoz\u00e1sok jelennek meg a t\u00f6rt\u00e9nelmi sz\u00ednh\u00e1zak \u00e9s egyetemi \u00e9p\u00fcletek mellett.<\/p>\n<p>Novoszibirszk t\u00f6rt\u00e9nelme sor\u00e1n mindig is megbirk\u00f3zott a zord \u00e9ghajlat, a t\u00e1voli f\u00f6ldrajzi elhelyezked\u00e9s \u00e9s a v\u00e1ltoz\u00f3 politikai \u00e1ramlatok \u00e1ltal t\u00e1masztott kih\u00edv\u00e1sokkal. A h\u00e1bor\u00fas \u00e1ttelep\u00edt\u00e9sek befogad\u00e1s\u00e1ra, a szt\u00e1lini korszak k\u00f6zpontos\u00edtott ir\u00e1nyelveinek \u00e1tv\u00e9tel\u00e9re \u00e9s az Akademgorodokban a tudom\u00e1nyos kutat\u00e1sok \u00e1pol\u00e1s\u00e1ra val\u00f3 k\u00e9pess\u00e9ge egy m\u00f6g\u00f6ttes alkalmazkod\u00f3k\u00e9pess\u00e9gr\u0151l tan\u00faskodik. Az Ob foly\u00f3, amely egykor akad\u00e1lyozta Szib\u00e9ria \u00e1tszel\u00e9s\u00e9t, ma a kereskedelem, a rekre\u00e1ci\u00f3 \u00e9s a v\u00e1rosi n\u00f6veked\u00e9s ment\u0151\u00f6vek\u00e9nt szolg\u00e1l. Hidak \u00e9s alagutak k\u00f6tik \u00f6ssze az \u00e9szaki \u00e9s d\u00e9li partokat, m\u00edg a v\u00edzer\u0151m\u0171 biztos\u00edtja az \u00e1ramell\u00e1t\u00e1st \u00e9s az \u00e1rv\u00edzv\u00e9delmet.<\/p>\n<p>Szib\u00e9ria kapuv\u00e1rosak\u00e9nt Novoszibirszk tov\u00e1bbra is k\u00f6zvet\u00edt\u0151k\u00e9nt m\u0171k\u00f6dik Oroszorsz\u00e1g eur\u00f3pai \u00e9s \u00e1zsiai szektorai k\u00f6z\u00f6tt. Vas\u00fatjai \u00e1rukat \u00e9s utasokat sz\u00e1ll\u00edtanak a kontinensen kereszt\u00fcl. Rep\u00fcl\u0151tere belf\u00f6ldi \u00e9s nemzetk\u00f6zi c\u00e9l\u00e1llom\u00e1sokat k\u00f6t \u00f6ssze. Kutat\u00f3int\u00e9zetei alapvet\u0151 kozmol\u00f3giai \u00e9s genetikai k\u00e9rd\u00e9seket vizsg\u00e1lnak. Gy\u00e1rai \u0171rhaj\u00f3khoz \u00e9s er\u0151m\u0171vekhez gy\u00e1rtanak alkatr\u00e9szeket. Sz\u00ednh\u00e1zai vil\u00e1gsz\u00ednvonal\u00fa el\u0151ad\u00e1soknak adnak otthont. Utc\u00e1i a Szib\u00e9ria lehet\u0151s\u00e9geinek \u00edg\u00e9ret\u00e9hez vonz\u00f3d\u00f3 k\u00fcl\u00f6nb\u00f6z\u0151 kult\u00far\u00e1k \u00f6sszeolvad\u00e1s\u00e1t t\u00fckr\u00f6zik.<\/p>\n<p>A v\u00e1ros j\u00f6v\u0151je a posztindusztri\u00e1lis v\u00e1ltoz\u00e1sok, a k\u00f6rnyezeti sz\u00fcks\u00e9gszer\u0171s\u00e9gek \u00e9s a demogr\u00e1fiai trendek lek\u00fczd\u00e9s\u00e9t\u0151l f\u00fcgg. M\u00e1r folyamatban vannak a k\u00f6zleked\u00e9si h\u00e1l\u00f3zatok korszer\u0171s\u00edt\u00e9s\u00e9re, az \u00e9p\u00edt\u00e9szeti \u00f6r\u00f6ks\u00e9g meg\u0151rz\u00e9s\u00e9re \u00e9s a gazdas\u00e1g neh\u00e9ziparon t\u00fali diverzifik\u00e1l\u00e1s\u00e1ra ir\u00e1nyul\u00f3 er\u0151fesz\u00edt\u00e9sek. Az olyan z\u00f6ldter\u00fcletek, mint a Szt\u00e1lin Park \u00e9s az Ob-v\u00edzt\u00e1roz\u00f3 partja, mened\u00e9ket ny\u00fajtanak a v\u00e1rosi ny\u00fczsg\u00e9st\u0151l, m\u00edg az \u00faj busz- \u00e9s villamosvonalak tervei a mobilit\u00e1s jav\u00edt\u00e1s\u00e1t c\u00e9lozz\u00e1k. Az Akademgorodok tart\u00f3s jelent\u0151s\u00e9ge kiemeli a tud\u00e1salap\u00fa ipar\u00e1gakban rejl\u0151 lehet\u0151s\u00e9geket a hagyom\u00e1nyos gy\u00e1rt\u00e1s kieg\u00e9sz\u00edt\u00e9s\u00e9re.<\/p>\n<p>Novoszibirszk t\u00f6rt\u00e9nete az \u00e1talakul\u00e1s t\u00f6rt\u00e9nete, amely a foly\u00f3k, a vas\u00fat \u00e9s az emberi er\u0151fesz\u00edt\u00e9sek tal\u00e1lkoz\u00e1s\u00e1ban gy\u00f6kerezik. Novonykolajevszkk\u00e9nt val\u00f3 megalap\u00edt\u00e1s\u00e1t\u00f3l kezdve eg\u00e9szen \u00c1zsia legnagyobb orosz v\u00e1rosak\u00e9nt elt\u00f6lt\u00f6tt jelenlegi rangj\u00e1ig a terjeszked\u00e9s, az \u00fajj\u00e1\u00e9p\u00edt\u00e9s \u00e9s az innov\u00e1ci\u00f3 dinamik\u00e1j\u00e1t testes\u00edtette meg. T\u00f6bb mint 1,6 milli\u00f3 lakos\u00fa lakoss\u00e1ga sz\u00e9ls\u0151s\u00e9ges \u00e9ghajlaton mozog, v\u00edzer\u0151m\u0171-m\u00e9rn\u00f6ki munk\u00e1k \u00e1ltal form\u00e1lt t\u00e1jon \u00e9l, \u00e9s r\u00e9szt vesz egy olyan polg\u00e1ri \u00e9letben, amely hidat k\u00e9pez az arisztokrata katedr\u00e1lisok \u00e9s az avantg\u00e1rd kutat\u00e1s k\u00f6z\u00f6tt. Utc\u00e1in \u00e9s k\u00fclv\u00e1rosaiban, sz\u00ednh\u00e1zaiban \u00e9s laborat\u00f3riumaiban Szib\u00e9ria m\u00faltj\u00e1nak visszhangjai visszhangoznak egy kontinensek k\u00f6z\u00f6tt egyens\u00falyoz\u00f3 v\u00e1ros t\u00f6rekv\u00e9seivel egy\u00fctt.<\/p>","protected":false},"excerpt":{"rendered":"<p>Novoszibirszk, az oroszorsz\u00e1gi Novoszibirszk megye \u00e9s a Szib\u00e9riai Sz\u00f6vets\u00e9gi K\u00f6rzet legn\u00e9pesebb v\u00e1rosa \u00e9s k\u00f6zigazgat\u00e1si k\u00f6zpontja, a 2021-es n\u00e9psz\u00e1ml\u00e1l\u00e1s szerint 1 633 595 lakossal rendelkezik. Ez a figyelemre m\u00e9lt\u00f3 statisztika szerint Szib\u00e9ria legn\u00e9pesebb v\u00e1rosa \u00e9s Oroszorsz\u00e1g harmadik legn\u00e9pesebb v\u00e1rosa, csak Moszkva \u00e9s Szentp\u00e9terv\u00e1r el\u0151zi meg. Jelent\u0151s, hogy Novoszibirszk Oroszorsz\u00e1g \u00e1zsiai r\u00e9sz\u00e9nek legn\u00e9pesebb v\u00e1rosa. A D\u00e9lnyugat-Szib\u00e9ri\u00e1ban tal\u00e1lhat\u00f3 v\u00e1ros az Ob-foly\u00f3n kereszt\u00fcl h\u00faz\u00f3dik, amely hely kulcsfontoss\u00e1g\u00fa volt n\u00f6veked\u00e9se \u00e9s fejl\u0151d\u00e9se szempontj\u00e1b\u00f3l.<\/p>","protected":false},"author":1,"featured_media":3474,"parent":11976,"menu_order":0,"comment_status":"closed","ping_status":"closed","template":"elementor_theme","meta":{"_eb_attr":"","footnotes":""},"class_list":["post-12022","page","type-page","status-publish","has-post-thumbnail"],"_links":{"self":[{"href":"https:\/\/travelshelper.com\/hu\/wp-json\/wp\/v2\/pages\/12022","targetHints":{"allow":["GET"]}}],"collection":[{"href":"https:\/\/travelshelper.com\/hu\/wp-json\/wp\/v2\/pages"}],"about":[{"href":"https:\/\/travelshelper.com\/hu\/wp-json\/wp\/v2\/types\/page"}],"author":[{"embeddable":true,"href":"https:\/\/travelshelper.com\/hu\/wp-json\/wp\/v2\/users\/1"}],"replies":[{"embeddable":true,"href":"https:\/\/travelshelper.com\/hu\/wp-json\/wp\/v2\/comments?post=12022"}],"version-history":[{"count":0,"href":"https:\/\/travelshelper.com\/hu\/wp-json\/wp\/v2\/pages\/12022\/revisions"}],"up":[{"embeddable":true,"href":"https:\/\/travelshelper.com\/hu\/wp-json\/wp\/v2\/pages\/11976"}],"wp:featuredmedia":[{"embeddable":true,"href":"https:\/\/travelshelper.com\/hu\/wp-json\/wp\/v2\/media\/3474"}],"wp:attachment":[{"href":"https:\/\/travelshelper.com\/hu\/wp-json\/wp\/v2\/media?parent=12022"}],"curies":[{"name":"wp","href":"https:\/\/api.w.org\/{rel}","templated":true}]}}