{"id":12006,"date":"2024-09-15T12:20:59","date_gmt":"2024-09-15T12:20:59","guid":{"rendered":"https:\/\/travelshelper.com\/staging\/?page_id=12006"},"modified":"2026-03-12T21:25:29","modified_gmt":"2026-03-12T21:25:29","slug":"moszkva","status":"publish","type":"page","link":"https:\/\/travelshelper.com\/hu\/destinations\/europe\/russian-federation\/moscow\/","title":{"rendered":"Moszkva"},"content":{"rendered":"<p>Moszkva az Oroszorsz\u00e1gi F\u00f6der\u00e1ci\u00f3 f\u0151v\u00e1rosa \u00e9s egyben legn\u00e9pesebb v\u00e1rosa, amely a kanyarg\u00f3s Moszkva foly\u00f3 partj\u00e1n fekszik K\u00f6z\u00e9p-Oroszorsz\u00e1gban. \u00d6nkorm\u00e1nyzati hat\u00e1rai mintegy 2511 n\u00e9gyzetkilom\u00e9tert \u00f6lelnek fel, \u00e9s a 2021-es n\u00e9psz\u00e1ml\u00e1l\u00e1s adatai szerint becsl\u00e9sek szerint 13,0 milli\u00f3 lakost befogadnak, m\u00edg a t\u00e1gabb v\u00e1rosi ter\u00fclet t\u00f6bb mint 5891 n\u00e9gyzetkilom\u00e9teren ter\u00fcl el, \u00e9s t\u00f6bb mint 19,1 milli\u00f3 lakost t\u00e1mogat. A nagyv\u00e1rosi r\u00e9gi\u00f3 26 000 n\u00e9gyzetkilom\u00e9teren ter\u00fcl el, \u00e9s t\u00f6bb mint 21,5 milli\u00f3 l\u00e9leknek ad otthont. Moszkva, mint Eur\u00f3pa legnagyobb v\u00e1rosa lakoss\u00e1g\u00e1t \u00e9s ter\u00fclet\u00e9t tekintve, kulcsszerepet j\u00e1tszik a kontinensen.<\/p>\n<p>Moszkva alap\u00edt\u00e1sa az els\u0151 dokument\u00e1lt eml\u00edt\u00e9s\u00e9ig, 1147-ig vezethet\u0151 vissza, amely a k\u00e9s\u0151bbi Moszkvai Nagyfejedelems\u00e9g l\u00e9trej\u00f6tt\u00e9t jelzi. \u00c9vsz\u00e1zadokon \u00e1t ez a fejedelems\u00e9g vezette az elk\u00fcl\u00f6n\u00fcl\u0151 orosz ter\u00fcletek konszolid\u00e1ci\u00f3j\u00e1t, amelynek cs\u00facspontja az Oroszorsz\u00e1gi C\u00e1rds\u00e1g 1547-es kiki\u00e1lt\u00e1sa volt. A k\u00f6vetkez\u0151 \u00e9vsz\u00e1zadokban Moszkva meg\u0151rizte poz\u00edci\u00f3j\u00e1t, mint a terjeszked\u0151 birodalom politikai \u00e9s gazdas\u00e1gi k\u00f6zpontja. A v\u00e1ros befoly\u00e1sa 1712-ben al\u00e1bbhagyott, amikor Nagy P\u00e9ter Szentp\u00e9terv\u00e1rra helyezte \u00e1t a f\u0151v\u00e1rost, ami az udvari nagys\u00e1got \u00e9szakabbra tolta. A forradalom \u00e9s az Oroszorsz\u00e1gi Szovjet Sz\u00f6vets\u00e9gi Szocialista K\u00f6zt\u00e1rsas\u00e1g l\u00e9trehoz\u00e1sa ut\u00e1n azonban Moszkva 1918-ban visszanyerte f\u0151v\u00e1rosi st\u00e1tusz\u00e1t, \u00e9s k\u00e9s\u0151bb a Szovjetuni\u00f3 felboml\u00e1s\u00e1ig a Szovjetuni\u00f3 k\u00f6zpontjak\u00e9nt szolg\u00e1lt.<\/p>\n<p>Sz\u00f6vets\u00e9gi v\u00e1rosk\u00e9nt ir\u00e1ny\u00edtva Moszkva egyszerre Oroszorsz\u00e1g \u00e9s Kelet-Eur\u00f3pa politikai, gazdas\u00e1gi, kultur\u00e1lis \u00e9s tudom\u00e1nyos k\u00f6zpontja. A vil\u00e1g leg\u00e9szakibb \u00e9s leghidegebb megapolisak\u00e9nt tartj\u00e1k sz\u00e1mon. V\u00e1rosi gazdas\u00e1ga a vil\u00e1g legnagyobbjai k\u00f6z\u00e9 tartozik, \u00e9s Hongkonggal osztozik abban a kit\u00fcntet\u00e9sben, hogy a v\u00e1rosok k\u00f6z\u00fcl itt \u00e9l a m\u00e1sodik legt\u00f6bb milli\u00e1rdos. A Moszkvai Nemzetk\u00f6zi \u00dczleti K\u00f6zpont, a v\u00e1ros nyugati oldal\u00e1n tal\u00e1lhat\u00f3 csillog\u00f3 tornyok csoportja, a nemzetk\u00f6zileg legjelent\u0151sebb p\u00e9nz\u00fcgyi k\u00f6zpontok k\u00f6z\u00e9 tartozik, \u00e9s Eur\u00f3pa legmagasabb felh\u0151karcol\u00f3it t\u00f6m\u00f6r\u00edti. Jelent\u0151s nemzetk\u00f6zi esem\u00e9nyek tark\u00edtott\u00e1k a k\u00f6zelm\u00falt t\u00f6rt\u00e9nelm\u00e9t, nevezetesen az 1980-as ny\u00e1ri olimpiai j\u00e1t\u00e9kok \u00e9s a 2018-as FIFA-vil\u00e1gbajnoks\u00e1g egyik helysz\u00ednek\u00e9nt val\u00f3 szolg\u00e1lat.<\/p>\n<p>A v\u00e1ros \u00e9p\u00edt\u00e9szeti \u00f6r\u00f6ks\u00e9g\u00e9t sz\u00e1mos UNESCO Vil\u00e1g\u00f6r\u00f6ks\u00e9gi helysz\u00edn p\u00e9ld\u00e1zza. A V\u00f6r\u00f6s t\u00e9r, melyet a Szent Vazul-sz\u00e9kesegyh\u00e1z d\u00edszes tornyai \u00e9s a moszkvai Kreml tekint\u00e9lyes falai szeg\u00e9lyeznek, a k\u00f6z\u00e9pkori \u00e9s a birodalmi Oroszorsz\u00e1g maradand\u00f3 k\u00e9p\u00e9t mutatja be. Maga a Kreml, a sz\u00f6vets\u00e9gi korm\u00e1nyzat sz\u00e9khelye, k\u0151alapoz\u00e1sait a 15. sz\u00e1zadi olasz mesterek \u00e1ltal fel\u00fcgyelt rekonstrukci\u00f3ig ny\u00falik vissza, akiknek munk\u00e1ja a renesz\u00e1nsz elemeit hozta be az ortodox kereszt\u00e9ny hagyom\u00e1nyok k\u00f6z\u00e9. Csillog\u00f3 hagymakupol\u00e1k alatt \u00e9s szigor\u00fa sz\u00fcrke b\u00e1sty\u00e1k ment\u00e9n Moszkva utc\u00e1i egy olyan v\u00e1ros t\u00f6rt\u00e9net\u00e9t mes\u00e9lik el, amelyet t\u0171zv\u00e9sz, h\u00f3d\u00edt\u00e1s \u00e9s ideol\u00f3giai felfordul\u00e1s form\u00e1lt.<\/p>\n<p>Moszkva t\u00f6megk\u00f6zleked\u00e9si h\u00e1l\u00f3zata hatalmas m\u00e9reteket \u00e9s f\u00e9ktelen temp\u00f3t k\u00e9pvisel. N\u00e9gy nemzetk\u00f6zi rep\u00fcl\u0151t\u00e9r k\u00f6ti \u00f6ssze a metropoliszt a vil\u00e1ggal, m\u00edg t\u00edz vas\u00fat\u00e1llom\u00e1s naponta t\u00f6bb milli\u00f3 utast sz\u00e1ll\u00edt. Egy villamosh\u00e1l\u00f3zat halad \u00e1t a t\u00f6rt\u00e9nelmi negyedeken; egy egys\u00edn\u0171 vas\u00fatvonal magaslati kil\u00e1t\u00e1st ny\u00fajt a v\u00e1rosi terjeszked\u00e9sre; a moszkvai metr\u00f3, amely katedr\u00e1lisszer\u0171, mozaikokkal, szobrokkal \u00e9s boltozatos mennyezettel d\u00edsz\u00edtett \u00e1llom\u00e1sair\u00f3l h\u00edres, a vil\u00e1g legforgalmasabb \u00e9s egyik legkiterjedtebb gyorsvas\u00fati rendszere. S\u0171r\u0171s\u00e9ge ellen\u00e9re Moszkva ter\u00fclet\u00e9nek t\u00f6bb mint negyven sz\u00e1zal\u00e9k\u00e1t z\u00f6ldter\u00fcletek \u2013 parkok, kertek \u00e9s erd\u0151rezerv\u00e1tumok \u2013 bor\u00edtj\u00e1k, \u00edgy a hasonl\u00f3 n\u00e9pess\u00e9g\u0171 v\u00e1rosokhoz k\u00e9pest a bolyg\u00f3 egyik legz\u00f6ldebb v\u00e1rosa.<\/p>\n<p>A Moszkva foly\u00f3, amely mintegy 500 kilom\u00e9ter hosszan folyik a Kelet-eur\u00f3pai-s\u00edks\u00e1gon, meghat\u00e1rozza a v\u00e1ros domborzat\u00e1t \u00e9s \u00f6kol\u00f3gi\u00e1j\u00e1t. A v\u00e1ros hat\u00e1rain bel\u00fcl negyvenkilenc h\u00edd \u00edvel \u00e1t a vizein \u00e9s a szomsz\u00e9dos csatorn\u00e1kon. A tengerszint feletti magass\u00e1g a Moszkva f\u0151 meteorol\u00f3giai \u00e1llom\u00e1s\u00e1nak otthont ad\u00f3 \u00d6sszoroszorsz\u00e1gi Ki\u00e1ll\u00edt\u00e1si K\u00f6zpontban tal\u00e1lhat\u00f3 156 m\u00e9tert\u0151l a Teplostan-hegys\u00e9g \u2013 Moszkva cs\u00facspontja \u2013 tetej\u00e9n tal\u00e1lhat\u00f3 255 m\u00e9terig terjed. A v\u00e1ros sziluettje, amely k\u00f6zel negyven kilom\u00e9ter hosszan kelet-nyugati, \u00e9s t\u00f6bb mint \u00f6tven kilom\u00e9ter hosszan h\u00faz\u00f3dik \u00e9szak-d\u00e9li ir\u00e1nyban, enyh\u00e9n hull\u00e1mz\u00f3 s\u00edks\u00e1gok h\u00e1tter\u00e9ben bontakozik ki, amelyeket a perem\u00e9n t\u00fal erd\u0151s-sztyepp\u00e9k \u00e9s bore\u00e1lis erd\u0151k tark\u00edtanak.<\/p>\n<p>Moszkv\u00e1ban az id\u0151 a moszkvai standard id\u0151 szerint, UTC + 3, szezon\u00e1lis kiigaz\u00edt\u00e1s n\u00e9lk\u00fcl \u00e9rtend\u0151. A v\u00e1ros hossz\u00fas\u00e1gi foka alapj\u00e1n az \u00e1tlagos d\u00e9lid\u0151 12:30 k\u00f6r\u00fcl van. Az \u00e9ghajlat a nedves kontinent\u00e1lis \u00e9ghajlatba tartozik, a t\u00e9l november k\u00f6zep\u00e9t\u0151l m\u00e1rcius v\u00e9g\u00e9ig tart. B\u00e1r nyugat-eur\u00f3pai viszonylatban hideg, Moszkva telei m\u00e9rs\u00e9keltebbek a hasonl\u00f3 sz\u00e9less\u00e9gi fokon fekv\u0151 m\u00e1s helyekhez k\u00e9pest, a napi h\u0151m\u00e9rs\u00e9klet a v\u00e1rosi \u00f6vezetekben -25 \u00b0C k\u00f6z\u00f6tt ingadozhat, \u00e9s id\u0151szakos olvad\u00e1sok idej\u00e9n n\u00e9ha 5 \u00b0C felett is lehet. A ny\u00e1r meleget hoz, jellemz\u0151en 20 \u00e9s 26 \u00b0C k\u00f6z\u00f6tti cs\u00facsh\u0151m\u00e9rs\u00e9klettel, \u00e9s alkalmank\u00e9nt h\u0151hull\u00e1mok eset\u00e9n napokig 30 \u00b0C f\u00f6l\u00e9 emelkedik a h\u0151m\u00e9rs\u00e9klet. A veget\u00e1ci\u00f3s id\u0151szak k\u00f6r\u00fclbel\u00fcl 156 napig tart, m\u00e1jus elej\u00e9t\u0151l okt\u00f3ber elej\u00e9ig.<\/p>\n<p>A k\u00f6z\u00e9pkori Moszkv\u00e1t koncentrikus falak \u00e9s sug\u00e1rutak alkott\u00e1k, ez a forma tov\u00e1bbra is befoly\u00e1solta terjeszked\u00e9s\u00e9t. A ny\u00edrfak\u00e9reggel vagy gyeptet\u0151vel fedett fah\u00e1zak uralt\u00e1k a v\u00e1ros l\u00e1tk\u00e9p\u00e9t eg\u00e9szen a 18. sz\u00e1zad k\u00f6zep\u00e9ig, amikor a t\u0171zv\u00e9szek \u00e9s az arisztokrata k\u00f6vetel\u00e9sek klasszikus k\u0151b\u0151l \u00e9s t\u00e9gl\u00e1b\u00f3l t\u00f6rt\u00e9n\u0151 \u00fajj\u00e1\u00e9p\u00edt\u00e9st eredm\u00e9nyeztek. A forradalmi korszak \u00e9p\u00edt\u00e9szeti radikalizmust hozott, amelyek k\u00f6z\u00fcl a legfontosabbak olyan szem\u00e9lyis\u00e9gek konstruktivista k\u00eds\u00e9rletei voltak, mint Vlagyimir Suhov, akinek hiperboloid v\u00edztornya \u00e9s f\u00e9m-\u00fcveg boltozatai a GUM \u00e1ruh\u00e1zban a korai szovjet modernit\u00e1s jelk\u00e9pei. Lenin mauz\u00f3leuma, nyers geometri\u00e1j\u00e1val, \u00e9s m\u00e1s avantg\u00e1rd \u00e9p\u00edtm\u00e9nyek emelkedtek ki egy olyan v\u00e1rosban, amely az \u00faj szocialista rend megtestes\u00edt\u00e9s\u00e9re t\u00f6rekedett.<\/p>\n<p>Szt\u00e1lin hivatali ideje sz\u00e9les sug\u00e1rutakkal \u00e9s monument\u00e1lis \u00e9p\u00fcletekkel alak\u00edtotta \u00e1t Moszkv\u00e1t. Sz\u00e1mos t\u00f6rt\u00e9nelmi \u00e9p\u00edtm\u00e9nyt, k\u00f6zt\u00fck biz\u00e1nci templomokat \u00e9s nemesi rezidenci\u00e1kat \u00e1ldoztak fel fel\u00fclj\u00e1r\u00f3k \u00e9s t\u00f6lt\u00e9sek \u00e9p\u00edt\u00e9se \u00e9rdek\u00e9ben. A Szuharev-torony \u00e9s az eredeti Megv\u00e1lt\u00f3 Krisztus-sz\u00e9kesegyh\u00e1z a bont\u00e1si goly\u00f3 \u00e1ltal \u00f6sszeomlott, csak hogy 1990 ut\u00e1n f\u00e1rads\u00e1gos munk\u00e1val \u00fajj\u00e1\u00e9p\u00edts\u00e9k. H\u00e9t magas felh\u0151karcol\u00f3, az \u00fagynevezett H\u00e9t N\u0151v\u00e9r, emelkedett a Kreml falain t\u00fal. Filigr\u00e1n homlokzataik \u00e9s magasod\u00f3 tornyaik, melyeket a New York-i V\u00e1rosh\u00e1za ihletett, \u00faj vertik\u00e1lis dimenzi\u00f3t k\u00f6lcs\u00f6n\u00f6ztek a v\u00e1ros magj\u00e1nak. Az 1967-ben elk\u00e9sz\u00fclt Osztankino-torony Eur\u00f3pa legmagasabb szabadon \u00e1ll\u00f3 \u00e9p\u00edtm\u00e9ny\u00e9v\u00e9 n\u0151tte ki mag\u00e1t.<\/p>\n<p>A szovjet id\u0151szak lak\u00e1sig\u00e9nyei hatalmas lak\u00f3parkokat eredm\u00e9nyeztek. A kilenc-tizenk\u00e9t emeletes, szabv\u00e1nyos\u00edtott t\u00f6mb\u00f6kb\u0151l \u00e1ll\u00f3 negyedek, amelyek az egym\u00e1st k\u00f6vet\u0151 vezet\u0151k nev\u00e9t viselik \u2013 Hruscsovka, Brezsnyevka \u2013, sz\u00e9tsz\u00f3r\u00f3dtak a perif\u00e9ri\u00e1n. A k\u00f6z\u00f6ss\u00e9gi akn\u00e1kba \u00e9p\u00edtett liftek t\u00f6bb lakost szolg\u00e1lnak ki, mint b\u00e1rmely m\u00e1s megapoliszban; a Moslift szerel\u0151g\u00e1rd\u00e1t tart fenn a folyamatos m\u0171k\u00f6d\u00e9s biztos\u00edt\u00e1sa \u00e9rdek\u00e9ben. M\u00edg sz\u00e1mos szt\u00e1linista \u00e9p\u00fclet maradt fenn a k\u00f6zpontban, szocialista realizmus mot\u00edvumokkal d\u00edsz\u00edtve, a Tverszkaja utca \u00e9s az \u00d6reg Arbat m\u00f6g\u00f6tt kisebb m\u0171eml\u00e9k \u00e9p\u00fcletek tan\u00faskodnak a c\u00e1ri korabeli polg\u00e1ri \u00e9p\u00edt\u00e9szetr\u0151l. A v\u00e1ros sz\u00e9l\u00e9n tal\u00e1lhat\u00f3 nemesi birtokok \u2013 Osztankino-palota, Kuszkovo, Uzkoje \u2013 a kolostorok \u00e9s kolostorok mellett fennmaradtak, bepillant\u00e1st engedve a kor\u00e1bbi korszakokba.<\/p>\n<p>Az 1990-es \u00e9vek \u00f3ta a restaur\u00e1l\u00e1s c\u00e9lja a szovjet id\u0151k el\u0151tti homlokzatok \u00fajj\u00e1\u00e9leszt\u00e9se, b\u00e1r a kritikusok a homlokzatfel\u00faj\u00edt\u00e1st \u00e9s a hiteless\u00e9g elveszt\u00e9s\u00e9t kritiz\u00e1lj\u00e1k. Ugyanakkor a gyors fejl\u0151d\u00e9s a t\u00f6rt\u00e9nelmi \u00e9p\u00fcletek sz\u00e9les k\u00f6r\u0171 lebont\u00e1s\u00e1hoz vezetett: a becsl\u00e9sek szerint Moszkva m\u0171eml\u00e9k\u00e9p\u00fcleteinek ak\u00e1r egyharmada is elt\u0171nt az elm\u00falt \u00e9vekben, hely\u00fcket luxustornyok \u00e9s sz\u00e1llod\u00e1k vett\u00e9k \u00e1t. Ikonikus \u00e9p\u00edtm\u00e9nyeket, mint p\u00e9ld\u00e1ul az 1930-as Moszkva Hotelt \u00e9s az 1913-as Voyentorg \u00e1ruh\u00e1zat, lebontott\u00e1k, majd modern k\u00f6nt\u00f6sben \u00e9p\u00edtett\u00e9k \u00fajj\u00e1, ami vit\u00e1t v\u00e1ltott ki a konzerv\u00e1l\u00e1sr\u00f3l \u00e9s a v\u00e1rosi eml\u00e9kezetr\u0151l.<\/p>\n<p>Moszkva parkjainak \u00e9s kertjeinek h\u00e1l\u00f3zata kiemeli z\u00f6ld metropoliszk\u00e9nt szerzett h\u00edrnev\u00e9t. Kilencvenhat park \u00e9s tizennyolc form\u00e1lis kert 450 n\u00e9gyzetkilom\u00e9ternyi z\u00f6ld z\u00f3n\u00e1ban ter\u00fcl el, tov\u00e1bbi 100 n\u00e9gyzetkilom\u00e9ternyi erd\u0151vel. A moszkvaiak fejenk\u00e9nt mintegy 27 n\u00e9gyzetm\u00e9ternyi parkter\u00fcletet \u00e9lveznek \u2013 j\u00f3val t\u00f6bbet, mint p\u00e1rizsi, londoni vagy New York-i t\u00e1rsaik. A foly\u00f3 kanyarulat\u00e1ban 1928-ban l\u00e9trehozott, 689 000 n\u00e9gyzetm\u00e9teres Gorkij Park s\u00e9t\u00e1nyokat, kil\u00e1t\u00f3t, v\u00edzij\u00e1rm\u0171-k\u00f6lcs\u00f6nz\u00e9st \u00e9s sportp\u00e1ly\u00e1kat k\u00edn\u00e1l. Mellette fekszik a Nyeskucsnij-kert, Moszkva legr\u00e9gebbi parkja \u00e9s egykori cs\u00e1sz\u00e1ri birtoka, amely a Z\u00f6ld Sz\u00ednh\u00e1znak, Eur\u00f3pa egyik legnagyobb szabadt\u00e9ri amfite\u00e1trum\u00e1nak ad otthont.<\/p>\n<p>Az 1931-ben alap\u00edtott Izmajlovszkij Park 15,34 n\u00e9gyzetkilom\u00e9ter\u00e9vel \u2013 hatszor akkora, mint New York Central Parkja \u2013 a vil\u00e1g legnagyobb v\u00e1rosi parkjai k\u00f6z\u00e9 tartozik. A Bauman Kert, amelyet az egykori Golitsyn birtokon hoztak l\u00e9tre 1920-ban, lombos ter\u00fclet\u00e9n bel\u00fcl \u0151rzi a tizennyolcadik sz\u00e1zadi t\u00e1jk\u00e9pet. A Szokolnyiki Park, amely egykor solym\u00e1szrezerv\u00e1tum volt, hat n\u00e9gyzetkilom\u00e9ternyi sik\u00e1tort \u00f6lel fel, amelyeket ny\u00edr-, juhar- \u00e9s szilf\u00e1k szeg\u00e9lyeznek, tavak \u00e9s egy z\u00f6ld labirintus eg\u00e9sz\u00edt ki. A Losiny Ostrov, vagyis a \u201eJ\u00e1vorszarvas-sziget\u201d, Oroszorsz\u00e1g els\u0151 nemzeti parkja Szokolnyikival hat\u00e1ros, vaderdei \u00f6sv\u00e9nyeket k\u00edn\u00e1lva, ahol j\u00e1vorszarvasok barangolnak.<\/p>\n<p>A botanikai \u00e9rdekl\u0151d\u00e9s a Tudom\u00e1nyos Akad\u00e9mia Cicini F\u0151 Botanikus Kertj\u00e9ben lel otthonra, amely Eur\u00f3pa legnagyobbja 3,61 n\u00e9gyzetkilom\u00e9teres ter\u00fclet\u00e9vel, t\u00f6bb mint 20 000 fajjal, egy sz\u00e1z\u00e9ves t\u00f6lgyessel \u00e9s egy 5000 n\u00e9gyzetm\u00e9teres \u00fcvegh\u00e1zzal b\u00fcszk\u00e9lkedhet. Az \u00d6sszoroszorsz\u00e1gi Ki\u00e1ll\u00edt\u00e1si K\u00f6zpont (VDNKh) hatalmas ipar- \u00e9s kult\u00farapavilonokat mutat be, amelyeket monument\u00e1lis sz\u00f6k\u0151kutak \u2013 a K\u0151vir\u00e1g \u00e9s a Bar\u00e1ts\u00e1g sz\u00f6k\u0151k\u00fatja \u2013 \u00e9s egy panor\u00e1m\u00e1s mozi szeg\u00e9lyez. Az 1958-ban megnyitott Orgonapark szoborkerteket \u00e9s r\u00f3zsa\u00e1gy\u00e1sokat mutat be, hozz\u00e1j\u00e1rulva a v\u00e1ros kert\u00e9szeti vonzerej\u00e9hez.<\/p>\n<p>Moszkva kultur\u00e1lis int\u00e9zm\u00e9nyei vetekednek z\u00f6ldter\u00fcleteivel. Az \u00c1llami Tretyakov Gal\u00e9ria megosztja gy\u0171jtem\u00e9ny\u00e9t a Moszkva d\u00e9li partj\u00e1n \u00e1ll\u00f3 R\u00e9gi Tretyakov-k\u00e9pt\u00e1r k\u00f6z\u00f6tt, ahol ikonok \u00e9s realista v\u00e1sznak \u2013 Repin, Rubljov \u00e9s m\u00e1sok alkot\u00e1sai \u2013 \u00e1h\u00edtatos termekben l\u00f3gnak, valamint az \u00daj Tretyakov-k\u00e9pt\u00e1r k\u00f6z\u00f6tt, amely szovjet \u00e9s kort\u00e1rs m\u0171v\u00e9szetet mutat be, Malevics szuprematista absztrakci\u00f3it\u00f3l Tatlin Harmadik Internacion\u00e1l\u00e9 eml\u00e9km\u0171v\u00e9ig. A Puskin Sz\u00e9pm\u0171v\u00e9szeti M\u00fazeum glob\u00e1lis panor\u00e1m\u00e1t k\u00edn\u00e1l klasszikus szobrok replik\u00e1ival \u00e9s Monet, C\u00e9zanne \u00e9s Picasso remekm\u0171veivel.<\/p>\n<p>A t\u00f6rt\u00e9nettudom\u00e1ny a V\u00f6r\u00f6s t\u00e9r \u00e9s a Manege t\u00e9r k\u00f6z\u00f6tt tal\u00e1lhat\u00f3 \u00c1llami T\u00f6rt\u00e9neti M\u00fazeumban bontakozik ki, ahol \u0151skori leletek, Romanov-kincsek \u00e9s cs\u00e1sz\u00e1ri d\u00edszt\u00e1rgyak k\u00f6vetik nyomon Oroszorsz\u00e1g t\u00f6rt\u00e9net\u00e9t. Az 1872-ben alap\u00edtott Politechnikai M\u00fazeum a technol\u00f3giai fejl\u0151d\u00e9st mutatja be, 160 000 t\u00e1rgya k\u00f6z\u00f6tt korai automat\u00e1k \u00e9s szovjet sz\u00e1m\u00edt\u00e1stechnikai erekly\u00e9k is szerepelnek. A katonai eml\u00e9kezet a Kutuzov sug\u00e1r\u00faton tal\u00e1lhat\u00f3 Borogyin\u00f3i Panor\u00e1m\u00e1ban rejlik, egy mag\u00e1val ragad\u00f3 dior\u00e1m\u00e1ban, amely az 1812-es hadj\u00e1ratot \u00e1ll\u00edtja eml\u00e9kbe, m\u00edg az \u0170rh\u00f3d\u00edt\u00f3k eml\u00e9km\u0171ve alatt tal\u00e1lhat\u00f3 Kozmonautikai Eml\u00e9km\u00fazeum a F\u00f6ld\u00f6n t\u00fali eredm\u00e9nyeket tiszteli. A Scsusev \u00c1llami \u00c9p\u00edt\u00e9szeti M\u00fazeum dokumentumokat \u00e9s modelleket egyar\u00e1nt \u0151rz, a k\u00f6z\u00e9pkori fafalakt\u00f3l a modern felh\u0151karcol\u00f3kig \u00e9rtelmezve az \u00e9p\u00edtett k\u00f6rnyezetet.<\/p>\n<p>Izgatott v\u00e1rakoz\u00e1s \u00f6vezi Moszkva \u00faj Hermitage fi\u00f3ktelep\u00e9t, amely v\u00e1rhat\u00f3an 2024-ben ny\u00edlik meg az Asymptote Architecture tervez\u0151irod\u00e1j\u00e1nak \u00e9gisze alatt. A projekt az \u00e9szaki palota Louvre-st\u00edlus\u00fa gal\u00e9ri\u00e1inak kiterjeszt\u00e9s\u00e9t \u00edg\u00e9ri az orosz f\u0151v\u00e1rosra. Ek\u00f6zben a v\u00e1rosi sz\u00f6vet l\u00fcktet a kereskedelemt\u0151l a Tverszkaja utca ment\u00e9n \u00e9s a Tretyakovszkij sug\u00e1r\u00fat m\u00e9ly\u00e9n, ahol olyan butikok, mint a Bulgari, a Prada \u00e9s a Tiffany &amp; Co. szolg\u00e1lj\u00e1k ki a tehet\u0151s v\u00e1s\u00e1rl\u00f3kat. Az \u00e9jszakai \u00e9let vir\u00e1gzik az \u00e1talak\u00edtott csokol\u00e1d\u00e9gy\u00e1r k\u00f6zel\u00e9ben, ahol gal\u00e9ri\u00e1k, k\u00e1v\u00e9z\u00f3k \u00e9s a vil\u00e1g legnagyobb \u00e9jszakai klubjai k\u00f6z\u00fcl n\u00e9h\u00e1ny alkonyat ut\u00e1n pezseg.<\/p>\n<p>A szabadid\u0151s amb\u00edci\u00f3k kifejez\u00e9sre jutottak a Dream Islandben, Eur\u00f3pa legnagyobb fedett vid\u00e1mparkj\u00e1ban, amely 2020. febru\u00e1r 29-\u00e9n ny\u00edlt meg. A 300 000 n\u00e9gyzetm\u00e9teren elter\u00fcl\u0151 park hull\u00e1mvasutakat, koncerttermet, mozit, sz\u00e1llod\u00e1t, vitorl\u00e1siskol\u00e1t, \u00e9ttermeket \u00e9s \u00fczleteket foglal mag\u00e1ban. Ahogy a nap lenyugszik a Kreml felett, \u00e9s az \u00dczleti K\u00f6zpont csillog\u00f3 tornyai kiemelik a v\u00e1ros l\u00e1tk\u00e9p\u00e9t, Moszkva tov\u00e1bbra is a kontrasztok v\u00e1rosa marad: k\u00f6z\u00e9pkor \u00e9s modern, term\u00e9szet \u00e9s ipar, hagyom\u00e1ny \u00e9s innov\u00e1ci\u00f3.<\/p>\n<p>Moszkva \u00e9vezredeknyi \u00e1talakul\u00e1s sor\u00e1n a hatalom \u00e9s a k\u00e9pzelet olvaszt\u00f3t\u00e9gelye maradt. Sz\u00e9les sug\u00e1r\u00fatjai \u00e9s rejtett udvarai, aranyozott kupol\u00e1i \u00e9s \u00fcvegtornyai a t\u00f6rekv\u00e9sek folytonoss\u00e1g\u00e1t tan\u00fas\u00edtj\u00e1k. Ez egy olyan v\u00e1ros, amelynek minden k\u00f6ve a t\u00f6rt\u00e9nelem fejezeteir\u0151l tan\u00faskodik, ahol a m\u00falt \u00e9s a jelen tal\u00e1lkoz\u00e1sa egy p\u00e1ratlan l\u00e9pt\u00e9k\u0171 \u00e9s jelent\u0151s\u00e9g\u0171 f\u0151v\u00e1ros maradand\u00f3 jelleg\u00e9t t\u00e1rja fel.<\/p>","protected":false},"excerpt":{"rendered":"<p>Moszkva, Oroszorsz\u00e1g f\u0151v\u00e1rosa \u00e9s legnagyobb v\u00e1rosa, egy hatalmas v\u00e1rosk\u00f6zpont, amelynek lakoss\u00e1ga meghaladja a 13 milli\u00f3t. K\u00f6z\u00e9p-Oroszorsz\u00e1gban, a Moszkva-foly\u00f3 partj\u00e1n tal\u00e1lhat\u00f3 ez a hatalmas v\u00e1ros, amely sokkal t\u00falmutat k\u00f6zponti magj\u00e1n; nagyv\u00e1rosi ter\u00fclete meghaladja a 21,5 milli\u00f3 f\u0151t, v\u00e1rosi lakoss\u00e1ga pedig k\u00f6r\u00fclbel\u00fcl 18,8 milli\u00f3. Moszkva hatalmas kiterjed\u00e9se megmutatkozik hatalmas kiterjed\u00e9s\u00e9ben, amely a v\u00e1roson bel\u00fcl 2511 n\u00e9gyzetkilom\u00e9tert fed le, v\u00e1rosi kiterjed\u00e9se pedig meghaladja az 5891 n\u00e9gyzetkilom\u00e9tert, \u00edgy elk\u00e9peszt\u0151 26 000 n\u00e9gyzetkilom\u00e9tert \u00f6lel fel.<\/p>","protected":false},"author":1,"featured_media":4115,"parent":11976,"menu_order":0,"comment_status":"closed","ping_status":"closed","template":"elementor_theme","meta":{"_eb_attr":"","footnotes":""},"class_list":["post-12006","page","type-page","status-publish","has-post-thumbnail"],"_links":{"self":[{"href":"https:\/\/travelshelper.com\/hu\/wp-json\/wp\/v2\/pages\/12006","targetHints":{"allow":["GET"]}}],"collection":[{"href":"https:\/\/travelshelper.com\/hu\/wp-json\/wp\/v2\/pages"}],"about":[{"href":"https:\/\/travelshelper.com\/hu\/wp-json\/wp\/v2\/types\/page"}],"author":[{"embeddable":true,"href":"https:\/\/travelshelper.com\/hu\/wp-json\/wp\/v2\/users\/1"}],"replies":[{"embeddable":true,"href":"https:\/\/travelshelper.com\/hu\/wp-json\/wp\/v2\/comments?post=12006"}],"version-history":[{"count":0,"href":"https:\/\/travelshelper.com\/hu\/wp-json\/wp\/v2\/pages\/12006\/revisions"}],"up":[{"embeddable":true,"href":"https:\/\/travelshelper.com\/hu\/wp-json\/wp\/v2\/pages\/11976"}],"wp:featuredmedia":[{"embeddable":true,"href":"https:\/\/travelshelper.com\/hu\/wp-json\/wp\/v2\/media\/4115"}],"wp:attachment":[{"href":"https:\/\/travelshelper.com\/hu\/wp-json\/wp\/v2\/media?parent=12006"}],"curies":[{"name":"wp","href":"https:\/\/api.w.org\/{rel}","templated":true}]}}