{"id":11976,"date":"2024-09-15T11:11:06","date_gmt":"2024-09-15T11:11:06","guid":{"rendered":"https:\/\/travelshelper.com\/staging\/?page_id=11976"},"modified":"2026-03-12T21:31:21","modified_gmt":"2026-03-12T21:31:21","slug":"orosz-foderacio","status":"publish","type":"page","link":"https:\/\/travelshelper.com\/hu\/destinations\/europe\/russian-federation\/","title":{"rendered":"Orosz F\u00f6der\u00e1ci\u00f3"},"content":{"rendered":"<p>Oroszorsz\u00e1g egyszerre mutatkozik meg a sz\u00e9ls\u0151s\u00e9gek mintak\u00e9pek\u00e9nt \u00e9s az emberi er\u0151fesz\u00edt\u00e9sek egyed\u00fcl\u00e1ll\u00f3 mozaikjak\u00e9nt egy olyan kiterjed\u00e9sen, amely h\u00e1rom kontinenst elt\u00f6rp\u00edt. A Balti-tenger partvid\u00e9k\u00e9t\u0151l (kh. 19\u00b0) a nyugati hossz\u00fas\u00e1g 169\u00b0-\u00e1n l\u00e9v\u0151 Csendes-\u00f3ce\u00e1ni peremig, valamint a Fekete-tenger partvid\u00e9k\u00e9t\u0151l az \u00e9szaki sz\u00e9less\u00e9g 41\u00b0 \u00e9s 82\u00b0 k\u00f6z\u00f6tti sarkvid\u00e9ki hat\u00e1rig h\u00faz\u00f3d\u00f3 Oroszorsz\u00e1g a vil\u00e1g lakott sz\u00e1razf\u00f6ldi ter\u00fclet\u00e9nek t\u00f6bb mint egynyolcad\u00e1t fedi le. 2025-\u00f6s 146,0 milli\u00f3 lakos\u00e1val a F\u00f6ld legnagyobb ter\u00fclet\u00e9t birtokolja, tizenegy id\u0151z\u00f3n\u00e1t \u00f6lel fel, \u00e9s tizenn\u00e9gy szuver\u00e9n szomsz\u00e9ddal hat\u00e1ros. B\u00e1r ez a ter\u00fclet \u00e1tlagosan csak nyolc \u00e9s f\u00e9l embert fogad n\u00e9gyzetkilom\u00e9terenk\u00e9nt, nyugati v\u00e1rosai l\u00fcktetnek az \u00e9lett\u0151l; tizenhat v\u00e1rosi agglomer\u00e1ci\u00f3 haladja meg az egymilli\u00f3s hat\u00e1rt, Moszkva pedig Eur\u00f3pa legn\u00e9pesebb metropoliszak\u00e9nt uralkodik. Ez a hatalmas f\u00f6ldrajzi \u00e9s demogr\u00e1fiai kiterjed\u00e9s megalapozza Oroszorsz\u00e1g nagyhatalmi st\u00e1tusz\u00e1t, mik\u00f6zben egy olyan emberi t\u00f6rt\u00e9netet alak\u00edt, amely a p\u00e1r\u00e1s szubtr\u00f3pusit\u00f3l a pol\u00e1ris \u00e9ghajlatig, a fullaszt\u00f3 kontinent\u00e1lis h\u0151s\u00e9gt\u0151l a Szaha K\u00f6zt\u00e1rsas\u00e1g rekordhideg\u00e9ig, -71,2 \u00b0C-ig terjed\u0151 \u00e9ghajlaton bontakozik ki.<\/p>\n<p>Az orosz t\u00f6rt\u00e9nelem sz\u00f6vev\u00e9nye \u2013 ahogyan az ma is megmutatkozik a v\u00e1rosi l\u00e1tk\u00e9pekben, a vid\u00e9ki fah\u00e1zakban \u00e9s a hat\u00e1r menti falvakban \u2013 az als\u00f3 paleolitikumban kezd\u0151dik, amikor vad\u00e1sz\u00f3-gy\u0171jt\u00f6get\u0151k kis csoportjai szelt\u00e9k \u00e1t a foly\u00f3v\u00f6lgyeket. A Kr. u. harmadik sz\u00e1zadra a keleti szl\u00e1vok k\u00fcl\u00f6n\u00e1ll\u00f3 kultur\u00e1lis \u00e9s nyelvi csoportk\u00e9nt jelentek meg az eur\u00f3pai s\u00edks\u00e1gon. Politikai konszolid\u00e1ci\u00f3juk a kilencedik sz\u00e1zadban fejez\u0151d\u00f6tt ki a Dnyeper als\u00f3 foly\u00e1s\u00e1n\u00e1l k\u00f6zpontosul\u00f3 Kijevi Rusz felemelked\u00e9s\u00e9vel. 988-ban nagyfejedelme biz\u00e1nci \u00e9gisze alatt \u00e1tt\u00e9rt az ortodox kereszt\u00e9nys\u00e9gre, kialak\u00edtva egy olyan vall\u00e1si identit\u00e1st, amely az orosz kultur\u00e1lis \u00e9let sarokk\u00f6ve marad. A Kijevi Rusz k\u00fcls\u0151 behatol\u00e1sok \u00e9s bels\u0151 rivaliz\u00e1l\u00e1sok \u00e1ltali sz\u00e9tt\u00f6redezetts\u00e9ge utat nyitott Moszkvai Birodalomnak, amelynek nagyfejedelmei a Moszkvai Nagyfejedelems\u00e9g \u00e9gisze alatt szervezt\u00e9k meg a k\u00fcl\u00f6nb\u00f6z\u0151 fejedelems\u00e9geket. 1547-ben IV. Iv\u00e1n felvette a c\u00e1ri c\u00edmet, ezzel felavatva Oroszorsz\u00e1g c\u00e1ri birodalm\u00e1t.<\/p>\n<p>Nagy P\u00e9ter \u00e9s ut\u00f3dai uralkod\u00e1sa alatt Oroszorsz\u00e1g hatalmat \u00e9p\u00edtett Eur\u00e1zsia-szerte, ter\u00fcleteket szerzett a Balti-tengert\u0151l a Csendes-\u00f3ce\u00e1nig, \u00e9s a tizennyolcadik sz\u00e1zad elej\u00e9re birodalmi rangot \u00e9rt el. Az Orosz Birodalom a t\u00f6rt\u00e9nelem harmadik legnagyobb birodalm\u00e1v\u00e1 v\u00e1lt, hat\u00e1rait h\u00f3d\u00edt\u00e1sok, gyarmatos\u00edt\u00e1s \u00e9s felfedez\u00e9sek stabiliz\u00e1lt\u00e1k. A hegyek \u00e9s sztyepp\u00e9k pr\u00e9meket, gabon\u00e1t \u00e9s \u00e1sv\u00e1nykincseket termeltek, amelyek gazdag\u00edtott\u00e1k a szentp\u00e9terv\u00e1ri udvart \u2013 P\u00e9ter \u201eablaka Eur\u00f3p\u00e1ra\u201d \u2013, m\u00e9g akkor is, amikor a jobb\u00e1gys\u00e1g tov\u00e1bbra is fenn\u00e1llt a vid\u00e9ken. A politikai elnyom\u00e1s \u00e9s a katonai kudarcok sz\u00fclte forradalmi hev\u00fclet 1917-ben tet\u0151z\u00f6tt. A febru\u00e1ri forradalom v\u00e9get vetett a Romanovok autokr\u00e1ci\u00e1j\u00e1nak, az okt\u00f3beri forradalom pedig az Orosz Szovjetuni\u00f3t (SZSZSZK) hozta l\u00e9tre a vil\u00e1g els\u0151 alkotm\u00e1nyosan szocialista \u00e1llamak\u00e9nt.<\/p>\n<p>Az ezt k\u00f6vet\u0151 polg\u00e1rh\u00e1bor\u00fa utat nyitott a Szovjet Szocialista K\u00f6zt\u00e1rsas\u00e1gok Sz\u00f6vets\u00e9g\u00e9nek, amelyben az orosz SZSZSZK els\u0151bbs\u00e9get \u00e9lvezett. Szt\u00e1lin uralma alatt az ipart \u00f6t\u00e9ves tervek alapj\u00e1n \u00e9p\u00edtett\u00e9k \u00fajj\u00e1, mik\u00f6zben milli\u00f3k szenvedtek \u00e9h\u00edns\u00e9gt\u0151l, tisztogat\u00e1sokt\u00f3l \u00e9s k\u00e9nyszermunk\u00e1t\u00f3l. A Szovjetuni\u00f3 1945-\u00f6s gy\u0151zelme a n\u00e1ci N\u00e9metorsz\u00e1g felett, amelyet hatalmas ember\u00e1ldozatokkal \u00e9rtek el a keleti fronton, meger\u0151s\u00edtette glob\u00e1lis hatalomk\u00e9nt bet\u00f6lt\u00f6tt st\u00e1tusz\u00e1t. Az \u0171rkorszak a Szputnyik 1957-es felbocs\u00e1t\u00e1s\u00e1val \u00e9s Jurij Gagarin 1961-es p\u00e1ly\u00e1ra \u00e1ll\u00edt\u00e1s\u00e1val virradt be, amelyek a korszak technol\u00f3giai amb\u00edci\u00f3it testes\u00edtett\u00e9k meg. Ahogy a hidegh\u00e1bor\u00fas fesz\u00fclts\u00e9gek hol n\u0151ttek, hol enyh\u00fcltek, a szovjet szf\u00e9ra ideol\u00f3giai \u00e9s katonai rivaliz\u00e1l\u00e1ssal k\u00fczd\u00f6tt az Egyes\u00fclt \u00c1llamokkal.<\/p>\n<p>1991 december\u00e9re a Szovjetuni\u00f3 felbomlott; az Oroszorsz\u00e1gi F\u00f6der\u00e1ci\u00f3 az orosz Szovjetuni\u00f3b\u00f3l egy \u00faj alkotm\u00e1nnyal v\u00e1lt ki, amely egy sz\u00f6vets\u00e9gi, f\u00e9lprezidenci\u00e1lis k\u00f6zt\u00e1rsas\u00e1got hozott l\u00e9tre. A posztszovjet fejezet a piaci reform, az er\u0151forr\u00e1s-nacionalizmus \u00e9s a politikai megszor\u00edt\u00e1sok \u00f6sszetett k\u00f6lcs\u00f6nhat\u00e1s\u00e1nak volt tan\u00faja. Vlagyimir Putyin 1999-es eln\u00f6ki tiszts\u00e9ge \u00f3ta a politikai rendszer az autoriterizmus fel\u00e9 sodr\u00f3dott. A demokratikus int\u00e9zm\u00e9nyek erod\u00e1l\u00f3dtak, a polg\u00e1ri szabads\u00e1gjogok sz\u0171k\u00fcltek, a sajt\u00f3szabads\u00e1g pedig cs\u00f6kkent. K\u00fclf\u00f6ld\u00f6n Oroszorsz\u00e1g 2008-ban Gr\u00fazi\u00e1ban, 2014 \u00f3ta pedig Ukrajn\u00e1ban konfliktusokba keveredett, a nemzetk\u00f6zi norm\u00e1kat megs\u00e9rtve annekt\u00e1lva a Kr\u00edm-f\u00e9lszigetet, majd k\u00e9s\u0151bb tov\u00e1bbi ukrajnai r\u00e9gi\u00f3kat.<\/p>\n<p>M\u00e9gis belf\u00f6ldi \u00e9s nemzetk\u00f6zi vit\u00e1k l\u00e9teznek egy \u00e9vsz\u00e1zados hagyom\u00e1nyokra \u00e9p\u00fcl\u0151 t\u00e1rsadalom mellett. Az orosz tov\u00e1bbra is a hivatalos \u00e9s t\u00falnyom\u00f3r\u00e9szt domin\u00e1ns nyelv, a legsz\u00e9lesebb k\u00f6rben besz\u00e9lt szl\u00e1v nyelv, \u00e9s az Egyes\u00fclt Nemzetek Szervezet\u00e9ben haszn\u00e1lt hat, a Nemzetk\u00f6zi \u0170r\u00e1llom\u00e1son pedig a kett\u0151 k\u00f6z\u00fcl az egyik. Irodalma \u2013 Tolsztoj, Dosztojevszkij, Turgenyev \u2013 form\u00e1lta az eur\u00f3pai gondolkod\u00e1st; zeneszerz\u0151i \u2013 Csajkovszkij, Sztravinszkij \u2013 gazdag\u00edtott\u00e1k a glob\u00e1lis k\u00e1nont; balettt\u00e1rsulatai tov\u00e1bbra is a klasszikus m\u0171v\u00e9szet mintak\u00e9pei; sz\u00ednh\u00e1zai \u00e9s m\u00fazeumai a m\u0171v\u00e9szet ir\u00e1nti szenved\u00e9lyr\u0151l tan\u00faskodnak, amely az ikonfest\u00e9szett\u0151l az avantg\u00e1rd moziig terjed.<\/p>\n<p>F\u00f6ldrajzilag Oroszorsz\u00e1g kont\u00farjait kilenc f\u0151 hegys\u00e9grendszer hat\u00e1rozza meg. D\u00e9len a Kauk\u00e1zus hegys\u00e9g emelkedik az 5642 m\u00e9teres Elbruszig, Eur\u00f3pa legmagasabb cs\u00facs\u00e1ig. Szib\u00e9ria Altaj- \u00e9s Szaj\u00e1n-hegys\u00e9gei, valamint a Kamcsatka vulkanikus cs\u00facsai, k\u00f6zt\u00fck a 4750 m\u00e9teres Kljucsevszkaja Szopka, az orsz\u00e1g tektonikus nyugtalans\u00e1g\u00e1r\u00f3l tan\u00faskodnak. Az \u00e9rcekben \u00e9s dr\u00e1gak\u00f6vekben gazdag Ur\u00e1l-hegys\u00e9g alkotja a hagyom\u00e1nyos Eur\u00f3pa-\u00c1zsia hat\u00e1rvonalat. Legalacsonyabb pontjai a Kaszpi-medencen\u00e9l 29 m\u00e9terrel a tengerszint al\u00e1 s\u00fcllyednek, m\u00edg sarkvid\u00e9ki \u00e9s csendes-\u00f3ce\u00e1ni partvid\u00e9ke Oroszorsz\u00e1got a h\u00e1rom \u00f3ce\u00e1nnal hat\u00e1ros \u00e1llam egyik\u00e9v\u00e9 teszi, \u00e9s t\u00f6bb mint 37 653 km hossz\u00fa partszakasz \u0151rz\u0151j\u00e9v\u00e9. Olyan t\u00e1voli szigetek, mint a Vrangel-f\u00f6ld \u00e9s a Ferenc J\u00f3zsef-f\u00f6ld, az \u00c9szaki-sarkvid\u00e9ken \u0151rk\u00f6dnek, m\u00edg a Szahalin \u00e9s a Kuril-szigetek a T\u00e1vol-Kelet perem\u00e9t jel\u00f6lik, amelyek k\u00f6z\u00fcl n\u00e9h\u00e1nyat Jap\u00e1n is vitat.<\/p>\n<p>Oroszorsz\u00e1g belsej\u00e9t t\u00f6bb mint 100 000 foly\u00f3 szeli \u00e1t, \u00e9s olyan tavaknak ad otthont, amelyek a vil\u00e1g foly\u00e9kony \u00e9desv\u00edzk\u00e9szlet\u00e9nek egynegyed\u00e9t tartalmazz\u00e1k. A Bajk\u00e1l-t\u00f3, 1642 m\u00e9ter m\u00e9ly, a F\u00f6ld legm\u00e9lyebb \u00e9s legr\u00e9gebbi t\u00f3medenc\u00e9je, amely az \u00f6sszes felsz\u00edni \u00e9desv\u00edz t\u00f6bb mint egy\u00f6t\u00f6d\u00e9t tartalmazza. Nyugaton fekszik a Ladoga \u00e9s az Onega, Eur\u00f3pa legnagyobbjai k\u00f6z\u00e9 tartoz\u00f3 t\u00f3. A Volga, az \u201eAnyafoly\u00f3\u201d, a nyugati s\u00edks\u00e1gokon \u00e1t folyik a Kaszpi-tenger \u00e9szaki r\u00e9sz\u00e9n tal\u00e1lhat\u00f3 hatalmas delt\u00e1j\u00e1ba, m\u00edg az Ob, a Jenyiszej, a L\u00e9na \u00e9s az Amur Szib\u00e9ri\u00e1t az \u00c9szaki-sarkvid\u00e9k \u00e9s a Csendes-\u00f3ce\u00e1n fel\u00e9 vezeti. Ezek a v\u00edzi utak a k\u00f6z\u00e9pkort\u00f3l a gy\u00e1ri usz\u00e1lyok kor\u00e1ig alak\u00edtott\u00e1k a telep\u00fcl\u00e9sek \u00e9s a sz\u00e1ll\u00edt\u00e1s mint\u00e1it.<\/p>\n<p>Az \u00e9ghajlati viszonyok hirtelen v\u00e1ltoznak \u00e9szakr\u00f3l d\u00e9lre \u00e9s keletr\u0151l nyugatra. Szib\u00e9ri\u00e1ban sz\u00e9ls\u0151s\u00e9gesen hideg szubarktikus telek uralkodnak, ezzel szemben forr\u00f3 nyarak vannak, amelyeken a foly\u00f3v\u00f6lgyek sz\u00e1razf\u00f6ldi o\u00e1zisokk\u00e1 v\u00e1lnak. Az arktiszi szigetcsoportok \u00e9s a tundra pol\u00e1ris befoly\u00e1s alatt \u00e1ll; a Fekete-tenger partvid\u00e9ke Szocsi k\u00f6r\u00fcl p\u00e1r\u00e1s szubtr\u00f3pusi teleket \u00e9lvez, amelyek a F\u00f6ldk\u00f6zi-tengerre eml\u00e9keztetnek; a Kaszpi-tenger f\u00e9lsz\u00e1raz part menti \u00e9s d\u00e9li szib\u00e9riai lejt\u0151it gyenge tr\u00f3pusi szell\u0151 \u00e9ri el; a nyugati tengerparti s\u00edks\u00e1gokon pedig az Atlanti-\u00f3ce\u00e1n enyh\u00e9bb\u00e9 v\u00e1lik Kalinyingr\u00e1dban \u00e9s a Balti-tenger ment\u00e9n. Egy r\u00f6vid tavasz \u00e9s \u0151sz keretezi a k\u00e9t domin\u00e1ns \u00e9vszakot, a telet \u00e9s a nyarat, mivel a termel\u0151k \u00e9s a szabadt\u00e9ri dolgoz\u00f3k a havas h\u00f3napok vagy a h\u0151hull\u00e1mok k\u00f6r\u00e9 terveznek. A kl\u00edmav\u00e1ltoz\u00e1s most feler\u0151s\u00edti a boz\u00f3tt\u00fczeket, felolvasztja az \u00f6r\u00f6kk\u00e9 fagyott talajt, \u00e9s \u00e1talak\u00edtja a csapad\u00e9k \u00e9s a mez\u0151gazdas\u00e1g mint\u00e1it.<\/p>\n<p>K\u00f6zigazgat\u00e1silag a f\u00f6der\u00e1ci\u00f3 83 sz\u00f6vets\u00e9gi alanyt foglal mag\u00e1ban: 46 megy\u00e9t, 21 k\u00f6zt\u00e1rsas\u00e1got, kilenc krajt, n\u00e9gy auton\u00f3m k\u00f6rzetet, k\u00e9t sz\u00f6vets\u00e9gi v\u00e1rost \u00e9s egy auton\u00f3m ter\u00fcletet. K\u00f6z\u00e9p-Oroszorsz\u00e1g, amely r\u00e9g\u00f3ta kultur\u00e1lis k\u00f6zpont, Moszkv\u00e1val \u00e9s annak mell\u00e9kter\u00fcleteivel, Jaroszlavllal \u00e9s Vlagyimirrel b\u00fcszk\u00e9lkedhet, k\u00f6z\u00e9pkori templomaikkal. A Moszkv\u00e1t\u00f3l d\u00e9lre fekv\u0151 Csernozjom r\u00e9gi\u00f3 \u2013 Kurszk, Voronyezs \u2013 meg\u0151rizte a fekete talajt, amely a h\u00e1bor\u00fak \u00e9s az \u00e9h\u00edns\u00e9gek idej\u00e9n a hadseregeket \u00e9s a parasztokat t\u00e1pl\u00e1lta. \u00c9szaknyugat-Oroszorsz\u00e1g, Szentp\u00e9terv\u00e1rral a k\u00f6zpontban, a Feh\u00e9r-tengerig \u00e9s a Kar\u00e9lia erd\u0151iig h\u00faz\u00f3dik. D\u00e9len a Kr\u00edmi-f\u00e9lsziget \u00e9s a kauk\u00e1zusi k\u00f6zt\u00e1rsas\u00e1gok a szubtr\u00f3pusi \u00fcd\u00fcl\u0151helyek \u00e9s a zord hegyi kult\u00far\u00e1k kontrasztj\u00e1t mutatj\u00e1k be. A Volga-vid\u00e9k Kazanban \u00e9s Szamar\u00e1ban az ipar \u00e9s a tat\u00e1r \u00f6r\u00f6ks\u00e9g pezseg, m\u00edg az Ur\u00e1l, Szib\u00e9ria \u00e9s a T\u00e1vol-Kelet \u00e1sv\u00e1nykincseket, erd\u0151ket \u00e9s hat\u00e1rvid\u00e9keket k\u00edn\u00e1l, amelyek egyenl\u0151 m\u00e9rt\u00e9kben kih\u00edv\u00e1st jelentenek az infrastrukt\u00far\u00e1ra \u00e9s a korm\u00e1nyz\u00e1sra n\u00e9zve.<\/p>\n<p>Az orosz v\u00e1rosi \u00e9let t\u00fckr\u00f6zi ezt a region\u00e1lis soksz\u00edn\u0171s\u00e9get. Moszkva l\u00e1tk\u00e9pe a hagymakupol\u00e1kat \u00fcvegtornyokkal p\u00e1ros\u00edtja, utc\u00e1i \u00e9vsz\u00e1zados c\u00e1rokra \u00e9s szovjet tervez\u0151kre eml\u00e9keztetnek. A pazarul d\u00edsz\u00edtett moszkvai metr\u00f3 egyszerre szolg\u00e1l t\u00f6megk\u00f6zleked\u00e9si h\u00e1l\u00f3zatk\u00e9nt \u00e9s k\u00f6zt\u00e9ri m\u0171v\u00e9szeti alkot\u00e1sk\u00e9nt. Szentp\u00e9terv\u00e1r, amelyet Nagy P\u00e9ter alap\u00edtott, csatorn\u00e1k \u00e9s neoklasszicista sug\u00e1rutak ment\u00e9n ter\u00fcl el a legend\u00e1s feh\u00e9r \u00e9jszak\u00e1k f\u00e9ny\u00e9ben. Kazan az ortodox katedr\u00e1lisokat minaretekkel egyes\u00edti, amelyek Oroszorsz\u00e1g t\u00f6bbnemzetis\u00e9g\u0171 f\u00f6der\u00e1ci\u00f3j\u00e1nak jelk\u00e9pei. Nyizsnyij Novgorod, Irkutszk, Jekatyerinburg \u00e9s Vlagyivosztok kik\u00f6t\u0151k, ipari k\u00f6zpontok \u00e9s kultur\u00e1lis k\u00f6zpontok, mindegyik az orosz t\u00f6rt\u00e9nelem \u00e9s gazdas\u00e1gi \u00e9let k\u00fcl\u00f6n\u00e1ll\u00f3 fejezeteit t\u00e1rja fel. Volgogr\u00e1d szovjet eml\u00e9km\u0171vei Szt\u00e1lingr\u00e1d kataklizm\u00e1j\u00e1t id\u00e9zik fel; Szocsi szubtr\u00f3pusi partvid\u00e9ke 2014-ben olimpiai meg\u00fajul\u00e1st hozott; Kizsi fatemplomai eml\u00e9kekk\u00e9nt sodr\u00f3dnak az Onega-tavon.<\/p>\n<p>A szovjet korszakban egykor szer\u00e9ny turizmus a geopolitika \u00e9s a vil\u00e1gj\u00e1rv\u00e1nyok miatt hol fellend\u00fclt, hol visszaesett. 2019-ben az Oroszorsz\u00e1gba l\u00e1togat\u00f3 k\u00fclf\u00f6ldiek sz\u00e1ma el\u00e9rte a 24,4 milli\u00f3t, ami a GDP 4,8 sz\u00e1zal\u00e9k\u00e1t tette ki. A V\u00f6r\u00f6s t\u00e9r, az Ermit\u00e1zs \u00e9s a Tretyakov-gal\u00e9ria vonzza a m\u0171v\u00e9szet \u00e9s a t\u00f6rt\u00e9nelem ir\u00e1nt \u00e9rdekl\u0151d\u0151ket. Az Aranygy\u0171r\u0171 v\u00e1rosainak gy\u0171jtem\u00e9nye \u2013 Szuzdal, Rosztov, Vlagyimir \u2013 egyh\u00e1zi \u00e9p\u00edt\u00e9szeti fejezeteket k\u00edn\u00e1l. A Transzszib\u00e9riai Vas\u00fatvonal 9000 km-es kontinensek k\u00f6z\u00f6tti utaz\u00e1sra h\u00edvja a b\u00e1tor utaz\u00f3kat. Kamcsatka gejz\u00edrjei \u00e9s medv\u00e9i, a Bajk\u00e1l-t\u00f3 j\u00e9gk\u00e9k m\u00e9lys\u00e9gei, Szolovecki kolostori er\u0151d\u00edtm\u00e9nye \u00e9s a Komi Sz\u0171z-erd\u0151k a metropole ragyog\u00e1s\u00e1n k\u00edv\u00fcl esnek, csak folyami usz\u00e1lyokkal vagy bokorrep\u00fcl\u0151vel k\u00f6zel\u00edthet\u0151k meg. Oroszorsz\u00e1g 32 UNESCO vil\u00e1g\u00f6r\u00f6ks\u00e9gi helysz\u00ednb\u0151l \u00e1ll\u00f3 list\u00e1ja tan\u00fas\u00edtja term\u00e9szeti \u00e9s kultur\u00e1lis gazdags\u00e1g\u00e1t \u2013 m\u00e9gis t\u00e1voli fekv\u00e9se biztos\u00edtja, hogy sok \u00f6sv\u00e9ny alig kitaposott marad.<\/p>\n<p>Demogr\u00e1fiai szempontb\u00f3l Oroszorsz\u00e1g az el\u00f6reged\u0151 n\u00e9pess\u00e9g \u00e9s az alacsony term\u00e9kenys\u00e9g kih\u00edv\u00e1saival n\u00e9z szembe, 2024-ben a teljes term\u00e9kenys\u00e9gi r\u00e1ta n\u0151nk\u00e9nt 1,41 sz\u00fclet\u00e9s volt. Az urbaniz\u00e1ci\u00f3 a lakosok k\u00e9tharmad\u00e1t v\u00e1rosokba vonzotta, mik\u00f6zben az orsz\u00e1gos n\u00e9ps\u0171r\u0171s\u00e9g az Ur\u00e1l-hegys\u00e9gt\u0151l keletre zuhan. A 41,9 \u00e9ves medi\u00e1n \u00e9letkor a vil\u00e1g legid\u0151sebb t\u00e1rsadalm\u00e1v\u00e1 teszi, ami hat\u00e1ssal van a nyugd\u00edjakra, az eg\u00e9szs\u00e9g\u00fcgyre \u00e9s a munkaer\u0151piacra. A kiv\u00e1ndorl\u00e1si \u00e9s migr\u00e1ci\u00f3s politika, k\u00fcl\u00f6n\u00f6sen a volt szovjet k\u00f6zt\u00e1rsas\u00e1gokat illet\u0151en, tov\u00e1bbra is alak\u00edtja a v\u00e1rosok etnikai \u00e9s szakmai \u00f6sszet\u00e9tel\u00e9t Moszkv\u00e1t\u00f3l Magadanig.<\/p>\n<p>A konyham\u0171v\u00e9szet \u00e9s a j\u00f3 hangulat egyar\u00e1nt t\u00fckr\u00f6zi az \u00e9ghajlatot \u00e9s a t\u00f6rt\u00e9nelmet. A kiad\u00f3s rozskenyerek \u00e1tv\u00e9szelik a hideg telet; a levesek \u2013 scsi, borscs, uha \u2013 h\u00fasokat, gy\u00f6k\u00e9rz\u00f6lds\u00e9geket \u00e9s tejf\u00f6lt kombin\u00e1lnak, hogy energi\u00e1t \u00e9s melegs\u00e9get adjanak. A palacsinta (blini), a pirozski \u00e9s a szyrniki (szirn\u00e1sleves) a reggelik \u00e9s az uzsonn\u00e1k hangulat\u00e1t id\u00e9zik. A pelmenyi \u00e9s a golubci (golubci) h\u00fasb\u00f3l \u00e9s k\u00e1poszt\u00e1b\u00f3l k\u00e9sz\u00fclt hajtogat\u00e1sokkal \u00e9s zseml\u00e9kkel k\u00e9sz\u00fcl, amelyek paraszti tal\u00e1l\u00e9konys\u00e1gr\u00f3l \u00e1rulkodnak. A marhah\u00fasos Stroganoff \u00e9s a kijevi csirke arisztokratikus jegyeket hordoz, m\u00edg a saslik feldobja az \u00fcnnepi grillez\u00e9seket. A kvassz, egy \u0151si erjesztett ital, enyhe pezsg\u00e9ssel oltja a szomjat; a vodka, amelyet a tizennegyedik sz\u00e1zad \u00f3ta desztill\u00e1lnak, tov\u00e1bbra is az orosz poh\u00e1rk\u00f6sz\u00f6nt\u0151k jelk\u00e9pe, m\u00e9g akkor is, ha a s\u00f6r \u00e9s a bor n\u00e9pszer\u0171 a modern ifj\u00fas\u00e1gi kult\u00far\u00e1ban.<\/p>\n<p>Ebben a hatalmas orsz\u00e1gban a m\u00falt \u00e9s a jelen r\u00e9tegzett komplexit\u00e1sban \u00e9l egy\u00fctt. Katalin barokk palot\u00e1i \u00e9s szovjet eml\u00e9km\u0171vei \u00fcveghomlokzat\u00fa irodah\u00e1zak mellett \u00e1llnak. Ortodox harangtornyok keretezik az \u00faj t\u00e1rsash\u00e1zakat. A c\u00e1rok \u00e9s a Politikai Bizotts\u00e1g visszhangja keveredik a m\u00fazeumi termekben. Hegyek \u00e9s erd\u0151k \u0151rzik az ukr\u00e1n, finn \u00e9s \u00e1zsiai dialektusokat besz\u00e9l\u0151 falvakat. A foly\u00f3k tov\u00e1bbra is usz\u00e1lyokat \u00e9s szem\u00e9lysz\u00e1ll\u00edt\u00f3 g\u0151zhaj\u00f3kat sz\u00e1ll\u00edtanak a birodalmi rendeletek \u00e9s a kollekt\u00edv v\u00e1llalkoz\u00e1s \u00e1ltal meghat\u00e1rozott mint\u00e1kban. Tizenegy id\u0151z\u00f3na bontakozik ki d\u00e9li \u00e9s \u00e9jf\u00e9li ritmusban, m\u00e9gis egyetlen z\u00e1szl\u00f3 \u00e9s egyetlen nemzeti m\u00edtosz k\u00f6ti \u00f6ssze Belgorod \u00e9s Petropavlovszk-Kamcsatszkij n\u00e9peit.<\/p>\n<p>V\u00e9gs\u0151 soron Oroszorsz\u00e1g sem nem monolit, sem nem csoda, hanem egy \u00e1lland\u00f3an v\u00e1ltoz\u00f3, hatalmas ar\u00e1ny\u00fa entit\u00e1s. Olaj-, g\u00e1z-, fa- \u00e9s \u00e1sv\u00e1nykincsei a nomin\u00e1lis GDP alapj\u00e1n a tizenegyedik helyen \u00e1ll\u00f3 gazdas\u00e1g alapj\u00e1t k\u00e9pezik, de ezt ellentmond\u00e1sos korm\u00e1nyz\u00e1ssal, korl\u00e1tozott civil t\u00e1rsadalommal \u00e9s korl\u00e1tozott sajt\u00f3val kell egyens\u00falyba hozni. Strat\u00e9giai s\u00faly\u00e1t az Egyes\u00fclt \u00c1llamokon k\u00edv\u00fcl p\u00e1ratlan nukle\u00e1ris arzen\u00e1l, valamint az Egyes\u00fclt Nemzetek Biztons\u00e1gi Tan\u00e1cs\u00e1nak \u00e1lland\u00f3 tagjak\u00e9nt \u00e9s a G20, a BRICS \u00e9s a F\u00fcggetlen \u00c1llamok K\u00f6z\u00f6ss\u00e9g\u00e9t\u0151l az Eur\u00e1zsiai Gazdas\u00e1gi Uni\u00f3ig terjed\u0151 region\u00e1lis rendszerek t\u00e1maszpontjak\u00e9nt bet\u00f6lt\u00f6tt diplom\u00e1ciai befoly\u00e1sa t\u00fckr\u00f6zi. Az emberi terep \u2013 v\u00e1rosok, falvak, foly\u00f3k \u00e9s hegyek \u2013 m\u00e9gis az orosz identit\u00e1s igazi valut\u00e1ja marad. Itt, ny\u00edrerd\u0151k \u00e9s m\u00e1rv\u00e1nykatedr\u00e1lisok k\u00f6z\u00f6tt, befagyott tavakon \u00e9s naps\u00fct\u00f6tte sztyepp\u00e9ken \u00e9rezhet\u0151 a legm\u00e9lyebben ennek a nemzetnek a l\u00e9nyege.<\/p>\n<p>Ez Oroszorsz\u00e1g egyszerre sz\u00ednpad \u00e9s sz\u00edn\u00e9sz: egyszerre \u00e9vezredeknyi emberi telep\u00fcl\u00e9s \u00f6r\u00f6k\u00f6se \u00e9s a modern hatalom olvaszt\u00f3t\u00e9gelye. Olyan hely, ahol a t\u00f6rt\u00e9nelmet k\u0151be \u00e9s ac\u00e9lba v\u00e9st\u00e9k, ahol a term\u00e9szet az ember sz\u00e1m\u00e1ra el\u00e9rhetetlen\u00fcl \u00e9rv\u00e9nyes\u00edti nagyszer\u0171s\u00e9g\u00e9t, \u00e9s ahol a kr\u00f3nika k\u00f6vetkez\u0151 fordulata meg\u00edratlan marad, de a hatalmas, \u00e1ltala elfoglalt ter\u00fclet \u00e9s az azt otthonuknak tekint\u0151 emberek alak\u00edtj\u00e1k.<\/p>","protected":false},"excerpt":{"rendered":"<p>Oroszorsz\u00e1g, amelyet hivatalosan Orosz F\u00f6der\u00e1ci\u00f3nak is neveznek, sz\u00e1razf\u00f6ldi ter\u00fclet szerint a vil\u00e1g legnagyobb orsz\u00e1ga, amely Kelet-Eur\u00f3p\u00e1t \u00e9s \u00c9szak-\u00c1zsi\u00e1t foglalja mag\u00e1ban. 2024-ben mintegy 146 milli\u00f3 lakos\u00e1val a tizedik a vil\u00e1gon, \u00e9s Eur\u00f3pa legn\u00e9pesebb nemzete. Tizenegy id\u0151z\u00f3n\u00e1j\u00e1val \u00e9s tizenn\u00e9gy orsz\u00e1ggal hat\u00e1ros sz\u00e1razf\u00f6ldi hat\u00e1r\u00e1val ez a hatalmas orsz\u00e1g egy f\u00f6ldrajzi sz\u00f6rnyeteg, p\u00e1ratlan ter\u00fclettel.<\/p>","protected":false},"author":1,"featured_media":4357,"parent":24078,"menu_order":0,"comment_status":"closed","ping_status":"closed","template":"elementor_theme","meta":{"_eb_attr":"","footnotes":""},"class_list":["post-11976","page","type-page","status-publish","has-post-thumbnail"],"_links":{"self":[{"href":"https:\/\/travelshelper.com\/hu\/wp-json\/wp\/v2\/pages\/11976","targetHints":{"allow":["GET"]}}],"collection":[{"href":"https:\/\/travelshelper.com\/hu\/wp-json\/wp\/v2\/pages"}],"about":[{"href":"https:\/\/travelshelper.com\/hu\/wp-json\/wp\/v2\/types\/page"}],"author":[{"embeddable":true,"href":"https:\/\/travelshelper.com\/hu\/wp-json\/wp\/v2\/users\/1"}],"replies":[{"embeddable":true,"href":"https:\/\/travelshelper.com\/hu\/wp-json\/wp\/v2\/comments?post=11976"}],"version-history":[{"count":0,"href":"https:\/\/travelshelper.com\/hu\/wp-json\/wp\/v2\/pages\/11976\/revisions"}],"up":[{"embeddable":true,"href":"https:\/\/travelshelper.com\/hu\/wp-json\/wp\/v2\/pages\/24078"}],"wp:featuredmedia":[{"embeddable":true,"href":"https:\/\/travelshelper.com\/hu\/wp-json\/wp\/v2\/media\/4357"}],"wp:attachment":[{"href":"https:\/\/travelshelper.com\/hu\/wp-json\/wp\/v2\/media?parent=11976"}],"curies":[{"name":"wp","href":"https:\/\/api.w.org\/{rel}","templated":true}]}}