{"id":11967,"date":"2024-09-15T11:03:38","date_gmt":"2024-09-15T11:03:38","guid":{"rendered":"https:\/\/travelshelper.com\/staging\/?page_id=11967"},"modified":"2026-03-12T21:00:26","modified_gmt":"2026-03-12T21:00:26","slug":"bukarest","status":"publish","type":"page","link":"https:\/\/travelshelper.com\/hu\/destinations\/europe\/romania\/bucharest\/","title":{"rendered":"Bukarest"},"content":{"rendered":"<p>Bukarest, Rom\u00e1nia f\u0151v\u00e1rosa \u00e9s legnagyobb telep\u00fcl\u00e9se, a D\u00e2mbovi\u021ba foly\u00f3 partj\u00e1n fekszik az orsz\u00e1g d\u00e9lkeleti r\u00e9sz\u00e9n. A mintegy 1,76 milli\u00f3 lakos\u00fa, 240 n\u00e9gyzetkilom\u00e9teres v\u00e1rosi ter\u00fcleten fekv\u0151, valamint a 2,3 milli\u00f3 f\u0151s, 1811 n\u00e9gyzetkilom\u00e9teres nagyv\u00e1rosi lakoss\u00e1ggal az Eur\u00f3pai Uni\u00f3 nyolcadik legn\u00e9pesebb v\u00e1rosa. A korm\u00e1nyzati sz\u00e9khelyk\u00e9nt, a Munt\u00e9nia r\u00e9gi\u00f3 k\u00f6zpontjak\u00e9nt \u00e9s a kultur\u00e1lis, politikai \u00e9s gazdas\u00e1gi tev\u00e9kenys\u00e9g k\u00f6zpontjak\u00e9nt a v\u00e1ros jelent\u0151s\u00e9ge messze t\u00falmutat k\u00f6zigazgat\u00e1si hat\u00e1rain.<\/p>\n<p>A telep\u00fcl\u00e9s legkor\u00e1bbi dokument\u00e1lis eml\u00edt\u00e9se 1459-b\u0151l sz\u00e1rmazik, de csak 1862-ben nevezt\u00e9k ki hivatalosan Bukarestet a fiatal rom\u00e1n \u00e1llam f\u0151v\u00e1ros\u00e1v\u00e1. Ett\u0151l a pillanatt\u00f3l kezdve a v\u00e1ros folyamatosan gyarap\u00edtotta kultur\u00e1lis int\u00e9zm\u00e9nyeit, m\u00e9diumait \u00e9s m\u0171v\u00e9szeti k\u00f6reit. \u00c9vtizedek alatt olyan \u00e9p\u00edt\u00e9szeti sz\u00f3kincset alak\u00edtott ki, amely a tizenkilencedik sz\u00e1zadi eklektikus \u00e9p\u00edtm\u00e9nyeket neoklasszicista homlokzatokkal \u00e9s \u00edvelt szecesszi\u00f3s d\u00edsz\u00edt\u00e9ssel \u00f6tv\u00f6zi. A k\u00e9t vil\u00e1gh\u00e1bor\u00fa k\u00f6z\u00f6tti id\u0151szakban az \u00e9p\u00edt\u0151k egy \u00faj r\u00e9tege a Bauhaus minimalizmus\u00e1t, az art deco geometri\u00e1t \u00e9s a nemzeti-romantikus \u00fajj\u00e1sz\u00fclet\u00e9si st\u00edlust \u00f6lelte fel. Ezekben az \u00e9vekben az eleg\u00e1ns \u00e1tj\u00e1r\u00f3k \u00e9s a kozmopolita t\u00e1rsadalom miatt a l\u00e1togat\u00f3k \u201eKis P\u00e1rizsnak\u201d vagy \u201eKelet P\u00e1rizs\u00e1nak\u201d nevezt\u00e9k a v\u00e1rost.<\/p>\n<p>A huszadik sz\u00e1zad pr\u00f3b\u00e1ra tette Bukarest sz\u00f6vet\u00e9t. Bomb\u00e1z\u00e1sok, f\u00f6ldreng\u00e9sek \u00e9s Nicolae Ceau\u0219escu ideol\u00f3giai \u201erendszeres\u00edt\u00e9si\u201d kamp\u00e1nya a t\u00f6rt\u00e9nelmi k\u00f6zpont nagy r\u00e9szeit megsebezte, a grandi\u00f3zus \u00e9p\u00fcletek pedig \u00f6sszeomlottak vagy lerombol\u00f3dtak. Mindazon\u00e1ltal sz\u00e1mos t\u00fal\u00e9l\u0151 \u2013 francia ihlet\u00e9s\u0171 sorh\u00e1zak, palota m\u00e9ret\u0171 k\u00fari\u00e1k \u00e9s f\u00e1kkal szeg\u00e9lyezett sug\u00e1rutak \u2013 gondos restaur\u00e1l\u00e1son esett \u00e1t. A huszonegyedik sz\u00e1zadi kultur\u00e1lis \u00fajj\u00e1\u00e9led\u00e9s gazdas\u00e1gi \u00e9s kreat\u00edv fellend\u00fcl\u00e9st ind\u00edtott el, a v\u00e1rost Eur\u00f3pa egyik leggyorsabban n\u00f6vekv\u0151 cs\u00facstechnol\u00f3giai beruh\u00e1z\u00e1si \u00e9s innov\u00e1ci\u00f3s k\u00f6zpontj\u00e1v\u00e1 alak\u00edtva.<\/p>\n<p>2023 janu\u00e1rj\u00e1ra a telep\u00fcl\u00e9s lakosainak sz\u00e1ma el\u00e9rte az 1,74 milli\u00f3t, a k\u00f6rnyez\u0151 v\u00e1rosokat is bele\u00e9rtve, ez az inform\u00e1lis sz\u00e1m 2,3 milli\u00f3 volt. A COVID-19 vil\u00e1gj\u00e1rv\u00e1ny idej\u00e9n a hivatalos jelent\u00e9sek 2,5 milli\u00f3 emberr\u0151l sz\u00e1moltak be az eg\u00e9szs\u00e9g\u00fcgyi monitoroz\u00e1si adatokban, ami r\u00e1vil\u00e1g\u00edt egy ilyen n\u00e9pes k\u00f6zpont ir\u00e1ny\u00edt\u00e1s\u00e1nak logisztikai \u00f6sszetetts\u00e9g\u00e9re. 2017-ben egy glob\u00e1lis index Bukarestet Eur\u00f3pa leggyorsabban n\u00f6vekv\u0151 \u00e9jszakai turisztikai c\u00e9lpontjak\u00e9nt regisztr\u00e1lta, \u00e9s a k\u00f6vetkez\u0151 k\u00e9t \u00e9vben a fejleszt\u00e9si potenci\u00e1l rangsor\u00e1nak \u00e9l\u00e9re ker\u00fclt. A n\u00e9psz\u00e1ml\u00e1l\u00e1si adatok azonban a v\u00e1ros \u00e1lland\u00f3 lakosainak sz\u00e1m\u00e1nak enyhe cs\u00f6kken\u00e9s\u00e9t mutatj\u00e1k, ami r\u00e9szben az el\u0151v\u00e1rosi migr\u00e1ci\u00f3nak tulajdon\u00edthat\u00f3.<\/p>\n<p>F\u00f6ldrajzilag Bukarest egy nagyj\u00e1b\u00f3l k\u00f6r alak\u00fa ter\u00fcletet foglal el, amelynek sugara az Egyetem t\u00e9rt\u0151l a v\u00e1ros hat\u00e1r\u00e1ig 10 \u00e9s 12 kilom\u00e9ter k\u00f6z\u00f6tt van. A D\u00e2mbovi\u021ba foly\u00f3 kett\u00e9szeli a v\u00e1rost, miel\u0151tt az Arge\u0219be \u00e9s v\u00e9g\u00fcl a Dun\u00e1ba \u00f6mlik. \u00c9szakon n\u00e9gy \u00f6sszekapcsol\u00f3d\u00f3 v\u00edzt\u00e1roz\u00f3 \u2013 a Her\u0103str\u0103u, a Floreasca, a Tei \u00e9s a Colentina \u2013 k\u00f6veti a Colentina foly\u00f3 medr\u00e9t, m\u00edg egy kisebb d\u00edszmedence, a Ci\u0219migiu-t\u00f3, a z\u00f6ldell\u0151 Ci\u0219migiu-kertek k\u00f6z\u00f6tt fekszik. Egy szimbolikus kilom\u00e9ter nulla jelz\u0151 \u00e1ll az Egyetem t\u00e9rt\u0151l d\u00e9lre, a Szent Gy\u00f6rgy t\u00e9ren, az \u00faj Szent Gy\u00f6rgy-templom el\u0151tt.<\/p>\n<p>A v\u00e1ros tengerszint feletti magass\u00e1ga nagyj\u00e1b\u00f3l 56 m\u00e9ter a D\u00e2mbovi\u021ba h\u00eddn\u00e1l d\u00e9lkeleten \u00e9s 91,5 m\u00e9ter egy dombon, amelyet egy katonai templom koron\u00e1zza meg nyugaton. Bukarestr\u0151l azt mondj\u00e1k, hogy h\u00e9t dombon nyugszik \u2013 Mihai Vod\u0103, Dealul Mitropoliei, Radu Vod\u0103, Cotroceni, Dealul Spirii, V\u0103c\u0103re\u0219ti \u00e9s Sf\u00e2ntu Gheorghe Nou \u2013 R\u00f3ma k\u00f6lt\u0151i visszhangja, amely kiemeli premodern eredet\u00e9t az egykori ferlti\u0103etsi k\u00f6zepette. Erd\u0151.<\/p>\n<p>A v\u00e1rosi sz\u00f6vetet bonyolult z\u00f6ldfel\u00fcletek tark\u00edtj\u00e1k. A Carl FW Meyer n\u00e9met \u00e9p\u00edt\u00e9sz tervei alapj\u00e1n 1847-ben l\u00e9trehozott Ci\u0219migiu kert lombos mened\u00e9ket k\u00edn\u00e1l a v\u00e1rosk\u00f6zpont k\u00f6zel\u00e9ben, \u00e9s t\u00f6rt\u00e9nelmileg k\u00f6lt\u0151ket \u00e9s reg\u00e9ny\u00edr\u00f3kat vonzott. A n\u00e9vad\u00f3 t\u00f3 \u00e9szaki partj\u00e1t k\u00f6r\u00fcl\u00f6lel\u0151 Her\u0103str\u0103u park a Rom\u00e1n Falum\u00fazeumot is mag\u00e1ba foglalja. Az 1965-ben megnyitott Tineretului park a d\u00e9li ker\u00fcletek f\u0151 szabadid\u0151s ter\u00fcletek\u00e9nt szolg\u00e1l, \u00e9s egy m\u00e9retar\u00e1nyos \u201eMiniv\u00e1rossal\u201d rendelkezik a gyermekek sz\u00e1m\u00e1ra.<\/p>\n<p>A Cotroceni negyedben tal\u00e1lhat\u00f3 Botanikus Kert \u00fcvegh\u00e1zaiban \u00e9s szabad \u00e1gy\u00e1saiban t\u00f6bb mint 10 000 n\u00f6v\u00e9nyfajnak ad otthont; eredetileg kir\u00e1lyi pihen\u0151helyk\u00e9nt szolg\u00e1lt. Tov\u00e1bbi nevezetes parkok k\u00f6z\u00e9 tartozik az I. Mih\u00e1ly kir\u00e1ly parkja, a Carol park, az Alexandru Ioan Cuza park (k\u00f6znyelven Titan Parkk\u00e9nt ismert), a Kiseleff park, az Izvor park, a Gr\u0103dina Icoanei, a Circului park \u00e9s a Moghioro\u0219 park. Tov\u00e1bbi l\u00e1tnival\u00f3k, mint p\u00e9ld\u00e1ul a Nemzeti Park, a Tei park, az Eroilor park \u00e9s a Cr\u00e2nga\u0219i park, a Morii-t\u00f3val egy\u00fctt, tov\u00e1bbi pihen\u0151t k\u00edn\u00e1lnak a v\u00e1ros perem\u00e9n.<\/p>\n<p>Ezek k\u00f6z\u00fcl a V\u0103c\u0103re\u0219ti-t\u00f3 \u00e9rdemel k\u00fcl\u00f6n\u00f6s figyelmet. Ceau\u0219escu rezsimje alatt betonmedenc\u00e9k\u00e9nt avatt\u00e1k fel, de az 1989-es forradalom ut\u00e1n elhagyatott\u00e1 v\u00e1lt, a ter\u00fclet k\u00e9t \u00e9vtized alatt gyakorlatilag \u00fajravadonosodott. 2016 m\u00e1jusa \u00f3ta V\u0103c\u0103re\u0219ti Term\u00e9szetv\u00e9delmi Parkk\u00e9nt v\u00e9dett, 190 hekt\u00e1ron ter\u00fcl el \u2013 melynek fele ny\u00edltv\u00edzi \u2013, \u00e9s kilencvenh\u00e9t mad\u00e1rfajnak, h\u00e9t eml\u0151sfajnak, valamint sz\u00e1mos k\u00e9t\u00e9lt\u0171nek \u00e9s rovarnak ad otthont. Inform\u00e1lisan \u201eBukarest delt\u00e1j\u00e1nak\u201d is nevezik, \u00e9s tov\u00e1bbra is felt\u0171n\u0151 bizony\u00edt\u00e9ka a term\u00e9szet \u00fajj\u00e1\u00e9led\u00e9s\u00e9nek a s\u0171r\u0171 v\u00e1rosi telep\u00fcl\u00e9sek k\u00f6zepette.<\/p>\n<p>A f\u0151v\u00e1rost k\u00f6zvetlen\u00fcl k\u00f6r\u00fclvev\u0151 ter\u00fclet nagyr\u00e9szt mez\u0151gazdas\u00e1gi jelleg\u0171 volt a huszadik sz\u00e1zad v\u00e9g\u00e9ig. A kommunizmus buk\u00e1sa \u00f3ta Ilfov megye gyorsan urbaniz\u00e1l\u00f3dott: lakoss\u00e1ga 2021-re 542 686-ra n\u0151tt, ez a n\u00f6veked\u00e9s minden m\u00e1s rom\u00e1n megy\u00e9t fel\u00fclm\u00falt 2011 \u00e9s 2021 k\u00f6z\u00f6tt. Olyan falvak, mint Pope\u0219ti-Leordeni, Voluntari, Chiajna, Bragadiru, Pantelimon, Buftea \u00e9s Otopeni, gazdag ing\u00e1z\u00f3v\u00e1rosokk\u00e1 alakultak, a v\u00e1rost egy t\u00e1gabb nagyv\u00e1rosi konstell\u00e1ci\u00f3ba k\u00f6tve.<\/p>\n<p>Bukarest \u00e9ghajlata a p\u00e1r\u00e1s kontinent\u00e1lis \u00e9s a p\u00e1r\u00e1s szubtr\u00f3pusi \u00e9ghajlat k\u00f6z\u00f6tt mozog, forr\u00f3, f\u00fclledt nyarakat \u00e9s hideg, havas telet eredm\u00e9nyezve. A ny\u00e1r k\u00f6zep\u00e9n a napi maximumok \u00e1tlagosan 29,8 \u00b0C-ot mutatnak, a k\u00f6z\u00e9ps\u0151 ker\u00fcletekben gyakran 35\u201340 \u00b0C-os cs\u00facs\u00e9rt\u00e9kekkel. T\u00e9len a h\u0151m\u00e9rs\u00e9klet gyakran fagypont al\u00e1 s\u00fcllyed, \u00e9s \u201310 \u00b0C-ra is s\u00fcllyedhet, amit a s\u00edks\u00e1gon \u00e1ts\u00f6pr\u0151 sz\u00e9l is seg\u00edt. A tavaszi \u00e9s \u0151szi napok h\u0151m\u00e9rs\u00e9klete 17 \u00e9s 22 \u00b0C k\u00f6z\u00f6tt ingadozik; tavasszal \u00e1ltal\u00e1ban hevesebb a csapad\u00e9k, amelyet ny\u00e1ron hirtelen, de r\u00f6vid viharok szak\u00edtanak meg.<\/p>\n<p>Demogr\u00e1fiailag a v\u00e1ros 1 716 961 lakost fogadott a 2021-es n\u00e9psz\u00e1ml\u00e1l\u00e1s szerint, ami szer\u00e9ny cs\u00f6kken\u00e9st jelent 2011 \u00f3ta. Az alacsony sz\u00fclet\u00e9si ar\u00e1ny \u00e9s az elv\u00e1ndorl\u00e1s okozta ezt a tendenci\u00e1t. Egy ENSZ-tanulm\u00e1ny Bukarestet a tizenkilencedik helyre rangsorolta azon huszonnyolc eur\u00f3pai f\u0151v\u00e1ros k\u00f6z\u00fcl, amelyek lakoss\u00e1ga k\u00f6zel n\u00e9gy sz\u00e1zal\u00e9kkal cs\u00f6kkent 1990 \u00e9s 2010 k\u00f6zepe k\u00f6z\u00f6tt; a csal\u00e1dok \u00e9s a fiatal szakemberek kiv\u00e1ndorl\u00e1sa a k\u00fck\u00f6ny\u00f6s telep\u00fcl\u00e9sekbe jelent\u0151sen hozz\u00e1j\u00e1rult ehhez.<\/p>\n<p>Gazdas\u00e1gi szempontb\u00f3l Bukarest Rom\u00e1nia brutt\u00f3 hazai term\u00e9k\u00e9nek k\u00f6r\u00fclbel\u00fcl 24 sz\u00e1zal\u00e9k\u00e1t, ipari termel\u00e9s\u00e9nek pedig k\u00f6zel egynegyed\u00e9t \u00e1ll\u00edtja el\u0151, annak ellen\u00e9re, hogy az orsz\u00e1gos lakoss\u00e1g kevesebb mint t\u00edz sz\u00e1zal\u00e9ka \u00e9l itt lak\u00e1s\u00e1llom\u00e1nyban. Az \u00f6sszes nemzeti ad\u00f3bev\u00e9tel k\u00f6zel egyharmada a f\u0151v\u00e1rosb\u00f3l sz\u00e1rmazik. A Bukarest\u2013Ilfov r\u00e9gi\u00f3 v\u00e1s\u00e1rl\u00f3er\u0151vel korrig\u00e1lt egy f\u0151re jut\u00f3 GDP-je 2017-ben el\u00e9rte az Eur\u00f3pai Uni\u00f3 \u00e1tlag\u00e1nak 145 sz\u00e1zal\u00e9k\u00e1t, meghaladva Budapest (139 sz\u00e1zal\u00e9k), Madrid (125 sz\u00e1zal\u00e9k), Berlin (118 sz\u00e1zal\u00e9k), R\u00f3ma (110 sz\u00e1zal\u00e9k), Lisszabon (102 sz\u00e1zal\u00e9k) \u00e9s Sz\u00f3fia (79 sz\u00e1zal\u00e9k) hasonl\u00f3 adatait.<\/p>\n<p>Az 1990-es \u00e9vek viszonylagos stagn\u00e1l\u00e1sa ut\u00e1n a v\u00e1ros er\u0151teljesen fellend\u00fclt: az infrastrukt\u00fara meg\u00fajul\u00e1sa, a kereskedelmi komplexumok, a lak\u00f3\u00f6vezetek \u00e9s az \u00fcvegbor\u00edt\u00e1s\u00fa felh\u0151karcol\u00f3k \u00e1talak\u00edtott\u00e1k a v\u00e1ros l\u00e1tk\u00e9p\u00e9t. 2013 janu\u00e1rj\u00e1ban a helyi munkan\u00e9lk\u00fclis\u00e9gi r\u00e1ta 2,1 sz\u00e1zal\u00e9kon \u00e1llt, ami jelent\u0151sen az 5,8 sz\u00e1zal\u00e9kos orsz\u00e1gos \u00e1tlag alatt van. Ma a szolg\u00e1ltat\u00e1sok domin\u00e1lnak a gazdas\u00e1gban, \u00e9s mintegy 186 000 v\u00e1llalkoz\u00e1s \u2013 k\u00f6zt\u00fck gyakorlatilag az \u00f6sszes nagyobb rom\u00e1n c\u00e9g \u2013 k\u00f6zpontja tal\u00e1lhat\u00f3 itt. Az ingatlan- \u00e9s \u00e9p\u00edt\u0151ipari szektor nagyban hozz\u00e1j\u00e1rult az ezredfordul\u00f3 ut\u00e1ni n\u00f6veked\u00e9shez, mik\u00f6zben Bukarest az inform\u00e1ci\u00f3s technol\u00f3gia \u00e9s a kommunik\u00e1ci\u00f3 z\u00e1szl\u00f3shaj\u00f3 k\u00f6zpontj\u00e1v\u00e1 is v\u00e1lt; sz\u00e1mos nemzetk\u00f6zi szoftverc\u00e9g \u00fczemeltet offshore k\u00e9zbes\u00edt\u00e9si l\u00e9tes\u00edtm\u00e9nyeket a v\u00e1rosban.<\/p>\n<p>A Bukaresti \u00c9rt\u00e9kt\u0151zsde, amely 2005 v\u00e9g\u00e9n egyes\u00fclt az elektronikus Rasdaq platformmal, a p\u00e9nz\u00fcgyi szektor horgonypontja. Az 1990-es \u00e9vek v\u00e9ge \u00f3ta t\u00f6bb mint h\u00fasz bev\u00e1s\u00e1rl\u00f3k\u00f6zpont \u00e9s bev\u00e1s\u00e1rl\u00f3k\u00f6zpont \u00e9p\u00fclt: nevezetes p\u00e9ld\u00e1k k\u00f6z\u00e9 tartozik a B\u0103neasa Shopping City, az AFI Palace Cotroceni, a Mega Mall, a Bucure\u0219ti Mall, a ParkLake Bev\u00e1s\u00e1rl\u00f3k\u00f6zpont, a Sun Plaza, a Promenada Mall \u00e9s az Unirea Bev\u00e1s\u00e1rl\u00f3k\u00f6zpont. Olyan glob\u00e1lis v\u00e1llalatok hoztak l\u00e9tre helyi telephelyeket, mint az Amazon, a Microsoft, az Ubisoft, az Oracle \u00e9s az IBM. A v\u00e1rosban jelent\u0151s olaj- \u00e9s g\u00e1zipari, aut\u00f3ipari, telekommunik\u00e1ci\u00f3s \u00e9s fogyaszt\u00e1si cikkeket gy\u00e1rt\u00f3 v\u00e1llalatok is m\u0171k\u00f6dnek, k\u00f6zt\u00fck a Petrom, Rom\u00e1nia legnagyobb energiaipari v\u00e1llalata. 2023-ban Bukarest a hatodik helyen \u00e1llt a vil\u00e1gon a vezet\u00e9kes sz\u00e9less\u00e1v\u00fa sebess\u00e9g tekintet\u00e9ben, \u00e1tlagosan 250 Mbps sebess\u00e9ggel.<\/p>\n<p>A k\u00f6zleked\u00e9si infrastrukt\u00fara egy \u00f6t metr\u00f3vonalb\u00f3l \u2013 M1-t\u0151l M5-ig \u2013 \u00e1ll\u00f3 h\u00e1l\u00f3zatot foglal mag\u00e1ban, amelyet a Metrorex \u00fczemeltet, \u00e9s hatvann\u00e9gy \u00e1llom\u00e1st szolg\u00e1l ki. Az els\u0151 szakasz 1979-ben ny\u00edlt meg, a leg\u00fajabb vonal pedig 2020-ban kezdte meg a forgalomba helyez\u00e9st; a hatodik vonal \u00e9p\u00edt\u00e9s alatt \u00e1ll. A felsz\u00edni szinten a Societatea de Transport Bucure\u0219ti buszokat, villamosokat, trolibuszokat \u00e9s k\u00f6nny\u0171vas\u00fati j\u00e1rm\u0171veket \u00fczemeltet, amelyeket mag\u00e1n minibuszok \u00e9s egy legfeljebb 10 000 taxib\u00f3l \u00e1ll\u00f3, korl\u00e1tozott sz\u00e1m\u00fa flotta eg\u00e9sz\u00edt ki.<\/p>\n<p>A vas\u00fati kapcsolatok a Gara de Nord \u00e1llom\u00e1sr\u00f3l, a C\u0103ile Ferate Rom\u00e2ne f\u0151 \u00e1llom\u00e1s\u00e1r\u00f3l indulnak, \u00f6sszek\u00f6tve Bukarestet a nagyobb belf\u00f6ldi \u00e9s nemzetk\u00f6zi \u00fati c\u00e9lokkal, k\u00f6zt\u00fck Belgr\u00e1ddal, Sz\u00f3fi\u00e1val, B\u00e9ccsel, Budapesttel, Isztambullal \u00e9s Kijevvel. A m\u00e1sodlagos \u00e1llom\u00e1sok \u2013 Basarab, Obor, B\u0103neasa \u00e9s Progresul \u2013 integr\u00e1l\u00f3dnak az \u00f6nkorm\u00e1nyzatot \u00e9s Ilfov megy\u00e9t kiszolg\u00e1l\u00f3 ing\u00e1z\u00f3 vas\u00fati h\u00e1l\u00f3zatba. A v\u00e1ros legr\u00e9gebbi vas\u00fati v\u00e9g\u00e1llom\u00e1s\u00e1t, a Filaretet, 1869-ben avatt\u00e1k fel, majd a kommunista rezsim alatt buszp\u00e1lyaudvarr\u00e1 alak\u00edtott\u00e1k \u00e1t.<\/p>\n<p>A l\u00e9gi k\u00f6zleked\u00e9s k\u00f6zpontja a Henri Coand\u0103 Nemzetk\u00f6zi Rep\u00fcl\u0151t\u00e9r (OTP), amely Otopeni v\u00e1rosk\u00f6zpontj\u00e1t\u00f3l 16,5 kilom\u00e9terre \u00e9szakra tal\u00e1lhat\u00f3; 2017-ben t\u00f6bb mint 12,8 milli\u00f3 utast szolg\u00e1lt ki, ezzel Rom\u00e1nia legforgalmasabb rep\u00fcl\u0151tere. A v\u00e1ros hat\u00e1rain bel\u00fcl, nyolc kilom\u00e9terre \u00e9szakra tal\u00e1lhat\u00f3 Aurel Vlaicu Nemzetk\u00f6zi Rep\u00fcl\u0151t\u00e9r (BBU) vezet\u0151i \u00e9s charterj\u00e1ratokat szolg\u00e1l ki.<\/p>\n<p>K\u00f6z\u00faton Bukarest a nemzeti h\u00e1l\u00f3zat, valamint a IV. \u00e9s IX. p\u00e1neur\u00f3pai folyos\u00f3k kulcsfontoss\u00e1g\u00fa art\u00e9ri\u00e1inak k\u00f6zpontja. A f\u0151bb aut\u00f3p\u00e1ly\u00e1k \u2013 az A1-es Pite\u0219tiig (amely Magyarorsz\u00e1g fel\u00e9 folytat\u00f3dik), az A2-es Nap-aut\u00f3p\u00e1lya Konstanc\u00e1ig \u00e9s az A3-as Ploie\u0219tiig \u2013 innen erednek. Az aut\u00f3p\u00e1ly\u00e1n a t\u00e1vols\u00e1gok k\u00f6z\u00e9 tartozik 183 kilom\u00e9ter Brass\u00f3ig, 203 kilom\u00e9ter Konstanc\u00e1ig, 408-as J\u00e1szv\u00e1s\u00e1rig, 451-es Kolozsv\u00e1rig \u00e9s 544-es Temesv\u00e1rig. A bels\u0151 \u00e9s k\u00fcls\u0151 k\u00f6rgy\u0171r\u0171k gy\u0171r\u0171s k\u00f6rutak h\u00e1l\u00f3zat\u00e1t eg\u00e9sz\u00edtik ki. A cs\u00facsforgalmi torl\u00f3d\u00e1sok tov\u00e1bbra is fenn\u00e1llnak, ami a g\u00e9pkocsi-tulajdonl\u00e1s n\u00f6veked\u00e9s\u00e9nek tudhat\u00f3 be \u2013 2013-ig 1,13 milli\u00f3 j\u00e1rm\u0171vet regisztr\u00e1ltak \u2013, b\u00e1r a szisztematikus \u00fatfel\u00faj\u00edt\u00e1sok sz\u00e1mos leromlott \u00e1tj\u00e1r\u00f3 probl\u00e9m\u00e1j\u00e1t megoldott\u00e1k. A rendsz\u00e1mt\u00e1bl\u00e1k 2010-ben h\u00e1romjegy\u0171 form\u00e1tumot vezettek be a forgalom kezel\u00e9se \u00e9rdek\u00e9ben. 2011. j\u00fanius 17-\u00e9n megny\u00edlt a Basarab fel\u00fclj\u00e1r\u00f3 \u2013 Rom\u00e1nia leghosszabb \u00e9s a kontinens legsz\u00e9lesebb ferdek\u00e1beles h\u00eddja \u2013, jelent\u0151sen jav\u00edtva a forgalom \u00e1raml\u00e1s\u00e1t a Grant h\u00edd \u00e9s az \u00c9szaki p\u00e1lyaudvar k\u00f6zel\u00e9ben.<\/p>\n<p>Bukarest kultur\u00e1lis \u00e9lete az ut\u00f3bbi \u00e9vekben fellend\u00fclt a vizu\u00e1lis m\u0171v\u00e9szetek, az el\u0151ad\u00f3m\u0171v\u00e9szetek \u00e9s az \u00e9jszakai \u00e9let ter\u00e9n. M\u00e1s rom\u00e1n r\u00e9gi\u00f3kkal ellent\u00e9tben a v\u00e1ros kreat\u00edv mili\u0151je nem rendelkezik egys\u00e9ges karakterrel, ehelyett a helyi hagyom\u00e1nyokat a glob\u00e1lis hat\u00e1sokkal szintetiz\u00e1lja. A gal\u00e9ri\u00e1k, koncerttermek, sz\u00ednh\u00e1zak \u00e9s klubok burj\u00e1nzanak, amelyek a lakosok \u00e9s a l\u00e1togat\u00f3k sz\u00e9les k\u00f6r\u00e9t vonzz\u00e1k.<\/p>\n<p>Bukarest sz\u00e1mos nevezetess\u00e9g\u00e9t monument\u00e1lis \u00e9p\u00edt\u00e9szet jellemzi. A Parlament Palot\u00e1ja, amelyet az 1980-as \u00e9vekben Ceau\u0219escu rezsimje alatt emeltek, a vil\u00e1g legnagyobb parlamenti \u00e9p\u00fclete; hatalmas t\u00f6megeiben mindk\u00e9t t\u00f6rv\u00e9nyhoz\u00f3 h\u00e1z \u00e9s a Kort\u00e1rs M\u0171v\u00e9szetek Nemzeti M\u00fazeuma \u00fcl\u00e9stermei, valamint a vil\u00e1g egyik legnagyobb kongresszusi k\u00f6zpontja tal\u00e1lhat\u00f3. A jelenlegi form\u00e1j\u00e1ban 1935-ben fel\u00e9p\u00edtett, a p\u00e1rizsi Diadal\u00edv mint\u00e1j\u00e1ra \u00e9p\u00fclt Diadal\u00edv Rom\u00e1nia katonai eredm\u00e9nyeinek \u00e1ll\u00edt eml\u00e9ket. Az \u00dajj\u00e1sz\u00fclet\u00e9s Eml\u00e9km\u0171ve \u2013 egy csiszolt m\u00e1rv\u00e1ny obeliszk, amelyet 2005-ben lepleztek le az 1989-es forradalom \u00e1ldozatainak tisztelet\u00e9re \u2013 nyilv\u00e1nos vit\u00e1t v\u00e1ltott ki absztrakt form\u00e1j\u00e1r\u00f3l \u00e9s politikai jelent\u00e9s\u00e9r\u0151l.<\/p>\n<p>Az 1886 \u00e9s 1888 k\u00f6z\u00f6tt k\u00f6zadakoz\u00e1sb\u00f3l \u00e9p\u00fclt Rom\u00e1n Athenaeum a nemzeti kult\u00fara jelk\u00e9pe, \u00e9s az Eur\u00f3pai \u00d6r\u00f6ks\u00e9g c\u00edmet viseli. Az InterContinental Bucharest, egy \u00f6tcsillagos toronyh\u00e1z az Egyetem t\u00e9r k\u00f6zel\u00e9ben, panor\u00e1m\u00e1s kil\u00e1t\u00e1st ny\u00fajt minden egyedileg kialak\u00edtott vend\u00e9gszob\u00e1b\u00f3l. A Casa Sc\u00e2nteii \u2013 amely 1957-ben k\u00e9sz\u00fclt el, \u00e9s a Moszkvai \u00c1llami Egyetem mint\u00e1j\u00e1ra \u00e9p\u00fclt \u2013 egykor a Kommunista P\u00e1rt hivatalos sajt\u00f3org\u00e1numainak adott otthont; homlokzata a v\u00e1ros egyetlen \u00e9p\u00fclete, amelynek d\u00edsz\u00edt\u00e9s\u00e9n sarl\u00f3-kalap\u00e1cs mot\u00edvumok l\u00e1that\u00f3k.<\/p>\n<p>M\u00fazeumi int\u00e9zm\u00e9nyek b\u0151velkednek a v\u00e1rosban: a Nemzeti M\u0171v\u00e9szeti M\u00fazeum, a Grigore Antipa Nemzeti Term\u00e9szettudom\u00e1nyi M\u00fazeum, a Rom\u00e1n Parasztm\u00fazeum, a Nemzeti T\u00f6rt\u00e9neti M\u00fazeum \u00e9s a Hadt\u00f6rt\u00e9neti M\u00fazeum egy\u00fcttesen \u0151rzi \u00e9s mutatja be Rom\u00e1nia \u00f6r\u00f6ks\u00e9g\u00e9t. Maga a v\u00e1rosk\u00f6zpont k\u00f6z\u00e9pkori maradv\u00e1nyok, neoklasszicista palot\u00e1k, art deco \u00e9p\u00fcletek, szecesszi\u00f3s vill\u00e1k \u00e9s a huszadik sz\u00e1zad eleji neorom\u00e1n protot\u00edpusok palimpszesztje, amelyeket a kommunista korszak haszonelv\u0171 lak\u00f3parkjai \u00e9s a kort\u00e1rs felh\u0151karcol\u00f3k sz\u00e9tsz\u00f3r\u00e1sa tark\u00edt.<\/p>\n<p>A huszonegyedik sz\u00e1zad els\u0151 negyed\u00e9ben Bukarestet \u00e1talak\u00edtott\u00e1k az Eur\u00f3pai Uni\u00f3 t\u00e1mogat\u00e1sai \u00e9s a hazai beruh\u00e1z\u00e1sok. A meg\u00fajult \u00f3v\u00e1ros fel\u00faj\u00edtott homlokzatokat \u00e9s \u00e1talak\u00edtott bels\u0151 tereket mutat, m\u00edg az infrastruktur\u00e1lis beruh\u00e1z\u00e1sok \u2013 k\u00f6zt\u00fck a hatalmas Basarab fel\u00fclj\u00e1r\u00f3 \u2013 a v\u00e1ros fejl\u0151d\u0151 k\u00f6rvonalait k\u00f6vetik. Amit egykor \u201eKis P\u00e1rizsk\u00e9nt\u201d \u00fcnnepeltek, ma dinamikus kontrasztok metropoliszak\u00e9nt bontakozik ki: a t\u00f6rt\u00e9nelem, a modernit\u00e1s \u00e9s a kett\u0151 k\u00f6z\u00f6tti \u00e1lland\u00f3 k\u00f6lcs\u00f6nhat\u00e1s \u00e9l\u0151 kr\u00f3nik\u00e1jak\u00e9nt. T\u00f6rt\u00e9nelmi utc\u00e1in, parkjain \u00e9s f\u0151\u00fatjain Bukarest tov\u00e1bbra is igazolja szerep\u00e9t, mint vibr\u00e1l\u00f3 f\u0151v\u00e1ros a m\u00falt \u00e9s a j\u00f6v\u0151 metsz\u00e9spontj\u00e1ban.<\/p>","protected":false},"excerpt":{"rendered":"<p>Bukarest, Rom\u00e1nia f\u0151v\u00e1rosa \u00e9s legnagyobb v\u00e1rosa vir\u00e1gz\u00f3 metropolisz, becsl\u00e9sek szerint 1,76 milli\u00f3 ember \u00e9l hat\u00e1rain bel\u00fcl. A D\u00e2mbovi\u021ba foly\u00f3 partj\u00e1n, Rom\u00e1nia d\u00e9lkeleti r\u00e9sz\u00e9n tal\u00e1lhat\u00f3 ez az energikus v\u00e1rosi csom\u00f3pont egy nagyobb, mintegy 2,3 milli\u00f3 lakos\u00fa nagyv\u00e1ros k\u00f6zpontja. Ezzel a kiemelked\u0151 n\u00e9pess\u00e9ggel Bukarest az Eur\u00f3pai Uni\u00f3 nyolcadik legn\u00e9pesebb v\u00e1rosa, ezzel is kiemelve jelent\u0151s\u00e9g\u00e9t a kontinent\u00e1lis sz\u00ednt\u00e9ren.<\/p>","protected":false},"author":1,"featured_media":3400,"parent":11908,"menu_order":0,"comment_status":"closed","ping_status":"closed","template":"elementor_theme","meta":{"_eb_attr":"","footnotes":""},"class_list":["post-11967","page","type-page","status-publish","has-post-thumbnail"],"_links":{"self":[{"href":"https:\/\/travelshelper.com\/hu\/wp-json\/wp\/v2\/pages\/11967","targetHints":{"allow":["GET"]}}],"collection":[{"href":"https:\/\/travelshelper.com\/hu\/wp-json\/wp\/v2\/pages"}],"about":[{"href":"https:\/\/travelshelper.com\/hu\/wp-json\/wp\/v2\/types\/page"}],"author":[{"embeddable":true,"href":"https:\/\/travelshelper.com\/hu\/wp-json\/wp\/v2\/users\/1"}],"replies":[{"embeddable":true,"href":"https:\/\/travelshelper.com\/hu\/wp-json\/wp\/v2\/comments?post=11967"}],"version-history":[{"count":0,"href":"https:\/\/travelshelper.com\/hu\/wp-json\/wp\/v2\/pages\/11967\/revisions"}],"up":[{"embeddable":true,"href":"https:\/\/travelshelper.com\/hu\/wp-json\/wp\/v2\/pages\/11908"}],"wp:featuredmedia":[{"embeddable":true,"href":"https:\/\/travelshelper.com\/hu\/wp-json\/wp\/v2\/media\/3400"}],"wp:attachment":[{"href":"https:\/\/travelshelper.com\/hu\/wp-json\/wp\/v2\/media?parent=11967"}],"curies":[{"name":"wp","href":"https:\/\/api.w.org\/{rel}","templated":true}]}}