{"id":11958,"date":"2024-09-14T22:28:15","date_gmt":"2024-09-14T22:28:15","guid":{"rendered":"https:\/\/travelshelper.com\/staging\/?page_id=11958"},"modified":"2026-03-12T21:19:12","modified_gmt":"2026-03-12T21:19:12","slug":"konstanca","status":"publish","type":"page","link":"https:\/\/travelshelper.com\/hu\/destinations\/europe\/romania\/constanta\/","title":{"rendered":"Konstanca"},"content":{"rendered":"<p>Konstanca, a Fekete-tenger nyugati partj\u00e1n fekv\u0151 Rom\u00e1nia d\u00e9lkeleti r\u00e9sz\u00e9n, az orsz\u00e1g f\u0151 tengeri kapuja \u00e9s negyedik legn\u00e9pesebb v\u00e1rosa. A v\u00e1rosi magj\u00e1t\u00f3l sz\u00e1m\u00edtott tizenn\u00e9gy m\u00e9rf\u00f6ldes k\u00f6rzetben tizenn\u00e9gy telep\u00fcl\u00e9st mag\u00e1ban foglal\u00f3 nagyv\u00e1rosi ter\u00fclet mintegy 263 688 lakost l\u00e1t el a v\u00e1ros hat\u00e1rain bel\u00fcl, \u00e9s k\u00f6zel 426 000 embert a t\u00e1gabb agglomer\u00e1ci\u00f3j\u00e1ban. Az i. e. 600 k\u00f6r\u00fcl, az \u0151si Dobrudzsa r\u00e9gi\u00f3ban alap\u00edtott v\u00e1ros Rom\u00e1nia partvid\u00e9k\u00e9nek legr\u00e9gebbi folyamatosan lakott v\u00e1rosa. T\u00f6bb mint tizen\u00f6t n\u00e9gyzetm\u00e9rf\u00f6ldes \u00e9s k\u00f6zel tizenkilenc m\u00e9rf\u00f6ldes partszakasszal rendelkez\u0151 kik\u00f6t\u0151j\u00e9vel Konstanca egyens\u00falyt teremt a k\u00f6zponti kereskedelmi k\u00f6zpont szerepe \u00e9s a tizenh\u00e1rom kilom\u00e9ter hossz\u00fa strandszakasz, valamint a modern Mamaia negyed \u00e1ltal meghat\u00e1rozott \u00fcd\u00fcl\u0151hely szerepe k\u00f6z\u00f6tt.<\/p>\n<p>Att\u00f3l a pillanatt\u00f3l kezdve, hogy eredet\u00e9t Tomis g\u00f6r\u00f6g telep\u00fcl\u00e9sk\u00e9nt tekintj\u00fck, Konstanca jellege a t\u00f6rt\u00e9nelmi r\u00e9tegz\u0151d\u00e9s r\u00e9tegein kereszt\u00fcl bontakozik ki. Legkor\u00e1bbi lak\u00f3i gabon\u00e1t \u00e9s hallal kereskedtek a sz\u00e1razf\u00f6ldi k\u00f6z\u00f6ss\u00e9gekkel, kialak\u00edtva a ma is fennmaradt tengeri identit\u00e1st. A nevet k\u00e9s\u0151bb Nagy Konstantin cs\u00e1sz\u00e1r unokah\u00fag\u00e1nak, Konstantin\u00e1nak a tisztelet\u00e9re adt\u00e1k, de a birodalmak keresztez\u0151d\u00e9s\u00e9ben bet\u00f6lt\u00f6tt szerepe \u00e9vsz\u00e1zadokkal megel\u0151zte ezt az ad\u00f3t. A r\u00f3mai uralom alatt a v\u00e1ros \u2013 amely akkoriban Moesi\u00e1hoz tartozott \u2013 v\u00edzvezet\u00e9kek \u00e9s nyilv\u00e1nos f\u00fcrd\u0151k h\u00e1l\u00f3zat\u00e1ba integr\u00e1l\u00f3dott. V\u00e1rosrendez\u00e9si nyomai a R\u00e9g\u00e9szeti Parkban felt\u00e1rt mozaikpadl\u00f3kban \u00e9s amfor\u00e1kkal teli alapokban maradtak fenn, amelyek 3. \u00e9s 4. sz\u00e1zadi \u00e9p\u00fcletek t\u00f6red\u00e9kei, \u00e9s utalnak arra az adminisztrat\u00edv \u00e9s kereskedelmi idegk\u00f6zpontra, amely egykor az akropoliszt az alatta elter\u00fcl\u0151 kik\u00f6t\u0151vel k\u00f6t\u00f6tte \u00f6ssze.<\/p>\n<p>A biz\u00e1nci \u00e9s bolg\u00e1r uralom finomabb nyomokat hagyott a v\u00e1ros k\u0151zet\u00e9n, m\u00e9gis az oszm\u00e1n korszak felt\u0171n\u0151bb eml\u00e9km\u0171veket form\u00e1lt. Az 1869-ben Abdulaziz szult\u00e1n parancs\u00e1ra elk\u00e9sz\u00fclt H\u00fcnkar-mecset tan\u00faskodik a kr\u00edmi tat\u00e1r sz\u00e1m\u0171z\u00f6tt k\u00f6z\u00f6ss\u00e9gr\u0151l, akik ezeken a partokon kerestek mened\u00e9ket. Karcs\u00fa minaretj\u00e9t \u00e9s d\u00edszes bels\u0151 ter\u00e9t a 20. sz\u00e1zad k\u00f6zep\u00e9n restaur\u00e1lt\u00e1k, lehet\u0151v\u00e9 t\u00e9ve a h\u00edv\u0151k sz\u00e1m\u00e1ra, hogy a sz\u00e1m\u0171zet\u00e9st \u00e9s a birodalmat is t\u00fal\u00e9l\u0151 hagyom\u00e1nyokat gyakorolj\u00e1k. Egy gener\u00e1ci\u00f3val k\u00e9s\u0151bb I. K\u00e1roly kir\u00e1ly megrendelte a konstancai nagymecsetet, amely a biz\u00e1nci boltozatot rom\u00e1n szobr\u00e1szati \u200b\u200br\u00e9szletekkel \u00f6tv\u00f6zi. Az imaterem k\u00f6zponti eleme egy Herek\u00e9ben sz\u0151tt monument\u00e1lis t\u00f6r\u00f6k \u200b\u200bsz\u0151nyeg, amely t\u00f6bb mint 450 kilogrammot nyom, m\u00edg a minaret \u00f6tven m\u00e9terrel a rakpart f\u00f6l\u00e9 magasodik, \u00e9ber kil\u00e1t\u00e1st ny\u00fajtva a kik\u00f6t\u0151re, ahol a rom\u00e1n fekete-tengeri haj\u00f3raj horgonyoz.<\/p>\n<p>1878-ban, az orosz-t\u00f6r\u00f6k \u200b\u200bh\u00e1bor\u00fa befejez\u0151d\u00e9s\u00e9t k\u00f6vet\u0151en Konstanc\u00e1t \u00e1tengedt\u00e9k Rom\u00e1ni\u00e1nak. Abban az id\u0151ben kevesebb mint 6000 ember \u00e9lt a falai k\u00f6z\u00f6tt. Az ezt k\u00f6vet\u0151 \u00e9vsz\u00e1zad sor\u00e1n a v\u00e1ros dr\u00e1maian megn\u0151tt: lakoss\u00e1ga 1930-ra k\u00f6zel 60 000-re n\u0151tt, \u00e9s 1992-ben tet\u0151z\u00f6tt 350 000 felett, miel\u0151tt a legut\u00f3bbi n\u00e9psz\u00e1ml\u00e1l\u00e1s szerint negyedmilli\u00f3 k\u00f6r\u00fcl stabiliz\u00e1l\u00f3dott volna. A 20. sz\u00e1zad elej\u00e9n a rom\u00e1n etnikai csoportok t\u00f6bbs\u00e9gbe ker\u00fcltek, m\u00e9gis a v\u00e1rosban a t\u00f6r\u00f6k \u200b\u200b\u00e9s roma kisebbs\u00e9gek mellett tat\u00e1rok \u00e9s g\u00f6r\u00f6g\u00f6k is \u00e9lnek, \u00e9s mindegyik csoport hozz\u00e1j\u00e1rul a multikultur\u00e1lis \u00f6r\u00f6ks\u00e9ghez, amely a r\u00f3mai mozaikokt\u00f3l az oszm\u00e1n minaretekig terjed.<\/p>\n<p>A konstanciai kik\u00f6t\u0151 a v\u00e1ros gazdas\u00e1gi \u00e9ltet\u0151erej\u00e9t \u00e9s strat\u00e9giai el\u0151ny\u00e9t is jelenti. 39,26 km\u00b2-es ter\u00fclet\u00e9vel a Fekete-tenger legnagyobb kereskedelmi kik\u00f6t\u0151je, \u00e9s Eur\u00f3pa legjelent\u0151sebb tengeri l\u00e9tes\u00edtm\u00e9nyei k\u00f6z\u00e9 tartozik. \u00c9szaki \u00e9s d\u00e9li medenc\u00e9it hull\u00e1mt\u00f6r\u0151k v\u00e9dik, amelyek elterelik az \u00e9szaki sz\u00e9ll\u00f6k\u00e9seket, b\u00e1r a d\u00e9li viharok vesz\u00e9lyess\u00e9 tehetik a vizet a be- vagy indul\u00f3 haj\u00f3k sz\u00e1m\u00e1ra. A Duna\u2013Fekete-tenger-csatorna itt fut \u00f6ssze, egyszer\u0171s\u00edtve a gabona, az olaj, a sz\u00e9n \u00e9s a g\u00e9pek \u00e1raml\u00e1s\u00e1t Eur\u00f3pa sz\u00edve \u00e9s a ny\u00edlt tenger k\u00f6z\u00f6tt. Vas\u00fati \u00e9s k\u00f6z\u00fati f\u0151utak eg\u00e9sz\u00edtik ki ezt az \u00f6sszek\u00f6ttet\u00e9st: az A2-es aut\u00f3p\u00e1lya, m\u00e1s n\u00e9ven a Nap aut\u00f3p\u00e1ly\u00e1ja, nyugat fel\u00e9 Bukarestig h\u00f6mp\u00f6ly\u00f6g, m\u00edg az A4-es k\u00f6rgy\u0171r\u0171 a nagy forgalmat a v\u00e1rosk\u00f6zpont k\u00f6r\u00fcl tereli el.<\/p>\n<p>Ipari jelent\u0151s\u00e9ge ellen\u00e9re Konstanca r\u00e9g\u00f3ta a szabadid\u0151 k\u00f6zpontja is. A 20. sz\u00e1zad elej\u00e9re I. K\u00e1roly p\u00e1rtfog\u00e1sa a tengerparti s\u00e9t\u00e1nyokat \u00e9s az \u00e1sv\u00e1nyv\u00edzforr\u00e1sokat \u00faj \u00fcd\u00fcl\u0151helyekk\u00e9 alak\u00edtotta. Ma Mamaia modern form\u00e1ban testes\u00edti meg ezt a v\u00edzi\u00f3t: sz\u00e1llod\u00e1k, k\u00e1v\u00e9z\u00f3k \u00e9s klubok eleg\u00e1ns szalagja egy keskeny homokpadon, nyugodt v\u00edzzel szeg\u00e9lyezve, a tengeri szell\u0151 friss\u00edti fel. K\u00e9s\u0151 tavasz \u00e9s kora \u0151sz k\u00f6z\u00f6tt a lakoss\u00e1g sz\u00e1ma n\u00f6vekszik, ahogy a turist\u00e1k \u00e9s az id\u00e9nymunk\u00e1sok \u00f6sszegy\u0171lnek; a f\u0151szezonban naponta mintegy 120 000 l\u00e1togat\u00f3 haladhat \u00e1t. A t\u00f6megk\u00f6zleked\u00e9s \u2013 bele\u00e9rtve tizenkilenc eg\u00e9sz \u00e9vben k\u00f6zleked\u0151 buszj\u00e1ratot, szezon\u00e1lis emeletes buszj\u00e1ratokat, Wi-Fi-vel felszerelt j\u00e1rm\u0171veket \u00e9s leg\u00fajabban az elektromos buszokat \u2013 biztos\u00edtja, hogy a v\u00e1rosi mobilit\u00e1s mind a lakosok, mind az \u00e9rkez\u0151k ig\u00e9nyeit kiel\u00e9g\u00edtse.<\/p>\n<p>Konstanca \u00e9p\u00edt\u00e9szeti \u00f6r\u00f6ks\u00e9ge a v\u00e1ros k\u00fcl\u00f6nb\u00f6z\u0151 helysz\u00ednein bontakozik ki. Ovidius tere tiszteleg a r\u00f3mai k\u00f6lt\u0151 el\u0151tt, akit Kr. u. 8-ban ide sz\u00e1m\u0171ztek. Ettore Ferrari 1887-ben fel\u00e1ll\u00edtott, majd a h\u00e1bor\u00fas elt\u00e1vol\u00edt\u00e1s ut\u00e1n \u00fajj\u00e1\u00e9p\u00edtett bronzszobra az egykori V\u00e1rosh\u00e1za, a ma Nemzeti T\u00f6rt\u00e9neti \u00e9s R\u00e9g\u00e9szeti M\u00fazeum el\u0151tt \u00e1ll. Bent a l\u00e1togat\u00f3k \u00e9vezredeket fel\u00f6lel\u0151 t\u00e1rgyakkal tal\u00e1lkozhatnak: a m\u00e1rv\u00e1nyt\u00f6red\u00e9kekt\u0151l a biz\u00e1nci ikonokig. A k\u00f6zelben tal\u00e1lhat\u00f3 a mintegy 850 m\u00b2-es r\u00f3mai \u00e9p\u00edtm\u00e9ny mozaikokkal, mozaikpadl\u00f3i azokra az \u00fczletekre, rakt\u00e1rakra \u00e9s nyilv\u00e1nos f\u00fcrd\u0151kre utalnak, amelyek egykor a v\u00e1ros kereskedelmi k\u00f6zpontj\u00e1t alkott\u00e1k. Egy szomsz\u00e9dos, a 6. sz\u00e1zadb\u00f3l sz\u00e1rmaz\u00f3 torony ritka f\u00fcgg\u0151leges betekint\u00e9st ny\u00fajt a k\u00f6z\u00e9pkori v\u00e9delmi strat\u00e9gi\u00e1kba.<\/p>\n<p>F\u00e9l \u00e9vsz\u00e1zaddal ezel\u0151tt a tengerparton emelkedett a Kaszin\u00f3, a Belle \u00c9poque eleganci\u00e1j\u00e1nak szimb\u00f3lumak\u00e9nt. Az 1910-ben I. K\u00e1roly megb\u00edz\u00e1s\u00e1b\u00f3l Daniel Renard \u00e9s Petre Antonescu \u00e1ltal tervezett, kanyarg\u00f3s szecesszi\u00f3s homlokzata a hull\u00e1mok fel\u00e9 tekint, mik\u00f6zben maga az \u00e9p\u00fclet az egym\u00e1st k\u00f6vet\u0151 korm\u00e1nyok alatt romoss\u00e1 v\u00e1lt. 2021-ben \u00e1tfog\u00f3 restaur\u00e1ci\u00f3s projekt kezd\u0151d\u00f6tt, amely a meg\u00fajult polg\u00e1ri b\u00fcszkes\u00e9get t\u00fckr\u00f6zi egy olyan \u00e9p\u00fclet ir\u00e1nt, amely egykor Eur\u00f3pa divatos oszt\u00e1lyait fogadta. A k\u00f6zelben tal\u00e1lhat\u00f3 az Oroszl\u00e1nos H\u00e1z, amely egykor bens\u0151s\u00e9gesebb neorom\u00e1n egy\u00fcttest mutat be. N\u00e9gy szobr\u00e1szati \u200b\u200boroszl\u00e1nja \u0151rzi azt a homlokzatot, amely egykor a konstancai szabadk\u0151m\u0171ves p\u00e1holynak adott otthont, k\u0151b\u0151l k\u00e9sz\u00fclt tekintet\u00fck a v\u00e1ros kozmopolita h\u00e1l\u00f3zat\u00e1ra eml\u00e9kezteti a j\u00e1r\u00f3kel\u0151ket.<\/p>\n<p>Konstanca kultur\u00e1lis \u00e9lete hasonl\u00f3k\u00e9ppen l\u00e1tnok szem\u00e9lyis\u00e9gek lenyomat\u00e1t viselte mag\u00e1n. Az 1957-ben alap\u00edtott Dobrudzsai Zenei Sz\u00ednh\u00e1z operai \u00e9s dr\u00e1mai produkci\u00f3kat k\u00edn\u00e1lt egy olyan int\u00e9zm\u00e9nyben, amelyet k\u00e9s\u0151bb els\u0151 balettmester\u00e9r\u0151l, Oleg Danovskir\u00f3l neveztek el. Ir\u00e1ny\u00edt\u00e1sa alatt a kort\u00e1rs egy\u00fcttes 1996-ban bek\u00f6vetkezett hal\u00e1l\u00e1ig vir\u00e1gzott. B\u00e1r a sz\u00ednh\u00e1z 2004-ben bez\u00e1rt, \u00f6r\u00f6ks\u00e9ge tov\u00e1bb \u00e9l az \u00e9venk\u00e9nti fesztiv\u00e1lokon \u00e9s v\u00e1ndort\u00e1rsulatokban, amelyek felid\u00e9zik sz\u00e1zadk\u00f6zepi vitalit\u00e1s\u00e1t. Hasonl\u00f3k\u00e9ppen, a Fantasio Sz\u00ednh\u00e1z \u2013 eredetileg Tranulis g\u00f6r\u00f6g j\u00f3tev\u0151je ut\u00e1n \u2013 az 1920-as \u00e9vekben ny\u00edlt meg \u00fajra, neoklasszicista oszlopcsarnoka a Ferdinand k\u00f6r\u00fat modern art\u00e9ri\u00e1i k\u00f6z\u00f6tt \u00e1ll.<\/p>\n<p>A m\u00fazeumok k\u00fcl\u00f6n\u00f6s jelent\u0151s\u00e9ggel b\u00edrnak Konstanc\u00e1ban, ahol a t\u00f6rt\u00e9nelem \u00e9s a term\u00e9szet tal\u00e1lkozik. A Rom\u00e1n Haditenger\u00e9szeti M\u00fazeum a nemzet tengeri er\u0151inek fejl\u0151d\u00e9s\u00e9t k\u00f6veti nyomon, a vitorl\u00e1s korvettekt\u0151l a modern fregattokig, ki\u00e1ll\u00edt\u00e1sait 1969. augusztus 3-\u00e1n avatt\u00e1k fel. A haj\u00f3modellek, horgonyok \u00e9s egyenruh\u00e1k kronol\u00f3giai ki\u00e1ll\u00edt\u00e1sai kontextust ny\u00fajtanak a part menti haditenger\u00e9szeti jelenl\u00e9tnek. Egy r\u00f6vid s\u00e9ta eljuttatja a l\u00e1togat\u00f3kat a Term\u00e9szettudom\u00e1nyi M\u00fazeum Komplexumba, egy \u00e1llatkerti egy\u00fcttesbe, amelynek delfin\u00e1riuma naponta ad el\u0151ad\u00e1sokat, m\u00edg a mad\u00e1rh\u00e1zak egzotikus madarakkal vannak tele. Egy mikro-delta ki\u00e1ll\u00edt\u00e1s a Duna-delta bonyolult vizes \u00e9l\u0151helyeit id\u00e9zi fel, a szomsz\u00e9dos planet\u00e1rium pedig asztr\u00e1lis panor\u00e1m\u00e1kat vet\u00edt, amelyek a part menti vizeket az \u00e9gi birodalommal k\u00f6tik \u00f6ssze.<\/p>\n<p>Konstanca \u00e9ghajlata kett\u0151s jelleg\u00e9t t\u00fckr\u00f6zi: kik\u00f6t\u0151 \u00e9s \u00fcd\u00fcl\u0151hely is egyben. A p\u00e1r\u00e1s szubtr\u00f3pusi nyarak j\u00fanius elej\u00e9t\u0151l szeptember k\u00f6zep\u00e9ig tartanak, a j\u00faliusi \u00e9s augusztusi \u00e1tlagh\u0151m\u00e9rs\u00e9klet pedig 23 \u00b0C k\u00f6r\u00fcl alakul. A nappali szell\u0151 m\u00e9rs\u00e9kli a h\u0151s\u00e9get, mik\u00f6zben az est\u00e9k meg\u0151rzik a tenger \u00e1ltal t\u00e1rolt meleget. Az \u0151sz, amely szeptember v\u00e9g\u00e9n kezd\u0151dhet, tiszta eget \u00e9s m\u00e9rs\u00e9kelt napokat hoz, m\u00edg a t\u00e9l k\u00e9s\u0151bb \u00e9rkezik, mint a sz\u00e1razf\u00f6ldi ter\u00fcleteken. A janu\u00e1ri \u00e1tlagh\u0151m\u00e9rs\u00e9klet 1 \u00b0C k\u00f6r\u00fcl mozog, a r\u00f6vid havaz\u00e1sokat enyhe id\u0151szakok ellens\u00falyozz\u00e1k, amikor a h\u0151m\u00e9rs\u00e9klet 8 \u00b0C f\u00f6l\u00e9 emelkedik. A december \u00e9s m\u00e1rcius k\u00f6z\u00f6tti viharok sz\u00e9lny\u00edrta tengert eredm\u00e9nyezhetnek, ami eml\u00e9keztet a v\u00e1ros identit\u00e1s\u00e1t megalapoz\u00f3 tengeri szellemre. Tavasszal a partvid\u00e9k gyakran h\u0171v\u00f6sebb marad, mint a bels\u0151 ter\u00fcletek, mivel a sz\u00fclet\u0151 meleg keveredik a hosszan tart\u00f3 tengeri \u00e1ramlatokkal.<\/p>\n<p>Az \u00e9ghajlati adatok a fokozatos felmeleged\u00e9s tendenci\u00e1j\u00e1t hangs\u00falyozz\u00e1k. 1889 \u00f3ta a f\u00e9lszigeten regisztr\u00e1lt h\u00e9t legmelegebb \u00e9v k\u00f6z\u00fcl n\u00e9gy az ezredfordul\u00f3 ut\u00e1nra esett. 2007-ben a t\u00e9l \u00e9s a ny\u00e1r rekord havi \u00e1tlagokat \u00e9rt el \u2013 janu\u00e1rban 6,5 \u00b0C-ot \u00e9s j\u00faniusban 23,0 \u00b0C-ot \u2013, m\u00edg az \u00e9v eg\u00e9sz\u00e9ben a megfigyel\u00e9sek t\u00f6bb mint egy \u00e9vsz\u00e1zada alatt a legmagasabb \u00e1tlagh\u0151m\u00e9rs\u00e9kletet produk\u00e1lta. Ezek az adatok Konstanc\u00e1t a Fekete-tenger r\u00e9gi\u00f3j\u00e1ban v\u00e9gigs\u00f6pr\u0151 k\u00f6rnyezeti v\u00e1ltoz\u00e1sok \u00e9lvonal\u00e1ba helyezik, alak\u00edtva a mez\u0151gazdas\u00e1gi ciklusokat \u00e9s a turisztikai mint\u00e1kat egyar\u00e1nt.<\/p>\n<p>Konstanca gazdas\u00e1gi narrat\u00edv\u00e1i egy szer\u00e9ny hal\u00e1szfalut\u00f3l az ipari \u00e9s kereskedelmi sarokk\u00f6vekig terjednek. 1878-ban a k\u00fclf\u00f6ldi megfigyel\u0151k \u201eszeg\u00e9nynek\u201d \u00e9s fejletlennek nevezt\u00e9k, 1920-ra azonban olaj- \u00e9s gabonaexportj\u00e1r\u00f3l volt h\u00edres. Napjainkban a 2008 els\u0151 fel\u00e9ben alap\u00edtott t\u00f6bb mint 3000 \u00faj v\u00e1llalat dinamikus \u00fczleti kl\u00edm\u00e1t jelez, amely csak Bukarest \u00e9s Kolozs megye ut\u00e1n a m\u00e1sodik helyen \u00e1ll. A haj\u00f3gy\u00e1rak a gabonat\u00e1rol\u00f3k mellett helyezkednek el, a logisztikai c\u00e9gek pedig a kik\u00f6t\u0151 \u00e1tereszt\u0151k\u00e9pess\u00e9g\u00e9t kihaszn\u00e1lva juttatj\u00e1k el az \u00e1rukat a kontinensen. Ezzel egyidej\u0171leg az Eur\u00f3pai Uni\u00f3 \u00e1ltal 2020-ban finansz\u00edrozott strandrehabilit\u00e1ci\u00f3s program hekt\u00e1rnyi partszakaszt rekultiv\u00e1lt, \u00e9vtizedek \u00f3ta tart\u00f3 ipari hat\u00e1sokat orvosolva \u00e9s meger\u0151s\u00edtve a v\u00e1ros rekre\u00e1ci\u00f3s dimenzi\u00f3j\u00e1t.<\/p>\n<p>Konstanca \u00f6sszek\u00f6ttet\u00e9sei t\u00falmutatnak a tengeri csatorn\u00e1kon. Az 1895-ben \u00e1tadott vas\u00fatvonal k\u00f6zvetlen kapcsolatot teremtett Rom\u00e1nia f\u0151v\u00e1ros\u00e1val, amely Cernavod\u0103n\u00e1l szeli \u00e1t a Dun\u00e1t, \u00e9s megk\u00f6nny\u00edti a gabona \u00e9s a k\u0151olaj kifel\u00e9 ir\u00e1nyul\u00f3 \u00e1raml\u00e1s\u00e1t. A k\u00f6z\u00fati kapcsolatok hasonl\u00f3 geometri\u00e1t k\u00f6vetnek: az A2-es aut\u00f3p\u00e1lya Bukarestbe \u00e9s az A4-es k\u00f6rgy\u0171r\u0171, amely megker\u00fcli a v\u00e1rosmagot. A l\u00e9gi k\u00f6zleked\u00e9s a Mihail Kog\u0103lniceanu nemzetk\u00f6zi rep\u00fcl\u0151t\u00e9ren kereszt\u00fcl \u00e9rkezik, m\u00edg a kik\u00f6t\u0151 hull\u00e1mt\u00f6r\u0151i biztos\u00edtj\u00e1k az \u00e1tj\u00e1r\u00f3kat a nemzetk\u00f6zi teherhaj\u00f3k \u00e9s hadihaj\u00f3k sz\u00e1m\u00e1ra. A j\u00f6v\u0151re n\u00e9zve a Rail-2-Sea kezdem\u00e9nyez\u00e9s c\u00e9lja, hogy Konstanc\u00e1t egy t\u00f6bb mint 2200 m\u00e9rf\u00f6ldes transznacion\u00e1lis vas\u00fati folyos\u00f3n kereszt\u00fcl k\u00f6sse \u00f6ssze Gda\u0144sk lengyelorsz\u00e1gi balti kik\u00f6t\u0151j\u00e9vel, meger\u0151s\u00edtve a v\u00e1ros poz\u00edci\u00f3j\u00e1t a kontinent\u00e1lis keresztez\u0151d\u00e9sben.<\/p>\n<p>A t\u00e1vols\u00e1gok is kiemelik strat\u00e9giai elhelyezked\u00e9s\u00e9t: Bukarest 228 km-re nyugatra, V\u00e1rna 153 km-re d\u00e9lre, Burgasz 265 km-re a partvonal ment\u00e9n, Edirne 453 km-re, Isztambul pedig 599 km-re fekszik a bolg\u00e1r hat\u00e1rt\u00f3l. Ezek az adatok Konstanc\u00e1t nemcsak Rom\u00e1nia legfontosabb fekete-tengeri kik\u00f6t\u0151jek\u00e9nt, hanem D\u00e9lkelet-Eur\u00f3pa szem\u00e9ly- \u00e9s \u00e1ruforgalm\u00e1nak csom\u00f3pontjak\u00e9nt is jel\u00f6lik.<\/p>\n<p>Ahogy a v\u00e1ros k\u00f6zeledik harmadik \u00e9vezred\u00e9nek megsz\u00e1ll\u00e1s\u00e1hoz, az \u00f3kor \u00e9s a modernit\u00e1s tal\u00e1lkoz\u00e1sa tov\u00e1bbra is meghat\u00e1roz\u00f3 mot\u00edvuma marad. Az \u00f3kori mozaikok p\u00e1rbesz\u00e9det folytatnak az elektromos buszokkal; az oszm\u00e1n minaretek szecesszi\u00f3s pavilonokkal osztoznak a l\u00e1tk\u00e9pen; az imah\u00edv\u00e1sok ritmusa visszhangzik a teherdaruk cs\u00f6r\u00f6mp\u00f6l\u00e9se k\u00f6zepette. H\u00e1bor\u00fak \u00e9s rezsimek, gazdas\u00e1gi ciklusok \u00e9s kultur\u00e1lis \u00e1ramlatok sor\u00e1n Konstanca meg\u0151rizte a meg\u00fajul\u00e1s k\u00e9pess\u00e9g\u00e9t. T\u00f6rt\u00e9nete sem monolitikus, sem statikus, hanem fokozatos gesztusokban bontakozik ki \u2013 helyre\u00e1ll\u00edtott k\u0151falak, meg\u00fajult strandok, fesztiv\u00e1lok \u00f6sszeh\u00edv\u00e1sa \u2013, amelyek tan\u00faskodnak egy egyszerre kik\u00f6t\u0151 \u00e9s v\u00e1ros tart\u00f3s vonzerej\u00e9r\u0151l.<\/p>\n<p>Az \u00f6r\u00f6ks\u00e9g \u00e9s a fejl\u0151d\u00e9s folyamatos egyens\u00falyoz\u00e1s\u00e1val Konstanca elm\u00e9lked\u00e9sre k\u00e9sztet a tenger \u00e9s a v\u00e1ros, a m\u00falt \u00e9s a jelen \u00f6sszefon\u00f3d\u00e1s\u00e1n. Rakpartjai olyan \u00e1rukat sz\u00e1ll\u00edtanak, amelyek fenntartj\u00e1k a hat\u00e1rain t\u00fali gazdas\u00e1gokat, mik\u00f6zben s\u00e9t\u00e1nyai Eur\u00f3pa minden t\u00e1j\u00e1r\u00f3l vonzz\u00e1k a l\u00e1togat\u00f3kat. Minden mozaikt\u00f6red\u00e9k alatt, minden mecsetben \u00e9s templomban ott lapul azoknak a lenyomata, akik macskak\u00f6ves utc\u00e1in j\u00e1rtak. Egyetlen eml\u00e9km\u0171 sem k\u00e9pes megtestes\u00edteni teljess\u00e9g\u00e9t, m\u00e9gis a v\u00e1ros \u00e1ll\u00f3k\u00e9pess\u00e9ge meger\u0151s\u00edti az alkalmazkod\u00e1s r\u00e9v\u00e9n kov\u00e1csolt koherenci\u00e1t. Konstanca az emberi telep\u00fcl\u00e9sek fennmarad\u00e1s\u00e1nak, fejl\u0151d\u00e9s\u00e9nek \u00e9s t\u00f6bb mint huszonhat \u00e9vsz\u00e1zadon \u00e1t tart\u00f3 l\u00e9tfontoss\u00e1g\u00fa k\u00fcsz\u00f6b\u00e9nek bizony\u00edt\u00e9ka.<\/p>","protected":false},"excerpt":{"rendered":"<p>A Rom\u00e1nia Fekete-tenger partj\u00e1n fekv\u0151 Konstanca az orsz\u00e1g negyedik legnagyobb v\u00e1rosa \u00e9s a r\u00e9gi\u00f3 els\u0151dleges kik\u00f6t\u0151je. Konstanca megye f\u0151v\u00e1rosak\u00e9nt \u00e9s Dobrudzsa t\u00f6rt\u00e9nelmi ter\u00fclet\u00e9n l\u00e9v\u0151 jelent\u0151s v\u00e1rosi k\u00f6zpontk\u00e9nt szolg\u00e1l, a 2021-es n\u00e9psz\u00e1ml\u00e1l\u00e1s szerint 263 688 lakossal. A v\u00e1ros strat\u00e9giai elhelyezked\u00e9se a k\u00f6zvetlen k\u00f6rnyezet\u00e9n t\u00falmutat\u00f3 hat\u00e1s\u00e1val jelent\u0151s kereskedelmi \u00e9s kultur\u00e1lis k\u00f6zpontt\u00e1 tette.<\/p>","protected":false},"author":1,"featured_media":4113,"parent":11908,"menu_order":0,"comment_status":"closed","ping_status":"closed","template":"elementor_theme","meta":{"_eb_attr":"","footnotes":""},"class_list":["post-11958","page","type-page","status-publish","has-post-thumbnail"],"_links":{"self":[{"href":"https:\/\/travelshelper.com\/hu\/wp-json\/wp\/v2\/pages\/11958","targetHints":{"allow":["GET"]}}],"collection":[{"href":"https:\/\/travelshelper.com\/hu\/wp-json\/wp\/v2\/pages"}],"about":[{"href":"https:\/\/travelshelper.com\/hu\/wp-json\/wp\/v2\/types\/page"}],"author":[{"embeddable":true,"href":"https:\/\/travelshelper.com\/hu\/wp-json\/wp\/v2\/users\/1"}],"replies":[{"embeddable":true,"href":"https:\/\/travelshelper.com\/hu\/wp-json\/wp\/v2\/comments?post=11958"}],"version-history":[{"count":0,"href":"https:\/\/travelshelper.com\/hu\/wp-json\/wp\/v2\/pages\/11958\/revisions"}],"up":[{"embeddable":true,"href":"https:\/\/travelshelper.com\/hu\/wp-json\/wp\/v2\/pages\/11908"}],"wp:featuredmedia":[{"embeddable":true,"href":"https:\/\/travelshelper.com\/hu\/wp-json\/wp\/v2\/media\/4113"}],"wp:attachment":[{"href":"https:\/\/travelshelper.com\/hu\/wp-json\/wp\/v2\/media?parent=11958"}],"curies":[{"name":"wp","href":"https:\/\/api.w.org\/{rel}","templated":true}]}}