{"id":11951,"date":"2024-09-14T21:29:10","date_gmt":"2024-09-14T21:29:10","guid":{"rendered":"https:\/\/travelshelper.com\/staging\/?page_id=11951"},"modified":"2026-03-12T20:59:26","modified_gmt":"2026-03-12T20:59:26","slug":"kolozsvar","status":"publish","type":"page","link":"https:\/\/travelshelper.com\/hu\/destinations\/europe\/romania\/cluj\/","title":{"rendered":"Kolozsv\u00e1r"},"content":{"rendered":"<p>Kolozsv\u00e1r, Rom\u00e1nia m\u00e1sodik legn\u00e9pesebb v\u00e1rosa, 286 598 lakosnak ad otthont 179,52 km\u00b2-es k\u00f6zigazgat\u00e1si hat\u00e1r\u00e1n bel\u00fcl. Rom\u00e1nia \u00e9szaknyugati r\u00e9sz\u00e9n, a Kis-Szamos foly\u00f3 v\u00f6lgy\u00e9ben tal\u00e1lhat\u00f3, szinte egyenl\u0151 t\u00e1vols\u00e1gra Bukarestt\u0151l (445 km), Budapestt\u0151l (461 km) \u00e9s Belgr\u00e1dt\u00f3l (483 km). Kolozs megye sz\u00e9khelyek\u00e9nt \u00e9s a t\u00f6rt\u00e9nelmi Erd\u00e9ly nem hivatalos f\u0151v\u00e1rosak\u00e9nt Kolozsv\u00e1r k\u00f6z\u00e9pkori \u00f6r\u00f6ks\u00e9g\u00e9t a huszonegyedik sz\u00e1zadi vitalit\u00e1ssal \u00f6tv\u00f6zi.<\/p>\n<p>Kolozsv\u00e1rt kezdett\u0151l fogva, r\u00f3mai telep\u00fcl\u00e9sk\u00e9nt, eg\u00e9szen az 1867-es kiegyez\u00e9s el\u0151tti Erd\u00e9lyi Nagyfejedelems\u00e9g f\u0151v\u00e1rosak\u00e9nt bet\u00f6lt\u00f6tt szerep\u00e9ig, egym\u00e1st k\u00f6vet\u0151 korm\u00e1nyzati \u00e9s identit\u00e1sbeli v\u00e1ltoz\u00e1sok form\u00e1lt\u00e1k. A k\u00f6z\u00e9pkori \u00e9vsz\u00e1zadok sor\u00e1n a Szent Mih\u00e1ly-templom a mai Unirii t\u00e9ren \u00e1ll\u00f3 polg\u00e1ri \u00e9let k\u00f6zpontja volt. G\u00f3tikus haj\u00f3ja a 14. sz\u00e1zad v\u00e9g\u00e9r\u0151l sz\u00e1rmazik, m\u00edg a 19. sz\u00e1zadban elk\u00e9sz\u00fclt neog\u00f3tikus torony Rom\u00e1nia legmagasabb templomtornya. Ugyanezen a t\u00e9ren \u00e1ll M\u00e1ty\u00e1s Hunyad lovas szobra, amely a helyben sz\u00fcletett magyar kir\u00e1lynak \u00e1ll\u00edt eml\u00e9ket, \u00e9s \u00f6sszekapcsolja a v\u00e1ros k\u00f6z\u00e9pkori \u00f6r\u00f6ks\u00e9g\u00e9t a modern hely\u00e9rz\u00e9kkel.<\/p>\n<p>Az els\u0151 vil\u00e1gh\u00e1bor\u00fat k\u00f6vet\u0151en a v\u00e1ros Nagy-Rom\u00e1ni\u00e1hoz val\u00f3 csatlakoz\u00e1sa a rom\u00e1n kultur\u00e1lis int\u00e9zm\u00e9nyek \u00fajj\u00e1\u00e9led\u00e9s\u00e9t id\u00e9zte el\u0151. Az 1933-ban elk\u00e9sz\u00fclt monument\u00e1lis ortodox sz\u00e9kesegyh\u00e1z az Avram Iancu t\u00e9ren \u00faj k\u00f6zpontt\u00e1 v\u00e1lt a v\u00e1ros rom\u00e1n k\u00f6z\u00f6ss\u00e9ge sz\u00e1m\u00e1ra, kieg\u00e9sz\u00edtve a kor\u00e1bbi Magyar Nemzeti Sz\u00ednh\u00e1zat. A szocialista id\u0151szakban az 1960-as \u00e9vek v\u00e9g\u00e9n gyors iparosod\u00e1s \u00e9s v\u00e1rosi terjeszked\u00e9s zajlott, m\u00edg az 1989 ut\u00e1ni \u00e9vtized gazdas\u00e1gi kih\u00edv\u00e1sokat \u00e9s demogr\u00e1fiai cs\u00f6kken\u00e9st hozott. Az 1990-es \u00e9vekben Gheorghe Funar \u00f6nkorm\u00e1nyzati vezet\u00e9se alatt bek\u00f6vetkezett hanyatl\u00e1s r\u00f6vid id\u0151re be\u00e1rny\u00e9kolta Kolozsv\u00e1r nemzetk\u00f6zi meg\u00edt\u00e9l\u00e9s\u00e9t, de a huszonegyedik sz\u00e1zad els\u0151 \u00e9vtizedei helyre\u00e1ll\u00edtott\u00e1k a v\u00e1ros h\u00edrnev\u00e9t, mint Rom\u00e1nia egyik legkiemelked\u0151bb tudom\u00e1nyos, kultur\u00e1lis \u00e9s \u00fczleti k\u00f6zpontja.<\/p>\n<p>F\u00f6ldrajzilag Kolozsv\u00e1r egy \u00e1tmeneti t\u00e1jat foglal mag\u00e1ban, hegyekkel, fenns\u00edkokkal \u00e9s s\u00edks\u00e1gokkal. Nyugaton az Erd\u00e9lyi-k\u00f6z\u00e9phegys\u00e9g emelkedik; keleten a Szamos-fenns\u00edk h\u00faz\u00f3dik; d\u00e9len pedig az Erd\u00e9lyi-s\u00edks\u00e1g bontakozik ki. A v\u00e1ros a Kis-Szamos \u00e9s mell\u00e9kfoly\u00f3i \u2013 N\u0103d\u0103\u0219el, Pope\u0219ti, Chintenilor \u00e9s m\u00e1sok \u2013 \u00f6sszefoly\u00e1s\u00e1b\u00f3l terjeszkedik ki, m\u00e1sodlagos v\u00f6lgyeken \u00e1t h\u00faz\u00f3dva, amelyek vizeiket a v\u00e1ros magj\u00e1t kijel\u00f6l\u0151 Morilor-csatorn\u00e1ba vezetik. A d\u00e9li ker\u00fcletek a Feleac-hegy fels\u0151 terasz\u00e1t foglalj\u00e1k el, amelyet 500\u2013700 m\u00e9teres tengerszint feletti magass\u00e1gok \u00f6veznek; \u00e9szakabbra a Kolozsv\u00e1ri-hegys\u00e9g keretezi a l\u00e1tk\u00e9pet olyan cs\u00facsokkal, mint a Lombului (684 m), a Dealul Melcului (617 m) \u00e9s a Techint\u0103u (633 m). Ezen a k\u00f6rnyezeten bel\u00fcl a telep\u00fcl\u00e9s hat\u00e1ra erd\u0151ket, gyepeket \u00e9s foly\u00f3parti folyos\u00f3kat foglal mag\u00e1ban, \u00f6kol\u00f3giai folyos\u00f3kat hozva l\u00e9tre, amelyek sz\u00e1mos n\u00f6v\u00e9ny- \u00e9s \u00e1llatvil\u00e1got tartanak fenn.<\/p>\n<p>A v\u00e1ros hat\u00e1rain bel\u00fcl a Kolozsv\u00e1ri Botanikus Kert \u00e9l\u0151 katal\u00f3gust k\u00edn\u00e1l region\u00e1lis \u00e9s egzotikus fajokb\u00f3l, m\u00edg a XIX. sz\u00e1zadban l\u00e9trehozott K\u00f6zponti Park v\u00e1rosi mened\u00e9ket ny\u00fajt, melynek k\u00f6z\u00e9ppontj\u00e1ban egy mesters\u00e9ges t\u00f3 \u00e9s szigete \u00e1ll. Tov\u00e1bbi z\u00f6ldter\u00fcletek k\u00f6z\u00e9 tartozik a sportl\u00e9tes\u00edtm\u00e9nyekkel rendelkez\u0151 Iuliu Ha\u021bieganu Park; a di\u00e1ksz\u00e1ll\u00e1sokhoz kapcsol\u00f3d\u00f3 Ha\u0219deu Park; a Rom\u00e1n Operah\u00e1z m\u00f6g\u00f6tt megb\u00fav\u00f3 Opera Park; \u00e9s a dombtet\u0151n fekv\u0151 Cet\u0103\u021buia, ahonnan panor\u00e1m\u00e1s kil\u00e1t\u00e1s ny\u00edlik. Ezeken a megm\u0171velt ter\u00fcleteken t\u00fal k\u00e9t botanikai rezerv\u00e1tum tal\u00e1lhat\u00f3 \u2013 a Kolozsv\u00e1ri F\u00e2na\u021bele \u00e9s a Morii Valea \u2013, ahol ritka n\u00f6v\u00e9nyek, mint p\u00e9ld\u00e1ul a V\u00e9nusz papucsa \u00e9s a helyi n\u0151szirom tal\u00e1lnak mened\u00e9ket. Az olyan erd\u0151s ter\u00fcletek, mint a F\u0103get \u00e9s a Hoia, vaddiszn\u00f3-, borz-, r\u00f3ka-, ny\u00fal- \u00e9s m\u00f3kuspopul\u00e1ci\u00f3knak adnak otthont; ez ut\u00f3bbi erd\u0151ben tal\u00e1lhat\u00f3 a Romulus Vuia szabadt\u00e9ri m\u00fazeum is, amelynek ki\u00e1ll\u00edt\u00e1sai 1678-ig ny\u00falnak vissza, \u00e9s a v\u00e1ros \u0151si templomait \u00f6sszek\u00f6t\u0151 f\u00f6ldalatti alagutakr\u00f3l sz\u00f3l\u00f3, m\u00e1ig fennmaradt helyi legend\u00e1k forr\u00e1sa.<\/p>\n<p>A v\u00e1ros perem\u00e9n a t\u00e1j \u00e9s a kult\u00fara \u00f6sszefon\u00f3dik. D\u00e9lkeleten a Tordai-szorosok meredek m\u00e9szk\u0151falakat v\u00e1jnak egy kanyarg\u00f3s foly\u00f3 f\u00f6l\u00e9; \u00e9szakkeleten a bonchidai B\u00e1nffy-v\u00e1r helyre\u00e1ll\u00edt\u00e1sa id\u00e9zi fel tizennyolcadik sz\u00e1zadi pomp\u00e1j\u00e1t \u2013 amelyet egykor \u201eErd\u00e9ly Versailles-ak\u00e9nt\u201d emlegettek. A k\u00f6zeli falvakban \u00e1ll a Wass-B\u00e1nffy-v\u00e1r Gil\u0103u-n \u00e9s egy m\u00e1sik csal\u00e1di sz\u00e9khely R\u0103scruci-n. Nicula-n a tizennyolcadik sz\u00e1zadi kolostor vonzza a zar\u00e1ndokokat, hogy tisztelj\u00e9k a csodatev\u0151 Madonn\u00e1t, akinek ikonja \u00e1ll\u00edt\u00f3lag 1669-ben k\u00f6nnyezett; minden augusztus 15-\u00e9n t\u00f6bb mint 150 000 l\u00e1togat\u00f3 van jelen a Theotokos elszender\u00fcl\u00e9s\u00e9nek \u00fcnnep\u00e9n.<\/p>\n<p>Az \u00e9vszakok ritmusa alak\u00edtja mind a tev\u00e9kenys\u00e9get, mind a hangulatot Kolozsv\u00e1ron. A p\u00e1r\u00e1s kontinent\u00e1lis \u00e9ghajlat hideg telet eredm\u00e9nyez, a h\u00f3takar\u00f3 \u00e1tlagosan 65 napig tart december \u00e9s m\u00e1rcius k\u00f6z\u00f6tt, \u00e9s meleg nyarakat, amikor a d\u00e9li h\u0151m\u00e9rs\u00e9klet gyakran el\u00e9ri a 35 \u00b0C-ot. A ny\u00e1ri d\u00e9lut\u00e1nokon hirtelen, heves viharok alakulhatnak ki, m\u00edg tavasszal \u00e9s \u0151sszel enyhe z\u00e1porok \u00e9s der\u00fclt id\u0151szakok v\u00e1ltj\u00e1k egym\u00e1st. Egy 2014-ben publik\u00e1lt tanulm\u00e1ny szerint Kolozsv\u00e1r Eur\u00f3pa egyik legjobb leveg\u0151min\u0151s\u00e9g\u0171 v\u00e1rosa, ami a foly\u00f3v\u00f6lgyi elhelyezked\u00e9snek, a k\u00f6rnyez\u0151 erd\u0151knek \u00e9s a m\u00e9rs\u00e9kelt v\u00e1rosi s\u0171r\u0171s\u00e9gnek k\u00f6sz\u00f6nhet\u0151.<\/p>\n<p>Demogr\u00e1fiailag a telep\u00fcl\u00e9s lakoss\u00e1ga 324 576-r\u00f3l (2011) 286 598-ra cs\u00f6kkent a 2021-es n\u00e9psz\u00e1ml\u00e1l\u00e1sig. A 2008 december\u00e9ben \u00faj korm\u00e1nyzati hat\u00f3s\u00e1g \u00e1ltal l\u00e9trehozott t\u00e1gabb nagyv\u00e1rosi ter\u00fclet mintegy 411 379 lakost foglal mag\u00e1ban; egy v\u00e1rosk\u00f6rny\u00e9ki \u00f6vezet ezt a sz\u00e1mot 420 000 f\u00f6l\u00e9 emeli. \u00c9vente \u00e1tlagosan t\u00f6bb mint 20 000 di\u00e1k \u00e9s ideiglenes lakos \u00e9l a v\u00e1rosban, a fels\u0151oktat\u00e1si int\u00e9zm\u00e9nyek koncentr\u00e1ci\u00f3ja miatt. K\u00f6zpontj\u00e1ban a Babe\u015f-Bolyai Egyetem \u00e1ll, Rom\u00e1nia legnagyobbja, amelynek karai \u00e9s botanikus kertje meger\u0151s\u00edti Kolozsv\u00e1r intellektu\u00e1lis k\u00f6zpontk\u00e9nt bet\u00f6lt\u00f6tt szerep\u00e9t.<\/p>\n<p>Ez az akad\u00e9miai koncentr\u00e1ci\u00f3 a v\u00e1ros kultur\u00e1lis int\u00e9zm\u00e9nyeinek alapj\u00e1t k\u00e9pezi: a Nemzeti Sz\u00ednh\u00e1z, az \u00c1llami Magyar Sz\u00ednh\u00e1z, a Rom\u00e1n Opera \u00e9s az Erd\u00e9lyi Filharm\u00f3nia eg\u00e9sz \u00e9vben dr\u00e1ma-, balett-, opera- \u00e9s zenekari zenei programokat k\u00edn\u00e1l. A m\u00fazeumok a helyi t\u00f6rt\u00e9nelmet a r\u00e9g\u00e9szet, a n\u00e9prajz, a m\u0171v\u00e9szet, a gy\u00f3gyszer\u00e9szet, a v\u00edzgazd\u00e1lkod\u00e1s \u00e9s a term\u00e9szettudom\u00e1nyok r\u00e9v\u00e9n k\u00f6vetik nyomon, \u00e9s az Egyetemi M\u00fazeumban, az \u00c1sv\u00e1nytani M\u00fazeumban \u00e9s a Babe\u015f\u2013Bolyai Tudom\u00e1nyegyetem ter\u00fclet\u00e9n tal\u00e1lhat\u00f3 egy\u00e9b m\u00fazeumokban kapnak helyet. A modern kult\u00fara kifejez\u0151d\u00e9s\u00e9t a 2001-ben megnyitott, Rom\u00e1ni\u00e1ban els\u0151k\u00e9nt megrendezett Transilvania Nemzetk\u00f6zi Filmfesztiv\u00e1lon (TIFF) tal\u00e1lja; a Comedy Cluj, a Mozart Fesztiv\u00e1l, a Toamna Muzical\u0103 Clujean\u0103, az Operab\u00e1l \u00e9s az Interferenci\u00e1k Sz\u00ednh\u00e1zi Fesztiv\u00e1l mind hozz\u00e1j\u00e1rulnak a performansz \u00e9s a k\u00f6z\u00f6ss\u00e9g\u00e9p\u00edt\u00e9s r\u00e9tegeihez. A zenei fesztiv\u00e1lok sora a j\u00fanius 21-i S\u0103rb\u0103toarea Muzicii-t\u0151l a Splaiul Independen\u021bei s\u00f6rfesztiv\u00e1ljain \u00e1t a Delahoya elektronikus zenei fesztiv\u00e1lig (1997 \u00f3ta), a B\u00e1nffy-kast\u00e9lyban megrendezett Electric Castle-ig (amely 2016-ra t\u00f6bb mint 120 000 f\u0151t vonzott) \u00e9s az Untoldig terjed, amely m\u00e1sodik kiad\u00e1s\u00e1ra mintegy 300 000 r\u00e9sztvev\u0151t fogadott.<\/p>\n<p>Gazdas\u00e1gi t\u00e9ren Kolozsv\u00e1r diverzifik\u00e1lt b\u00e1zissal rendelkezik. Olyan helyi m\u00e1rk\u00e1k indultak innen, mint a Banca Transilvania, a Terapia Ranbaxy, a Farmec, a Jolidon \u00e9s az Ursus s\u00f6rf\u0151zd\u00e9k, m\u00edg a glob\u00e1lis v\u00e1llalatok \u2013 a MOL, az Aegon, a Bosch, a De&#039;Longhi, az Emerson \u00e9s m\u00e1sok \u2013 \u00fczemeltetnek gy\u00e1rakat \u00e9s irod\u00e1kat a nagyv\u00e1rosi r\u00e9gi\u00f3ban. A v\u00e1ros Rom\u00e1nia technopolisz\u00e1v\u00e1 v\u00e1lt: az InformationWeek az orsz\u00e1g szoftver- \u00e9s informatikai tev\u00e9kenys\u00e9g\u00e9nek nagy r\u00e9sz\u00e9nek k\u00f6zpontjak\u00e9nt azonos\u00edtotta. B\u00e1r a Nokia gy\u00e1ra Kolozsv\u00e1r k\u00f6zel\u00e9ben 2011-ben besz\u00fcntette a termel\u00e9st, kor\u00e1bbi telephelye ma a De&#039;Longhi k\u00e9sz\u00fcl\u00e9kgy\u00e1rt\u00e1s\u00e1nak ad otthont. Az A3-as rom\u00e1n aut\u00f3p\u00e1lya, az erd\u00e9lyi aut\u00f3p\u00e1lya, Kolozsv\u00e1r k\u00f6zel\u00e9t\u0151l Bukarest \u00e9s a nyugati hat\u00e1r fel\u00e9 h\u00faz\u00f3dik, m\u00edg a DN1, DN1C \u00e9s DN1F orsz\u00e1gutak \u00f6sszek\u00f6tik a helyi \u00e9s region\u00e1lis k\u00f6zpontokat.<\/p>\n<p>A v\u00e1rosk\u00f6zpontban a kereskedelem vir\u00e1gzik az Eroilor sug\u00e1r\u00fat, a Napoca \u00e9s a Memorandumului utc\u00e1k ment\u00e9n \u2013 ahol az els\u0151 oszt\u00e1ly\u00fa kiskereskedelmi b\u00e9rleti d\u00edjak el\u00e9rhetik az \u00e9vi 720 eur\u00f3t n\u00e9gyzetm\u00e9terenk\u00e9nt \u2013, m\u00edg a nagy bev\u00e1s\u00e1rl\u00f3k\u00f6zpontok, mint p\u00e9ld\u00e1ul a VIVO! \u00e9s az Iulius Mall, a hipermarketek \u00e9s a bark\u00e1cs\u00e1ruh\u00e1zak mellett a perif\u00e9ri\u00e1n helyezkednek el. A H&amp;M-t\u0151l \u00e9s a Zara-t\u00f3l a Sephor\u00e1ig \u00e9s a Nike-ig terjed\u0151 nemzetk\u00f6zi m\u00e1rk\u00e1k a rom\u00e1n kiskeresked\u0151k mellett \u00e1llnak, t\u00fckr\u00f6zve a fogyaszt\u00f3k v\u00e1laszt\u00e1si lehet\u0151s\u00e9geit, amelyek m\u00e1s f\u0151v\u00e1rosokban is megtal\u00e1lhat\u00f3k.<\/p>\n<p>A k\u00f6zleked\u00e9si infrastrukt\u00fara integr\u00e1lja a k\u00f6z\u00fati, vas\u00fati, l\u00e9gi \u00e9s t\u00f6megk\u00f6zleked\u00e9si h\u00e1l\u00f3zatokat. A k\u00f6zpontt\u00f3l kilenc kilom\u00e9terre keletre fekv\u0151 Kolozsv\u00e1ri Nemzetk\u00f6zi Rep\u00fcl\u0151t\u00e9r Rom\u00e1nia m\u00e1sodik legforgalmasabb rep\u00fcl\u0151tere, amely 2015-ben t\u00f6bb mint 1,4 milli\u00f3 utast szolg\u00e1lt ki, \u00e9s k\u00f6zvetlen j\u00e1ratokat k\u00edn\u00e1l Eur\u00f3pa-szerte. A f\u0151 vas\u00fat\u00e1llom\u00e1s az Unirii t\u00e9rt\u0151l k\u00e9t kilom\u00e9terre \u00e9szakra tal\u00e1lhat\u00f3, a 300-as \u00e9s a 401-es vonalon tal\u00e1lhat\u00f3, amely Bukaresttel, Nagyv\u00e1raddal, D\u00e9s v\u00e1ros\u00e1val \u00e9s azon t\u00fali v\u00e1rosokkal biztos\u00edt kapcsolatot; a Gara Mic\u0103 \u00e9s a Keleti \u00e1llom\u00e1sok region\u00e1lis \u00fatvonalakat szolg\u00e1lnak ki, m\u00edg a tehervonatok a Halta \u201eKolozsv\u00e1r\u201d l\u00e9tes\u00edtm\u00e9nyt haszn\u00e1lj\u00e1k. A v\u00e1roson bel\u00fcl a helyi k\u00f6zleked\u00e9si v\u00e1llalat, a CTP, 321 km-es \u00fatvonalat \u00fczemeltet: \u00f6t villamosvonalat, tizenk\u00e9t trolibuszvonalat \u00e9s \u00f6tvenegy buszj\u00e1ratot, amelyeket mag\u00e1nsz\u00e1ll\u00edt\u00f3k eg\u00e9sz\u00edtenek ki a szomsz\u00e9dos v\u00e1rosokba. A villamosp\u00e1ly\u00e1k korszer\u0171s\u00edt\u00e9s\u00e9re vonatkoz\u00f3 javaslatok k\u00f6z\u00f6tt szerepelnek kijel\u00f6lt vas\u00fati vonalak \u00e9s potenci\u00e1lis alagutak; a hosszabb t\u00e1v\u00fa tervek egy k\u00f6nny\u0171vas\u00fati \u00f6sszek\u00f6ttet\u00e9st ir\u00e1nyoznak el\u0151 Gyal\u00f3 \u00e9s Gyula k\u00f6z\u00f6tt. 2018 \u00f3ta haladtak a metr\u00f3rendszer megval\u00f3s\u00edthat\u00f3s\u00e1gi tanulm\u00e1nyai, \u00e9s 2023 febru\u00e1rj\u00e1ban az I. vonal tervez\u00e9s\u00e9re \u00e9s kivitelez\u00e9s\u00e9re vonatkoz\u00f3 szerz\u0151d\u00e9st a G\u00fclermak, az Alstom Transport \u00e9s az Arcada vezette konzorciumnak \u00edt\u00e9lt\u00e9k oda, a v\u00e1rhat\u00f3 id\u0151tartam kilencvenhat h\u00f3nap.<\/p>\n<p>A v\u00e1rosk\u00e9pek \u00f6sszefonj\u00e1k a k\u00f6z\u00e9pkort a modernnel. A Szent Mih\u00e1ly-templom g\u00f3tikus \u00edvei eklektikus homlokzatoknak adj\u00e1k \u00e1t a helyet a Iuliu Maniu utc\u00e1ban, amelyek Haussmann P\u00e1rizs\u00e1t id\u00e9zik, m\u00edg az Igazs\u00e1g\u00fcgyi Palota \u00e9s az Avram Iancu t\u00e9ren tal\u00e1lhat\u00f3 egy\u00fcttes \u2013 amely mag\u00e1ban foglalja a Nemzeti Sz\u00ednh\u00e1zat, a vas\u00fatt\u00e1rsas\u00e1g sz\u00e9khely\u00e9t, a Prefekt\u00far\u00e1t, a P\u00e9nz\u00fcgyi Palot\u00e1t \u00e9s a Metropolisz sz\u00e9khely\u00e9t \u2013 Wagner Gyula \u00e9p\u00edt\u00e9sz 19. sz\u00e1zad v\u00e9gi polg\u00e1ri amb\u00edci\u00f3it t\u00fckr\u00f6zi. A botanikus kert, a Central Parkban tal\u00e1lhat\u00f3 Chios Casino \u00e9s a Central Park szobrai hozz\u00e1j\u00e1rulnak egy fegyelmezett \u00e9s nagylelk\u0171 v\u00e1rosi sz\u00f6vethez. M\u00e9g a tizenn\u00e9gy hekt\u00e1ros hajongardi temet\u0151 is szobr\u00e1szati \u200b\u200beml\u00e9km\u0171veknek \u00e9s a v\u00e1ros h\u00edress\u00e9geinek f\u00f6ldi maradv\u00e1nyainak ad otthont.<\/p>\n<p>Kolozsv\u00e1r t\u00f6rt\u00e9nete a folytonoss\u00e1gr\u00f3l \u00e9s az \u00e1talakul\u00e1sr\u00f3l sz\u00f3l. R\u00f3mai, magyar \u00e9s rom\u00e1n fejezetei egyar\u00e1nt \u00e9p\u00edt\u00e9szeti \u00e9s kultur\u00e1lis jegyeket hagytak maguk ut\u00e1n; foly\u00f3ja \u00e9s dombjai alak\u00edtj\u00e1k form\u00e1j\u00e1t, m\u00edg egyetemei, sz\u00ednh\u00e1zai \u00e9s fesztiv\u00e1ljai kifejezik szellemis\u00e9g\u00e9t. Kort\u00e1rs metropoliszk\u00e9nt a n\u00f6veked\u00e9s \u00e9s az \u00f6r\u00f6ks\u00e9g, az innov\u00e1ci\u00f3 \u00e9s a hagyom\u00e1nyok k\u00f6z\u00f6tt navig\u00e1l. A v\u00e1ros j\u00f3l\u00e9t\u00e9nek m\u00e9rc\u00e9i \u2013 a n\u00e9pess\u00e9gi adatok, a k\u00f6lts\u00e9gvet\u00e9s 990 milli\u00f3 lejr\u0151l (2008) 2,117 milli\u00e1rd lejre (2021) val\u00f3 n\u00f6veked\u00e9se, olyan nemzetk\u00f6zi c\u00edmek, mint az Eur\u00f3pa Ifj\u00fas\u00e1gi F\u0151v\u00e1rosa (2015), az Eur\u00f3pai Sportv\u00e1ros (2018) \u00e9s az UNESCO Filmv\u00e1ros (2021) \u2013 egy t\u00f6rt\u00e9nelmi m\u00faltban gy\u00f6kerez\u0151 \u00e9s egy nyitott j\u00f6v\u0151 fel\u00e9 ir\u00e1nyul\u00f3 v\u00e1rosi amb\u00edci\u00f3r\u00f3l \u00e1rulkodnak. Kolozsv\u00e1ron a szeml\u00e9l\u0151 nem puszt\u00e1n a tulajdons\u00e1gok katal\u00f3gus\u00e1t tal\u00e1lja, hanem a helyek \u00e9l\u0151 k\u00e1rpitj\u00e1t: egy v\u00e1rost, amely magass\u00e1gok \u00e9s vizek, korszakok \u00e9s eszm\u00e9k k\u00f6z\u00f6tt \u00e1ll, s\u00fcrget\u0151 konkr\u00e9ts\u00e1gg\u00e1 \u00e9s emberi l\u00e9pt\u00e9kk\u00e9 desztill\u00e1lva.<\/p>","protected":false},"excerpt":{"rendered":"<p>Az \u00e9szak-rom\u00e1niai Kolozsv\u00e1r az orsz\u00e1g m\u00e1sodik legnagyobb v\u00e1rosa \u00e9s Kolozs megye f\u0151v\u00e1rosa. A Some\u0219ul Mic foly\u00f3 v\u00f6lgy\u00e9ben megb\u00fav\u00f3, 179,52 n\u00e9gyzetkilom\u00e9teres ter\u00fcleten tal\u00e1lhat\u00f3 ez az energikus nagyv\u00e1ros Erd\u00e9ly sz\u00edv\u00e9ben. Kolozsv\u00e1r lakoss\u00e1ga 2021-ben 286 598 f\u0151; nagyv\u00e1rosa 411 379 f\u0151b\u0151l \u00e1ll, a v\u00e1rosk\u00f6rny\u00e9k pedig mintegy 420 000 f\u0151t sz\u00e1ml\u00e1l. A nagy eur\u00f3pai f\u0151v\u00e1rosokt\u00f3l strat\u00e9giailag k\u00f6zel azonos t\u00e1vols\u00e1gra elhelyezked\u0151 v\u00e1ros Bukarestt\u0151l 445 kilom\u00e9terre, Budapestt\u0151l 461 kilom\u00e9terre, Belgr\u00e1dt\u00f3l pedig 483 kilom\u00e9terre tal\u00e1lhat\u00f3.<\/p>","protected":false},"author":1,"featured_media":3187,"parent":11908,"menu_order":0,"comment_status":"closed","ping_status":"closed","template":"elementor_theme","meta":{"_eb_attr":"","footnotes":""},"class_list":["post-11951","page","type-page","status-publish","has-post-thumbnail"],"_links":{"self":[{"href":"https:\/\/travelshelper.com\/hu\/wp-json\/wp\/v2\/pages\/11951","targetHints":{"allow":["GET"]}}],"collection":[{"href":"https:\/\/travelshelper.com\/hu\/wp-json\/wp\/v2\/pages"}],"about":[{"href":"https:\/\/travelshelper.com\/hu\/wp-json\/wp\/v2\/types\/page"}],"author":[{"embeddable":true,"href":"https:\/\/travelshelper.com\/hu\/wp-json\/wp\/v2\/users\/1"}],"replies":[{"embeddable":true,"href":"https:\/\/travelshelper.com\/hu\/wp-json\/wp\/v2\/comments?post=11951"}],"version-history":[{"count":0,"href":"https:\/\/travelshelper.com\/hu\/wp-json\/wp\/v2\/pages\/11951\/revisions"}],"up":[{"embeddable":true,"href":"https:\/\/travelshelper.com\/hu\/wp-json\/wp\/v2\/pages\/11908"}],"wp:featuredmedia":[{"embeddable":true,"href":"https:\/\/travelshelper.com\/hu\/wp-json\/wp\/v2\/media\/3187"}],"wp:attachment":[{"href":"https:\/\/travelshelper.com\/hu\/wp-json\/wp\/v2\/media?parent=11951"}],"curies":[{"name":"wp","href":"https:\/\/api.w.org\/{rel}","templated":true}]}}