{"id":11936,"date":"2024-09-14T21:10:36","date_gmt":"2024-09-14T21:10:36","guid":{"rendered":"https:\/\/travelshelper.com\/staging\/?page_id=11936"},"modified":"2026-03-12T21:17:27","modified_gmt":"2026-03-12T21:17:27","slug":"temesvar","status":"publish","type":"page","link":"https:\/\/travelshelper.com\/hu\/destinations\/europe\/romania\/timisoara\/","title":{"rendered":"Temesv\u00e1r"},"content":{"rendered":"<p>Temesv\u00e1r, Temes megye f\u0151v\u00e1rosa Nyugat-Rom\u00e1ni\u00e1ban, a lank\u00e1s B\u00e9ga foly\u00f3 partj\u00e1n fekszik, a 45. \u00e9szaki sz\u00e9less\u00e9gi k\u00f6r \u00e9s a 21. keleti meridi\u00e1n t\u00f6rt\u00e9nelmi keresztez\u0151d\u00e9s\u00e9ben. A 2021-es n\u00e9psz\u00e1ml\u00e1l\u00e1s szerint 250 849 lakos\u00fa \u00e9s k\u00f6zel 400 000 lakos\u00fa nagyv\u00e1rosi agglomer\u00e1ci\u00f3j\u00e1val a v\u00e1ros a B\u00e1ns\u00e1g f\u0151 gazdas\u00e1gi, t\u00e1rsadalmi \u00e9s kultur\u00e1lis k\u00f6zpontja. Katonai er\u0151d\u00edtm\u00e9nyeinek, osztr\u00e1k-magyar polg\u00e1ri \u00faj\u00edt\u00e1sainak \u00e9s multikultur\u00e1lis hagyom\u00e1nyainak \u00f6r\u00f6ks\u00e9ge egy sz\u00e9les sug\u00e1rutak, barokk palot\u00e1k \u00e9s 36 z\u00f6ld park \u00e1ltal jellemzett t\u00e1jban egyes\u00fcl. Temesv\u00e1r k\u00e9t \u00e9vsz\u00e1zadon \u00e1t a technol\u00f3gia, az oktat\u00e1s \u00e9s a m\u0171v\u00e9szetek \u00e9lvonal\u00e1ban \u00e1llt, jellege m\u00e9gis az egykor lecsapolt foly\u00f3k lass\u00fa ritmus\u00e1ban \u00e9s az alacsony fekv\u00e9s\u0171 s\u00edks\u00e1gok alatt rekultiv\u00e1lt mocsarakban gy\u00f6kerezik.<\/p>\n<p>Temesv\u00e1r legkor\u00e1bbi modern \u00e1talakul\u00e1sa 1716-ban kezd\u0151d\u00f6tt, amikor az osztr\u00e1k er\u0151k kiragadt\u00e1k az ir\u00e1ny\u00edt\u00e1st az oszm\u00e1n uralomt\u00f3l, \u00e9s egy csillag alak\u00fa er\u0151d\u00f6t emeltek, amelyet vizes\u00e1rkok \u00e9s mocsarak vettek k\u00f6r\u00fcl. Ezek a term\u00e9szetes v\u00e9delmi vonalak, amelyeket a Temes \u00e9s a Bega foly\u00f3k t\u00e1pl\u00e1ltak, elriasztott\u00e1k a betolakod\u00f3kat, de a v\u00e1rost sebezhet\u0151v\u00e9 tett\u00e9k a v\u00edzzel terjed\u0151 betegs\u00e9gekkel szemben, \u00e9s korl\u00e1tozt\u00e1k a v\u00e1rosi n\u00f6veked\u00e9st. \u00c9vtizedek alatt a Habsburg m\u00e9rn\u00f6k\u00f6k hatalmas v\u00edzrajzi munk\u00e1latokat v\u00e9geztek: a Bega-csatorna \u00e9p\u00edt\u00e9se, amelyet 1728-ban kezdtek meg, lecsapolta a k\u00f6rnyez\u0151 mocsarakat, \u00e9s a Temes foly\u00f3t elterelte a v\u00e1rosfalakt\u00f3l, eg\u00e9szs\u00e9gesebb\u00e9 \u00e9s fejleszt\u00e9sre alkalmasabb\u00e1 t\u00e9ve a ter\u00fcletet. A 18. sz\u00e1zad k\u00f6zep\u00e9re Temesv\u00e1r kiemelkedett vizes gub\u00f3j\u00e1b\u00f3l: a b\u00e1sty\u00e1k \u00e9s a s\u00e1ncok leomlottak, hely\u00fcket sug\u00e1rutakkal \u00e9s koncentrikus k\u00f6rutakkal helyettes\u00edtett\u00e9k, amelyek B\u00e9cs cs\u00e1sz\u00e1ri tervez\u00e9s\u00e9t id\u00e9zik.<\/p>\n<p>Az innov\u00e1ci\u00f3 a v\u00e1ros v\u00e9djegy\u00e9v\u00e9 v\u00e1lt. 1760-ban Temesv\u00e1r bevezette az olajl\u00e1mp\u00e1s utcai vil\u00e1g\u00edt\u00e1st, els\u0151k\u00e9nt a Habsburg Monarchi\u00e1ban; 1771-re itt jelent meg a Temeswarer Nachrichten, a r\u00e9gi\u00f3 els\u0151 n\u00e9met \u00fajs\u00e1gja; 1786-ban nyitott\u00e1k meg a monarchia els\u0151 nyilv\u00e1nos k\u00f6lcs\u00f6nk\u00f6nyvt\u00e1r\u00e1t; \u00e9s huszonn\u00e9gy \u00e9vvel B\u00e9cs el\u0151tt felavattak egy v\u00e1rosi k\u00f3rh\u00e1zat. A k\u00e9t vil\u00e1gh\u00e1bor\u00fa k\u00f6z\u00f6tti vir\u00e1gz\u00e1s 1884-ben vezetett be az elektromos utcai vil\u00e1g\u00edt\u00e1s telep\u00edt\u00e9s\u00e9hez, \u00edgy Temesv\u00e1r lett az els\u0151 ilyen m\u00f3don megvil\u00e1g\u00edtott eur\u00f3pai v\u00e1ros. Az ilyen m\u00e9rf\u00f6ldk\u00f6vek miatt kapta a \u201eKis B\u00e9cs\u201d \u00e9s a \u201eR\u00f3zs\u00e1k v\u00e1rosa\u201d g\u00fanyneveket, ut\u00f3bbi a s\u00e9t\u00e1l\u00f3k \u00e1ltal megszokott helyeken vir\u00e1gz\u00f3 kertekre utal.<\/p>\n<p>A v\u00e1ros politikai m\u00e9sz\u00e1rsz\u00e9kk\u00e9nt bet\u00f6lt\u00f6tt szerepe az 1848-as forradalmi \u00e9vben mutatkozott meg, amikor a szerb Vajdas\u00e1g, majd 1860-ig a Temesv\u00e1ri Szerb Vajdas\u00e1g \u00e9s B\u00e1ns\u00e1g f\u0151v\u00e1rosak\u00e9nt szolg\u00e1lt. A huszadik sz\u00e1zad v\u00e9g\u00e9re Temesv\u00e1r ism\u00e9t kit\u0171nt: 1989 december\u00e9ben a v\u00e1ros utc\u00e1i Rom\u00e1nia kommunista uralom elleni felkel\u00e9s\u00e9nek gy\u00fajt\u00f3pontj\u00e1v\u00e1 v\u00e1ltak. Ez volt az els\u0151 rom\u00e1n v\u00e1ros, ahol a b\u00e9k\u00e9s t\u00fcntet\u00e9sek nemzeti mozgalomm\u00e1 duzzadtak, elind\u00edtva egy rezsim buk\u00e1s\u00e1t \u00e9s megv\u00e1ltoztatva Kelet-Eur\u00f3pa t\u00f6rt\u00e9nelm\u00e9nek menet\u00e9t.<\/p>\n<p>Az oktat\u00e1s \u00e9s az orvostudom\u00e1ny vir\u00e1gzik a kommunizmus buk\u00e1sa \u00f3ta. Hat egyetemen mintegy 40 000 hallgat\u00f3 tanul, \u00edgy Temesv\u00e1r Rom\u00e1nia egyik vezet\u0151 tudom\u00e1nyos k\u00f6zpontja. Orvosi l\u00e9tes\u00edtm\u00e9nyei belf\u00f6ldi \u00e9s k\u00fclf\u00f6ldi l\u00e1togat\u00f3kat vonzanak fog\u00e1szati \u200b\u200bkezel\u00e9sekre, kozmetikai elj\u00e1r\u00e1sokra \u00e9s \u00e9lvonalbeli ter\u00e1pi\u00e1kra: a v\u00e1rosban v\u00e9gezt\u00e9k Rom\u00e1nia els\u0151 lombikb\u00e9bi-megterm\u00e9keny\u00edt\u00e9s\u00e9t, az els\u0151 l\u00e9zerrel seg\u00edtett sz\u00edvm\u0171t\u00e9tet \u00e9s az els\u0151 \u0151ssejt-transzplant\u00e1ci\u00f3t. A biomedicin\u00e1lis kutat\u00e1sok \u00e9s a robusztus informatikai ipar tal\u00e1lkoz\u00e1sa \u2013 Temesv\u00e1r m\u00e9g 2013-ban is a vil\u00e1g leggyorsabb \u00e1tlagos internet-let\u00f6lt\u00e9si sebess\u00e9g\u00e9vel b\u00fcszk\u00e9lkedhetett \u2013 az orsz\u00e1g egyik legfontosabb technol\u00f3giai k\u00f6zpontjak\u00e9nt ismertt\u00e9 v\u00e1lt Bukarest, Kolozsv\u00e1r, J\u00e1szv\u00e1s\u00e1r \u00e9s Brass\u00f3 mellett.<\/p>\n<p>Temesv\u00e1r multikultur\u00e1lis sz\u00f6vet\u00e9t mintegy huszonegy etnikai csoport \u00e9s tizennyolc vall\u00e1si felekezet alkotja. T\u00f6rt\u00e9nelmileg a sv\u00e1b n\u00e9metek, zsid\u00f3k \u00e9s magyarok jelent\u0151s k\u00f6z\u00f6ss\u00e9geket alkottak; \u0151k ma is l\u00e1that\u00f3k a modern lakoss\u00e1gban, amelyben a n\u00e9metek \u00e9s a magyarok egy\u00fcttesen k\u00f6r\u00fclbel\u00fcl hat sz\u00e1zal\u00e9kot tesznek ki. A v\u00e1ros barokk \u00e9s szecesszi\u00f3s \u00e9p\u00edt\u00e9szete \u2013 mintegy 14 500 m\u0171eml\u00e9k \u2013 a Hunyadi J\u00e1nos, majd k\u00e9s\u0151bb I. K\u00e1roly \u00e1ltal \u00fajj\u00e1\u00e9p\u00edtett k\u00f6z\u00e9pkori magon \u00e1t a Hunyadi v\u00e1rig, a sz\u00e1zadfordul\u00f3 palot\u00e1iig ny\u00falik vissza, amelyek az Uni\u00f3 teret \u00e9s a Gy\u0151zelem teret szeg\u00e9lyezik. A t\u00f6rt\u00e9nelmi mag, a V\u00e1rnegyed, a Ter\u00e9zia-b\u00e1stya maradv\u00e1nyait \u00e9s a k\u00fcls\u0151 s\u00e1ncok t\u00f6red\u00e9keit \u0151rzi, m\u00edg a bonyolult polg\u00e1ri terek \u2013 az Uni\u00f3 t\u00e9r a pestisoszloppal \u00e9s a barokk palot\u00e1val, a Gy\u0151zelem t\u00e9r az Operah\u00e1zzal \u00e9s a Metropolitan katedr\u00e1lissal, valamint a Szabads\u00e1g t\u00e9r a katonai korabeli \u00e9p\u00fcletekkel \u2013 Rom\u00e1ni\u00e1ban egyed\u00fcl\u00e1ll\u00f3 v\u00e1rosi terek h\u00e1rmas\u00e1t alkotj\u00e1k.<\/p>\n<p>A citadell\u00e1n t\u00fal n\u00e9gy t\u00f6rt\u00e9nelmi negyed \u2013 Fabric, Iosefin, Elisabetin \u00e9s az er\u0151d ut\u00e1ni b\u0151v\u00edtm\u00e9nyek \u2013 rajzolj\u00e1k ki Temesv\u00e1r fejl\u0151d\u00e9s\u00e9t. A Fabric keskeny manufakt\u00far\u00e1i \u00e9s a Neptunusz f\u00fcrd\u0151 a Keleti p\u00e1lyaudvar k\u00f6zel\u00e9ben helyezkednek el; Iosefin egykori sv\u00e1b h\u00e1zai hely\u00e9t eklektikus \u00e9s szecesszi\u00f3s egy\u00fcttesek adt\u00e1k \u00e1t a V\u00edztorony \u00e9s az Anker Palota k\u00f6r\u00fcl; Elisabetin 1892 ut\u00e1n neobarokk k\u00fari\u00e1k \u00e9s neorom\u00e1n templomok h\u00e1l\u00f3zat\u00e1v\u00e1 b\u0151v\u00fclt; a lebontott er\u0151d\u00edtm\u00e9nyek k\u00f6r\u00fcl pedig \u00faj utakon b\u00e9csi szecesszi\u00f3s st\u00edlus\u00fa lak\u00f3h\u00e1zak n\u0151ttek ki.<\/p>\n<p>Az \u00e9ghajlat \u00e9s a f\u00f6ldrajz alak\u00edtja a mindennapi \u00e9letet. A 90 m\u00e9teres tengerszint feletti magass\u00e1gban fekv\u0151 v\u00e1ros a Bannatic-s\u00edks\u00e1gon fekszik, melynek szel\u00edd domborzat\u00e1t csak \u0151si kanyarulatok, mikrom\u00e9lyed\u00e9sek \u00e9s foly\u00f3hordal\u00e9kok \u00e1ltal hagyott h\u00e1ts\u00e1gok szak\u00edtj\u00e1k meg. A talajv\u00edzszint ritk\u00e1n fekszik \u00f6t m\u00e9tern\u00e9l m\u00e9lyebben, ami korl\u00e1tozza a magas\u00e9p\u00edt\u00e9szetet, ugyanakkor el\u0151seg\u00edti a term\u00e9keny fekete talajokat. Az \u00e9ghajlat a p\u00e1r\u00e1s kontinent\u00e1lis \u00e9s a p\u00e1r\u00e1s szubtr\u00f3pusi z\u00f3n\u00e1k k\u00f6z\u00f6tt helyezkedik el, melyeket az atlanti \u00e9s mediterr\u00e1n l\u00e9g\u00e1raml\u00e1sok m\u00e9rs\u00e9kelnek. Az \u00e9ves \u00e1tlagh\u0151m\u00e9rs\u00e9klet 11,8 \u00b0C, a j\u00faliusi \u00e1tlag 22,7 \u00b0C, a janu\u00e1ri pedig 1,0 \u00b0C. A rekord alacsony h\u0151m\u00e9rs\u00e9klet, -35,3 \u00b0C, 1963. janu\u00e1r 24-\u00e9n volt, m\u00edg a rekord magas, 42 \u00b0C-os h\u0151m\u00e9rs\u00e9klet 2017 augusztus\u00e1ban volt. A fagyos napok sz\u00e1ma \u00e9vente nyolcvan; az \u00e9ves csapad\u00e9kmennyis\u00e9g k\u00f6r\u00fclbel\u00fcl 604,4 mm, amely j\u00faniusra koncentr\u00e1l\u00f3dik, febru\u00e1r a legsz\u00e1razabb.<\/p>\n<p>Demogr\u00e1fiailag Temesv\u00e1r Rom\u00e1nia \u00f6t\u00f6dik legn\u00e9pesebb telep\u00fcl\u00e9se, m\u00e9gis egy funkcion\u00e1lis v\u00e1rosi ter\u00fclettel rendelkezik, amely t\u00f6bb mint 364 000 lakosnak ad otthont. A n\u00e9psz\u00e1ml\u00e1l\u00e1si adatok vit\u00e1t kavartak: a 2021-es l\u00e9leksz\u00e1m cs\u00f6kken\u00e9st jelent a 2011-eshez k\u00e9pest, de az \u00f6nkorm\u00e1nyzati nyilv\u00e1ntart\u00e1sok szerint a jelenlegi v\u00e1rosi mag t\u00f6bb mint 309 000 f\u0151. A v\u00e1ros Araddal hat\u00e1rolt nagyv\u00e1rosi \u00edve az egyes\u00edtett megy\u00e9k lakoss\u00e1g\u00e1nak t\u00f6bb mint hetven sz\u00e1zal\u00e9k\u00e1t koncentr\u00e1lja. Zipf t\u00f6rv\u00e9nye szerint m\u00e1sodrang\u00fa v\u00e1rosk\u00e9nt Temesv\u00e1r kiterjedt makroter\u00fcleti funkci\u00f3kat oszt meg J\u00e1szv\u00e1s\u00e1rral, Konstanc\u00e1val, Kolozsv\u00e1rral \u00e9s Brass\u00f3val.<\/p>\n<p>Gazdas\u00e1gi szempontb\u00f3l a Magyarorsz\u00e1ghoz \u00e9s Szerbi\u00e1hoz val\u00f3 k\u00f6zels\u00e9g tart\u00f3s k\u00fclf\u00f6ldi befektet\u00e9seket vonzott \u2013 a 2000-es \u00e9vek k\u00f6zep\u00e9re fejenk\u00e9nt 753 eur\u00f3t \u2013, ami meghaladja a megyei \u00e1tlagokat. Az olasz, n\u00e9met \u00e9s francia c\u00e9gek a gy\u00e1rt\u00e1s \u00e9s a szolg\u00e1ltat\u00e1sok gerinc\u00e9t alkotj\u00e1k; a v\u00e1ros bev\u00e9teleinek fele a tercier szektorb\u00f3l sz\u00e1rmazik. A huszonegyedik sz\u00e1zad elej\u00e9n olyan gazdas\u00e1gi fellend\u00fcl\u00e9s volt tapasztalhat\u00f3, amely arra k\u00e9sztette a francia L&#039;Expansion magazint, hogy 2005-ben Temesv\u00e1rt \u201eRom\u00e1nia gazdas\u00e1gi bemutat\u00f3hely\u00e9nek\u201d nevezze, \u00e9s a k\u00fclf\u00f6ldi t\u0151ke be\u00e1raml\u00e1s\u00e1t \u201em\u00e1sodik forradalomk\u00e9nt\u201d \u00fcdv\u00f6z\u00f6lje. A Forbes 2016-ban az orsz\u00e1g legdinamikusabb \u00e9s legv\u00e1llalkoz\u00e1sbar\u00e1tabb v\u00e1ros\u00e1nak min\u0151s\u00edtette. 2000 \u00e9s 2013 k\u00f6z\u00f6tt Temesv\u00e1r megel\u0151zte Bukarestet az egy f\u0151re jut\u00f3 GDP n\u00f6veked\u00e9s\u00e9ben. A munkan\u00e9lk\u00fclis\u00e9g tov\u00e1bbra is Rom\u00e1nia legalacsonyabbjai k\u00f6z\u00f6tt van \u2013 0,8 sz\u00e1zal\u00e9k 2019 december\u00e9ben \u2013, m\u00edg a turizmus vonzza a region\u00e1lis l\u00e1togat\u00f3k 80 sz\u00e1zal\u00e9k\u00e1t: 2017 els\u0151 fel\u00e9ben a Temes megy\u00e9be \u00e9rkez\u0151 k\u00fclf\u00f6ldiek sz\u00e1ma meghaladta az 50 000-et.<\/p>\n<p>A sz\u00e1ll\u00e1slehet\u0151s\u00e9gek \u00f6tven k\u00f6r\u00fcli sz\u00e1llod\u00e1t\u00f3l \u00e9s h\u00e9t hostelt\u0151l \u00f6tven panzi\u00f3ig \u00e9s egy kempingig terjednek, \u00f6sszesen t\u00f6bb mint 5500 f\u00e9r\u0151hellyel. A v\u00e1ros strat\u00e9giai elhelyezked\u00e9se a IV. p\u00e1neur\u00f3pai folyos\u00f3n \u00f6sszek\u00f6ti Nyugat-Eur\u00f3p\u00e1t a Balk\u00e1nnal; a Bega-csatorn\u00e1n kereszt\u00fcl v\u00edzi \u00faton a VII. folyos\u00f3hoz is bejuthat. Az A1-es aut\u00f3p\u00e1lya megker\u00fcli a v\u00e1rost, csatlakozik a magyar M43-as aut\u00f3p\u00e1ly\u00e1hoz, \u00e9s Lugosn\u00e1l az \u00e9p\u00edt\u00e9s alatt \u00e1ll\u00f3 A6-os aut\u00f3p\u00e1ly\u00e1hoz. A sug\u00e1rir\u00e1ny\u00fa \u00fath\u00e1l\u00f3zat \u00e9s \u00f6t koncentrikus gy\u0171r\u0171 egyenletesen osztja el a forgalmat. Az E70 \u00e9s E671 eur\u00f3pai \u00fatvonalak, valamint a 6-os, 59-es \u00e9s 69-es f\u0151utak itt futnak \u00f6ssze. A g\u00e9pkocsitulajdonl\u00e1s 1990 ut\u00e1n sz\u00e1rnyalt, 2017-re 2,66 lakosra vet\u00edtve egy j\u00e1rm\u0171vet. Az elektromos \u00e9s plug-in hibrid j\u00e1rm\u0171vek t\u00f6lt\u0151infrastrukt\u00far\u00e1ja tizenhat \u00e1llom\u00e1st \u00e9s egy k\u00f6zpontot foglal mag\u00e1ban a 700 t\u00e9ren.<\/p>\n<p>A t\u00f6megk\u00f6zleked\u00e9s az STPT hat\u00e1lya al\u00e1 tartozik, kilenc villamosvonallal, nyolc trolibuszvonallal, harmincegy buszj\u00e1rattal, \u00e9s 2018 \u00f3ta egy, a velencei vaporettire eml\u00e9keztet\u0151 v\u00edzibusz-j\u00e1rattal. A v\u00e1rosi t\u00f6megk\u00f6zleked\u00e9s 45 sz\u00e1zal\u00e9k\u00e1t villamosok, 22 sz\u00e1zal\u00e9k\u00e1t trolibuszok, 18 sz\u00e1zal\u00e9k\u00e1t buszok, 15 sz\u00e1zal\u00e9k\u00e1t pedig v\u00edzibuszok bonyol\u00edtj\u00e1k le. 2019-ben Temesv\u00e1r bevezette az iskolai k\u00f6zleked\u00e9st, ezzel Rom\u00e1nia m\u00e1sodik v\u00e1rosa lett, amely ezt megtette. A taxik, az aut\u00f3k\u00f6lcs\u00f6nz\u00e9s \u00e9s a telekocsi szolg\u00e1ltat\u00e1sok kieg\u00e9sz\u00edtik az \u00c9szaki vas\u00fat\u00e1llom\u00e1s k\u00f6r\u00e9 \u00e9p\u00fclt helyk\u00f6zi buszh\u00e1l\u00f3zatot, amely az Atlas-t\u00e1rsas\u00e1gokhoz \u00e9s a FlixBus \u00fatvonalaihoz kapcsol\u00f3dik Eur\u00f3pa-szerte.<\/p>\n<p>A vas\u00fath\u00e1l\u00f3zat, amely Rom\u00e1nia egyik legr\u00e9gebbi \u00e9s legs\u0171r\u0171bb vas\u00fath\u00e1l\u00f3zata, 91,9 km\/1000 km\u00b2-es szakasz\u00e1val, Temesv\u00e1rt jelent\u0151s \u00e1ru- \u00e9s szem\u00e9lysz\u00e1ll\u00edt\u00e1si csom\u00f3pontt\u00e1 teszi. A Bukarestbe tart\u00f3 900-as vonal \u00e9s az Arad\u2013Nagyv\u00e1rad f\u0151vonal itt keresztezi egym\u00e1st, \u00e9s Magyarorsz\u00e1g fel\u00e9 is h\u00faz\u00f3dik. \u00d6t szem\u00e9lysz\u00e1ll\u00edt\u00f3 \u00e1llom\u00e1s \u2013 \u00c9szaki, Nyugati, D\u00e9li, Keleti \u00e9s a CET \u2013 naponta mintegy 174 vonatot \u00e9s 5530 utast szolg\u00e1l ki csak az \u00c9szaki \u00e1llom\u00e1son. Az 1897-ben \u00e9p\u00fclt \u00e9s a h\u00e1bor\u00fas k\u00e1rok ut\u00e1n \u00fajj\u00e1\u00e9p\u00edtett \u00e1llom\u00e1s 2021 \u00f3ta sz\u00e9lesk\u00f6r\u0171 fel\u00faj\u00edt\u00e1s alatt \u00e1ll. A teherp\u00e1lyaudvarok \u00e9s a tri\u00e1zsm\u0171veletek tartj\u00e1k fenn a region\u00e1lis ipart.<\/p>\n<p>A l\u00e9gi \u00f6sszek\u00f6ttet\u00e9st a v\u00e1rost\u00f3l 12 km-re \u00e9szakkeletre fekv\u0151 Traian Vuia nemzetk\u00f6zi rep\u00fcl\u0151t\u00e9r biztos\u00edtja. Rom\u00e1nia negyedik legforgalmasabb rep\u00fcl\u0151tere az utasforgalom alapj\u00e1n \u2013 2022-ben k\u00f6r\u00fclbel\u00fcl 1,2 milli\u00f3 utas \u2013, a Wizz Air b\u00e1zisak\u00e9nt szolg\u00e1l, \u00e9s az orsz\u00e1g l\u00e9gi \u00e1ruforgalm\u00e1nak egyharmad\u00e1t kezeli. A 2017-ben az EASA \u00e1ltal tan\u00fas\u00edtott rep\u00fcl\u0151t\u00e9r k\u00e9t \u00faj termin\u00e1llal \u00e9s egy intermod\u00e1lis \u00e1rufuvaroz\u00e1si k\u00f6zponttal b\u0151v\u00fcl. A Cioca rep\u00fcl\u0151t\u00e9r, a v\u00e1ros eredeti rep\u00fcl\u0151tere, tov\u00e1bbra is akt\u00edv a kisg\u00e9pes rep\u00fcl\u00e9s sz\u00e1m\u00e1ra.<\/p>\n<p>A Bega-csatorn\u00e1n 1967-ben le\u00e1ll\u00edtott v\u00edzi forgalom helyre\u00e1ll\u00edt\u00e1si munk\u00e1latai 2018-ban kezd\u0151dtek, hogy \u00fajra megnyiss\u00e1k a haj\u00f3z\u00e1st Szerbia fel\u00e9. A v\u00e1ros csatornaparti s\u00e9t\u00e1nyain hat \u00e1llom\u00e1ssal rendelkez\u0151 nyilv\u00e1nos vaporetto vonalak \u00fczemelnek, ami egyed\u00fcl\u00e1ll\u00f3 tulajdons\u00e1g Rom\u00e1ni\u00e1ban. A ker\u00e9kp\u00e1ros infrastrukt\u00fara t\u00f6bb mint 100 km hossz\u00fa, bele\u00e9rtve a csatorna ment\u00e9n Szerbi\u00e1ba vezet\u0151, hat\u00e1rokon \u00e1tny\u00fal\u00f3 utat \u00e9s az EuroVelo h\u00e1l\u00f3zatba val\u00f3 integr\u00e1ci\u00f3t. A 2015-ben megnyitott VeloTM 440 megosztott ker\u00e9kp\u00e1rt k\u00edn\u00e1l 25 \u00e1llom\u00e1son, amelyek napi 1500 felhaszn\u00e1l\u00f3t szolg\u00e1lnak ki. Az elektromos rollerek 2019-ben csatlakoztak a v\u00e1rosi flott\u00e1hoz.<\/p>\n<p>Temesv\u00e1r \u00e9p\u00edt\u00e9szeti \u00f6r\u00f6ks\u00e9ge nagyj\u00e1b\u00f3l 14 500 t\u00f6rt\u00e9nelmi \u00e9p\u00edtm\u00e9nyt foglal mag\u00e1ban, amelyek barokk, neoklasszicista, eklektikus, szecesszi\u00f3s \u00e9s b\u00e9csi szecesszi\u00f3s st\u00edlusokat \u00f6lelnek fel. A Hunyadi-v\u00e1r \u2013 a legr\u00e9gebbi \u00e9p\u00fclet \u2013 ad otthont a B\u00e1ns\u00e1gi M\u00fazeumnak, \u00e9s a tizen\u00f6t\u00f6dik sz\u00e1zadt\u00f3l kezdve \u0151rzi az elemeket. A v\u00e1rosi mag tov\u00e1bbra is t\u00f6bbmagv\u00fa: a Cetate er\u0151d \u00f6vezet\u00e9t a Fabric, a Iosefin \u00e9s az Erzs\u00e9bet-palota veszi k\u00f6r\u00fcl, mindegyik v\u00e1rosr\u00e9sz a n\u00f6veked\u00e9s k\u00fcl\u00f6nb\u00f6z\u0151 korszakait t\u00fckr\u00f6zi.<\/p>\n<p>Cetate-ben, a tizennyolcadik sz\u00e1zadi belv\u00e1rosban m\u0171eml\u00e9k st\u00e1tusz\u00fa \u00e9p\u00fcletek tal\u00e1lhat\u00f3k, amelyek h\u00e1rom egym\u00e1st k\u00f6vet\u0151 t\u00e9r k\u00f6r\u00e9 csoportosulnak. Az Uni\u00f3 t\u00e9r (Pia\u021ba Unirii), amelyet a r\u00f3mai katolikus d\u00f3m \u00e9s a barokk palota keretez, \u00e9les ellent\u00e9tben \u00e1ll a Gy\u0151zelem t\u00e9rrel (Pia\u021ba Victoriei), ahol a Nemzeti Sz\u00ednh\u00e1z \u00e9s a Nagytemplom egy sz\u00e9les gyalogoskorz\u00f3n n\u00e9z szembe egym\u00e1ssal. A Szabads\u00e1g t\u00e9r (Pia\u021ba Libert\u0103\u021bii) \u00f6sszek\u00f6ti a kett\u0151t, amelyet egykori katonai adminisztrat\u00edv \u00e9p\u00fcletek szeg\u00e9lyeznek, \u00e9s a Szent Gy\u00f6rgy t\u00e9r, az 1989-es felkel\u00e9s helysz\u00edne, amelyet v\u00e9d\u0151szentj\u00e9nek lovas szobra koron\u00e1z.<\/p>\n<p>A Fabric elnevez\u00e9se a textilm\u0171helyekre \u00e9s s\u00f6rf\u0151zd\u00e9kre utal. A Traianus t\u00e9r, az Uni\u00f3 t\u00e9r kisebb v\u00e1ltozata, egy 1755-b\u0151l sz\u00e1rmaz\u00f3 szerb ortodox templomnak ad otthont, m\u00edg a szomsz\u00e9dos \u00e9p\u00fcletek a 19. sz\u00e1zad v\u00e9gi szecesszi\u00f3t t\u00fckr\u00f6zik. Az Iosefin meg\u0151rizte b\u00e1n\u00e1ti sv\u00e1b falusi eredet\u00e9nek nyomait, amelyeket az 1868 ut\u00e1n \u00e9p\u00fclt eklektikus \u00e9s szecesszi\u00f3s k\u00fari\u00e1k fednek. Nevezetes \u00e9p\u00edtm\u00e9nyei k\u00f6z\u00e9 tartozik a V\u00edzi Palota, a D\u00e9lvid\u00e9ki Kaszin\u00f3 \u00e9s a Cserm\u00e1k ikerpalot\u00e1i. Az Elisabetin 1892-es er\u0151d\u00edtm\u00e9nylebont\u00e1sa ut\u00e1ni terjeszked\u00e9s sor\u00e1n neobarokk vill\u00e1k szeg\u00e9lyeztek r\u00e1csos utc\u00e1kat, valamint a M\u00e1ria t\u00e9ren tal\u00e1lhat\u00f3 Szent M\u00e1ria neorom\u00e1n st\u00edlus\u00fa eml\u00e9km\u0171v\u00e9t. A Nicolae B\u0103lcescu t\u00e9r egy 57 m\u00e9ter magas katolikus templom mellett magasodik, m\u00edg a Pleven teret olyan szecesszi\u00f3s rezidenci\u00e1k \u00f6vezik, mint a P\u00e1v\u00e1s h\u00e1z.<\/p>\n<p>Temesv\u00e1r h\u00e1rom \u00e9vsz\u00e1zad alatt egy er\u0151d\u00edtett mocsaras vid\u00e9kr\u0151l metropolissz\u00e1 fejl\u0151d\u00f6tt, ahol a foly\u00f3parti t\u00e1j, az \u00e9p\u00edt\u00e9szet \u00e9s az innov\u00e1ci\u00f3 tal\u00e1lkozik. Kultur\u00e1lis int\u00e9zm\u00e9nyei \u2013 h\u00e1rom \u00e1llami sz\u00ednh\u00e1z, egy operah\u00e1z, egy filharm\u00f3nia \u00e9s sz\u00e1mos gal\u00e9ria \u2013 akt\u00edv fesztiv\u00e1l- \u00e9s ki\u00e1ll\u00edt\u00e1si programot m\u0171k\u00f6dtetnek. Az Eurocities tags\u00e1ga \u00e9s a 2016-os Rom\u00e1n Ifj\u00fas\u00e1gi F\u0151v\u00e1rosnak val\u00f3 kit\u00fcntet\u00e9s megel\u0151zte a 2023-as Eur\u00f3pa Kultur\u00e1lis F\u0151v\u00e1rosa c\u00edm megszerz\u00e9s\u00e9t, amelyet Veszpr\u00e9mmel \u00e9s Elefin\u00e1val megosztva kapott. A v\u00e1ros minden tekintetben \u2013 a foly\u00f3k helyre\u00e1ll\u00edt\u00e1s\u00e1t\u00f3l a villamosmeg\u00faj\u00edt\u00e1sig, az egyetemi laborat\u00f3riumokt\u00f3l a nagy terekig \u2013 a k\u00eds\u00e9rletez\u00e9s \u00e9s az alkalmazkod\u00e1s vonal\u00e1t tan\u00fas\u00edtja. Temesv\u00e1r narrat\u00edv\u00e1ja a k\u00f6z\u00e9p-eur\u00f3pai urbanizmus p\u00e9ldak\u00e9pek\u00e9nt \u00e9l: egy olyan hely, ahol a t\u00f6rt\u00e9nelem \u00e1ramlatai \u00e9s a modernit\u00e1s l\u00fcktet\u00e9se egym\u00e1s mellett folynak, \u00e9s ahol minden utcai l\u00e1mpa, t\u00e9r \u00e9s akad\u00e9miai csarnok a halad\u00e1s ir\u00e1nti elk\u00f6telezetts\u00e9get tan\u00fas\u00edtja, amelyet az \u00f6r\u00f6ks\u00e9g tisztelete m\u00e9rs\u00e9kel.<\/p>","protected":false},"excerpt":{"rendered":"<p>A Nyugat-Rom\u00e1ni\u00e1ban tal\u00e1lhat\u00f3 Temesv\u00e1r Temes megye f\u0151v\u00e1rosa \u00e9s a B\u00e1ns\u00e1g t\u00e9rs\u00e9g\u00e9nek legfontosabb gazdas\u00e1gi, t\u00e1rsadalmi \u00e9s kultur\u00e1lis k\u00f6zpontja. A 2021-es n\u00e9psz\u00e1ml\u00e1l\u00e1s szerint 250 849 lakos\u00e1val Rom\u00e1nia \u00f6t\u00f6dik legn\u00e9pesebb v\u00e1rosa. A v\u00e1ros strat\u00e9giai fekv\u00e9se a Bega foly\u00f3 mellett hozz\u00e1j\u00e1rult t\u00f6rt\u00e9nelmi jelent\u0151s\u00e9g\u00e9hez \u00e9s jelenlegi jelent\u0151s\u00e9g\u00e9hez. Temesv\u00e1r nagyv\u00e1rosa mintegy 400 000 embernek ad otthont, m\u00edg a nagyobb Temes-Arad metropolisz Temes \u00e9s Arad megye lakoss\u00e1g\u00e1nak t\u00f6bb mint 70%-\u00e1t foglalja mag\u00e1ban.<\/p>","protected":false},"author":1,"featured_media":3888,"parent":11908,"menu_order":0,"comment_status":"closed","ping_status":"closed","template":"elementor_theme","meta":{"_eb_attr":"","footnotes":""},"class_list":["post-11936","page","type-page","status-publish","has-post-thumbnail"],"_links":{"self":[{"href":"https:\/\/travelshelper.com\/hu\/wp-json\/wp\/v2\/pages\/11936","targetHints":{"allow":["GET"]}}],"collection":[{"href":"https:\/\/travelshelper.com\/hu\/wp-json\/wp\/v2\/pages"}],"about":[{"href":"https:\/\/travelshelper.com\/hu\/wp-json\/wp\/v2\/types\/page"}],"author":[{"embeddable":true,"href":"https:\/\/travelshelper.com\/hu\/wp-json\/wp\/v2\/users\/1"}],"replies":[{"embeddable":true,"href":"https:\/\/travelshelper.com\/hu\/wp-json\/wp\/v2\/comments?post=11936"}],"version-history":[{"count":0,"href":"https:\/\/travelshelper.com\/hu\/wp-json\/wp\/v2\/pages\/11936\/revisions"}],"up":[{"embeddable":true,"href":"https:\/\/travelshelper.com\/hu\/wp-json\/wp\/v2\/pages\/11908"}],"wp:featuredmedia":[{"embeddable":true,"href":"https:\/\/travelshelper.com\/hu\/wp-json\/wp\/v2\/media\/3888"}],"wp:attachment":[{"href":"https:\/\/travelshelper.com\/hu\/wp-json\/wp\/v2\/media?parent=11936"}],"curies":[{"name":"wp","href":"https:\/\/api.w.org\/{rel}","templated":true}]}}