{"id":11927,"date":"2024-09-14T21:03:19","date_gmt":"2024-09-14T21:03:19","guid":{"rendered":"https:\/\/travelshelper.com\/staging\/?page_id=11927"},"modified":"2026-03-12T21:17:22","modified_gmt":"2026-03-12T21:17:22","slug":"nagyszeben","status":"publish","type":"page","link":"https:\/\/travelshelper.com\/hu\/destinations\/europe\/romania\/sibiu\/","title":{"rendered":"Nagyszeben"},"content":{"rendered":"<p>Nagyszeben Rom\u00e1nia Erd\u00e9ly\u00e9nek sz\u00edv\u00e9ben fekszik, a 2021-es n\u00e9psz\u00e1ml\u00e1l\u00e1s adatai szerint 134 309 lakos\u00fa v\u00e1ros, amely a term\u00e9keny Cibin-medence ter\u00fclet\u00e9n fekszik, mintegy 275 kilom\u00e9terre Bukarestt\u0151l \u00e9szaknyugatra, \u00e9s a Cibin foly\u00f3, az Olt mell\u00e9kfoly\u00f3ja ment\u00e9n folyik. Az Erd\u00e9lyi Fejedelems\u00e9g f\u0151v\u00e1rosa volt 1692\u20131791 \u00e9s 1849\u20131865 k\u00f6z\u00f6tt, \u00e9s 1876-ig az Erd\u00e9lyi Sz\u00e1sz Egyetem sz\u00e9khelye volt, ma pedig Nagyszeben megye sz\u00e9khelye. K\u00f6z\u00e9pkori magja, amely 2004 \u00f3ta szerepel az UNESCO ideiglenes vil\u00e1g\u00f6r\u00f6ks\u00e9gi list\u00e1j\u00e1n, a rom\u00e1n, germ\u00e1n \u00e9s magyar hat\u00e1sok kever\u00e9k\u00e9r\u0151l tan\u00faskodik, amelyek form\u00e1lt\u00e1k a v\u00e1ros kult\u00far\u00e1j\u00e1t, gazdas\u00e1g\u00e1t \u00e9s v\u00e1rosi sz\u00f6vet\u00e9t, amely nemzetk\u00f6zi h\u00edr\u0171.<\/p>\n<p>Nagyszeben eredete abban rejlik, hogy a k\u00f6z\u00e9pkorban az erd\u00e9lyi sz\u00e1szok f\u0151 k\u00f6zigazgat\u00e1si \u00e9s kultur\u00e1lis k\u00f6zpontjak\u00e9nt jelent meg. A v\u00e1rost a n\u00e9met telepesek alap\u00edtott\u00e1k az Ostsiedlung idej\u00e9n, dialektusukban H\u00e4rmeschtat n\u00e9ven \u2013 ami szorosan kapcsol\u00f3dik a luxemburgihoz \u2013, latinul pedig Cibinium n\u00e9ven ismert\u00e9k. A sz\u00e1sz auton\u00f3mia megszil\u00e1rdul\u00e1sa a XIV. \u00e9s XV. sz\u00e1zadban er\u0151d\u00edtm\u00e9nyekkel \u00e9s int\u00e9zm\u00e9nyekkel ruh\u00e1zta fel Nagyszebent, amelyek al\u00e1t\u00e1masztott\u00e1k region\u00e1lis jelent\u0151s\u00e9g\u00e9t. A Hecht-h\u00e1z, amely a XIX. sz\u00e1zad v\u00e9g\u00e9ig az Erd\u00e9lyi Sz\u00e1sz Egyetem sz\u00e9khelye volt, a v\u00e1ros oktat\u00e1si k\u00f6zpontjak\u00e9nt bet\u00f6lt\u00f6tt szerep\u00e9t jelentette az Erd\u00e9lyben sz\u00e9tsz\u00f3rt sz\u00e1sz k\u00f6z\u00f6ss\u00e9gek sz\u00e1m\u00e1ra. A XVIII. sz\u00e1zad folyam\u00e1n a v\u00e1rosi elit fel\u00fcgyelte a fallal k\u00f6r\u00fclvett ter\u00fclet kib\u0151v\u00edt\u00e9s\u00e9t \u00e9s a ma is fennmaradt polg\u00e1ri nevezetess\u00e9gek \u00e9p\u00edt\u00e9s\u00e9t, bele\u00e9rtve a h\u00edres tet\u0151t\u00e9ri ablakokat is, amelyek Nagyszebent a \u201eSzem\u0171 v\u00e1ros\u201d g\u00fanyn\u00e9vvel illett\u00e9k.<\/p>\n<p>F\u00f6ldrajzilag Nagyszeben strat\u00e9giai helyen tal\u00e1lhat\u00f3 Rom\u00e1nia f\u00f6ldrajzi k\u00f6z\u00e9ppontja k\u00f6zel\u00e9ben, a 45,7928\u00b0 \u00c9, 24,1521\u00b0 K koordin\u00e1t\u00e1kon, amelyet a Fogarasi, a Cibini \u00e9s a Lotru-hegys\u00e9g \u00f6lel k\u00f6r\u00fcl. \u00c9szaki \u00e9s keleti hat\u00e1r\u00e1t a T\u00e2rnavelor-fenns\u00edk jel\u00f6li, amely a Gu\u0219teri\u021bei-dombon kereszt\u00fcl ereszkedik le a foly\u00f3v\u00f6lgybe. Ezek a k\u00f6rnyez\u0151 hegyvid\u00e9kek nemcsak a v\u00e1ros mikrokl\u00edm\u00e1j\u00e1t alak\u00edtott\u00e1k \u2013 amely \u00e1tlagosan \u00e9vi 8-9 \u00b0C, mintegy 120 nap kem\u00e9ny fagydal \u00e9s 643,7 millim\u00e9ter csapad\u00e9kkal \u2013, hanem vonzerej\u00e9t is az alpesi kikapcsol\u00f3d\u00e1s kapujak\u00e9nt szolg\u00e1lj\u00e1k. A k\u00f6zeli P\u0103ltini\u0219 \u00e9s Arena Plato\u0219 s\u00edk\u00f6zpontok a t\u00e9li sportok szerelmeseit vonzz\u00e1k, m\u00edg a t\u00far\u00e1z\u00f3k ny\u00e1ron a Fogarasi-hegys\u00e9gbe mer\u00e9szkednek.<\/p>\n<p>Nagyszeben \u00e9p\u00edtett k\u00f6rnyezete a korszakok \u00e9s st\u00edlusok r\u00e9tegz\u0151d\u00e9s\u00e9t t\u00fckr\u00f6zi. A kiv\u00e1l\u00f3 \u00e1llapotban meg\u0151rz\u00f6tt k\u00f6z\u00e9pkori citadella keskeny utc\u00e1k labirintus\u00e1t \u00f6leli fel, melyeket g\u00f3tikus \u00e9s renesz\u00e1nsz h\u00e1zak szeg\u00e9lyeznek. A Nagy t\u00e9r (Pia\u0163a Mare) \u00e9s a Kis t\u00e9r (Pia\u021ba Mic\u0103) alkotj\u00e1k a k\u00f6z\u00e9let k\u00f6zpontj\u00e1t. A k\u00f6rnyez\u0151 \u00e1rk\u00e1dok, tornyok \u00e9s polg\u00e1ri \u00e9p\u00fcletek \u2013 k\u00f6zt\u00fck a Brukenthal-palota \u2013 ma m\u00fazeumok konstell\u00e1ci\u00f3j\u00e1nak adnak otthont. A Brukenthal Nemzeti M\u00fazeum mag\u00e1ban foglal egy k\u00e9pt\u00e1rat, egy r\u00e9gi k\u00f6nyvek k\u00f6nyvt\u00e1r\u00e1t, egy t\u00f6rt\u00e9neti m\u00fazeumot, egy 16. sz\u00e1zadi gy\u00f3gyszert\u00e1rm\u00fazeumot, egy term\u00e9szettudom\u00e1nyi gy\u0171jtem\u00e9nyt, valamint egy fegyver- \u00e9s vad\u00e1sztr\u00f3fea-t\u00e1rat. A v\u00e1rosfalakon t\u00fal az ASTRA Nemzeti M\u00fazeumkomplexum 96 hekt\u00e1ron ter\u00fcl el a Dumbrava-erd\u0151ben, amely szabadt\u00e9ri n\u00e9prajzi ki\u00e1ll\u00edt\u00e1st \u00e9s kisebb fedett int\u00e9zm\u00e9nyeket mutat be, amelyek a n\u00e9pm\u0171v\u00e9szetnek, az erd\u00e9lyi civiliz\u00e1ci\u00f3nak \u00e9s a roma kult\u00far\u00e1nak szentelt\u00e9k magukat.<\/p>\n<p>Nagyszeben kultur\u00e1lis \u00e9lete eg\u00e9sz \u00e9vben l\u00fcktet. Az 1787-ben alap\u00edtott Radu Stanca Nemzeti Sz\u00ednh\u00e1z rom\u00e1n \u00e9s n\u00e9met nyelv\u0171 reperto\u00e1rt tart fenn olyan igazgat\u00f3k alatt, mint Tompa G\u00e1bor \u00e9s Silviu Purc\u0103rete. Az \u00c1llami Filharmonikus Zenekar hetente ad koncerteket a fel\u00faj\u00edtott Thalia Csarnokban, amely maga is 18. sz\u00e1zadi el\u0151ad\u00e1sok helysz\u00edne. A Gong Sz\u00ednh\u00e1z a b\u00e1boz\u00e1sra \u00e9s a pantomimra specializ\u00e1l\u00f3dott, megsz\u00f3l\u00edtva a fiatalabb k\u00f6z\u00f6ns\u00e9get. Az Evang\u00e9likus Sz\u00e9kesegyh\u00e1zban tartott orgonahangversenyek \u00e9s az Ortodox Sz\u00e9kesegyh\u00e1zban tartott k\u00f3rusbemutat\u00f3k liturgikus visszhangot k\u00f6lcs\u00f6n\u00f6znek a v\u00e1ros koncertnapt\u00e1r\u00e1nak. 1993 \u00f3ta minden \u00e9vben megrendez\u00e9sre ker\u00fcl\u0151 Nagyszebeni Nemzetk\u00f6zi Sz\u00ednh\u00e1zi Fesztiv\u00e1l a vil\u00e1g legnagyobb el\u0151ad\u00f3m\u0171v\u00e9szeti tal\u00e1lkoz\u00f3j\u00e1v\u00e1 n\u0151tte ki mag\u00e1t, m\u00edg k\u00f6z\u00e9pkori par\u00e1d\u00e9k, jazz-, film- \u00e9s rockfesztiv\u00e1lok pezsd\u00edtik a v\u00e1rost eg\u00e9sz \u00e9vben. A kiemelt programok k\u00f6z\u00e9 tartozik az augusztusi K\u00f6z\u00e9pkori Fesztiv\u00e1l, a ny\u00e1ri Artmania \u00e9s Rockin&#039; Transilvania fesztiv\u00e1lok, az Astra Film dokumentumfilm fesztiv\u00e1l \u00e9s a Carl Filtsch zongoraverseny.<\/p>\n<p>2007 \u00f3ta, amikor Nagyszeben \u00e9s Luxemburg v\u00e1rosa megosztva viselte az Eur\u00f3pa Kultur\u00e1lis F\u0151v\u00e1rosa c\u00edmet, a v\u00e1ros magja \u00e1tfog\u00f3 fel\u00faj\u00edt\u00e1son esett \u00e1t. Az egy\u00fcttm\u0171k\u00f6d\u00e9sen alapul\u00f3 kultur\u00e1lis program \u00fcnnepelte Nagyszeben sz\u00e1sz \u00f6r\u00f6ks\u00e9g\u00e9t, \u00e9s er\u0151s\u00edtette a kapcsolatokat Luxemburggal, ami fellend\u00edtette a nemzetk\u00f6zi turizmust. A Forbes 2008-ban \u201eEur\u00f3pa 8. legidillikusabb lak\u00f3hely\u00e9nek\u201d nevezte Nagyszebent, 2019-ben pedig az IGCAT Eur\u00f3pai Gasztron\u00f3miai R\u00e9gi\u00f3nak nevezte ki a v\u00e1rost, elismerve a kulin\u00e1ris \u00f6r\u00f6ks\u00e9g \u00e9s a t\u00f6bbnemzetis\u00e9g\u0171 hagyom\u00e1nyok ir\u00e1nti elk\u00f6telezetts\u00e9g\u00e9t. A helyi termel\u0151k, a k\u00f6rnyez\u0151 falvakban m\u0171k\u00f6d\u0151 m\u0171helyek \u00e9s a gasztron\u00f3miai k\u00f6rutak ma m\u00e1r kiemelik a r\u00e9gi\u00f3 k\u00e9zm\u0171ves \u00e9lelmiszer-kult\u00far\u00e1j\u00e1t.<\/p>\n<p>A Pia\u0163a Mare-n 2007 \u00f3ta megrendezett kar\u00e1csonyi v\u00e1s\u00e1r Rom\u00e1nia minden t\u00e1j\u00e1r\u00f3l \u00e9s azon t\u00falr\u00f3l is vonzza a l\u00e1togat\u00f3kat. A b\u00e9csi hagyom\u00e1nyok ihlette \u00e9s az Osztr\u00e1k Nagyk\u00f6vets\u00e9g szoci\u00e1lis attas\u00e9ja, Barbara Sch\u00f6fnagel \u00e1ltal bemutatott piac a Kis t\u00e9ren tal\u00e1lhat\u00f3 harmincnyolc standr\u00f3l a Nagy t\u00e9ren tal\u00e1lhat\u00f3 mintegy hetven standra b\u0151v\u00fclt, kar\u00e1csonyi koncertekkel, j\u00e9gp\u00e1ly\u00e1val \u00e9s gyermekfoglalkoz\u00e1sokkal k\u00eds\u00e9rve. 2013-ban Eur\u00f3pa tizen\u00f6t legszebb kar\u00e1csonyi v\u00e1s\u00e1r\u00e1nak list\u00e1j\u00e1ra ker\u00fclt.<\/p>\n<p>Demogr\u00e1fiailag Nagyszeben ingadoz\u00e1sokat tapasztalt. A 2011-es n\u00e9psz\u00e1ml\u00e1l\u00e1s 147 245 lakost regisztr\u00e1lt, ami \u00f6t sz\u00e1zal\u00e9kkal kevesebb, mint 2002-ben, m\u00edg egy 2017-es becsl\u00e9s szerint a lakoss\u00e1g sz\u00e1ma 169 316 f\u0151 volt \u2013 ez az \u00fajb\u00f3li n\u00f6veked\u00e9s meghaladta az 1992-es cs\u00facsot. A 2021-es n\u00e9psz\u00e1ml\u00e1l\u00e1s azonban 134 309 lakost jegyzett a v\u00e1ros hat\u00e1rain bel\u00fcl. A rom\u00e1n etnikai csoportok ma a lakoss\u00e1g 95,9 sz\u00e1zal\u00e9k\u00e1t teszik ki, a magyarok, n\u00e9metek (erd\u00e9lyi sz\u00e1szok), rom\u00e1k \u00e9s kisebb kisebbs\u00e9gek teszik teljess\u00e9 a multikultur\u00e1lis mozaikot.<\/p>\n<p>Gazdas\u00e1gi szempontb\u00f3l Nagyszeben Rom\u00e1nia egyik legdinamikusabb v\u00e1rosa. Vir\u00e1gzott a k\u00fclf\u00f6ldi befektet\u00e9s az aut\u00f3ipari alkatr\u00e9szgy\u00e1rt\u00e1sban, a gy\u00e1rakat a ThyssenKrupp Bilstein-Compa, a Takata, a Continental Automotive Systems, a Marquardt Group \u00e9s az NTN-SNR \u00fczemelteti. A textilipar, az agr\u00e1ripar \u00e9s az elektromos alkatr\u00e9szek gy\u00e1rt\u00e1sa \u2013 j\u00f3 p\u00e9lda erre a Siemens \u2013 kieg\u00e9sz\u00edti a neh\u00e9zipart. A nagyszebeni t\u0151zsde, amely egykor Rom\u00e1nia m\u00e1sodik legnagyobb t\u0151zsd\u00e9je volt, 2018-ban egyes\u00fclt a bukarestivel. K\u00e9t ipari z\u00f3na szeg\u00e9lyezi a v\u00e1ros keleti \u00e9s nyugati perem\u00e9t, m\u00edg a k\u00f6zeli \u0218elimb\u0103rban tal\u00e1lhat\u00f3 kereskedelmi k\u00f6zpont egy nagy bev\u00e1s\u00e1rl\u00f3k\u00f6zpontnak \u00e9s kiskereskedelmi \u00fczleteknek ad otthont. A turizmus is a helyi gazdas\u00e1g egyik pill\u00e9r\u00e9v\u00e9 v\u00e1lt, hozz\u00e1j\u00e1rul\u00e1sa a 2007-es kultur\u00e1lis f\u0151v\u00e1ros \u00e9ve \u00f3ta megn\u0151tt.<\/p>\n<p>Nagyszeben j\u00f3l fejlett k\u00f6zleked\u00e9si h\u00e1l\u00f3zattal rendelkezik. A Nagyszebeni Nemzetk\u00f6zi Rep\u00fcl\u0151t\u00e9r k\u00f6zvetlen\u00fcl \u00f6sszek\u00f6ti a v\u00e1rost N\u00e9metorsz\u00e1g, Ausztria, az Egyes\u00fclt Kir\u00e1lys\u00e1g, \u00cdrorsz\u00e1g \u00e9s Spanyolorsz\u00e1g \u00fati c\u00e9ljaival. Sz\u00e1razf\u00f6ld\u00f6n az A1-es aut\u00f3p\u00e1lya elker\u00fcl\u0151 \u00fatja 2010 december\u00e9ben ny\u00edlt meg, enyh\u00edtve a nagy forgalmat \u00e9s a magyar hat\u00e1r fel\u00e9 vezet\u0151 \u00fatvonal r\u00e9sz\u00e9t k\u00e9pezve, a fennmarad\u00f3 szakaszok befejez\u00e9s\u00e9t 2025-re tervezik. A DN1, DN7 \u00e9s DN14-es f\u0151utak Nagyszebenben keresztezik egym\u00e1st, m\u00edg az E68 \u00e9s E81 eur\u00f3pai \u00fatvonalak keresztezik a hat\u00e1rait. A vas\u00fati szolg\u00e1ltat\u00e1sok a Brass\u00f3t, Fogarast, Nagyszebent, Szimer\u00e9t \u00e9s Aradot \u00f6sszek\u00f6t\u0151 200-as f\u0151vonalon \u00e9s a Medgyesig tart\u00f3 206-os vonalon k\u00f6zlekednek, \u00f6t \u00e1llom\u00e1ssal, k\u00f6zt\u00fck a f\u0151p\u00e1lyaudvarral (Gara Mare) \u00e9s a kisp\u00e1lyaudvarral (Gara Mic\u0103). Az interregion\u00e1lis \u201eK\u00e9k Ny\u00edl\u201d vonatok Nagyszebent Kolozsv\u00e1rral, Brass\u00f3val, Craiov\u00e1val, Temesv\u00e1rral \u00e9s Bukaresttel k\u00f6tik \u00f6ssze. Bels\u0151leg a Tursib \u00e1tfog\u00f3 buszh\u00e1l\u00f3zatot \u00fczemeltet, a ker\u00e9kp\u00e1ros infrastrukt\u00fara pedig 43 kilom\u00e9ternyi s\u00e1vra b\u0151v\u00fclt, a Cibin foly\u00f3 menti z\u00f6ld folyos\u00f3 v\u00e1rhat\u00f3an 2023-ra k\u00e9sz\u00fcl el. A ker\u00e9kp\u00e1rmegoszt\u00f3 szolg\u00e1ltat\u00e1sok tov\u00e1bb \u00f6szt\u00f6nzik a fenntarthat\u00f3 mobilit\u00e1st.<\/p>\n<p>Z\u00f6ldter\u00fcletek \u00e1radnak sz\u00e9t a v\u00e1rosban. A Parcul Cet\u0103\u021bii, amely mag\u00e1ban foglalja a k\u00e9s\u0151 tizennyolcadik sz\u00e1zadi s\u00e9t\u00e1nyt, \u00e9s az 1857 \u00e9s 1859 k\u00f6z\u00f6tt l\u00e9trehozott Sub Arini park az orsz\u00e1g legjobban karbantartott kertjei k\u00f6z\u00e9 tartozik. Az 1879-ben alap\u00edtott Astra Park, valamint a kisebb kertek \u2013 a Tineretului, a Reconstruc\u021biei, a Corneliu Coposu, a Pet\u00f6fi S\u00e1ndor, a Pia\u021ba Cluj, a \u0218trand, a Cristianului, a \u021ai\u021beica, a Vasile Aaron \u00e9s a Lira parkok \u2013 egy\u00fcttese biztos\u00edtja, hogy Nagyszeben z\u00f6ldter\u00fcleteinek eloszl\u00e1sa \u200b\u200bmeghaladja sz\u00e1mos rom\u00e1n telep\u00fcl\u00e9s\u00e9t. A k\u00f6zpontt\u00f3l n\u00e9gy kilom\u00e9terre d\u00e9lnyugatra fekv\u0151 Dumbrava Sibiului Term\u00e9szetv\u00e9delmi Park 960 hekt\u00e1rnyi erd\u0151t, a v\u00e1rosi \u00e1llatkertet \u00e9s a N\u00e9prajzi M\u00fazeumot foglalja mag\u00e1ban, m\u00edg a k\u00f6zeli g\u0151zmozdony-m\u00fazeum mintegy negyven mozdonyt \u0151riz, amelyek k\u00f6z\u00fcl kett\u0151 ma is m\u0171k\u00f6dik.<\/p>\n<p>Nagyszeben szellemi \u00f6r\u00f6ks\u00e9ge hasonl\u00f3k\u00e9ppen t\u00fckr\u00f6zi sz\u00e1sz eredet\u00e9t \u00e9s rom\u00e1n fejl\u0151d\u00e9s\u00e9t. A r\u00e9gi\u00f3 er\u0151d\u00edtett templomai, a k\u00f6z\u00e9pkori k\u00f6z\u00f6ss\u00e9gi v\u00e9delem nyomai, a v\u00e1ros hat\u00e1rain t\u00fal is tark\u00edtj\u00e1k a vid\u00e9ket. Helyi h\u00edress\u00e9gek, mint p\u00e9ld\u00e1ul Conrad Haas \u00e9s Hermann Oberth \u2013 a rak\u00e9tatechnika \u00fatt\u00f6r\u0151i \u2013 tan\u00fas\u00edtj\u00e1k az Erd\u00e9lyi Sz\u00e1sz Egyetem \u00e1ltal t\u00e1pl\u00e1lt intellektu\u00e1lis hagyom\u00e1nyt. A digit\u00e1lis korban a nagyszebeni alap\u00edt\u00e1s\u00fa Elrond v\u00e1llalat nemzetk\u00f6zi h\u00edrn\u00e9vre tett szert eGold kriptovaluta platformj\u00e1val.<\/p>\n<p>A t\u00f6rt\u00e9nelem, a kult\u00fara, az ipar \u00e9s a f\u00f6ldrajz sz\u00e1laib\u00f3l sz\u0151ve, Nagyszeben a v\u00e1rosi folytonoss\u00e1g \u00e9s alkalmazkod\u00e1s egyed\u00fcl\u00e1ll\u00f3 p\u00e9ld\u00e1ja. K\u00f6z\u00e9pkori magja a k\u00f6z\u00f6ss\u00e9gi auton\u00f3mia \u00e9s az \u00e9p\u00edt\u00e9szeti ellen\u00e1ll\u00f3 k\u00e9pess\u00e9g tanuls\u00e1gait \u0151rzi. Sz\u00ednh\u00e1zai, m\u00fazeumai \u00e9s fesztiv\u00e1ljai a m\u0171v\u00e9szetek ir\u00e1nti tart\u00f3s elk\u00f6telezetts\u00e9gr\u0151l tan\u00faskodnak. Ipar\u00e1gai \u00e9s k\u00f6zleked\u00e9si kapcsolatai biztos\u00edtj\u00e1k szerep\u00e9t Rom\u00e1nia modern gazdas\u00e1g\u00e1ban. Ebben a v\u00e1rosban, ahol a tet\u0151t\u00e9ri ablakok macskak\u00f6ves utc\u00e1kra n\u00e9znek, \u00e9s a K\u00e1rp\u00e1tok cs\u00facsai magasodnak a horizonton, a m\u00falt \u00e9s a jelen tal\u00e1lkozik, hogy egy olyan v\u00e1rosi narrat\u00edv\u00e1t alkosson, amely ma is ugyanolyan leny\u0171g\u00f6z\u0151, mint azokban az \u00e9vsz\u00e1zadokban, amelyek k\u00f6veit form\u00e1lt\u00e1k.<\/p>","protected":false},"excerpt":{"rendered":"<p>Nagyszeben, egy b\u00e1jos v\u00e1ros Erd\u00e9lyben, Rom\u00e1ni\u00e1ban, a 2021-es n\u00e9psz\u00e1ml\u00e1l\u00e1s szerint 134 309 lakossal rendelkezik, ezzel az orsz\u00e1g 15. legnagyobb v\u00e1rosa. Ez a t\u00f6rt\u00e9nelemben \u00e9s kult\u00far\u00e1ban gazdag, k\u00f6zepes m\u00e9ret\u0171 v\u00e1ros Bukarestt\u0151l nagyj\u00e1b\u00f3l 275 kilom\u00e9terre \u00e9szaknyugatra fekszik a Cibin foly\u00f3n, az Olt foly\u00f3 mell\u00e9kfoly\u00f3j\u00e1n.<\/p>","protected":false},"author":1,"featured_media":3373,"parent":11908,"menu_order":0,"comment_status":"closed","ping_status":"closed","template":"elementor_theme","meta":{"_eb_attr":"","footnotes":""},"class_list":["post-11927","page","type-page","status-publish","has-post-thumbnail"],"_links":{"self":[{"href":"https:\/\/travelshelper.com\/hu\/wp-json\/wp\/v2\/pages\/11927","targetHints":{"allow":["GET"]}}],"collection":[{"href":"https:\/\/travelshelper.com\/hu\/wp-json\/wp\/v2\/pages"}],"about":[{"href":"https:\/\/travelshelper.com\/hu\/wp-json\/wp\/v2\/types\/page"}],"author":[{"embeddable":true,"href":"https:\/\/travelshelper.com\/hu\/wp-json\/wp\/v2\/users\/1"}],"replies":[{"embeddable":true,"href":"https:\/\/travelshelper.com\/hu\/wp-json\/wp\/v2\/comments?post=11927"}],"version-history":[{"count":0,"href":"https:\/\/travelshelper.com\/hu\/wp-json\/wp\/v2\/pages\/11927\/revisions"}],"up":[{"embeddable":true,"href":"https:\/\/travelshelper.com\/hu\/wp-json\/wp\/v2\/pages\/11908"}],"wp:featuredmedia":[{"embeddable":true,"href":"https:\/\/travelshelper.com\/hu\/wp-json\/wp\/v2\/media\/3373"}],"wp:attachment":[{"href":"https:\/\/travelshelper.com\/hu\/wp-json\/wp\/v2\/media?parent=11927"}],"curies":[{"name":"wp","href":"https:\/\/api.w.org\/{rel}","templated":true}]}}