{"id":11908,"date":"2024-09-14T20:46:24","date_gmt":"2024-09-14T20:46:24","guid":{"rendered":"https:\/\/travelshelper.com\/staging\/?page_id=11908"},"modified":"2026-03-12T21:10:24","modified_gmt":"2026-03-12T21:10:24","slug":"romania","status":"publish","type":"page","link":"https:\/\/travelshelper.com\/hu\/destinations\/europe\/romania\/","title":{"rendered":"Rom\u00e1nia"},"content":{"rendered":"<p>Rom\u00e1nia 238 397 n\u00e9gyzetkilom\u00e9teren fekszik K\u00f6z\u00e9p-, Kelet- \u00e9s D\u00e9lkelet-Eur\u00f3pa tal\u00e1lkoz\u00e1s\u00e1n\u00e1l, egy olyan ter\u00fcleten, amelyet a K\u00e1rp\u00e1tok gerince szel \u00e1t, \u00e9s a Fekete-tenger simogat; 19 milli\u00f3 lakos\u00e1val az Eur\u00f3pai Uni\u00f3 hatodik legn\u00e9pesebb \u00e1llama.<\/p>\n<p>Att\u00f3l a pillanatt\u00f3l kezdve, hogy valaki \u00e1tl\u00e9pi Rom\u00e1nia ter\u00fclet\u00e9t \u2013 ak\u00e1r vonattal Magyarorsz\u00e1gr\u00f3l a Pannon-s\u00edks\u00e1gon kereszt\u00fcl, aut\u00f3val Bulg\u00e1ri\u00e1b\u00f3l a lank\u00e1s d\u00e9li ol\u00e1h hegyl\u00e1bak mellett, vagy komppal Konstanca ny\u00fczsg\u0151 kik\u00f6t\u0151j\u00e9be \u2013, nyilv\u00e1nval\u00f3, hogy ezt a vid\u00e9ket a kont\u00farjai hat\u00e1rozz\u00e1k meg. A K\u00e1rp\u00e1tok \u00edve sz\u00e9les f\u00e9lholdat v\u00e1j az Ukrajna melletti \u00e9szaknyugati hat\u00e1rt\u00f3l d\u00e9lnyugatig, hossz\u00fa \u00e1rny\u00e9kokat vetve a fenns\u00edkokra \u00e9s v\u00f6lgyekre. Itt, ahol a Moldoveanu-cs\u00facs 2544 m\u00e9terre emelkedik, a kontinent\u00e1lis \u00e9ghajlat \u00e9les telet, m\u00e9rs\u00e9kelt meleg nyarakat \u00e9s csapad\u00e9kot eredm\u00e9nyez, amely a legmagasabb nyugati hegys\u00e9geket \u00e9vente t\u00f6bb mint 750 millim\u00e9ter es\u0151vel bor\u00edtja be, m\u00edg a Bukarest k\u00f6rny\u00e9ki alf\u00f6ldeken k\u00f6zel 570 millim\u00e9ter es\u0151 esik. A Duna, Eur\u00f3pa m\u00e1sodik leghosszabb foly\u00f3ja, a d\u00e9li hat\u00e1r ment\u00e9n folyik, miel\u0151tt a Duna-delta 5800 n\u00e9gyzetkilom\u00e9teres mocsaras ter\u00fclet\u00e9re \u2013 Eur\u00f3pa legnagyobb \u00f6sszef\u00fcgg\u0151 vizes \u00e9l\u0151hely\u00e9re \u00e9s figyelemre m\u00e9lt\u00f3 biodiverzit\u00e1s\u00fa bioszf\u00e9ra-rezerv\u00e1tum\u00e1ra \u2013 terjed.<\/p>\n<p>A mai Rom\u00e1nia telep\u00fcl\u00e9se az als\u00f3 paleolitikumig ny\u00falik vissza, j\u00f3val azel\u0151tt, hogy a r\u00f3mai l\u00e9gi\u00f3k partra sz\u00e1lltak volna a Fekete-tenger partj\u00e1n. \u00c9vsz\u00e1zadokon \u00e1t a D\u00e1k Kir\u00e1lys\u00e1g uralta a K\u00e1rp\u00e1t-medenc\u00e9t, m\u00edg Traianus cs\u00e1sz\u00e1r hadj\u00e1ratai a Kr. u. 2. sz\u00e1zad elej\u00e9n elind\u00edtott\u00e1k a romaniz\u00e1ci\u00f3 folyamat\u00e1t, amelynek nyelvi visszhangja m\u00e1ig fennmaradt a rom\u00e1n nyelvben. Ezt \u00e9vezredekig tart\u00f3 v\u00e1ltoz\u00f3 hat\u00e1rok \u00e9s h\u0171s\u00e9gek k\u00f6vett\u00e9k. 1859-ben Moldva \u00e9s Havasalf\u00f6ld fejedelems\u00e9gei egyes\u00fcltek Alexandru Ioan Cuza vezet\u00e9s\u00e9vel, kikrist\u00e1lyos\u00edtva a modern rom\u00e1n \u00e1llamot. Az oszm\u00e1n szuverenit\u00e1st\u00f3l val\u00f3 f\u00fcggetlens\u00e9g 1877-ben k\u00f6vetkezett be, amelyet a berlini b\u00e9keszerz\u0151d\u00e9s ratifik\u00e1lt, \u00e9s k\u00e9t \u00e9vvel k\u00e9s\u0151bb I. K\u00e1roly ker\u00fclt tr\u00f3nra Rom\u00e1nia els\u0151 kir\u00e1lyak\u00e9nt. Az els\u0151 vil\u00e1gh\u00e1bor\u00fa kisz\u00e9les\u00edtette ezeket a ter\u00fcleteket: Erd\u00e9ly, B\u00e1ns\u00e1g, Bukovina \u00e9s Besszar\u00e1bia egyes\u00fclt az \u201e\u00d3birodalommal\u201d, l\u00e9trehozva Nagy-Rom\u00e1ni\u00e1t, egy olyan \u00e1llamot, amelynek \u00e9szaki, d\u00e9li \u00e9s nyugati peremvid\u00e9ke Magyarorsz\u00e1g, Bulg\u00e1ria \u00e9s a k\u00e9s\u0151bbi Szovjetuni\u00f3 hat\u00e1rain h\u00faz\u00f3dott. Az 1940-es tengelyhatalmi nyom\u00e1s ter\u00fcletek elveszt\u00e9s\u00e9t eredm\u00e9nyezte Magyarorsz\u00e1g, Bulg\u00e1ria \u00e9s a szovjet uralom sz\u00e1m\u00e1ra, \u00e1m egy 1944 augusztusi puccs r\u00e9v\u00e9n az orsz\u00e1g a sz\u00f6vets\u00e9gesekhez csatlakozott, \u00e9s a p\u00e1rizsi b\u00e9keszerz\u0151d\u00e9sek r\u00e9v\u00e9n vissza\u00e1ll\u00edtotta \u00c9szak-Erd\u00e9lyt. A szovjet megsz\u00e1ll\u00e1s alatt I. Mih\u00e1ly kir\u00e1ly lemond\u00e1sa a szocialista k\u00f6zt\u00e1rsas\u00e1g l\u00e9trej\u00f6tt\u00e9t hozta, amely csatlakozott a Vars\u00f3i Szerz\u0151d\u00e9shez, de az 1989. decemberi forradalom sor\u00e1n felbomlott, amikor Rom\u00e1nia a liber\u00e1lis demokr\u00e1ci\u00e1t \u00e9s a piacgazdas\u00e1got v\u00e1lasztotta.<\/p>\n<p>A mai Rom\u00e1ni\u00e1t a Vil\u00e1gbank magas j\u00f6vedelm\u0171 gazdas\u00e1gk\u00e9nt, a politol\u00f3gusok pedig k\u00f6z\u00e9phatalomk\u00e9nt oszt\u00e1lyozza. F\u00e9lig eln\u00f6ki k\u00f6zt\u00e1rsas\u00e1g\u00e1t t\u00f6bbp\u00e1rtrendszer ir\u00e1ny\u00edtja, amely egyens\u00falyban tartja a v\u00e9grehajt\u00f3 \u00e9s a t\u00f6rv\u00e9nyhoz\u00f3 hatalmat, m\u00edg az Eur\u00f3pai Uni\u00f3, a NATO \u00e9s a Fekete-tengeri Gazdas\u00e1gi Egy\u00fcttm\u0171k\u00f6d\u00e9si Szervezet tags\u00e1ga kiemeli strat\u00e9giai s\u00faly\u00e1t. 2024-ben az orsz\u00e1g GDP-je v\u00e1s\u00e1rl\u00f3er\u0151-parit\u00e1son megk\u00f6zel\u00edtette a 894 milli\u00e1rd USD-t, ami egy f\u0151re jut\u00f3 47 203 USD-t jelent, egy olyan \u00e9vtized eml\u00e9k\u00e9re, amelyet a makrogazdas\u00e1gi instabilit\u00e1s \u00e9s a szesz\u00e9lyes n\u00f6veked\u00e9s jellemzett, majd 2000 \u00f3ta er\u0151teljes n\u00f6veked\u00e9si p\u00e1ly\u00e1ra \u00e1llt \u00e1t. Rom\u00e1nia 2020 szeptemberi felemelked\u00e9se a FTSE Russell indexben a hat\u00e1rpiacr\u00f3l a m\u00e1sodlagos felt\u00f6rekv\u0151 piacra t\u00fckr\u00f6zte az orsz\u00e1g fejl\u0151d\u00e9s\u00e9t; a Bukaresti \u00c9rt\u00e9kt\u0151zsde ma m\u00e1r 74 milli\u00e1rd USD piaci kapitaliz\u00e1ci\u00f3val b\u00fcszk\u00e9lkedhet, \u00e9s nyolcvanhat t\u0151zsd\u00e9n jegyzett v\u00e1llalat\u00e1n kereszt\u00fcl \u00e9vente mintegy 7,2 milli\u00e1rd USD \u00e9rt\u00e9k\u0171 keresked\u00e9st folytat. Az aut\u00f3ipar \u00e9s a kapcsol\u00f3d\u00f3 gy\u00e1rt\u00e1s a f\u0151 exportcikkek k\u00f6z\u00e9 tartozik, m\u00edg a technol\u00f3giai k\u00f6zpontk\u00e9nt val\u00f3 h\u00edrnev\u00e9t a vil\u00e1g leggyorsabb \u00e1tlagos internetsebess\u00e9gei k\u00f6z\u00e9 tartoz\u00f3k tett\u00e9k szil\u00e1rdd\u00e1.<\/p>\n<p>A k\u00f6zleked\u00e9si infrastrukt\u00fara t\u00fckr\u00f6zi ezt a dinamizmust. Rom\u00e1nia teljes \u00fath\u00e1l\u00f3zata t\u00f6bb mint 86 080 kilom\u00e9ter hossz\u00fa, Eur\u00f3pa negyedik legnagyobb vas\u00fati rendszere pedig t\u00f6bb mint 22 000 kilom\u00e9ternyi p\u00e1ly\u00e1t k\u00edn\u00e1l. A vas\u00fati k\u00f6zleked\u00e9s 1989 ut\u00e1ni visszaes\u00e9se ut\u00e1n a k\u00f6zelm\u00faltbeli beruh\u00e1z\u00e1sok \u00e9s a r\u00e9szleges privatiz\u00e1ci\u00f3 \u00fajj\u00e1\u00e9led\u00e9st eredm\u00e9nyezett, amely az orsz\u00e1g \u00e1ru- \u00e9s szem\u00e9lyforgalm\u00e1nak k\u00f6zel 45 sz\u00e1zal\u00e9k\u00e1t bonyol\u00edtja le. A f\u0151v\u00e1rosban a bukaresti metr\u00f3 \u2013 egy nyolcvan kilom\u00e9ter hossz\u00fa, 1979-ben \u00e1tadott f\u00f6ldalatti vonalakb\u00f3l \u00e1ll\u00f3 r\u00e1cs \u2013 munkanapokon t\u00f6bb mint 720 000 utast fogad. A l\u00e9gi k\u00f6zleked\u00e9st tizenhat nemzetk\u00f6zi rep\u00fcl\u0151t\u00e9r szolg\u00e1lja ki, amelyek k\u00f6z\u00fcl a legfontosabb az Otopeniben tal\u00e1lhat\u00f3 Henri Coand\u0103 International, amelyen 2017-ben t\u00f6bb mint 12,8 milli\u00f3 utas haladt \u00e1t.<\/p>\n<p>Rom\u00e1nia sz\u00e1razf\u00f6ldi ter\u00fclet\u00e9nek k\u00f6zel fel\u00e9n term\u00e9szeti adotts\u00e1gok uralkodnak, hat sz\u00e1razf\u00f6ldi \u00f6kor\u00e9gi\u00f3ra oszlanak a d\u00e9lnyugati balk\u00e1ni vegyes erd\u0151kt\u0151l a Fekete-tengert szeg\u00e9lyez\u0151 pontusi sztyepp\u00e9kig. Mintegy 10 000 n\u00e9gyzetkilom\u00e9ter \u2013 az orsz\u00e1g ter\u00fclet\u00e9nek k\u00f6r\u00fclbel\u00fcl \u00f6t sz\u00e1zal\u00e9ka \u2013 tizenh\u00e1rom nemzeti park \u00e9s h\u00e1rom bioszf\u00e9ra-rezerv\u00e1tum v\u00e9dett ter\u00fclete. Csak a Duna-delta 1688 n\u00f6v\u00e9nyfajnak \u00e9s t\u00f6bb mint 300 mad\u00e1rfajnak ad otthont, m\u00edg Rom\u00e1nia erd\u0151inek k\u00f6zel 27 sz\u00e1zal\u00e9ka \u00e9rintetlen, ami Eur\u00f3pa legnagyobb ilyen kiterjed\u00e9sei k\u00f6z\u00e9 tartozik. Az \u00e1llatvil\u00e1g nagyj\u00e1b\u00f3l 33 792 fajt foglal mag\u00e1ban \u2013 amelyek k\u00f6z\u00fcl 707 gerinces \u2013, amelyek az Oroszorsz\u00e1gon k\u00edv\u00fcli eur\u00f3pai barnamedve-popul\u00e1ci\u00f3 fel\u00e9nek, a farkasok pedig 20 sz\u00e1zal\u00e9k\u00e1nak adnak otthont. A term\u00e9szetv\u00e9delmi er\u0151fesz\u00edt\u00e9sek 23 n\u00f6v\u00e9nyfajt azonos\u00edtottak term\u00e9szeti eml\u00e9kk\u00e9nt, \u00e9s 39-et vesz\u00e9lyeztetettk\u00e9nt dokument\u00e1ltak.<\/p>\n<p>Rom\u00e1nia r\u00e9gi\u00f3i \u00f6nmagukban is t\u00f6rt\u00e9netekk\u00e9nt bontakoznak ki. Erd\u00e9ly felf\u00f6ldi sz\u00edv\u00e9t az Erd\u00e9lyi Alpok szeli \u00e1t, ahol olyan k\u00f6z\u00e9pkori v\u00e1rosok, mint Nagyszeben \u00e9s Segesv\u00e1r, t\u00f6lgyf\u00e1k \u00e1rny\u00e9k\u00e1ban \u00e1llnak. A nyugati B\u00e1ns\u00e1g a pannon s\u00edks\u00e1got barokk v\u00e1rosokkal \u00e9s n\u00e9met hat\u00e1s\u00fa falvakkal \u00f6tv\u00f6zi, amelyeket a keleti dombok erd\u0151s lejt\u0151i t\u00e1masztanak al\u00e1. A d\u00e9lnyugaton fekv\u0151 Olt\u00e9nia a K\u00e1rp\u00e1tok l\u00e1b\u00e1n\u00e1l \u0151si barlangkolostoroknak \u00e9s term\u00e1lf\u00fcrd\u0151knek ad otthont, miel\u0151tt \u00e1tadn\u00e1 a hely\u00e9t egy f\u00e9lsz\u00e1raz, sztyeppei sivatagra eml\u00e9keztet\u0151 kiterjed\u00e9snek. Az \u00e9szakkeleten fekv\u0151 D\u00e9l-Bukovina festett kolostorair\u00f3l, fresk\u00f3kkal d\u00edsz\u00edtett k\u00fcls\u0151 r\u00e9szeir\u0151l h\u00edres, amelyek titkos ikonogr\u00e1fi\u00e1kk\u00e9nt \u00e1llnak a hull\u00e1mz\u00f3 dombok k\u00f6z\u00f6tt. M\u00e1ramaros, a leg\u00e9szakibb tartom\u00e1ny, tov\u00e1bbra is a fatemplomok \u00e1csmesters\u00e9g\u00e9nek \u00e9s a paraszti hagyom\u00e1nyoknak az er\u0151ss\u00e9ge, hull\u00e1mz\u00f3 t\u00e1jait lassan foly\u00f3 patakok szelik \u00e1t. A magyar hat\u00e1r ment\u00e9n fekv\u0151 Cri\u0219ana a legt\u00f6bb sz\u00e1razf\u00f6ldi utaz\u00f3t sz\u00edvesen l\u00e1tja, akik n\u00e9ha len\u00e9zik a k\u00f6z\u00e9p-eur\u00f3pai st\u00edlus\u00fa v\u00e1rosokat \u00e9s az Erd\u00e9lyi-k\u00f6z\u00e9phegys\u00e9g mened\u00e9khelyeit. \u00c9szak-Dobrudzsa, a Fekete-tenger partj\u00e1n, g\u00f6r\u00f6g \u00e9s r\u00f3mai telep\u00fcl\u00e9sek romjait \u00f6tv\u00f6zi olyan \u00fcd\u00fcl\u0151\u00f6vezetekkel, mint Mamaia \u00e9s a Duna-delta \u00e9rintetlen vizes \u00e9l\u0151helyei. Moldva kultur\u00e1lis sz\u00f6vev\u00e9nye er\u0151d\u00edtett kolostorokat, v\u00e1s\u00e1rv\u00e1rosokat \u00e9s sz\u0151l\u0151\u00fcltetv\u00e9nyekkel tark\u00edtott lank\u00e1s s\u00edks\u00e1gokat foglal mag\u00e1ban. V\u00e9g\u00fcl Munt\u00e9nia mag\u00e1ban foglalja Bukarestet \u2013 ahol Nicolae Ceau\u0219escu \u201eN\u00e9ph\u00e1za\u201d magasodik a k\u00f6z\u00e9pkori negyedek f\u00f6l\u00e9 \u2013, valamint Vlad \u021aepe\u0219 \u0151si er\u0151d\u00edtm\u00e9nyeinek \u00e9s a Prahova-v\u00f6lgy s\u00edk\u00f6zpontjainak ol\u00e1h sz\u00edv\u00e9t.<\/p>\n<p>Rom\u00e1nia v\u00e1rosi \u00e9lete sokr\u00e9t\u0171. Bukarest, az orsz\u00e1g legnagyobb metropolisza \u00e9s p\u00e9nz\u00fcgyi k\u00f6zpontja, a tizenkilencedik sz\u00e1zadi Belle \u00c9poque sug\u00e1rutakat Ceau\u0219escu szocialista modernizmus\u00e1nak kolossz\u00e1lis \u00e9p\u00edtm\u00e9nyeivel \u00e1ll\u00edtja szembe. Kolozsv\u00e1r, Eur\u00f3pa egyik legnagyobb di\u00e1kk\u00f6z\u00f6ss\u00e9g\u00e9nek otthona, fiatalos energi\u00e1t sug\u00e1roz egyetemein \u00e9s vir\u00e1gz\u00f3 technol\u00f3giai c\u00e9gein kereszt\u00fcl. Temesv\u00e1r, amelyet gyakran emlegetnek multikultur\u00e1lis \u00f6r\u00f6ks\u00e9g\u00e9\u00e9rt \u00e9s szecesszi\u00f3s \u00e9p\u00edt\u00e9szet\u00e9\u00e9rt, az 1989-es forradalom b\u00f6lcs\u0151je volt. J\u00e1szv\u00e1s\u00e1r, egykor egy moldvai fejedelems\u00e9g f\u0151v\u00e1rosa, tov\u00e1bbra is az irodalom \u00e9s a tudom\u00e1ny k\u00f6zpontja, k\u00f6zterein barokk palot\u00e1k sorakoznak. A Fekete-tenger partj\u00e1n fekv\u0151 Konstanca egyszerre kereskedelmi kik\u00f6t\u0151 \u00e9s \u00fcd\u00fcl\u0151hely. A K\u00e1rp\u00e1tok cs\u00facsai alatt megb\u00fav\u00f3 Brass\u00f3 a hegym\u00e1sz\u00f3kat Brass\u00f3poj\u00e1n\u00e1ba, a t\u00f6rt\u00e9nelem szerelmeseit pedig a k\u00f6zeli Barcarozsny\u00f3i Citadell\u00e1ba \u00e9s az \u00fagynevezett Drakula v\u00e1r\u00e1ba vonzza. Kisebb gy\u00f6ngyszemek \u2013 Nagyszeben, Segesv\u00e1r, Gyulafeh\u00e9rv\u00e1r \u00e9s Beszterce \u2013 meg\u0151rz\u00f6tt k\u00f6z\u00e9pkori v\u00e1rosmagokat \u00e9s csendes utakat k\u00edn\u00e1lnak, ahol a macskak\u00f6vek \u00e9vsz\u00e1zados felvonul\u00e1sok \u00e9s zar\u00e1ndoklatok eml\u00e9k\u00e9t id\u00e9zik.<\/p>\n<p>A turizmus l\u00e9tfontoss\u00e1g\u00fa gazdas\u00e1gi motorr\u00e1 v\u00e1lt, a GDP mintegy \u00f6t sz\u00e1zal\u00e9k\u00e1t tette ki, \u00e9s 2024-ben 14 milli\u00f3 k\u00fclf\u00f6ldi l\u00e1togat\u00f3t vonzott. A Fekete-tenger partj\u00e1n ny\u00e1ron tov\u00e1bbra is vonz\u00f3 lehet a kikapcsol\u00f3d\u00e1s, Mamaia strandjai \u00e9s Konstanca s\u00e9t\u00e1nya \u00e9l\u00e9nk k\u00e1v\u00e9z\u00f3kkal \u00e9s gy\u00f3gyf\u00fcrd\u0151kkel teli. A telek a s\u00edel\u0151ket Sinai\u00e1ra, Predealra \u00e9s Brass\u00f3poj\u00e1n\u00e1ra cs\u00e1b\u00edtja, m\u00edg \u00c9szak-Moldva festett templomai \u00e9s M\u00e1ramaros fa szent\u00e9lyei a kultur\u00e1lis utaz\u00f3kat vonzz\u00e1k. A vid\u00e9ki turizmus vir\u00e1gzik azokban a falvakban, amelyek \u0151rzik a hagyom\u00e1nyos n\u00e9phagyom\u00e1nyt, Bran k\u00f6zels\u00e9g\u00e9t\u0151l Drakula m\u00e9rgez\u0151 nyelv\u0171 legend\u00e1j\u00e1ig Erd\u00e9ly er\u0151d\u00edtett templomaiig \u00e9s a hossz\u00fa t\u00e1v\u00fa Via Transilvanica \u00f6sv\u00e9nyig, amely t\u00edz megy\u00e9n kanyarog a lass\u00fa utaz\u00e1s eszm\u00e9nyeinek bizony\u00edt\u00e9kak\u00e9nt. A vend\u00e9gl\u00e1t\u00e1sba t\u00f6rt\u00e9n\u0151 beruh\u00e1z\u00e1sok \u2013 mintegy 400 milli\u00f3 eur\u00f3 2005-ben \u2013 moderniz\u00e1lt\u00e1k a sz\u00e1llod\u00e1kat, m\u00e9gis sok panzi\u00f3 meg\u0151rzi a n\u00e9pi \u00e9p\u00edt\u00e9szetet \u00e9s a h\u00e1zi k\u00e9sz\u00edt\u00e9s\u0171 sarmal\u00e9t (k\u00e1poszt\u00e1s tekercs). Csak a Bran v\u00e1ra \u00e9vente t\u00f6bb sz\u00e1zezer l\u00e1togat\u00f3t vonz, tornyai \u00e9s keskeny udvarai mind a k\u00f6z\u00e9pkori v\u00e9delmet, mind a modern marketinget t\u00fckr\u00f6zik. A Duna-delta tov\u00e1bbra is mened\u00e9khely a vadon \u00e9l\u0151 \u00e1llatok megfigyel\u0151inek, akik n\u00e1ddal elfojtott csatorn\u00e1kon siklanak \u00e1t fa cs\u00f3nakokban, hogy pelik\u00e1nokat \u00e9s mocs\u00e1ri r\u00e9tih\u00e9j\u00e1kat pillantsanak meg.<\/p>\n<p>Rom\u00e1nia demogr\u00e1fiai mozaikja v\u00e1ltozik. A 2021-es n\u00e9psz\u00e1ml\u00e1l\u00e1s 19 053 815 lakost regisztr\u00e1lt. A rom\u00e1n etnikai k\u00f6z\u00f6ss\u00e9gek 89,33 sz\u00e1zal\u00e9kot, a magyarok 6,05 sz\u00e1zal\u00e9kot, a rom\u00e1k pedig 3,44 sz\u00e1zal\u00e9kot tesznek ki \u2013 b\u00e1r f\u00fcggetlen becsl\u00e9sek szerint a rom\u00e1k ar\u00e1nya k\u00f6zelebb van a 8 sz\u00e1zal\u00e9khoz. A magyar k\u00f6z\u00f6ss\u00e9gek tov\u00e1bbra is t\u00f6bbs\u00e9gben vannak Hargita \u00e9s Kov\u00e1szna megy\u00e9kben, \u00e9s ukr\u00e1nok, n\u00e9metek, t\u00f6r\u00f6k\u00f6k, lipov\u00e1nok, arom\u00e1nok, tat\u00e1rok \u00e9s szerbek kis enkl\u00e1v\u00e9i tark\u00edtj\u00e1k az orsz\u00e1got. Az EU-csatlakoz\u00e1s ut\u00e1ni migr\u00e1ci\u00f3 \u00e9s az alacsony sz\u00fclet\u00e9si ar\u00e1ny fokozatos n\u00e9pess\u00e9gcs\u00f6kken\u00e9st ind\u00edtott el, mik\u00f6zben a v\u00e1rosi k\u00f6zpontok a belf\u00f6ldi \u00e1ttelep\u00fcl\u00e9sek \u00e9s a technol\u00f3giai \u00e9s aut\u00f3ipari lehet\u0151s\u00e9geket keres\u0151 k\u00fclf\u00f6ldiek miatt duzzadnak.<\/p>\n<p>Rom\u00e1nia kultur\u00e1lis \u00f6r\u00f6ks\u00e9g\u00e9t tizenegy UNESCO vil\u00e1g\u00f6r\u00f6ks\u00e9gi helysz\u00edn \u2013 hat kultur\u00e1lis \u00e9s \u00f6t term\u00e9szeti \u2013 r\u00e9v\u00e9n ismerik el, a bukovinai festett kolostorokt\u00f3l a Duna-delta \u00e9rintetlen deltarendszer\u00e9ig. Ez az elismer\u00e9s egy k\u00f6zponti paradoxont \u200b\u200bhangs\u00falyoz: Rom\u00e1nia egyszerre olyan f\u00f6ld, ahol a t\u00f6rt\u00e9nelem minden faragott fa kapuban \u00e9s patin\u00e1s mellv\u00e9dben kitapinthat\u00f3, \u00e9s egy olyan t\u00e1rsadalom, amely optikai k\u00e1belekkel \u00e9s f\u00e9lvezet\u0151gy\u00e1rakkal lend\u00edti el\u0151re mag\u00e1t a huszonegyedik sz\u00e1zadba. \u00c1thaladhatunk egy napraforg\u00f3kkal szeg\u00e9lyezett vid\u00e9ki \u00faton egy k\u00e9k boltozat alatt, hajnalban tal\u00e1lkozhatunk egy juhokat legeltet\u0151 p\u00e1sztorral, \u00e9s \u00f3r\u00e1kkal k\u00e9s\u0151bb felsz\u00e1llhatunk egy nagysebess\u00e9g\u0171 vonatra, amely Bukarest \u00fcvegfal\u00fa \u00fczleti negyed\u00e9be tart.<\/p>\n<p>A rom\u00e1n t\u00f6rt\u00e9net a konvergencia t\u00f6rt\u00e9nete: a latin nyelv vir\u00e1gz\u00e1sa szl\u00e1v, magyar \u00e9s oszm\u00e1n hat\u00e1sok k\u00f6zepette; egyetemi hallgat\u00f3k \u00e9s ortodox zar\u00e1ndokok \u00e1ltal lakott barokk terek; erd\u0151s hegyek, amelyek Eur\u00f3pa utols\u00f3 nagy h\u00fasev\u0151inek adnak otthont, \u00e9s v\u00f6lgyek, amelyek naper\u0151m\u0171vekkel vannak tele. Olyan nemzetr\u0151l van sz\u00f3, ahol a t\u00f6rt\u00e9nelem palimpszesztjei tov\u00e1bbra is l\u00e1that\u00f3ak \u2013 r\u00f3mai utak a modern aut\u00f3p\u00e1ly\u00e1k alatt, k\u00f6z\u00e9pkori c\u00e9hh\u00e1zak a f\u00e9nyes \u00fcveghomlokzatok mellett \u2013, \u00e9s ahol a GDP \u00e9s a piaci kapitaliz\u00e1ci\u00f3 gazdas\u00e1gi mutat\u00f3it a n\u00e9pdalok csendes kitart\u00e1s\u00e1val \u00e9s az alkonyati kab\u00f3cak\u00f3russal egy\u00fctt kell m\u00e9rni.<\/p>\n<p>Ebben az \u00f6sszefon\u00f3d\u00e1sban rejlik Rom\u00e1nia tart\u00f3s vonzereje: egy egyszerre \u0151si \u00e9s fejl\u0151d\u0151 orsz\u00e1g, amelynek identit\u00e1s\u00e1t a f\u00f6ldrajz \u00e9s a korszak alak\u00edtja, n\u00e9pe pedig egy olyan f\u00f6ld gazd\u00e1ja, amely tov\u00e1bbra is meglepi azokat, akik csak az ismer\u0151sre sz\u00e1m\u00edtanak. Itt minden utaz\u00e1s az id\u0151 \u00e9s a terep felfedez\u00e9se egyar\u00e1nt, \u00e9s minden v\u00e1rosi t\u00e9r megh\u00edv\u00e1s arra, hogy meghallgassuk azt a civiliz\u00e1ci\u00f3t, amely megtanulta egyens\u00falyt teremteni a rugalmass\u00e1g \u00e9s a meg\u00fajul\u00e1s k\u00f6z\u00f6tt.<\/p>","protected":false},"excerpt":{"rendered":"<p>A K\u00f6z\u00e9p-, Kelet- \u00e9s D\u00e9lkelet-Eur\u00f3pa konvergenci\u00e1j\u00e1ban strat\u00e9giailag elhelyezked\u0151 Rom\u00e1nia lakoss\u00e1ga 2023-ban megk\u00f6zel\u00edt\u0151leg 19 milli\u00f3 f\u0151. Ez a nemzet ter\u00fclet\u00e9t tekintve a tizenkettedik legnagyobb Eur\u00f3p\u00e1ban \u00e9s az Eur\u00f3pai Uni\u00f3 hatodik legn\u00e9pesebb tag\u00e1llama, 238 397 n\u00e9gyzetkilom\u00e9ternyi (92 046 n\u00e9gyzetm\u00e9rf\u00f6ldes) ter\u00fcletet \u00f6lel fel. F\u00f6ldrajzi fekv\u00e9se jellegzetes funkci\u00f3t k\u00f6lcs\u00f6n\u00f6z, \u00e9szakr\u00f3l \u00e9s keletr\u0151l Ukrajn\u00e1val, nyugatr\u00f3l Magyarorsz\u00e1ggal, d\u00e9lnyugatr\u00f3l Szerbi\u00e1val, d\u00e9lr\u0151l Bulg\u00e1ri\u00e1val \u00e9s keletr\u0151l Moldov\u00e1val hat\u00e1ros, mik\u00f6zben d\u00e9li partj\u00e1n kereszt\u00fcl a Fekete-tengerhez is hozz\u00e1f\u00e9r\u00e9st biztos\u00edt.<\/p>","protected":false},"author":1,"featured_media":4398,"parent":24078,"menu_order":0,"comment_status":"closed","ping_status":"closed","template":"elementor_theme","meta":{"_eb_attr":"","footnotes":""},"class_list":["post-11908","page","type-page","status-publish","has-post-thumbnail"],"_links":{"self":[{"href":"https:\/\/travelshelper.com\/hu\/wp-json\/wp\/v2\/pages\/11908","targetHints":{"allow":["GET"]}}],"collection":[{"href":"https:\/\/travelshelper.com\/hu\/wp-json\/wp\/v2\/pages"}],"about":[{"href":"https:\/\/travelshelper.com\/hu\/wp-json\/wp\/v2\/types\/page"}],"author":[{"embeddable":true,"href":"https:\/\/travelshelper.com\/hu\/wp-json\/wp\/v2\/users\/1"}],"replies":[{"embeddable":true,"href":"https:\/\/travelshelper.com\/hu\/wp-json\/wp\/v2\/comments?post=11908"}],"version-history":[{"count":0,"href":"https:\/\/travelshelper.com\/hu\/wp-json\/wp\/v2\/pages\/11908\/revisions"}],"up":[{"embeddable":true,"href":"https:\/\/travelshelper.com\/hu\/wp-json\/wp\/v2\/pages\/24078"}],"wp:featuredmedia":[{"embeddable":true,"href":"https:\/\/travelshelper.com\/hu\/wp-json\/wp\/v2\/media\/4398"}],"wp:attachment":[{"href":"https:\/\/travelshelper.com\/hu\/wp-json\/wp\/v2\/media?parent=11908"}],"curies":[{"name":"wp","href":"https:\/\/api.w.org\/{rel}","templated":true}]}}