{"id":11902,"date":"2024-09-14T20:29:02","date_gmt":"2024-09-14T20:29:02","guid":{"rendered":"https:\/\/travelshelper.com\/staging\/?page_id=11902"},"modified":"2026-03-12T22:12:03","modified_gmt":"2026-03-12T22:12:03","slug":"san-marino","status":"publish","type":"page","link":"https:\/\/travelshelper.com\/hu\/destinations\/europe\/san-marino\/","title":{"rendered":"San Marino"},"content":{"rendered":"<p>San Marino, hivatalos nev\u00e9n San Marino K\u00f6zt\u00e1rsas\u00e1g, egy szuver\u00e9n mikro\u00e1llam D\u00e9l-Eur\u00f3p\u00e1ban, amelyet teljes eg\u00e9sz\u00e9ben Olaszorsz\u00e1g vesz k\u00f6r\u00fcl. Az Appenninek \u00e9szakkeleti lejt\u0151in fekszik, 61 n\u00e9gyzetkilom\u00e9teren ter\u00fcl el, \u00e9s 2025-ben k\u00f6r\u00fclbel\u00fcl 34 000 lakosnak adott otthont. F\u0151v\u00e1rosa, San Marino v\u00e1rosa a Monte Titano tetej\u00e9n tal\u00e1lhat\u00f3 749 m\u00e9terrel a tengerszint felett, m\u00edg legnagyobb n\u00e9pess\u00e9gk\u00f6zpontja, a Serravalle-i Dogana k\u00f6zelebb ter\u00fcl el az alf\u00f6ldh\u00f6z. A vil\u00e1g \u00f6t\u00f6dik, Eur\u00f3pa harmadik legkisebb orsz\u00e1gak\u00e9nt San Marino az \u0151si eredetet, a tart\u00f3s int\u00e9zm\u00e9nyeket \u00e9s a zord terepet \u00f6tv\u00f6zi, hogy jellegzetes identit\u00e1st tartson fenn az olasz f\u00e9lszigeten.<\/p>\n<p>San Marino eredete legend\u00e1kban rejlik. Kr. u. 301 k\u00f6r\u00fcl Szent Marinus, egy Rab sziget\u00e9n a vall\u00e1si \u00fcld\u00f6ztet\u00e9s el\u0151l menek\u00fcl\u0151 k\u0151m\u0171ves \u00e1ll\u00edt\u00f3lag kereszt\u00e9ny k\u00f6z\u00f6ss\u00e9get alap\u00edtott a Monte Titano tetej\u00e9n. Az ezt k\u00f6vet\u0151 \u00e9vsz\u00e1zadokban ez a telep\u00fcl\u00e9s er\u0151d\u00edtett k\u00f6zs\u00e9gg\u00e9 n\u0151tte ki mag\u00e1t, amelynek auton\u00f3mi\u00e1ja t\u00fal\u00e9lte a birodalmak felemelked\u00e9s\u00e9t \u00e9s buk\u00e1s\u00e1t. 1600-ra egy \u00edrott alkotm\u00e1ny \u2013 amely ma is \u00e9rv\u00e9nyben van \u2013 r\u00f6gz\u00edtette a k\u00f6zt\u00e1rsas\u00e1gi korm\u00e1nyz\u00e1st, \u00edgy San Marino a vil\u00e1g legr\u00e9gebbi fennmaradt alkotm\u00e1nyos k\u00f6zt\u00e1rsas\u00e1ga. A francia forradalom \u00e9s a nap\u00f3leoni h\u00e1bor\u00fak z\u0171rzavara alatt a szamarai \u00e1llamf\u00e9rfiak \u00fcgyesen t\u00e1rgyaltak a f\u00fcggetlens\u00e9g\u00fckr\u0151l. A Bonaparte Nap\u00f3leonnal k\u00f6t\u00f6tt korai bar\u00e1ts\u00e1g, valamint a k\u00e9s\u0151bbi olasz republik\u00e1nusoknak, k\u00f6zt\u00fck Giuseppe Garibaldinak felaj\u00e1nlott mened\u00e9kjog seg\u00edtett biztos\u00edtani a k\u00f6zt\u00e1rsas\u00e1g hat\u00e1rait. M\u00e9g Abraham Lincoln is arra k\u00e9sztette, hogy d\u00edszpolg\u00e1rr\u00e1 adja San Marinonak, p\u00e9lda\u00e9rt\u00e9k\u0171nek dics\u00e9rve San Marino tiszteletrem\u00e9lt\u00f3 int\u00e9zm\u00e9nyeit.<\/p>\n<p>San Marino korm\u00e1ny\u00e1t tov\u00e1bbra is ez az \u00f6r\u00f6ks\u00e9g hat\u00e1rozza meg. Az \u00e1ltal\u00e1nos v\u00e1laszt\u00f3jog alapj\u00e1n megv\u00e1lasztott egykamar\u00e1s Nagy- \u00e9s \u00c1ltal\u00e1nos Tan\u00e1cs f\u00e9l\u00e9vente k\u00e9t r\u00e9genskapit\u00e1nyt v\u00e1laszt, a vezet\u0151 politikai p\u00e1rtok mindegyik\u00e9b\u0151l egyet-egyet. Ez a kett\u0151s \u00e1llamf\u0151 egyenl\u0151 hatalommal rendelkezik, eln\u00f6k\u00f6l a t\u00f6rv\u00e9nyhoz\u00e1sban \u00e9s k\u00e9pviseli a k\u00f6zt\u00e1rsas\u00e1got k\u00fclf\u00f6ld\u00f6n. Helyi szinten kilenc castelli \u2013 vagy telep\u00fcl\u00e9s \u2013, mindegyiket egy Capitano di Castello \u00e9s a tan\u00e1cs vezeti, kezeli a polg\u00e1ri \u00fcgyeket; ezeken bel\u00fcl negyvenn\u00e9gy curazie (egyh\u00e1zk\u00f6zs\u00e9gi alegys\u00e9g) a kisebb k\u00f6z\u00f6ss\u00e9geket vagy v\u00e1rosr\u00e9szeket t\u00fckr\u00f6zi.<\/p>\n<p>A k\u00f6zt\u00e1rsas\u00e1g terep\u00e9t a Monte Titano \u00e9s gerincei uralj\u00e1k, kev\u00e9s s\u00edks\u00e1g marad ut\u00e1na. Az \u00e9ghajlat p\u00e1r\u00e1s szubtr\u00f3pusi kontinent\u00e1lis hat\u00e1sokkal: a nyarak a melegt\u0151l a forr\u00f3ig terjednek, a telek h\u0171v\u00f6sek, 400 m\u00e9ter feletti magass\u00e1gban gyakori, heves havaz\u00e1ssal. A csapad\u00e9k eg\u00e9sz \u00e9vben egyenletesen oszlik el, t\u00e1pl\u00e1lva az \u0151shonos szklerofil \u00e9s f\u00e9lig lombhullat\u00f3 erd\u0151ket, amelyek a lejt\u0151ket bor\u00edtj\u00e1k, b\u00e1r a leg\u00fajabb felm\u00e9r\u00e9sek a t\u00e1j \u00f6kol\u00f3giai integrit\u00e1s\u00e1t a vil\u00e1gon a legalacsonyabbak k\u00f6z\u00e9 sorolj\u00e1k. Az Ausa foly\u00f3, amely 55 m\u00e9terrel a tengerszint felett tal\u00e1lhat\u00f3, a legalacsonyabb pont, amely kelet fel\u00e9 folyik a Marecchia-\u00f6b\u00f6lbe, miel\u0151tt el\u00e9ri az Adriai-tengert. Az id\u0151szakos patakokon k\u00edv\u00fcl nincsenek tavak vagy tavacsk\u00e1k a meredek v\u00f6lgyekben.<\/p>\n<p>Apr\u00f3 m\u00e9rete ellen\u00e9re San Marino diverzifik\u00e1lt gazdas\u00e1ggal rendelkezik. A p\u00e9nz\u00fcgyek, a k\u00f6nny\u0171ipar \u2013 k\u00fcl\u00f6n\u00f6sen az elektronika \u00e9s a ker\u00e1miaipar \u2013, a kiskereskedelem \u00e9s az idegenforgalom mind jelent\u0151s m\u00e9rt\u00e9kben hozz\u00e1j\u00e1rulnak ehhez. A k\u00f6zt\u00e1rsas\u00e1g nem tagja az Eur\u00f3pai Uni\u00f3nak, de meg\u00e1llapod\u00e1s alapj\u00e1n haszn\u00e1lja az eur\u00f3t, \u00e9s saj\u00e1t eml\u00e9k\u00e9rm\u00e9ket bocs\u00e1t ki, amelyeket a gy\u0171jt\u0151k nagyra \u00e9rt\u00e9kelnek. 2002-ig a szamarai l\u00edra, az olasz l\u00edr\u00e1hoz k\u00f6tve, szolg\u00e1lt fizet\u0151eszk\u00f6zk\u00e9nt. A mez\u0151gazdas\u00e1gi termel\u00e9s k\u00f6z\u00e9ppontj\u00e1ban a bor \u00e9s a sajt \u00e1ll, b\u00e1r a legt\u00f6bb alapvet\u0151 \u00e9lelmiszert Olaszorsz\u00e1gb\u00f3l import\u00e1lj\u00e1k. A filat\u00e9lia is j\u00f6vedelmet gener\u00e1l: San Marino postab\u00e9lyegeit, amelyek csak a hat\u00e1rain bel\u00fcl \u00e9rv\u00e9nyesek, nemzetk\u00f6zi szinten \u00e9rt\u00e9kes\u00edtik a filat\u00e9list\u00e1knak. Az egy f\u0151re jut\u00f3 brutt\u00f3 hazai term\u00e9k (v\u00e1s\u00e1rl\u00f3er\u0151-parit\u00e1s) alapj\u00e1n a k\u00f6zt\u00e1rsas\u00e1g a vil\u00e1g leggazdagabbjai k\u00f6z\u00e9 tartozik, az emberi fejletts\u00e9gi indexe pedig nagyj\u00e1b\u00f3l a negyvenharmadik helyre sorolja vil\u00e1gszerte.<\/p>\n<p>Demogr\u00e1fiailag San Marino lakoss\u00e1ga 2023 szeptember\u00e9ben 33 896 f\u0151 volt. K\u00f6z\u00fcl\u00fck k\u00f6r\u00fclbel\u00fcl 28 200-an rendelkeznek szamarinai \u00e1llampolg\u00e1rs\u00e1ggal, k\u00f6zel 4900-an olasz \u00e1llampolg\u00e1rok, \u00e9s mintegy 800-an m\u00e1s orsz\u00e1gb\u00f3l sz\u00e1rmaznak. Nagyj\u00e1b\u00f3l 13 000 szamarinai \u00e9l k\u00fclf\u00f6ld\u00f6n, f\u0151k\u00e9nt Olaszorsz\u00e1gban, az Egyes\u00fclt \u00c1llamokban, Franciaorsz\u00e1gban \u00e9s Argent\u00edn\u00e1ban. Az olasz a hivatalos nyelv, m\u00edg az id\u0151sebb lakosok k\u00f6r\u00e9ben tov\u00e1bbra is \u00e9l egy vesz\u00e9lyeztetett szamarinai romagnoli dialektus. A polg\u00e1rok t\u00falnyom\u00f3 t\u00f6bbs\u00e9ge \u2013 t\u00f6bb mint 97 sz\u00e1zal\u00e9ka \u2013 katolikus hitet vall, b\u00e1r nincs \u00e1llamvall\u00e1s; az egyh\u00e1zi joghat\u00f3s\u00e1g teljes m\u00e9rt\u00e9kben a Montefeltroi \u200b\u200bEgyh\u00e1zmegye al\u00e1 tartozik, amelynek p\u00fcsp\u00f6ke Olaszorsz\u00e1gban \u00e9l.<\/p>\n<p>San Marino meredek dombjainak \u00f6sszek\u00f6ttet\u00e9se szer\u00e9ny, de v\u00e1ltozatos k\u00f6zleked\u00e9si h\u00e1l\u00f3zaton alapul. A k\u00e9ts\u00e1vos San Marino aut\u00f3p\u00e1lya Serravalle-t \u00e9s Dogan\u00e1t k\u00f6ti \u00f6ssze Borgo Maggiore-val, majd tov\u00e1bb Olaszorsz\u00e1ggal, ahol az SS 72-es \u00fatt\u00e1 alakul az A14-es aut\u00f3p\u00e1lya fel\u00e9. A k\u00f6zt\u00e1rsas\u00e1gon bel\u00fcl nyolc buszj\u00e1rat indul a f\u0151v\u00e1rosb\u00f3l, amelyek az \u00f6sszes nagyobb kast\u00e9lyt \u00e9s a k\u00f3rh\u00e1zat szolg\u00e1lj\u00e1k ki, m\u00edg az olaszorsz\u00e1gi j\u00e1ratok a k\u00f6zeli olasz v\u00e1rosokat k\u00f6tik \u00f6ssze a hat\u00e1r menti telep\u00fcl\u00e9sekkel. Ezeket a szolg\u00e1ltat\u00e1sokat taxik eg\u00e9sz\u00edtik ki. H\u00edres l\u00e1tv\u00e1nyoss\u00e1g a Funivia di San Marino, az 1959-ben felavatott libeg\u0151, amelynek k\u00e9tperces \u00fatja tizen\u00f6t percenk\u00e9nt emelkedik Borgo Maggiore-b\u00f3l a f\u0151v\u00e1rosba, \u00e9vente mintegy f\u00e9lmilli\u00f3 utast sz\u00e1ll\u00edtva, \u00e9s panor\u00e1m\u00e1s kil\u00e1t\u00e1st ny\u00fajtva az adriai s\u00edks\u00e1gra. San Marino v\u00e1rosa \u00e9s Rimini k\u00f6z\u00f6tt aut\u00f3buszok is k\u00f6zlekednek, kevesebb mint egy \u00f3ra alatt megt\u00e9ve az utat.<\/p>\n<p>A l\u00e9gi utaz\u00e1shoz \u00e1tsz\u00e1ll\u00e1s sz\u00fcks\u00e9ges a szomsz\u00e9dos olasz rep\u00fcl\u0151terekre: a rimini Federico Fellini Nemzetk\u00f6zi Rep\u00fcl\u0151t\u00e9rre, a forl\u00eci Luigi Ridolfi Rep\u00fcl\u0151t\u00e9rre, az anconai Raffaello Sanzio Rep\u00fcl\u0151t\u00e9rre vagy a bolognai Guglielmo Marconi Rep\u00fcl\u0151t\u00e9rre. San Marino koncesszi\u00f3s joggal rendelkezik a rimini rep\u00fcl\u0151t\u00e9ren, \u00e9s kisebb r\u00e9szesed\u00e9ssel rendelkezik az ir\u00e1ny\u00edt\u00e1s\u00e1ban, de nincs ott v\u00e1mhivatala. A Domagnano k\u00f6zel\u00e9ben tal\u00e1lhat\u00f3 Torraccia rep\u00fcl\u0151t\u00e9r az \u00e1ltal\u00e1nos rep\u00fcl\u00e9st szolg\u00e1lja ki, \u00e9s egy helyi rep\u00fcl\u0151klubnak ad otthont oktat\u00f3, szabadid\u0151s \u00e9s turisztikai j\u00e1ratokkal. Egy 800 m\u00e9teres m\u0171eml\u00e9k vas\u00fatvonal, amelyet 2012-ben nyitottak meg \u00fajra, \u0151rzi a h\u00e1bor\u00fas Rimini\u2013San Marino villamos\u00edtott vonal utols\u00f3 patk\u00f3 alak\u00fa kanyarulat\u00e1t, amelyet egykor a m\u00e1sodik vil\u00e1gh\u00e1bor\u00fa alatt bez\u00e1rtak, majd felhagytak egy 31,5 kilom\u00e9teres \u00f6sszek\u00f6ttet\u00e9ssel. A teljes vonal \u00fajj\u00e1\u00e9leszt\u00e9s\u00e9re ir\u00e1nyul\u00f3 k\u00eds\u00e9rletek mindk\u00e9t \u00e1llamban politikai \u00e9rdekl\u0151d\u00e9st v\u00e1ltottak ki.<\/p>\n<p>A kultur\u00e1lis \u00e9let a f\u0151v\u00e1ros t\u00f6rt\u00e9nelmi k\u00f6zpontj\u00e1ban \u00f6sszpontosul, amely 2008 \u00f3ta az UNESCO Vil\u00e1g\u00f6r\u00f6ks\u00e9g r\u00e9sze a \u201eSan Marino: T\u00f6rt\u00e9nelmi k\u00f6zpont \u00e9s a Titano-hegy\u201d megnevez\u00e9ssel. K\u00f6z\u00e9pkori b\u00e1sty\u00e1k \u00f6vezik a keskeny utc\u00e1kat, amelyeket k\u0151h\u00e1zak, \u00fczletek \u00e9s \u00e9ttermek szeg\u00e9lyeznek. A H\u00e1rom Torony \u2013 Guaita (11. sz\u00e1zad), Cesta (13. sz\u00e1zad) \u00e9s Montale (14. sz\u00e1zad) \u2013 a Monte Titano cs\u00facsain \u0151rk\u00f6dik, San Marin\u00f3t jelk\u00e9pezve z\u00e1szlaj\u00e1n \u00e9s c\u00edmer\u00e9ben. A l\u00e1togat\u00f3k kombin\u00e1lt jeggyel l\u00e9phetnek be a Guaita \u00e9s a Cest\u00e1ba, m\u00edg a Montale, amely egykor b\u00f6rt\u00f6n volt, tov\u00e1bbra is z\u00e1rva tart. Cesta ad otthont az Archaikus Fegyverek M\u00fazeum\u00e1nak, amely a k\u00f6z\u00e9pkort\u00f3l a 19. sz\u00e1zadig terjed\u0151 fegyvereket mutatja be.<\/p>\n<p>A szammarin konyha t\u00fckr\u00f6zi olasz szomsz\u00e9dait, m\u00e9gis k\u00fcl\u00f6nleges finoms\u00e1gokat k\u00edn\u00e1l. A Torta Tre Monti, egy csokol\u00e1d\u00e9val bevont, ostyar\u00e9teg\u0171 s\u00fctem\u00e9ny, amely a h\u00e1rom toronyr\u00f3l kapta a nev\u00e9t, a helyi \u00e9dess\u00e9gek megtestes\u00edt\u0151je. A szer\u00e9ny bor\u00e1szat region\u00e1lis fajt\u00e1kat termel, a rusztikus kenyerek mell\u00e9 pedig v\u00e1ltozatos text\u00far\u00e1j\u00fa \u00e9s \u00edz\u0171 sajtok szolg\u00e1lnak fel.<\/p>\n<p>San Marin\u00f3ban a g\u00e9pkocsi-tulajdonl\u00e1s a vil\u00e1gon a legmagasabbak k\u00f6z\u00e9 tartozik, t\u00f6bb j\u00e1rm\u0171vel, mint lakossal. A keskeny utak minden reggel megtelnek aut\u00f3kkal, amelyek tulajdonosai a s\u00edk terep hi\u00e1ny\u00e1ban a szem\u00e9lyes mobilit\u00e1st helyezik el\u0151t\u00e9rbe. A GDP t\u00f6bb mint egy\u00f6t\u00f6d\u00e9t kitev\u0151 turizmus \u00e9vente k\u00f6zel k\u00e9tmilli\u00f3 l\u00e1togat\u00f3t vonz, akik jellemz\u0151en k\u00e9t \u00e9jszak\u00e1t t\u00f6ltenek az orsz\u00e1gban, \u00e9s nagyj\u00e1b\u00f3l minden harmadik lakosra vet\u00edtve t\u00f6bb turist\u00e1t vonzanak, mint a lakosokat.<\/p>\n<p>San Marino f\u00fcggetlen k\u00f6zt\u00e1rsas\u00e1gk\u00e9nt val\u00f3 fennmarad\u00e1sa, egyed\u00fcl\u00e1ll\u00f3 korm\u00e1nyz\u00e1sa, valamint a t\u00f6rt\u00e9nelmi sz\u00f6vet \u00e9s a modern j\u00f3l\u00e9t \u00f6tv\u00f6z\u00e9se egy olyan nemzetet eredm\u00e9nyezett, amely dacol a m\u00e9ret\u00e9vel. Hatvanegy n\u00e9gyzetkilom\u00e9teren bel\u00fcl a legr\u00e9gebbi alkotm\u00e1nyos k\u00f6zt\u00e1rsas\u00e1g \u00f6tv\u00f6zi a hegyvid\u00e9ki kil\u00e1t\u00e1st, a k\u00f6z\u00e9pkori \u00f6r\u00f6ks\u00e9get \u00e9s a kort\u00e1rs v\u00e1llalkoz\u00e1st. Lak\u00f3i Szent Marinus \u00f6r\u00f6ks\u00e9g\u00e9t \u0151rzik, az utaz\u00f3k pedig kanyarg\u00f3s utakon kapaszkodnak fel, hogy tan\u00fai legyenek egy tizenh\u00e9t \u00e9vsz\u00e1zados politik\u00e1nak \u2013 az eur\u00f3pai t\u00f6rt\u00e9nelem mikrokozmoszak\u00e9nt meg\u0151rz\u0151d\u00f6tt egy mag\u00e1nyos cs\u00facson.<\/p>","protected":false},"excerpt":{"rendered":"<p>Az Appennin-hegys\u00e9g \u00e9szakkeleti lejt\u0151in fekv\u0151 San Marino egy kis eur\u00f3pai mikro\u00e1llam, amelyet teljes eg\u00e9sz\u00e9ben Olaszorsz\u00e1g hat\u00e1rol. Valamivel t\u00f6bb mint 61 n\u00e9gyzetkilom\u00e9ter (23,5 n\u00e9gyzetm\u00e9rf\u00f6ld) ter\u00fclet\u00e9vel \u00e9s 33 642 lakos\u00e1val 2023-ban a vil\u00e1g \u00f6t\u00f6dik legkisebb nemzete. A hivatalosan San Marino K\u00f6zt\u00e1rsas\u00e1gnak vagy San Marino legnyugodtabb K\u00f6zt\u00e1rsas\u00e1g\u00e1nak nevezett kis orsz\u00e1g csek\u00e9ly hat\u00e1rain bel\u00fcl rengeteg t\u00f6rt\u00e9nelem, kult\u00fara \u00e9s gazdas\u00e1gi er\u0151 rejt\u0151zik.<\/p>","protected":false},"author":1,"featured_media":3740,"parent":24078,"menu_order":0,"comment_status":"closed","ping_status":"closed","template":"elementor_theme","meta":{"_eb_attr":"","footnotes":""},"class_list":["post-11902","page","type-page","status-publish","has-post-thumbnail"],"_links":{"self":[{"href":"https:\/\/travelshelper.com\/hu\/wp-json\/wp\/v2\/pages\/11902","targetHints":{"allow":["GET"]}}],"collection":[{"href":"https:\/\/travelshelper.com\/hu\/wp-json\/wp\/v2\/pages"}],"about":[{"href":"https:\/\/travelshelper.com\/hu\/wp-json\/wp\/v2\/types\/page"}],"author":[{"embeddable":true,"href":"https:\/\/travelshelper.com\/hu\/wp-json\/wp\/v2\/users\/1"}],"replies":[{"embeddable":true,"href":"https:\/\/travelshelper.com\/hu\/wp-json\/wp\/v2\/comments?post=11902"}],"version-history":[{"count":0,"href":"https:\/\/travelshelper.com\/hu\/wp-json\/wp\/v2\/pages\/11902\/revisions"}],"up":[{"embeddable":true,"href":"https:\/\/travelshelper.com\/hu\/wp-json\/wp\/v2\/pages\/24078"}],"wp:featuredmedia":[{"embeddable":true,"href":"https:\/\/travelshelper.com\/hu\/wp-json\/wp\/v2\/media\/3740"}],"wp:attachment":[{"href":"https:\/\/travelshelper.com\/hu\/wp-json\/wp\/v2\/media?parent=11902"}],"curies":[{"name":"wp","href":"https:\/\/api.w.org\/{rel}","templated":true}]}}