{"id":11896,"date":"2024-09-14T20:11:20","date_gmt":"2024-09-14T20:11:20","guid":{"rendered":"https:\/\/travelshelper.com\/staging\/?page_id=11896"},"modified":"2026-03-12T16:15:21","modified_gmt":"2026-03-12T16:15:21","slug":"reykjavik","status":"publish","type":"page","link":"https:\/\/travelshelper.com\/hu\/destinations\/europe\/iceland\/reykjavik\/","title":{"rendered":"Reykjav\u00edk"},"content":{"rendered":"<p>Reykjav\u00edk Izland f\u0151v\u00e1rosa \u00e9s egyben legnagyobb v\u00e1rosa, amely az orsz\u00e1g d\u00e9lnyugati r\u00e9sz\u00e9n, a Faxafl\u00f3i-\u00f6b\u00f6l d\u00e9li partj\u00e1n fekszik, az \u00e9szaki sz\u00e9less\u00e9g 64\u00b008\u2032-\u00e9n. A Seltjarnarnes-f\u00e9lszigeten fekv\u0151, alacsony n\u00e9ps\u0171r\u0171s\u00e9g\u0171 k\u00fclv\u00e1rosokkal rendelkez\u0151 v\u00e1ros 2025. janu\u00e1r 1-j\u00e9n k\u00f6r\u00fclbel\u00fcl 139 000 lakosnak adott otthont, m\u00edg a k\u00f6rnyez\u0151 f\u0151v\u00e1rosi r\u00e9gi\u00f3 mintegy 249 000 lakost sz\u00e1ml\u00e1l \u2013 ez Izland lakoss\u00e1g\u00e1nak nagyj\u00e1b\u00f3l 64 sz\u00e1zal\u00e9ka. A vil\u00e1g leg\u00e9szakibb szuver\u00e9n f\u0151v\u00e1rosak\u00e9nt Reykjav\u00edk egy olyan f\u00f6ldrajzi ter\u00fcletet foglal el, amelyet a gleccserek \u00f6r\u00f6ks\u00e9ge, a vulkanikus alapok, a dr\u00e1mai \u00e9vszakos f\u00e9nyv\u00e1ltoz\u00e1sok \u00e9s a k\u00f6z\u00e9pkori sag\u00e1kat a legmodernebb kreativit\u00e1ssal \u00f6tv\u00f6z\u0151 kultur\u00e1lis \u00e9let hat\u00e1roz meg.<\/p>\n<p>Reykjav\u00edk emberi t\u00f6rt\u00e9nete a k\u00f6z\u00e9pkori Landn\u00e1mab\u00f3k szerint akkor kezd\u0151dik, amikor Ing\u00f3lfur Arnarson Kr. u. 874 k\u00f6r\u00fcl megalap\u00edtotta az els\u0151 \u00e1lland\u00f3 norv\u00e9g telep\u00fcl\u00e9st. A legenda szerint Ing\u00f3lfur magas oszlopait a tengerbe dobta, \u00e9s megfogadta, hogy b\u00e1rhol letelepszik, ahol partra sodr\u00f3dnak; h\u00e1rom \u00e9v m\u00falva rabszolg\u00e1i megtal\u00e1lt\u00e1k \u0151ket az \u00f6b\u00f6lben, amely ma a v\u00e1ros nev\u00e9t viseli. Ezt k\u00f6vet\u0151en k\u00f6zel egy \u00e9vezredig a ter\u00fclet kev\u00e9s v\u00e1rosi fejl\u0151d\u00e9st mutatott a sz\u00e9tsz\u00f3rt farmokon \u00e9s az id\u00e9nyjelleg\u0171 t\u00e1borokon k\u00edv\u00fcl. Csak 1786-ban kapta meg Reykjav\u00edk hivatalos keresked\u0151v\u00e1rosi rangj\u00e1t, ekkor a szer\u00e9ny kik\u00f6t\u0151 \u00e9s a nyikorg\u00f3 fah\u00e1zak \u00e1tadt\u00e1k a hely\u00fcket a folyamatosan b\u0151v\u00fcl\u0151 kereskedelmi \u00e9s k\u00f6zigazgat\u00e1si funkci\u00f3knak. A tizenkilencedik sz\u00e1zad sor\u00e1n Reykjav\u00edk region\u00e1lis k\u00f6zpontt\u00e1 fejl\u0151d\u00f6tt, a huszadik sz\u00e1zadban pedig Izland vitathatatlan korm\u00e1nyzati, p\u00e9nz\u00fcgyi \u00e9s kultur\u00e1lis k\u00f6zpontj\u00e1v\u00e1 v\u00e1lt.<\/p>\n<p>Reykjav\u00edk fizikai k\u00f6rvonalait a j\u00e9g, a tenger \u00e9s a t\u0171z k\u00f6lcs\u00f6nhat\u00e1sa alak\u00edtotta. Az utols\u00f3 j\u00e9gkorszakban \u2013 mintegy 10 000 \u00e9vvel ezel\u0151ttig \u2013 egy hatalmas gleccser h\u00faz\u00f3dott a ter\u00fcleten, amelynek s\u00falya a lenti sz\u00e1razf\u00f6ldet nyomta, mik\u00f6zben a parti vizek egyre magasabbra csap\u00f3dtak a gleccserek perem\u00e9hez. Ahogy a j\u00e9g visszah\u00faz\u00f3dott \u00e9s a tengerszint cs\u00f6kkent, olyan dombok, mint az \u00d6skjuhl\u00ed\u00f0 \u00e9s a Sk\u00f3lav\u00f6r\u00f0uholt, szigetekk\u00e9nt jelentek meg, vulkanikus gy\u00f6kereik a meleg interglaci\u00e1lis id\u0151szakokra ny\u00falnak vissza, amikor a pajzsvulk\u00e1nok bazaltfolyamokat hoztak l\u00e9tre. Az \u00d6skjuhl\u00ed\u00f0 \u00fcled\u00e9kes kagyl\u00f3h\u00e9j-lerak\u00f3d\u00e1sai 43 m\u00e9terrel emelkednek a mai tengerszint f\u00f6l\u00e9, ami \u0151si partvonalakra utal. A j\u00e9g ut\u00e1ni izosztatikus visszapattan\u00e1s a sz\u00e1razf\u00f6ldet jelenlegi magass\u00e1g\u00e1ra emelte, b\u00e1r a szeizmikus reng\u00e9sek \u00e9s kit\u00f6r\u00e9sek \u2013 mint p\u00e9ld\u00e1ul a Bl\u00e1fj\u00f6llb\u00f3l mintegy 4500 \u00e9vvel ezel\u0151tt kit\u00f6r\u0151 l\u00e1va az Elli\u00f0a\u00e1-v\u00f6lgyb\u0151l az Elli\u00f0avogur-\u00f6b\u00f6lbe \u2013 tov\u00e1bbra is Izland nyugtalan geol\u00f3gi\u00e1j\u00e1nak eml\u00e9keztet\u0151i. Az Elli\u00f0a\u00e1 foly\u00f3, amely nem haj\u00f3zhat\u00f3, m\u00e9gis h\u00edres a v\u00e1rosi lazacleteleped\u00e9seir\u0151l, a keleti k\u00fclv\u00e1rosokon kereszt\u00fcl kanyarog, m\u00edg a 914 m\u00e9teres Esja-hegy gr\u00e1nit \u0151rszemk\u00e9nt magasodik a v\u00e1rosmagt\u00f3l \u00e9szaknyugatra.<\/p>\n<p>Reykjav\u00edk \u00e9szaki sz\u00e9less\u00e9g 64\u00b0-os fekv\u00e9se sz\u00e9ls\u0151s\u00e9ges ingadoz\u00e1sokat eredm\u00e9nyez a nappali f\u00e9nyben. M\u00e1jus 20. \u00e9s j\u00falius 24. k\u00f6z\u00f6tt a nap soha nem bukik le 5\u00b0-n\u00e1l m\u00e9lyebbre a horizont alatt, \u00edgy a v\u00e1rost szinte \u00e1lland\u00f3 nappali f\u00e9ny f\u00fcrdeti, m\u00edg december 2. \u00e9s janu\u00e1r 10. k\u00f6z\u00f6tt a nappali f\u00e9ny kevesebb mint \u00f6t \u00f3r\u00e1ra cs\u00f6kken, \u00e9s a nap csak k\u00f6r\u00fclbel\u00fcl 3\u00b0-kal emelkedik a horizont f\u00f6l\u00e9. Magas sz\u00e9less\u00e9gi fok ellen\u00e9re az \u00e9ghajlatot az \u00c9szak-atlanti \u00e1ramlat \u2013 a Golf-\u00e1ramlat egyik \u00e1ga \u2013 m\u00e9rs\u00e9kli, ami Reykjav\u00edknak szubpol\u00e1ris \u00f3ce\u00e1ni \u00e9ghajlatot (K\u00f6ppen Cfc) k\u00f6lcs\u00f6n\u00f6z, amely a szubarktikussal (Dfc) hat\u00e1ros. A telek viszonylag enyh\u00e9k, ritk\u00e1n s\u00fcllyednek -15 \u00b0C al\u00e1, b\u00e1r az izlandi m\u00e9lypontr\u00f3l \u00e9rkez\u0151 sz\u00e9ll\u00f6k\u00e9sek gyakori viharokat k\u00eds\u00e9rnek. A nyarak h\u0171v\u00f6sek, a h\u0151m\u00e9rs\u00e9klet leggyakrabban 10 \u00b0C \u00e9s 15 \u00b0C k\u00f6z\u00f6tt van, \u00e9s ritk\u00e1n haladja meg a 20 \u00b0C-ot. \u00c9vente k\u00f6r\u00fclbel\u00fcl 147 napon esik csapad\u00e9k, de el\u0151fordulhatnak hosszabb asz\u00e1lyok; j\u00falius \u00e9s augusztus a legmelegebb, janu\u00e1r \u00e9s febru\u00e1r a leghidegebb. Az \u00e9ves naps\u00fct\u00e9ses \u00f3r\u00e1k sz\u00e1ma \u00e1tlagosan 1300 \u00f3ra \u2013 ez \u00f6sszehasonl\u00edthat\u00f3 \u00cdrorsz\u00e1ggal vagy Sk\u00f3ci\u00e1val, de j\u00f3val kevesebb, mint a kontinent\u00e1lis Skandin\u00e1vi\u00e1ban. A rekordmagas 25,7 \u00b0C-os h\u0151m\u00e9rs\u00e9klet 2008. j\u00falius 30-\u00e1n volt, m\u00edg a rekordalacsony -24,5 \u00b0C-os h\u0151m\u00e9rs\u00e9klet 1918. janu\u00e1r 21-\u00e9n volt; a leghidegebb h\u00f3nap tov\u00e1bbra is 1918 janu\u00e1rja (\u00e1tlagosan -7,2 \u00b0C), a legmelegebb pedig 2019 j\u00faliusa (\u00e1tlagosan 13,4 \u00b0C).<\/p>\n<p>Reykjav\u00edk k\u00f6zs\u00e9g, amelynek lakoss\u00e1ga 2025. janu\u00e1r 1-j\u00e9n 138 772 f\u0151 volt, Izland teljes lakoss\u00e1g\u00e1nak mintegy 35,6 sz\u00e1zal\u00e9k\u00e1t teszi ki, m\u00edg a hat telep\u00fcl\u00e9sb\u0151l \u00e1ll\u00f3 F\u0151v\u00e1rosi R\u00e9gi\u00f3 k\u00f6r\u00fclbel\u00fcl 64 sz\u00e1zal\u00e9kot. A bev\u00e1ndorl\u00e1s \u00e1talak\u00edtotta a v\u00e1ros demogr\u00e1fiai mozaikj\u00e1t: 2024. janu\u00e1r 1-j\u00e9n az els\u0151 \u00e9s m\u00e1sodik gener\u00e1ci\u00f3s bev\u00e1ndorl\u00f3k sz\u00e1ma 33 731 f\u0151 volt \u2013 a lakoss\u00e1g k\u00f6zel egynegyede \u2013, szemben a 2019-es 17,8 sz\u00e1zal\u00e9kkal \u00e9s az 1998-as mind\u00f6ssze 2,9 sz\u00e1zal\u00e9kkal. A lengyelek, litv\u00e1nok, ukr\u00e1nok \u00e9s rom\u00e1nok alkotj\u00e1k a legnagyobb k\u00fclf\u00f6ldi kontingenst, az EU \u00e9s az EFTA \u00e1llampolg\u00e1rai az \u00fajonnan \u00e9rkez\u0151k mintegy 64,8 sz\u00e1zal\u00e9k\u00e1t teszik ki, \u00e9s k\u00f6zel a fel\u00fck a 2004 ut\u00e1n csatlakozott EU-tag\u00e1llamokb\u00f3l sz\u00e1rmazik. Reykjav\u00edk iskol\u00e1iban minden harmadik tanul\u00f3nak lehetnek k\u00fclf\u00f6ldi gy\u00f6kerei, \u00e9s a f\u0151 turisztikai szezonban a v\u00e1rosk\u00f6zpont l\u00e1togat\u00f3inak sz\u00e1ma meghaladhatja a helyi lakosok\u00e9t.<\/p>\n<p>Izland kultur\u00e1lis, gazdas\u00e1gi \u00e9s korm\u00e1nyzati k\u00f6zpontjak\u00e9nt Reykjav\u00edk ad otthont az orsz\u00e1g legfontosabb int\u00e9zm\u00e9nyeinek. A Borgart\u00fan, a p\u00e9nz\u00fcgyi negyed, nagyv\u00e1llalatoknak \u00e9s h\u00e1rom befektet\u00e9si banknak ad otthont; az \u00fagynevezett \u00c9szaki Tigris-boom k\u00f6z\u00e9ppontj\u00e1ban \u00e1llt, amelynek sor\u00e1n olyan ambici\u00f3zus fejleszt\u00e9sek sz\u00fclettek, mint a Harpa koncertterem \u00e9s konferenciak\u00f6zpont \u2013 ezeket a projekteket k\u00e9s\u0151bb a 2008-as p\u00e9nz\u00fcgyi v\u00e1ls\u00e1g \u00e1ll\u00edtotta meg. A v\u00e1ros diplom\u00e1ciai negyede szer\u00e9ny, de jelent\u0151s, tizenn\u00e9gy nagyk\u00f6vets\u00e9ggel, valamint Gr\u00f6nland, a Fer\u00f6er-szigetek \u00e9s az Eur\u00f3pai Uni\u00f3 rezidenci\u00e1ival \u00e9s k\u00e9pviseleti irod\u00e1ival.<\/p>\n<p>A k\u00f6zleked\u00e9si infrastrukt\u00fara egyszerre t\u00fckr\u00f6zi az amb\u00edci\u00f3t \u00e9s a f\u00f6ldrajzi val\u00f3s\u00e1ghoz val\u00f3 alkalmazkod\u00e1st. Izlandon az egy f\u0151re jut\u00f3 aut\u00f3tulajdon a vil\u00e1g legmagasabbjai k\u00f6z\u00e9 tartozik \u2013 nagyj\u00e1b\u00f3l 522 j\u00e1rm\u0171 jut 1000 lakosra \u2013, m\u00e9gis Reykjav\u00edk torl\u00f3d\u00e1sa tov\u00e1bbra is m\u00e9rs\u00e9kelt, amit a n\u00e9pesed\u00e9si k\u00f6zpontokat \u00f6sszek\u00f6t\u0151 t\u00f6bbs\u00e1vos aut\u00f3p\u00e1ly\u00e1k \u00e9s a b\u0151s\u00e9ges parkol\u00e1si lehet\u0151s\u00e9gek is seg\u00edtenek. A t\u00f6megk\u00f6zleked\u00e9st Str\u00e6t\u00f3 kiterjedt buszh\u00e1l\u00f3zata biztos\u00edtja, az 1-es \u00fatvonal, a h\u00edres k\u00f6rgy\u0171r\u0171 pedig a v\u00e1ros k\u00fclter\u00fclet\u00e9n halad kereszt\u00fcl, \u00f6sszek\u00f6tve a f\u0151v\u00e1rost a nemzeti aut\u00f3p\u00e1lya-rendszerrel. A Reykjav\u00edki rep\u00fcl\u0151t\u00e9r a belv\u00e1rost\u00f3l d\u00e9lre fekszik, belf\u00f6ldi, \u00e1ltal\u00e1nos rep\u00fcl\u00e9si \u00e9s orvosi j\u00e1ratokat szolg\u00e1l ki \u2013 b\u00e1r k\u00f6zponti elhelyezked\u00e9se r\u00e9g\u00f3ta vit\u00e1kat v\u00e1ltott ki a f\u00f6ldhaszn\u00e1latr\u00f3l. A nemzetk\u00f6zi utaz\u00f3k a Keflav\u00edki Nemzetk\u00f6zi Rep\u00fcl\u0151t\u00e9ren kereszt\u00fcl \u00e9rkeznek, amely negyven kilom\u00e9terre d\u00e9lnyugatra tal\u00e1lhat\u00f3. K\u00e9t tengeri kik\u00f6t\u0151 szolg\u00e1lja ki a tengeri forgalmat: a v\u00e1rosk\u00f6zpont k\u00f6zel\u00e9ben tal\u00e1lhat\u00f3 \u00d6reg Kik\u00f6t\u0151, amelyet a hal\u00e1szhaj\u00f3k \u00e9s a tengerj\u00e1r\u00f3 haj\u00f3k kedvelnek, valamint Sundah\u00f6fn a keleti sz\u00e9len, Izland f\u0151 teherkik\u00f6t\u0151je. Nincsenek nyilv\u00e1nos vasutak, b\u00e1r k\u00e9t g\u0151zmozdony, amelyek egykor a kik\u00f6t\u0151i p\u00e1ly\u00e1t \u00e9p\u00edtett\u00e9k, ma m\u00e1r nyilv\u00e1nos ki\u00e1ll\u00edt\u00e1son van, \u00e9s tov\u00e1bbra is javaslatok vannak egy nagysebess\u00e9g\u0171 vas\u00fati \u00f6sszek\u00f6ttet\u00e9sre Reykjav\u00edk \u00e9s Keflav\u00edk k\u00f6z\u00f6tt.<\/p>\n<p>A v\u00e1ros alatt vulk\u00e1ni h\u0151 hajtja az \u00fatt\u00f6r\u0151 geotermikus t\u00e1vf\u0171t\u00e9si h\u00e1l\u00f3zatot. Minden \u00e9p\u00fclet \u2013 lak\u00f3- \u00e9s ipari \u2013 k\u00e9t kapcsolt h\u0151- \u00e9s villamosenergia-termel\u0151 er\u0151m\u0171b\u0151l, Nesjavellirb\u0151l \u00e9s Hellishei\u00f0ib\u0151l nyeri a meleg vizet, amelyet alacsonyabb h\u0151m\u00e9rs\u00e9klet\u0171 mez\u0151k eg\u00e9sz\u00edtenek ki. A k\u00f6zponti ker\u00fcletekben a felsz\u00edni burkolatok \u00e9s a mag\u00e1nfelhajt\u00f3k geotermikus v\u00edzzel m\u0171k\u00f6d\u0151 h\u00f3olvaszt\u00f3 rendszereket haszn\u00e1lnak, m\u00edg a v\u00e1rosi t\u00e1jban burj\u00e1nzanak a nyilv\u00e1nos medenc\u00e9k \u00e9s pezsg\u0151f\u00fcrd\u0151k. Az izlandi \u00e9p\u00fcletek nagyj\u00e1b\u00f3l 90 sz\u00e1zal\u00e9ka geotermikus forr\u00e1sokat haszn\u00e1l, ami \u00e9ves energiafelhaszn\u00e1l\u00e1sban 39 PJ-t tesz ki, amelynek 48 sz\u00e1zal\u00e9ka Reykjav\u00edk helyis\u00e9geinek f\u0171t\u00e9s\u00e9re szolg\u00e1l. A v\u00e1ros melegv\u00edz-termel\u0151 kapacit\u00e1sa k\u00f6r\u00fclbel\u00fcl 830 MW, szemben a 473 MW \u00e1tlagos f\u0171t\u00e9si ig\u00e9nyrel.<\/p>\n<p>Reykjav\u00edk kultur\u00e1lis \u00f6r\u00f6ks\u00e9ge \u00e9p\u00edt\u00e9szeti megtestes\u00fcl\u00e9st \u00e9s int\u00e9zm\u00e9nyi gondoz\u00e1st nyer. A Safnah\u00fasi\u00f0, az 1909-ben \u00e9p\u00fclt Kult\u00farh\u00e1z egykor a Nemzeti K\u00f6nyvt\u00e1rnak, a Lev\u00e9lt\u00e1rnak, a M\u00fazeumnak \u00e9s a Term\u00e9szettudom\u00e1nyi gy\u0171jtem\u00e9nyeknek adott otthont; 2000-es fel\u00faj\u00edt\u00e1sa a nemzeti \u00f6r\u00f6ks\u00e9g ki\u00e1ll\u00edt\u00e1sai fel\u00e9 terelte, bele\u00e9rtve a K\u00f6lt\u0151i Edda \u00e9s a k\u00f6z\u00e9pkori sag\u00e1k eredeti k\u00e9ziratait. Az \u00c1rni Magn\u00fasson Izlandi Tanulm\u00e1nyok Int\u00e9zete meg\u0151rzi \u00e9s kiadja Izland k\u00e9ziratgy\u0171jtem\u00e9ny\u00e9t, Reykjav\u00edk pedig 2011-ben elnyerte az UNESCO Irodalmi V\u00e1ros c\u00edmet, csatlakozva a Kreat\u00edv V\u00e1rosok h\u00e1l\u00f3zathoz. Az \u00e9l\u0151 nyelv, amely t\u00f6bb mint egy \u00e9vezred alatt alig v\u00e1ltozott, a kort\u00e1rs sz\u00e9pirodalom \u00e9s ford\u00edt\u00e1s r\u00e9v\u00e9n vir\u00e1gzik, fenntartva Izland identit\u00e1s\u00e1t \u00e9s narrat\u00edv hagyom\u00e1ny\u00e1t. \u00dcnnepelt szerz\u0151k \u2013 a Nobel-d\u00edjas Halld\u00f3r Laxnesst\u0151l az \u00c9szaki Gyermekirodalmi D\u00edj nyerteseiig \u2013 gazdag\u00edtj\u00e1k az irodalmi \u00e9letet, m\u00edg Arnaldur Indri\u00f0ason krimi\u00edr\u00f3 \u00e9s olyan k\u00f6lt\u0151k, mint Sj\u00f3n, nemzetk\u00f6zi elismer\u00e9st aratnak.<\/p>\n<p>A m\u0171v\u00e9szi vitalit\u00e1s kiterjed a gal\u00e9ri\u00e1kra \u00e9s az el\u0151ad\u00f3terekre is. A krist\u00e1lytiszta homlokzat\u00fa Harpa az Izlandi Szimfonikus Zenekarnak \u00e9s a vil\u00e1g minden t\u00e1j\u00e1r\u00f3l \u00e9rkez\u0151 fell\u00e9p\u0151knek ad otthont; a Sk\u00f3lav\u00f6r\u00f0uholt tetej\u00e9n magasod\u00f3 Hallgr\u00edmskirkja evang\u00e9likus katedr\u00e1lis panor\u00e1m\u00e1s kil\u00e1t\u00e1st ny\u00fajt Leifur Eir\u00edksson bronzszobra melletti torny\u00e1b\u00f3l. A Perlan, a Gy\u00f6ngy, az egykori melegv\u00edz-tart\u00e1lyokon \u00e1ll\u00f3 \u00d6skjuhl\u00ed\u00f0t koron\u00e1zza, forg\u00f3 \u00e9tterme \u00e9s geol\u00f3giai, valamint term\u00e9szetrajzi ki\u00e1ll\u00edt\u00e1sai k\u00edv\u00e1ncsi l\u00e1togat\u00f3kat vonzanak. A Vi\u00f0ey-szigeten tal\u00e1lhat\u00f3 Imagine Peace Tower, amelyet szezon\u00e1lisan John Lennon tisztelet\u00e9re vil\u00e1g\u00edtanak meg, ny\u00e1ri k\u00e1v\u00e9z\u00f3k k\u00f6z\u00f6tt \u00e1ll egy elhagyatott hal\u00e1szfalu-h\u00e1zakb\u00f3l \u00e1ll\u00f3 t\u00e1jban.<\/p>\n<p>Reykjav\u00edk belv\u00e1ros\u00e1nak eklektikus \u00e9p\u00edt\u00e9szete az \u00e9l\u00e9nk sz\u00edn\u0171 hull\u00e1mlemezb\u0151l k\u00e9sz\u00fclt h\u00e1zik\u00f3kt\u00f3l a funkcionalista kock\u00e1kon \u00e1t a neoklasszicista betonig terjed. Az 1881-ben \u00e9p\u00fclt, apr\u00f3cska k\u0151b\u0151l \u00e9p\u00fclt Al\u00feingish\u00fasi\u00f0 az izlandi parlament t\u00e1rgyal\u00f3term\u00e9t rejti a Kirkjustr\u00e6ti-n, az Austurv\u00f6llur t\u00e9r mellett, ahol a reykjav\u00edki sz\u00e9kesegyh\u00e1z teszi teljess\u00e9 a tizennyolcadik sz\u00e1zadi utcak\u00e9pet. A Tj\u00f6rnin \u00e9szaki partj\u00e1n tal\u00e1lhat\u00f3 V\u00e1rosh\u00e1za Izland nyilv\u00e1nos domborzati t\u00e9rk\u00e9peit, ki\u00e1ll\u00edt\u00e1sokat \u00e9s egy k\u00e1v\u00e9z\u00f3t k\u00edn\u00e1l.<\/p>\n<p>A ny\u00edlt terek \u00e9s szigetek gazdag\u00edtj\u00e1k a v\u00e1rosi \u00e9letet. A v\u00e1ros k\u00f6zponti tava, a Tj\u00f6rnin, f\u00fcves partjain\u00e1l kacs\u00e1kat etetni vonzza a csal\u00e1dokat, \u00e9s a Vatnsm\u00fdri mad\u00e1rrezerv\u00e1tumhoz is kapcsol\u00f3dik. Az Austurv\u00f6llur t\u00e9r, melyet k\u00e1v\u00e9z\u00f3k szeg\u00e9lyeznek, kellemes piknikeknek ad otthont a Parlament fel\u00fcgyelete alatt. A Klambrat\u00fan park, amely egykor mez\u0151gazdas\u00e1gi ter\u00fclet volt, ma a Reykjav\u00edki M\u0171v\u00e9szeti M\u00fazeum Kjarvalssta\u00f0ir pavilonj\u00e1nak ad otthont. A Laugardalurban tal\u00e1lhat\u00f3 Reykjav\u00edki Botanikus Kert ingyenesen mutatja be a sz\u00edv\u00f3s \u00e9szaki n\u00f6v\u00e9nyeket. A Sundah\u00f6fnb\u0151l ny\u00e1ri komppal megk\u00f6zel\u00edthet\u0151 Vi\u00f0ey-sziget s\u00e9tautak, Yoko Ono f\u00e9nyinstall\u00e1ci\u00f3ja \u00e9s egy t\u00f6rt\u00e9nelmi keresked\u0151h\u00e1z k\u00edn\u00e1l l\u00e1tnival\u00f3kat. A f\u00e9lsziget nyugati cs\u00fccsk\u00e9ben tal\u00e1lhat\u00f3 Gr\u00f3tta-sziget ap\u00e1lykor n\u00e9pszer\u0171 term\u00e9szetv\u00e9delmi pihen\u0151helyk\u00e9nt bukkan fel.<\/p>\n<p>A v\u00e1ros \u00f6r\u00f6ks\u00e9g\u00e9t m\u00fazeumok gazdags\u00e1ga eg\u00e9sz\u00edti ki. Az Izlandi Nemzeti M\u00fazeum a nemzet t\u00f6rt\u00e9net\u00e9t mes\u00e9li el a leteleped\u00e9st\u0151l a modernit\u00e1sig; a Nemzeti Gal\u00e9ria a huszadik \u00e9s huszonegyedik sz\u00e1zadi m\u0171v\u00e9szetet mutatja be a nemzetk\u00f6zi alkot\u00e1sok mellett h\u00e1rom helysz\u00ednen. A Reykjav\u00edki M\u0171v\u00e9szeti M\u00fazeum Hafnarh\u00fas \u00e9s Kjarvalssta\u00f0ir termeiben Err\u00f3 term\u00e9keny \u00e9letm\u0171ve \u00e9s izlandi m\u0171v\u00e9szek v\u00e1ltakoz\u00f3 ki\u00e1ll\u00edt\u00e1sai l\u00e1that\u00f3k. A Reykjav\u00edki Fotogr\u00e1fiai M\u00fazeum kiterjedt fot\u00f3arch\u00edvummal rendelkezik; a Telep\u00fcl\u00e9si Ki\u00e1ll\u00edt\u00e1s \u2013 871 \u00b1 2 \u2013 a legkor\u00e1bbi v\u00e1rosi l\u00e1bnyomokba kalauzol el a l\u00e1togat\u00f3kat. Az \u00c1rb\u00e6r k\u00fclv\u00e1ros\u00e1ban tal\u00e1lhat\u00f3 \u00c1rb\u00e6r szabadt\u00e9ri m\u00fazeum egy korabeli \u00e9p\u00fcletekb\u0151l \u00e1ll\u00f3 falut rekonstru\u00e1l, jelmezes idegenvezet\u0151kkel, akik bemutatj\u00e1k a hagyom\u00e1nyos m\u0171v\u00e9szeteket. K\u00fcl\u00f6n\u00f6s kiv\u00e9telek k\u00f6z\u00e9 tartozik az Izlandi Falol\u00f3giai M\u00fazeum kiterjedt zool\u00f3giai gy\u0171jtem\u00e9nye \u00e9s a f\u00f6ldalatti Izlandi Punk M\u00fazeum, amely egykori nyilv\u00e1nos mosd\u00f3ban \u0151rzi a nemzet punk \u00f6r\u00f6ks\u00e9g\u00e9t.<\/p>\n<p>Nappal Reykjav\u00edk kompakt k\u00f6zpontja h\u00edvogat a sz\u00ednes homlokzatok, \u00fczletek, gal\u00e9ri\u00e1k \u00e9s k\u00e1v\u00e9z\u00f3k k\u00f6z\u00f6tt barangolni. \u00c9jszaka a t\u00e1rsas\u00e1gi \u00e9let pezseg Laugaveguron \u00e9s azon t\u00fal; a magas ital\u00e1rak miatt mag\u00e1nh\u00e1zakban b\u00e1rok el\u0151tti \u00f6sszej\u00f6vetelek alakulnak ki, miel\u0151tt \u00e9jf\u00e9l ut\u00e1n a t\u00f6meg a klubokba \u00f6z\u00f6nlik. \u00c9l\u0151zene eg\u00e9sz \u00e9vben l\u00fcktet a Gaukurinnt\u00f3l a Nemzeti Sz\u00ednh\u00e1zig sz\u00e1mos helysz\u00ednen, \u00e9s minden novemberben az Iceland Airwaves fesztiv\u00e1lon cs\u00facsosodik ki. Szilveszterkor a liber\u00e1lis v\u00e9teli t\u00f6rv\u00e9nyek \u00e1ltal t\u00e1pl\u00e1lt t\u0171zij\u00e1t\u00e9k gy\u00fajtja be a v\u00e1rost, az utc\u00e1kat a meg\u00fajul\u00e1s ragyog\u00f3 \u00fcnnepeiv\u00e9 v\u00e1ltoztatva.<\/p>\n<p>Reykjav\u00edk a paradoxonok v\u00e1rosa: t\u00e1voli, m\u00e9gis \u00f6sszekapcsolt, a term\u00e9szet er\u0151i \u00e1ltal leig\u00e1zott, m\u00e9gis tele van emberi kreativit\u00e1ssal. A telep\u00fcl\u00e9s t\u00f6rt\u00e9nete a magas oszlopokt\u00f3l a geotermikus innov\u00e1ci\u00f3ig, a saga k\u00e9ziratokt\u00f3l az avantg\u00e1rd m\u0171v\u00e9szetig a m\u00falt \u00e9s a jelen folyamatos p\u00e1rbesz\u00e9dek\u00e9nt bontakozik ki. Az utaz\u00f3k \u00e9s a lakosok sz\u00e1m\u00e1ra egyar\u00e1nt Reykjav\u00edk mag\u00e1val ragad\u00f3 utaz\u00e1st k\u00edn\u00e1l j\u00e9g \u00e9s l\u00e1va \u00e1ltal form\u00e1lt t\u00e1jakon, \u00f3ce\u00e1ni \u00e1ramlatok \u00e1ltal m\u00e9rs\u00e9kelt \u00e9ghajlatokon, valamint az irodalom, a zene \u00e9s a szigetek ellen\u00e1ll\u00f3 k\u00e9pess\u00e9g\u00e9nek tart\u00f3s szelleme \u00e1ltal \u00e9ltetett kult\u00far\u00e1kon kereszt\u00fcl.<\/p>","protected":false},"excerpt":{"rendered":"<p>Reykjav\u00edk, Izland f\u0151v\u00e1rosa \u00e9s legnagyobb v\u00e1rosa eleg\u00e1nsan helyezkedik el az orsz\u00e1g d\u00e9lnyugati r\u00e9sz\u00e9n, a Faxafl\u00f3i-\u00f6b\u00f6l fest\u0151i d\u00e9li partja ment\u00e9n. Az \u00e9szaki sz\u00e9less\u00e9g 64\u00b008&#039;-n\u00e1l tal\u00e1lhat\u00f3, \u00e9s b\u00fcszk\u00e9n mag\u00e1\u00e9nak vallja a vil\u00e1g egyik szuver\u00e9n \u00e1llam\u00e1nak leg\u00e9szakibb f\u0151v\u00e1rosa c\u00edmet. 2023-ban Reykjav\u00edk k\u00f6r\u00fclbel\u00fcl 140 000 lakosnak ad otthont, ami figyelemre m\u00e9lt\u00f3 n\u00f6veked\u00e9st jelent a 2015-\u00f6s 121 822-hez k\u00e9pest. A kiterjedt f\u0151v\u00e1rosi r\u00e9gi\u00f3, bele\u00e9rtve Reykjav\u00edkot \u00e9s szomsz\u00e9dos helyeit is, k\u00f6r\u00fclbel\u00fcl 248 000 lakossal b\u00fcszk\u00e9lkedhet.<\/p>","protected":false},"author":1,"featured_media":4121,"parent":11881,"menu_order":0,"comment_status":"closed","ping_status":"closed","template":"elementor_theme","meta":{"_eb_attr":"","footnotes":""},"class_list":["post-11896","page","type-page","status-publish","has-post-thumbnail"],"_links":{"self":[{"href":"https:\/\/travelshelper.com\/hu\/wp-json\/wp\/v2\/pages\/11896","targetHints":{"allow":["GET"]}}],"collection":[{"href":"https:\/\/travelshelper.com\/hu\/wp-json\/wp\/v2\/pages"}],"about":[{"href":"https:\/\/travelshelper.com\/hu\/wp-json\/wp\/v2\/types\/page"}],"author":[{"embeddable":true,"href":"https:\/\/travelshelper.com\/hu\/wp-json\/wp\/v2\/users\/1"}],"replies":[{"embeddable":true,"href":"https:\/\/travelshelper.com\/hu\/wp-json\/wp\/v2\/comments?post=11896"}],"version-history":[{"count":0,"href":"https:\/\/travelshelper.com\/hu\/wp-json\/wp\/v2\/pages\/11896\/revisions"}],"up":[{"embeddable":true,"href":"https:\/\/travelshelper.com\/hu\/wp-json\/wp\/v2\/pages\/11881"}],"wp:featuredmedia":[{"embeddable":true,"href":"https:\/\/travelshelper.com\/hu\/wp-json\/wp\/v2\/media\/4121"}],"wp:attachment":[{"href":"https:\/\/travelshelper.com\/hu\/wp-json\/wp\/v2\/media?parent=11896"}],"curies":[{"name":"wp","href":"https:\/\/api.w.org\/{rel}","templated":true}]}}