{"id":11881,"date":"2024-09-14T18:51:08","date_gmt":"2024-09-14T18:51:08","guid":{"rendered":"https:\/\/travelshelper.com\/staging\/?page_id=11881"},"modified":"2026-03-12T15:58:18","modified_gmt":"2026-03-12T15:58:18","slug":"izland","status":"publish","type":"page","link":"https:\/\/travelshelper.com\/hu\/destinations\/europe\/iceland\/","title":{"rendered":"Izland"},"content":{"rendered":"<p>Izland, egy k\u00f6r\u00fclbel\u00fcl 380 000 lakos\u00fa \u00e9szak-atlanti szigetorsz\u00e1g, geol\u00f3giailag ingatag, mintegy 103 000 n\u00e9gyzetkilom\u00e9teres ter\u00fcleten fekszik. Gr\u00f6nland \u00e9s Norv\u00e9gia k\u00f6z\u00f6tt, a K\u00f6z\u00e9p-atlanti-h\u00e1ts\u00e1gon, ahol az \u00e9szak-amerikai \u00e9s az eur\u00e1zsiai tektonikus lemezek elt\u00e1volodnak egym\u00e1st\u00f3l, Eur\u00f3pa legnyugatibb \u00e9s legkev\u00e9sb\u00e9 s\u0171r\u0171n lakott orsz\u00e1ga. A f\u0151v\u00e1ros, Reykjav\u00edk, a lakoss\u00e1g t\u00f6bb mint egyharmad\u00e1t gy\u0171jti \u00f6ssze egy alacsonyan fekv\u0151 v\u00e1rosk\u00e9pben, amely az \u00f3ce\u00e1ni horizont el\u0151tt egyens\u00falyozik. Emberi el\u0151\u0151rsk\u00e9nt \u00e1ll egy vulkanizmus \u00e9s eljegesed\u00e9s \u00e1ltal form\u00e1lt t\u00e1jon, ahol a civiliz\u00e1ci\u00f3 \u00e1tmenetinek t\u0171nik, mindig a f\u00f6ld k\u00e9ny\u00e9re-kedv\u00e9re van kiszolg\u00e1ltatva.<\/p>\n<p>A v\u00e1rosi perem elhagy\u00e1s\u00e1val a terep gyorsan elvesz\u00edti a kisz\u00e1m\u00edthat\u00f3s\u00e1got. Az ember egy elemi szigor birodalm\u00e1ba l\u00e9p: zuzm\u00f3ba burkolt l\u00e1va s\u00edks\u00e1gok, sz\u00e9lcsiszolta hamu sivatagok \u00e9s h\u00f3f\u00f6dte vulk\u00e1nok t\u00e1voli sziluettjei. Az olvad\u00f3 gleccserek \u00e1ltal sz\u00fclt belv\u00edzi foly\u00f3k bazaltszurdokokon v\u00e1gnak \u00e1t, mik\u00f6zben a gejz\u00edrek mechanikus ritmussal sziszegnek \u00e9s g\u0151zfelh\u0151kben t\u00f6rnek fel. A d\u00e9lkeleti parton a Vatnaj\u00f6kull fagyott t\u00f6mege \u00e1tadja a hely\u00e9t a j\u00e9ggel bor\u00edtott J\u00f6kuls\u00e1rl\u00f3n lag\u00fan\u00e1nak, ahol a gleccserb\u0151l lev\u00e1lt j\u00e9ghegyek a tenger fel\u00e9 sodr\u00f3dnak, kobaltmagjukat az id\u0151 v\u00e9ste. Az \u00e9szaki \u00e9s keleti fjordok, amelyeket szikl\u00e1k \u00e9s \u0151si k\u0151zetr\u00e9tegek szeg\u00e9lyeznek, olyan falvaknak adnak otthont, amelyek l\u00e1tsz\u00f3lag egy m\u00e1sik \u00e9vsz\u00e1zadban \u00e9lnek.<\/p>\n<p>B\u00e1r sz\u00e9less\u00e9gi fekv\u00e9se a sarkvid\u00e9ki \u00e9ghajlatra utal, Izland \u00e9ghajlat\u00e1t az \u00c9szak-atlanti \u00e1ramlat m\u00e9rs\u00e9kli. Az eredm\u00e9ny meglep\u0151en m\u00e9rs\u00e9kelt: a telek kev\u00e9sb\u00e9 zordak, mint Skandin\u00e1via sz\u00e1razf\u00f6ldi r\u00e9sz\u00e9n, a nyarakat pedig, b\u00e1r h\u0171v\u00f6sek, szinte folyamatos nappali f\u00e9ny vil\u00e1g\u00edtja meg. Ezek az \u00e1ltal\u00e1nos jellemz\u0151k azonban engednek a region\u00e1lis elt\u00e9r\u00e9seknek. D\u00e9len gyakori csapad\u00e9k \u00e9s tengeri sz\u00e9ll\u00f6k\u00e9sek s\u00fajtj\u00e1k; \u00e9szakon sz\u00e1raz, krist\u00e1lytiszta leveg\u0151 uralkodik; a k\u00f6z\u00e9ps\u0151-felf\u00f6ld\u00f6n pedig \u2013 kop\u00e1r, magaslati, bar\u00e1ts\u00e1gtalan \u2013 az \u00e9v v\u00e9g\u00e9n megmarad a h\u00f3, \u00e9s kev\u00e9s engedm\u00e9nyt tesz az emberi amb\u00edci\u00f3knak.<\/p>\n<p>Az \u00edr\u00e1sos feljegyz\u00e9s Ing\u00f3lfr Arnarson 874-es partrasz\u00e1ll\u00e1s\u00e1val kezd\u0151dik. A norv\u00e9g sz\u00e1rmaz\u00e1s\u00fa t\u00f6rzsf\u0151n\u00f6k megalap\u00edtotta a telep\u00fcl\u00e9st, amelyb\u0151l k\u00e9s\u0151bb Reykjav\u00edk lett. \u00c9szaki telepesek hull\u00e1mai k\u00f6vett\u00e9k \u0151ket, magukkal hozva a gael rabszolg\u00e1kat \u00e9s a t\u00f6rv\u00e9nyeken \u00e9s a sz\u00f3beli hagyom\u00e1nyokon alapul\u00f3 t\u00e1rsadalom tanait. Kr. u. 930-ban megalap\u00edtott\u00e1k az Althingot \u00deingvellirben \u2013 a f\u00f6ldbirtokosok gy\u0171l\u00e9s\u00e9t, amely a vil\u00e1g egyik legr\u00e9gebbi folyamatos parlamentj\u00e9v\u00e9 v\u00e1lt. Id\u0151vel a bels\u0151 visz\u00e1lyok \u00e9s a k\u00fcls\u0151 nyom\u00e1s Izlandnak a XIII. sz\u00e1zad v\u00e9g\u00e9n a norv\u00e9g koron\u00e1ba val\u00f3 beolvad\u00e1s\u00e1hoz vezetett. A D\u00e1ni\u00e1val k\u00f6t\u00f6tt uni\u00f3, el\u0151sz\u00f6r a Kalmari Uni\u00f3, k\u00e9s\u0151bb pedig a teljes ellen\u0151rz\u00e9s r\u00e9v\u00e9n, \u00e9vsz\u00e1zados t\u00e1voli korm\u00e1nyz\u00e1st hozott mag\u00e1val.<\/p>\n<p>A tizenhatodik sz\u00e1zad rendeletekkel k\u00e9nyszer\u00edtette ki a luther\u00e1nus vall\u00e1st, lebontva a katolikus strukt\u00far\u00e1kat \u00e9s k\u00f6zpontos\u00edtva a hatalmat Koppenh\u00e1g\u00e1ban. A d\u00e1n uralom alatt nacionalista hangulat fortyogott, melyet a felvil\u00e1gosod\u00e1s sz\u00edtott, \u00e9s a tizenkilencedik sz\u00e1zadban a romantikus nacionalizmus sz\u00edtott l\u00e1ngra. Izland 1918-ban az Uni\u00f3s Okm\u00e1ny r\u00e9v\u00e9n elnyerte az \u00f6n\u00e1ll\u00f3s\u00e1got, de a teljes f\u00fcggetlens\u00e9get csak a m\u00e1sodik vil\u00e1gh\u00e1bor\u00fa glob\u00e1lis z\u0171rzavara idej\u00e9n nyerte el. 1944-ben, amikor D\u00e1ni\u00e1t n\u00e9met er\u0151k megsz\u00e1llt\u00e1k, az izlandiak szinte egyhang\u00falag megszavazt\u00e1k a k\u00f6zt\u00e1rsas\u00e1g l\u00e9trehoz\u00e1s\u00e1t.<\/p>\n<p>Izland gazdas\u00e1g\u00e1t \u00e9vsz\u00e1zadokon \u00e1t a meg\u00e9lhet\u00e9si alap hat\u00e1rozta meg. A hal\u00e1szat, a juhteny\u00e9szt\u00e9s \u00e9s a korl\u00e1tozott mez\u0151gazdas\u00e1g biztos\u00edtotta az \u00e9let fenntart\u00e1s\u00e1t egy bar\u00e1ts\u00e1gtalan k\u00f6rnyezetben. A huszadik sz\u00e1zadban megjelentek a g\u00e9pes\u00edtett von\u00f3h\u00e1l\u00f3s haj\u00f3k \u00e9s a modern halfeldolgoz\u00e1s, amelyek a tengeri \u00e1llom\u00e1nyokat a gazdas\u00e1g f\u0151 pill\u00e9r\u00e9v\u00e9 alak\u00edtott\u00e1k. A h\u00e1bor\u00fa ut\u00e1ni \u00fajj\u00e1\u00e9p\u00edt\u00e9si alapok \u00e9s az eur\u00f3pai piacokhoz val\u00f3 hozz\u00e1f\u00e9r\u00e9s n\u00f6velte az ipari kapacit\u00e1st. Az 1990-es \u00e9vekre az Eur\u00f3pai Gazdas\u00e1gi T\u00e9rs\u00e9ghez val\u00f3 tags\u00e1g el\u0151seg\u00edtette a biotechnol\u00f3gia, a banki tev\u00e9kenys\u00e9g \u00e9s a gy\u00e1rt\u00e1s fel\u00e9 val\u00f3 diverzifik\u00e1ci\u00f3t, a gazdas\u00e1g m\u00e9gis tov\u00e1bbra is a tengeri gy\u00f6kereihez k\u00f6t\u0151dik.<\/p>\n<p>Izland ma a piaci liberalizmust az \u00e9szaki st\u00edlus\u00fa szoci\u00e1lis j\u00f3l\u00e9ttel egyens\u00falyozza. Alacsony t\u00e1rsas\u00e1gi ad\u00f3kulcsokat, magas szakszervezeti s\u0171r\u0171s\u00e9get \u00e9s robusztus k\u00f6zszolg\u00e1ltat\u00e1sokat tart fenn, bele\u00e9rtve az egyetemes eg\u00e9szs\u00e9g\u00fcgyi ell\u00e1t\u00e1st \u00e9s a tand\u00edjmentes fels\u0151oktat\u00e1st. Annak ellen\u00e9re, hogy nincs \u00e1lland\u00f3 hadserege, az orsz\u00e1g hozz\u00e1j\u00e1rul a NATO-hoz, \u00e9s parti \u0151rs\u00e9get tart fenn tengeri \u00f6vezet\u00e9nek j\u00e1r\u0151r\u00f6z\u00e9s\u00e9re. Ez a minimalista v\u00e9delmi strat\u00e9gia a diplom\u00e1cia \u00e9s a kollekt\u00edv felel\u0151ss\u00e9gv\u00e1llal\u00e1s t\u00e1gabb t\u00e1rsadalmi \u00e9rt\u00e9keit t\u00fckr\u00f6zi.<\/p>\n<p>Geol\u00f3giailag Izland tov\u00e1bbra is ingatag. A szigetet kett\u00e9v\u00e1gja a K\u00f6z\u00e9p-atlanti-h\u00e1ts\u00e1g, ahol a magma a felsz\u00ednre t\u00f6r, \u00faj f\u00f6ldet hozva l\u00e9tre. Az olyan kit\u00f6r\u00e9sek, mint a 2010-es Eyjafjallaj\u00f6kull, eml\u00e9keztetik a megfigyel\u0151ket a term\u00e9szet emberi id\u0151beoszt\u00e1ssal szembeni k\u00f6z\u00f6mb\u00f6ss\u00e9g\u00e9re. A B\u00e1r\u00f0arbunga alatti 2014-es tev\u00e9kenys\u00e9g tov\u00e1bb hangs\u00falyozta a sziget szeizmikus kisz\u00e1m\u00edthatatlans\u00e1g\u00e1t. M\u00edg a lakoss\u00e1g nagy r\u00e9sze az enyh\u00e9bb partvid\u00e9k ment\u00e9n \u00e9l, a felf\u00f6ld lakatlan marad, csak j\u00f3l felszerelt j\u00e1rm\u0171vekkel vagy gyalogosan \u00e9rkez\u0151k l\u00e1togatj\u00e1k, akik hajland\u00f3ak dacolni a t\u00e1vols\u00e1gtart\u00f3 nagyszer\u0171s\u00e9ggel.<\/p>\n<p>Nagy-Reykjav\u00edk sz\u00e1mos telep\u00fcl\u00e9st foglal mag\u00e1ban, \u00e9s az orsz\u00e1g kultur\u00e1lis \u00e9s gazdas\u00e1gi k\u00f6zpontjak\u00e9nt szolg\u00e1l. Kisebb v\u00e1rosi k\u00f6zpontok, mint p\u00e9ld\u00e1ul az \u00e9szaki Akureyri \u00e9s a nemzetk\u00f6zi rep\u00fcl\u0151t\u00e9r k\u00f6zel\u00e9ben tal\u00e1lhat\u00f3 Reykjanesb\u00e6r region\u00e1lis szolg\u00e1ltat\u00e1sokat ny\u00fajtanak, b\u00e1r a legt\u00f6bb k\u00f6z\u00f6ss\u00e9g tov\u00e1bbra is kompakt \u00e9s auton\u00f3m. 2003-ban a v\u00e1laszt\u00f3ker\u00fcleteket \u00e1trajzolt\u00e1k, hogy t\u00fckr\u00f6zz\u00e9k a v\u00e1ltoz\u00f3 demogr\u00e1fiai adatokat, \u00e9s fenntarts\u00e1k a v\u00e1rosi \u00e9s vid\u00e9ki lakoss\u00e1g k\u00f6z\u00f6tti m\u00e9lt\u00e1nyos k\u00e9pviseletet.<\/p>\n<p>Izland energiapolitik\u00e1ja kiemeli a t\u00f6bbi k\u00f6z\u00fcl. Szinte az \u00f6sszes h\u00e1ztart\u00e1si \u00e1ramot \u00e9s f\u0171t\u00e9st v\u00edzer\u0151m\u0171vekb\u0151l \u00e9s geotermikus rendszerekb\u0151l fedezik, ami m\u00e9g a fejlett orsz\u00e1gok k\u00f6z\u00f6tt is ritkas\u00e1g. A hatalmas v\u00edzer\u0151m\u0171-projektek a gleccserek lefoly\u00e1s\u00e1t hasznos\u00edtj\u00e1k, m\u00edg a geotermikus er\u0151m\u0171vek a f\u00f6ldalatti h\u0151t hasznos\u00edtj\u00e1k. Ez a b\u0151s\u00e9ges, meg\u00fajul\u00f3 energia mind a h\u00e1ztart\u00e1sokat, mind a neh\u00e9zipart t\u00e1mogatja. H\u00e1rom nemzeti park \u2013 a \u00deingvellir, a Sn\u00e6fellsj\u00f6kull \u00e9s a Vatnaj\u00f6kull \u2013 kulcsfontoss\u00e1g\u00fa \u00f6kol\u00f3giai \u00e9s t\u00f6rt\u00e9nelmi helysz\u00edneket \u0151rz, keretet adva a nemzet folyamatos p\u00e1rbesz\u00e9d\u00e9nek a m\u00faltj\u00e1val \u00e9s j\u00f6v\u0151j\u00e9vel.<\/p>\n<p>Egy infrastrukt\u00fara-h\u00e1l\u00f3zat k\u00f6ti \u00f6ssze ezt a szigetorsz\u00e1got. A K\u00f6rgy\u0171r\u0171 k\u00f6rbe\u00f6leli az orsz\u00e1got, hull\u00e1mz\u00f3 aszfaltcs\u00edkkal hidalva \u00e1t a fjordokat \u00e9s a mez\u0151ket. T\u00e9len a bels\u0151 utak gyakran j\u00e1rhatatlanok, a k\u00fcls\u0151 k\u00f6r\u00fat azonban eg\u00e9sz \u00e9vben lehet\u0151v\u00e9 teszi az utaz\u00e1st azok sz\u00e1m\u00e1ra, akik felk\u00e9sz\u00fcltek a hirtelen id\u0151j\u00e1r\u00e1si v\u00e1ltoz\u00e1sokra. A t\u00f6megk\u00f6zleked\u00e9si buszok el\u00e9rik a t\u00e1voli v\u00e1rosokat, m\u00edg Keflav\u00edk, Reykjav\u00edk, Akureyri \u00e9s Egilssta\u00f0ir rep\u00fcl\u0151terei belf\u00f6ldi \u00e9s nemzetk\u00f6zi kapcsolatokat is biztos\u00edtanak.<\/p>\n<p>Izland kultur\u00e1lis identit\u00e1sa t\u00fckr\u00f6zi sz\u00e1rmaz\u00e1s\u00e1t. Az izlandi nyelv, amely a k\u00f6z\u00e9pkor \u00f3ta viszonylag v\u00e1ltozatlan, meg\u0151rizte archaikus nyelvtant \u00e9s sz\u00f3kincset. Az \u00f3\u00e9szaki nyelven \u00edrt sag\u00e1k tov\u00e1bbra is k\u00f6zponti szerepet j\u00e1tszanak a kollekt\u00edv eml\u00e9kezetben, befoly\u00e1solva az irodalmat, az etik\u00e1t \u00e9s a nemzeti \u00f6nk\u00e9pet. A nemek k\u00f6z\u00f6tti egyenl\u0151s\u00e9g a vil\u00e1g legmagasabbjai k\u00f6z\u00e9 tartozik, a j\u00f6vedelemeloszl\u00e1s pedig figyelemre m\u00e9lt\u00f3an egyenletes, ami az elszigetelts\u00e9g \u00e9s a k\u00f6lcs\u00f6n\u00f6s t\u00e1maszkod\u00e1s \u00e1ltal form\u00e1lt t\u00e1rsadalmi norm\u00e1k k\u00f6vetkezm\u00e9nye.<\/p>\n<p>A kulin\u00e1ris hagyom\u00e1nyok tov\u00e1bbra is a sz\u00fcks\u00e9gszer\u0171s\u00e9gben gy\u00f6kereznek. A hal \u00e9s a b\u00e1r\u00e1ny uralja az asztalt, ehhez csatlakoznak a tejterm\u00e9k-alap\u00fa alapvet\u0151 \u00e9telek, mint a skyr \u00e9s a geotermikus \u00fcvegh\u00e1zakban termesztett szezon\u00e1lis z\u00f6lds\u00e9gek. A t\u00f6rt\u00e9nelmi szigor megmaradt olyan \u00e9telekben, mint a h\u00e1karl (erjesztett c\u00e1pah\u00fas) \u00e9s a sl\u00e1tur (v\u00e9res puding), m\u00edg a k\u00e1v\u00e9 \u00e9s a brenniv\u00edn a t\u00e1rsadalmi ritu\u00e1l\u00e9k r\u00e9sze, al\u00e1h\u00fazva a nemzeti preferenci\u00e1t a k\u00f6z\u00f6ss\u00e9ggel m\u00e9rs\u00e9kelt kitart\u00e1s ir\u00e1nt.<\/p>\n<p>A f\u0151v\u00e1roson \u00e9s a j\u00f3l kitaposott utakon k\u00edv\u00fcl Izland felt\u00e1rja megfoghatatlanabb l\u00e9nyeg\u00e9t. A Westfjordok meredek szikl\u00e1i tengeri madaraknak \u00e9s csendnek adnak otthont. A gleccserekkel bor\u00edtott r\u00e9tegvulk\u00e1nj\u00e1val a Sn\u00e6fellsnes \u00f6tv\u00f6zi a f\u00f6ldrajzot a folkl\u00f3rral. H\u00fasav\u00edkban cetf\u00e9l\u00e9k t\u00f6rnek el\u0151 a Skj\u00e1lfandi-\u00f6b\u00f6l t\u00fckr\u00f6z\u0151d\u0151 felsz\u00edn\u00e9b\u0151l, m\u00edg beljebb a Landmannalaugar riolitlejt\u0151i tompa v\u00f6r\u00f6s \u00e9s arany sz\u00ednekben verik vissza a reggeli f\u00e9nyt. Ezek a t\u00e1voli helyek, amelyeket geol\u00f3giai folyamatok \u00e9s \u00e9ghajlati neh\u00e9zs\u00e9gek alak\u00edtottak, tov\u00e1bbra is elszigeteltek \u00e9s vonz\u00f3ak, a modern vil\u00e1gban ritka mag\u00e1nyt k\u00edn\u00e1lva.<\/p>\n<p>Tizenegy \u00e9vsz\u00e1zad alatt Izland a t\u00f6rzsf\u0151n\u00f6ki gy\u0171l\u00e9sekt\u0151l az algoritmikus innov\u00e1ci\u00f3ig jutott. N\u00e9pe ellen\u00e1llt a politikai elnyomotts\u00e1gnak, a k\u00f6rnyezeti bizonytalans\u00e1gnak \u00e9s a gazdas\u00e1gi bizonytalans\u00e1gnak, olyan t\u00e1rsadalmat teremtve, amely a folytonoss\u00e1got a l\u00e1tv\u00e1nyoss\u00e1gok helyett \u00e9rt\u00e9keli. A sziget nem meg\u0151rz\u00f6tt ereklyek\u00e9nt, hanem folyamatosan form\u00e1l\u00f3d\u00f3 helyk\u00e9nt maradt fenn \u2013 repedezett terepe, fejl\u0151d\u0151 kult\u00far\u00e1ja \u00e9s t\u00e1rsadalmi t\u00f6m\u00f6rs\u00e9ge mind tan\u00faskodik arr\u00f3l a csendes ellen\u00e1ll\u00f3 k\u00e9pess\u00e9gr\u0151l, amely meghat\u00e1rozza.<\/p>","protected":false},"excerpt":{"rendered":"<p>Izland, egy \u00e9szaki szigetorsz\u00e1g, amely az Atlanti-\u00f3ce\u00e1n \u00e9s a Jeges-tenger k\u00f6z\u00f6tt helyezkedik el, jellegzetes helyet foglal el a K\u00f6z\u00e9p-Atlanti-h\u00e1ts\u00e1gon, \u00f6sszek\u00f6tve \u00c9szak-Amerik\u00e1t \u00e9s Eur\u00f3p\u00e1t. K\u00f6r\u00fclbel\u00fcl 380 000 lakos\u00e1val Eur\u00f3pa legritk\u00e1bban lakott orsz\u00e1ga. Ez a rendk\u00edv\u00fcli t\u0171z \u00e9s j\u00e9g vid\u00e9k l\u00e9legzetel\u00e1ll\u00edt\u00f3 kil\u00e1t\u00e1saival, m\u00e9ly kultur\u00e1lis \u00f6r\u00f6ks\u00e9g\u00e9vel \u00e9s fejlett t\u00e1rsadalm\u00e1val var\u00e1zsol el.<\/p>","protected":false},"author":1,"featured_media":5053,"parent":24078,"menu_order":0,"comment_status":"closed","ping_status":"closed","template":"elementor_theme","meta":{"_eb_attr":"","footnotes":""},"class_list":["post-11881","page","type-page","status-publish","has-post-thumbnail"],"_links":{"self":[{"href":"https:\/\/travelshelper.com\/hu\/wp-json\/wp\/v2\/pages\/11881","targetHints":{"allow":["GET"]}}],"collection":[{"href":"https:\/\/travelshelper.com\/hu\/wp-json\/wp\/v2\/pages"}],"about":[{"href":"https:\/\/travelshelper.com\/hu\/wp-json\/wp\/v2\/types\/page"}],"author":[{"embeddable":true,"href":"https:\/\/travelshelper.com\/hu\/wp-json\/wp\/v2\/users\/1"}],"replies":[{"embeddable":true,"href":"https:\/\/travelshelper.com\/hu\/wp-json\/wp\/v2\/comments?post=11881"}],"version-history":[{"count":0,"href":"https:\/\/travelshelper.com\/hu\/wp-json\/wp\/v2\/pages\/11881\/revisions"}],"up":[{"embeddable":true,"href":"https:\/\/travelshelper.com\/hu\/wp-json\/wp\/v2\/pages\/24078"}],"wp:featuredmedia":[{"embeddable":true,"href":"https:\/\/travelshelper.com\/hu\/wp-json\/wp\/v2\/media\/5053"}],"wp:attachment":[{"href":"https:\/\/travelshelper.com\/hu\/wp-json\/wp\/v2\/media?parent=11881"}],"curies":[{"name":"wp","href":"https:\/\/api.w.org\/{rel}","templated":true}]}}