{"id":11663,"date":"2024-09-13T15:44:11","date_gmt":"2024-09-13T15:44:11","guid":{"rendered":"https:\/\/travelshelper.com\/staging\/?page_id=11663"},"modified":"2026-03-12T16:03:56","modified_gmt":"2026-03-12T16:03:56","slug":"italy","status":"publish","type":"page","link":"https:\/\/travelshelper.com\/hu\/destinations\/europe\/italy\/","title":{"rendered":"Olaszorsz\u00e1g"},"content":{"rendered":"<p>A D\u00e9l- \u00e9s Nyugat-Eur\u00f3p\u00e1ban tal\u00e1lhat\u00f3 Olaszorsz\u00e1g k\u00f6zel 60 milli\u00f3 lakossal rendelkezik, ezzel az Eur\u00f3pai Uni\u00f3 harmadik legn\u00e9pesebb tag\u00e1llama. Ez a csizma alak\u00fa f\u00e9lsziget a F\u00f6ldk\u00f6zi-tengerbe ny\u00falik, \u00e9szaki hat\u00e1r\u00e1t pedig a csod\u00e1latos Alpok jel\u00f6lik ki. Az orsz\u00e1g ter\u00fclete sz\u00e1mos szigetet foglal mag\u00e1ban, k\u00f6zt\u00fck Szic\u00edli\u00e1t \u00e9s Szard\u00edni\u00e1t. Olaszorsz\u00e1g a 301 340 n\u00e9gyzetkilom\u00e9teres ter\u00fclettel Eur\u00f3pa tizedik legnagyobb orsz\u00e1ga. Megosztja hat\u00e1rait Franciaorsz\u00e1ggal, Sv\u00e1jccal, Ausztri\u00e1val \u00e9s Szlov\u00e9ni\u00e1val, \u00e9s k\u00e9t szuver\u00e9n enkl\u00e1v\u00e9b\u00f3l \u00e1ll: Vatik\u00e1nv\u00e1rossal \u00e9s San Marin\u00f3val. R\u00f3ma, a f\u0151v\u00e1ros \u00e9s a legnagyobb v\u00e1ros, j\u00f3l p\u00e9ld\u00e1zza a nemzet m\u00e9ly t\u00f6rt\u00e9nelm\u00e9t \u00e9s kultur\u00e1lis jelent\u0151s\u00e9g\u00e9t. Tov\u00e1bbi kiemelked\u0151 v\u00e1rosi csom\u00f3pontok Mil\u00e1n\u00f3, N\u00e1poly, Torino, Firenze \u00e9s Velence, amelyek mindegyike kiemeli Olaszorsz\u00e1g sokr\u00e9t\u0171 m\u0171v\u00e9szeti, kultur\u00e1lis \u00e9s innov\u00e1ci\u00f3s t\u00e1j\u00e1t.<\/p>\n<p>Az olasz f\u00e9lsziget az \u00f3korban a civiliz\u00e1ci\u00f3 sz\u00fcl\u0151helyek\u00e9nt szolg\u00e1lt, sz\u00e1mos \u0151si n\u00e9pnek \u00e9s kult\u00far\u00e1nak otthont adva. R\u00f3ma, amelyet el\u0151sz\u00f6r kir\u00e1lys\u00e1gk\u00e9nt alap\u00edtottak, f\u00e9lelmetes k\u00f6zt\u00e1rsas\u00e1gg\u00e1 alakult, amely v\u00e9g\u00fcl \u00e9vsz\u00e1zadokon \u00e1t birodalomk\u00e9nt uralta \u00e9s korm\u00e1nyozta a F\u00f6ldk\u00f6zi-tenger t\u00e9rs\u00e9g\u00e9t. A r\u00f3mai fennhat\u00f3s\u00e1g korszaka m\u00e9lyrehat\u00f3 hat\u00e1st gyakorolt \u200b\u200ba nyugati kult\u00far\u00e1ra, form\u00e1lta a nyelvet, a jogot, az \u00e9p\u00edt\u00e9szetet \u00e9s a k\u00f6zigazgat\u00e1st Eur\u00f3pa-szerte \u00e9s azon t\u00fal is. A kereszt\u00e9nys\u00e9g elterjed\u00e9s\u00e9vel R\u00f3ma a katolikus egyh\u00e1z \u00e9s a p\u00e1pas\u00e1g epicentrum\u00e1v\u00e1 v\u00e1lt, \u00edgy megszil\u00e1rd\u00edtotta jelent\u0151s\u00e9g\u00e9t a glob\u00e1lis k\u00e9rd\u00e9sekben.<\/p>\n<p>A Nyugat-R\u00f3mai Birodalom hanyatl\u00e1sa a kora k\u00f6z\u00e9pkorban jelent\u0151s \u00e1talakul\u00e1s id\u0151szak\u00e1t ind\u00edtotta el Olaszorsz\u00e1gban. A f\u00e9lszigetre germ\u00e1n t\u00f6rzsek v\u00e1ndoroltak be, ami megv\u00e1ltoztatta kultur\u00e1lis \u00e9s politikai k\u00f6rnyezet\u00e9t. A 11. sz\u00e1zadra Olaszorsz\u00e1g \u00fajj\u00e1\u00e9ledt, ahogy a v\u00e1ros\u00e1llamok \u00e9s a tengeri k\u00f6zt\u00e1rsas\u00e1gok kiterjesztett\u00e9k hatalmukat. Ez az id\u0151szak a modern kapitalizmus megjelen\u00e9s\u00e9nek volt tan\u00faja, amikor az olasz keresked\u0151k \u00e9s bank\u00e1rok olyan gazdas\u00e1gi rendszereket \u00faj\u00edtottak meg, amelyek hat\u00e1ssal voltak a vil\u00e1gkereskedelem j\u00f6v\u0151j\u00e9re.<\/p>\n<p>Az olasz renesz\u00e1nsz, a figyelemre m\u00e9lt\u00f3 kultur\u00e1lis \u00e9s szellemi teljes\u00edtm\u00e9ny id\u0151szaka, vir\u00e1gzott a 15. \u00e9s 16. sz\u00e1zadban. A m\u0171v\u00e9szetnek, irodalomnak \u00e9s tudom\u00e1nyos kutat\u00e1soknak ez a vir\u00e1gz\u00f3 korszaka \u00e1thatotta Eur\u00f3p\u00e1t, \u00e9s jelent\u0151sen alak\u00edtotta a nyugati civiliz\u00e1ci\u00f3 fejl\u0151d\u00e9s\u00e9t. Az olasz felfedez\u0151k, mint Kolumbusz Krist\u00f3f \u00e9s Amerigo Vespucci, fontos szerepet j\u00e1tszottak a felfedez\u00e9sek eur\u00f3pai kor\u00e1ban, \u00faj kereskedelmi \u00fatvonalakat l\u00e9tes\u00edtettek a T\u00e1vol-Kelet fel\u00e9 \u00e9s felt\u00e9rk\u00e9pezt\u00e9k Amerik\u00e1t. Ezek az exped\u00edci\u00f3k nemcsak a f\u00f6ldrajzi ismereteket b\u0151v\u00edtett\u00e9k, hanem a glob\u00e1lis elk\u00f6telezetts\u00e9g \u00e9s csere \u00faj korszak\u00e1t is elind\u00edtott\u00e1k.<\/p>\n<p>E teljes\u00edtm\u00e9nyek ellen\u00e9re Olaszorsz\u00e1g politikai helyzete \u00e9vtizedekig t\u00f6redezett volt. A v\u00e1ros\u00e1llamok k\u00f6z\u00f6tti verseng\u00e9s \u00e9s visz\u00e1ly h\u00e1tr\u00e1ltatta az \u00f6sszetart\u00f3 orsz\u00e1g l\u00e9trej\u00f6tt\u00e9t, ami a k\u00fcls\u0151 hat\u00e1sokra fog\u00e9kony f\u00e9lszigetet eredm\u00e9nyezett. Az egys\u00e9g hi\u00e1nya jelent\u0151s k\u00f6vetkezm\u00e9nyekkel j\u00e1rt, mivel Olaszorsz\u00e1g gazdas\u00e1gi jelent\u0151s\u00e9ge a 17. \u00e9s 18. sz\u00e1zad sor\u00e1n cs\u00f6kkent, mik\u00f6zben m\u00e1s eur\u00f3pai nemzetek el\u0151t\u00e9rbe ker\u00fcltek.<\/p>\n<p>Az olasz egyes\u00fcl\u00e9si projekt, a Risorgimento, a 19. sz\u00e1zad folyam\u00e1n felgyorsult. A t\u00f6bb \u00e9vtizedes politikai \u00e9s ter\u00fcleti sz\u00e9ttagolts\u00e1g ut\u00e1n Olaszorsz\u00e1g 1861-ben majdnem teljes egyes\u00fcl\u00e9st \u00e9rt el. Ez a jelent\u0151s eredm\u00e9ny a f\u00fcggetlens\u00e9gi harcokb\u00f3l \u00e9s a Giuseppe Garibaldi \u00e1ltal ir\u00e1ny\u00edtott h\u00edres Ezer-exped\u00edci\u00f3b\u00f3l fakadt. Az \u00fajonnan megalakult Olasz Kir\u00e1lys\u00e1gnak sz\u00e1mos akad\u00e1lya volt a nemzeti identit\u00e1sra \u00e9s a gazdas\u00e1gi moderniz\u00e1ci\u00f3ra val\u00f3 t\u00f6rekv\u00e9sben.<\/p>\n<p>A 19. sz\u00e1zad v\u00e9ge \u00e9s a 20. sz\u00e1zad eleje k\u00f6z\u00f6tt Olaszorsz\u00e1gban gyors iparosod\u00e1s ment v\u00e9gbe, k\u00fcl\u00f6n\u00f6sen az \u00e9szaki ter\u00fcleteken. Ez a gazdas\u00e1gi \u00e1talakul\u00e1s azonban nem volt k\u00f6vetkezetes az eg\u00e9sz orsz\u00e1gban. A D\u00e9l t\u00falnyom\u00f3r\u00e9szt nyomorg\u00f3 maradt, ami jelent\u0151s bels\u0151 szakad\u00e1shoz vezetett, \u00e9s kiterjedt kiv\u00e1ndorl\u00e1shoz vezetett Amerik\u00e1ba. Ez az elv\u00e1ndorl\u00e1s maradand\u00f3 hat\u00e1ssal lesz mind az olasz kult\u00far\u00e1ra, mind azokra a nemzetekre, amelyek befogadt\u00e1k ezeket a bev\u00e1ndorl\u00f3kat.<\/p>\n<p>Olaszorsz\u00e1g nemzetk\u00f6zi csat\u00e1kban val\u00f3 r\u00e9szv\u00e9tele hat\u00e1ssal volt t\u00f6rt\u00e9nelm\u00e9re a 20. sz\u00e1zadban. 1915 \u00e9s 1918 k\u00f6z\u00f6tt a nemzet az antant orsz\u00e1gaival sz\u00f6vets\u00e9gben v\u00edvott az els\u0151 vil\u00e1gh\u00e1bor\u00faban a k\u00f6z\u00e9ps\u0151 orsz\u00e1gok ellen. A h\u00e1bor\u00fa k\u00f6vetkezm\u00e9nyei t\u00e1rsadalmi \u00e9s politikai z\u0171rzavarhoz vezettek, ami 1922-ben fasiszta diktat\u00fara kialakul\u00e1s\u00e1hoz vezetett Benito Mussolini vezet\u00e9s\u00e9vel. Ez a diktat\u00fara k\u00f6t\u00f6tte \u00f6ssze Olaszorsz\u00e1got a n\u00e1ci N\u00e9metorsz\u00e1ggal a m\u00e1sodik vil\u00e1gh\u00e1bor\u00fa alatt, el\u0151sz\u00f6r 1940-t\u0151l 1943-ig a tengelyhatalmak tagjak\u00e9nt. a sz\u00f6vets\u00e9gesekkel az olasz ellen\u00e1ll\u00e1s \u00e9s Olaszorsz\u00e1g felszabad\u00edt\u00e1sa idej\u00e9n 1943 \u00e9s 1945 k\u00f6z\u00f6tt.<\/p>\n<p>A h\u00e1bor\u00fa ut\u00e1ni korszak sarkalatos fordulatot jelentett Olaszorsz\u00e1g sz\u00e1m\u00e1ra. A monarchi\u00e1t felsz\u00e1molt\u00e1k, \u00e9s 1946-ban k\u00f6zt\u00e1rsas\u00e1got alap\u00edtottak. A h\u00e1bor\u00fa okozta k\u00e1rok ellen\u00e9re Olaszorsz\u00e1g jelent\u0151s gazdas\u00e1gi fellend\u00fcl\u00e9sen ment kereszt\u00fcl, amelyet n\u00e9ha \u201eolasz gazdas\u00e1gi csod\u00e1nak\u201d is neveznek. Ez a terjeszked\u00e9s korszaka a nemzetet kort\u00e1rs, iparosodott \u00e1llamm\u00e1 \u00e9s az Eur\u00f3pai Uni\u00f3 el\u0151zm\u00e9ny\u00e9nek sz\u00e1m\u00edt\u00f3 Eur\u00f3pai Gazdas\u00e1gi K\u00f6z\u00f6ss\u00e9g alap\u00edt\u00f3 tagj\u00e1v\u00e1 alak\u00edtotta.<\/p>\n<p>Jelenleg Olaszorsz\u00e1got fejlett nemzetnek tekintik, amelynek vil\u00e1gszerte jelent\u0151s hat\u00e1sa van. Vil\u00e1gviszonylatban a kilencedik legnagyobb nomin\u00e1lis GDP-vel rendelkezik, \u00e9s Eur\u00f3pa m\u00e1sodik legnagyobb ipari szektor\u00e1nak ad otthont. A nemzet jelent\u0151s m\u00e9rt\u00e9kben befoly\u00e1solja a region\u00e1lis \u00e9s glob\u00e1lis \u00fcgyeket, r\u00e9szt vesz a gazdas\u00e1gi, katonai, kultur\u00e1lis \u00e9s diplom\u00e1ciai t\u00f6rekv\u00e9sekben. Olaszorsz\u00e1g, mint az Eur\u00f3pai Uni\u00f3 alap\u00edt\u00f3 tagja, m\u00e9lyen belefon\u00f3dott a kontinens politikai \u00e9s gazdas\u00e1gi keretei k\u00f6z\u00e9. Akt\u00edvan r\u00e9szt vesz sz\u00e1mos nemzetk\u00f6zi szervezetben, k\u00f6zt\u00fck a NATO-ban, a G7-ben \u00e9s a G20-ban, demonstr\u00e1lva elk\u00f6telezetts\u00e9g\u00e9t a glob\u00e1lis egy\u00fcttm\u0171k\u00f6d\u00e9s \u00e9s n\u00f6veked\u00e9s mellett.<\/p>","protected":false},"excerpt":{"rendered":"<p>A D\u00e9l- \u00e9s Nyugat-Eur\u00f3p\u00e1ban tal\u00e1lhat\u00f3 Olaszorsz\u00e1g k\u00f6zel 60 milli\u00f3 lakossal rendelkezik, ezzel az Eur\u00f3pai Uni\u00f3 harmadik legn\u00e9pesebb tag\u00e1llama. Ez a csizma alak\u00fa f\u00e9lsziget a F\u00f6ldk\u00f6zi-tengerbe ny\u00falik, \u00e9szaki hat\u00e1r\u00e1t pedig a csod\u00e1latos Alpok jel\u00f6lik ki. Az orsz\u00e1g ter\u00fclete sz\u00e1mos szigetet foglal mag\u00e1ban, k\u00f6zt\u00fck Szic\u00edli\u00e1t \u00e9s Szard\u00edni\u00e1t. Olaszorsz\u00e1g a 301 340 n\u00e9gyzetkilom\u00e9teres ter\u00fclettel Eur\u00f3pa tizedik legnagyobb orsz\u00e1ga. Megosztja hat\u00e1rait Franciaorsz\u00e1ggal, Sv\u00e1jccal, Ausztri\u00e1val \u00e9s Szlov\u00e9ni\u00e1val, \u00e9s k\u00e9t szuver\u00e9n enkl\u00e1v\u00e9b\u00f3l \u00e1ll: Vatik\u00e1nv\u00e1rossal \u00e9s San Marin\u00f3val. R\u00f3ma, a f\u0151v\u00e1ros \u00e9s a legnagyobb v\u00e1ros, j\u00f3l p\u00e9ld\u00e1zza a nemzet m\u00e9ly t\u00f6rt\u00e9nelm\u00e9t \u00e9s kultur\u00e1lis jelent\u0151s\u00e9g\u00e9t. Tov\u00e1bbi kiemelked\u0151 v\u00e1rosi csom\u00f3pontok Mil\u00e1n\u00f3, N\u00e1poly, Torino, Firenze \u00e9s Velence, amelyek mindegyike kiemeli Olaszorsz\u00e1g sokr\u00e9t\u0171 m\u0171v\u00e9szeti, kultur\u00e1lis \u00e9s innov\u00e1ci\u00f3s t\u00e1j\u00e1t.<\/p>","protected":false},"author":1,"featured_media":2856,"parent":24078,"menu_order":0,"comment_status":"closed","ping_status":"closed","template":"elementor_theme","meta":{"_eb_attr":"","footnotes":""},"class_list":["post-11663","page","type-page","status-publish","has-post-thumbnail"],"_links":{"self":[{"href":"https:\/\/travelshelper.com\/hu\/wp-json\/wp\/v2\/pages\/11663","targetHints":{"allow":["GET"]}}],"collection":[{"href":"https:\/\/travelshelper.com\/hu\/wp-json\/wp\/v2\/pages"}],"about":[{"href":"https:\/\/travelshelper.com\/hu\/wp-json\/wp\/v2\/types\/page"}],"author":[{"embeddable":true,"href":"https:\/\/travelshelper.com\/hu\/wp-json\/wp\/v2\/users\/1"}],"replies":[{"embeddable":true,"href":"https:\/\/travelshelper.com\/hu\/wp-json\/wp\/v2\/comments?post=11663"}],"version-history":[{"count":0,"href":"https:\/\/travelshelper.com\/hu\/wp-json\/wp\/v2\/pages\/11663\/revisions"}],"up":[{"embeddable":true,"href":"https:\/\/travelshelper.com\/hu\/wp-json\/wp\/v2\/pages\/24078"}],"wp:featuredmedia":[{"embeddable":true,"href":"https:\/\/travelshelper.com\/hu\/wp-json\/wp\/v2\/media\/2856"}],"wp:attachment":[{"href":"https:\/\/travelshelper.com\/hu\/wp-json\/wp\/v2\/media?parent=11663"}],"curies":[{"name":"wp","href":"https:\/\/api.w.org\/{rel}","templated":true}]}}