{"id":11657,"date":"2024-09-13T15:30:46","date_gmt":"2024-09-13T15:30:46","guid":{"rendered":"https:\/\/travelshelper.com\/staging\/?page_id=11657"},"modified":"2026-03-12T16:14:43","modified_gmt":"2026-03-12T16:14:43","slug":"cork","status":"publish","type":"page","link":"https:\/\/travelshelper.com\/hu\/destinations\/europe\/ireland\/cork\/","title":{"rendered":"Parafa"},"content":{"rendered":"<p>Cork, a \u201eL\u00e1zad\u00f3 V\u00e1ros\u201d, \u00cdrorsz\u00e1g m\u00e1sodik legnagyobb v\u00e1rosa, a 2022-es n\u00e9psz\u00e1ml\u00e1l\u00e1s adatai szerint 224 004 lakossal, \u00e9s k\u00f6r\u00fclbel\u00fcl 37 n\u00e9gyzetkilom\u00e9tert foglal mag\u00e1ban a Lee foly\u00f3 k\u00e9t csatorn\u00e1ja \u00e1ltal alkotott szigeten. D\u00e9lnyugat-\u00cdrorsz\u00e1gban, Cork megye sz\u00e9khelyek\u00e9nt tal\u00e1lhat\u00f3, \u00e9s a vil\u00e1g egyik legnagyobb term\u00e9szetes kik\u00f6t\u0151j\u00e9vel rendelkezik, mivel a foly\u00f3 rakpartjai \u00e9s dokkjai kelet fel\u00e9 folynak a Lough Mahonba \u00e9s a Cork kik\u00f6t\u0151be.<\/p>\n<p>A hatodik sz\u00e1zadban egy Saint Fin Barre \u00e1ltal alap\u00edtott kolostor k\u00f6r\u00e9 alap\u00edtott telep\u00fcl\u00e9s, amelyb\u0151l k\u00e9s\u0151bb Cork lett \u2013 \u00edr\u00fcl Corcaigh, \u201emocs\u00e1r\u201d n\u00e9ven ismert \u2013 eredet\u00e9t a Lee term\u00e9keny, haj\u00f3zhat\u00f3 delt\u00e1j\u00e1nak k\u00f6sz\u00f6nheti. A viking h\u00f3d\u00edt\u00f3k Kr. u. 915 k\u00f6r\u00fcl b\u0151v\u00edtett\u00e9k a v\u00e1rost, \u00e9s 1185-ben J\u00e1nos herceg megadta Corknak az oklevel\u00e9t, ezzel v\u00e1rosi rangra emelve az Anjou korona alatt. Egy teljesen fallal k\u00f6r\u00fclvett k\u00f6z\u00e9pkori mag zs\u00fafolta be a Lee csatorn\u00e1i k\u00f6z\u00f6tti keskeny szigetet, amelyek k\u00f6z\u00fcl t\u00f6bbet k\u00e9s\u0151bb felt\u00f6lt\u00f6ttek, \u00edgy j\u00f6tt l\u00e9tre a mai St. Patrick&#039;s Street, South Mall \u00e9s Grand Parade. A fennmarad\u00f3 csatorn\u00e1k ma is k\u00f6r\u00fcl\u00f6lelik a v\u00e1rosk\u00f6zpontot, amelynek ny\u00edl alak\u00fa k\u00f6rvonala a foly\u00f3 menti m\u00faltra tan\u00faskodik.<\/p>\n<p>A tizenhetedik sz\u00e1zadra Cork vir\u00e1gzott a tengeri kereskedelemnek k\u00f6sz\u00f6nhet\u0151en, b\u00e1r a haj\u00f3k m\u00e9ret\u00e9nek n\u00f6veked\u00e9se a kik\u00f6t\u0151i tev\u00e9kenys\u00e9get Cobh fel\u00e9 terelte. Vir\u00e1gz\u00f3 k\u00fclv\u00e1rosok, mint p\u00e9ld\u00e1ul Sunday&#039;s Well \u00e9s Montenotte emelkedtek az \u00e9szaki part magasabb pontjain, m\u00edg a d\u00e9li parton egy tizenkilencedik sz\u00e1zadi egyetemi kampusz \u2013 a University College Cork \u2013 form\u00e1l\u00f3dott. A v\u00e1ros k\u00f6z\u00e9pkori falai csak t\u00f6red\u00e9kekben maradtak fenn az \u00c9szaki \u00e9s D\u00e9li F\u0151utc\u00e1k k\u00f6r\u00fcl, m\u00e9gis az \u00f6r\u00f6ks\u00e9g tudata megmaradt olyan nevezetess\u00e9gekben, mint a V\u00f6r\u00f6s Ap\u00e1ts\u00e1g, az egyetlen k\u00f6z\u00e9pkori templommaradv\u00e1ny, valamint a Szent M\u00e1ria-katedr\u00e1lis (az \u00c9szaki Katedr\u00e1lis \u00e9p\u00edt\u00e9se 1808-ban kezd\u0151d\u00f6tt, a torony az 1860-as \u00e9vekben \u00e9p\u00fclt) \u00e9s a Szent Fin Barre&#039;s (1862\u20131879 k\u00f6z\u00f6tt \u00e9p\u00fclt William Burges kor\u00e1bbi alapjaira) ikerkatedr\u00e1lisaiban.<\/p>\n<p>Cork politikai temperamentuma a \u201eL\u00e1zad\u00f3 V\u00e1ros\u201d jelz\u0151t kapta a r\u00f3zs\u00e1k h\u00e1bor\u00faja alatti yorkista szimp\u00e1ti\u00e1ja, majd a polg\u00e1rh\u00e1bor\u00faban az angol-\u00edr szerz\u0151d\u00e9ssel szembeni ellen\u00e1ll\u00e1sa miatt, ami n\u00e9pszer\u0171 utal\u00e1sokat sz\u00fclt egy \u201eval\u00f3di f\u0151v\u00e1rosra\u201d \u00e9s a kital\u00e1lt \u201eCorki N\u00e9pk\u00f6zt\u00e1rsas\u00e1gra\u201d a helyi utcai m\u0171v\u00e9szetben \u00e9s p\u00f3l\u00f3kban. F\u00fcggetlen szellemis\u00e9g\u00e9t a jellegzetes helyi \u00e9tkez\u00e9si hagyom\u00e1nyok ir\u00e1nti b\u00fcszkes\u00e9g p\u00e1ros\u00edtja \u2013 a krubeeneket, a pacalt \u00e9s a drisheent egykor a huszadik sz\u00e1zad k\u00f6zep\u00e9n olyan \u00e9tkezd\u00e9kben szolg\u00e1lt\u00e1k fel, mint Katty Barry \u2013, valamint az \u00e9vsz\u00e1zados Angol Piac, amelynek fedett hal-, h\u00fas-, z\u00f6lds\u00e9g- \u00e9s k\u00e9zm\u0171ves sajtstandjai Cork t\u00f6rt\u00e9nelmi kereskedelmi kik\u00f6t\u0151k\u00e9nt val\u00f3 identit\u00e1s\u00e1t id\u00e9zik. A k\u00f6zelm\u00faltban a dokkvid\u00e9ki rakt\u00e1rak \u00fajj\u00e1sz\u00fcletettek, mint a Marina Market (megny\u00edlt 2020 szeptember\u00e9ben), \u00e9s Ballintemple-ben a Black Market (2021 szeptember\u00e9ben), mindk\u00e9t fedett \u00e9lelmiszercsarnokban a helyi \u00e1rusok \u00e9l\u0151 rendezv\u00e9nyekkel keverednek.<\/p>\n<p>A v\u00e1ros \u00f3ce\u00e1ni \u00e9ghajlat\u00e1t enyhe h\u0151m\u00e9rs\u00e9klet, b\u0151s\u00e9ges csapad\u00e9k \u00e9s az \u00edr K\u00f6ppen Cfb z\u00f3n\u00e1ra jellemz\u0151 v\u00e1ltoz\u00e9konys\u00e1g jellemzi. A 9b \u00e9ghajlati z\u00f3na uralkodik; a fagy vagy a h\u00f3 ritka az alacsonyan fekv\u0151 szigetk\u00f6zpontban. A Cork rep\u00fcl\u0151t\u00e9r klimatol\u00f3giai \u00e1llom\u00e1sa, amely 153 m\u00e9teres tengerszint feletti magass\u00e1gban tal\u00e1lhat\u00f3, n\u00e9h\u00e1ny kilom\u00e9terre d\u00e9lre a sziget magj\u00e1t\u00f3l, \u00e1tlagosan 1239 mm-es \u00e9ves csapad\u00e9kmennyis\u00e9get, 218 es\u0151s napot (t\u00f6bb mint 0,2 mm) regisztr\u00e1l, amelyek k\u00f6z\u00fcl 80 meghaladja az 5 mm-t, emellett 6,5 nap j\u00e9ges\u0151 \u00e9s 9,5 nap havaz\u00e1s vagy \u00f3nos es\u0151 esik (h\u00f3 mind\u00f6ssze k\u00e9t napig esik). A v\u00e1rost \u00e9vente mintegy 97,8 reggelente k\u00f6d bor\u00edtja, f\u0151k\u00e9nt t\u00e9len, de Cork \u00cdrorsz\u00e1g legnaposabb v\u00e1rosai k\u00f6z\u00e9 tartozik, \u00e1tlagosan t\u00f6bb mint n\u00e9gy \u00f3ra napi naps\u00fct\u00e9ssel \u00e9s csak 63,7 naps\u00fct\u00e9s n\u00e9lk\u00fcli nappal, f\u0151k\u00e9nt t\u00e9l k\u00f6zep\u00e9n. A Lee ment\u00e9n id\u0151nk\u00e9nt el\u0151fordul\u00f3 \u00e1rad\u00e1sok kiemelik a v\u00e1ros szoros kapcsolat\u00e1t a v\u00edzi \u00fatjaival.<\/p>\n<p>Cork kultur\u00e1lis \u00e9lete l\u00fcktet a kreativit\u00e1st\u00f3l. A Cork Zeneiskola \u00e9s a Crawford M\u0171v\u00e9szeti \u00e9s Formatervez\u00e9si F\u0151iskola a UCC sz\u00ednh\u00e1zi komponenseivel egy\u00fctt \u00e9l\u00e9nk m\u0171v\u00e9szeti \u00f6kosziszt\u00e9m\u00e1t t\u00e1pl\u00e1l. A Corcadorca Sz\u00ednh\u00e1zi T\u00e1rsulat \u2013 amely egykor Cillian Murphy otthona volt \u2013 a nemzeti Koreogr\u00e1fiai \u00e9s T\u00e1ncint\u00e9zettel osztozik a helyis\u00e9gen; a meghitt Triskel M\u0171v\u00e9szeti K\u00f6zpont \u00e9s f\u00fcggetlen mozija; a Firkin Crane t\u00e1nchelysz\u00edn; valamint a Cork Dr\u00e1mai M\u0171v\u00e9szeti Akad\u00e9mi\u00e1n, a Montfort El\u0151ad\u00f3m\u0171v\u00e9szeti F\u0151iskol\u00e1n \u00e9s a Graffiti Sz\u00ednh\u00e1zi T\u00e1rsulatn\u00e1l zajl\u00f3 k\u00e9pz\u00e9s. Az \u00e9ves fesztiv\u00e1lok \u2013 a Cork Jazzfesztiv\u00e1l, a Cork Filmfesztiv\u00e1l \u00e9s a Live at the Marquee \u2013 nemzetk\u00f6zi k\u00f6z\u00f6ns\u00e9get vonzanak, m\u00edg az Everyman Palace Sz\u00ednh\u00e1z \u00e9s a Granary Sz\u00ednh\u00e1z eg\u00e9sz \u00e9vben k\u00edn\u00e1l reperto\u00e1rt.<\/p>\n<p>A zenei helysz\u00ednek befogad\u00f3k\u00e9pess\u00e9ge \u00f6tvent\u0151l ezerig terjed: ilyen p\u00e9ld\u00e1ul a Cork Operah\u00e1z, az Everyman, a Cork Arts Theatre, a Cyprus Avenue, a Dali, a Triskel Christchurch, a The Roundy \u00e9s a Coughlan&#039;s. A helyi tehets\u00e9gek k\u00f6z\u00e9 tartozik az RT\u00c9 Vanbrugh Quartet, a rockszt\u00e1rok, John Spillane \u00e9s Rory Gallagher, a meghat\u00e1roz\u00f3 zenekarok, a Five Go Down to the Sea?, a Microdisney, a The Frank and Walters, a Sultans of Ping \u00e9s a Simple Kid, valamint olyan opera\u00e9nekesek, mint Cara O&#039;Sullivan, Mary Hegarty, Brendan Collins \u00e9s Sam McElroy. Az irodalmi k\u00f6r\u00f6k a Munster Irodalmi K\u00f6zpont \u00e9s a Triskel M\u0171v\u00e9szeti K\u00f6zpont k\u00f6r\u00fcl egyes\u00fclnek, tisztelegve a corki sz\u00fclet\u00e9s\u0171 Frank O&#039;Connor \u00e9s Se\u00e1n \u00d3 Faol\u00e1in el\u0151tt, valamint olyan neves el\u0151ad\u00f3k el\u0151tt, mint Thomas McCarthy, Gerry Murphy \u00e9s William Wall.<\/p>\n<p>A kultur\u00e1lis infrastrukt\u00far\u00e1ba t\u00f6rt\u00e9n\u0151 beruh\u00e1z\u00e1sok \u00e1talak\u00edtott\u00e1k a v\u00e1rost: a Crawford V\u00e1rosi M\u0171v\u00e9szeti Gal\u00e9ria modern b\u0151v\u00edt\u00e9se, az Operah\u00e1z huszonegyedik sz\u00e1zad eleji fel\u00faj\u00edt\u00e1sa, a 2004-ben megny\u00edlt Lewis Glucksman Gal\u00e9ria a UCC-ben \u2013 amely beker\u00fclt a brit Stirling-d\u00edj r\u00f6vid list\u00e1j\u00e1ra \u2013, valamint egy 60 milli\u00f3 eur\u00f3s Zeneiskola \u00e9p\u00fclet\u00e9nek 2007 szeptember\u00e9ben t\u00f6rt\u00e9n\u0151 \u00e1tad\u00e1sa. Cork 2005-\u00f6s Eur\u00f3pa Kultur\u00e1lis F\u0151v\u00e1ros\u00e1nak kiv\u00e1laszt\u00e1sa \u00e9s a Lonely Planet 2010-es Best in Travel list\u00e1j\u00e1n val\u00f3 szerepeltet\u00e9se \u2013 amelyet \u201ekifinomultnak, \u00e9l\u00e9nknek \u00e9s soksz\u00edn\u0171nek\u201d neveztek \u2013 bizony\u00edtja glob\u00e1lis jelent\u0151s\u00e9g\u00e9t.<\/p>\n<p>\u00c9p\u00edt\u00e9szeti \u00f6r\u00f6ks\u00e9g hidakat hoz l\u00e9tre t\u00f6bb korszak k\u00f6z\u00f6tt. A Szent Patrik utca \u2013 egykor a Lee-csatorna \u2013 \u00e1rk\u00e1dok \u00e9s s\u00e9t\u00e1l\u00f3utc\u00e1k alatt kanyarog, \u00e9szaki v\u00e9g\u00e9t Matthew atya szobra jel\u00f6li. Az Oliver Plunkett utc\u00e1n \u00e1ll a m\u00e9szk\u0151 homlokzat\u00fa F\u0151posta, amely az 1760-ban \u00e9p\u00fclt Theatre Royalon tal\u00e1lhat\u00f3, amelyet Pablo Fanque 1850-ben amfite\u00e1trumm\u00e1 \u00e9p\u00edtett, miel\u0151tt 1877-ben a jelenlegi F\u0151postahivatall\u00e1 v\u00e1lt. A Grand Parade, egy fasorral szeg\u00e9lyezett sug\u00e1r\u00fat, ahol irod\u00e1k \u00e9s p\u00e9nzint\u00e9zetek sorakoznak, \u00e9les ellent\u00e9tben \u00e1ll a r\u00e9gebbi South Mall gr\u00faz st\u00edlus\u00fa bankbels\u0151ivel, bele\u00e9rtve az 1860-as \u00e9vekben \u00e9p\u00fclt Allied Irish Bank t\u0151zsd\u00e9j\u00e9t. A modern l\u00e1tk\u00e9pet a Megyeh\u00e1za \u2013 \u00cdrorsz\u00e1g legmagasabb \u00e9p\u00fclete volt, am\u00edg a k\u00f6zeli Elysian fel\u00fclm\u00falta \u2013 \u00e9s a szesz\u00e9lyes bronz \u201eCha \u00e9s Miah\u201d szobor hat\u00e1rozza meg. A Lee utc\u00e1n t\u00fal a viktori\u00e1nus korabeli Our Lady&#039;s Pszichi\u00e1triai K\u00f3rh\u00e1z \u00fajj\u00e1sz\u00fcletett Atkins Hall rezidenci\u00e1kk\u00e9nt.<\/p>\n<p>Az \u00e9szaki oldalt uralja a shandoni Szent Anna-templom tornya \u2013 v\u00f6r\u00f6s homokk\u0151 \u00e9s feh\u00e9r m\u00e9szk\u0151 homlokzat\u00e1val, melyet egy 3,4 m\u00e9teres lazacsz\u00edn\u0171 sz\u00e9lkakas koron\u00e1z \u2013 a v\u00e1ros jelk\u00e9pe. A k\u00f6zelben tal\u00e1lhat\u00f3 Skiddy&#039;s Almshouse a tizennyolcadik sz\u00e1zadi filantr\u00f3pi\u00e1ra eml\u00e9keztet. A Cork v\u00e1rosh\u00e1za, amelyet az 1930-as \u00e9vekben emeltek az Egyes\u00fclt Kir\u00e1lys\u00e1g korm\u00e1ny\u00e1nak megb\u00e9k\u00e9l\u00e9si gesztusak\u00e9nt az 1920-as \u201eCork el\u00e9get\u00e9se\u201d ut\u00e1n, amelyet a fekete \u00e9s csersz\u00ednek k\u00f6vettek el, a f\u00fcggetlens\u00e9gi h\u00e1bor\u00fa alatt elpusztult csarnok hely\u00e9be l\u00e9pett. A polg\u00e1ri \u00e9p\u00edt\u00e9szet folytat\u00f3dik a Washington Street-i b\u00edr\u00f3s\u00e1ggal \u00e9s az Elizabeth-er\u0151ddel, m\u00edg a kultur\u00e1lis nevezetess\u00e9gek b\u0151velkednek a Christ Churchben (ma Triskel M\u0171v\u00e9szeti K\u00f6zpont), a St Mary&#039;s Dominican Churchben, az UCC foly\u00f3parti v\u00e1r\u00e1ban, a Sunday&#039;s Well-ben tal\u00e1lhat\u00f3 egykori n\u0151i b\u00f6rt\u00f6nben \u00e9s az 1786-b\u00f3l sz\u00e1rmaz\u00f3 t\u00f6rt\u00e9nelmi angol piacban (eredetei 1610-re ny\u00falnak vissza).<\/p>\n<p>A z\u00f6ldter\u00fcletek gazdag\u00edtj\u00e1k a v\u00e1rosi \u00e9letet: a k\u00f6zpontt\u00f3l nyugatra tal\u00e1lhat\u00f3 Fitzgerald&#039;s Park ad otthont a Cork Public Museumnak; a Bishop Lucey Park egy k\u00f6z\u00e9pkori falszakaszt \u0151riz; a The Lough n\u00e9ven ismert horg\u00e1szt\u00f3, valamint a Blackrock perem\u00e9n tal\u00e1lhat\u00f3 Marina \u00e9s Atlantic Pond folyos\u00f3k a kocog\u00f3k, evez\u0151s\u00f6k \u00e9s ker\u00e9kp\u00e1rosok kedvenc helye. 2012 \u00f3ta a v\u00e1ros utc\u00e1in r\u00e9tegesen ker\u00e9kp\u00e1rutak \u00e9s ker\u00e9kp\u00e1rt\u00e1rol\u00f3k tal\u00e1lhat\u00f3k, 2014-ben pedig az An Rothar Nua elind\u00edtott egy nyilv\u00e1nos k\u00f6lcs\u00f6nz\u00e9si programot, amely 330 ker\u00e9kp\u00e1rb\u00f3l \u00e1ll 31 dokkol\u00f3\u00e1llom\u00e1son.<\/p>\n<p>Cork s\u00f6rf\u0151z\u00e9si hagyom\u00e1nya a Beamish &amp; Crawford s\u00f6rf\u0151zde 2009-es bez\u00e1r\u00e1sa ellen\u00e9re is fennmaradt, melynek m\u0171k\u00f6d\u00e9se a Lady&#039;s Wellben tal\u00e1lhat\u00f3 Murphy&#039;s s\u00f6rf\u0151zd\u00e9be k\u00f6lt\u00f6z\u00f6tt (jelenleg a Heineken s\u00f6rf\u0151zde is itthon f\u0151zi). A Franciscan Well s\u00f6rf\u0151zde, amelyet 1998-ban alap\u00edtottak, majd a Coors felv\u00e1s\u00e1rolt, tov\u00e1bbra is k\u00e9zm\u0171ves termel\u00e9st folytat.<\/p>\n<p>K\u00f6zleked\u00e9si kapcsolatok k\u00f6tik Corkot \u00cdrorsz\u00e1ggal \u00e9s azon t\u00fal is. A Cork rep\u00fcl\u0151t\u00e9r, az orsz\u00e1g m\u00e1sodik legforgalmasabb rep\u00fcl\u0151tere, a v\u00e1rost\u00f3l d\u00e9lre fekszik, \u00e9s t\u00f6bb mint negyven\u00f6t eur\u00f3pai c\u00e9l\u00e1llom\u00e1sra ind\u00edt j\u00e1ratokat. A Bus \u00c9ireann v\u00e1rosi j\u00e1ratok (201\u2013226-os \u00fatvonalak) \u00f6sszek\u00f6tik a k\u00f6zpontot a k\u00fclv\u00e1rosokkal, bev\u00e1s\u00e1rl\u00f3k\u00f6zpontokkal \u00e9s egyetemi kampusokkal, m\u00edg k\u00e9t k\u00f6rgy\u0171r\u0171 \u00e9szak \u00e9s d\u00e9l fel\u00e9 k\u00f6r\u00f6z. 2019 janu\u00e1rja \u00f3ta a 220-as j\u00e1rat biztos\u00edtja \u00cdrorsz\u00e1g els\u0151 huszonn\u00e9gy \u00f3r\u00e1s buszj\u00e1rat\u00e1t, amely \u00f3r\u00e1nk\u00e9nt \u00f6sszek\u00f6ti Ballincolligot \u00e9s Carrigaline-t 01:30 \u00e9s 05:30 k\u00f6z\u00f6tt, \u00e9s az utasok sz\u00e1ma az els\u0151 \u00e9vben 70 sz\u00e1zal\u00e9kkal n\u0151tt. 2022 okt\u00f3ber\u00e9ben a Nemzeti K\u00f6zleked\u00e9si Hat\u00f3s\u00e1g nyilv\u00e1nos konzult\u00e1ci\u00f3t ind\u00edtott a corki BusConnects projektr\u0151l, egy tucat folyos\u00f3, buszkapuk, kib\u0151v\u00edtett buszs\u00e1vok \u00e9s egy tervezett csom\u00f3pont kialak\u00edt\u00e1s\u00e1t javasolva a 2023 november\u00e9ben esed\u00e9kes harmadik konzult\u00e1ci\u00f3s fordul\u00f3 r\u00e9szek\u00e9nt. A Parnell Place \u00e1llom\u00e1sr\u00f3l indulnak t\u00e1vols\u00e1gi buszok Killarney, Waterford, Athlone, a Shannon rep\u00fcl\u0151t\u00e9r, Limerick, Galway \u00e9s Dublin fel\u00e9, kieg\u00e9sz\u00edtve az Irish Citylink, az Aircoach \u00e9s a Dublin Coach mag\u00e1n\u00fczemeltet\u0151k \u00e1ltal \u00fczemeltetett j\u00e1ratokkal.<\/p>\n<p>A tengeri szolg\u00e1ltat\u00e1sok k\u00f6z\u00e9 tartozik a Cross River komp Rushbrooke \u00e9s Passage West k\u00f6z\u00f6tt, amely megk\u00f6nny\u00edti az ing\u00e1z\u00f3k forgalm\u00e1t a Jack Lynch alag\u00fat alatt, valamint a Brittany Ferries aut\u00f3s j\u00e1rata Ringaskiddyb\u0151l Roscoffba, Franciaorsz\u00e1gba, Cork kik\u00f6t\u0151j\u00e9n kereszt\u00fcl, a k\u00f6zpontt\u00f3l tizenhat kilom\u00e9terre d\u00e9lkeletre. Az 1980-as \u00e9vekt\u0151l kezd\u0151d\u0151 \u00fatfejleszt\u00e9sek \u2013 Cork South Link, South Ring k\u00e9ts\u00e1vos aut\u00f3p\u00e1lya, Jack Lynch alag\u00fat, Kinsale Road fel\u00fclj\u00e1r\u00f3 (2006), N20 elker\u00fcl\u0151 utak \u00e9s a Patrick Street gyalogosokra f\u00f3kusz\u00e1l\u00f3 rekonstrukci\u00f3ja \u2013 az M8-as aut\u00f3p\u00e1lya Dublin fel\u00e9 mellett helyezkednek el.<\/p>\n<p>Cork k\u00f6zleked\u00e9si sz\u00f6vet\u00e9t egykor a vasutak hat\u00e1rozt\u00e1k meg, nyolc \u00e1llom\u00e1ssal, amelyek a helyi \u00e9s region\u00e1lis vonalakat szolg\u00e1lt\u00e1k ki. Ma a Kent \u00e1llom\u00e1s az Irish Rail \u00f3r\u00e1nk\u00e9nti dublini indul\u00e1sainak \u00e9s az InterCity j\u00e1ratok k\u00f6zpontja Killarney, Tralee, Limerick, Ennis \u00e9s Galway fel\u00e9, m\u00edg a Little Island \u00e9s Glounthaune az el\u0151v\u00e1rosi ing\u00e1z\u00f3kat \u00e9s az \u00fajra megnyitott Glounthaune\u2013Midleton vonalat (2009) szolg\u00e1lja ki. A hagyom\u00e1nyos villamosok \u2013 1872-ben l\u00f3vontat\u00e1s\u00faak, 1898-t\u00f3l 1931-ig elektromosak \u2013 \u00e1tadt\u00e1k a hely\u00fcket a modern s\u00edneknek.<\/p>\n<p>Cork lakoss\u00e1ga a 2016-os n\u00e9psz\u00e1ml\u00e1l\u00e1s szerint 208 669 f\u0151r\u0151l 2022-re 224 004 f\u0151re n\u0151tt a hat\u00e1rok kiterjeszt\u00e9s\u00e9t k\u00f6vet\u0151en, amelyek olyan v\u00e1rosokat hoztak a v\u00e1ros hat\u00e1rai k\u00f6z\u00e9, mint Blarney. Cork nagyv\u00e1ros\u00e1nak lakoss\u00e1ga ma m\u00e1r meghaladja a 300 000 f\u0151t. A bev\u00e1ndorl\u00f3 k\u00f6z\u00f6ss\u00e9gek soksz\u00edn\u0171s\u00e9ge gazdag\u00edtja a t\u00e1rsadalmi sz\u00f6vetet: lengyelek, britek, litv\u00e1nok, franci\u00e1k, n\u00e9metek, indiaiak, nig\u00e9riaiak, magyarok, szlov\u00e1kok \u00e9s spanyolok mind hozz\u00e1j\u00e1rulnak a v\u00e1ros kozmopolita jelleg\u00e9hez. A n\u0151k sz\u00e1ma margin\u00e1lisan meghaladja a f\u00e9rfiak\u00e9t, t\u00fckr\u00f6zve az orsz\u00e1gos trendeket, de kisebb k\u00fcl\u00f6nbs\u00e9ggel.<\/p>\n<p>\u201eL\u00e1zad\u00f3 v\u00e1ros\u201d h\u00edrneve ellen\u00e9re Cork tov\u00e1bbra is egy gazdagon r\u00e9tegzett v\u00e1rosi falisz\u0151nyeg \u2013 egyszerre k\u00f6z\u00e9pkori kolostor, viking er\u0151d\u00edtm\u00e9ny, gr\u00faz kereskedelmi kik\u00f6t\u0151 \u00e9s modern eur\u00f3pai kultur\u00e1lis f\u0151v\u00e1ros \u2013, melynek foly\u00f3 \u00e1ltal szabdalt szigetmagja \u00e9s legend\u00e1s rakpartjai tov\u00e1bbra is egy \u00e9l\u0151 v\u00e1rost form\u00e1lnak, amely kifel\u00e9 tekint a vil\u00e1gra, mik\u00f6zben \u00e1polja rendk\u00edv\u00fcl f\u00fcggetlen \u00f6r\u00f6ks\u00e9g\u00e9t.<\/p>","protected":false},"excerpt":{"rendered":"<p>Cork \u00cdrorsz\u00e1g m\u00e1sodik legnagyobb v\u00e1rosa \u00e9s Cork megye k\u00f6zigazgat\u00e1si k\u00f6zpontja, a 2022-es n\u00e9psz\u00e1ml\u00e1l\u00e1s szerint 224 004 lakossal. Ez a dinamikus nagyv\u00e1rosi csom\u00f3pont, amely Munster tartom\u00e1nyban tal\u00e1lhat\u00f3, \u00cdrorsz\u00e1g sziget\u00e9nek harmadik legnagyobb v\u00e1rosa. A v\u00e1ros jellegzetes topogr\u00e1fi\u00e1j\u00e1t a magja jellemzi, amely a Lee foly\u00f3 k\u00e9t csatorn\u00e1ja \u00e1ltal l\u00e9trehozott szigeten tal\u00e1lhat\u00f3. Ezek a csatorn\u00e1k a v\u00e1ros keleti v\u00e9g\u00e1llom\u00e1s\u00e1n\u00e1l tal\u00e1lkoznak, ahol a rakpartok \u00e9s a dokkok kiterjedt h\u00e1l\u00f3zata ny\u00falik be a Lough Mahonba \u00e9s a Cork Harbourba, amely a vil\u00e1g egyik legnagyobb term\u00e9szetes kik\u00f6t\u0151je.<\/p>","protected":false},"author":1,"featured_media":3992,"parent":11622,"menu_order":0,"comment_status":"closed","ping_status":"closed","template":"elementor_theme","meta":{"_eb_attr":"","footnotes":""},"class_list":["post-11657","page","type-page","status-publish","has-post-thumbnail"],"_links":{"self":[{"href":"https:\/\/travelshelper.com\/hu\/wp-json\/wp\/v2\/pages\/11657","targetHints":{"allow":["GET"]}}],"collection":[{"href":"https:\/\/travelshelper.com\/hu\/wp-json\/wp\/v2\/pages"}],"about":[{"href":"https:\/\/travelshelper.com\/hu\/wp-json\/wp\/v2\/types\/page"}],"author":[{"embeddable":true,"href":"https:\/\/travelshelper.com\/hu\/wp-json\/wp\/v2\/users\/1"}],"replies":[{"embeddable":true,"href":"https:\/\/travelshelper.com\/hu\/wp-json\/wp\/v2\/comments?post=11657"}],"version-history":[{"count":0,"href":"https:\/\/travelshelper.com\/hu\/wp-json\/wp\/v2\/pages\/11657\/revisions"}],"up":[{"embeddable":true,"href":"https:\/\/travelshelper.com\/hu\/wp-json\/wp\/v2\/pages\/11622"}],"wp:featuredmedia":[{"embeddable":true,"href":"https:\/\/travelshelper.com\/hu\/wp-json\/wp\/v2\/media\/3992"}],"wp:attachment":[{"href":"https:\/\/travelshelper.com\/hu\/wp-json\/wp\/v2\/media?parent=11657"}],"curies":[{"name":"wp","href":"https:\/\/api.w.org\/{rel}","templated":true}]}}