{"id":11647,"date":"2024-09-13T15:19:49","date_gmt":"2024-09-13T15:19:49","guid":{"rendered":"https:\/\/travelshelper.com\/staging\/?page_id=11647"},"modified":"2026-03-12T16:14:19","modified_gmt":"2026-03-12T16:14:19","slug":"dublin","status":"publish","type":"page","link":"https:\/\/travelshelper.com\/hu\/destinations\/europe\/ireland\/dublin\/","title":{"rendered":"Dublin"},"content":{"rendered":"<p>Dublin \u00cdrorsz\u00e1g f\u0151v\u00e1rosa \u00e9s legnagyobb v\u00e1rosa, amely k\u00f6r\u00fclbel\u00fcl 345 km\u00b2-en ter\u00fcl el az orsz\u00e1g keleti partj\u00e1n, a Liffey foly\u00f3 torkolat\u00e1n\u00e1l. Leinster tartom\u00e1nyban tal\u00e1lhat\u00f3, d\u00e9lr\u0151l az alacsonyan fekv\u0151 Dublin-hegys\u00e9g hat\u00e1rolja. A v\u00e1rosi tan\u00e1cs ter\u00fclet\u00e9n a 2022-es n\u00e9psz\u00e1ml\u00e1l\u00e1s szerint 592 713 lakos \u00e9lt, m\u00edg a t\u00e1gabb v\u00e1rosi \u00f6vezet \u2013 Dublin \u00e9s k\u00fclv\u00e1rosai \u2013 el\u00e9rte az 1 263 219 lakost. Dublin megye eg\u00e9sz\u00e9ben 1 501 500 lakost sz\u00e1ml\u00e1lt, ami meger\u0151s\u00edti Dublin st\u00e1tusz\u00e1t, mint \u00cdrorsz\u00e1g sziget\u00e9nek legn\u00e9pesebb v\u00e1rosa.<\/p>\n<p>Dublin eredete egy korai gael telep\u00fcl\u00e9sre vezethet\u0151 vissza, amely a hetedik sz\u00e1zadban vagy kor\u00e1bban j\u00f6tt l\u00e9tre, \u00e9s strat\u00e9giai helyen helyezkedett el ott, ahol a Poddle foly\u00f3 a Liffey foly\u00f3ba torkollik. Ez a k\u00f6rnyezet, kieg\u00e9sz\u00edtve a kis Steine \u200b\u200bvagy Steyne patakhoz, a Camac \u00e9s a Bradogue foly\u00f3khoz val\u00f3 hozz\u00e1f\u00e9r\u00e9ssel, vonzotta a viking telepeseket, akik keresked\u0151v\u00e1rost alap\u00edtottak, \u00e9s f\u00f6ldmunk\u00e1kkal meger\u0151s\u00edtett\u00e9k. A tizenkettedik sz\u00e1zad v\u00e9gi angol-normann inv\u00e1zi\u00f3 idej\u00e9re a telep\u00fcl\u00e9s Dublin Kir\u00e1lys\u00e1g\u00e1v\u00e1 fejl\u0151d\u00f6tt, \u00e9s \u00cdrorsz\u00e1g f\u0151 v\u00e1rosi k\u00f6zpontj\u00e1v\u00e1 v\u00e1lt. Az ezt k\u00f6vet\u0151 \u00e9vsz\u00e1zadokban a v\u00e1ros a k\u00f6z\u00e9pkori falain t\u00falra is terjeszkedett. A tizenhetedik \u00e9s tizennyolcadik sz\u00e1zadban gyors n\u00f6veked\u00e9s volt tapasztalhat\u00f3, amit kik\u00f6t\u0151v\u00e1rosk\u00e9nt \u00e9s k\u00f6zigazgat\u00e1si sz\u00e9khelyk\u00e9nt val\u00f3 st\u00e1tusza is seg\u00edtett. Az 1800-as uni\u00f3s okm\u00e1nyokat k\u00f6vet\u0151en Dublin r\u00f6vid id\u0151re a Brit Birodalom m\u00e1sodik legnagyobb v\u00e1ros\u00e1v\u00e1, Nyugat-Eur\u00f3pa pedig a hatodik legnagyobb v\u00e1ross\u00e1 v\u00e1lt. Miut\u00e1n az \u00cdr Szabad\u00e1llam 1922-ben elnyerte f\u00fcggetlens\u00e9g\u00e9t \u2013 \u00e9s 1937-ben \u00e1tnevezt\u00e9k \u00cdrorsz\u00e1gra \u2013, Dublint nevezt\u00e9k ki f\u0151v\u00e1rosnak. A huszonegyedik sz\u00e1zad elej\u00e9n a v\u00e1ros glob\u00e1lis kereskedelmi \u00e9s kultur\u00e1lis csom\u00f3pontk\u00e9nt v\u00e1lt ismertt\u00e9, amelyet a Globaliz\u00e1ci\u00f3s \u00e9s Vil\u00e1gv\u00e1rosok Kutat\u00f3h\u00e1l\u00f3zata \u201eAlfa m\u00ednusz\u201d v\u00e1rosk\u00e9nt oszt\u00e1lyozott.<\/p>\n<p>A v\u00e1ros morfol\u00f3gi\u00e1ja t\u00fckr\u00f6zi tengerparti fekv\u00e9s\u00e9t \u00e9s foly\u00f3h\u00e1l\u00f3zat\u00e1t. A Liffey foly\u00f3 kett\u00e9v\u00e1gja Dublint Northside \u00e9s Southside szektorokra, Leixlip k\u00f6zel\u00e9ben \u00e9szakkeleti ir\u00e1ny\u00fab\u00f3l keleti ir\u00e1ny\u00fav\u00e1 kanyarodik, amikor az \u00f6b\u00f6lbe \u00f6mlik. M\u00e1sodlagos foly\u00f3k \u2013 a Tolka, amely d\u00e9lkeletr\u0151l \u00f6mlik az \u00f6b\u00f6lbe, \u00e9s a Dodder, amely \u00e9szakkeletr\u0151l a Liffey fel\u00e9 folyik \u2013 sz\u00e1mos mell\u00e9kfoly\u00f3t vonzanak a k\u00fclv\u00e1rosi ter\u00fcleteken kereszt\u00fcl. K\u00e9t tizenkilencedik sz\u00e1zadi csatorna, a Grand d\u00e9len \u00e9s a Royal \u00e9szakon, nyugati megk\u00f6zel\u00edt\u00e9s\u00fckkel k\u00f6r\u00fclveszi a belv\u00e1rost, miel\u0151tt csatlakozn\u00e1nak a Shannon foly\u00f3hoz. A v\u00edzi utakon t\u00fal s\u00edk mez\u0151gazdas\u00e1gi ter\u00fcletek h\u00faz\u00f3dnak \u00e9szakon \u00e9s nyugaton, m\u00edg a Dublin-hegys\u00e9g d\u00e9len m\u00e9rs\u00e9kelten emelkedik, a nagyobb Wicklow-hegys\u00e9g r\u00e9sz\u00e9t k\u00e9pezve.<\/p>\n<p>Dublin \u00e9ghajlata megfelel a tengeri m\u00e9rs\u00e9kelt \u00f6vi besorol\u00e1snak. A ny\u00e1r enyhe, a Merrion t\u00e9ren az \u00e1tlagos maximumh\u0151m\u00e9rs\u00e9klet j\u00faliusban el\u00e9ri a 20,1 \u00b0C-ot, a telek pedig h\u0171v\u00f6sek, a febru\u00e1ri \u00e1tlagos minimumh\u0151m\u00e9rs\u00e9klet 4,1 \u00b0C. A v\u00e1rosi h\u0151szigethat\u00e1s miatt a ny\u00e1ri \u00e9jszak\u00e1k l\u00e9nyegesen melegebbek \u2013 a j\u00faliusi minimumh\u0151m\u00e9rs\u00e9klet \u00e1tlagosan 13,5 \u00b0C, a legmagasabb hivatalos h\u0151m\u00e9rs\u00e9kletet, a 33,1 \u00b0C-ot pedig 2022 j\u00falius\u00e1ban m\u00e9rt\u00e9k a Phoenix Parkban. A csapad\u00e9k els\u0151sorban es\u0151ben hullik, a d\u00e9li part k\u00f6zel\u00e9ben l\u00e9v\u0151 Ringsendben az \u00e9ves \u00f6sszmennyis\u00e9g k\u00f6r\u00fclbel\u00fcl 683 mm \u2013 ez \u00cdrorsz\u00e1g nyugati r\u00e9gi\u00f3inak k\u00f6r\u00fclbel\u00fcl a fele. November \u00e9s m\u00e1rcius k\u00f6z\u00f6tt id\u0151nk\u00e9nt havaz\u00e1sok fordulnak el\u0151, b\u00e1r a j\u00e9ges\u0151 gyakoribb. Az atlanti szelek \u0151sszel tet\u0151znek, de Dublin keleti fekv\u00e9se miatt erej\u00fck cs\u00f6kken a nyugati telep\u00fcl\u00e9sekhez k\u00e9pest. A part menti \u00f6vezetekben \u00e9vente t\u00f6bb mint 1600 naps\u00fct\u00e9ses \u00f3ra van, amely a sz\u00e1razf\u00f6ld belsej\u00e9ben cs\u00f6kken; A dublini rep\u00fcl\u0151t\u00e9r \u00e1llom\u00e1sa egyetlen \u00e9v alatt ak\u00e1r 1740 \u00f3r\u00e1t is \u00fczemelt (1959), m\u00edg 1240 \u00f3r\u00e1t (1987). A huszadik sz\u00e1zad v\u00e9g\u00e9n a leveg\u0151szennyez\u00e9ssel kapcsolatos aggodalmak 1990-ben a bitumenes t\u00fczel\u0151anyagok betilt\u00e1s\u00e1hoz vezettek, ami a sz\u00edv- \u00e9s \u00e9rrendszeri, valamint l\u00e9gz\u0151szervi hal\u00e1loz\u00e1s m\u00e9rhet\u0151 cs\u00f6kken\u00e9s\u00e9hez vezetett.<\/p>\n<p>Dublin t\u00f6rt\u00e9nelmi k\u00f6zpontja a Royal \u00e9s a Grand csatorna, nyugaton a Heuston \u00e1llom\u00e1s \u00e9s a Phoenix Park, keleten pedig a Nemzetk\u00f6zi P\u00e9nz\u00fcgyi Szolg\u00e1ltat\u00e1si K\u00f6zpont \u00e9s a Docklands \u00e1ltal hat\u00e1rolt t\u00e9glalapban fekszik. Az O&#039;Connell Street, amely \u00e9szak-d\u00e9li ir\u00e1nyban szeli \u00e1t a Liffey foly\u00f3t, a f\u0151 tengelyir\u00e1ny\u00fa k\u00f6r\u00fatk\u00e9nt szolg\u00e1l, m\u00edg a Henry Street \u00e9s a Grafton Street az \u00e9szaki, illetve d\u00e9li part f\u0151 bev\u00e1s\u00e1rl\u00f3negyedeit foglalja mag\u00e1ban. Viktori\u00e1nus lak\u00f3- \u00e9s kereskedelmi \u00e9p\u00fcletek \u2013 mint p\u00e9ld\u00e1ul a George&#039;s Street Arcade \u2013 tark\u00edtj\u00e1k a d\u00e9li belv\u00e1rost. B\u00e1r a v\u00e1rosrendez\u00e9si tervekben hivatalosan nem jel\u00f6lik meg \u0151ket, a turisztikai \u00e9s marketing szakzsargonban sz\u00e1mos \u201enegyed\u201d jelent meg: k\u00f6z\u00e9pkori falak \u00e9s egyh\u00e1zi ter\u00fcletek; gr\u00faz terek \u00e9s a Trinity College k\u00f6rny\u00e9ke; a Docklands \u00e9s a \u201eSilicon Docks\u201d technol\u00f3giai folyos\u00f3; valamint a Temple Bar k\u00f6r\u00fcli kultur\u00e1lis enkl\u00e1v\u00e9k \u00e9s a South William Street \u00e9s a George&#039;s Street k\u00f6z\u00f6tti kreat\u00edv m\u0171helyek.<\/p>\n<p>A k\u00f6rnyez\u0151 k\u00fclv\u00e1rosok kiterjesztik a v\u00e1rosi l\u00e1bnyomot. Az \u00e9szaki oldalon Blanchardstown, Finglas, Ballymun, Clontarf, Raheny, Malahide \u00e9s Howth egyes\u00edti a lak\u00f3-, kereskedelmi \u00e9s kik\u00f6t\u0151i funkci\u00f3kat. A d\u00e9li oldalon tal\u00e1lhat\u00f3 Tallaght, Sandyford, Templeogue, Drimnagh, Rathmines, D\u00fan Laoghaire \u00e9s Dalkey, mindegyik jellegzetes lak\u00e1sszerkezettel \u00e9s szolg\u00e1ltat\u00e1si csoportokkal. A 2010-es \u00e9vek v\u00e9g\u00e9t\u0151l kezd\u0151d\u0151en a k\u00f6zepes \u00e9s nagy s\u0171r\u0171s\u00e9g\u0171 lak\u00f3\u00e9p\u00fcletek \u00e1talak\u00edtott\u00e1k Sandyford, Ashtown \u00e9s Tallaght egyes r\u00e9szeit, t\u00fckr\u00f6zve a n\u00e9pess\u00e9gi nyom\u00e1st \u00e9s a v\u00e1ltoz\u00f3 tervez\u00e9si priorit\u00e1sokat. T\u00f6rt\u00e9nelmileg a Liffey egy t\u00e1rsadalmi-gazdas\u00e1gi megosztotts\u00e1got szimboliz\u00e1lt: a d\u00e9li oldali k\u00f6z\u00f6ss\u00e9geket gyakran tehet\u0151sebbnek tartott\u00e1k, m\u00edg a part menti keleti k\u00fclv\u00e1rosok finom ellent\u00e9tben \u00e1lltak a leg\u00fajabb nyugati fejleszt\u00e9sekkel.<\/p>\n<p>Dublin nevezetess\u00e9gei k\u00f6z\u00e9 tartoznak a k\u00f6z\u00e9pkori er\u0151d\u00edtm\u00e9nyek, a tizennyolcadik sz\u00e1zadi polg\u00e1ri \u00e9p\u00fcletek \u00e9s a modern szobr\u00e1szati \u200b\u200b\u200b\u200bmegnyilv\u00e1nul\u00e1sok. A Dublini v\u00e1r, amelyet 1204-ben alap\u00edtottak J\u00e1nos kir\u00e1ly parancs\u00e1ra, a normann udvardiz\u00e1jn p\u00e9ld\u00e1ja k\u00f6zponti torony n\u00e9lk\u00fcl, k\u00fcls\u0151 falait foly\u00f3k \u00e9s \u00e1rkok t\u00e1masztj\u00e1k al\u00e1. A Trinity College r\u00e9gi k\u00f6nyvt\u00e1ra \u0151rzi a Kells k\u00f6nyv\u00e9t, a nyolcadik sz\u00e1zadi kivil\u00e1g\u00edtott evang\u00e9lium k\u00e9ziratot, amely egyar\u00e1nt vonzza a tud\u00f3sokat \u00e9s a turist\u00e1kat. Az O&#039;Connell utc\u00e1ban \u00e1ll a F\u00e9ny eml\u00e9km\u0171ve, vagyis Dublin tornya, egy 121,2 m\u00e9teres rozsdamentes ac\u00e9l oszlop, amelyet 2003-ban fejeztek be a huszonegyedik sz\u00e1zadi amb\u00edci\u00f3k jelz\u0151jek\u00e9nt. A Ha&#039;penny h\u00edd \u2013 egy vasb\u00f3l k\u00e9sz\u00fclt gyalog\u00fat, amely a Liffey foly\u00f3 felett \u00edvel \u00e1t \u2013 a v\u00e1ros tizenkilencedik sz\u00e1zadi m\u00e9rn\u00f6ki \u00e9p\u00edt\u00e9szet\u00e9t testes\u00edti meg, \u00e9s tov\u00e1bbra is a legt\u00f6bbet f\u00e9nyk\u00e9pezett helysz\u00ednek k\u00f6z\u00e9 tartozik. Az egyh\u00e1zi \u00f6r\u00f6ks\u00e9g t\u00fckr\u00f6z\u0151dik a Krisztus-templomban \u00e9s a Szent Patrik-sz\u00e9kesegyh\u00e1zban; a polg\u00e1ri pompa a Leinster-h\u00e1zban, a V\u00e1mh\u00e1zban \u00e9s az \u00c1ras an Uachtar\u00e1inban (az eln\u00f6ki rezidencia a Phoenix Parkban). A Molly Malone-szobor, az Anna Livia-eml\u00e9km\u0171 \u00e9s a k\u00e9t Poolbeg-k\u00e9m\u00e9ny tov\u00e1bb hat\u00e1rozza meg a v\u00e1rosi sziluettet.<\/p>\n<p>Dublin v\u00e1ros\u00e1t \u00e1tsz\u00f6vik a z\u00f6ldter\u00fcletek. A v\u00e1rosi tan\u00e1cs hat\u00e1sk\u00f6r\u00e9be tartozik t\u00f6bb mint 300 park \u00e9s 66 mell\u00e9kter\u00fclet, \u00f6sszesen t\u00f6bb mint 1500 hekt\u00e1ron. A Phoenix Park 707 hekt\u00e1ros kifut\u00f3j\u00e1val \u00e9s d\u00e1mszarvas-csord\u00e1j\u00e1val Eur\u00f3pa legnagyobb fallal k\u00f6r\u00fclvett parkjai k\u00f6z\u00e9 tartozik; itt tal\u00e1lhat\u00f3 az Ashtown kast\u00e9ly, a dublini \u00e1llatkert \u00e9s az amerikai nagyk\u00f6vet rezidenci\u00e1ja. A Grafton Street melletti St. Stephen&#039;s Green viktori\u00e1nus korabeli gy\u00f3gyf\u00fcrd\u0151-kertk\u00e9nt m\u0171k\u00f6dik, amelyb\u0151l k\u00f6zszent\u00e9ly lett. A Saint Anne&#039;s Park \u2013 a m\u00e1sodik legnagyobb v\u00e1rosi park \u2013 eredetileg a Raheny \u00e9s Clontarf ter\u00fclet\u00e9n tal\u00e1lhat\u00f3 Guinness csal\u00e1di birtok r\u00e9szek\u00e9nt j\u00f6tt l\u00e9tre, m\u00edg a Bull Island \u00e9s az \u00f6t kilom\u00e9ter hossz\u00fa Dollymount Strand tengerparti kikapcsol\u00f3d\u00e1st k\u00edn\u00e1l. Ezek a parkok megalapozz\u00e1k a v\u00e1ros \u00e9letmin\u0151s\u00e9g\u00e9t \u00e9s \u00f6kol\u00f3giai egyens\u00faly\u00e1t.<\/p>\n<p>Dublin terjeszked\u00e9se a Dublin City \u00e9s Dublin \u0151si b\u00e1r\u00f3s\u00e1gain t\u00fal k\u00f6zigazgat\u00e1si \u00e1trendez\u0151d\u00e9seket vet\u00edtett el\u0151re. A tizenkilencedik \u00e9s huszadik sz\u00e1zad sor\u00e1n a megy\u00e9k \u00e1ltal igazgatott ter\u00fcletek fokozatosan beolvadtak a v\u00e1ros ir\u00e1ny\u00edt\u00e1s\u00e1ba. 1985-ben egyes ter\u00fcletek visszaker\u00fcltek a megye fel\u00fcgyelete al\u00e1, mik\u00f6zben a v\u00e1rosr\u00e9gi\u00f3 folyamatosan b\u0151v\u00fclt. Ma a \u201eNagy-Dublin Ter\u00fclet\u201d kifejez\u00e9s mag\u00e1ban foglalja a hagyom\u00e1nyos Dublin V\u00e1ros Tan\u00e1cs\u00e1nak ter\u00fclet\u00e9t, a h\u00e1rom ut\u00f3d k\u00f6zigazgat\u00e1si megy\u00e9t \u2013 D\u00fan Laoghaire\u2013Rathdown, Fingal \u00e9s D\u00e9l-Dublin \u2013, valamint a szomsz\u00e9dos Kildare, Meath \u00e9s Wicklow megy\u00e9ket, amelyek egy olyan gazdas\u00e1gi \u00f6vezetet alkotnak, ahol 2017-re mintegy 874 400 embert foglalkoztattak, bele\u00e9rtve \u00cdrorsz\u00e1g p\u00e9nz\u00fcgyi, informatikai \u00e9s szakmai szektor\u00e1nak munkaer\u0151-\u00e1llom\u00e1ny\u00e1nak 60 sz\u00e1zal\u00e9k\u00e1t.<\/p>\n<p>Nemzetgazdas\u00e1gi motork\u00e9nt Dublin vezette a kelta tigris terjeszked\u00e9s\u00e9t. 2009-ben a v\u00e1s\u00e1rl\u00f3er\u0151-mutat\u00f3k alapj\u00e1n a negyedik, a szem\u00e9lyi j\u00f6vedelem alapj\u00e1n pedig a tizedik helyen \u00e1llt vil\u00e1gszerte. A Mercer felm\u00e9r\u00e9sei Eur\u00f3pa dr\u00e1g\u00e1bb v\u00e1rosai k\u00f6z\u00e9 sorolt\u00e1k, b\u00e1r a relat\u00edv poz\u00edci\u00f3 az elm\u00falt \u00e9vtizedben ingadozott. A szolg\u00e1ltat\u00e1si szektor domin\u00e1l, dinamikus klaszterekkel a technol\u00f3gia, a p\u00e9nz\u00fcgy \u00e9s a kult\u00fara ter\u00fclet\u00e9n. A kiskereskedelem vir\u00e1gzik a k\u00f6zpontban \u2013 az Arnotts \u00e9s a Brown Thomas a Grafton Street horgonyz\u00f3k\u00f6zpontja, m\u00edg a Henry Street t\u00f6bb \u00e1ruh\u00e1znak ad otthont \u2013, valamint az olyan k\u00fclv\u00e1rosi k\u00f6zpontokban, mint a Dundrum Town Centre, a Blanchardstown Centre, a The Square Tallaghtban \u00e9s a Liffey Valley Clondalkinban. A hagyom\u00e1nyos piacok fennmaradtak: a Moore Street, az egyik legr\u00e9gebbi kereskedelmi negyed, egy\u00fctt l\u00e9tezik a termel\u0151i piacokkal \u00e9s a k\u00f6z\u00f6ss\u00e9gorient\u00e1lt Dublin Food Co-oppal a Libertiesben.<\/p>\n<p>Dublin els\u0151dlegess\u00e9g\u00e9t t\u00fckr\u00f6zi a s\u0171r\u0171 k\u00f6zleked\u00e9si h\u00e1l\u00f3zat. Az utak a v\u00e1rosk\u00f6zpontb\u00f3l indulnak ki, \u00e9s az M50-es aut\u00f3p\u00e1ly\u00e1ra, egy f\u00e9lk\u00f6rgy\u0171r\u0171re futnak \u00f6ssze, amely \u00f6sszek\u00f6ti a nemzeti f\u0151\u00fatvonalakat; a West-Link keresztez\u0151d\u00e9s\u00e9n\u00e9l 2008-ban akad\u00e1lymentes\u00edtett eFlow \u00fatd\u00edjfizet\u00e9si rendszert vezettek be. A 2006-ban megny\u00edlt dublini kik\u00f6t\u0151i alag\u00fat a neh\u00e9zg\u00e9pj\u00e1rm\u0171veket tereli \u00e1t a kik\u00f6t\u0151 \u00e9s az M1-es aut\u00f3p\u00e1lya k\u00f6z\u00f6tt. A forgalmi torl\u00f3d\u00e1sok tov\u00e1bbra is kih\u00edv\u00e1st jelentenek \u2013 a v\u00e1ros 2016-ban a tizen\u00f6t\u00f6dik legforgalmasabb volt a vil\u00e1gon. A buszj\u00e1ratok k\u00f6zel 200 \u00fatvonalat \u00fczemeltetnek a Dublin Bus \u00e9s a Go Ahead Ireland jegy\u00e9ben, a val\u00f3s idej\u0171 utasinform\u00e1ci\u00f3s kijelz\u0151k pedig \u00fatmutat\u00e1st ny\u00fajtanak az ing\u00e1z\u00f3knak. A Leap Card egys\u00e9ges\u00edti a viteld\u00edjfizet\u00e9st a k\u00fcl\u00f6nb\u00f6z\u0151 k\u00f6zleked\u00e9si m\u00f3dok k\u00f6z\u00f6tt. A BusConnects, egy \u00e1tfog\u00f3 h\u00e1l\u00f3zat\u00e1talak\u00edt\u00e1s, a gerinch\u00e1l\u00f3zati \u00fatvonalak gyakoris\u00e1g\u00e1nak n\u00f6vel\u00e9s\u00e9t \u00e9s a k\u00f6rgy\u0171r\u0171s \u00f6sszek\u00f6ttet\u00e9sek n\u00f6vel\u00e9s\u00e9t javasolja.<\/p>\n<p>A ker\u00e9kp\u00e1roz\u00e1s az 1990-es \u00e9vek \u00f3ta folyamatosan n\u00f6vekszik, amit a 2012-re 200 km-t meghalad\u00f3 k\u00f6z\u00fati \u00e9s terepj\u00e1r\u00f3 s\u00e1vok, valamint a Dublinbikes \u00f6nkiszolg\u00e1l\u00f3 rendszere is al\u00e1t\u00e1maszt, amely 2018-ban t\u00f6bb mint k\u00e9tmilli\u00f3 utaz\u00e1st regisztr\u00e1lt. Annak ellen\u00e9re, hogy a nemzetk\u00f6zi ker\u00e9kp\u00e1rbar\u00e1t indexekben a helyez\u00e9s a 2011-es kilencedik helyr\u0151l 2017-re a top h\u00fasz kies\u00e9s\u00e9re esett vissza, a v\u00e1ros tov\u00e1bbra is beruh\u00e1z a ker\u00e9kp\u00e1ros infrastrukt\u00far\u00e1ba. A neh\u00e9zvas\u00fati h\u00e1l\u00f3zat a Heuston \u00e9s a Connolly \u00e1llom\u00e1sokra \u00f6sszpontosul, el\u0151v\u00e1rosi \u00e9s intercity vonalakat szolg\u00e1lva ki; a villamos\u00edtott DART vonal harmincegy tengerparti \u00e1llom\u00e1st \u00fczemeltet. A 2004-ben megnyitott \u00e9s \u00e9vente t\u00f6bb mint 34 milli\u00f3 utast sz\u00e1ll\u00edt\u00f3 Luas k\u00f6nny\u0171vas\u00fati h\u00e1l\u00f3zat piros \u00e9s z\u00f6ld vonalakb\u00f3l \u00e1ll, hatvanh\u00e9t meg\u00e1ll\u00f3kkal \u00e9s 44,5 km hossz\u00fa v\u00e1g\u00e1nnyal; a z\u00f6ld vonal meghosszabb\u00edt\u00e1sa 2017 december\u00e9ben ny\u00edlt meg. A tervek szerint egy j\u00f6v\u0151beli metr\u00f3, a Metrolink k\u00f6ti majd \u00f6ssze az \u00e9szaki oldalt, a rep\u00fcl\u0151teret \u00e9s a v\u00e1rosk\u00f6zpontot.<\/p>\n<p>A dublini kik\u00f6t\u0151b\u0151l indulnak tengeri j\u00e1ratok Holyheadbe, ahonnan vas\u00fati j\u00e1ratok \u00e9rkeznek Londonba, m\u00edg a komptermin\u00e1lok v\u00e1rosi busszal \u00e9s Luas-szal \u00e9rhet\u0151k el. \u00cdrorsz\u00e1g legforgalmasabb \u00e9s az EU-ban a tizenegyedik legnagyobb utasforgalm\u00fa rep\u00fcl\u0151tere, a v\u00e1rost\u00f3l t\u00edz kilom\u00e9terre \u00e9szakra, Fingalban tal\u00e1lhat\u00f3. Az Aer Lingus, a CityJet \u00e9s a Ryanair csom\u00f3pontjainak ad otthont, r\u00f6vid, k\u00f6z\u00e9p- \u00e9s hossz\u00fa t\u00e1v\u00fa j\u00e1ratokkal Eur\u00f3p\u00e1ba, \u00c9szak-Amerik\u00e1ba \u00e9s azon t\u00falra. Az utasok sz\u00e1ma 2010-ben 24 milli\u00f3r\u00f3l 2019-re k\u00f6zel 33 milli\u00f3ra n\u0151tt, ami k\u00f6zel 9,5 milli\u00f3s n\u00f6veked\u00e9st jelent hat \u00e9v alatt. Region\u00e1lis rep\u00fcl\u0151terek, helikopter-\u00fczemeltet\u0151k \u00e9s a katonas\u00e1g haszn\u00e1lj\u00e1k a k\u00f6zeli Weston \u00e9s Casement rep\u00fcl\u0151tereket.<\/p>\n<p>K\u00f6zigazgat\u00e1silag Dublin v\u00e1rosa Dublin 1\u2013Dublin 24 postai k\u00f6rzetet foglal mag\u00e1ban, amelyek imm\u00e1r integr\u00e1lva vannak a nemzeti Eircode rendszerbe, lehet\u0151v\u00e9 t\u00e9ve a pontos f\u00f6ldrajzi helymeghat\u00e1roz\u00e1st k\u00f3dok alapj\u00e1n (p\u00e9ld\u00e1ul D04 Ballsbridge eset\u00e9ben). A 2022-es n\u00e9psz\u00e1ml\u00e1l\u00e1s sor\u00e1n a v\u00e1ros \u00e9s a k\u00fclv\u00e1rosok lakosainak 62,9 sz\u00e1zal\u00e9ka Dublinban sz\u00fcletett, 26,6 sz\u00e1zal\u00e9kuk \u00cdrorsz\u00e1gon k\u00edv\u00fclr\u0151l, 10,5 sz\u00e1zal\u00e9kuk pedig m\u00e1s \u00edr megy\u00e9b\u0151l sz\u00e1rmazott. Nagy-Dublin lakoss\u00e1g\u00e1nak k\u00f6r\u00fclbel\u00fcl fele huszon\u00f6t \u00e9v alatti, ami \u00e9l\u00e9nk kultur\u00e1lis \u00e9letet biztos\u00edt. Az \u00e9jszakai gazdas\u00e1g a Harcourt Street, a Camden Street, a Wexford Street \u00e9s a Leeson Street k\u00f6rny\u00e9k\u00e9n tal\u00e1lhat\u00f3, a Temple Bar pedig kett\u0151s identit\u00e1st tart fenn, mint kultur\u00e1lis negyed \u00e9s a l\u00e1togat\u00f3k m\u00e1gnese \u2013 egyszerre vonzva a st\u00fadi\u00f3it csod\u00e1lattal \u00e9s a t\u00fal\u00e1raz\u00e1s miatti kritik\u00e1val.<\/p>\n<p>Dublin t\u00f6rt\u00e9nelmi m\u00e9lys\u00e9g\u00e9nek, k\u00f6rnyezeti soksz\u00edn\u0171s\u00e9g\u00e9nek \u00e9s infrastruktur\u00e1lis komplexit\u00e1s\u00e1nak kever\u00e9ke al\u00e1t\u00e1masztja \u00cdrorsz\u00e1g politikai, gazdas\u00e1gi \u00e9s kultur\u00e1lis magjak\u00e9nt bet\u00f6lt\u00f6tt szerep\u00e9t. Foly\u00f3i \u00e9s csatorn\u00e1i, hegyei \u00e9s parkjai, utc\u00e1i \u00e9s k\u00fclv\u00e1rosai olyan v\u00e1rosk\u00e9pet sz\u00f6venek, amely tizenh\u00e1rom \u00e9vsz\u00e1zad alatt fejl\u0151d\u00f6tt, m\u00e9gis egyed\u00fcl\u00e1ll\u00f3 f\u00f6ldrajzi elhelyezked\u00e9s\u00e9ben \u00e9s k\u00f6z\u00f6ss\u00e9gi \u00e9let\u00e9ben gy\u00f6kerezik.<\/p>","protected":false},"excerpt":{"rendered":"<p>Dublin, \u00cdrorsz\u00e1g f\u0151v\u00e1rosa, egy dinamikus v\u00e1ros a Liffey foly\u00f3 torkolat\u00e1n\u00e1l, Leinster tartom\u00e1nyban, egy \u00f6b\u00f6lben. A 2022-es n\u00e9psz\u00e1ml\u00e1l\u00e1s szerint a v\u00e1rosi tan\u00e1cs ter\u00fclet\u00e9nek 592 713 lakosa volt, m\u00edg Dublin City \u00e9s a k\u00fclv\u00e1rosok 1 263 219 lakost. A t\u00e1gabb Dublin megyei r\u00e9gi\u00f3 lakoss\u00e1ga 1 501 500 f\u0151 volt, \u00edgy Dublin \u00cdrorsz\u00e1g legnagyobb v\u00e1rosa lett. Ezt a ny\u00fczsg\u0151 metropoliszt d\u00e9len a Dublin-hegys\u00e9g szeg\u00e9lyezi, amely a fest\u0151i Wicklow-hegys\u00e9g r\u00e9sz\u00e9t k\u00e9pezi.<\/p>","protected":false},"author":1,"featured_media":4653,"parent":11622,"menu_order":0,"comment_status":"closed","ping_status":"closed","template":"elementor_theme","meta":{"_eb_attr":"","footnotes":""},"class_list":["post-11647","page","type-page","status-publish","has-post-thumbnail"],"_links":{"self":[{"href":"https:\/\/travelshelper.com\/hu\/wp-json\/wp\/v2\/pages\/11647","targetHints":{"allow":["GET"]}}],"collection":[{"href":"https:\/\/travelshelper.com\/hu\/wp-json\/wp\/v2\/pages"}],"about":[{"href":"https:\/\/travelshelper.com\/hu\/wp-json\/wp\/v2\/types\/page"}],"author":[{"embeddable":true,"href":"https:\/\/travelshelper.com\/hu\/wp-json\/wp\/v2\/users\/1"}],"replies":[{"embeddable":true,"href":"https:\/\/travelshelper.com\/hu\/wp-json\/wp\/v2\/comments?post=11647"}],"version-history":[{"count":0,"href":"https:\/\/travelshelper.com\/hu\/wp-json\/wp\/v2\/pages\/11647\/revisions"}],"up":[{"embeddable":true,"href":"https:\/\/travelshelper.com\/hu\/wp-json\/wp\/v2\/pages\/11622"}],"wp:featuredmedia":[{"embeddable":true,"href":"https:\/\/travelshelper.com\/hu\/wp-json\/wp\/v2\/media\/4653"}],"wp:attachment":[{"href":"https:\/\/travelshelper.com\/hu\/wp-json\/wp\/v2\/media?parent=11647"}],"curies":[{"name":"wp","href":"https:\/\/api.w.org\/{rel}","templated":true}]}}