{"id":11638,"date":"2024-09-13T14:54:10","date_gmt":"2024-09-13T14:54:10","guid":{"rendered":"https:\/\/travelshelper.com\/staging\/?page_id=11638"},"modified":"2026-03-12T16:13:50","modified_gmt":"2026-03-12T16:13:50","slug":"galway","status":"publish","type":"page","link":"https:\/\/travelshelper.com\/hu\/destinations\/europe\/ireland\/galway\/","title":{"rendered":"Galway"},"content":{"rendered":"<p>Galway egy 57,3 n\u00e9gyzetkilom\u00e9teres, kompakt v\u00e1ros \u00cdrorsz\u00e1g nyugati partj\u00e1n, ahol a Corrib foly\u00f3 a Lough Corrib \u00e9s a Galway-\u00f6b\u00f6l k\u00f6z\u00f6tt h\u00faz\u00f3dik. 2022-ben 85 910 lakos\u00e1val Connacht f\u0151 v\u00e1rosi k\u00f6zpontja \u00e9s az \u00cdr K\u00f6zt\u00e1rsas\u00e1g negyedik legnagyobb v\u00e1rosa. Eredete egy 1124-ben Tairrdelbach Ua Conchobair f\u0151kir\u00e1ly \u00e1ltal emelt er\u0151d\u00edtm\u00e9nyre ny\u00falik vissza, \u00e9s legend\u00e1s utc\u00e1i ma is viselik a k\u00f6z\u00e9pkori falak, a keresked\u0151c\u00e9hek \u00e9s a tengeri kereskedelem nyomait.<\/p>\n<p>Galway legkor\u00e1bbi fejezete D\u00fan Gaillimhe, a \u201eGaillimh torkolat\u00e1n\u00e1l \u00e1ll\u00f3 er\u0151d\u00edtm\u00e9ny\u201d k\u00f6r\u00fcl bontakozott ki, amelyet 1124-ben fejeztek be Tairrdelbach Ua Conchobair parancs\u00e1ra, akinek flott\u00e1ja az Atlanti-\u00f3ce\u00e1n partvid\u00e9k\u00e9t j\u00e1r\u0151r\u00f6z\u00f6tt. Alig t\u00f6bb mint egy \u00e9vsz\u00e1zadon bel\u00fcl Richard Mor de Burgh normann er\u0151i elfoglalt\u00e1k az el\u0151\u0151rs\u00f6t Connacht 1230-as \u00e9vekben t\u00f6rt\u00e9nt megh\u00f3d\u00edt\u00e1sa sor\u00e1n. A v\u00e1r \u00e9s a k\u00f6rnyez\u0151 telep\u00fcl\u00e9s azonban nem maradt szil\u00e1rdan normann k\u00e9zen; a de Burgh urak fokozatosan \u00e1tvett\u00e9k az \u00edr szok\u00e1sokat, \u00e9s a k\u00e9s\u0151 k\u00f6z\u00e9pkorra a v\u00e1rost tizenn\u00e9gy keresked\u0151csal\u00e1d oligarchi\u00e1ja, a Galway t\u00f6rzsei form\u00e1lta. 1484 december\u00e9ben egy kir\u00e1lyi oklev\u00e9l polg\u00e1rmesteri st\u00e1tuszt adott a fallal k\u00f6r\u00fclvett v\u00e1ros polg\u00e1rainak, hivataloss\u00e1 t\u00e9ve a Spanyolorsz\u00e1ggal \u00e9s Franciaorsz\u00e1ggal folytatott kereskedelemb\u0151l vir\u00e1gz\u00f3 kik\u00f6t\u0151v\u00e1ros ir\u00e1ny\u00edt\u00e1s\u00e1t.<\/p>\n<p>A tizen\u00f6t\u00f6dik \u00e9s tizenhatodik sz\u00e1zadban a k\u00f6z\u00e9pkori Galway vir\u00e1gzott a gyapj\u00fa, bor, s\u00f3 \u00e9s hal transzatlanti kereskedelm\u00e9nek k\u00f6sz\u00f6nhet\u0151en. A spanyol bolt\u00edv, vagy ceann an bhalla, amelyet William Martin 1519\u201320-as polg\u00e1rmesters\u00e9ge alatt \u00e1ll\u00edtottak, ma is mag\u00e1nyos eml\u00e9keztet\u0151\u00fcl szolg\u00e1l az egykor k\u00f6r\u00fclvev\u0151 falakra. A v\u00e1ros keresked\u0151 elitje \u2013 tizenk\u00e9t normann \u00e9s k\u00e9t gael sz\u00e1rmaz\u00e1s\u00fa \u2013 \u00f3vatlanul tartotta fenn kapcsolatait gael h\u00e1torsz\u00e1g\u00e1val, s\u0151t, egy figyelmeztet\u0151 t\u00e1bl\u00e1t is \u00e1ll\u00edtottak a nyugati kapu f\u00f6l\u00e9, v\u00e9delmet k\u00e9rve \u201ea vad O&#039;Flahertykt\u0151l\u201d. A korabeli kiz\u00e1r\u00f3 rendelet megtiltotta minden O&#039;-nak vagy Mac-nek, hogy enged\u00e9ly n\u00e9lk\u00fcl hencegjen Galway utc\u00e1in. Ezen megosztotts\u00e1gok ellen\u00e9re a kozmopolita kik\u00f6t\u0151v\u00e1ros tan\u00faja lehetett Kolumbusz Krist\u00f3f Imago Mundi c\u00edm\u0171 festm\u00e9ny\u00e9nek perem\u00e9n, ahol az \u00e1ramlatok \u00e1ltal partra sodort inuitokat csod\u00e1lta \u2013 ez a tal\u00e1lkoz\u00e1s tan\u00faskodik Galway szerep\u00e9r\u0151l a kibontakoz\u00f3 glob\u00e1lis tengeri t\u00e1jk\u00e9pben.<\/p>\n<p>A tizenhetedik sz\u00e1zad viharos h\u0171s\u00e9geket hozott. Galway kezdetben h\u0171 maradt az angol koron\u00e1hoz a gael \u00fajj\u00e1\u00e9led\u00e9se sor\u00e1n, de 1642-re a H\u00e1rom Kir\u00e1lys\u00e1g h\u00e1bor\u00faiban a Kilkenny Katolikus Konf\u00f6der\u00e1ci\u00f3hoz csatlakozott. Egy elh\u00faz\u00f3d\u00f3, kilenc h\u00f3napos ostrom ut\u00e1n Cromwell csapatai 1652-ben elfoglalt\u00e1k a v\u00e1rost. K\u00e9s\u0151bb, az 1690-es \u00e9vekbeli Vilmos-h\u00e1bor\u00fa idej\u00e9n a jakobit\u00e1kkal folytatott \u00f6sszecsap\u00e1s Aughrim ut\u00e1n gyorsan veres\u00e9ggel v\u00e9gz\u0151d\u00f6tt, sok t\u00f6rzset kifosztva f\u00f6ldjeit\u0151l. Ezt k\u00f6vet\u0151en Galway a tizennyolcadik sz\u00e1zadig hanyatlott, amikor a protest\u00e1ns felemelked\u00e9s alatti szer\u00e9ny \u00fajj\u00e1\u00e9led\u00e9s alig hozott t\u00f6bbet a kereskedelmi megszokottn\u00e1l. Az 1845\u201352-es nagy \u00e9h\u00edns\u00e9g tov\u00e1bbi neh\u00e9zs\u00e9geket okozott, mivel a n\u00e9pess\u00e9g cs\u00f6kkent, \u00e9s a r\u00e9gi kereskedelmi h\u00e1l\u00f3zatok megingottak.<\/p>\n<p>A tizenkilencedik sz\u00e1zadban a vasutak \u00faj \u00e9letet leheltek Galway sors\u00e1ba. A Midland Great Western Railway 1851-es \u00e9rkez\u00e9se k\u00f6zvetlen\u00fcl \u00f6sszek\u00f6t\u00f6tte a v\u00e1rost Dublinnal, az athenryi csom\u00f3pontok pedig megnyitott\u00e1k az Ennis, Limerick \u00e9s Sligo fel\u00e9 vezet\u0151 vonalakat. B\u00e1r a Clifdenbe \u00e9s azon t\u00falra vezet\u0151 sz\u00e1rnyvonalak a huszadik sz\u00e1zad k\u00f6zep\u00e9re bez\u00e1rtak, a Nyugati Vas\u00fati Folyos\u00f3 meg\u00fajult szolg\u00e1ltat\u00e1sai most \u00fajra l\u00e9trehozz\u00e1k a nyugati ir\u00e1ny\u00fa kapcsolatokat, mindegyik nyomvonal Connacht vid\u00e9ki h\u00e1torsz\u00e1g\u00e1nak kont\u00farjait k\u00f6veti. Az \u00fath\u00e1l\u00f3zatok is fejl\u0151dtek: az M6-os \u00e9s az M17-es aut\u00f3p\u00e1ly\u00e1k ma Galway k\u00f6r\u00fcl futnak \u00f6ssze, m\u00edg az M18-as \u00e9s az N63-as aut\u00f3p\u00e1ly\u00e1k Limerickkel, Corkkal \u00e9s az \u00e9szaknyugati r\u00e9gi\u00f3val k\u00f6tik \u00f6ssze. A k\u00fcls\u0151 elker\u00fcl\u0151 \u00e9s k\u00f6rgy\u0171r\u0171s \u00fat tervei m\u00e9g mindig megval\u00f3sul\u00e1sra v\u00e1rnak.<\/p>\n<p>Galway a vil\u00e1g egyik legenyh\u00e9bb \u00e9ghajlat\u00e1n fekszik a sz\u00e9less\u00e9gi k\u00f6r\u00e9hez k\u00e9pest, amelyet az \u00c9szak-atlanti \u00e1ramlat \u00e9s a Golf-\u00e1ramlat p\u00e1ros\u00edt. A h\u0151m\u00e9rs\u00e9klet ritk\u00e1n s\u00fcllyed fagypont al\u00e1 vagy haladja meg a harminc Celsius-fokot; a rekordmagas h\u0151m\u00e9rs\u00e9klet 31,7 \u00b0C (1921. j\u00falius), a rekordalacsony h\u0151m\u00e9rs\u00e9klet pedig -11,7 \u00b0C (1945. janu\u00e1r). Az \u00e9ves csapad\u00e9kmennyis\u00e9g \u00e1tlagosan 1156 mm, amely egyenletesen oszlik el az \u00e9vszakok k\u00f6z\u00f6tt, b\u00e1r az er\u0151teljes atlanti s\u00fcllyed\u00e9kek heves sz\u00e9lviharokat v\u00e1lthatnak ki k\u00e9s\u0151 \u0151sz \u00e9s kora tavasz k\u00f6z\u00f6tt. A ny\u00e1ri napok napkelt\u00e9t\u0151l 05:07-ig tartanak napfordul\u00f3kor, m\u00edg a t\u00e9l k\u00f6zep\u00e9n a f\u00e9ny 08:49-t\u0151l 16:19-ig tart.<\/p>\n<p>A huszadik sz\u00e1zad kultur\u00e1lis \u00fajj\u00e1\u00e9led\u00e9st \u00e9s demogr\u00e1fiai dinamizmust hozott. A 2006-os n\u00e9psz\u00e1ml\u00e1l\u00e1s idej\u00e9n Galway lakosainak k\u00f6zel 80 sz\u00e1zal\u00e9ka \u00edr volt; a 2000-es \u00e9vekben bek\u00f6vetkezett be\u00e1raml\u00e1s a nem \u00edrek ar\u00e1ny\u00e1t 2018-ra k\u00f6r\u00fclbel\u00fcl 20 sz\u00e1zal\u00e9kra emelte, f\u0151k\u00e9nt Lengyelorsz\u00e1gb\u00f3l, Lettorsz\u00e1gb\u00f3l \u00e9s Litv\u00e1ni\u00e1b\u00f3l, valamint kisebb afrikai \u00e9s \u00e1zsiai k\u00f6z\u00f6ss\u00e9gekb\u0151l. A 2022-es n\u00e9psz\u00e1ml\u00e1l\u00e1s szerint a lakosok 64,3 sz\u00e1zal\u00e9ka feh\u00e9r \u00edrnek, 12,98 sz\u00e1zal\u00e9ka egy\u00e9b feh\u00e9rnek, 4,7 sz\u00e1zal\u00e9ka \u00e1zsiai\/\u00e1zsiai \u00edrnek, 2,8 sz\u00e1zal\u00e9ka fekete\/fekete \u00edrnek \u00e9s 2,7 sz\u00e1zal\u00e9ka egy\u00e9b etnikum\u00fanak vallotta mag\u00e1t, 10,3 sz\u00e1zal\u00e9kuk pedig nem regisztr\u00e1lt. A v\u00e1ros 17 245 csal\u00e1dj\u00e1ban \u00e1tlagosan 1,10 gyermek van fejenk\u00e9nt, ami az orsz\u00e1gos \u00e1tlag alatt van, az egyetemi \u00e9s technol\u00f3giai szektor pedig meger\u0151s\u00edtette Galway fiatalos, kozmopolita k\u00f6zpontk\u00e9nt bejegyzett h\u00edrnev\u00e9t.<\/p>\n<p>A k\u00f6z\u00e9pkori v\u00e1rosk\u00f6zpontban az Eyre t\u00e9r a v\u00e1ros k\u00f6zpontjak\u00e9nt bontakozik ki, amelyet nem hivatalosan a tizenkilencedik sz\u00e1zadi polg\u00e1rmesterr\u0151l neveztek el, akinek adom\u00e1nya hozta l\u00e9tre ezt a z\u00f6ld ter\u00fcletet a John F. Kennedy parkkal szemben. Innen a William Street nyugat fel\u00e9 h\u00faz\u00f3dik, \u00e1talakulva Shop, High \u00e9s Quay utc\u00e1kk\u00e1, amelyeket mind gyalogos s\u00e9t\u00e1k el\u0151tt jel\u00f6ltek ki, elhaladva Lynch kast\u00e9lya, egy tizen\u00f6t\u00f6dik sz\u00e1zadi v\u00e1rosi h\u00e1z, amelyben ma bank m\u0171k\u00f6dik, \u00e9s a Szent Mikl\u00f3s templom mellett, amelyet 1320-ban alap\u00edtottak \u00e9s ma is rendszeresen haszn\u00e1lnak. Egy r\u00f6vid kit\u00e9r\u0151vel felbukkan a Shop Streeten tal\u00e1lhat\u00f3 Claddagh Ring m\u00fazeum, amely az \u00f6sszekulcsolt kezek, sz\u00edv \u00e9s korona mint\u00e1j\u00e1nak \u00e1ll\u00edt eml\u00e9ket, amely Galway h\u0171s\u00e9g\u00e9nek jelk\u00e9p\u00e9v\u00e9 v\u00e1lt.<\/p>\n<p>A r\u00e9gi falakon t\u00fal fekszik Galway modern panor\u00e1m\u00e1ja. A V\u00f6r\u00f6s Earl Csarnoka, a de Burgo v\u00e1rosh\u00e1za egy t\u00f6red\u00e9ke, a Druid Lane-t \u0151rzi, ahol a Civic Trust vezetett s\u00e9t\u00e1kat k\u00edn\u00e1l. A Spanyol bolt\u00edv ad otthont a Galway V\u00e1rosi M\u00fazeumnak, amelynek gal\u00e9ri\u00e1i a r\u00e9g\u00e9szetet, a tenger\u00e9szeti \u00f6r\u00f6ks\u00e9get \u00e9s a m\u0171v\u00e9szeti t\u00f6rekv\u00e9seket mutatj\u00e1k be. N\u00e9h\u00e1ny h\u00e1zzal lejjebb \u00e1ll az a h\u00e1z, ahol Nora Barnacle n\u0151v\u00e9 n\u0151tte ki mag\u00e1t, miel\u0151tt sorsd\u00f6nt\u0151 k\u00f6tel\u00e9ket k\u00f6t\u00f6tt volna James Joyce-szal. D\u00e9lre a Mennybev\u00e9tel \u00e9s Szent Mikl\u00f3s katedr\u00e1lis \u00e1ll a Gaol Road felett, amelyet 1965-ben szenteltek fel egy r\u00e9gi b\u00f6rt\u00f6n hely\u00e9n, renesz\u00e1nsz kupol\u00e1j\u00e1val \u00e9s fel\u00faj\u00edtott orgon\u00e1n tartott el\u0151ad\u00e1saival.<\/p>\n<p>A Corrib foly\u00f3 ment\u00e9n n\u00e9gy h\u00edd \u2013 a Quincentennial, a Salmon Weir, a William O&#039;Brien \u00e9s a Wolfe Tone \u2013 \u00edvel \u00e1t a foly\u00f3 gyors lefoly\u00e1s\u00e1n az \u00f6b\u00f6lbe. A tizenkilencedik sz\u00e1zadi Eglinton-csatorna zuhatagokat ker\u00fclgetve malmokat m\u0171k\u00f6dtet, amelyek k\u00f6z\u00fcl n\u00e9h\u00e1nyat a Galwayi Egyetem v\u00edzer\u0151m\u0171-termel\u00e9sre alak\u00edtott \u00e1t. Felfel\u00e9 a lazacok kora ny\u00e1ron emelkednek fel a foly\u00f3n; lefel\u00e9 pedig ak\u00e1r 10 000 tonn\u00e1s haj\u00f3k is kik\u00f6tnek a kik\u00f6t\u0151ben, amely \u00cdrorsz\u00e1g nyugati partvid\u00e9k\u00e9nek legk\u00f6zpontibb r\u00e9sz\u00e9n tal\u00e1lhat\u00f3. Kompok indulnak az Aran-szigetekre, melyek D\u00fan Aonghasa romjai szikl\u00e1s hegyfokokat koron\u00e1znak.<\/p>\n<p>A Claddagh foly\u00f3n t\u00fal rekre\u00e1ci\u00f3s s\u00e9t\u00e1nyok h\u00faz\u00f3dnak a partvonal ment\u00e9n. A Salthill s\u00e9t\u00e1ny, amely egykor egy k\u00e9tszintes b\u00fav\u00e1rplatformn\u00e1l v\u00e9gz\u0151d\u00f6tt, Silverstrand fel\u00e9 h\u00faz\u00f3dik, b\u00e1r a b\u0151v\u00edt\u00e9si tervek tov\u00e1bbra sem finansz\u00edrozottak. A Seapoint ment\u00e9n tal\u00e1lhat\u00f3 a nemzeti akv\u00e1rium, ahol \u0151shonos tengeri fajokat \u2013 k\u00f6zt\u00fck c\u00e1p\u00e1kat \u2013 mutatnak be a r\u00e1kok \u00e9s az atlanti talapzat m\u00e1s \u00e9l\u0151l\u00e9nyei mellett. A Claddagh foly\u00f3t\u00f3l egy t\u00f6lt\u00e9s vezet Mutton-szigetre, amelynek vil\u00e1g\u00edt\u00f3tornya esk\u00fcv\u0151i portr\u00e9k h\u00e1tter\u00e9t biztos\u00edtja, \u00e9s diszkr\u00e9ten a v\u00e1ros szennyv\u00edztiszt\u00edt\u00f3 telep\u00e9nek is otthont ad.<\/p>\n<p>Galway kultur\u00e1lis rezonanci\u00e1ja t\u00falmutat kompakt m\u00e9ret\u00e9n. Ami\u00f3ta 2018-ban elnyerte az Eur\u00f3pai Gasztron\u00f3miai R\u00e9gi\u00f3 c\u00edmet, \u00e9s 2020-ban t\u00e1rsszervez\u0151je volt az Eur\u00f3pa Kultur\u00e1lis F\u0151v\u00e1rosa c\u00edmnek, a v\u00e1ros meger\u0151s\u00edtette \u00cdrorsz\u00e1g kultur\u00e1lis sz\u00edvek\u00e9nt bet\u00f6lt\u00f6tt szerep\u00e9t. Az UNESCO Filmm\u0171v\u00e9szeti V\u00e1ros c\u00edmet viseli, megrendezik az \u00e9ves Galway Nemzetk\u00f6zi M\u0171v\u00e9szeti Fesztiv\u00e1lt, a novemberi Tulca Vizu\u00e1lis M\u0171v\u00e9szeti Fesztiv\u00e1lt, valamint t\u00e1nccsoportok, film- \u00e9s \u00edr nyelv\u0171 szervezetek, zenei egy\u00fcttesek, sz\u00ednh\u00e1zi t\u00e1rsulatok \u00e9s vizu\u00e1lis m\u0171v\u00e9szeti csoportok sokas\u00e1g\u00e1t k\u00edn\u00e1lja. T\u00f6bb mint \u00f6tven speci\u00e1lis helysz\u00edn \u2013 a koncerttermekt\u0151l a gal\u00e9ri\u00e1kig \u2013 hangs\u00falyozza a kreativit\u00e1s ir\u00e1nti elk\u00f6telezetts\u00e9g\u00e9t.<\/p>\n<p>A turizmuson t\u00fali gazdas\u00e1gi \u00e9let a professzion\u00e1lis szolg\u00e1ltat\u00e1sokra, a gy\u00e1rt\u00e1sra \u00e9s a cs\u00facstechnol\u00f3gi\u00e1ra \u00e9p\u00fcl. A munkaer\u0151 k\u00f6zel fele a kereskedelemben \u00e9s a szakmai szektorokban dolgozik, 17 sz\u00e1zal\u00e9kuk pedig a gy\u00e1rt\u00e1sban, nevezetesen az orvostechnikai eszk\u00f6z\u00f6k, az elektronika \u00e9s a szoftverek gy\u00e1rt\u00e1s\u00e1ban, ahol olyan c\u00e9gek tartanak fenn irod\u00e1kat, mint a Boston Scientific, a Medtronic, az EA Games, a Cisco \u00e9s az SAP. A Smyths j\u00e1t\u00e9kkeresked\u0151 k\u00f6zpontja szint\u00e9n Galway-ben tal\u00e1lhat\u00f3. 2000-ben a v\u00e1ros t\u00f6bb mint 2,1 milli\u00f3 l\u00e1togat\u00f3t fogadott, ami t\u00f6bb mint 400 milli\u00f3 eur\u00f3s bev\u00e9telt gener\u00e1lt \u2013 ez bizony\u00edtja utc\u00e1inak \u00e9s fesztiv\u00e1ljainak tart\u00f3s vonzerej\u00e9t.<\/p>\n<p>Galway sokr\u00e9t\u0171 t\u00f6rt\u00e9nelme \u2013 a kir\u00e1lyi er\u0151d\u00edtm\u00e9nyt\u0151l a normann er\u0151d\u00edtm\u00e9nyen \u00e1t a keresked\u0151k\u00f6zt\u00e1rsas\u00e1gig \u00e9s a modern egyetemi v\u00e1rosig \u2013 k\u0151ben \u00e9s t\u00f6rt\u00e9netekben k\u00f6sz\u00f6n vissza. M\u00e9rs\u00e9kelt \u00e9ghajlata, tengerparti k\u00f6rnyezete \u00e9s napfordul\u00f3s f\u00e9nye minden utc\u00e1t v\u00e1ltoz\u00f3 ragyog\u00e1sba burkol. Szent Mikl\u00f3s minden \u00f3lom\u00fcveg ablak\u00e1nak minden egyes csemp\u00e9j\u00e9ben, a rakpartot csapkod\u00f3 minden hull\u00e1mban \u00e9s a Latin negyed utcazen\u00e9szeinek minden egyes hangj\u00e1ban Galway tov\u00e1bbra is tisztelettel \u00e9s \u00e9l\u00e9nken figyeli az id\u0151 lass\u00fa m\u00fal\u00e1s\u00e1t. Itt a m\u00falt sosem \u00e1ll messze a szem el\u0151l, m\u00e9gis a v\u00e1ros c\u00e9ltudatos l\u00e9ptekkel halad a k\u00f6vetkez\u0151 fejezet fel\u00e9.<\/p>","protected":false},"excerpt":{"rendered":"<p>Galway, egy dinamikus v\u00e1ros \u00cdrorsz\u00e1g nyugati partj\u00e1n, a legn\u00e9pesebb v\u00e1rosi ter\u00fclet Connacht tartom\u00e1nyban. A Corrib foly\u00f3 \u00e9s a Galway-\u00f6b\u00f6l tal\u00e1lkoz\u00e1s\u00e1n\u00e1l elhelyezked\u0151 v\u00e1rosk\u00f6zpont a 2022-es n\u00e9psz\u00e1ml\u00e1l\u00e1s szerint 85 910 lakossal rendelkezik, \u00edgy \u00cdrorsz\u00e1g \u00f6t\u00f6dik legn\u00e9pesebb v\u00e1rosa \u00e9s a negyedik az \u00cdr K\u00f6zt\u00e1rsas\u00e1gban. A Lough Corrib \u00e9s a Galway-\u00f6b\u00f6l k\u00f6z\u00f6tt elhelyezked\u0151 v\u00e1ros saj\u00e1tos helyzete jelent\u0151s hat\u00e1ssal volt t\u00f6rt\u00e9nelm\u00e9re, kult\u00far\u00e1j\u00e1ra \u00e9s gazdas\u00e1gi n\u00f6veked\u00e9s\u00e9re az id\u0151k sor\u00e1n.<\/p>","protected":false},"author":1,"featured_media":3310,"parent":11622,"menu_order":0,"comment_status":"closed","ping_status":"closed","template":"elementor_theme","meta":{"_eb_attr":"","footnotes":""},"class_list":["post-11638","page","type-page","status-publish","has-post-thumbnail"],"_links":{"self":[{"href":"https:\/\/travelshelper.com\/hu\/wp-json\/wp\/v2\/pages\/11638","targetHints":{"allow":["GET"]}}],"collection":[{"href":"https:\/\/travelshelper.com\/hu\/wp-json\/wp\/v2\/pages"}],"about":[{"href":"https:\/\/travelshelper.com\/hu\/wp-json\/wp\/v2\/types\/page"}],"author":[{"embeddable":true,"href":"https:\/\/travelshelper.com\/hu\/wp-json\/wp\/v2\/users\/1"}],"replies":[{"embeddable":true,"href":"https:\/\/travelshelper.com\/hu\/wp-json\/wp\/v2\/comments?post=11638"}],"version-history":[{"count":0,"href":"https:\/\/travelshelper.com\/hu\/wp-json\/wp\/v2\/pages\/11638\/revisions"}],"up":[{"embeddable":true,"href":"https:\/\/travelshelper.com\/hu\/wp-json\/wp\/v2\/pages\/11622"}],"wp:featuredmedia":[{"embeddable":true,"href":"https:\/\/travelshelper.com\/hu\/wp-json\/wp\/v2\/media\/3310"}],"wp:attachment":[{"href":"https:\/\/travelshelper.com\/hu\/wp-json\/wp\/v2\/media?parent=11638"}],"curies":[{"name":"wp","href":"https:\/\/api.w.org\/{rel}","templated":true}]}}