{"id":11632,"date":"2024-09-13T14:46:44","date_gmt":"2024-09-13T14:46:44","guid":{"rendered":"https:\/\/travelshelper.com\/staging\/?page_id=11632"},"modified":"2026-03-12T16:14:01","modified_gmt":"2026-03-12T16:14:01","slug":"kilkenny","status":"publish","type":"page","link":"https:\/\/travelshelper.com\/hu\/destinations\/europe\/ireland\/kilkenny\/","title":{"rendered":"Kilkenny"},"content":{"rendered":"<p>Kilkenny egy 27 184 lakos\u00fa (2022-es n\u00e9psz\u00e1ml\u00e1l\u00e1s) kisv\u00e1ros, amely 3,74 n\u00e9gyzetkilom\u00e9teren ter\u00fcl el Kilkenny megy\u00e9ben, \u00cdrorsz\u00e1g d\u00e9lkeleti r\u00e9gi\u00f3j\u00e1ban, Leinster tartom\u00e1nyban. A Nore foly\u00f3 mindk\u00e9t partj\u00e1n, 60 m\u00e9teres tengerszint feletti magass\u00e1gban \u00e9p\u00fclt, 117 km-re Dublint\u00f3l, 48 km-re Waterfordt\u00f3l, 80 km-re Wexfordt\u00f3l \u00e9s 122 km-re Limerickt\u0151l. K\u00f6z\u00e9pkori magj\u00e1t, amelyet szerzetesi \u00e9s normann hat\u00e1sok alak\u00edtottak ki, \u00e9l\u00e9nk kultur\u00e1lis \u00e9lettel, t\u00f6rt\u00e9nelmi \u00e9p\u00edt\u00e9szettel \u00e9s m\u00e9rs\u00e9kelt \u00f3ce\u00e1ni \u00e9ghajlattal \u00e9l egy\u00fctt.<\/p>\n<p>Kilkenny eredete egy hatodik sz\u00e1zadi, Szent Canice (Cainnech) tisztelet\u00e9re szentelt egyh\u00e1zi alap\u00edtv\u00e1nyig ny\u00falik vissza, amely k\u00f6r\u00fcl a legkor\u00e1bbi telep\u00fcl\u00e9s egy dombon \u00e9p\u00fclt, amelyet ma a Szent Canice-sz\u00e9kesegyh\u00e1z \u00e9s annak kilencedik sz\u00e1zadi kerek tornya ural. A v\u00e1rost 1170-ben Richard de Clare normann seregei ejtett\u00e9k \u00e1ldozatul, majd William Marshall 1204-ben elkezdte \u00e9p\u00edteni az er\u0151d\u00f6t \u2013 a k\u00e9s\u0151bbi Kilkenny v\u00e1rat \u2013, \u00e9s 1213-ban fejezte be. A Nore foly\u00f3n \u00e1t\u00edvel\u0151 g\u00e1zl\u00f3t hidak sorozata v\u00e1ltotta fel; n\u00e9gy f\u0151 ny\u00edl\u00e1s \u00e9s k\u00e9t gyalog\u00e1tkel\u0151hely tartja fenn ma a v\u00e1ros t\u00f6rt\u00e9nelmi kapcsolat\u00e1t a foly\u00f3n \u00e1t.<\/p>\n<p>1207-re a v\u00e1ros oklev\u00e9llel rendelkezett, \u00e9s a XIII. sz\u00e1zad v\u00e9g\u00e9re a hiberno-normann kereskedelem k\u00f6zpontj\u00e1v\u00e1 v\u00e1lt. 1367-ben Kilkenny t\u00f6rv\u00e9nyei az angol jog ir\u00e1nti h\u0171s\u00e9g meg\u0151rz\u00e9s\u00e9t t\u0171zt\u00e9k ki c\u00e9lul. 1609-ben I. Jakab kir\u00e1lyi oklevelet adott, amely v\u00e1rosi rangra emelte Kilkennyt. Az 1641-es \u00edr felkel\u00e9s sor\u00e1n az \u00cdr Katolikus Konf\u00f6der\u00e1ci\u00f3 sz\u00e9khelyek\u00e9nt szolg\u00e1lt, am\u00edg Oliver Cromwell 1649-es hadj\u00e1rata el nem foglalta a v\u00e1rost. Ezt k\u00f6vet\u0151en Kilkenny b\u00e9k\u00e9s k\u00f6r\u00fclm\u00e9nyek k\u00f6z\u00f6tt \u00fajj\u00e1\u00e9p\u00edtette mag\u00e1t, v\u00e1r\u00e1t d\u00edszes kast\u00e9lly\u00e1 alak\u00edtott\u00e1k \u00e1t, \u00e9s meggy\u00f6keresedett a s\u00f6rf\u0151z\u00e9s, a textil- \u00e9s a tejfeldolgoz\u00f3 ipar.<\/p>\n<p>A Butler csal\u00e1d sz\u00e9khelye, a kilkenny-i v\u00e1r a v\u00e1rosk\u00e9pet ma is meghat\u00e1roz\u00f3 k\u00f6z\u00e9pkori \u00e9p\u00edtm\u00e9nyek k\u00f6z\u00fcl a legkiemelked\u0151bb. Eredeti n\u00e9gy saroktorny\u00e1b\u00f3l h\u00e1rom fennmaradt, egy k\u00f6z\u00e9pkori \u00e1rok maradv\u00e1nyai f\u00f6l\u00e9 emelkedve. Kilkenny falai, melyeket a Talbot-torony \u00e9s a Fekete Freren-kapu tark\u00edt, a normann v\u00e1ros hat\u00e1rait k\u00f6vetik. A Szent Canice-sz\u00e9kesegyh\u00e1z, egy kereszt alak\u00fa, kora angol g\u00f3tikus \u00e9p\u00edtm\u00e9ny, hetven\u00f6t yard hossz\u00fa \u00e9s fekete m\u00e1rv\u00e1nyoszlopokon nyugszik; a szomsz\u00e9dos kerek torony sz\u00e1z l\u00e1b magasra emelkedik, a v\u00e1ros kelta eredet\u00e9nek bizony\u00edt\u00e9kak\u00e9nt.<\/p>\n<p>A Rothe House, egy 1594-ben \u00e9p\u00fclt, Erzs\u00e9bet-kori keresked\u0151h\u00e1z a Parliament Streeten, \u00cdrorsz\u00e1g egyik kev\u00e9s \u00e9p polg\u00e1rtelk\u00e9n tal\u00e1lhat\u00f3, egy fel\u00faj\u00edtott tizenhetedik sz\u00e1zadi f\u0171szer-, z\u00f6lds\u00e9g- \u00e9s gy\u00fcm\u00f6lcs\u00f6skerttel. A dominik\u00e1nus Fekete Ap\u00e1ts\u00e1g (1225) \u00e9s a Szent M\u00e1ria-sz\u00e9kesegyh\u00e1z (r\u00f3mai katolikus sz\u00e9khely) tov\u00e1bbi p\u00e9ld\u00e1i a v\u00e1ros egyh\u00e1zi \u00f6r\u00f6ks\u00e9g\u00e9nek. A Tholsel, a Szent J\u00e1nos-perjels\u00e9g, a Shee Alms-h\u00e1z \u00e9s a Grace-kast\u00e9ly a k\u00f6z\u00e9pkori \u00e9s posztk\u00f6z\u00e9pkori lak\u00f3- \u00e9s polg\u00e1ri \u00e9p\u00edt\u00e9szet panor\u00e1m\u00e1j\u00e1hoz j\u00e1rul hozz\u00e1.<\/p>\n<p>A helyi \u00f6nkorm\u00e1nyzat egy 1231-ben alap\u00edtott \u00f6nkorm\u00e1nyzati test\u00fcletb\u0151l fejl\u0151d\u00f6tt ki, amelyet a tizenhatodik sz\u00e1zadig egy uralkod\u00f3, majd azt k\u00f6vet\u0151en egy polg\u00e1rmester vezetett. Az 1840-es \u00cdrorsz\u00e1gi \u00d6nkorm\u00e1nyzati T\u00f6rv\u00e9ny (Municipal Corporations (Ireland) Act) \u00e9s az 1898-as \u00e9s 2001-es helyi \u00f6nkorm\u00e1nyzati t\u00f6rv\u00e9nyek \u00e9rtelm\u00e9ben Kilkenny tan\u00e1csa v\u00e1rosr\u00e9szi test\u00fcletb\u0151l v\u00e1rosi ker\u00fclett\u00e9, majd v\u00e1rosi tan\u00e1csk\u00e1 alakult \u00e1t. 2014. j\u00fanius 1-j\u00e9n a v\u00e1rosi tan\u00e1csot feloszlatt\u00e1k \u00e9s egyes\u00edtett\u00e9k Kilkenny Megyei Tan\u00e1ccsal, a \u201ev\u00e1ros\u201d megnevez\u00e9st a 2014-es helyi \u00f6nkorm\u00e1nyzati reformt\u00f6rv\u00e9ny is megtartotta.<\/p>\n<p>K\u00f6zigazgat\u00e1silag Kilkenny v\u00e1ros \u00f6nkorm\u00e1nyzati k\u00f6rzete \u00f6t v\u00e1laszt\u00e1si k\u00f6rzetet foglal mag\u00e1ban, \u00e9s a megyei tan\u00e1cs huszonn\u00e9gy tagj\u00e1b\u00f3l hetet v\u00e1laszt meg. Orsz\u00e1gos k\u00e9pviseletben Kilkenny v\u00e1ros \u00e9s Irishtown egyar\u00e1nt k\u00e9t-k\u00e9t k\u00e9pvisel\u0151t k\u00fcld\u00f6tt az \u00edr als\u00f3h\u00e1zba az 1800-as uni\u00f3s t\u00f6rv\u00e9nyekig; 1801-t\u0151l a v\u00e1ros egy-egy k\u00e9pvisel\u0151t k\u00fcld\u00f6tt Westminsterbe, amely k\u00e9s\u0151bb \u00c9szak-Kilkenny r\u00e9sz\u00e9v\u00e9 v\u00e1lt. 1921 \u00f3ta a ter\u00fclet a Carlow\u2013Kilkenny D\u00e1il v\u00e1laszt\u00f3ker\u00fclethez tartozik.<\/p>\n<p>A v\u00e1ros lakoss\u00e1ga, amelyet k\u00f6znyelven \u201emacsk\u00e1knak\u201d neveznek, a 2022-es n\u00e9psz\u00e1ml\u00e1l\u00e1s szerint 27 184 f\u0151 volt. 2006-ban Kilkenny v\u00e1rosr\u00e9sz 8661 lakost sz\u00e1ml\u00e1lt, tov\u00e1bbi 13 518-an pedig a k\u00f6rny\u00e9k\u00e9n, ami \u00f6sszesen 7,0 sz\u00e1zal\u00e9kos n\u00f6veked\u00e9st jelent a 2002-es adatokhoz k\u00e9pest. Az egy f\u0151re jut\u00f3 rendelkez\u00e9sre \u00e1ll\u00f3 h\u00e1ztart\u00e1si j\u00f6vedelem 2005-ben 18 032 eur\u00f3 volt (89,4-es index). Az angol nyelv domin\u00e1l, az \u00edr nyelv \u00e9s a bev\u00e1ndorl\u00f3k nyelveinek egyre n\u00f6vekv\u0151 sz\u00e1ma van jelen. A katolicizmus a f\u0151 vall\u00e1s, m\u00edg az \u00cdr Egyh\u00e1z, a presbiteri\u00e1nus, a metodista, a zsid\u00f3 \u00e9s m\u00e1s hagyom\u00e1nyok hozz\u00e1j\u00e1rulnak a soksz\u00edn\u0171 vall\u00e1si t\u00e1jk\u00e9phez.<\/p>\n<p>Kilkenny m\u00e9rs\u00e9kelt \u00f3ce\u00e1ni \u00e9ghajlata (K\u00f6ppen Cfb, 9-es id\u0151j\u00e1r\u00e1si z\u00f3na) v\u00e1ltoz\u00e9kony id\u0151j\u00e1r\u00e1st jellemez, kev\u00e9s sz\u00e9ls\u0151s\u00e9ggel. A 200 m\u00e9tern\u00e9l magasabb dombok \u00e1ltal v\u00e9dett ter\u00fcleten \u00cdrorsz\u00e1g legmagasabb ny\u00e1ri \u00e9s legalacsonyabb t\u00e9li h\u0151m\u00e9rs\u00e9kletei k\u00f6z\u00e9 tartozik. \u00cdrorsz\u00e1g rekordh\u0151m\u00e9rs\u00e9klete \u2013 33,3 \u00b0C \u2013 a kilkenny-i kast\u00e9lyban 1887. j\u00fanius 26-\u00e1n volt m\u00e9rve; a Dunningstown Road k\u00f6zel\u00e9ben tal\u00e1lhat\u00f3 modern megfigyel\u0151\u00e1llom\u00e1son a maxim\u00e1lis leveg\u0151h\u0151m\u00e9rs\u00e9klet 1976. j\u00fanius 29-\u00e9n el\u00e9rte a 31,5 \u00b0C-ot, a minimumot pedig 1979. janu\u00e1r 2-\u00e1n \u201314,1 \u00b0C-ot, a talajh\u0151m\u00e9rs\u00e9klet legalacsonyabb \u00e9rt\u00e9ke pedig 1982. janu\u00e1r 12-\u00e9n \u201318,1 \u00b0C volt. 1995 augusztus\u00e1ban 274,9 \u00f3ra naps\u00fct\u00e9s volt, 1978. j\u00fanius 18-\u00e1n pedig az \u00e1llom\u00e1s egy nap alatt 16,3 \u00f3r\u00e1t regisztr\u00e1lt. 1988 \u00f3ta az \u00e9ves h\u0151m\u00e9rs\u00e9klet \u00e1tlagosan 0,5 \u00b0C-kal emelkedett a huszadik sz\u00e1zadi szint f\u00f6l\u00e9. A csapad\u00e9kcs\u00facsok k\u00f6z\u00e9 tartozik az 1983. j\u00falius 17-i napi 66,4 mm; az \u00e9ves \u00f6sszes\u00edtett adatok az 1950-es \u00e9vek v\u00e9g\u00e9n \u00e9s az 1960-as \u00e9vek elej\u00e9n uralkod\u00f3 csapad\u00e9kos id\u0151szakot, a 2002-es nagyon csapad\u00e9kos \u00e9vet, valamint a 2005 \u00f3ta n\u00f6vekv\u0151 csapad\u00e9kmennyis\u00e9get t\u00fckr\u00f6zik, 2009 pedig a legcsapad\u00e9kosabb \u00e9v volt 1958, a feljegyz\u00e9sek kezdete \u00f3ta.<\/p>\n<p>A v\u00e1ros \u00e9p\u00edtett k\u00f6rnyezete t\u00fckr\u00f6zi a helyben kitermelt fekete m\u00e9szk\u00f6vet \u2013 a \u201ekilkennyi m\u00e1rv\u00e1nyt\u201d \u2013, amely feh\u00e9r fosszilis z\u00e1rv\u00e1nyair\u00f3l nevezetes. Ezt az anyagot haszn\u00e1lt\u00e1k III. Rich\u00e1rd s\u00edrj\u00e1nak l\u00e1bazat\u00e1hoz a leicesteri sz\u00e9kesegyh\u00e1zban. A 17. sz\u00e1zad v\u00e9g\u00e9t\u0151l alap\u00edtott s\u00f6rf\u0151zd\u00e9k ma is m\u0171k\u00f6dnek, a Church Lane-en tal\u00e1lhat\u00f3 egykori p\u00fcsp\u00f6ki palota pedig ad otthont a Heritage Council irod\u00e1inak.<\/p>\n<p>Kilkenny a k\u00e9zm\u0171vess\u00e9g \u00e9s a formatervez\u00e9s k\u00f6zpontjak\u00e9nt ismert. A Bleach Roadon a tizenkilencedik sz\u00e1zadban felavatott Old Woollen Mills 90 000 n\u00e9gyzetl\u00e1bnyi ter\u00fcletet \u00e9s t\u00f6bb mint egy m\u00e9rf\u00f6ldnyi foly\u00f3partot foglal mag\u00e1ban; 1905-\u00f6s v\u00f6r\u00f6s t\u00e9gl\u00e1b\u00f3l k\u00e9sz\u00fclt k\u00e9m\u00e9nye m\u00e9g mindig \u00e1ll egy \u00e9p\u00edt\u00e9szeti eml\u00e9keknek \u00e9s r\u00e9gis\u00e9geknek szentelt udvar k\u00f6zep\u00e9n. A Watergate Sz\u00ednh\u00e1z, a nyilv\u00e1nos kertek, k\u00f6zt\u00fck a Castle Rose Garden, a Rothe House Garden, az \u00c9h\u00edns\u00e9g Eml\u00e9kkertje \u00e9s a Butler House kertje, valamint sz\u00e1mos m\u00fazeum \u2013 k\u00f6zt\u00fck az Evan&#039;s Home-ban tal\u00e1lhat\u00f3 Butler Gal\u00e9ria \u2013 er\u0151s\u00edtik a v\u00e1ros kultur\u00e1lis vonzerej\u00e9t.<\/p>\n<p>Az \u00e9venk\u00e9nti fesztiv\u00e1lok meger\u0151s\u00edtik Kilkenny kultur\u00e1lis k\u00f6zpontk\u00e9nt bet\u00f6lt\u00f6tt st\u00e1tusz\u00e1t. A Kilkenny M\u0171v\u00e9szeti Fesztiv\u00e1l minden augusztusban t\u00e1nc-, zenei-, sz\u00ednh\u00e1zi \u00e9s vizu\u00e1lis m\u0171v\u00e9szeti el\u0151ad\u00e1sokat k\u00edn\u00e1l. A ma m\u00e1r minden j\u00faniusban megrendez\u00e9sre ker\u00fcl\u0151 Cat Laughs v\u00edgj\u00e1t\u00e9kfesztiv\u00e1l, valamint a folk- \u00e9s roots zen\u00e9re \u00f6sszpontos\u00edt\u00f3 Kilkenny Roots Fesztiv\u00e1l hazai \u00e9s nemzetk\u00f6zi k\u00f6z\u00f6ns\u00e9get vonz.<\/p>\n<p>Turisztikai l\u00e1tv\u00e1nyoss\u00e1gok sorakoznak a v\u00e1rosban \u00e9s k\u00f6rny\u00e9k\u00e9n: Kilkenny v\u00e1ra \u00e9s kertjei, Szent Canice-sz\u00e9kesegyh\u00e1z \u00e9s torony, Rothe-h\u00e1z \u00e9s kert, Shee Alms-h\u00e1z, Kilkenny b\u00edr\u00f3s\u00e1g, Szent M\u00e1ria-sz\u00e9kesegyh\u00e1z, a Tholsel-templom, a Fekete ap\u00e1ts\u00e1g, Szent J\u00e1nos-templom, Butler-h\u00e1z \u00e9s a Slips negyed a Szent Ferenc-ap\u00e1ts\u00e1g s\u00f6rf\u0151zde mellett. A telep\u00fcl\u00e9s hat\u00e1rain t\u00fal tal\u00e1lhat\u00f3 a Kells-perjels\u00e9g, a Jerpoint-ap\u00e1ts\u00e1g, a Dunmore-barlangok, a Woodstock-birtok \u00e9s a Jenkinstown Park.<\/p>\n<p>Kilkenny h\u00eddjai tan\u00fas\u00edtj\u00e1k a v\u00e1ros fejl\u0151d\u0151 infrastrukt\u00far\u00e1j\u00e1t. A Green h\u00eddja, amelyet el\u0151sz\u00f6r 1200 el\u0151tt emeltek, majd az 1763-as nagy \u00e1rv\u00edz ut\u00e1n \u00e9p\u00edtettek \u00fajj\u00e1 George Smith (1763\u20131767) tervei alapj\u00e1n William Colles vezet\u00e9s\u00e9vel, meg\u0151rizte tizennyolcadik sz\u00e1zadi jelleg\u00e9t. A John h\u00edd, amely t\u00f6rt\u00e9nelmileg ugyanazon \u00e1rv\u00edz trag\u00e9di\u00e1j\u00e1nak helysz\u00edne volt, 1910-ben k\u00e9sz\u00fclt el rekordot d\u00f6nt\u0151, egyny\u00edl\u00e1s\u00fa vasbeton szerkezetk\u00e9nt a Mouchel &amp; Partners \u00e9p\u00edtette a Hennebique rendszert haszn\u00e1lva. Az 1984-ben integr\u00e1lt szobrokkal megny\u00edlt Ossory h\u00edd \u00e9s a 2017 m\u00e1jus\u00e1ban egy k\u00f6zponti hozz\u00e1f\u00e9r\u00e9si rendszer r\u00e9szek\u00e9nt felavatott Szent Ferenc h\u00edd b\u0151v\u00edtik az \u00f6sszek\u00f6ttet\u00e9st. A gyalogos- \u00e9s ker\u00e9kp\u00e1rosforgalom a Lady Desart h\u00eddon (2014 janu\u00e1rja) \u00e9s az Ossory gyalogosh\u00eddon kereszt\u00fcl halad \u00e1t a k\u00f6z\u00fati h\u00edd alatt.<\/p>\n<p>Kilkenny-t k\u00f6z\u00fati \u00f6sszek\u00f6ttet\u00e9sek k\u00f6tik \u00f6ssze az orsz\u00e1gos f\u0151h\u00e1l\u00f3zattal: az N10-es az M9-essel (Dublin\u2013Waterford), az N77-es az M7-essel (Portlaoise), \u00e9s az N76-os Clonmellel. A vas\u00fati szolg\u00e1ltat\u00e1s az \u00e1llom\u00e1s 1848. m\u00e1jus 12-i megnyit\u00e1s\u00e1val kezd\u0151d\u00f6tt, \u00e9s Dublinba (1850), Waterfordba (1854), Portlaoise-ba (1876) \u00e9s Castlecomerbe (1919) terjedt ki. A mell\u00e9kvonalak 1962-es bez\u00e1r\u00e1s\u00e1t k\u00f6vet\u0151en az \u00e1llom\u00e1s \u2013 amelyet 1966-ban McDonagh \u00e1llom\u00e1sra neveztek \u00e1t \u2013 tov\u00e1bbra is az Iarnr\u00f3d \u00c9ireann Dublin\u2013Waterford intercity \u00fatvonal\u00e1n tal\u00e1lhat\u00f3, tov\u00e1bbi csatlakoz\u00e1sokkal Limerick Junctionbe \u00e9s Kildare-be. A l\u00e9gi k\u00f6zleked\u00e9s a k\u00f6zeli dublini \u00e9s corki rep\u00fcl\u0151terekt\u0151l f\u00fcgg, amelyek mindegyike k\u00f6r\u00fclbel\u00fcl 150 km-re tal\u00e1lhat\u00f3, m\u00edg a Kilkenny rep\u00fcl\u0151t\u00e9r mag\u00e1nrep\u00fcl\u0151g\u00e9peket szolg\u00e1l ki.<\/p>\n<p>Kilkenny jellege a k\u00f6z\u00e9pkori, a v\u00e1rt\u00f3l a katedr\u00e1lisig h\u00faz\u00f3d\u00f3 v\u00e1rosr\u00e9sz \u00e9s a modern kultur\u00e1lis int\u00e9zm\u00e9nyek egym\u00e1s melletti elhelyezked\u00e9s\u00e9b\u0151l fakad. Annak ellen\u00e9re, hogy \u00e9vsz\u00e1zadokkal ezel\u0151tt hivatalosan v\u00e1rosi st\u00e1tuszt kapott, a korabeli jogszab\u00e1lyok \u00e9rtelm\u00e9ben k\u00f6zigazgat\u00e1silag a t\u00e1gabb megy\u00e9n bel\u00fcl m\u0171k\u00f6dik. A katedr\u00e1lisok, falak, egy v\u00e1r \u00e9s a t\u00f6rt\u00e9nelmi m\u00falt jelenl\u00e9te m\u00e9gis megk\u00fcl\u00f6nb\u00f6ztetett v\u00e1rosi identit\u00e1ssal ruh\u00e1zza fel Kilkenny-t \u2013 egy olyan helly\u00e9, ahol a t\u00f6rt\u00e9nelem \u00e9s a jelen egy\u00fctt \u00e9l a Nore foly\u00f3 partj\u00e1n.<\/p>","protected":false},"excerpt":{"rendered":"<p>Az \u00edrorsz\u00e1gi Kilkenny megy\u00e9ben tal\u00e1lhat\u00f3 Kilkenny 2022-es n\u00e9psz\u00e1ml\u00e1l\u00e1s szerint 27 184 lakossal rendelkezik, ami az orsz\u00e1g tizenharmadik legnagyobb v\u00e1rosi k\u00f6zpontja. Ez a kedves v\u00e1ros Leinster d\u00e9lkeleti r\u00e9gi\u00f3j\u00e1ban tal\u00e1lhat\u00f3, \u00e9s a Nore foly\u00f3 mindk\u00e9t partj\u00e1n \u00e1tny\u00falik, \u00e9s fest\u0151i h\u00e1tteret k\u00edn\u00e1l, amely gener\u00e1ci\u00f3k \u00f3ta elvar\u00e1zsolja az utaz\u00f3kat. Kilkenny \u00edr megjel\u00f6l\u00e9se, Cill Chainnigh, \u201eCainnech templomot\u201d jelent, jelezve a v\u00e1ros m\u00e9lyrehat\u00f3 egyh\u00e1zi \u00f6r\u00f6ks\u00e9g\u00e9t, amely a 6. sz\u00e1zad elej\u00e9t\u0151l sz\u00e1rmazik.<\/p>","protected":false},"author":1,"featured_media":4047,"parent":11622,"menu_order":0,"comment_status":"closed","ping_status":"closed","template":"elementor_theme","meta":{"_eb_attr":"","footnotes":""},"class_list":["post-11632","page","type-page","status-publish","has-post-thumbnail"],"_links":{"self":[{"href":"https:\/\/travelshelper.com\/hu\/wp-json\/wp\/v2\/pages\/11632","targetHints":{"allow":["GET"]}}],"collection":[{"href":"https:\/\/travelshelper.com\/hu\/wp-json\/wp\/v2\/pages"}],"about":[{"href":"https:\/\/travelshelper.com\/hu\/wp-json\/wp\/v2\/types\/page"}],"author":[{"embeddable":true,"href":"https:\/\/travelshelper.com\/hu\/wp-json\/wp\/v2\/users\/1"}],"replies":[{"embeddable":true,"href":"https:\/\/travelshelper.com\/hu\/wp-json\/wp\/v2\/comments?post=11632"}],"version-history":[{"count":0,"href":"https:\/\/travelshelper.com\/hu\/wp-json\/wp\/v2\/pages\/11632\/revisions"}],"up":[{"embeddable":true,"href":"https:\/\/travelshelper.com\/hu\/wp-json\/wp\/v2\/pages\/11622"}],"wp:featuredmedia":[{"embeddable":true,"href":"https:\/\/travelshelper.com\/hu\/wp-json\/wp\/v2\/media\/4047"}],"wp:attachment":[{"href":"https:\/\/travelshelper.com\/hu\/wp-json\/wp\/v2\/media?parent=11632"}],"curies":[{"name":"wp","href":"https:\/\/api.w.org\/{rel}","templated":true}]}}