{"id":11622,"date":"2024-09-13T14:30:05","date_gmt":"2024-09-13T14:30:05","guid":{"rendered":"https:\/\/travelshelper.com\/staging\/?page_id=11622"},"modified":"2026-03-12T16:14:57","modified_gmt":"2026-03-12T16:14:57","slug":"irorszag","status":"publish","type":"page","link":"https:\/\/travelshelper.com\/hu\/destinations\/europe\/ireland\/","title":{"rendered":"\u00cdrorsz\u00e1g"},"content":{"rendered":"<p>\u00cdrorsz\u00e1g egy alig t\u00f6bb mint h\u00e9tmilli\u00f3 lakos\u00fa sziget, amely 84 421 n\u00e9gyzetkilom\u00e9teren ter\u00fcl el Eur\u00f3pa \u00e9szaknyugati sz\u00e9l\u00e9n. Nagy-Britanni\u00e1t\u00f3l az \u00c9szaki-csatorna, az \u00cdr-tenger \u00e9s a Szent Gy\u00f6rgy-csatorna v\u00e1lasztja el, a Brit-szigetek k\u00f6z\u00fcl a m\u00e1sodik, Eur\u00f3pa harmadik \u00e9s a vil\u00e1g huszadik legnagyobb szigete. Geopolitikailag a sziget \u00f6thatod\u00e1t az \u00cdr K\u00f6zt\u00e1rsas\u00e1g, m\u00edg a fennmarad\u00f3 hatodot \u00c9szak-\u00cdrorsz\u00e1g, az Egyes\u00fclt Kir\u00e1lys\u00e1g r\u00e9sze alkotja.<\/p>\n<p>\u00cdrorsz\u00e1g felsz\u00edn\u00e9t alacsonyan fekv\u0151 hegyek alkotj\u00e1k, amelyek egy k\u00f6zponti s\u00edks\u00e1got vesznek k\u00f6r\u00fcl, a Shannon foly\u00f3val \u2013 amely 360,5 kilom\u00e9ter hossz\u00fa, \u00e9s a sziget leghosszabb foly\u00f3ja \u2013, amely Cavan megyei forr\u00e1s\u00e1t\u00f3l Limerick k\u00f6zel\u00e9ben l\u00e9v\u0151 torkolat\u00e1ig kanyarog. A legmagasabb cs\u00facs, a Kerry megyei Carrauntoohil 1039 m\u00e9terrel emelkedik a tengerszint f\u00f6l\u00e9. Az enyhe, \u00f3ce\u00e1ni \u00e9ghajlat, amelyet a nedves atlanti szelek m\u00e9rs\u00e9kelnek, buja f\u00fcves ter\u00fcleteket tart fenn, amelyek az orsz\u00e1got a \u201eSmaragd-sziget\u201d becenev\u00e9nek k\u00f6sz\u00f6nhetik. Az \u00e9szaki sz\u00e9less\u00e9g 51\u00b0 \u00e9s 56\u00b0 k\u00f6z\u00f6tti fok\u00e1n a telek enyh\u00e9bbek a v\u00e1rtn\u00e1l, b\u00e1r a nyarak h\u0171v\u00f6sebbek maradnak, mint kontinent\u00e1lis Eur\u00f3p\u00e1ban; a csapad\u00e9k \u00e9s a felh\u0151zet domin\u00e1l, a nyugati r\u00e9gi\u00f3kra jellemz\u0151 az atlanti viharok, az alkalmank\u00e9nti havaz\u00e1s, a j\u00e9ges\u0151 \u00e9s a vill\u00e1ml\u00e1s, m\u00edg keleten kevesebb csapad\u00e9k esik.<\/p>\n<p>Az emberi telep\u00fcl\u00e9s nyomai t\u00f6bb mint kilenc \u00e9vezredes m\u00faltra tekintenek vissza. Kr. u. els\u0151 sz\u00e1zadra kikrist\u00e1lyosodott egy gael t\u00e1rsadalmi rend, amely sz\u00e1mos apr\u00f3 kir\u00e1lys\u00e1gg\u00e1 szervez\u0151d\u00f6tt tartom\u00e1nyi f\u0151kir\u00e1lyok ir\u00e1ny\u00edt\u00e1sa alatt, amelyek mindegyike a hatalom\u00e9rt \u00e9s a Tara-i f\u0151kir\u00e1lyi c\u00edm\u00e9rt versengett. A kereszt\u00e9nys\u00e9g az \u00f6t\u00f6dik sz\u00e1zadban kezdte kit\u00f6r\u00f6lhetetlen nyomait hagyni, amikor olyan misszion\u00e1riusok, mint Szent Patrik, szerzetesi telep\u00fcl\u00e9seket hoztak l\u00e9tre, amelyek a tanul\u00e1s, az d\u00edsz\u00edt\u00e9s \u00e9s a kultur\u00e1lis csere k\u00f6zpontjaiv\u00e1 v\u00e1ltak. Ezek a korai kereszt\u00e9ny helyek \u2013 remetecell\u00e1k vagy \u201ecills\u201d-ek, amelyeket gyakran \u201eKil\u201d-lel kezd\u0151d\u0151 helynevek jel\u00f6lnek \u2013 a normann korban nagyobb alapokra \u00e9p\u00fcltek, \u00e9s ma is eml\u00e9kezetes romokk\u00e9nt maradtak fenn Glendalough-ban, Clonmacnoise-ban \u00e9s a Cashel-szikl\u00e1ban.<\/p>\n<p>A nyolcadik sz\u00e1zad v\u00e9g\u00e9n megkezd\u0151dtek a viking porty\u00e1k, amelyek telep\u00fcl\u00e9sekk\u00e9 \u00e9s kereskedelemm\u00e9 fejl\u0151dtek, \u00e9s az 1014. \u00e1prilis 23-i clontarfi csat\u00e1ban tet\u0151ztek, ahol Brian Boru f\u0151kir\u00e1ly gyakorlatilag v\u00e9get vetett a skandin\u00e1v hatalomnak. Az anglo-normannok tizenkettedik sz\u00e1zadi \u00e9rkez\u00e9se id\u0151szakos angol szuverenit\u00e1si ig\u00e9nyeket ind\u00edtott el, amelyek csak a tizenhatodik \u00e9s tizenhetedik sz\u00e1zadi Tudor-visszah\u00f3d\u00edt\u00e1ssal szil\u00e1rdultak meg. Az \u00fcltetv\u00e9nytelep\u00edt\u00e9sek \u00e9s a f\u00f6ldelkobz\u00e1sok a protest\u00e1nsok felemelked\u00e9s\u00e9t eredm\u00e9nyezt\u00e9k, amelyet az 1690-es \u00e9vek b\u00fcntet\u0151 t\u00f6rv\u00e9nyei r\u00f6gz\u00edtettek, hogy al\u00e1rendelj\u00e9k a katolikus t\u00f6bbs\u00e9get \u00e9s a protest\u00e1ns disszidenseket. Az 1801-es uni\u00f3s okm\u00e1nyok \u00cdrorsz\u00e1got az Egyes\u00fclt Kir\u00e1lys\u00e1ghoz csatolt\u00e1k, ez a st\u00e1tusz a huszadik sz\u00e1zadig megmaradt.<\/p>\n<p>A tizenkilencedik sz\u00e1zad dr\u00e1mai demogr\u00e1fiai felfordul\u00e1snak volt tan\u00faja. A renesz\u00e1nszt\u00f3l kezd\u0151d\u0151 n\u00e9pess\u00e9gn\u00f6veked\u00e9st r\u00f6vid id\u0151re f\u00e9lbeszak\u00edtotta az 1740\u201341-es \u00e9h\u00edns\u00e9g, amely a lakoss\u00e1g k\u00f6zel k\u00e9t\u00f6t\u00f6d\u00e9t k\u00f6vetelte. A fellend\u00fcl\u00e9st az 1840-es \u00e9vek nagy \u00e9h\u00edns\u00e9ge k\u00f6vette, amely k\u00f6r\u00fclbel\u00fcl egymilli\u00f3 hal\u00e1lesetet okozott, \u00e9s ugyanennyi embert k\u00e9nyszer\u00edtett kiv\u00e1ndorl\u00e1sra. A k\u00f6vetkez\u0151 \u00e9vsz\u00e1zadban \u00cdrorsz\u00e1g lakoss\u00e1ga t\u00f6bb mint a fel\u00e9re cs\u00f6kkent, ami \u00e9lesen elt\u00e9rt az Eur\u00f3pa-szerte tapasztalt n\u00f6veked\u00e9st\u0151l.<\/p>\n<p>A huszadik sz\u00e1zad elej\u00e9n a nacionalista hev\u00fclet \u00e9s a fegyveres ellen\u00e1ll\u00e1s f\u00fcggetlens\u00e9gi h\u00e1bor\u00faban (1919\u201321), az \u00cdr Szabad\u00e1llam feloszt\u00e1s\u00e1ban \u00e9s az \u00cdr Szabad\u00e1llam l\u00e9trehoz\u00e1s\u00e1ban cs\u00facsosodott ki. Az ezt k\u00f6vet\u0151 \u00e9vtizedekben a Szabad\u00e1llam egyre nagyobb auton\u00f3mi\u00e1t \u00e9rv\u00e9nyes\u00edtett, m\u00edgnem az \u00cdr K\u00f6zt\u00e1rsas\u00e1gr\u00f3l sz\u00f3l\u00f3 t\u00f6rv\u00e9ny (1948) kinyilv\u00e1n\u00edtotta a teljes k\u00f6zt\u00e1rsas\u00e1gi st\u00e1tuszt. \u00c9szak-\u00cdrorsz\u00e1gban a felekezeti fesz\u00fclts\u00e9gek az 1960-as \u00e9vek v\u00e9g\u00e9t\u0151l elh\u00faz\u00f3d\u00f3 konfliktusba torkolltak; a b\u00e9ke csak az 1998-as nagyp\u00e9nteki meg\u00e1llapod\u00e1s ut\u00e1n \u00e1llt helyre. 1973-ban mindk\u00e9t joghat\u00f3s\u00e1g csatlakozott az Eur\u00f3pai Gazdas\u00e1gi K\u00f6z\u00f6ss\u00e9ghez, majd az Egyes\u00fclt Kir\u00e1lys\u00e1g (\u00e9s \u00edgy \u00c9szak-\u00cdrorsz\u00e1g) 2020-ban egy 2016-os n\u00e9pszavaz\u00e1st k\u00f6vet\u0151en kil\u00e9pett az Eur\u00f3pai Uni\u00f3b\u00f3l. \u00c9szak-\u00cdrorsz\u00e1g ezt k\u00f6vet\u0151en egyed\u00fcl\u00e1ll\u00f3 helyzetben maradt, r\u00e9szt v\u00e9ve az EU egys\u00e9ges \u00e1rupiac\u00e1n \u2013 ez a kompromisszum a b\u00e9kefolyamat fenntart\u00e1s\u00e1t \u00e9s a sziget nyitott hat\u00e1rainak meg\u0151rz\u00e9s\u00e9t c\u00e9lozta.<\/p>\n<p>\u00cdrorsz\u00e1g kultur\u00e1lis \u00f6r\u00f6ks\u00e9ge messze t\u00falmutat partjain. Az \u0151shonos gael kult\u00fara a Gael Atl\u00e9tikai Sz\u00f6vets\u00e9g megyei futball- \u00e9s hurlingm\u00e9rk\u0151z\u00e9sein, a kocsm\u00e1kban tartott \u00edr zenei foglalkoz\u00e1sokon \u00e9s az \u00edr nyelv fennmarad\u00e1s\u00e1n kereszt\u00fcl fennmaradt \u2013 amely ma m\u00e1r kisebbs\u00e9gi nyelv, de egykor a sziget anyanyelve \u00e9s az \u00f3-, k\u00f6z\u00e9p- \u00e9s kora \u00fajkori \u00edr irodalom gazdag anyag\u00e1nak m\u00e9diumja volt. \u00cdrorsz\u00e1g hozz\u00e1j\u00e1rul\u00e1sa a vil\u00e1girodalomhoz, k\u00fcl\u00f6n\u00f6sen az angol nyelven, p\u00e1ratlan s\u0171r\u0171s\u00e9g\u0171, a k\u00f6z\u00e9pkori sag\u00e1kt\u00f3l \u00e9s \u00e9vk\u00f6nyvekt\u0151l a modern reg\u00e9ny\u00edr\u00f3kig, k\u00f6lt\u0151kig \u00e9s dr\u00e1ma\u00edr\u00f3kig.<\/p>\n<p>A m\u0171v\u00e9szeti hagyom\u00e1nyok legszembet\u0171n\u0151bben a bonyolult kelta csom\u00f3z\u00e1sban nyilv\u00e1nulnak meg, amely egykor illumin\u00e1lt k\u00e9ziratokat \u00e9s k\u0151faragv\u00e1nyokat d\u00edsz\u00edtett, ma pedig az \u00e9kszerekben \u00e9s grafikai mot\u00edvumokban minden\u00fctt jelen van a \u201ekelta\u201d identit\u00e1s szimb\u00f3lumak\u00e9nt. A kocsmakult\u00fara is az \u00edr t\u00e1rsas\u00e1gi \u00e9let nemzetk\u00f6zi jelk\u00e9p\u00e9v\u00e9 v\u00e1lt: olyan helysz\u00ednek, ahol a mesemond\u00f3k \u00f6sszegy\u0171lnek, besz\u00e9lget\u00e9sek folynak, \u00e9s a hagyom\u00e1nyos zene visszhangzik a meleg gerend\u00e1kon.<\/p>\n<p>A sziget domborzata v\u00e1ltozatos szabadt\u00e9ri tev\u00e9kenys\u00e9gekre ad lehet\u0151s\u00e9get. Az Atlanti-\u00f3ce\u00e1nnak kitett nyugati partvid\u00e9k h\u00edres sz\u00f6rfstrandokkal b\u00fcszk\u00e9lkedhet \u2013 t\u00f6bbek k\u00f6z\u00f6tt Bundorannal, Lahinch-kel \u00e9s a Donegal-\u00f6b\u00f6llel \u2013, ahol a t\u00e9li hull\u00e1mok eur\u00f3paiakat vonzanak a bajnoks\u00e1gokra. A b\u00fav\u00e1rok tiszta vizeket fedeznek fel, amelyek a Malin Head \u00e9s Cork megye roncsai k\u00f6r\u00fcl ny\u00fczsg\u0151 tengeri \u00e9l\u0151vil\u00e1gban hemzsegnek. A horg\u00e1szok lazacot hal\u00e1sznak a Shannonban, pisztr\u00e1ngot pedig t\u00f6bb mint tizenn\u00e9gyezer kilom\u00e9ternyi foly\u00f3n \u00e9s h\u00e9tezer kilom\u00e9ternyi partszakaszon, a ny\u00edlt tengeri horg\u00e1szat pedig hasonl\u00f3k\u00e9ppen vir\u00e1gzik a felt\u00e9rk\u00e9pezett, kit\u00e1bl\u00e1zott strandokon.<\/p>\n<p>A kulin\u00e1ris \u00f6r\u00f6ks\u00e9g a t\u00e1rsadalmi t\u00f6rt\u00e9nelmet t\u00fckr\u00f6zi. A k\u00f6z\u00e9pkori szarvasmarha-teny\u00e9szt\u00e9s, ahol a szarvasmarha volt a vagyon m\u00e9rc\u00e9je, a tejterm\u00e9keket r\u00e9szes\u00edtette el\u0151nyben a marhah\u00fassal szemben; a s\u00f3zott szalonna (\u201eszeletek\u201d), a vaj \u00e9s a v\u00e9res hurka tov\u00e1bbra is r\u00e9g\u00f3ta alapvet\u0151 \u00e9lelmiszer. A burgonya bevezet\u00e9se a tizenhatodik sz\u00e1zadban forradalmas\u00edtotta az \u00e9trendet, a tizenkilencedik sz\u00e1zad k\u00f6zep\u00e9re szinte kiz\u00e1r\u00f3lagos \u00e9lelmiszerr\u00e9 v\u00e1lt, \u00e9s ikonikus \u00e9teleket inspir\u00e1lt: p\u00f6rk\u00f6lt, szalonn\u00e1s-k\u00e1poszta, boxty \u00e9s colcannon. A kort\u00e1rs \u201e\u00faj \u00edr konyha\u201d erre az alapra \u00e9p\u00edt \u2013 friss z\u00f6lds\u00e9gek, kagyl\u00f3k, k\u00e9zm\u0171ves sajtok \u00e9s kenyerek \u2013, mik\u00f6zben meg\u0151rzi a burgonya k\u00f6zponti szerep\u00e9t; a hom\u00e1ros-whiskys \u201edublini \u00fcgyv\u00e9d\u201d a hagyom\u00e1ny \u00e9s az innov\u00e1ci\u00f3 f\u00fazi\u00f3j\u00e1t p\u00e9ld\u00e1zza.<\/p>\n<p>A r\u00f6viditalok \u00e9s a s\u00f6r\u00f6k a nemzeti identit\u00e1s egy m\u00e1sik dimenzi\u00f3j\u00e1t alkotj\u00e1k. Az Antrim megy\u00e9ben tal\u00e1lhat\u00f3 Old Bushmills lep\u00e1rl\u00f3 egykor a glob\u00e1lis whiskytermel\u00e9s kilencven sz\u00e1zal\u00e9k\u00e1t adta; az amerikai szesztilalom \u00e9s a k\u00e9t vil\u00e1gh\u00e1bor\u00fa k\u00f6z\u00f6tti kereskedelmi vit\u00e1k idej\u00e9n bek\u00f6vetkezett k\u00e9s\u0151bbi visszaes\u00e9s a huszadik sz\u00e1zad k\u00f6zep\u00e9re k\u00e9t sz\u00e1zal\u00e9kra cs\u00f6kkentette az \u00edr whisky piaci r\u00e9szesed\u00e9s\u00e9t. Az 1990-es \u00e9vek v\u00e9ge \u00f3ta tart\u00f3 \u00fajj\u00e1\u00e9led\u00e9s helyre\u00e1ll\u00edtotta a nemzetk\u00f6zi h\u00edrnevet, a lep\u00e1rolt fajt\u00e1kat k\u00f6nnyebb f\u00fcst \u00e9s kiegyens\u00falyozott \u00e9dess\u00e9g jellemzi. A whisky olyan kr\u00e9mlik\u0151r\u00f6k alapja, mint a Baileys \u00e9s a vil\u00e1gh\u00edr\u0171 \u201e\u00edr k\u00e1v\u00e9\u201d. Ugyanilyen emblematikus a stout \u2013 k\u00fcl\u00f6n\u00f6sen a Guinness \u2013 \u00e9s a kem\u00e9ny almabor, valamint egy helyi \u00fcd\u00edt\u0151ital, a v\u00f6r\u00f6s limon\u00e1d\u00e9.<\/p>\n<p>A gazdas\u00e1gi mutat\u00f3k \u00e9les ellent\u00e9teket szeml\u00e9ltetnek. 2021-ben az \u00cdr K\u00f6zt\u00e1rsas\u00e1g nomin\u00e1lis GDP-je 423,5 milli\u00e1rd eur\u00f3 volt, az egy f\u0151re jut\u00f3 kibocs\u00e1t\u00e1s pedig 84 049,9 eur\u00f3t tett ki; \u00c9szak-\u00cdrorsz\u00e1g brutt\u00f3 hozz\u00e1adott \u00e9rt\u00e9ke 52 milli\u00e1rd font volt, ami szem\u00e9lyenk\u00e9nt 27 154 fontot jelent. A k\u00fcl\u00f6n\u00e1ll\u00f3 valut\u00e1k \u00e9s statisztikai m\u00f3dszerek ellen\u00e9re a szigetorsz\u00e1g kereskedelmi integr\u00e1ci\u00f3ja tov\u00e1bb m\u00e9ly\u00fcl, ami egyre t\u00f6bb ig\u00e9nyt t\u00e1maszt egy \u201eteljes \u00edr gazdas\u00e1g\u201d l\u00e9trehoz\u00e1s\u00e1ra a m\u00e9retgazdas\u00e1goss\u00e1g \u00e9s a versenyk\u00e9pess\u00e9g kihaszn\u00e1l\u00e1sa \u00e9rdek\u00e9ben.<\/p>\n<p>\u00cdrorsz\u00e1g gazdag \u00f6r\u00f6ks\u00e9gi helysz\u00edneinek sok milli\u00f3 l\u00e1togat\u00f3t vonz. K\u00e9t helysz\u00edn rendelkezik UNESCO Vil\u00e1g\u00f6r\u00f6ks\u00e9gi st\u00e1tusszal: a Br\u00fa na B\u00f3inne-i neolitikus palota \u00e9s temetkez\u00e9si komplexum, valamint az \u00d3ri\u00e1sok \u00fatj\u00e1nak bazaltoszlopai. A Burren, a Ceide Fields \u00e9s a Mount Stewart v\u00e1r hivatalos felv\u00e9telre. A legl\u00e1togatottabb l\u00e1tnival\u00f3k k\u00f6z\u00e9 tartozik a Bunratty kast\u00e9ly, a Moher-szikl\u00e1k, a Blarney kast\u00e9ly \u2013 ahol a l\u00e1togat\u00f3k az \u00e9kessz\u00f3l\u00e1s legend\u00e1s aj\u00e1nd\u00e9k\u00e1t keresik \u2013, valamint a Glendalough \u00e9s Clonmacnoise kolostorromok. Dublin, a f\u0151v\u00e1ros \u00e9s a f\u0151 bel\u00e9p\u00e9si pont, a Trinity College-ban tal\u00e1lhat\u00f3 Kells-k\u00f6nyvvel \u00e9s a Guinness Storehouse-szal cs\u00e1b\u00edt, m\u00edg a zord nyugati r\u00e9sz \u2013 Killarney, Connemara \u00e9s az Aran-szigetek \u2013 panor\u00e1m\u00e1s t\u00e1jakat \u00e9s kultur\u00e1lis \u00e9lm\u00e9nyt k\u00edn\u00e1l. A palladio, neoklasszicista \u00e9s \u00fajj\u00e1\u00e9ledt g\u00f3tikus st\u00edlus\u00fa kast\u00e9lyok \u00e9s kast\u00e9lyok, mint p\u00e9ld\u00e1ul a Bantry House, a Castle Ward \u00e9s az Ashford kast\u00e9ly, \u00e9p\u00edt\u00e9szeti betekint\u00e9st \u00e9s luxus vend\u00e9gl\u00e1t\u00e1st ny\u00fajtanak.<\/p>\n<p>A v\u00e1rosi \u00e9let a t\u00f6rt\u00e9nelem \u00e9s a modern k\u00e9nyelem \u00e1ltal \u00e1tsz\u0151tt v\u00e1rosokban bontakozik ki. Dublin kozmopolita energi\u00e1val l\u00fcktet; Cork, amelyet St. Finbarre alap\u00edtott Kr. u. 600 k\u00f6r\u00fcl a Lee foly\u00f3n, tengeri herkenty\u0171ir\u0151l \u00e9s fesztiv\u00e1ljair\u00f3l h\u00edres. Galway az \u00e9l\u00e9nk m\u0171v\u00e9szeteket \u00f6tv\u00f6zi Connemara k\u00eds\u00e9rteties sz\u00e9ps\u00e9g\u00e9hez val\u00f3 hozz\u00e1f\u00e9r\u00e9ssel. Kilkenny a k\u00f6z\u00e9pkori b\u00e1jt id\u00e9zi; Letterkenny Donegal vad partvid\u00e9k\u00e9nek kapujak\u00e9nt szolg\u00e1l. Limerick gr\u00faz st\u00edlus\u00fa h\u00e1l\u00f3zata \u00e9s komor er\u0151d\u00edtm\u00e9nye a viking-angol m\u00faltra eml\u00e9keztet, m\u00edg Sligo \u2013 amelyet W. B. Yeats szeretett \u2013 l\u00edrai t\u00e1jakat id\u00e9z. Waterford, a sziget legr\u00e9gebbi v\u00e1rosa, viking alapokat \u00e9s gr\u00faz homlokzatokat hordoz.<\/p>\n<p>A helyi szok\u00e1sok tov\u00e1bbra is szerves r\u00e9sz\u00e9t k\u00e9pezik a l\u00e1togat\u00f3i \u00e9lm\u00e9nynek: a sz\u00edvb\u0151l j\u00f6v\u0151 \u201ehogy vagy?\u201d k\u00e9rd\u00e9sek, amelyeket a vid\u00e9ki utakon v\u00e1ltanak; a h\u00e1l\u00e1ra v\u00e1laszul felhozott udvarias \u201esemmi sem volt\u201d; a rugalmas hozz\u00e1\u00e1ll\u00e1s az id\u0151h\u00f6z, amelyet a hivatalos eljegyz\u00e9sek pontoss\u00e1ga ellens\u00falyoz; \u00e9s a k\u00e9nyes t\u00e9m\u00e1k \u2013 szekt\u00e1s t\u00f6rt\u00e9nelem, politikai szakad\u00e1sok, egyh\u00e1zi botr\u00e1nyok \u2013 \u00f3vatos ker\u00fcl\u00e9se, kiv\u00e9ve, ha valaki m\u00e9ly \u00e9rz\u00e9kenys\u00e9ggel rendelkezik. A Gael Atl\u00e9tikai Sz\u00f6vets\u00e9g megyei m\u00e9rk\u0151z\u00e9sei hiteles elk\u00f6telez\u0151d\u00e9st k\u00edn\u00e1lnak, b\u00e1r a Croke Park d\u00f6nt\u0151j\u00e9re sz\u00f3l\u00f3 jegyek nagyon keresettek. Minden megye versenyp\u00e1ly\u00e1i a l\u00f3versenyz\u00e9s \u00e9s a m\u00e9nesgazd\u00e1lkod\u00e1s ir\u00e1nti nemzeti szenved\u00e9lyt \u00fcnneplik. A golfp\u00e1ly\u00e1k \u2013 az Adare-t\u0151l, a j\u00f6v\u0151beli Ryder Kupa h\u00e1zigazd\u00e1j\u00e1t\u00f3l a Royal Portrush-ig \u2013 \u00fajj\u00e1\u00e9lesztett kast\u00e9lysz\u00e1llod\u00e1knak adnak otthont.<\/p>\n<p>Az \u0151si k\u00edv\u00e1ncsis\u00e1g rejtett \u00e1ramlata sokakat vonz \u00cdrorsz\u00e1g lev\u00e9lt\u00e1raihoz \u00e9s egyh\u00e1zk\u00f6zs\u00e9gi anyak\u00f6nyveihez, \u00e9vsz\u00e1zados migr\u00e1ci\u00f3kon \u00e9s felfordul\u00e1sokon kereszt\u00fcl nyomon k\u00f6vetve a lesz\u00e1rmaz\u00e1sukat. A geneal\u00f3giai kutat\u00e1sokat, b\u00e1r hi\u00e1nyoss\u00e1gok \u00e9s vesztes\u00e9gek akad\u00e1lyozz\u00e1k, a digitaliz\u00e1l\u00e1si er\u0151fesz\u00edt\u00e9sek hasznos\u00edtj\u00e1k, k\u00fcl\u00f6n\u00f6sen Clare megy\u00e9ben.<\/p>\n<p>\u00cdrorsz\u00e1g t\u00e1jain \u00e9s k\u00f6z\u00f6ss\u00e9gein kereszt\u00fcl az \u0151si \u00e9s a kort\u00e1rs, a helyi melegs\u00e9g \u00e9s a kifel\u00e9 ir\u00e1nyul\u00f3 dinamizmus kever\u00e9k\u00e9t testes\u00edti meg. K\u00f6lt\u00e9szet \u00e9s pr\u00f3za, zene \u00e9s t\u00e1nc, zord hegyek \u00e9s szel\u00edd s\u00edks\u00e1gok, sztoikus t\u00f6rt\u00e9nelem \u00e9s tart\u00f3s ellen\u00e1ll\u00f3 k\u00e9pess\u00e9g egyes\u00fcl egy olyan szigeten, amely egyszerre h\u00edv elm\u00e9lked\u00e9sre \u00e9s \u00fcnnepl\u00e9sre.<\/p>\n<p>Egy olyan f\u00f6ld\u00f6n, ahol a m\u00falt \u00e9s a jelen k\u0151ben \u00e9s t\u00f6rt\u00e9netekben tal\u00e1lkozik, minden utaz\u00f3 felfedezi \u00cdrorsz\u00e1g egyedi identit\u00e1s\u00e1nak egy oldal\u00e1t \u2013 egy olyan identit\u00e1st, amelyet a geol\u00f3gia \u00e9s a geneal\u00f3gia, a h\u00f3d\u00edt\u00e1s \u00e9s a f\u00fcggetlens\u00e9g, a hit \u00e9s az \u00fcnnepl\u00e9s form\u00e1l. A sziget igazi kincse azonban a megfoghatatlanban rejlik: a k\u00fcsz\u00f6b\u00f6n fogadtatott \u00fcdv\u00f6zletben, a k\u00f6z\u00f6s nevet\u00e9sben egy kors\u00f3 s\u00f6r mellett, a hajnali k\u0151k\u00f6r el\u0151tti csendes tiszteletad\u00e1sban. \u00cdrorsz\u00e1g nemcsak egy t\u00e9rk\u00e9pen l\u00e1that\u00f3 helyk\u00e9nt marad fenn, hanem megh\u00edv\u00e1sk\u00e9nt is, hogy felfedezz\u00fck azokat a k\u00f6tel\u00e9keket, amelyek a f\u00f6ldet, az \u00f6r\u00f6ks\u00e9get \u00e9s a k\u00e9pzeletet \u00f6sszek\u00f6tik.<\/p>","protected":false},"excerpt":{"rendered":"<p>\u00cdrorsz\u00e1g egy szigetk\u00f6zt\u00e1rsas\u00e1g az Atlanti-\u00f3ce\u00e1n \u00e9szaki r\u00e9sz\u00e9n, Eur\u00f3pa \u00e9szaknyugati partjain\u00e1l, 2022-ben k\u00f6r\u00fclbel\u00fcl 7 milli\u00f3 lakossal. Ez a sziget, amely Eur\u00f3p\u00e1ban a harmadik \u00e9s a huszadik legnagyobb a vil\u00e1gon, geopolitikailag fel van osztva az \u00cdr K\u00f6zt\u00e1rsas\u00e1g, a ter\u00fclet k\u00f6r\u00fclbel\u00fcl \u00f6thatoda, \u00e9s az Egyes\u00fclt Kir\u00e1lys\u00e1g \u00c9szak-\u00cdrorsz\u00e1g k\u00f6z\u00f6tt. Az \u00cdr K\u00f6zt\u00e1rsas\u00e1g lakoss\u00e1ga 5,1 milli\u00f3, m\u00edg \u00c9szak-\u00cdrorsz\u00e1gnak 1,9 milli\u00f3 lakosa van, \u00edgy \u00cdrorsz\u00e1g a m\u00e1sodik legn\u00e9pesebb sziget Eur\u00f3p\u00e1ban, Nagy-Britannia m\u00f6g\u00f6tt.<\/p>","protected":false},"author":1,"featured_media":4036,"parent":24078,"menu_order":0,"comment_status":"closed","ping_status":"closed","template":"elementor_theme","meta":{"_eb_attr":"","footnotes":""},"class_list":["post-11622","page","type-page","status-publish","has-post-thumbnail"],"_links":{"self":[{"href":"https:\/\/travelshelper.com\/hu\/wp-json\/wp\/v2\/pages\/11622","targetHints":{"allow":["GET"]}}],"collection":[{"href":"https:\/\/travelshelper.com\/hu\/wp-json\/wp\/v2\/pages"}],"about":[{"href":"https:\/\/travelshelper.com\/hu\/wp-json\/wp\/v2\/types\/page"}],"author":[{"embeddable":true,"href":"https:\/\/travelshelper.com\/hu\/wp-json\/wp\/v2\/users\/1"}],"replies":[{"embeddable":true,"href":"https:\/\/travelshelper.com\/hu\/wp-json\/wp\/v2\/comments?post=11622"}],"version-history":[{"count":0,"href":"https:\/\/travelshelper.com\/hu\/wp-json\/wp\/v2\/pages\/11622\/revisions"}],"up":[{"embeddable":true,"href":"https:\/\/travelshelper.com\/hu\/wp-json\/wp\/v2\/pages\/24078"}],"wp:featuredmedia":[{"embeddable":true,"href":"https:\/\/travelshelper.com\/hu\/wp-json\/wp\/v2\/media\/4036"}],"wp:attachment":[{"href":"https:\/\/travelshelper.com\/hu\/wp-json\/wp\/v2\/media?parent=11622"}],"curies":[{"name":"wp","href":"https:\/\/api.w.org\/{rel}","templated":true}]}}