{"id":11584,"date":"2024-09-13T13:53:18","date_gmt":"2024-09-13T13:53:18","guid":{"rendered":"https:\/\/travelshelper.com\/staging\/?page_id=11584"},"modified":"2026-03-12T17:16:53","modified_gmt":"2026-03-12T17:16:53","slug":"lettorszag","status":"publish","type":"page","link":"https:\/\/travelshelper.com\/hu\/destinations\/europe\/latvia\/","title":{"rendered":"Lettorsz\u00e1g"},"content":{"rendered":"<p>Lettorsz\u00e1g, hivatalos nev\u00e9n Lett K\u00f6zt\u00e1rsas\u00e1g, 64 589 n\u00e9gyzetkilom\u00e9teren ter\u00fcl el a Balti-tenger keleti partj\u00e1n, lakoss\u00e1ga k\u00f6r\u00fclbel\u00fcl 1,9 milli\u00f3. Az \u00e9szaki sz\u00e9less\u00e9g 55\u00b0 \u00e9s 58\u00b0, valamint a keleti hossz\u00fas\u00e1g 21\u00b0 \u00e9s 29\u00b0 k\u00f6z\u00f6tt helyezkedik el, sz\u00e1razf\u00f6ldi hat\u00e1rai \u00e9szakon \u00c9sztorsz\u00e1ggal, d\u00e9len Litv\u00e1ni\u00e1val, keleten Oroszorsz\u00e1ggal \u00e9s d\u00e9lkeleten Feh\u00e9roroszorsz\u00e1ggal vannak osztva, tengeri hat\u00e1ra pedig a Balti-tengeren \u00e1t Sv\u00e9dorsz\u00e1g fel\u00e9 h\u00faz\u00f3dik. Ez a m\u00e9rs\u00e9kelt \u00e9g\u00f6vi erd\u0151kb\u0151l, foly\u00f3kb\u00f3l \u00e9s s\u00edks\u00e1gokb\u00f3l \u00e1ll\u00f3 birodalom \u00c9szak-Eur\u00f3pa egyik legkev\u00e9sb\u00e9 \u00e9rt\u00e9kelt nemzete.<\/p>\n<p>Lettorsz\u00e1g felsz\u00edn\u00e9nek vonalai ritk\u00e1n haladj\u00e1k meg a 100 m\u00e9tert a tengerszint felett, kiv\u00e9ve a Gaizi\u0146kalns szer\u00e9ny, 311,6 m\u00e9teres emelked\u00e9s\u00e9t. A f\u00f6ldter\u00fclet 62 157 km\u00b2 szil\u00e1rd talaj, ebb\u0151l 18 159 km\u00b2 m\u0171velt ter\u00fclet, 34 964 km\u00b2 pedig erd\u0151 bor\u00edtja. A belvizek 2402 km\u00b2-t bor\u00edtanak, bele\u00e9rtve a Lub\u0101ns-tavat \u2013 a legnagyobb tavat 80,7 km\u00b2-rel \u2013 \u00e9s a Dr\u012bdzist, amely 65,1 m\u00e9terrel a felsz\u00edn alatt s\u00fcllyed. A Gauja foly\u00f3, Lettorsz\u00e1g leghosszabb v\u00edzfoly\u00e1sa, amely 452 kilom\u00e9ter hossz\u00fa a hat\u00e1rain bel\u00fcl, homokk\u0151 szurdokokon \u00e9s vegyes erd\u0151k\u00f6n kanyarog. A Daugava, b\u00e1r \u00f6sszesen 1005 kilom\u00e9ter hossz\u00fa, 352 kilom\u00e9ternyi v\u00edzfoly\u00e1st biztos\u00edt Lettorsz\u00e1gnak. Kanyarg\u00f3s partjai r\u00e9g\u00f3ta mez\u0151gazdas\u00e1gi v\u00f6lgyeket \u00e9s erd\u0151s rezerv\u00e1tumokat egyar\u00e1nt t\u00e1mogatnak.<\/p>\n<p>\u00c9ghajlatilag Lettorsz\u00e1g a p\u00e1r\u00e1s kontinent\u00e1lis \u00e9s a tengeri \u00e9ghajlat hat\u00e1r\u00e1n egyens\u00falyoz. A part menti ter\u00fcleteken \u2013 k\u00fcl\u00f6n\u00f6sen a Kurf\u00f6ld\u00f6n \u2013 m\u00e9rs\u00e9kelt telek \u00e9s visszafogott ny\u00e1ri meleg uralkodik; a bels\u0151 ter\u00fcletek kontinent\u00e1lisabbak, a t\u00e9li m\u00e9lypontok a s\u00falyosabb id\u0151szakokban \u201330 \u00b0C-ra s\u00fcllyednek, a ny\u00e1ri cs\u00facsh\u0151m\u00e9rs\u00e9kletek pedig megk\u00f6zel\u00edtik a 35 \u00b0C-ot. A t\u00e9l december k\u00f6zep\u00e9t\u0151l m\u00e1rcius k\u00f6zep\u00e9ig tart\u00f3 szor\u00edt\u00f3 id\u0151szak\u00e1ban \u20136 \u00b0C k\u00f6r\u00fcli \u00e1tlagh\u0151m\u00e9rs\u00e9klet, stabil h\u00f3takar\u00f3 \u00e9s r\u00f6vid nappalok uralkodnak. A j\u00faniust\u00f3l augusztusig tart\u00f3 ny\u00e1ron az \u00e1tlagos maximumok 19 \u00b0C k\u00f6r\u00fcl alakulnak, m\u00e9rs\u00e9kelt \u00e9jszak\u00e1k \u00e9s id\u0151szakos h\u0151hull\u00e1mok uralkodnak. A nagyj\u00e1b\u00f3l azonos id\u0151tartam\u00fa tavasz \u00e9s \u0151sz m\u00e9rs\u00e9kelt \u00e9ghajlati \u00e1tmeneteket mutat, amelyek az erd\u0151ket sz\u00ednesen l\u00e1ngol\u00f3 vagy halv\u00e1nysz\u00fcrke \u00e1rnyalatokba burkolj\u00e1k.<\/p>\n<p>A modern Lettorsz\u00e1gban az emberi telep\u00fcl\u00e9sek \u00e9vsz\u00e1zados v\u00e1ltoz\u00f3 szuverenit\u00e1st t\u00fckr\u00f6znek. Az \u0151slakos baltiak, a mai lettek \u0151sei, az i. sz. els\u0151 \u00e9vezred v\u00e9g\u00e9re t\u00f6rzsi k\u00f6z\u00f6ss\u00e9gekk\u00e9 egyes\u00fcltek. A tizenharmadik sz\u00e1zadt\u00f3l kezdve a ter\u00fcletek a Liv\u00f3niai Rend \u2013 a N\u00e9met Lovagrend egyik \u00e1ga \u2013 uralma al\u00e1 ker\u00fcltek, miel\u0151tt a lengyel-litv\u00e1n befoly\u00e1s \u00e9s a sv\u00e9d uralom k\u00f6z\u00f6tt ingadoztak volna. Az orosz uralom a tizennyolcadik sz\u00e1zad elej\u00e9n a nagy \u00e9szaki h\u00e1bor\u00fat k\u00f6vette, \u00e9s az els\u0151 vil\u00e1gh\u00e1bor\u00fa z\u0171rzavar\u00e1ig fennmaradt.<\/p>\n<p>1918. november 18-\u00e1n, a birodalom \u00f6sszeoml\u00e1sa ut\u00e1n Lettorsz\u00e1g kiki\u00e1ltotta f\u00fcggetlens\u00e9g\u00e9t a n\u00e9met megsz\u00e1ll\u00f3kt\u00f3l. Ez a sz\u00fclet\u0151ben l\u00e9v\u0151 k\u00f6zt\u00e1rsas\u00e1g 1934-ben puccsot szenvedett el, amely K\u0101rlis Ulmanis autoriter rezsimj\u00e9t \u00fcltette hatalomra. A m\u00e1sodik vil\u00e1gh\u00e1bor\u00fa de facto elt\u00f6r\u00f6lte a szuverenit\u00e1st, mivel az 1940-es szovjet annekt\u00e1l\u00e1s egybeesett az 1941-es n\u00e1ci megsz\u00e1ll\u00e1ssal, majd a V\u00f6r\u00f6s Hadsereg 1944-ben visszaszerezte az ir\u00e1ny\u00edt\u00e1st. A Lett SZSZK fenn\u00e1ll\u00e1s\u00e1nak ezt k\u00f6vet\u0151 negyven\u00f6t \u00e9v\u00e9ben a szovjet politika alatt bek\u00f6vetkezett demogr\u00e1fiai v\u00e1ltoz\u00e1sok a lakoss\u00e1g k\u00f6zel egynegyed\u00e9re emelt\u00e9k az orosz etnikai lakoss\u00e1got.<\/p>\n<p>Az 1987-es \u00e9nekl\u0151 forradalom \u2013 a t\u00e1gabb balti \u00f6nrendelkez\u00e9si t\u00f6rekv\u00e9s r\u00e9szek\u00e9nt \u2013 1991. augusztus 21-\u00e9n vissza\u00e1ll\u00edtotta a f\u00fcggetlens\u00e9get. Az\u00f3ta Lettorsz\u00e1g egys\u00e9ges parlamenti demokr\u00e1ci\u00e1t tart fenn, \u00e9s integr\u00e1l\u00f3dott az euroatlanti strukt\u00far\u00e1kba: 2004-ben az Eur\u00f3pai Uni\u00f3ba \u00e9s a NATO-ba, 2014-ben pedig az eur\u00f3\u00f6vezetbe. Hum\u00e1n fejletts\u00e9gi indexe a magas j\u00f6vedelm\u0171, fejlett gazdas\u00e1gok k\u00f6z\u00e9 sorolja.<\/p>\n<p>Lettorsz\u00e1g gazdas\u00e1ga dr\u00e1mai ingadoz\u00e1sokon ment kereszt\u00fcl a huszonegyedik sz\u00e1zad elej\u00e9n. A 2000 \u00f3ta tart\u00f3 robusztus n\u00f6veked\u00e9st 2009 elej\u00e9n 18 sz\u00e1zal\u00e9kos visszaes\u00e9s v\u00e1ltotta fel a fogyaszt\u00e1svez\u00e9relt bubor\u00e9k \u00e9s bankv\u00e1ls\u00e1g k\u00f6zepette. Ezt k\u00f6vet\u0151en megkezd\u0151d\u00f6tt a fellend\u00fcl\u00e9s, amelyet a sz\u00e1ll\u00edt\u00e1s, a logisztika \u00e9s a szolg\u00e1ltat\u00e1sok fel\u00e9 t\u00f6rt\u00e9n\u0151 diverzifik\u00e1ci\u00f3 t\u00e1mogatott. Az orsz\u00e1g n\u00e9gy f\u0151 kik\u00f6t\u0151je \u2013 Riga, ventspils, liepaja \u00e9s skultye \u2013 \u00f6mlesztett rakom\u00e1nyt, nyersolajat \u00e9s finom\u00edtott term\u00e9keket kezel, \u00f6sszek\u00f6tve Oroszorsz\u00e1got, Feh\u00e9roroszorsz\u00e1got \u00e9s K\u00f6z\u00e9p-\u00c1zsi\u00e1t Nyugat-Eur\u00f3p\u00e1val. A balti \u00e1llamok legforgalmasabb rep\u00fcl\u0151tere, a rigai nemzetk\u00f6zi rep\u00fcl\u0151t\u00e9r 2019-ben 7,8 milli\u00f3 utast fogadott, m\u00edg az airBaltic alacsony k\u00f6lts\u00e9g\u0171 h\u00e1l\u00f3zatot tart fenn mintegy nyolcvan c\u00e9l\u00e1llom\u00e1son. A vas\u00fati infrastrukt\u00fara 1826 km hossz\u00fa orosz nyomt\u00e1vols\u00e1g\u00fa p\u00e1ly\u00e1t foglal mag\u00e1ban, amelyb\u0151l 251 km villamos\u00edtott; a 2026-ban elk\u00e9sz\u00fcl\u0151, norm\u00e1l nyomt\u00e1vols\u00e1g\u00fa Rail Baltica \u00f6sszek\u00f6ttet\u00e9s k\u00f6zvetlen \u00f6sszek\u00f6ttet\u00e9st \u00edg\u00e9r Helsinkib\u0151l Tallinnon \u00e9s Rig\u00e1kon kereszt\u00fcl Vars\u00f3ba.<\/p>\n<p>Az orsz\u00e1g\u00fath\u00e1l\u00f3zat 1675 km f\u0151\u00fatvonalat, 5473 km region\u00e1lis \u00fatvonalat \u00e9s 13 064 km \u00f6nkorm\u00e1nyzati f\u0151utat foglal mag\u00e1ban, bele\u00e9rtve az E67-es utat Vars\u00f3 \u00e9s Tallinn k\u00f6z\u00f6tt, valamint az E22-est ventspilsi \u00e9s terehova k\u00f6z\u00f6tt. 2017-re 803 546 j\u00e1rm\u0171 viselt lett rendsz\u00e1mot, ami az orsz\u00e1g kontinent\u00e1lis kapcsolatokba val\u00f3 integr\u00e1ci\u00f3j\u00e1t bizony\u00edtja.<\/p>\n<p>Lettorsz\u00e1g demogr\u00e1fiai helyzete tart\u00f3s kih\u00edv\u00e1sokat mutat. A teljes term\u00e9kenys\u00e9g n\u0151nk\u00e9nt 1,61 sz\u00fclet\u00e9s k\u00f6r\u00fcl mozog, ami a reprodukci\u00f3s r\u00e1ta alatt van, m\u00edg a v\u00e1rhat\u00f3 \u00e9lettartam 2013-ban el\u00e9rte a 73,2 \u00e9vet. A nemek k\u00f6z\u00f6tti egyens\u00falyhi\u00e1ny az id\u0151sebb koroszt\u00e1lyokban a n\u0151ket torz\u00edtja: a hetven \u00e9v felettiek k\u00f6z\u00f6tt t\u00f6bb mint k\u00e9tszer annyi n\u0151 van, mint f\u00e9rfi. A lettek 63 sz\u00e1zal\u00e9ka besz\u00e9li a balti nyelvet, amelyr\u0151l az orsz\u00e1g a nev\u00e9t kapta. Az oroszok a lakosok k\u00f6zel negyed\u00e9t teszik ki, \u00edgy az orosz az anyanyelv\u00fck 37,7 sz\u00e1zal\u00e9knak. Sz\u00e1mos orosz etnikai lakos \u2013 akiknek lett nyelvvizsg\u00e1t kell tenni\u00fck az \u00e1llampolg\u00e1rs\u00e1g megszerz\u00e9s\u00e9hez \u2013 jogi st\u00e1tusza tov\u00e1bbra is \u00e9rz\u00e9keny t\u00e1rsadalmi k\u00e9rd\u00e9s.<\/p>\n<p>Lettorsz\u00e1gban a kultur\u00e1lis kifejez\u00e9sm\u00f3d \u00f6tv\u00f6zi az agr\u00e1r\u00f6r\u00f6ks\u00e9get a v\u00e1rosi modernit\u00e1ssal. A hagyom\u00e1nyos konyha a helyi term\u00e9kek \u2013 burgonya, \u00e1rpa, k\u00e1poszta \u00e9s sert\u00e9sh\u00fas \u2013 k\u00f6r\u00e9 \u00e9p\u00fcl, a sz\u00fcrkebors\u00f3 \u00e9s a speck mellett s\u00f3skaleves \u00e9s s\u0171r\u0171 rozskeny\u00e9r alkotja a kulin\u00e1ris alappill\u00e9reket. \u00c9rezhet\u0151 a szomsz\u00e9dos N\u00e9metorsz\u00e1g, Oroszorsz\u00e1g \u00e9s Skandin\u00e1via hat\u00e1sa, m\u00e9gis a konyha ink\u00e1bb kiad\u00f3s, mint pik\u00e1ns marad.<\/p>\n<p>Lettorsz\u00e1g v\u00e1rosk\u00f6zpontjai kontrasztos karaktereket mutatnak. Riga, a f\u0151v\u00e1ros \u00e9s egyben legnagyobb v\u00e1ros, meg\u0151rizte az UNESCO Vil\u00e1g\u00f6r\u00f6ks\u00e9g r\u00e9szek\u00e9nt elismert \u00f3v\u00e1ros\u00e1t, szecesszi\u00f3s homlokzataival \u00e9s tornyos l\u00e1tk\u00e9p\u00e9vel, amely sz\u00e9les sug\u00e1rutak \u00e9s foly\u00f3parti rakpartok k\u00f6z\u00f6tt helyezkedik el. A K\u00f6zponti Piac, amely egykor Zeppelin-hang\u00e1rok voltak, szezon\u00e1lis term\u00e9keket \u00e9s f\u00fcst\u00f6lt finoms\u00e1gokat k\u00edn\u00e1l\u00f3 \u00e1rusokt\u00f3l zsonog. A k\u00f6z\u00e9pkori magon t\u00fal modern tornyok magasodnak az \u00e9g fel\u00e9, a v\u00e1ros gazdas\u00e1gi vitalit\u00e1s\u00e1nak \u00e9s a meg\u0151rz\u00e9s \u00e9s a fejl\u0151d\u00e9s k\u00f6z\u00f6tti fesz\u00fclts\u00e9gnek a jelk\u00e9pek\u00e9nt.<\/p>\n<p>J\u016brmala k\u00f6r\u00fclbel\u00fcl harminc kilom\u00e9terre nyugatra egy tizenk\u00e9t kilom\u00e9ter hossz\u00fa, feh\u00e9r homokos, feny\u0151erd\u0151kkel szeg\u00e9lyezett d\u0171n\u00e9kb\u0151l \u00e9s favill\u00e1kb\u00f3l \u00e1ll\u00f3 f\u00f6ldnyelven ter\u00fcl el. Kor\u00e1bban a cs\u00e1sz\u00e1ri elit mened\u00e9khelye volt, ma is az orsz\u00e1g legfontosabb gy\u00f3gy- \u00e9s wellness\u00fcd\u00fcl\u0151helye, gy\u00f3gyf\u00fcrd\u0151ivel a v\u00e1roslak\u00f3kat \u00e9s a nemzetk\u00f6zi vend\u00e9geket egyar\u00e1nt vonzza. Az \u00f6tven kilom\u00e9terre keletre fekv\u0151 Sigulda a Gauja \u00e1ltal v\u00e1jt v\u00f6lgyben fekszik; a g\u00f3tikus st\u00edlusban \u00fajj\u00e1\u00e9ledt Turaida-v\u00e1r \u00e9s a hatalmas G\u016btmanis-barlang szikl\u00e1kb\u00f3l \u00e9s b\u00fckk\u00f6s\u00f6kb\u0151l \u00e1ll\u00f3 t\u00e1jat alkot, amelyet a k\u00e9s\u0151 \u0151szi f\u00e9ny rozsdabarna pomp\u00e1v\u00e1 v\u00e1ltoztat.<\/p>\n<p>C\u0113sis, Lettorsz\u00e1g legr\u00e9gebbi telep\u00fcl\u00e9sei k\u00f6z\u00e9 tartozik, Liv\u00f3niai Rend s\u00e1ncaival \u00e9s k\u0151b\u0151l \u00e9p\u00fclt er\u0151d\u00edtm\u00e9ny k\u00f6r\u00fcl csoportosul\u00f3 fah\u00e1zakkal b\u00fcszk\u00e9lkedhet. K\u00f6rny\u00e9ke \u2013 az erd\u0151k \u00e9s a ker\u00e9kp\u00e1rutak \u2013 csendes ellenpontot k\u00edn\u00e1lnak a f\u0151v\u00e1ros v\u00e1rosi ritmus\u00e1val szemben. Nyugatabbra Liepaja a \u201esz\u00e9l v\u00e1rosa\u201d becenevet viseli, sz\u00e9lj\u00e1rta partja Karost\u00e1nak, egy kor\u00e1bbi haditenger\u00e9szeti \u0151rsnek, amely a sz\u00e1zadfordul\u00f3 laktany\u00e1ib\u00f3l \u00e9s egy tengerparti er\u0151db\u00f6rt\u00f6nb\u0151l \u00e1ll\u00f3 \u00e9l\u0151 m\u00fazeumm\u00e1 alakult. Az \u00e9szaknyugatra fekv\u0151 ventspils egy kifog\u00e1stalanul karbantartott kik\u00f6t\u0151v\u00e1ross\u00e1 fejl\u0151d\u00f6tt, amelyet szobor\u00f6sv\u00e9nyek \u00e9s parkos\u00edtott s\u00e9t\u00e1nyok tark\u00edtanak.<\/p>\n<p>D\u00e9l fel\u00e9 haladva \u00e9rj\u00fck el Kuldig\u00e1t, ahol a Venta-z\u00fag\u00f3 249 m\u00e9ter hosszan h\u00faz\u00f3dik \u2013 Eur\u00f3pa legsz\u00e9lesebb v\u00edzes\u00e9s-p\u00e1rk\u00e1nya \u2013, fatet\u0151k \u00e9s macskak\u00f6ves utc\u00e1k k\u00f6z\u00f6tt, amelyek egy k\u00f6z\u00e9p-eur\u00f3pai v\u00e1s\u00e1rv\u00e1rosra utalnak. Zemgale Zemgale alf\u00f6ldjei, a jelgava k\u00f6r\u00fcli p\u00e1ly\u00e1kon barokk eleganci\u00e1t t\u00e1rnak fel a Rund\u0101le-palot\u00e1ban \u00e9s a v\u00e1ros saj\u00e1t palotakomplexum\u00e1ban, m\u00edg Latgale tavakkal teli t\u00e1jai, amelyek k\u00f6z\u00e9ppontj\u00e1ban Daugavpils \u00e1ll, a lett, orosz \u00e9s zsid\u00f3 hagyom\u00e1nyok r\u00e9gebbi multikultur\u00e1lis mozaikj\u00e1t id\u00e9zik.<\/p>\n<p>Lettorsz\u00e1g term\u00e9szeti \u00f6r\u00f6ks\u00e9ge tov\u00e1bbra is l\u00e9tfontoss\u00e1g\u00fa. Az orsz\u00e1g fel\u00e9t erd\u0151k bor\u00edtj\u00e1k, melyeket n\u00e9gy nemzeti park tark\u00edt. A legnagyobb Gauja Nemzeti Park foly\u00f3v\u00f6lgyeivel \u00e9s homokk\u0151-kib\u00fav\u00e1saival k\u00e1pr\u00e1ztat el. A \u0136emeri Nemzeti Park a Riga k\u00fclv\u00e1rosait\u00f3l l\u00e1t\u00f3t\u00e1vols\u00e1gra tal\u00e1lhat\u00f3 l\u00e1pvid\u00e9ki \u00f6sv\u00e9nyeket \u00e9s ritka n\u00f6v\u00e9nyeket v\u00e9di. A keleti R\u0101zna Nemzeti Park mocsaras ter\u00fcletekkel szeg\u00e9lyezett gleccsertavakat \u0151riz, a Kolka-fokn\u00e1l tal\u00e1lhat\u00f3 Sl\u012btere Nemzeti Park pedig a Rigai-\u00f6b\u00f6l \u00e9s a Balti-tenger tal\u00e1lkoz\u00e1s\u00e1n\u00e1l tal\u00e1lhat\u00f3, sz\u00e9lj\u00e1rta r\u00e9tjein \u0151sszel v\u00e1ndormadarak szoktak megfordulni.<\/p>\n<p>A szabadt\u00e9ri tev\u00e9kenys\u00e9gek t\u00fckr\u00f6zik az orsz\u00e1g egyens\u00faly\u00e1t a term\u00e9szetv\u00e9delem \u00e9s a hozz\u00e1f\u00e9rhet\u0151s\u00e9g k\u00f6z\u00f6tt. A t\u00fara\u00fatvonalak lank\u00e1s erdei \u00f6sv\u00e9nyeken \u00e1t a hossz\u00fa kenut\u00far\u00e1kig terjednek a v\u00edzi utakon. Az \u0151szi v\u00e1ndorutak \u00e1ltal vonzott mad\u00e1rmegfigyel\u0151k n\u00e1dasok \u00e9s kil\u00e1t\u00f3tornyok k\u00f6z\u00f6tt helyezkednek el. A gombagy\u0171jt\u00e9s tov\u00e1bbra is nemzeti id\u0151t\u00f6lt\u00e9s, ugyanolyan mindennapos, mint a falusiak r\u00f3kagomba-szed\u00e9se a feny\u0151k alatt. A Balti-tenger partvid\u00e9ke k\u00f6zel \u00f6tsz\u00e1z kilom\u00e9ternyi \u2013 gyakran elhagyatott \u2013 partszakaszt k\u00edn\u00e1l, ahol a tengerszint \u00e9szrev\u00e9tlen\u00fcl emelkedik, hossz\u00fa part menti s\u00e9t\u00e1kra cs\u00e1b\u00edtva, \u00e9s a meleg ny\u00e1ri h\u00f3napokban a v\u00edz \u00e1tlagosan 20 \u00b0C k\u00f6r\u00fcli h\u0151m\u00e9rs\u00e9klet\u0171 lesz j\u00faliusban \u00e9s augusztusban.<\/p>\n<p>A lett t\u00e1rsadalom nagyra \u00e9rt\u00e9keli az udvariass\u00e1got. A k\u00f6ztereket szem\u00e9tmentesen tartj\u00e1k, \u00e9s az udvarias szok\u00e1sok \u2013 az ajt\u00f3k tart\u00e1sa, az \u00e1tj\u00e1r\u00e1s \u00e1tenged\u00e9se \u2013 a mindennapi \u00e9letben is jelen vannak. A politik\u00e1r\u00f3l vagy a szem\u00e9lyes p\u00e9nz\u00fcgyekr\u0151l sz\u00f3l\u00f3 besz\u00e9lget\u00e9seket a bizalmas kapcsolatoknak tartj\u00e1k fenn; a k\u00fclf\u00f6ldi l\u00e1togat\u00f3kat kim\u00e9rt k\u00f6zvetlens\u00e9ggel fogadj\u00e1k. A n\u00e9pi szimbolika a k\u00e9zm\u0171vess\u00e9gben \u00e9s a szertart\u00e1sokban is fennmarad: a horogkereszt, vagyis a p\u0113rkonkrust, a h\u00edmzett figur\u00e1k a t\u0171z \u00e9s az energia kereszt\u00e9nys\u00e9g el\u0151tti jelk\u00e9pei, amelyek teljesen f\u00fcggetlenek a k\u00e9s\u0151bbi eltulajdon\u00edt\u00e1sokt\u00f3l.<\/p>\n<p>Az Eur\u00f3pai Uni\u00f3hoz 2004-ben csatlakozott Lettorsz\u00e1g, \u00e9s 2014-ben bevezette az eur\u00f3t, ami\u00f3ta Lettorsz\u00e1g m\u00e9lyebb integr\u00e1ci\u00f3t val\u00f3s\u00edtott meg, mik\u00f6zben meg\u0151rizte nyelvi \u00e9s kultur\u00e1lis \u00f6r\u00f6ks\u00e9g\u00e9t. Az eur\u00f3 bevezet\u00e9se k\u00f6r\u00fcl v\u00e9gzett felm\u00e9r\u00e9sek sz\u0171k t\u00f6bbs\u00e9get mutattak az \u00faj valuta mellett, ami egy \u00f3vatos \u00e9s pragmatikus v\u00e1laszt\u00f3t t\u00fckr\u00f6z. A posztszovjet kiigaz\u00edt\u00e1s mag\u00e1ban foglalta az igazs\u00e1gszolg\u00e1ltat\u00e1s reformj\u00e1t, a korrupci\u00f3ellenes int\u00e9zked\u00e9seket \u00e9s az infrastruktur\u00e1lis beruh\u00e1z\u00e1sokat, mik\u00f6zben az orsz\u00e1g demogr\u00e1fiai cs\u00f6kken\u00e9ssel \u00e9s kiv\u00e1ndorl\u00e1ssal n\u00e9z szembe.<\/p>\n<p>Lettorsz\u00e1g ma a lelkip\u00e1sztori kiterjed\u00e9sek \u00e9s a nagyv\u00e1rosi amb\u00edci\u00f3k metsz\u00e9spontj\u00e1ban \u00e1ll. Kollekt\u00edv eml\u00e9kezete a k\u00f6z\u00e9pkori rendek, a cs\u00e1sz\u00e1ri c\u00e1rok \u00e9s a totalit\u00e1rius megsz\u00e1ll\u00e1sok lenyomat\u00e1t viseli mag\u00e1n. A k\u00f6zt\u00e1rsas\u00e1g kort\u00e1rs identit\u00e1sa azonban a helyre\u00e1ll\u00edtott n\u00e9pi \u00e9p\u00edt\u00e9szet, a vir\u00e1gz\u00f3 m\u0171v\u00e9szeti \u00e9let \u00e9s a rugalmas polg\u00e1ri int\u00e9zm\u00e9nyek r\u00e9v\u00e9n \u00e9rv\u00e9nyes\u00fcl. A l\u00e1togat\u00f3kat nemcsak a fotog\u00e9n homlokzatok \u00e9s a term\u00e9szeti panor\u00e1m\u00e1k megtekint\u00e9s\u00e9re h\u00edvj\u00e1k, hanem arra is, hogy kapcsolatba l\u00e9pjenek egy olyan t\u00e1rsadalommal, amely \u00e9rt\u00e9keli a visszafogotts\u00e1got, a kifejez\u00e9s tisztas\u00e1g\u00e1t \u00e9s a helyhez val\u00f3 m\u00e9ly k\u00f6t\u0151d\u00e9st.<\/p>\n<p>Ebben a balti birodalomban minden \u00e9vszak kim\u00e9rt ritmussal bontakozik ki. A tavasz smaragdz\u00f6ld r\u00fcgyeket hoz a part menti erd\u0151kben. A ny\u00e1r hossz\u00fa napjai csal\u00e1dokat cs\u00e1b\u00edtanak a kilom\u00e9tereken \u00e1t t\u00f6retlen\u00fcl h\u00faz\u00f3d\u00f3 homokd\u0171n\u00e9k strandjaira. Az \u0151sz v\u00f6r\u00f6s \u00e9s arany \u00e1rnyalataiba bor\u00edtja az erd\u0151ket, a t\u00e9l csendje pedig h\u00f3f\u00f6dte mez\u0151ket. E h\u00e1tt\u00e9r el\u0151tt Lettorsz\u00e1g \u00f6r\u00f6ks\u00e9ge tov\u00e1bb \u00e9l \u2013 t\u00f6rt\u00e9nete k\u0151v\u00e1rakban, k\u00fari\u00e1kban \u00e9s a term\u00e9szet ritmus\u00e1ban nyomon k\u00f6vethet\u0151 \u2013, \u00e9s v\u00e1rja azokat, akik ink\u00e1bb megfigyel\u00e9sre, mint fogyaszt\u00e1sra, ink\u00e1bb meg\u00e9rt\u00e9sre, mint puszt\u00e1n szemtan\u00fas\u00e1gt\u00e9telre t\u00f6rekszenek.<\/p>","protected":false},"excerpt":{"rendered":"<p>Lettorsz\u00e1g, amely \u00c9szak-Eur\u00f3pa balti t\u00e9rs\u00e9g\u00e9ben tal\u00e1lhat\u00f3, k\u00f6r\u00fclbel\u00fcl 1,9 milli\u00f3 egyedb\u0151l \u00e1ll. A Balti-tenger keleti partj\u00e1n fekv\u0151 Lettorsz\u00e1g kulcsfontoss\u00e1g\u00fa helyet foglal el \u00c9szak-Eur\u00f3p\u00e1ban, \u00e9s \u00f6sszek\u00f6t\u0151 szerepet t\u00f6lt be Kelet- \u00e9s Nyugat-Eur\u00f3pa k\u00f6z\u00f6tt. Ez a kicsi, m\u00e9gis dinamikus nemzet 64 589 n\u00e9gyzetkilom\u00e9tert (24 938 n\u00e9gyzetm\u00e9rf\u00f6ldet) \u00f6lel fel, ami kis m\u00e9rt\u00e9kben nagyobb, mint Nyugat-Virginia az Egyes\u00fclt \u00c1llamokban, vagy majdnem megegyezik \u00cdrorsz\u00e1g m\u00e9ret\u00e9vel.<\/p>","protected":false},"author":1,"featured_media":3257,"parent":24078,"menu_order":0,"comment_status":"closed","ping_status":"closed","template":"elementor_theme","meta":{"_eb_attr":"","footnotes":""},"class_list":["post-11584","page","type-page","status-publish","has-post-thumbnail"],"_links":{"self":[{"href":"https:\/\/travelshelper.com\/hu\/wp-json\/wp\/v2\/pages\/11584","targetHints":{"allow":["GET"]}}],"collection":[{"href":"https:\/\/travelshelper.com\/hu\/wp-json\/wp\/v2\/pages"}],"about":[{"href":"https:\/\/travelshelper.com\/hu\/wp-json\/wp\/v2\/types\/page"}],"author":[{"embeddable":true,"href":"https:\/\/travelshelper.com\/hu\/wp-json\/wp\/v2\/users\/1"}],"replies":[{"embeddable":true,"href":"https:\/\/travelshelper.com\/hu\/wp-json\/wp\/v2\/comments?post=11584"}],"version-history":[{"count":0,"href":"https:\/\/travelshelper.com\/hu\/wp-json\/wp\/v2\/pages\/11584\/revisions"}],"up":[{"embeddable":true,"href":"https:\/\/travelshelper.com\/hu\/wp-json\/wp\/v2\/pages\/24078"}],"wp:featuredmedia":[{"embeddable":true,"href":"https:\/\/travelshelper.com\/hu\/wp-json\/wp\/v2\/media\/3257"}],"wp:attachment":[{"href":"https:\/\/travelshelper.com\/hu\/wp-json\/wp\/v2\/media?parent=11584"}],"curies":[{"name":"wp","href":"https:\/\/api.w.org\/{rel}","templated":true}]}}