{"id":11569,"date":"2024-09-13T13:33:55","date_gmt":"2024-09-13T13:33:55","guid":{"rendered":"https:\/\/travelshelper.com\/staging\/?page_id=11569"},"modified":"2026-03-12T18:25:35","modified_gmt":"2026-03-12T18:25:35","slug":"palanga","status":"publish","type":"page","link":"https:\/\/travelshelper.com\/hu\/destinations\/europe\/lithuania\/palanga\/","title":{"rendered":"Palanga"},"content":{"rendered":"<p>Palanga, egy v\u00e1rosi k\u00f6zs\u00e9g Litv\u00e1nia nyugati partj\u00e1n, egy k\u00f6r\u00fclbel\u00fcl 24 kilom\u00e9ter hossz\u00fa balti-tengeri partszakaszt \u00e9s \u00f6t egykori hal\u00e1szfalut foglal mag\u00e1ban, eg\u00e9sz \u00e9vben 18 132 lakossal (2023). A \u0160ventoji \u00e9s a R\u0105\u017e\u0117 foly\u00f3k tal\u00e1lkoz\u00e1s\u00e1n\u00e1l fekv\u0151 \u00fcd\u00fcl\u0151k\u00f6zs\u00e9g k\u00f6zel 18 kilom\u00e9ter hossz\u00fa \u00e9s ak\u00e1r 300 m\u00e9ter sz\u00e9les homokos strandokat foglal mag\u00e1ban, amelyeket hull\u00e1mz\u00f3 d\u0171n\u00e9k \u00e9s tengerparti erd\u0151k szeg\u00e9lyeznek. Kaliforni\u00e1t\u00f3l mintegy 25 kilom\u00e9terre \u00e9szakra fekszik, \u00e9szakon a lett hat\u00e1rral hat\u00e1ros, \u00e9s k\u00f6zigazgat\u00e1silag a Palanga Nemzetk\u00f6zi Rep\u00fcl\u0151teret is integr\u00e1lja.<\/p>\n<p>A m\u00e1sodik \u00e9vezred legkor\u00e1bbi \u00e9vsz\u00e1zadaiban, j\u00f3val azel\u0151tt, hogy ny\u00e1ri mened\u00e9khelyk\u00e9nt ismertt\u00e9 v\u00e1lt volna, Palanga hely\u00e9t pog\u00e1ny ritu\u00e1l\u00e9k szentelt\u00e9k meg. A litv\u00e1n Bychowiec kr\u00f3nika szerint egy Birut\u0117 nev\u0171 papn\u0151 egy erd\u0151s d\u0171ne tetej\u00e9n \u00e1ll\u00f3 szent\u00e9lyben \u0151rizte az \u00f6r\u00f6k l\u00e1ngokat. Szigor\u00fa sz\u00fczess\u00e9gi fogadalma felkeltette K\u0119stutis nagyherceg figyelm\u00e9t, akit dinasztikus amb\u00edci\u00f3k \u00e9s a kr\u00f3nik\u00e1k dr\u00e1mai \u00e1br\u00e1zol\u00e1sa \u00f6szt\u00f6n\u00f6zve Trakaiba vitte h\u00e1zass\u00e1gra. A legenda szerint Birut\u0117, akit K\u0119stutis meggyilkol\u00e1sa \u00f6zvegy\u00edtett meg, visszat\u00e9rt a sz\u00e9lj\u00e1rta dombra \u2013 a mai Birut\u0117-hegyre \u2013, \u00e9s hal\u00e1l\u00e1ig folytatta liturgikus szolg\u00e1lat\u00e1t. Ezen a magaslaton val\u00f3 temet\u00e9se mind a helynevet, mind a mitikus visszhangot a v\u00e1rosra hagyta, amely a nev\u00e9t viselte.<\/p>\n<p>Az ezt k\u00f6vet\u0151 \u00e9vsz\u00e1zadokban Palanga egy kisebb falvakb\u00f3l \u2013 Nemirseta, Vanagup\u0117, Kunigi\u0161kiai, Manci\u0161kiai \u00e9s \u0160ventoji \u2013 \u00e1ll\u00f3 csoportb\u00f3l egys\u00e9ges k\u00f6zs\u00e9gg\u00e9 fejl\u0151d\u00f6tt, amelyet a modern korban hivatalosan is v\u00e1ross\u00e1 nyilv\u00e1n\u00edtottak. Parti homlokzat\u00e1t homokh\u00e1ts\u00e1gok hat\u00e1rozz\u00e1k meg, amelyeket \u00e9vezredek \u00f3ta form\u00e1lnak a balti szelek \u00e9s \u00e1ramlatok, valamint az 1882-ben a t\u00e9glakivitel megk\u00f6nny\u00edt\u00e9s\u00e9re emelt L alak\u00fa m\u00f3l\u00f3. B\u00e1r eredetileg kereskedelemre tervezt\u00e9k, a m\u00f3l\u00f3 gyorsan m\u00e1sodlagos funkci\u00f3t kapott, s\u00e9t\u00e1nyk\u00e9nt, karcs\u00fa fa pall\u00f3i a fagyoknak \u00e9s a viharoknak is engedtek, am\u00edg egy \u00e1tfog\u00f3 rekonstrukci\u00f3 sor\u00e1n 1998-ban 420 m\u00e9terre nem n\u00f6velt\u00e9k a hossz\u00e1t. A nyilv\u00e1noss\u00e1g sz\u00e1m\u00e1ra a nap b\u00e1rmely szak\u00e1ban ingyenesen l\u00e1togathat\u00f3 m\u00f3l\u00f3 ma is jelk\u00e9pk\u00e9nt \u00e9s helysz\u00ednk\u00e9nt szolg\u00e1l a tenger foszforeszk\u00e1l\u00f3 f\u00e9ny\u00e9ben \u00fasz\u00f3 est\u00e9ken.<\/p>\n<p>A k\u00e9t vil\u00e1gh\u00e1bor\u00fa k\u00f6z\u00f6tti id\u0151szakban Palanga beolvadt a Klaip\u0117da r\u00e9gi\u00f3ba, amelyet Litv\u00e1nia az els\u0151 vil\u00e1gh\u00e1bor\u00fa ut\u00e1n annekt\u00e1lt. Term\u00e9szetes kik\u00f6t\u0151 hi\u00e1ny\u00e1ban a v\u00e1ros alkalmatlannak bizonyult a tengeri kereskedelemre; sek\u00e9ly v\u00edz\u0171 bek\u00f6t\u0151\u00fatjai kev\u00e9ss\u00e9 ny\u00fajtottak mened\u00e9ket a Balti-tenger szesz\u00e9lyes szelei \u00e9s j\u00e9gtakar\u00f3ja el\u0151l. Ehelyett a sorsa a kikapcsol\u00f3d\u00e1s fel\u00e9 fordult. A s\u00e1padt homokos partszakasz \u00e9s a tengeri f\u00fcrd\u0151z\u00e9s friss\u00edt\u0151 h\u0171v\u00f6se \u00e1ltal vonzott belf\u00f6ldi l\u00e1togat\u00f3k kezdt\u00e9k kiszor\u00edtani a keresked\u0151ket. A nemirsetai n\u00e9met hat\u00e1r\u00e1tkel\u0151hely st\u00e1tusz\u00e1nak nyomai elt\u0171ntek a huszadik sz\u00e1zad z\u0171rzavar\u00e1ban, \u00e9s Palanga, amelyet a Klaiv\u00e1val \u00e9s \u0160iauliaival \u00f6sszek\u00f6t\u0151 k\u00f6z\u00fati kapcsolatok enyh\u00edtettek, az orsz\u00e1g legfontosabb ny\u00e1ri \u00fcd\u00fcl\u0151hely\u00e9v\u00e9 v\u00e1lt.<\/p>\n<p>K\u00f6zigazgat\u00e1silag a telep\u00fcl\u00e9s mag\u00e1ban foglalja a rep\u00fcl\u0151teret \u2013 amely \u00f6sszek\u00f6ttet\u00e9sben \u00e1ll Skandin\u00e1vi\u00e1val, a Brit-szigetekkel, N\u00e9metorsz\u00e1ggal, Lengyelorsz\u00e1ggal \u00e9s Rig\u00e1val \u2013, m\u00e9gis az \u00e9rkez\u0151k t\u00f6bbs\u00e9ge aut\u00f3val vagy busszal sz\u00e1ll le, hogy szezon\u00e1lis tart\u00f3zkod\u00e1st t\u00f6lts\u00f6n csal\u00e1di panzi\u00f3kban, vend\u00e9gh\u00e1zakban vagy modern wellnessk\u00f6zpontokban. Ez ut\u00f3bbiak bizony\u00edtj\u00e1k Palanga \u201ek\u00f6zt\u00e1rsas\u00e1gi jelent\u0151s\u00e9g\u0171\u201d balneol\u00f3giai \u00fcd\u00fcl\u0151helyk\u00e9nt val\u00f3 besorol\u00e1s\u00e1t, amely sz\u00edv- \u00e9s \u00e9rrendszeri, idegrendszeri, mozg\u00e1sszervi \u00e9s l\u00e9gz\u0151szervi megbeteged\u00e9sekre k\u00edn\u00e1l programokat, amelyeket alacsony \u00e9s magas \u00e1sv\u00e1nyianyag-tartalm\u00fa vizekben \u00e9s helyi t\u0151zeges iszapban v\u00e9gzett ter\u00e1pi\u00e1k t\u00e1mogatnak. A s\u00e1rgafeny\u0151kkel szeg\u00e9lyezett s\u00e9t\u00e1nyok b\u0151s\u00e9ges napsug\u00e1rz\u00e1st \u00e1ramlanak be, amely statisztikailag meghaladja b\u00e1rmely m\u00e1s litv\u00e1n \u00fcd\u00fcl\u0151hely\u00e9t.<\/p>\n<p>Nappal a partvonalat nyug\u00e1gyak \u00e9s \u00e9l\u00e9nk cs\u00edkos kaban\u00e1k tark\u00edtj\u00e1k; \u00e9szakabbra, \u0160ventoji k\u00f6zel\u00e9ben a t\u00f6meg a mag\u00e1nyba v\u00e9sz. A d\u0171n\u00e9kkel szeg\u00e9lyezett Botanikus Park k\u00f6r\u00fcl\u00f6leli Ti\u0161kevi\u010diai palot\u00e1j\u00e1t (ma a Borosty\u00e1nk\u0151m\u00fazeum), neoklasszicista homlokzata rododendronok \u00e9s t\u00f6lgyesek k\u00f6z\u00f6tt magasodik. Bel\u00fcl tizen\u00f6t gal\u00e9ria k\u00f6veti nyomon a borosty\u00e1n keletkez\u00e9s\u00e9t, amelynek cs\u00facspontja a 3,5 kilogrammos \u201eNapk\u0151\u201d. A l\u00e1togat\u00f3k a boltozatos mennyezetek alatt barangolnak, meg\u00e1llva a borosty\u00e1ncsapd\u00e1ba esett p\u00e9ld\u00e1nyok el\u0151tt \u2013 l\u00e9gy, sz\u00fanyog vagy apr\u00f3 bog\u00e1r, amely t\u00edzmilli\u00f3 \u00e9ve fossziliz\u00e1l\u00f3dott gyant\u00e1ban.<\/p>\n<p>A Birut\u0117-hegyhez kapcsol\u00f3d\u00f3 Szoborparkban huszonnyolc alkot\u00e1s tal\u00e1lhat\u00f3 a r\u00e9gi\u00f3 \u2013 \u00d6rm\u00e9nyorsz\u00e1g, \u00c9sztorsz\u00e1g, Lettorsz\u00e1g, Litv\u00e1nia \u00e9s Ukrajna \u2013 m\u0171v\u00e9szeinek toll\u00e1b\u00f3l, melyek a figurat\u00edvt\u00f3l az absztraktig terjed\u0151 form\u00e1kkal szembes\u00edtik a l\u00e1togat\u00f3t. A k\u0151, a bronz \u00e9s az ac\u00e9l a text\u00fara \u00e9s a t\u00e9rfogat p\u00e1rbesz\u00e9d\u00e9ben tal\u00e1lkozik a homokos domborzattal. Maga a terep id\u0151nk\u00e9nt \u0151skori telep\u00fcl\u00e9sekre utal\u00f3 r\u00e9g\u00e9szeti leleteket is felt\u00e1r; az \u00e9rtelmez\u0151 t\u00e1bl\u00e1k pedig az emberi kapcsolat folytonoss\u00e1g\u00e1t vil\u00e1g\u00edtj\u00e1k meg ezzel a keskeny tengerparti s\u00e1vval.<\/p>\n<p>A f\u0151szezonban n\u00e9vleg gyalogos bev\u00e1s\u00e1rl\u00f3utcak\u00e9nt funkcion\u00e1l\u00f3 Jonas Basanavi\u010dius utca Palanga t\u00e1rsas\u00e1gi art\u00e9ri\u00e1jak\u00e9nt szolg\u00e1l. A sz\u00e1razf\u00f6ld belsej\u00e9ben l\u00e9v\u0151 m\u00f3l\u00f3t\u00f3l a Vytauto utc\u00e1ig k\u00f6zel egy kilom\u00e9teren \u00e1t h\u00faz\u00f3d\u00f3 utca k\u00e1v\u00e9z\u00f3kban, cukr\u00e1szd\u00e1kban, k\u00e9zm\u0171ves boltokban \u00e9s m\u00fal\u00e9kony sz\u00f3rakoz\u00e1si lehet\u0151s\u00e9gekben gazdag, amelyek a k\u0151burkolat ment\u00e9n sorakoznak. \u00c9jszaka girlandf\u00e9nyek alatt vil\u00e1g\u00edt, \u00e9s \u00e9l\u0151zene l\u00e1rm\u00e1ja sz\u0171r\u0151dik be olyan helysz\u00ednekr\u0151l, mint az \u201eI Love Palanga\u201d, ahol helyi zenekarok jazzt, folk ihlet\u00e9s\u0171 rockot vagy elektronikus ritmusokat j\u00e1tszanak a j\u00e1rdasz\u00e9li asztalokn\u00e1l id\u0151z\u0151 k\u00f6z\u00f6ns\u00e9gnek.<\/p>\n<p>A gondozott f\u0151\u00fat t\u00faloldal\u00e1n \u00e1ll a Sz\u0171z M\u00e1ria Mennybemenetele temploma, egy massz\u00edv, v\u00f6r\u00f6s t\u00e9gl\u00e1s \u00e9p\u00fclet, amelyet a huszadik sz\u00e1zad elej\u00e9n emeltek. Ikertornyai kett\u00e9szelik a v\u00e1rosk\u00e9pet, vil\u00e1gos vakolattal \u00e9s csiszolt t\u00f6lgyf\u00e1val bor\u00edtott bels\u0151 tere pedig egy szer\u00e9ny egyh\u00e1zk\u00f6zs\u00e9g liturgikus istentiszteleteit tartja. A k\u00f6zelben tal\u00e1lhat\u00f3 az 1898-ban \u00e9p\u00fclt \u00e9s a k\u00e9t vil\u00e1gh\u00e1bor\u00fa k\u00f6z\u00f6tti \u00e1llapot\u00e1ra gondosan restaur\u00e1lt Villa Anapilis, amely a litv\u00e1n mitol\u00f3gia legend\u00e1s Anapilis-hegy\u00e9t id\u00e9zi, a t\u00falvil\u00e1g \u00e9s az \u0151si tisztelet helysz\u00edn\u00e9t.<\/p>\n<p>A kultur\u00e1lis int\u00e9zm\u00e9nyek kieg\u00e9sz\u00edtik a tengerparti kikapcsol\u00f3d\u00e1st. A 19. sz\u00e1zad v\u00e9gi vill\u00e1ban tal\u00e1lhat\u00f3 \u00dcd\u00fcl\u0151m\u00fazeum a helyi t\u00f6rt\u00e9nelmet mutatja be, a hal\u00e1szok szersz\u00e1mait\u00f3l a szovjet korszak jetskijeiig terjed\u0151 t\u00e1rgyakkal. Az A. Mon\u010dys H\u00e1zm\u00fazeum Antanas Mon\u010dys (1921\u20131993), a modernista forma \u00fatt\u00f6r\u0151j\u00e9nek monolitikus szobrait mutatja be Litv\u00e1ni\u00e1ban. A szomsz\u00e9dos gal\u00e9ri\u00e1kban r\u00f6vid ki\u00e1ll\u00edt\u00e1sok v\u00e1ltj\u00e1k egym\u00e1st, el\u0151seg\u00edtve a p\u00e1rbesz\u00e9det a neves mesterek \u00e9s a felt\u00f6rekv\u0151 hangok k\u00f6z\u00f6tt.<\/p>\n<p>A m\u00f3l\u00f3 \u00e9s a Botanikus Park k\u00f6z\u00f6tti nyilv\u00e1nos z\u00f6ldter\u00fcleten egy 2021-ben fel\u00e1ll\u00edtott kil\u00e1t\u00f3ker\u00e9k emelkedik negyven m\u00e9ter magasra, feh\u00e9r gondol\u00e1ir\u00f3l panor\u00e1m\u00e1s kil\u00e1t\u00e1s ny\u00edlik a tengerpartra, a v\u00e1rosra \u00e9s a fenyvesekkel szeg\u00e9lyezett vid\u00e9kre. A balti \u00e1llamok legmagasabb ilyen jelleg\u0171 l\u00e9tes\u00edtm\u00e9nyek\u00e9nt hirdetik, de nem annyira az izgalom, mint ink\u00e1bb Palanga f\u00f6ldrajzi t\u00e1jainak \u2013 a foly\u00f3torkolatnak, a d\u0171negerincnek, a telep\u00fcl\u00e9snek \u00e9s a tengernek \u2013 vizualiz\u00e1l\u00e1s\u00e1ra szolg\u00e1l.<\/p>\n<p>Az \u00e9vszakhoz k\u00f6t\u0151d\u0151 ritu\u00e1l\u00e9k meger\u0151s\u00edtik a k\u00f6z\u00f6ss\u00e9gi k\u00f6tel\u00e9keket. Minden febru\u00e1rban a \u201ePalanga F\u00f3k\u00e1k\u201d sz\u00edv\u00f3s r\u00e9sztvev\u0151i jeges v\u00edzbe mer\u00fclnek, dacolva a t\u00e9li letargi\u00e1val, mik\u00f6zben a n\u00e9z\u0151k f\u0171szeres halat \u00e9s forr\u00f3 italokat fogyasztanak. J\u00faliusban a motorsport rajong\u00f3i \u00f6sszegy\u0171lnek az Aurum 1006 km-es k\u00f6z\u00fati versenyen, amely egy t\u00f6bb kateg\u00f3ri\u00e1s \u00e1ll\u00f3k\u00e9pess\u00e9gi esem\u00e9ny, \u00e9s Palang\u00e1t k\u00f6ti \u00f6ssze a region\u00e1lis v\u00e1rosokkal. Ezek az \u00f6sszej\u00f6vetelek, b\u00e1r nem szer\u00e9nyek, t\u00fckr\u00f6zik a helyiek term\u00e9szeti viszontags\u00e1gok \u00e9s mechanikai k\u00e9pess\u00e9gek ir\u00e1nti vonzalm\u00e1t.<\/p>\n<p>Palanga tart\u00f3s identit\u00e1sa a m\u00falt \u00e9s a jelen k\u00f6lcs\u00f6nhat\u00e1s\u00e1n m\u00falik. A homokd\u0171n\u00e9k \u0151skori maradv\u00e1nyokat \u00e9s pog\u00e1ny szent\u00e9lyeket rejtenek; a szovjet korabeli szanat\u00f3riumok a luxus wellness-k\u00f6zpontok mellett \u00e1llnak. A borosty\u00e1n, amellyel egykor a hanza-keresked\u0151k kereskedtek, ma m\u00fazeum\u00e1ba vonzza a turist\u00e1kat; a t\u00e9gl\u00e1kat sz\u00e1ll\u00edt\u00f3 m\u00f3l\u00f3 a nyugalom helysz\u00edn\u00e9v\u00e9 v\u00e1lt. A telep\u00fcl\u00e9s lakoss\u00e1ga minden ny\u00e1ron megn\u0151 a belf\u00f6ldi l\u00e1togat\u00f3kkal \u2013 gyerekek homokv\u00e1rakat \u00e9p\u00edtenek, nyugd\u00edjasok a m\u00f3l\u00f3n s\u00e9t\u00e1lnak, csal\u00e1dok borosty\u00e1nnal kirakott \u00e9kszereket k\u00f3stolnak \u2013, m\u00e9gis a v\u00e1ros ellen\u00e1ll a t\u00falzott fejleszt\u00e9snek. Az \u00e9p\u00fcletek magass\u00e1ga szer\u00e9ny marad; a feny\u0151fa folyos\u00f3k megmaradtak a k\u00e1v\u00e9z\u00f3k \u00e9s sz\u00e1llod\u00e1k csoportjai k\u00f6z\u00f6tt; a kultur\u00e1lis helysz\u00ednek ink\u00e1bb bens\u0151s\u00e9gesek, mint monument\u00e1lisak.<\/p>\n<p>A csendesebb h\u00f3napokban Palanga m\u00e1s arculatot \u00f6lt. A strand sz\u00fcrke \u00e9g \u00e9s ez\u00fcst\u00f6s tenger monokr\u00f3m palett\u00e1j\u00e1ba vonul vissza; a gy\u00f3gyf\u00fcrd\u0151z\u0151k el\u0151\u00edrt kezel\u00e9si rendet k\u00f6vetnek a szinte \u00fcres szanat\u00f3riumokban; a hal\u00e1szok h\u00e1l\u00f3kat jav\u00edtanak a nyugodt, elhagyatott rakpartokon. Mad\u00e1rmegfigyel\u0151k v\u00e1ndorolnak a d\u0171n\u00e9k \u00f6sv\u00e9nyein, \u00e9szrev\u00e9ve a partokon lesz\u00e1ll\u00f3 v\u00e1ndormad\u00e1rcsapatokat. Az \u00f6nkorm\u00e1nyzat r\u00e1di\u00f3\u00e1llom\u00e1sa, az FM Palanga folytatja helyi ad\u00e1sait, a sarkvid\u00e9ki csendbe f\u0171zve a v\u00e1rosi tan\u00e1cs \u00fcl\u00e9seinek h\u00edreit, az id\u0151j\u00e1r\u00e1s-jelent\u00e9seket \u00e9s a kultur\u00e1lis programokat.<\/p>\n<p>Palanga fejl\u0151d\u00e9se sor\u00e1n kiegyens\u00falyozott ter\u00e1pi\u00e1s c\u00e9lokat \u00e9s szabadid\u0151s tev\u00e9kenys\u00e9geket, term\u00e9szetes domborzatot \u00e9s kultur\u00e1lis fejl\u0151d\u00e9st mutatott. A pog\u00e1ny istentisztelet szigor\u00fa maradv\u00e1nyait a Birut\u0117-hegyen tal\u00e1lhat\u00f3 k\u00e1polna \u00f6r\u00f6k\u00edti meg; a boszniai eml\u00e9km\u0171veken \u00e1ll\u00f3 ikerliliomok a d\u0171neerd\u0151 kecses \u00edveiben visszhangoznak. A legend\u00e1k a helyneveket is al\u00e1t\u00e1masztj\u00e1k: R\u0105\u017e\u0117, kor\u00e1bban Alanga, etimol\u00f3giai gy\u00f6keret k\u00f6lcs\u00f6n\u00f6z mag\u00e1nak Palang\u00e1nak. Foly\u00f3k \u00e9s tenger, sz\u00e9l \u00e9s erd\u0151, m\u00edtosz \u00e9s t\u00f6rt\u00e9nelem \u2013 ezek az elemek olyan \u00e9lm\u00e9nny\u00e9 olvadnak \u00f6ssze, amely dacol a puszta naps\u00fct\u00e9sre \u00e9s homokra val\u00f3 k\u00f6nny\u0171 reduk\u00e1l\u00e1ssal.<\/p>\n<p>Az \u00f6nkorm\u00e1nyzat j\u00f6v\u0151je a gondnoks\u00e1gon m\u00falik. A kl\u00edmav\u00e1ltoz\u00e1s \u00e1ltal feler\u0151s\u00f6d\u00f6tt part menti er\u00f3zi\u00f3 vesz\u00e9lyezteti a d\u0171n\u00e9ket \u00e9s rejtett eml\u00e9keiket. A turist\u00e1k sz\u00e1ma, b\u00e1r els\u0151sorban belf\u00f6ldiek, j\u00faliusban \u00e9s augusztusban nyom\u00e1st gyakorol a helyi infrastrukt\u00far\u00e1ra. Az \u00f6nkorm\u00e1nyzati tervez\u0151k m\u00e9gis szigor\u00fa \u00f6vezeti korl\u00e1toz\u00e1sokat \u00e9s d\u0171nev\u00e9delmi programokat vezettek be, \u00f6nk\u00e9nteseket vonva be a homokker\u00edt\u00e9sek telep\u00edt\u00e9s\u00e9be \u00e9s a partszakaszok \u00fajratelep\u00edt\u00e9s\u00e9be. A botanikus kert munkat\u00e1rsai figyelemmel k\u00eds\u00e9rik az \u00f6kosziszt\u00e9ma eg\u00e9szs\u00e9g\u00e9t; a helyi s\u00f3l\u00e9b\u0151l sz\u00e1rmaz\u00f3 f\u00fcrd\u0151s\u00f3 el\u0151\u00e1ll\u00edt\u00e1sa tov\u00e1bbra is k\u00e9zm\u0171ves, nem pedig ipari jelleg\u0171.<\/p>","protected":false},"excerpt":{"rendered":"<p>Palanga, Litv\u00e1nia nyugati partj\u00e1n fekv\u0151 \u00fcd\u00fcl\u0151v\u00e1ros az orsz\u00e1g term\u00e9szeti sz\u00e9ps\u00e9g\u00e9t \u00e9s kultur\u00e1lis \u00f6r\u00f6ks\u00e9g\u00e9t p\u00e9ld\u00e1zza. A ny\u00e1ri vak\u00e1ci\u00f3t \u00e9s a tengerparti vonzer\u0151t ehhez az elvar\u00e1zsolt helysz\u00ednhez k\u00f6tik, ahol a Balti-tenger tal\u00e1lkozik a litv\u00e1n partokkal. Az \u201eAlanga foly\u00f3n\u201d (ma R\u0105\u017e\u0117) kifejez\u00e9sb\u0151l ered\u0151en a v\u00e1ros neve azt sugallja, hogy er\u0151s kapcsolata van a foly\u00f3kkal, amelyek form\u00e1lt\u00e1k a terep\u00e9t \u00e9s m\u00faltj\u00e1t.<\/p>","protected":false},"author":1,"featured_media":4872,"parent":11553,"menu_order":0,"comment_status":"closed","ping_status":"closed","template":"elementor_theme","meta":{"_eb_attr":"","footnotes":""},"class_list":["post-11569","page","type-page","status-publish","has-post-thumbnail"],"_links":{"self":[{"href":"https:\/\/travelshelper.com\/hu\/wp-json\/wp\/v2\/pages\/11569","targetHints":{"allow":["GET"]}}],"collection":[{"href":"https:\/\/travelshelper.com\/hu\/wp-json\/wp\/v2\/pages"}],"about":[{"href":"https:\/\/travelshelper.com\/hu\/wp-json\/wp\/v2\/types\/page"}],"author":[{"embeddable":true,"href":"https:\/\/travelshelper.com\/hu\/wp-json\/wp\/v2\/users\/1"}],"replies":[{"embeddable":true,"href":"https:\/\/travelshelper.com\/hu\/wp-json\/wp\/v2\/comments?post=11569"}],"version-history":[{"count":0,"href":"https:\/\/travelshelper.com\/hu\/wp-json\/wp\/v2\/pages\/11569\/revisions"}],"up":[{"embeddable":true,"href":"https:\/\/travelshelper.com\/hu\/wp-json\/wp\/v2\/pages\/11553"}],"wp:featuredmedia":[{"embeddable":true,"href":"https:\/\/travelshelper.com\/hu\/wp-json\/wp\/v2\/media\/4872"}],"wp:attachment":[{"href":"https:\/\/travelshelper.com\/hu\/wp-json\/wp\/v2\/media?parent=11569"}],"curies":[{"name":"wp","href":"https:\/\/api.w.org\/{rel}","templated":true}]}}