{"id":11553,"date":"2024-09-13T12:45:10","date_gmt":"2024-09-13T12:45:10","guid":{"rendered":"https:\/\/travelshelper.com\/staging\/?page_id=11553"},"modified":"2026-03-12T17:15:33","modified_gmt":"2026-03-12T17:15:33","slug":"litvania","status":"publish","type":"page","link":"https:\/\/travelshelper.com\/hu\/destinations\/europe\/lithuania\/","title":{"rendered":"Litv\u00e1nia"},"content":{"rendered":"<p>Litv\u00e1nia, egy 2,89 milli\u00f3 lakos\u00fa balti orsz\u00e1g, amely 65 300 km\u00b2-en ter\u00fcl el Eur\u00f3pa keleti balti partvid\u00e9k\u00e9n. Lettorsz\u00e1ggal, Feh\u00e9roroszorsz\u00e1ggal, Lengyelorsz\u00e1ggal \u00e9s a Kalinyingr\u00e1di ter\u00fclettel hat\u00e1ros, Sv\u00e9dorsz\u00e1ggal szemben pedig tengeri hat\u00e1rral rendelkezik. F\u0151v\u00e1rosa, Vilnius, egy gleccser \u00e1ltal bor\u00edtott s\u00edks\u00e1gok, s\u0171r\u0171 erd\u0151k \u00e9s a Kur-f\u00f6ldnyelv \u00e1ltal tark\u00edtott, tagolt partvonal \u00e1ltal form\u00e1lt vid\u00e9ket foglal mag\u00e1ban.<\/p>\n<p>\u00c9vezredek \u00f3ta a ma Litv\u00e1nia n\u00e9ven ismert r\u00e9gi\u00f3 balti nyelveket besz\u00e9l\u0151 t\u00f6rzsek birtoka volt, akiknek \u00f6sszefon\u00f3d\u00f3 foly\u00f3v\u00f6lgyei \u00e9s tavai el\u0151seg\u00edtett\u00e9k a korai leteleped\u00e9st. Az 1230-as \u00e9vekre Mindaugas egyes\u00edtette ezeket a sz\u00e9tsz\u00f3rt k\u00f6z\u00f6ss\u00e9geket, aminek cs\u00facspontja 1253. j\u00falius 6-\u00e1n t\u00f6rt\u00e9nt kir\u00e1lly\u00e1 koron\u00e1z\u00e1sa volt. Az egym\u00e1st k\u00f6vet\u0151 gener\u00e1ci\u00f3kon kereszt\u00fcl a litv\u00e1n uralkod\u00f3k kiterjesztett\u00e9k hatalmukat Kelet-Eur\u00f3pa s\u00edks\u00e1gaira \u00e9s erd\u0151ire. A tizennegyedik sz\u00e1zad k\u00f6zep\u00e9re a Litv\u00e1n Nagyhercegs\u00e9g a kontinens legnagyobb politikai egys\u00e9gei k\u00f6z\u00e9 tartozott, tan\u00e1csai \u00e9s seregei a Balti-tenger partvid\u00e9k\u00e9t\u0151l a Fekete-tenger perem\u00e9ig versengtek a befoly\u00e1s\u00e9rt.<\/p>\n<p>Az 1386-os uni\u00f3 a Lengyel Kir\u00e1lys\u00e1ggal d\u00f6nt\u0151 fontoss\u00e1g\u00fa ir\u00e1nyv\u00e1lt\u00e1st jelentett. A dinasztikus h\u00e1zass\u00e1g Jogaila nagyhercegnek adom\u00e1nyozta a lengyel koron\u00e1t, ezzel de facto perszon\u00e1luni\u00f3t teremtve. Az 1569-ben Lengyel\u2013Litv\u00e1n Nemzetk\u00f6z\u00f6ss\u00e9gk\u00e9nt formaliz\u00e1lt kett\u0151s \u00e1llam Eur\u00f3pa egyik legn\u00e9pesebb \u00e9s legvir\u00e1gz\u00f3bb birodalm\u00e1nak sz\u00e1m\u00edtott. V\u00e1laszthat\u00f3 monarchi\u00e1ja \u00e9s t\u00f6rv\u00e9nyes nemess\u00e9ge el\u0151seg\u00edtette a jogi innov\u00e1ci\u00f3t, \u00e9s fenntartotta a barokk m\u0171v\u00e9szet \u00e9s \u00e9p\u00edt\u00e9szet vir\u00e1gz\u00e1s\u00e1t olyan v\u00e1rosokban, mint Vilnius \u00e9s Kaunas. A Nemzetk\u00f6z\u00f6ss\u00e9g bels\u0151 megosztotts\u00e1ga \u00e9s k\u00fcls\u0151 nyom\u00e1sa azonban 1772 \u00e9s 1795 k\u00f6z\u00f6tt Oroszorsz\u00e1g, Poroszorsz\u00e1g \u00e9s Ausztria \u00e1ltali feldarabol\u00e1s\u00e1hoz vezetett. Litv\u00e1nia ter\u00fcletei nagyr\u00e9szt orosz uralom al\u00e1 ker\u00fcltek, \u00e9vsz\u00e1zados \u00f6nuralomra t\u00f6r\u0151dve.<\/p>\n<p>1918-ban, az els\u0151 vil\u00e1gh\u00e1bor\u00fa ut\u00e1n, a litv\u00e1nok kiki\u00e1ltott\u00e1k a meg\u00fajult k\u00f6zt\u00e1rsas\u00e1got, miniszt\u00e9riumokat, t\u00f6rv\u00e9nyhoz\u00e1sokat \u00e9s vasutakat hozva l\u00e9tre a nemzeti \u00fajj\u00e1sz\u00fclet\u00e9s alapjaira \u00e9p\u00edtve. A k\u00e9t vil\u00e1gh\u00e1bor\u00fa k\u00f6z\u00f6tti id\u0151szakban Vilnius kultur\u00e1lis k\u00f6zpontt\u00e1, Kaunas pedig ideiglenes korm\u00e1nyzati sz\u00e9khelly\u00e9 v\u00e1lt. Mindazon\u00e1ltal a viharos huszadik sz\u00e1zad 1940-ben a Szovjetuni\u00f3 megsz\u00e1ll\u00e1s\u00e1t, a n\u00e1ci ellen\u0151rz\u00e9s r\u00f6vid id\u0151szak\u00e1t, majd 1944-ben a szovjet hatalom \u00fajb\u00f3li bevezet\u00e9s\u00e9t hozta mag\u00e1val. A fegyveres ellen\u00e1ll\u00e1s az erd\u0151kben az 1950-es \u00e9vek elej\u00e9ig is folytat\u00f3dott, ami a nemzeti szabads\u00e1g \u0151rz\u00e9s\u00e9nek elsz\u00e1nts\u00e1g\u00e1nak bizony\u00edt\u00e9ka.<\/p>\n<p>1990. m\u00e1rcius 11-\u00e9n Litv\u00e1nia rendk\u00edv\u00fcli l\u00e9p\u00e9st tett a f\u00fcggetlens\u00e9g vissza\u00e1ll\u00edt\u00e1s\u00e1val, els\u0151 szovjet k\u00f6zt\u00e1rsas\u00e1gk\u00e9nt. Ez a mer\u00e9sz kijelent\u00e9s megel\u0151zte a Szovjetuni\u00f3 hivatalos felboml\u00e1s\u00e1t, \u00e9s a gyors int\u00e9zm\u00e9nyi reformok korszak\u00e1t nyitotta meg. A valutareform, a nyugati norm\u00e1kkal val\u00f3 jogi harmoniz\u00e1ci\u00f3 \u00e9s a csatlakoz\u00e1si t\u00e1rgyal\u00e1sok 2004-ben a NATO-hoz \u00e9s az Eur\u00f3pai Uni\u00f3hoz, 2007-ben a schengeni \u00f6vezethez, 2018-ban pedig az OECD-hez val\u00f3 csatlakoz\u00e1shoz vezettek. Az eur\u00f3 2015. janu\u00e1r 1-jei bevezet\u00e9se befejezte az eur\u00f3\u00f6vezettel val\u00f3 integr\u00e1ci\u00f3t, m\u00edg az \u00c9szaki Beruh\u00e1z\u00e1si Bank \u00e9s a Kereskedelmi Vil\u00e1gszervezet tags\u00e1ga kiemelte Litv\u00e1nia glob\u00e1lis gazdas\u00e1gi szerepv\u00e1llal\u00e1s\u00e1t.<\/p>\n<p>Litv\u00e1nia gleccserek visszah\u00faz\u00f3d\u00e1sa \u00e1ltal form\u00e1lt terepe enyh\u00e9n hull\u00e1mz\u00f3 hegyvid\u00e9kek \u00e9s s\u00edkvid\u00e9kek tal\u00e1lkoz\u00e1s\u00e1t mutatja. A 294 m\u00e9ter magas Auk\u0161tojas-hegy az orsz\u00e1g cs\u00facsa, m\u00edg a f\u0151 \u00fatvonala, a Nemunas foly\u00f3 d\u00e9lnyugat fel\u00e9 kanyarog a Kur-\u00f6b\u00f6lig, miel\u0151tt Klaip\u0117d\u00e1n\u00e1l a Balti-tengerbe \u00f6mlik. A Kur-f\u00f6ldnyelv v\u00e9di a tengerpartot, cs\u00f6kkentve a viharhull\u00e1moknak val\u00f3 kitetts\u00e9get, \u00e9s egyed\u00fcl\u00e1ll\u00f3 d\u0171n\u00e9kb\u0151l \u00e9s fenyvesekkel bor\u00edtott gerincekb\u0151l \u00e1ll\u00f3 \u00f6kosziszt\u00e9m\u00e1kat alak\u00edtva ki. A ter\u00fclet t\u00f6bb mint egyharmad\u00e1t vegyes erd\u0151 bor\u00edtja, amelyet olyan tavak tark\u00edtanak, mint Litv\u00e1nia legnagyobb tava, a Dr\u016bk\u0161iai, \u00e9s a legm\u00e9lyebb tava, a Tauragnas.<\/p>\n<p>Az \u00e9szaki sz\u00e9less\u00e9g 53\u00b0 \u00e9s 57\u00b0 k\u00f6z\u00f6tt fekv\u0151 Litv\u00e1nia m\u00e9rs\u00e9kelt \u00e9ghajlattal rendelkezik, kontinent\u00e1lis sz\u00e9lekkel a sz\u00e1razf\u00f6ld\u00f6n \u00e9s tengeri m\u00e9rs\u00e9kelt \u00f6vvel a part ment\u00e9n. Vilniusban a janu\u00e1ri minimumh\u0151m\u00e9rs\u00e9klet \u00e1tlagosan -6 \u00b0C, j\u00faliusban pedig 17 \u00b0C-ra emelkedik, m\u00edg a part menti \u00f6vezetekben a janu\u00e1ri h\u0151m\u00e9rs\u00e9klet -2,5 \u00b0C k\u00f6zel\u00e9ben, j\u00faliusban pedig 16 \u00b0C-ot m\u00e9rnek. A keleti v\u00f6lgyekben a telek id\u0151nk\u00e9nt -40 \u00b0C al\u00e1 s\u00fcllyednek, ny\u00e1ron pedig 35 \u00b0C fel\u00e9 emelkedhetnek. Az \u00e9ves csapad\u00e9kmennyis\u00e9g keleten 600 mm-t\u0151l Szamogitia hegyvid\u00e9k\u00e9n 900 mm-ig v\u00e1ltozik, okt\u00f3bert\u0151l \u00e1prilisig gyakori a havaz\u00e1s, a v\u00e1llf\u00e1kban pedig sz\u00f3rv\u00e1nyosan el\u0151fordulhat \u00f3nos es\u0151.<\/p>\n<p>Az orsz\u00e1g gazdas\u00e1gi mozaikja az agr\u00e1rium dominanci\u00e1j\u00e1b\u00f3l egy diverzifik\u00e1lt, magas j\u00f6vedelm\u0171 strukt\u00far\u00e1v\u00e1 alakult \u00e1t. A szolg\u00e1ltat\u00e1sok a GDP t\u00f6bb mint 60 sz\u00e1zal\u00e9k\u00e1t, az ipar nagyj\u00e1b\u00f3l egynegyed\u00e9t, a mez\u0151gazdas\u00e1g pedig szer\u00e9ny fennmarad\u00f3 r\u00e9szt teszi ki. Litv\u00e1nia Eur\u00f3pa digit\u00e1lisan legink\u00e1bb \u00f6sszekapcsolt t\u00e1rsadalmai k\u00f6z\u00e9 tartozik, er\u0151s sz\u00e9less\u00e1v\u00fa internet-penetr\u00e1ci\u00f3val \u00e9s e-korm\u00e1nyz\u00e1si rendszerekkel. Kik\u00f6t\u0151i, nevezetesen Klaip\u0117da m\u00e9lytengeri termin\u00e1lja, t\u00e1mogatj\u00e1k a gabona, az olajterm\u00e9kek \u00e9s a faanyag kereskedelm\u00e9t. A Nemunas-alap\u00fa tehersz\u00e1ll\u00edt\u00e1s elektromos haj\u00f3kkal t\u00f6rt\u00e9n\u0151 \u00fajj\u00e1\u00e9leszt\u00e9s\u00e9re vonatkoz\u00f3 ambici\u00f3zus tervek k\u00f6rnyezeti el\u0151ny\u00f6kkel \u00e9s a k\u00f6z\u00fati \u00e1rusz\u00e1ll\u00edt\u00e1s cs\u00f6kken\u00e9s\u00e9vel kecsegtetnek.<\/p>\n<p>A k\u00f6zleked\u00e9si f\u0151utak k\u00f6z\u00e9 tartozik az 1762 km sz\u00e9les nyomt\u00e1v\u00fa vas\u00fatvonal \u2013 amelyb\u0151l 122 km villamos\u00edtott \u2013 \u00e9s a 115 km eur\u00f3pai szabv\u00e1ny\u00fa nyomt\u00e1v\u00fa vonal, amely hidat k\u00e9pez a nyugati h\u00e1l\u00f3zatokkal val\u00f3 kompatibilit\u00e1s \u00e9rdek\u00e9ben. A k\u00f6zelg\u0151 Rail Baltica folyos\u00f3 \u00f6sszek\u00f6ti Kaunast Vars\u00f3val \u00e9s azon t\u00fal, szorosabban \u00f6sszek\u00f6ti Eur\u00f3pa \u00e9szakkeleti r\u00e9sz\u00e9t, \u00e9s kik\u00fcsz\u00f6b\u00f6li az \u00e1trakod\u00e1si k\u00e9s\u00e9seket. Litv\u00e1nia aut\u00f3p\u00e1ly\u00e1i, amelyeket a nemzetk\u00f6zi indexek kedvez\u0151en \u00e9rt\u00e9kelnek, a f\u0151v\u00e1rost \u00e9s a region\u00e1lis k\u00f6zpontokat k\u00f6tik \u00f6ssze. A k\u00f6zel 4 milli\u00f3 utast kiszolg\u00e1l\u00f3 vilniusi nemzetk\u00f6zi rep\u00fcl\u0151t\u00e9r els\u0151dleges \u00e1tj\u00e1r\u00f3k\u00e9nt szolg\u00e1l, amelyet Kaunas, Palanga \u00e9s \u0160iauliai csom\u00f3pontok eg\u00e9sz\u00edtenek ki.<\/p>\n<p>A v\u00e1rosi k\u00f6zpontok r\u00e9tegzett t\u00f6rt\u00e9nelmeket testes\u00edtenek meg. Vilnius \u00f3v\u00e1rosa, amely az UNESCO Vil\u00e1g\u00f6r\u00f6ks\u00e9g r\u00e9sze, g\u00f3tikus templomokat, barokk palot\u00e1kat \u00e9s renesz\u00e1nsz rezidenci\u00e1kat \u00f6lel fel a Gediminas-torony karcs\u00fa tornya k\u00f6r\u00fcl. Kaunas, az egykori k\u00e9t vil\u00e1gh\u00e1bor\u00fa k\u00f6z\u00f6tti f\u0151v\u00e1ros, art deco \u00f6r\u00f6ks\u00e9get \u0151rz, amelyet ma az Eur\u00f3pai \u00d6r\u00f6ks\u00e9g v\u00e9delme alatt tartanak. Klaip\u0117da fav\u00e1zas homlokzatai a hanza-kori kereskedelmet id\u00e9zik, m\u00edg Shiauliai Keresztek-dombja a hitr\u0151l \u00e9s az ellen\u00e1ll\u00e1sr\u00f3l tan\u00faskodik sz\u00e1mos fogadalmi eml\u00e9km\u0171vel. Panev\u0117\u017eys sz\u00ednh\u00e1zi hagyom\u00e1nyokat \u00e1pol parkjaiban, ahol a keskeny nyomt\u00e1v\u00fa s\u00ednek egy let\u0171nt kort id\u00e9znek fel.<\/p>\n<p>A v\u00e1rosokon t\u00fal Litv\u00e1nia etnogr\u00e1fiai r\u00e9gi\u00f3i is fenntartj\u00e1k a n\u00e9pi \u00e9letm\u00f3dot. Aug\u0161taiti\u00e1ban a falusiak f\u00e1b\u00f3l k\u00e9sz\u00fclt tany\u00e1kat tartanak fenn a tiszta tavak \u00e9s foly\u00f3k k\u00f6zel\u00e9ben. Szamogitia nyelvj\u00e1r\u00e1sa \u00e9s folkl\u00f3rja fennmaradt a fenyvesek \u00e9s vizes \u00e9l\u0151helyek k\u00f6z\u00f6tt. Dz\u016bkia s\u0171r\u0171 fenyvesei \u00e9s mocsarai el\u0151seg\u00edtik a gombagy\u0171jt\u00e9st \u00e9s a m\u00e9zk\u00e9sz\u00edt\u00e9st. Suvalkija hatalmas mez\u0151i skilandi sert\u00e9sh\u00fasb\u00f3l k\u00e9sz\u00fclt finoms\u00e1gokat teremnek. Kis-Litv\u00e1nia, amely egykor germ\u00e1n uralom alatt \u00e1llt, a Kur-f\u00f6ldnyelv UNESCO \u00e1ltal v\u00e9dett d\u0171n\u00e9i \u00e9s hal\u00e1szfalvai ment\u00e9n a tengeri kult\u00far\u00e1t testes\u00edti meg.<\/p>\n<p>A konyham\u0171v\u00e9szet t\u00fckr\u00f6zi az \u00e9ghajlatot \u00e9s a hagyom\u00e1nyokat: a rozskeny\u00e9r \u2013 egy n\u00e9lk\u00fcl\u00f6zhetetlen alap\u00e9lelmiszer \u2013 c\u00e9klalevesekhez, f\u00fcst\u00f6lt h\u00fasokhoz \u00e9s tejterm\u00e9kekhez, a tejf\u00f6lt\u0151l a t\u00far\u00f3ig, illik. A tengerparti k\u00f6z\u00f6ss\u00e9gek a heringet \u00e9s az \u00e9desv\u00edzi halakat kedvelik, m\u00edg a sz\u00e1razf\u00f6ldi asztali \u00e9telek a n\u00e9met \u00e9s a balti hat\u00e1sokat id\u00e9zik. A s\u00f6rt, mind a paraszti, mind a kis\u00fczemi s\u00f6r\u00f6ket, t\u00f6bb sz\u00e1z konyh\u00e1ban \u00e9s kis s\u00f6rf\u0151zd\u00e9ben f\u0151zik, \u00edgy Eur\u00f3pa vezet\u0151 egy f\u0151re jut\u00f3 fogyaszt\u00f3i k\u00f6z\u00f6tt tartj\u00e1k sz\u00e1mon. Az asztal z\u00e1r\u00f3esem\u00e9nye gyakran a medus, egy m\u00e9zes m\u00e9zs\u00f6r, amelynek hagyom\u00e1nya a kereszt\u00e9nys\u00e9g el\u0151tti r\u00edtusokra ny\u00falik vissza.<\/p>\n<p>A kultur\u00e1lis kifejez\u00e9sm\u00f3dok a n\u00e9pt\u00e1ncokt\u00f3l \u00e9s a kanyarg\u00f3s sutartin\u0117s \u00e9nekekt\u0151l a pajtasz\u00ednh\u00e1zig \u00e9s a n\u00e9prajzi v\u00e1s\u00e1rokig terjednek. A napmot\u00edvumok, bele\u00e9rtve az \u0151si horogkereszteket is, a huszadik sz\u00e1zadi torzul\u00e1suk el\u0151tt is a v\u00e9delmet ny\u00fajt\u00f3 talizm\u00e1nokk\u00e9nt maradtak fenn. A pog\u00e1ny er\u0151d\u00f6kben \u00e9s a neog\u00f3tikus templomokban val\u00f3 tiszteletteljes r\u00e9szv\u00e9tel tov\u00e1bbra is k\u00f6zponti szerepet j\u00e1tszik Litv\u00e1nia kett\u0151s spiritu\u00e1lis sz\u00e1lainak meg\u00e9rt\u00e9s\u00e9ben.<\/p>\n<p>A turizmus jelent\u0151s m\u00e9rt\u00e9kben hozz\u00e1j\u00e1rul a GDP-hez, 2023-ban t\u00f6bb mint 1,1 milli\u00f3 k\u00fclf\u00f6ldi l\u00e1togat\u00f3 \u2013 nagyj\u00e1b\u00f3l minden harmadik lakos \u2013, a belf\u00f6ldi utaz\u00e1sok sz\u00e1ma pedig meghaladta a 12 milli\u00f3t. Vilnius barokk utc\u00e1i, Druskininkai gy\u00f3gyf\u00fcrd\u0151i \u00e9s a Kur-f\u00f6ldnyelv feh\u00e9r homokja vonzza az \u00e9p\u00edt\u00e9szet, a wellness \u00e9s a term\u00e9szeti csod\u00e1k szerelmeseit. A Trakai v\u00e1rakkal tark\u00edtott tavai feletti h\u0151l\u00e9gballonoz\u00e1s \u00e9s az erd\u0151k\u00f6n \u00e9s tengerparti panor\u00e1m\u00e1kon \u00e1t\u00edvel\u0151 EuroVelo \u00fatvonalakon val\u00f3 teker\u00e9s k\u00e9zzelfoghat\u00f3 hely\u00e9rzetet kelt.<\/p>\n<p>Demogr\u00e1fiailag Litv\u00e1nia Eur\u00f3pa egyik leghomog\u00e9nebb nemzete: a baltiak alkotj\u00e1k a t\u00f6bbs\u00e9get, \u00e9s litv\u00e1nul besz\u00e9lnek \u2013 Eur\u00f3pa legarchaikusabb \u00e9l\u0151 indoeur\u00f3pai nyelv\u00e9n. Az \u00e1tlag\u00e9letkor 44 \u00e9v, a term\u00e9kenys\u00e9gi r\u00e1ta pedig a reprodukci\u00f3s r\u00e1ta alatt marad, ami a v\u00e1rosi migr\u00e1ci\u00f3 \u00e9s a k\u00e9sedelmes csal\u00e1dalap\u00edt\u00e1s mell\u00e9kterm\u00e9ke. A nemek ar\u00e1nya a fiatalabb \u00e9vfolyamokban a f\u00e9rfiaknak kedvez, m\u00edg a rangid\u0151sebbek a n\u0151knek. A genetikai tanulm\u00e1nyok szorosan \u00f6sszekapcsolj\u00e1k a litv\u00e1nokat a lettekkel, az \u00e9sztekkel \u00e9s a szomsz\u00e9dos szl\u00e1v \u00e9s finnugor n\u00e9pess\u00e9ggel, al\u00e1h\u00fazva az \u00e9vezredes region\u00e1lis \u00f6sszekapcsol\u00f3d\u00e1st.<\/p>\n<p>Litv\u00e1nia modern identit\u00e1sa elv\u00e1laszthatatlan t\u00f6rt\u00e9nelmi megpr\u00f3b\u00e1ltat\u00e1sait\u00f3l \u2013 a germ\u00e1n porty\u00e1k, feloszt\u00e1sok, megsz\u00e1ll\u00e1sok \u00e9s ellen\u00e1ll\u00e1si mozgalmak a m\u00e9rt\u00e9kletes kitart\u00e1s ethosz\u00e1t form\u00e1lt\u00e1k. A szovjet elnyom\u00e1s \u00e9s a holokauszt-trag\u00e9di\u00e1k nyilv\u00e1nos eml\u00e9kezete befoly\u00e1solja a polg\u00e1ri diskurzust. A kort\u00e1rs k\u00fclkapcsolatokat az Oroszorsz\u00e1ggal \u00e9s K\u00edn\u00e1val val\u00f3 \u00f3vatos egy\u00fcttm\u0171k\u00f6d\u00e9s, valamint Ukrajna \u00e9s Tajvan \u00f6nrendelkez\u00e9s\u00e9nek hat\u00e1rozott t\u00e1mogat\u00e1sa alak\u00edtja, ami p\u00e1rhuzamot t\u00fckr\u00f6z Litv\u00e1nia saj\u00e1t f\u00fcggetlens\u00e9gi k\u00fczdelmeivel.<\/p>\n<p>A huszonegyedik sz\u00e1zad hajnal\u00e1n Litv\u00e1nia egy olyan nemzet megtestes\u00edt\u0151je, amely visszanyerte szuverenit\u00e1s\u00e1t, \u00f6tv\u00f6zve a kelet-eur\u00f3pai hagyom\u00e1nyokat a nyugati integr\u00e1ci\u00f3val. Erd\u0151i \u00e9s mez\u0151i, palot\u00e1i \u00e9s parlamentje, n\u00e9pi szok\u00e1sai \u00e9s digit\u00e1lis amb\u00edci\u00f3i egy olyan orsz\u00e1g portr\u00e9j\u00e1t alkotj\u00e1k, amely tiszteli \u00f6r\u00f6ks\u00e9g\u00e9t, mik\u00f6zben az innov\u00e1ci\u00f3 fel\u00e9 vezet\u0151 utat t\u00f6ri. Ak\u00e1r Vilnius macskak\u00f6ves utc\u00e1ir\u00f3l, ak\u00e1r Nida sz\u00e9lj\u00e1rta d\u0171n\u00e9in kereszt\u00fcl szeml\u00e9lj\u00fck, Litv\u00e1nia olyan birodalom marad, ahol a m\u00falt mindig jelen van, \u00e9s a lakoss\u00e1got egy nyitott sz\u00edv\u0171, m\u00e9gis \u00e9ber j\u00f6v\u0151 fel\u00e9 vezeti.<\/p>","protected":false},"excerpt":{"rendered":"<p>Litv\u00e1nia, amely \u00c9szak-Eur\u00f3p\u00e1ban tal\u00e1lhat\u00f3, jelent\u0151s t\u00f6rt\u00e9nelmi, kultur\u00e1lis \u00e9s term\u00e9szeti \u00f6r\u00f6ks\u00e9ggel rendelkezik. Hivatalosan a Litv\u00e1n K\u00f6zt\u00e1rsas\u00e1g, ez a kicsi, de energikus nemzet strat\u00e9giai fontoss\u00e1g\u00fa a Balti-tenger keleti r\u00e9sz\u00e9n. Litv\u00e1nia \u00e9szakon Lettorsz\u00e1ggal, keleten Feh\u00e9roroszorsz\u00e1ggal, d\u00e9len Lengyelorsz\u00e1ggal hat\u00e1ros, d\u00e9lnyugaton pedig a Kalinyingr\u00e1di Ter\u00fclet orosz exkl\u00e1v\u00e9ja, v\u00e1ltozatos, 65 300 n\u00e9gyzetkilom\u00e9teres terep\u00e9n. A Sv\u00e9dorsz\u00e1ggal nyugaton tengeri hat\u00e1rt fenntartva a nemzet meger\u0151s\u00edti kapcsolatait a nagyobb balti t\u00e9rs\u00e9ggel is.<\/p>","protected":false},"author":1,"featured_media":4909,"parent":24078,"menu_order":0,"comment_status":"closed","ping_status":"closed","template":"elementor_theme","meta":{"_eb_attr":"","footnotes":""},"class_list":["post-11553","page","type-page","status-publish","has-post-thumbnail"],"_links":{"self":[{"href":"https:\/\/travelshelper.com\/hu\/wp-json\/wp\/v2\/pages\/11553","targetHints":{"allow":["GET"]}}],"collection":[{"href":"https:\/\/travelshelper.com\/hu\/wp-json\/wp\/v2\/pages"}],"about":[{"href":"https:\/\/travelshelper.com\/hu\/wp-json\/wp\/v2\/types\/page"}],"author":[{"embeddable":true,"href":"https:\/\/travelshelper.com\/hu\/wp-json\/wp\/v2\/users\/1"}],"replies":[{"embeddable":true,"href":"https:\/\/travelshelper.com\/hu\/wp-json\/wp\/v2\/comments?post=11553"}],"version-history":[{"count":0,"href":"https:\/\/travelshelper.com\/hu\/wp-json\/wp\/v2\/pages\/11553\/revisions"}],"up":[{"embeddable":true,"href":"https:\/\/travelshelper.com\/hu\/wp-json\/wp\/v2\/pages\/24078"}],"wp:featuredmedia":[{"embeddable":true,"href":"https:\/\/travelshelper.com\/hu\/wp-json\/wp\/v2\/media\/4909"}],"wp:attachment":[{"href":"https:\/\/travelshelper.com\/hu\/wp-json\/wp\/v2\/media?parent=11553"}],"curies":[{"name":"wp","href":"https:\/\/api.w.org\/{rel}","templated":true}]}}