{"id":11538,"date":"2024-09-13T12:05:14","date_gmt":"2024-09-13T12:05:14","guid":{"rendered":"https:\/\/travelshelper.com\/staging\/?page_id=11538"},"modified":"2026-03-12T17:15:57","modified_gmt":"2026-03-12T17:15:57","slug":"liechtenstein","status":"publish","type":"page","link":"https:\/\/travelshelper.com\/hu\/destinations\/europe\/liechtenstein\/","title":{"rendered":"Liechtenstein"},"content":{"rendered":"<p>A Liechtensteini Hercegs\u00e9g egy 40 023 lakos\u00fa, n\u00e9met ajk\u00fa mikro\u00e1llam, amely 160 n\u00e9gyzetkilom\u00e9teren ter\u00fcl el a K\u00f6z\u00e9p-eur\u00f3pai Alpok Fels\u0151-Rajna-v\u00f6lgy\u00e9ben, keleten \u00e9s \u00e9szakon Ausztria, nyugaton \u00e9s d\u00e9len pedig Sv\u00e1jc k\u00f6z\u00f6tt.<\/p>\n<p>Liechtenstein felsz\u00edne meredeken emelkedik a Rajna \u00e1rter\u00fclet\u00e9t\u0151l a zord alpesi cs\u00facsokig. A fejedelems\u00e9g d\u00e9lr\u0151l \u00e9szakra k\u00f6r\u00fclbel\u00fcl 24 kilom\u00e9ter hossz\u00fa, legsz\u00e9lesebb pontj\u00e1n pedig 12 kilom\u00e9ter hossz\u00fa, hat\u00e1rai a 2006-ban elv\u00e9gzett pontos felm\u00e9r\u00e9sek szerint 77,9 kilom\u00e9terre ny\u00falnak. Nyugati hat\u00e1r\u00e1t teljes eg\u00e9sz\u00e9ben a Rajna hat\u00e1rozza meg, amely mind az orsz\u00e1g v\u00edzrajz\u00e1t, mind korai telep\u00fcl\u00e9si mint\u00e1it alak\u00edtotta. Apr\u00f3 m\u00e9rete ellen\u00e9re az orsz\u00e1g k\u00f6zel fele hegyvid\u00e9ki ter\u00fcletnek min\u0151s\u00fcl, ez a topogr\u00e1fiai feloszt\u00e1s mind az \u00e9ghajlati v\u00e1ltozatoss\u00e1got, mind az emberi tev\u00e9kenys\u00e9g eloszl\u00e1s\u00e1t megalapozza.<\/p>\n<p>Az \u00e9ghajlatot az uralkod\u00f3 d\u00e9li szelek \u00e9s a szomsz\u00e9dos hegys\u00e9gek v\u00e9d\u0151g\u00e1tja m\u00e9rs\u00e9kli. A telek ink\u00e1bb h\u0171v\u00f6sek, mint zordak maradnak, a fagy ritk\u00e1n s\u00fcllyed -15 \u00b0C al\u00e1, a d\u00e9li f\u00f6nszelek pedig gyakran 15 \u00b0C-ra emelik a h\u0151m\u00e9rs\u00e9kletet m\u00e9g t\u00e9l k\u00f6zep\u00e9n is. A nyarak enyh\u00e9k, a nappali maximumok ritk\u00e1n haladj\u00e1k meg a 28 \u00b0C-ot. Az \u00e9ves csapad\u00e9kmennyis\u00e9g \u00e1tlagosan 900 \u00e9s 1200 millim\u00e9ter k\u00f6z\u00f6tt van a v\u00f6lgyben, a magasabb lejt\u0151k\u00f6n k\u00f6zel 1900 millim\u00e9terre emelkedik, fenntartva a z\u00f6ldell\u0151 r\u00e9teket \u00e9s a gy\u00fcm\u00f6lcs\u00f6s\u00f6ket, amelyek az alacsonyabb szinteket tark\u00edtj\u00e1k.<\/p>\n<p>A fejedelems\u00e9g hidrol\u00f3giai jellemz\u0151i tov\u00e1bb hat\u00e1rozz\u00e1k a ter\u00fclet sz\u00e9ps\u00e9g\u00e9t. A Liechtenstein hat\u00e1rain bel\u00fcl k\u00f6zel 27 kilom\u00e9ter hossz\u00fa Rajna egyr\u00e9szt v\u00edzell\u00e1t\u00e1si ment\u0151\u00f6vk\u00e9nt, m\u00e1sr\u00e9szt kikapcsol\u00f3d\u00e1si lehet\u0151s\u00e9gk\u00e9nt is szolg\u00e1l. Egyetlen term\u00e9szetes tava, a Gampriner Seelein, 1927-ben bukkant fel, amikor az \u00e1rvizek \u00faj medenc\u00e9t alak\u00edtottak ki; kieg\u00e9sz\u00edt\u0151 v\u00edzt\u00e1roz\u00f3k, mint p\u00e9ld\u00e1ul a Steg-v\u00edzt\u00e1roz\u00f3, az alpesi lefoly\u00e1st v\u00edzer\u0151m\u0171-termel\u00e9sre haszn\u00e1lj\u00e1k fel. A Samina foly\u00f3, amely 10 kilom\u00e9ter hosszan h\u00faz\u00f3dik a triesenbergi hegyi forr\u00e1st\u00f3l az ausztriai Ill foly\u00f3val val\u00f3 torkolat\u00e1ig, vadv\u00edzi szakaszokat k\u00edn\u00e1l, amelyeket a v\u00edz szerelmesei nagyra \u00e9rt\u00e9kelnek.<\/p>\n<p>T\u00f6rt\u00e9nelmileg a Liechtenstein-h\u00e1z, amelyet 1719-ben emeltek szuver\u00e9n hatalomra, f\u00e9lig alkotm\u00e1nyos monarchiak\u00e9nt hozta l\u00e9tre a fejedelems\u00e9get. Az uralkod\u00f3 herceg jelent\u0151s hatalommal b\u00edr, bele\u00e9rtve a t\u00f6rv\u00e9nyhoz\u00e1si v\u00e9t\u00f3t, a b\u00edr\u00f3i jel\u00f6l\u00e9seket \u00e9s a korm\u00e1ny felment\u00e9s\u00e9t \u2013 ezeket a hat\u00e1sk\u00f6r\u00f6ket egy 2003-as n\u00e9pszavaz\u00e1s meger\u0151s\u00edtette \u00e9s kiterjesztette. A f\u0151v\u00e1ros, Vaduz, a korm\u00e1ny sz\u00e9khelye, amelyet t\u00edz m\u00e1sik telep\u00fcl\u00e9s eg\u00e9sz\u00edt ki. Schaan, a legnagyobb k\u00f6zs\u00e9g, az ipari tev\u00e9kenys\u00e9get lak\u00f3\u00f6vezetekkel \u00f6tv\u00f6zi, m\u00edg Balzers, Triesen \u00e9s Triesenberg teraszokon \u00e9s lejt\u0151k\u00f6n foglalnak helyet, amelyek az alpesi hegyvid\u00e9k fel\u00e9 emelkednek.<\/p>\n<p>Liechtenstein tizenegy telep\u00fcl\u00e9se (Gemeinden) k\u00e9t v\u00e1laszt\u00e1si k\u00f6rzetben tal\u00e1lhat\u00f3: Oberland (fels\u0151 vid\u00e9k) \u00e9s Unterland (als\u00f3 vid\u00e9k). Oberland mag\u00e1ban foglalja Vaduz, Schaan, Triesen, Triesenberg \u00e9s Planken telep\u00fcl\u00e9seket, amelyek mindegyike magas lejt\u0151k\u00f6n vagy dombokon fekszik. A foly\u00f3parti s\u00edks\u00e1ghoz k\u00f6zelebb fekv\u0151 Unterland mag\u00e1ban foglalja Eschen, Gamprin, Mauren, Ruggell \u00e9s Schellenberg telep\u00fcl\u00e9seket. Minden telep\u00fcl\u00e9s meg\u0151rzi a saj\u00e1tos helyi hagyom\u00e1nyokat \u2013 a schaani sz\u0151l\u0151term\u0151 teraszokt\u00f3l a ruggelli mez\u0151gazdas\u00e1gi k\u00f6zs\u00e9gekig \u2013, m\u00e9gis mindegyik egys\u00e9ges nemzeti keretrendszerhez tartozik.<\/p>\n<p>A fejedelems\u00e9g gazdas\u00e1ga a vil\u00e1g egyik legmagasabb egy f\u0151re jut\u00f3 GDP-j\u00e9r\u0151l (v\u00e1s\u00e1rl\u00f3er\u0151-parit\u00e1son) ismert. Az er\u0151s ipari szektor nagy prec\u00edzi\u00f3s m\u0171szereket, elektromos szersz\u00e1mokat \u00e9s elektronik\u00e1t gy\u00e1rt, a Hilti \u2013 a r\u00f6gz\u00edt\u0151rendszerek gy\u00e1rt\u00f3ja \u2013 pedig a legnagyobb munkaad\u00f3k k\u00f6z\u00e9 tartozik. Kis gazdas\u00e1gok \u00e9s gy\u00fcm\u00f6lcs\u00f6s\u00f6k tark\u00edtj\u00e1k a falvakat, gabon\u00e1t, burgony\u00e1t, tejterm\u00e9keket \u00e9s bort teremve. A k\u00e9zm\u0171vess\u00e9g ir\u00e1nti c\u00e9hszer\u0171 figyelem tov\u00e1bbra is jelen van a f\u00e9mmegmunk\u00e1l\u00f3 \u00e9s prec\u00edzi\u00f3s m\u00e9rn\u00f6ki c\u00e9gekben, amelyek a glob\u00e1lis piacokat szolg\u00e1lj\u00e1k ki.<\/p>\n<p>A p\u00e9nz\u00fcgyi szolg\u00e1ltat\u00e1sok meghat\u00e1rozz\u00e1k a gazdas\u00e1gi t\u00e1jk\u00e9pet. Vaduz l\u00e1tk\u00e9p\u00e9t bankk\u00f6zpontok tark\u00edtj\u00e1k, amelyek vagyonkezel\u0151i m\u0171veletei a 2000-es \u00e9vek elej\u00e9n v\u00e1ltak ismertt\u00e9 \u00e9s ismertt\u00e9. A nemzetk\u00f6zi ellen\u0151rz\u00e9st \u00e9s egy k\u00f6lts\u00e9ges 2008-as ad\u00f3\u00fcgyet k\u00f6vet\u0151en a korm\u00e1ny \u00e1tl\u00e1that\u00f3s\u00e1gi int\u00e9zked\u00e9seket vezetett be a glob\u00e1lis szabv\u00e1nyokkal val\u00f3 \u00f6sszhang \u00e9rdek\u00e9ben. Ma Liechtenstein j\u00f3 h\u00edr\u0171 szab\u00e1lyoz\u00e1si k\u00f6rnyezetet tart fenn, mik\u00f6zben meg\u0151rzi a vagyonkezel\u00e9s \u00e9s a bizalmi szolg\u00e1ltat\u00e1sok specializ\u00e1lt k\u00f6zpontjak\u00e9nt bet\u00f6lt\u00f6tt szerep\u00e9t.<\/p>\n<p>A turizmus l\u00e9tfontoss\u00e1g\u00fa tercier szektort k\u00e9pvisel, amelynek \u00e9ves l\u00e1togat\u00f3sz\u00e1ma megk\u00f6zel\u00edti a 80 000-et. A vend\u00e9geket vonzza a fejedelems\u00e9g alpesi programjainak \u00e9s kultur\u00e1lis k\u00edn\u00e1lat\u00e1nak kever\u00e9ke. Malbun s\u00edp\u00e1ly\u00e1i 1600 \u00e9s 2000 m\u00e9teres magass\u00e1gban helyezkednek el, s\u00edel\u00e9sre \u00e9s snowboardoz\u00e1sra alkalmas p\u00e1ly\u00e1kat biztos\u00edtanak; t\u00fara\u00fatvonalak szelik \u00e1t a hegyvid\u00e9ki r\u00e9teket, \u00e9s olyan cs\u00facsokra jutnak fel, mint a Grauspitz (2599 m), amely Liechtenstein 32, 2000 m\u00e9ter feletti hegycs\u00facsb\u00f3l \u00e1ll\u00f3 nyilv\u00e1ntart\u00e1s\u00e1nak legmagasabb pontja.<\/p>\n<p>A kultur\u00e1lis identit\u00e1st az alemann nyelv\u0171 t\u00f6bbs\u00e9g\u0171 lakoss\u00e1g alak\u00edtja, akiknek 92 sz\u00e1zal\u00e9ka a n\u00e9metet eml\u00edti els\u0151dleges nyelvk\u00e9nt, m\u00edg a sv\u00e1jci \u00e9s osztr\u00e1k nyelvj\u00e1r\u00e1sokhoz szorosan kapcsol\u00f3d\u00f3 nyelvj\u00e1r\u00e1sok a mindennapi besz\u00e9dben is megmaradtak. Triesenberg egy jellegzetes walser nyelvj\u00e1r\u00e1st tart fenn, amelyet helyi kezdem\u00e9nyez\u00e9sek r\u00e9v\u00e9n n\u00e9pszer\u0171s\u00edtenek. A teljes lakoss\u00e1g egyharmad\u00e1t kitev\u0151 k\u00fclf\u00f6ldi sz\u00fclet\u00e9s\u0171 lakosok f\u0151k\u00e9nt N\u00e9metorsz\u00e1gb\u00f3l, Ausztri\u00e1b\u00f3l \u00e9s Sv\u00e1jcb\u00f3l sz\u00e1rmaznak, ami hozz\u00e1j\u00e1rul a t\u00f6bbnyelv\u0171 k\u00f6rnyezethez.<\/p>\n<p>B\u0151ven akadnak kultur\u00e1lis \u00e9s tudom\u00e1nyos int\u00e9zm\u00e9nyek. A 2000-ben elk\u00e9sz\u00fclt Liechtensteini M\u0171v\u00e9szeti M\u00fazeum egy betonb\u00f3l \u00e9s bazaltb\u00f3l k\u00e9sz\u00fclt \u201efekete doboz\u201d \u00e9p\u00fclet, amely modern \u00e9s kort\u00e1rs m\u0171veket \u0151riz, \u00e9s amelyek a hercegi gy\u0171jtem\u00e9ny nyilv\u00e1nos arc\u00e1t alkotj\u00e1k. A vadazi Liechtensteini Nemzeti M\u00fazeum r\u00e9g\u00e9szeti, kultur\u00e1lis \u00e9s term\u00e9szettudom\u00e1nyi t\u00e1rgyakat \u0151riz; kisebb helysz\u00ednek k\u00f6z\u00e9 tartozik egy vid\u00e9ki \u00e9letm\u00f3d m\u00fazeuma, egy s\u00edm\u00fazeum \u00e9s egy filat\u00e9liai ki\u00e1ll\u00edt\u00e1s.<\/p>\n<p>Liechtenstein k\u00f6zleked\u00e9si infrastrukt\u00far\u00e1ja a rep\u00fcl\u0151t\u00e9r hi\u00e1nya ellen\u00e9re is kiemeli az orsz\u00e1g \u00f6sszek\u00f6ttet\u00e9seit. Egyetlen vas\u00fatvonal \u2013 a Feldkirch\u2013Buchs \u00fatvonal \u2013 szeli \u00e1t a ter\u00fclet\u00e9t, amelyet az S2 Vorarlberg S-Bahn szolg\u00e1l ki. N\u00e9gy \u00e1llom\u00e1s (Forst Hilti, Nendeln, Schaan-Vaduz \u00e9s Schaanwald) csatlakozik az osztr\u00e1k \u00e9s a sv\u00e1jci h\u00e1l\u00f3zatokhoz, b\u00e1r a szolg\u00e1ltat\u00e1sok tov\u00e1bbra is a cs\u00facsforgalmi ing\u00e1z\u00f3kra ir\u00e1nyulnak. A j\u00f3l j\u00e1ratos buszh\u00e1l\u00f3zat tizen\u00f6t perces id\u0151k\u00f6z\u00f6nk\u00e9nt k\u00f6zlekedik, integr\u00e1lva a sv\u00e1jci Postbus \u00e9s az osztr\u00e1k \u00d6BB rendszerekkel; a sv\u00e1jci utaz\u00e1si b\u00e9rlettel rendelkez\u0151k szabadon utazhatnak a liechtensteini buszokon.<\/p>\n<p>Az utak hossza k\u00f6r\u00fclbel\u00fcl 250 kilom\u00e9ter, amelyb\u0151l a jelzett ker\u00e9kp\u00e1rutak 90 kilom\u00e9teren h\u00faz\u00f3dnak. A sebess\u00e9gkorl\u00e1toz\u00e1sok a lakott v\u00f6lgyeken \u00e1t\u00edvel\u0151 keskeny, kanyarg\u00f3s folyos\u00f3k k\u00f6vetelm\u00e9nyeit t\u00fckr\u00f6zik. A Balzersn\u00e9l \u00e9s Vaduzn\u00e1l tal\u00e1lhat\u00f3 hat\u00e1r\u00e1tkel\u0151 hidak csatlakoznak a sv\u00e1jci A13\/E34-es aut\u00f3p\u00e1ly\u00e1hoz, megk\u00f6nny\u00edtve a teher- \u00e9s mag\u00e1nk\u00f6zleked\u00e9st. A Feldkirchb\u0151l vagy Buchsb\u00f3l \u00e9rkez\u0151 j\u00e1rm\u0171vek aut\u00f3p\u00e1lya-d\u00edjmentes behajt\u00e1st tesznek lehet\u0151v\u00e9, ugyanakkor a sv\u00e1jci \u00e9s osztr\u00e1k matricarendszerek befoly\u00e1solj\u00e1k mind a lakosok, mind a l\u00e1togat\u00f3k \u00fatvonalv\u00e1laszt\u00e1s\u00e1t.<\/p>\n<p>Az eg\u00e9szs\u00e9g\u00fcgyi \u00e9s szoci\u00e1lis szolg\u00e1ltat\u00e1sok Vaduz egyetlen k\u00f3rh\u00e1z\u00e1ban, a Liechtensteinisches Landesspitalban \u00f6sszpontosulnak. Az oktat\u00e1si int\u00e9zm\u00e9nyek t\u00f6bbnyelv\u0171 tanterveket k\u00edn\u00e1lnak az \u00e1ltal\u00e1nos \u00e9s k\u00f6z\u00e9pfok\u00fa szinteken; a fels\u0151fok\u00fa tanulm\u00e1nyok gyakran k\u00fclf\u00f6ld\u00f6n zajlanak. A vadazi nemzeti k\u00f6nyvt\u00e1r k\u00f6telesp\u00e9ld\u00e1nyk\u00e9nt kezeli az \u00f6sszes hazai kiadv\u00e1nyt, \u00e9s t\u00e1mogatja a kultur\u00e1lis \u00e9s t\u00f6rt\u00e9nelmi tanulm\u00e1nyok ter\u00e9n v\u00e9gzett kutat\u00e1sokat.<\/p>\n<p>Az \u00fcnneps\u00e9gek a nemzeti szolidarit\u00e1st hangs\u00falyozz\u00e1k. Minden augusztusban a lakoss\u00e1g a Vaduz v\u00e1r\u00e1ban gy\u0171lik \u00f6ssze az Uralkod\u00f3 Napja \u00fcnneps\u00e9gre. Az alattval\u00f3kat megh\u00edvj\u00e1k a hercegi birtokra, hogy besz\u00e9deket hallgassanak, k\u00f6z\u00f6s poh\u00e1rk\u00f6sz\u00f6nt\u0151k\u00f6n vegyenek r\u00e9szt \u00e9s ingyenes s\u00f6rt k\u00f3stoljanak \u2013 ez egy ritu\u00e1l\u00e9, amely meger\u0151s\u00edti a monarchia ir\u00e1nti h\u0171s\u00e9get, \u00e9s kiemeli az \u00e9vsz\u00e1zadok alatt t\u00e1pl\u00e1lt kollekt\u00edv identit\u00e1st.<\/p>\n<p>Liechtenstein szuverenit\u00e1s\u00e1nak \u00e9s kultur\u00e1lis saj\u00e1toss\u00e1g\u00e1nak meg\u0151rz\u00e9se a nagyobb szomsz\u00e9dai k\u00f6z\u00f6tt bizony\u00edtja ellen\u00e1ll\u00f3 k\u00e9pess\u00e9g\u00e9t. F\u00e9lig alkotm\u00e1nyos monarchi\u00e1ja egyens\u00falyba hozza a hagyom\u00e1nyokat \u00e9s az alkalmazkod\u00e1st, m\u00edg gazdas\u00e1ga a prec\u00edzi\u00f3s m\u00e9rn\u00f6ki tud\u00e1st egy meg\u00fajult p\u00e9nz\u00fcgyi szektorral \u00f6tv\u00f6zi. A fejedelems\u00e9g alpesi terepe mind az \u00e9ghajlatot, mind az \u00e9letm\u00f3dot alak\u00edtja, r\u00e9teket, lejt\u0151ket \u00e9s cs\u00facsokat k\u00edn\u00e1lva, amelyek fenntartott\u00e1k a mez\u0151gazdas\u00e1got, a kikapcsol\u00f3d\u00e1st \u00e9s a helyhez k\u00f6t\u00f6tts\u00e9g \u00e9rz\u00e9s\u00e9t. Egy olyan kompakt ter\u00fcleten, ahol a francia ajk\u00fa turist\u00e1k ritk\u00e1n sz\u00e1llnak le, a n\u00e9met ajk\u00fa lakosok a v\u00f6lgyi falusi \u00e9letben, az egyh\u00e1zi tiszteletben tart\u00e1sban \u00e9s a hegyi lak\u00e1sok csendes m\u00e9lt\u00f3s\u00e1g\u00e1nak megbecs\u00fcl\u00e9s\u00e9ben gy\u00f6kerez\u0151 szok\u00e1sokat \u00e1polnak. A nemzet l\u00e9tez\u00e9se, t\u00f6bb mint h\u00e1rom \u00e9vsz\u00e1zaddal a szuverenit\u00e1sra val\u00f3 felemelked\u00e9se \u00f3ta, tov\u00e1bbra is az er\u0151forr\u00e1sok m\u00e9rt\u00e9kletes kezel\u00e9s\u00e9t, a nemzetk\u00f6zi szerepv\u00e1llal\u00e1s elfogad\u00e1s\u00e1t, valamint az \u00f6r\u00f6ks\u00e9g \u00e9s az innov\u00e1ci\u00f3 meg\u0151rz\u00e9se ir\u00e1nti elk\u00f6telezetts\u00e9get t\u00fckr\u00f6zi.<\/p>","protected":false},"excerpt":{"rendered":"<p>Liechtenstein, hivatalos nev\u00e9n Liechtensteini Hercegs\u00e9g, egy kis eur\u00f3pai nemzet, amely az Alpokban tal\u00e1lhat\u00f3. Ez a mikro\u00e1llam a r\u00e9gi monarchia \u00e9s a mai demokr\u00e1cia \u00e9rdekes kever\u00e9k\u00e9t mutatja be gazdag t\u00f6rt\u00e9nelm\u00e9vel \u00e9s saj\u00e1tos politikai rendszer\u00e9vel. Liechtenstein Ausztria \u00e9s Sv\u00e1jc k\u00f6z\u00f6tt fekszik a vil\u00e1g k\u00e9t, k\u00e9tszeresen tengerparttal nem rendelkez\u0151 nemzet\u00e9nek egyike; a m\u00e1sik \u00dczbegiszt\u00e1n.<\/p>","protected":false},"author":1,"featured_media":4559,"parent":24078,"menu_order":0,"comment_status":"closed","ping_status":"closed","template":"elementor_theme","meta":{"_eb_attr":"","footnotes":""},"class_list":["post-11538","page","type-page","status-publish","has-post-thumbnail"],"_links":{"self":[{"href":"https:\/\/travelshelper.com\/hu\/wp-json\/wp\/v2\/pages\/11538","targetHints":{"allow":["GET"]}}],"collection":[{"href":"https:\/\/travelshelper.com\/hu\/wp-json\/wp\/v2\/pages"}],"about":[{"href":"https:\/\/travelshelper.com\/hu\/wp-json\/wp\/v2\/types\/page"}],"author":[{"embeddable":true,"href":"https:\/\/travelshelper.com\/hu\/wp-json\/wp\/v2\/users\/1"}],"replies":[{"embeddable":true,"href":"https:\/\/travelshelper.com\/hu\/wp-json\/wp\/v2\/comments?post=11538"}],"version-history":[{"count":0,"href":"https:\/\/travelshelper.com\/hu\/wp-json\/wp\/v2\/pages\/11538\/revisions"}],"up":[{"embeddable":true,"href":"https:\/\/travelshelper.com\/hu\/wp-json\/wp\/v2\/pages\/24078"}],"wp:featuredmedia":[{"embeddable":true,"href":"https:\/\/travelshelper.com\/hu\/wp-json\/wp\/v2\/media\/4559"}],"wp:attachment":[{"href":"https:\/\/travelshelper.com\/hu\/wp-json\/wp\/v2\/media?parent=11538"}],"curies":[{"name":"wp","href":"https:\/\/api.w.org\/{rel}","templated":true}]}}