{"id":11520,"date":"2024-09-13T01:07:08","date_gmt":"2024-09-13T01:07:08","guid":{"rendered":"https:\/\/travelshelper.com\/staging\/?page_id=11520"},"modified":"2026-03-12T18:25:02","modified_gmt":"2026-03-12T18:25:02","slug":"luxemburg","status":"publish","type":"page","link":"https:\/\/travelshelper.com\/hu\/destinations\/europe\/luxembourg\/","title":{"rendered":"Luxemburg"},"content":{"rendered":"<p>A Luxemburgi Nagyhercegs\u00e9g 2586 n\u00e9gyzetkilom\u00e9teren fekszik Nyugat-Eur\u00f3pa sz\u00edv\u00e9ben, \u00e9s 2025-ben 681 973 lakossal rendelkezett. Belgium nyugat \u00e9s \u00e9szak, N\u00e9metorsz\u00e1g kelet \u00e9s Franciaorsz\u00e1g k\u00f6z\u00f6tt megb\u00fav\u00f3, szuver\u00e9n nagyhercegs\u00e9g kompakt m\u00e9reteit rendk\u00edv\u00fcli jelent\u0151s\u00e9ggel \u00f6tv\u00f6zi. F\u0151v\u00e1rosa, Luxemburg v\u00e1rosa dr\u00e1mai foly\u00f3v\u00f6lgyek felett fekszik, \u00e9s az Eur\u00f3pai Uni\u00f3 egyik f\u0151 sz\u00e9khelye, ahol t\u00f6bbek k\u00f6z\u00f6tt az Eur\u00f3pai Uni\u00f3 B\u00edr\u00f3s\u00e1ga is tal\u00e1lhat\u00f3. Szer\u00e9ny kiterjed\u00e9s\u00e9ben Luxemburg \u00e9vsz\u00e1zados t\u00f6rt\u00e9nelmet, szomsz\u00e9dait\u00f3l mer\u00edtett kultur\u00e1lis \u00e1ramlatokat \u00e9s egy olyan gazdas\u00e1got sz\u0151 \u00f6ssze, amely v\u00e1s\u00e1rl\u00f3er\u0151-szabv\u00e1nyok alapj\u00e1n folyamatosan a vil\u00e1g leggazdagabbjai k\u00f6z\u00e9 tartozik.<\/p>\n<p>Luxemburg t\u00f6rt\u00e9nete a k\u00f6z\u00e9pkorban kezd\u0151dik, amikor Luxemburg gr\u00f3fs\u00e1ga a XI. sz\u00e1zadban a Szent R\u00f3mai Birodalom fennhat\u00f3s\u00e1ga al\u00e1 ker\u00fclt. Uralkod\u00f3inak felemelked\u00e9se VII. Henrik cs\u00e1sz\u00e1rr\u00e1 emel\u00e9s\u00e9vel tet\u0151z\u00f6tt a XIV. sz\u00e1zad elej\u00e9n, precedenst teremtve a dinasztikus befoly\u00e1s sz\u00e1m\u00e1ra, amely t\u00fal is terjedt a hat\u00e1rain. A Habsburg uralom a XV. sz\u00e1zadban \u00e9rkezett el, \u00e9s a XVIII. sz\u00e1zadi francia annekt\u00e1l\u00e1s ut\u00e1n a ter\u00fclet h\u00e1rom egym\u00e1st k\u00f6vet\u0151 feloszt\u00e1son esett \u00e1t, amelyek sz\u00e9tzil\u00e1lt\u00e1k a ter\u00fclet\u00e9t. Az 1815-\u00f6s b\u00e9csi kongresszus vissza\u00e1ll\u00edtotta Luxemburg szuverenit\u00e1s\u00e1t, de csak az 1867-es luxemburgi v\u00e1ls\u00e1g ut\u00e1n \u2013 amikor az eur\u00f3pai hatalmak a sors\u00e1t \u00e9rint\u0151 konfliktus sz\u00e9l\u00e9n \u00e1lltak \u2013 garant\u00e1lt\u00e1k a teljes f\u00fcggetlens\u00e9get \u00e9s bontott\u00e1k le er\u0151dv\u00e1ros\u00e1t.<\/p>\n<p>A Nagyhercegs\u00e9g domborzata k\u00e9t ellent\u00e9tes birodalomra osztja. Az \u00e9szaki harmad, \u00c9islek vagy Oesling, az Ardennek r\u00e9sz\u00e9t k\u00e9pezi lank\u00e1s dombjaival \u00e9s erd\u0151s fenns\u00edkjaival. Itt falvak sz\u0171k v\u00f6lgyek ment\u00e9n helyezkednek el, \u00e9s a legmagasabb pontok \u2013 az 560 m\u00e9teres Kneiff \u00e9s az 559 m\u00e9teres Buurgplaatz \u2013 csak annyira emelkednek, hogy kil\u00e1t\u00e1st ny\u00fajtsanak, de ne szigeteljenek el. Ezzel szemben a d\u00e9li k\u00e9tharmad, a Guttland, lank\u00e1sabb terepet mutat, \u00e9s a lakoss\u00e1g t\u00f6bbs\u00e9g\u00e9nek ad otthont. A Luxemburg v\u00e1ros\u00e1t k\u00f6r\u00fclvev\u0151 homokk\u0151-fenns\u00edk kelet fel\u00e9 a \u201eKis Sv\u00e1jc\u201d szikl\u00e1s erd\u0151ibe vezet, m\u00edg a d\u00e9lkeleti Moselle-v\u00f6lgy sz\u0151l\u0151\u00fcltetv\u00e9nyekk\u00e9 terjeszkedik. A V\u00f6r\u00f6s-f\u00f6ld, amely egykor az ac\u00e9lipar l\u00fcktet\u0151 sz\u00edve volt, ma is az orsz\u00e1g sz\u00e1mos nagyobb v\u00e1ros\u00e1nak ad otthont.<\/p>\n<p>Ezt a v\u00e1ltozatos t\u00e1jat foly\u00f3k szelik \u00e1t, amelyek mind a hat\u00e1rt, mind az identit\u00e1st form\u00e1lj\u00e1k. A Moselle, a Sauer \u00e9s az Our foly\u00f3k jel\u00f6lik ki a N\u00e9metorsz\u00e1ggal k\u00f6z\u00f6s keleti hat\u00e1rt, v\u00f6lgyeik kereskedelmi \u00e9s kultur\u00e1lis \u00fatvonalakat jel\u00f6lnek ki. A bels\u0151 ter\u00fcleteken olyan mell\u00e9kfoly\u00f3k, mint az Alzette, az Attert, a Clerve \u00e9s a Wiltz, olyan v\u00f6lgyeket v\u00e1jnak ki, amelyek egykor a feud\u00e1lis uradalmakat hat\u00e1rozt\u00e1k meg, ma pedig a v\u00e1rosokat utakon \u00e9s vas\u00faton k\u00f6tik \u00f6ssze. A K\u00f6z\u00e9p-Sauer \u00e9s az Attert v\u00f6lgyei term\u00e9szetes v\u00e1laszfalat k\u00e9peznek az erd\u0151s \u00e9szak \u00e9s a n\u00e9pesebb d\u00e9l k\u00f6z\u00f6tt, ahol a term\u00e9keny talaj \u00f6szt\u00f6n\u00f6zte a telep\u00fcl\u00e9seket \u00e9s az ipart.<\/p>\n<p>Luxemburg t\u00f6bbnyelv\u0171 jellege t\u00fckr\u00f6zi a rom\u00e1n \u00e9s a germ\u00e1n Eur\u00f3pa k\u00f6z\u00f6tti elhelyezked\u00e9s\u00e9t. A luxemburgi \u2013 a feln\u00e9met moseli frank nyelvj\u00e1r\u00e1sa \u2013 a nemzeti nyelv \u00e9s a helyi identit\u00e1s szimb\u00f3luma, m\u00edg a francia kiz\u00e1r\u00f3lagos st\u00e1tusszal rendelkezik a t\u00f6rv\u00e9nyhoz\u00e1sban, \u00e9s a francia \u00e9s a n\u00e9met egyar\u00e1nt osztozik az adminisztrat\u00edv feladatokban. Ez a nyelvi tri\u00f3 \u00e1thatja a mindennapi \u00e9letet: a sz\u00fcl\u0151k l\u00ebtzebuergesch nyelven besz\u00e9lgetnek a piacon, a k\u00f6ztisztvisel\u0151k franci\u00e1ul k\u00f6vetik nyomon a t\u00f6rv\u00e9nyeket, a region\u00e1lis sajt\u00f3 pedig felv\u00e1ltva k\u00f6z\u00f6l n\u00e9met f\u0151c\u00edmeket \u00e9s francia feliratokat. Az eredm\u00e9ny egy olyan kommunik\u00e1ci\u00f3s folytonoss\u00e1g, amely \u00e9vsz\u00e1zadok \u00f3ta v\u00e1ltoz\u00f3 szuverenit\u00e1sokat \u00e9s sz\u00f6vets\u00e9geket t\u00fckr\u00f6z.<\/p>\n<p>Gazdas\u00e1gi szempontb\u00f3l a Nagyhercegs\u00e9g dacol a m\u00e9ret\u00e9vel. Magas j\u00f6vedelm\u0171, diverzifik\u00e1lt \u00e9s kifel\u00e9 tekint\u0151, egy f\u0151re jut\u00f3 j\u00f6vedelem alapj\u00e1n a vil\u00e1g leggazdagabbjai k\u00f6z\u00e9 tartozik. Az er\u0151s p\u00e9nz\u00fcgyi szolg\u00e1ltat\u00e1sok, a tart\u00f3s ac\u00e9lipari \u00f6r\u00f6ks\u00e9g, amely cs\u00facstechnol\u00f3gi\u00e1v\u00e1 alakult, \u00e9s sz\u00e1mos eur\u00f3pai int\u00e9zm\u00e9ny t\u00e1masztja al\u00e1 a m\u00e9rs\u00e9kelt n\u00f6veked\u00e9st \u00e9s az alacsony infl\u00e1ci\u00f3t. Luxemburg jelent\u0151s \u00f6sszegeket fektet be az innov\u00e1ci\u00f3ba is: a Glob\u00e1lis Innov\u00e1ci\u00f3s Indexben elfoglalt helye, az \u00e9letmin\u0151s\u00e9gi rangsor \u00e9s az emberi fejl\u0151d\u00e9si mutat\u00f3k rendszeresen az EU-tag\u00e1llamok \u00e9s az OECD-orsz\u00e1gok k\u00f6z\u00f6tt az \u00e9lmez\u0151nyh\u00f6z k\u00f6zel\u00edtik. A munkan\u00e9lk\u00fclis\u00e9g hagyom\u00e1nyosan alacsony maradt, b\u00e1r az orsz\u00e1g alig ker\u00fclte el a glob\u00e1lis recesszi\u00f3k reng\u00e9seit.<\/p>\n<p>A k\u00f6zleked\u00e9s testes\u00edti meg Luxemburg elk\u00f6telezetts\u00e9g\u00e9t az \u00f6sszekapcsolts\u00e1g \u00e9s a polg\u00e1ri j\u00f3l\u00e9t ir\u00e1nt. A k\u00f6z\u00fati infrastrukt\u00fara \u00e1tsz\u00f6vi az orsz\u00e1got, \u00f3r\u00e1k alatt \u00f6sszek\u00f6tve a f\u0151v\u00e1rost Br\u00fcsszellel, P\u00e1rizzsal \u00e9s Frankfurttal. 2017 decembere \u00f3ta a villamosvonal \u00fajb\u00f3li bevezet\u00e9se kieg\u00e9sz\u00edti a s\u0171r\u0171 buszh\u00e1l\u00f3zatot \u00e9s a CFL nemzeti vasutat, amelynek vonalai a Nagyhercegs\u00e9g minden szeglet\u00e9be \u00e9s azon t\u00falra is kiterjednek. Egy m\u00e9rf\u00f6ldk\u0151nek sz\u00e1m\u00edt\u00f3 reform sor\u00e1n 2020. febru\u00e1r 29-\u00e9n Luxemburg lett az els\u0151 orsz\u00e1g, amely ingyeness\u00e9 tette teljes belf\u00f6ldi t\u00f6megk\u00f6zleked\u00e9si rendszer\u00e9t, megh\u00edvva a lakosokat \u00e9s a l\u00e1togat\u00f3kat egyar\u00e1nt, hogy jegyp\u00e9nzt\u00e1rak n\u00e9lk\u00fcl, busszal, vonattal vagy villamossal fedezz\u00e9k fel az orsz\u00e1got.<\/p>\n<p>Ez a nyitotts\u00e1g\u00e9rzet kiterjed a nemzet f\u0151v\u00e1ros\u00e1ra is. Luxemburg v\u00e1ros \u00f3v\u00e1rosa, amely az Alzette \u00e9s a P\u00e9trusse v\u00f6lgyek tal\u00e1lkoz\u00e1s\u00e1n\u00e1l szikl\u00e1kon \u00e1ll, a r\u00e9teges id\u0151 \u00e9rz\u00e9s\u00e9vel van \u00e1titatva. A szikl\u00e1b\u00f3l faragott er\u0151d\u00edtm\u00e9nyek \u00e9vsz\u00e1zados katonai k\u00fczdelmeket \u00e9ltek t\u00fal, \u00e9s ma kazamat\u00e1k \u00e9s kapuk bonyolult h\u00e1l\u00f3zat\u00e1t alkotj\u00e1k a Bock-fok alatt. A Chemin de la Corniche-on s\u00e9t\u00e1lva, amelyet gyakran \u201eEur\u00f3pa legszebb erk\u00e9ly\u00e9nek\u201d neveznek, panor\u00e1m\u00e1s kil\u00e1t\u00e1s ny\u00edlik az als\u00f3v\u00e1rosra, ahol a neum\u00fcnsteri ap\u00e1ts\u00e1g kultur\u00e1lis k\u00f6zpontk\u00e9nt \u00faj \u00e9letre kelt. A Notre-Dame sz\u00e9kesegyh\u00e1z g\u00f3tikus tornyai a k\u00f6zelben magasodnak, m\u00edg a nagyhercegi palota szigor\u00fa homlokzat\u00e1val \u00e9s \u00fcnnepi \u0151rs\u00e9g\u00e9vel a vil\u00e1g egyetlen fennmaradt szuver\u00e9n nagyhercegs\u00e9g\u00e9nek bizony\u00edt\u00e9ka.<\/p>\n<p>A f\u0151v\u00e1roson t\u00fal Luxemburg v\u00e1rosai csendesebb ritmusokat \u00e9s egyedi b\u00e1jt testes\u00edtenek meg. Echternach, amelyet a hetedik sz\u00e1zadban alap\u00edtottak egy benc\u00e9s ap\u00e1ts\u00e1g k\u00f6r\u00e9, ma is \u0151rzi a bazilik\u00e1t, ahol Szent Willibrord nyugszik. Az \u00e9venk\u00e9nti p\u00fcnk\u00f6sdkeddi k\u00f6rmenet, egy \u00e9vsz\u00e1zados hagyom\u00e1ny, amely a t\u00e1nccal \u00e9s a zar\u00e1ndoklattal teli keskeny utc\u00e1kon kereszt\u00fcl vezet, mind a hitet, mind a k\u00f6z\u00f6ss\u00e9gi eml\u00e9kezetet felid\u00e9zi. Vianden, a v\u00e1ros \u00e9szakkeleti sz\u00e9l\u00e9n, egy magasod\u00f3 k\u00f6z\u00e9pkori v\u00e1rat foglal mag\u00e1ban az Our foly\u00f3 felett. A tizenkilencedik sz\u00e1zadi pomp\u00e1j\u00e1ban helyre\u00e1ll\u00edtott er\u0151d Victor Hugo reg\u00e9nyeire eml\u00e9keztet, aki a k\u00f6zelben lakott, \u00e9s a b\u00e1sty\u00e1iban romantikus k\u00e9pzelet m\u00fazs\u00e1j\u00e1ra lelt. D\u00e9len a Moselle bor\u00fat olyan falvakon kereszt\u00fcl kanyarog, mint Remich, ahol palatet\u0151s h\u00e1zak sorakoznak a foly\u00f3 partj\u00e1n, \u00e9s rizling sz\u0151l\u0151t\u0151k\u00e9k szeg\u00e9lyezik a lejt\u0151ket.<\/p>\n<p>Luxemburg kultur\u00e1lis \u00e9lete t\u00falmutat az \u00e9p\u00edt\u00e9szeten \u00e9s a t\u00e1jakon. A f\u0151v\u00e1rosban tal\u00e1lhat\u00f3 m\u00fazeumok a r\u00f3mai mozaikokkal \u00e9s k\u00e9pz\u0151m\u0171v\u00e9szeti gy\u0171jtem\u00e9nyekkel rendelkez\u0151 Nemzeti T\u00f6rt\u00e9neti \u00e9s M\u0171v\u00e9szeti M\u00fazeumt\u00f3l a Jean nagyherceg Modern M\u0171v\u00e9szetek M\u00fazeum\u00e1ig (MU DAM) terjednek, amelynek \u00fcveg- \u00e9s betongal\u00e9ri\u00e1i a P\u00e9trusse-v\u00f6lgyre n\u00e9znek. Diekirchben a Nemzeti Hadt\u00f6rt\u00e9neti M\u00fazeum m\u00e9retar\u00e1nyos makettekkel \u00e9s sz\u00f3beli t\u00f6rt\u00e9netekkel mutatja be az ardenneki csat\u00e1t, meg\u0151rizve a huszadik sz\u00e1zadot form\u00e1l\u00f3 \u00e1ldozathozatal eml\u00e9k\u00e9t. A n\u00e9phagyom\u00e1nyok is fennmaradtak a vid\u00e9ki fesztiv\u00e1lokon \u00e9s a f\u00fav\u00f3szenekari koncerteken, eml\u00e9keztetve arra az id\u0151re, amikor a mez\u0151gazdas\u00e1g \u00e9s a vid\u00e9ki k\u00e9zm\u0171vess\u00e9g uralkodott.<\/p>\n<p>A kulin\u00e1ris hagyom\u00e1nyok is ugyanezt a hat\u00e1sok \u00f6sszefon\u00f3d\u00e1s\u00e1t k\u00f6vetik nyomon. A kiad\u00f3s n\u00e9pi \u00e9telek a vid\u00e9ki \u00f6r\u00f6ks\u00e9get t\u00fckr\u00f6zik: a judd mat gaardebounen, a f\u00fcst\u00f6lt sert\u00e9snyak l\u00f3babbal, tov\u00e1bbra is a nem hivatalos nemzeti fog\u00e1sa, m\u00edg a gromperekichelcher \u2013 ropog\u00f3sra s\u00fclt burgonyalep\u00e9ny \u2013 piacokon \u00e9s \u00fcnneps\u00e9geken jelenik meg. A francia st\u00edlus\u00fa bisztr\u00f3kban b\u0151s\u00e9ges adag coq au Rieslinget szolg\u00e1lnak fel, a portug\u00e1l \u00e9s olasz bev\u00e1ndorl\u00e1s \u00f6r\u00f6ks\u00e9ge pedig a past\u00e9is de nata-ban \u00e9s a v\u00e9kony t\u00e9szt\u00e1j\u00fa pizz\u00e1kban mutatkozik meg, valamint olyan luxemburgi s\u00f6r\u00f6kben, mint a Diekirch \u00e9s a Bofferding. A Moselle-v\u00f6lgy feh\u00e9rborai \u2013 rizling, auxerrois, pinot gris \u00e9s elbling \u2013 az \u0151szi sz\u0151l\u0151sz\u00fcreti fesztiv\u00e1lokat k\u00eds\u00e9rik, amikor a falvakban mindig n\u00e9pszer\u0171 bork\u00f3stol\u00f3 v\u00e1s\u00e1rokat rendeznek.<\/p>\n<p>M\u00edg a turizmus szerepet j\u00e1tszik, a Nagyhercegs\u00e9g hat\u00e1rozottan \u00f6nmaga marad: egy kis orsz\u00e1g, amely sz\u00e1m\u00edt. A t\u00f6megk\u00f6zleked\u00e9si d\u00edjak elt\u00f6rl\u00e9s\u00e9r\u0151l sz\u00f3l\u00f3 d\u00f6nt\u00e9se nem a l\u00e1togat\u00f3k sz\u00e1m\u00e1nak, hanem a polg\u00e1ri hozz\u00e1f\u00e9r\u00e9snek tulajdon\u00edtott \u00e9rt\u00e9ket t\u00fckr\u00f6zi. A t\u00f6bbnyelv\u0171s\u00e9g ir\u00e1nti elk\u00f6telezetts\u00e9ge a p\u00e1rbesz\u00e9dbe, nem pedig a monol\u00f3gba vetett hitet hangs\u00falyozza. Az er\u0151d\u00edtm\u00e9nyek \u00e9s a r\u00e9gi negyedek meg\u0151rz\u00e9se pedig azt a meg\u00e9rt\u00e9st mutatja, hogy az \u00f6r\u00f6ks\u00e9g nem kereskedelmi \u00e9rt\u00e9k, hanem \u00e9l\u0151 p\u00e1rbesz\u00e9d a m\u00falt \u00e9s a jelen k\u00f6z\u00f6tt.<\/p>\n<p>A v\u00e1ltoz\u00f3 dinaszti\u00e1k \u00e9s a v\u00e1ltoz\u00f3 hat\u00e1rok \u00e9vsz\u00e1zadai sor\u00e1n Luxemburg olyan identit\u00e1st kov\u00e1csolt, amely t\u00falmutat m\u00e9ret\u00e9n. Sem Belgium, sem Franciaorsz\u00e1g, sem N\u00e9metorsz\u00e1g, hanem egy k\u00fcl\u00f6n\u00e1ll\u00f3 birodalom, amelyet mindh\u00e1rom form\u00e1lt. Nagyhercegs\u00e9g, parlament\u00e1ris demokr\u00e1cia, p\u00e9nz\u00fcgyi k\u00f6zpont, erd\u0151k \u00e9s sz\u0151l\u0151\u00fcltetv\u00e9nyek z\u00f6ld h\u00e1l\u00f3zata, nyelvek \u00e9s eszm\u00e9k keresztez\u0151d\u00e9se. Az utaz\u00f3 sz\u00e1m\u00e1ra, aki t\u00f6bbet keres a puszta v\u00e1rosn\u00e9z\u00e9sn\u00e9l \u2013 a hely m\u00e9lyebb megismer\u00e9s\u00e9re \u2013, Luxemburg egyszerre k\u00edn\u00e1l intimit\u00e1st \u00e9s t\u00e1gass\u00e1got: intim, mint egy d\u00e9li naps\u00fct\u00e9s \u00e1ltal meleg\u00edtett falusi utca, t\u00e1gas, mint maga Eur\u00f3pa eszm\u00e9je, t\u00f6rt\u00e9nelemmel \u00e1titatott \u00e9s a holnapra figyel\u0151.<\/p>\n<p>Egy olyan kontinensen, amelyet a l\u00e9pt\u00e9k \u00e9s a fels\u0151bb fok\u00fa jelz\u0151k hat\u00e1roznak meg, Luxemburg az egyens\u00faly \u00e9s a koherencia r\u00e9v\u00e9n \u00e9rv\u00e9nyes\u00edti jelent\u0151s\u00e9g\u00e9t. Bebizony\u00edtja, hogy a gazdags\u00e1g ugyan\u00fagy rejlik az emberi l\u00e9pt\u00e9kben, mint a hatalmass\u00e1gban: a z\u00e1rt ap\u00e1ts\u00e1gokban \u00e9s a magas viaduktokban, a suttogott dialektusokban \u00e9s a nagysebess\u00e9g\u0171 vonatok d\u00fcb\u00f6rg\u00e9s\u00e9ben, a sz\u00e9les \u00e9gbolt el\u0151tt \u00e1ll\u00f3 miniat\u0171r kast\u00e9lyokban. Ez egy olyan f\u00f6ld, ahol a hat\u00e1rok nem az\u00e9rt futnak \u00f6ssze, hogy megosszanak, hanem \u00f6sszefon\u00f3djanak, ahol a kult\u00fara nem szlogenekk\u00e9 reduk\u00e1l\u00f3dik, hanem a besz\u00e9d ritmus\u00e1ban \u00e9s a helyi bor \u00edz\u00e9ben \u00e9l. Luxemburg a maga csendes m\u00f3dj\u00e1n arra \u00f6szt\u00f6n\u00f6z, hogy elm\u00e9lkedj\u00fcnk azon, mit jelenthet az egys\u00e9g \u2013 \u00e9s hogyan vil\u00e1g\u00edthatja meg egy kis k\u00f6z\u00f6ss\u00e9g \u00f6nmag\u00e1t megismerve a t\u00e1gabb vil\u00e1got.<\/p>","protected":false},"excerpt":{"rendered":"<p>Luxemburg, amelyet hivatalosan Luxemburgi Nagyhercegs\u00e9gk\u00e9nt emlegetnek, egy kicsi, de figyelemre m\u00e9lt\u00f3 nemzet Nyugat-Eur\u00f3pa magj\u00e1ban. Ez a tengerparttal nem rendelkez\u0151 orsz\u00e1g, korl\u00e1tozott m\u00e9retei ellen\u00e9re, kulcsfontoss\u00e1g\u00fa szerepet j\u00e1tszik az eur\u00f3pai \u00fcgyekben, \u00e9s a kultur\u00e1lis hat\u00e1sok, a gazdas\u00e1gi j\u00f3l\u00e9t \u00e9s a politikai jelent\u0151s\u00e9ge jellegzetes \u00f6tv\u00f6zete van. Nyugat-Eur\u00f3pa metsz\u00e9spontj\u00e1ban tal\u00e1lhat\u00f3 Luxemburg h\u00e1rom nemzettel hat\u00e1ros: nyugaton \u00e9s \u00e9szakon Belgium, keleten N\u00e9metorsz\u00e1g, d\u00e9len Franciaorsz\u00e1g. Ez a strat\u00e9giai poz\u00edci\u00f3 az \u00e9vek sor\u00e1n befoly\u00e1solta Luxemburg t\u00f6rt\u00e9nelm\u00e9t, kult\u00far\u00e1j\u00e1t \u00e9s nyelvi soksz\u00edn\u0171s\u00e9g\u00e9t.<\/p>","protected":false},"author":1,"featured_media":3095,"parent":24078,"menu_order":0,"comment_status":"closed","ping_status":"closed","template":"elementor_theme","meta":{"_eb_attr":"","footnotes":""},"class_list":["post-11520","page","type-page","status-publish","has-post-thumbnail"],"_links":{"self":[{"href":"https:\/\/travelshelper.com\/hu\/wp-json\/wp\/v2\/pages\/11520","targetHints":{"allow":["GET"]}}],"collection":[{"href":"https:\/\/travelshelper.com\/hu\/wp-json\/wp\/v2\/pages"}],"about":[{"href":"https:\/\/travelshelper.com\/hu\/wp-json\/wp\/v2\/types\/page"}],"author":[{"embeddable":true,"href":"https:\/\/travelshelper.com\/hu\/wp-json\/wp\/v2\/users\/1"}],"replies":[{"embeddable":true,"href":"https:\/\/travelshelper.com\/hu\/wp-json\/wp\/v2\/comments?post=11520"}],"version-history":[{"count":0,"href":"https:\/\/travelshelper.com\/hu\/wp-json\/wp\/v2\/pages\/11520\/revisions"}],"up":[{"embeddable":true,"href":"https:\/\/travelshelper.com\/hu\/wp-json\/wp\/v2\/pages\/24078"}],"wp:featuredmedia":[{"embeddable":true,"href":"https:\/\/travelshelper.com\/hu\/wp-json\/wp\/v2\/media\/3095"}],"wp:attachment":[{"href":"https:\/\/travelshelper.com\/hu\/wp-json\/wp\/v2\/media?parent=11520"}],"curies":[{"name":"wp","href":"https:\/\/api.w.org\/{rel}","templated":true}]}}