{"id":11481,"date":"2024-09-13T00:27:22","date_gmt":"2024-09-13T00:27:22","guid":{"rendered":"https:\/\/travelshelper.com\/staging\/?page_id=11481"},"modified":"2026-03-12T18:33:09","modified_gmt":"2026-03-12T18:33:09","slug":"monaco","status":"publish","type":"page","link":"https:\/\/travelshelper.com\/hu\/destinations\/europe\/monaco\/","title":{"rendered":"Monaco"},"content":{"rendered":"<p>Monaco, egy szuver\u00e9n v\u00e1ros\u00e1llam a Francia Rivi\u00e9r\u00e1n, 2,08 km\u00b2 szikl\u00e1s hegyfokkal \u00e9s visszanyert f\u00f6ldter\u00fclettel b\u00fcszk\u00e9lkedhet. 2025 elej\u00e9n 38 400 lakos\u00e1nak kevesebb mint 10 000 monac\u00f3i \u00e1llampolg\u00e1ra volt, a t\u00f6bbiek Franciaorsz\u00e1gb\u00f3l, Olaszorsz\u00e1gb\u00f3l, az Egyes\u00fclt Kir\u00e1lys\u00e1gb\u00f3l \u00e9s m\u00e1s orsz\u00e1gokb\u00f3l \u00e9rkeztek. A h\u00e1rom oldalr\u00f3l Franciaorsz\u00e1g \u00e1ltal hat\u00e1rolt \u00e9s a F\u00f6ldk\u00f6zi-tengerre n\u00e9z\u0151 mikro\u00e1llam az \u00e9vsz\u00e1zados dinasztikus uralmat a modern luxussal \u00f6tv\u00f6zi, \u00edgy a F\u00f6ld legs\u0171r\u0171bben lakott \u00e9s leggazdagabb ter\u00fcletei k\u00f6z\u00e9 tartozik.<\/p>\n<p>Att\u00f3l a pillanatt\u00f3l kezdve, hogy el\u0151sz\u00f6r pillantjuk meg Monaco kompakt l\u00e1tk\u00e9p\u00e9t, a k\u00f6z\u00e9pkori er\u0151d\u00edtm\u00e9nyek \u00e9s a modern felh\u0151karcol\u00f3k egym\u00e1s melletti l\u00e1tv\u00e1nya f\u00e9lre\u00e9rthetetlen. A r\u00e9gi negyed sz\u00edv\u00e9ben, amelyet k\u00f6znyelven Le Rocher-k\u00e9nt ismernek, meredeken emelkedik ki a tengerb\u0151l a Monaco-szikla. Itt keskeny, macskak\u00f6ves utc\u00e1k kanyarognak a halv\u00e1ny k\u0151h\u00e1zak k\u00f6z\u00f6tt, amelyek a hercegi palot\u00e1hoz vezetnek, amelynek homlokzata a tizenhetedik sz\u00e1zadb\u00f3l sz\u00e1rmazik. Minden d\u00e9lut\u00e1n, j\u00f3val a nap lemegy a horizonton, egy kis egyenruh\u00e1s katon\u00e1kb\u00f3l \u00e1ll\u00f3 k\u00fcl\u00f6n\u00edtm\u00e9ny teszi meg m\u00e9lt\u00f3s\u00e1gteljes menet\u00e9t a palota b\u00e1sty\u00e1i ment\u00e9n, ritu\u00e1lis eml\u00e9keztet\u0151k\u00e9nt II. Albert herceg f\u00e9lig alkotm\u00e1nyos monarchi\u00e1j\u00e1ra.<\/p>\n<p>Lent La Condamine r\u00e9gi kik\u00f6t\u0151je eg\u00e9szen m\u00e1s energi\u00e1val pezseg. A Hercule kik\u00f6t\u0151ben minden elk\u00e9pzelhet\u0151 hossz\u00fas\u00e1g\u00fa jachtok horgonyoznak, csillog\u00f3 haj\u00f3test\u00fck t\u00fckr\u00f6z\u0151dik a mediterr\u00e1n nap alatt l\u00e1gyan fodroz\u00f3d\u00f3 v\u00edzben. A hal\u00e1szok hajnalban indulnak \u00fatnak, hogy a r\u00e9gi\u00f3 egyetlen term\u00e9szetes ipar\u00e1g\u00e1t \u0171zz\u00e9k, m\u00edg a Place d&#039;Armes piaci standjai a k\u00f6zeli Provence-b\u00f3l \u00e9s Liguri\u00e1b\u00f3l import\u00e1lt term\u00e9keket k\u00edn\u00e1lnak. Friss z\u00f6lds\u00e9gek, provence-i f\u0171szern\u00f6v\u00e9nyek \u00e9s olasz olajbogy\u00f3k kever\u00e9k\u00e9vel a piac egy olyan kulin\u00e1ris identit\u00e1st t\u00e1r fel, amelyet Monaco k\u00e9t nagy hagyom\u00e1ny metsz\u00e9spontj\u00e1ban elfoglalt egyed\u00fcl\u00e1ll\u00f3 elhelyezked\u00e9se alak\u00edtott ki.<\/p>\n<p>A kor\u00e1bbi tengerfen\u00e9k nyugati ir\u00e1ny\u00fa terjeszked\u00e9se hozta l\u00e9tre Fontvieille negyed\u00e9t, egy sz\u00e9les s\u00e9t\u00e1nyokkal, k\u00f6nny\u0171iparral \u00e9s z\u00f6ldell\u0151 s\u00e9t\u00e1nyokkal teli negyedet. Itt f\u00e1k szeg\u00e9lyezik a Port Fontvieille-be vezet\u0151 utakat, ahol kisebb haj\u00f3k osztoznak a rakparton, ahol t\u00f6rt\u00e9nelmi eml\u00e9kt\u00e1bl\u00e1k \u00e1ll\u00edtj\u00e1k eml\u00e9ket a Grimaldi csal\u00e1d els\u0151, az 1970-es \u00e9vekben v\u00e9grehajtott f\u00f6ldhaszn\u00e1lat\u00e1nak. \u00c9szaknyugaton a Jardin Exotique egy \u0151si m\u00e9szk\u0151szikla felett \u00e1ll, \u00fcvegh\u00e1z\u00e1nak ajtaja ritka pozsg\u00e1sokra \u00e9s kaktuszokra ny\u00edlik, amelyek form\u00e1i a hegyfok szikl\u00e1s homlokzat\u00e1t id\u00e9zik.<\/p>\n<p>A Monaco Monte-Carlo \u00e1llom\u00e1s, amelyet 1999-ben r\u00e9szben a f\u00f6ld al\u00e1 \u00e9p\u00edtettek, \u00f6sszek\u00f6ti a fejedelems\u00e9get a sz\u00e9lesebb francia vas\u00fath\u00e1l\u00f3zattal. Nagysebess\u00e9g\u0171 TGV-k k\u00f6tik \u00f6ssze P\u00e1rizst, m\u00edg a region\u00e1lis vonatok Nizz\u00e1t, Cannes-t \u00e9s azon t\u00fal is szolg\u00e1lj\u00e1k ki az utakat. A f\u00f6ld felett a fejedelems\u00e9g \u00fatjai mind\u00f6ssze hetvenh\u00e9t kilom\u00e9ter hossz\u00faak, de a mozg\u00f3l\u00e9pcs\u0151k \u00e9s felvon\u00f3k h\u00e1l\u00f3zata m\u00e9g a legmeredekebb emelked\u0151ket is gyalogosan el\u00e9rhet\u0151v\u00e9 teszi. Monaco messze nem olyan v\u00e1ros, amely elriasztja a gyalogl\u00e1st, hanem a domborzat\u00e1t r\u00e9szes\u00edti el\u0151nyben, \u00e9s arra cs\u00e1b\u00edtja a gyalogosokat, hogy meg\u00e1lljanak a sziklaszirtek sz\u00e9l\u00e9n l\u00e9v\u0151 kil\u00e1t\u00f3pontokon, vagy pihenjenek meg sz\u00e1mos tematikus kertj\u00e9nek egyik\u00e9ben.<\/p>\n<p>Monaco egyetlen eml\u00e9ke sem hagyhatja ki a Monte Carlo Kaszin\u00f3t, a Belle \u00c9poque csillog\u00e1s\u00e1nak eml\u00e9k\u00e9t, amelyet Charles Garnier fejezett be 1879-ben. T\u00f6bbsz\u00edn\u0171 ker\u00e1mi\u00e1i, d\u00edszes erk\u00e9lyei \u00e9s tornyos tet\u0151i \u00e9p\u00edt\u00e9szeti fant\u00e1zi\u00e1t sugallnak, a luxus \u00e9s az \u00e9lvezet tudatos megteremt\u00e9s\u00e9t. S\u00f6t\u00e9t kab\u00e1tos \u00e9s nyakkend\u0151s f\u00e9rfiak minden este felmennek a sz\u00e9les m\u00e1rv\u00e1nyl\u00e9pcs\u0151k\u00f6n, \u00f3lom\u00fcveg baldachinok alatt kelnek \u00e1t a j\u00e1t\u00e9ktermek fel\u00e9, ahol a fresk\u00f3kkal d\u00edsz\u00edtett mennyezet alatt bakkara \u00e9s rulett zajlik. B\u00e1r a lakosokra nem vonatkozik a szem\u00e9lyi j\u00f6vedelemad\u00f3, a kaszin\u00f3 nyeres\u00e9ge r\u00e9g\u00f3ta a fejedelems\u00e9g p\u00e9nz\u00fcgyeinek alapj\u00e1t k\u00e9pezi, \u00e9s olyan k\u00f6zszolg\u00e1ltat\u00e1sokat finansz\u00edroz, amelyek a sokkal nagyobb \u00e1llamok\u00e9t id\u00e9zik.<\/p>\n<p>Monaco \u00e9ghajlat\u00e1t a tengerparti fekv\u00e9s alak\u00edtja. A nyarak melegek, m\u00e9gis a tengeri szell\u0151 enyh\u00edti \u0151ket, \u00e9s a h\u0151m\u00e9rs\u00e9klet ritk\u00e1n haladja meg a 30 \u00b0C-ot. Az \u00e9jszak\u00e1k enyh\u00e9k maradnak, a F\u00f6ldk\u00f6zi-tenger l\u00e1gy melege a legkor\u00e1bbi \u00f3r\u00e1kig megmarad. A telek is dacolnak a sz\u00e9less\u00e9gi fokokkal, d\u00e9r \u00e9s h\u00f3 tal\u00e1n \u00e9vtizedenk\u00e9nt egyszer fordul el\u0151. 2018. febru\u00e1r 27-\u00e9n ritka havaz\u00e1s bor\u00edtotta be mind Monaco-Ville-t, mind Monte Carl\u00f3t, csak egy v\u00e9kony, \u00e1tmeneti takar\u00f3t hagyva a palotatet\u0151k \u00e9s a kaszin\u00f3k tornyai felett.<\/p>\n<p>Az ilyen m\u00e9rs\u00e9kelt \u00e9ghajlat r\u00e9g\u00f3ta vonzza a zordabb \u00e9ghajlat el\u0151l menek\u00fcl\u0151 l\u00e1togat\u00f3kat. A tizenkilencedik sz\u00e1zad v\u00e9g\u00e9n a p\u00e1rizsi vas\u00fatvonal bevezet\u00e9se \u00e9s a kaszin\u00f3 megnyit\u00e1sa a fejedelems\u00e9get Eur\u00f3pa t\u00e1rsadalmi elitj\u00e9nek kedvelt c\u00e9lpontj\u00e1v\u00e1 alak\u00edtotta. Ma Monaco tov\u00e1bbra is vonzza a tenger\u00e9szeket, szerencsej\u00e1t\u00e9kosokat \u00e9s napf\u00e9nykeres\u0151ket, de gazdas\u00e1gilag is diverzifik\u00e1l\u00f3dott. A banki \u00e9s vagyonkezel\u00e9si tev\u00e9kenys\u00e9gek a kis, nagy \u00e9rt\u00e9k\u0171 gy\u00e1rt\u00e1s \u2013 kozmetikumok, prec\u00edzi\u00f3s m\u0171szerek \u00e9s a szennyez\u00e9st ker\u00fcl\u0151 technol\u00f3giai c\u00e9gek \u2013 mellett vir\u00e1goznak. Az alacsony ad\u00f3rendszer arra \u00f6szt\u00f6nzi a v\u00e1llalatokat, hogy region\u00e1lis k\u00f6zpontokat tartsanak fenn Monac\u00f3ban, m\u00edg a szomsz\u00e9dos Franciaorsz\u00e1gb\u00f3l \u00e9s Olaszorsz\u00e1gb\u00f3l \u00e9rkez\u0151, nem rezidens ing\u00e1z\u00f3k sz\u00e1ma meghaladja a helyi munkaer\u0151t.<\/p>\n<p>Politikailag Monaco f\u00e9lig alkotm\u00e1nyos monarchia alatt m\u0171k\u00f6dik. II. Albert herceg jelent\u0151s hatalommal rendelkezik, nevezetesen a k\u00fcl\u00fcgyekben \u00e9s a korm\u00e1nyf\u0151 kinevez\u00e9s\u00e9ben. Francia b\u00edr\u00e1k szolg\u00e1lnak az igazs\u00e1gszolg\u00e1ltat\u00e1sban, a v\u00e9delem pedig Franciaorsz\u00e1g hat\u00e1sk\u00f6r\u00e9be tartozik, b\u00e1r Monaco k\u00e9t kis katonai egys\u00e9get tart fenn. Ami\u00f3ta a Grimaldi-h\u00e1z 1297-ben el\u0151sz\u00f6r elfoglalta a Szikl\u00e1t, a dinasztikus folytonoss\u00e1g megalapozta a fejedelems\u00e9g identit\u00e1s\u00e1t, amelynek szuverenit\u00e1s\u00e1t olyan szerz\u0151d\u00e9sek r\u00f6gz\u00edtett\u00e9k, mint az 1861-es, \u00e9s az 1993-as ENSZ-tags\u00e1g is meger\u0151s\u00edtette.<\/p>\n<p>Monaco kultur\u00e1lis \u00e9lete t\u00falmutat a kaszin\u00f3kon \u00e9s a Grand Prix-felvonul\u00e1sokon. A Le Rocher sz\u00e9l\u00e9n tal\u00e1lhat\u00f3 Oceanogr\u00e1fiai M\u00fazeum tengeri p\u00e9ld\u00e1nyok, modellkutat\u00f3 haj\u00f3k \u00e9s interakt\u00edv ki\u00e1ll\u00edt\u00e1sok \u00fcnnepelt gy\u0171jtem\u00e9ny\u00e9nek ad otthont, amelyek I. Albert herceg \u00fatt\u00f6r\u0151 oceanogr\u00e1fiai exped\u00edci\u00f3it kr\u00f3nik\u00e1zz\u00e1k. A k\u00f6zelben tal\u00e1lhat\u00f3 a Nemzetk\u00f6zi Atomenergia \u00dcgyn\u00f6ks\u00e9g Tengeri K\u00f6rnyezetv\u00e9delmi Laborat\u00f3riumai, amelyek az ENSZ egyetlen ilyen jelleg\u0171 l\u00e9tes\u00edtm\u00e9nyek\u00e9nt a tenger\u00e9szeti kutat\u00e1snak szentelik magukat. A palota \u00e1rny\u00e9k\u00e1ban olyan gal\u00e9ri\u00e1k, mint a Villa Sauber, kort\u00e1rs m\u0171v\u00e9szeti ki\u00e1ll\u00edt\u00e1sokat rendeznek, m\u00edg a Monaco \u00daj Nemzeti M\u00fazeuma a kultur\u00e1lis \u00f6r\u00f6ks\u00e9g \u00e9s a modernit\u00e1s metsz\u00e9spontj\u00e1t t\u00e1rja fel a Belle \u00c9poque vill\u00e1kban.<\/p>\n<p>Az aut\u00f3rajong\u00f3k minden \u00e9vben Monte-Carl\u00f3ban gy\u0171lnek \u00f6ssze a Formula\u20131 Nagyd\u00edjra, egy m\u00e1jus v\u00e9gi l\u00e1tv\u00e1nyoss\u00e1gra, amely a k\u00f6zutakat a motorsport legig\u00e9nyesebb p\u00e1ly\u00e1j\u00e1v\u00e1 v\u00e1ltoztatja. Sz\u0171k kanyarok, szintk\u00fcl\u00f6nbs\u00e9gek \u00e9s egy alag\u00fatszakasz teszi pr\u00f3b\u00e1ra a pil\u00f3t\u00e1k \u00fcgyess\u00e9g\u00e9t 3,34 km hossz\u00fa v\u00e1rosi utc\u00e1kon. P\u00e1ros \u00e9vekben k\u00e9t h\u00e9ttel kor\u00e1bban a Historic Grand Prix a veter\u00e1n versenyg\u00e9peket \u00fcnnepli; v\u00e1ltakoz\u00f3 \u00e9vekben az elektromos Formula E Monaco ePrix a motorsport j\u00f6v\u0151j\u00e9t hirdeti. A janu\u00e1rban megrendez\u00e9sre ker\u00fcl\u0151 Nemzetk\u00f6zi Cirkuszfesztiv\u00e1l \u00e9s a minden szeptemberben megrendez\u00e9sre ker\u00fcl\u0151 Monaco Yacht Show tov\u00e1bb sz\u00ednes\u00edti a napt\u00e1rat olyan esem\u00e9nyekkel, amelyek minden kontinensr\u0151l vonzz\u00e1k a fell\u00e9p\u0151ket \u00e9s a l\u00e1togat\u00f3kat.<\/p>\n<p>A gasztron\u00f3mia t\u00fckr\u00f6zi Monaco kozmopolita sz\u00f6vet\u00e9t. A Michelin-csillagos konyh\u00e1k mellett laza k\u00e1v\u00e9z\u00f3k is m\u0171k\u00f6dnek, amelyek pizz\u00e1t, sal\u00e1t\u00e1kat \u00e9s region\u00e1lis specialit\u00e1sokat k\u00edn\u00e1lnak. A h\u00e1romcsillagos Le Louis XV a haute cuisine megtestes\u00edt\u0151je, m\u00edg a kaszin\u00f3 mellett 1868-ban megny\u00edlt Caf\u00e9 de Paris a grand caf\u00e9 kult\u00fara hagyom\u00e1ny\u00e1t folytatja. A v\u00edzpartt\u00f3l t\u00e1volabb es\u0151 utc\u00e1kban helyi bisztr\u00f3k k\u00edn\u00e1lnak provence-i hal\u00e1szlevest \u00e9s lig\u00fariai st\u00edlus\u00fa t\u00e9szt\u00e1t m\u00e9rs\u00e9keltebb \u00e1ron, a szabadban, a lilaak\u00e1cok lombkoron\u00e1ja alatt.<\/p>\n<p>Monaco negyedei mind a politikai reformok, mind a kreat\u00edv m\u00e9rn\u00f6ki munka r\u00e9v\u00e9n fejl\u0151dtek. A hagyom\u00e1nyosan Monaco-Ville-re, Monte Carl\u00f3ra, La Condamine-ra \u00e9s Fontvieille-re osztott fejedelems\u00e9g ma kilenc k\u00f6zigazgat\u00e1si ker\u00fcletb\u0151l \u00e1ll. A tengerb\u0151l visszah\u00f3d\u00edtott hathekt\u00e1ros Le Portier negyed 2024 december\u00e9ben ny\u00edlt meg, lak\u00f3- \u00e9s kereskedelmi ter\u00fcleteket kiterjesztve a t\u00fcrkizk\u00e9k F\u00f6ldk\u00f6zi-tengerre. A tov\u00e1bbi b\u0151v\u00edt\u00e9sre vonatkoz\u00f3 tervek t\u00fckr\u00f6zik az \u00f6r\u00f6ks\u00e9gv\u00e9delmi \u00e1gazatok \u00e9s a modern \u00e9let ig\u00e9nyei k\u00f6z\u00f6tti folyamatos p\u00e1rbesz\u00e9det.<\/p>\n<p>Kis m\u00e9rete ellen\u00e9re Monaco sz\u00e1mos z\u00f6ldter\u00fcletet k\u00edn\u00e1l. A Princess Grace R\u00f3zsakert, amelyet 1984-ben \u00fcltettek a n\u00e9hai hercegn\u0151 eml\u00e9k\u00e9re, teraszain t\u00f6bb mint 4000 vir\u00e1g vir\u00e1gzik. A bambuszligetek \u00e9s k\u0151l\u00e1mp\u00e1sok \u00e1ltal szeg\u00e9lyezett Jap\u00e1nkert csendes medit\u00e1ci\u00f3ra ad lehet\u0151s\u00e9get a Casino t\u00e9r k\u00f6zel\u00e9ben. A v\u00e1ros legmagasabb pontj\u00e1n tal\u00e1lhat\u00f3 Egzotikus Kert barlangj\u00e1ban \u00e9vezredek alatt form\u00e1l\u00f3dott cseppk\u00f6vek \u00e9s sztalagmitok l\u00e1that\u00f3k, m\u00edg a Saint-Martin Kertben \u00e1rny\u00e9kos \u00f6sv\u00e9nyek vezetnek a kik\u00f6t\u0151re.<\/p>\n<p>A monac\u00f3i k\u00f6zleked\u00e9s hidat k\u00e9pez a modern hat\u00e9konys\u00e1g \u00e9s a terepviszonyok korl\u00e1tai k\u00f6z\u00f6tt. A CAM \u00e1ltal \u00fczemeltetett egyetlen buszh\u00e1l\u00f3zat 143 meg\u00e1ll\u00f3t k\u00f6t \u00f6ssze \u00f6t \u00fatvonalon, m\u00edg az \u00e9jszakai buszok hajnali 4 \u00f3r\u00e1ig k\u00f6zlekednek. Egy gyalogosok sz\u00e1m\u00e1ra fenntartott komp h\u00fasz percenk\u00e9nt \u00e1tkel a Hercule kik\u00f6t\u0151n, \u00e9s egy ingyenes mozg\u00f3l\u00e9pcs\u0151rendszer sz\u00e1ll\u00edtja a gyalogosokat az alacsonyan fekv\u0151 ker\u00fcletekb\u0151l a hegyvid\u00e9ki negyedekbe. A mag\u00e1nj\u00e1rm\u0171vek kev\u00e9s n\u00e9pszer\u0171s\u00e9gnek \u00f6rvendenek a lakosok \u00e9s a l\u00e1togat\u00f3k k\u00f6r\u00e9ben, mivel a parkol\u00f3helyek sz\u0171k\u00f6ss\u00e9ge \u00e9s a keskeny utak ink\u00e1bb megterhel\u0151ek, mint k\u00e9nyelmesek. Ehelyett az elektromos ker\u00e9kp\u00e1rok, rollerek \u00e9s gyalogos utak \u00f6szt\u00f6nzik a gyalogos vagy megosztott mobilit\u00e1si rendszereken kereszt\u00fcli felfedez\u00e9st.<\/p>\n<p>Az ingatlan\u00e1rak a vil\u00e1gon a legmagasabbak k\u00f6z\u00e9 tartoznak, gyakran meghaladj\u00e1k a n\u00e9gyzetm\u00e9terenk\u00e9nti 100 000 eur\u00f3t. Az Odeon Tower penthouse lak\u00e1s\u00e1nak \u00e9rt\u00e9kel\u00e9se 2016-ban 335 milli\u00f3 doll\u00e1r volt, ami t\u00fckr\u00f6zi mind a helyhi\u00e1nyt, mind a fejedelems\u00e9g preszt\u00edzs\u00e9t. A lakosok t\u00f6bb mint harminc sz\u00e1zal\u00e9ka milliomos, \u00e9s Monaco rendelkezik a vil\u00e1gon a legmagasabb egy f\u0151re jut\u00f3 milli\u00e1rdosok koncentr\u00e1ci\u00f3j\u00e1val. A f\u00e9ny\u0171z\u00e9s m\u00e1za alatt azonban a v\u00e1rosrendez\u0151k \u00e9s a k\u00f6rnyezetv\u00e9d\u0151k egyar\u00e1nt szembes\u00fclnek a fenntarthat\u00f3s\u00e1g kih\u00edv\u00e1saival, az energiafogyaszt\u00e1st\u00f3l a tengeri v\u00e9delemig.<\/p>\n<p>Az oktat\u00e1s \u00e9s az eg\u00e9szs\u00e9g\u00fcgy a turizmusb\u00f3l \u00e9s a p\u00e9nz\u00fcgyekb\u0151l sz\u00e1rmaz\u00f3 bev\u00e9telekb\u0151l profit\u00e1l. A nemzetk\u00f6zi iskol\u00e1k brit, amerikai vagy francia-monac\u00f3i tantervet k\u00f6vetnek, m\u00edg az \u00e1llami iskolarendszer francia, monac\u00f3i \u00e9s m\u00e1s nyelveken folyik oktat\u00e1s. A Boulevard du Jardin Exotique-on tal\u00e1lhat\u00f3, 24 \u00f3r\u00e1s k\u00f3rh\u00e1z a rezidenseket \u00e9s a k\u00fclf\u00f6ldi szem\u00e9lyzetet szolg\u00e1lja ki, speci\u00e1lis kardiol\u00f3giai, onkol\u00f3giai \u00e9s s\u00fcrg\u0151ss\u00e9gi oszt\u00e1lyokkal. Monac\u00f3ban az \u00e1tlagos \u00e9lettartam k\u00f6zel kilencven \u00e9v, ami a vil\u00e1g legmagasabbjai k\u00f6z\u00e9 tartozik, a mediterr\u00e1n \u00e9trend, az \u00e1tfog\u00f3 k\u00f6zszolg\u00e1ltat\u00e1sok \u00e9s a b\u0151s\u00e9ges z\u00f6ldter\u00fcletek kombin\u00e1ci\u00f3j\u00e1nak k\u00f6sz\u00f6nhet\u0151en.<\/p>\n<p>A vall\u00e1s \u00e9s a hagyom\u00e1nyok l\u00e1that\u00f3 helyet foglalnak el a v\u00e1rosi \u00e9letben. Az 1875-ben felszentelt Notre-Dame-Immacul\u00e9e sz\u00e9kesegyh\u00e1z ad otthont a kor\u00e1bbi hercegek \u00e9s Grace hercegn\u0151 s\u00edrj\u00e1nak. Minden janu\u00e1rban a szuver\u00e9n herceg menyasszonya elhelyezi menyasszonyi csokr\u00e1j\u00e1t a Sainte-D\u00e9vote k\u00e1poln\u00e1ban, amelynek v\u00e9d\u0151szentje egy utcasarki szent\u00e9ly felett \u00e1ll. Janu\u00e1r 27-\u00e9n a monac\u00f3iak Szent D\u00e9vota \u00fcnnep\u00e9t tartj\u00e1k, amelynek sor\u00e1n egy kis haj\u00f3s felvonul\u00e1s l\u00e1ngra lobbantja a szent jelk\u00e9p\u00e9t a tengeren.<\/p>\n<p>A kereskedelem vir\u00e1gzik a ter\u00fclet sz\u00e9tsz\u00f3rt kis negyedeiben. Az Aranyk\u00f6r \u2013 amelyet az Avenue Monte Carlo \u00e9s az All\u00e9es Lumi\u00e8res sug\u00e1r\u00fat szeg\u00e9lyez \u2013 a Herm\u00e8s, a Dior, a Gucci \u00e9s m\u00e1s luxusm\u00e1rk\u00e1k z\u00e1szl\u00f3shaj\u00f3inak ad otthont. A k\u00f6zelben tal\u00e1lhat\u00f3 Condamine piac \u00e9s a rue Princess Caroline s\u00e9t\u00e1l\u00f3utca k\u00e9zm\u0171ves term\u00e9kek, friss term\u00e9kek \u00e9s h\u00e9tk\u00f6znapi \u00e1rucikkek ellenpontj\u00e1t k\u00edn\u00e1lja. A Carrefour szupermarketnek otthont ad\u00f3 Fontvieille bev\u00e1s\u00e1rl\u00f3k\u00f6zpont mindennapi k\u00e9nyelmet biztos\u00edt, m\u00edg a Carr\u00e9 d&#039;Or negyed a luxus \u00e9kszerek \u00e9s haute couture \u00ednyenceit szolg\u00e1lja ki.<\/p>\n<p>Azok sz\u00e1m\u00e1ra, akik a k\u00f6zutakt\u00f3l menek\u00fclnek, Monaco partvonala sz\u00e1mos strand \u00e9s szikl\u00e1s \u00f6b\u00f6l ment\u00e9n h\u00faz\u00f3dik. Larvotto, a fejedelems\u00e9g f\u0151 strandja, p\u00e1lmaf\u00e1kkal szeg\u00e9lyezett rakpartok \u00e9s pasztellsz\u00edn\u0171 homlokzatok h\u00e1tter\u00e9ben h\u00edvogatja az \u00fasz\u00f3kat. Az \u00faj s\u00e9t\u00e1nyok \u00e9s gyalogoshidak tervei \u00edg\u00e9retess\u00e9 teszik a tengerhez val\u00f3 hozz\u00e1f\u00e9r\u00e9st, meger\u0151s\u00edtve Monaco \u00e9vsz\u00e1zados kapcsolat\u00e1t a F\u00f6ldk\u00f6zi-tengerrel.<\/p>\n<p>Az ut\u00f3bbi \u00e9vekben Monaco a k\u00f6rnyezettudatoss\u00e1got vez\u00e9relvk\u00e9nt alkalmazta. Az Oceanogr\u00e1fiai M\u00fazeum korallz\u00e1tony-restaur\u00e1ci\u00f3s projektjei \u00e9s a II. Albert herceg Alap\u00edtv\u00e1ny tengeri v\u00e9delmi kezdem\u00e9nyez\u00e9sei hangs\u00falyozz\u00e1k az \u00f6kol\u00f3giai egyens\u00faly ir\u00e1nti elk\u00f6telezetts\u00e9get. Napelemek d\u00edsz\u00edtik a k\u00f6z\u00e9p\u00fcleteket, \u00e9s elektromos j\u00e1rm\u0171t\u00f6lt\u0151 pontok tark\u00edtj\u00e1k a f\u00f6ldalatti parkol\u00f3kat. A v\u00e1rosfejleszt\u00e9si kezdem\u00e9nyez\u00e9sek a z\u00f6ldtet\u0151k \u00e9s az \u00e1tereszt\u0151 fel\u00fcletek integr\u00e1l\u00e1s\u00e1ra t\u00f6rekszenek, enyh\u00edtve a s\u0171r\u0171 be\u00e9p\u00edt\u00e9snek az es\u0151v\u00edz lefoly\u00e1s\u00e1ra \u00e9s a v\u00e1rosi h\u0151s\u00e9gre gyakorolt \u200b\u200bhat\u00e1s\u00e1t.<\/p>\n<p>Monaco vonzereje azonban nemcsak \u00e9p\u00edtett k\u00f6rnyezet\u00e9b\u0151l vagy gazdas\u00e1gi helyzet\u00e9b\u0151l fakad, hanem a k\u00f6vekkel \u00e9s a tengerrel \u00f6sszefon\u00f3d\u00f3 emberi t\u00f6rt\u00e9netekb\u0151l is. A Belle \u00c9poque m\u0171hely\u00e9ig visszany\u00fal\u00f3 k\u00e9zm\u0171vesek ma is k\u00e9sz\u00edtenek egyedi \u00e9kszereket sz\u0171k m\u0171termeikben. Hal\u00e1szok \u00e9s k\u00e1v\u00e9z\u00f3tulajdonosok provencei dialektusban \u00fcdv\u00f6zlik egym\u00e1st az \u00e9vszakhoz kapcsol\u00f3d\u00f3an. M\u00e9rn\u00f6k\u00f6k \u00e9s term\u00e9szetv\u00e9d\u0151k m\u0171k\u00f6dnek egy\u00fctt olyan projekteken, amelyek csup\u00e1n hekt\u00e1rokkal b\u0151v\u00edtik a fejedelems\u00e9g f\u00f6ldter\u00fclet\u00e9t, mik\u00f6zben meg\u0151rzik a part menti vizek tisztas\u00e1g\u00e1t.<\/p>\n<p>Monaco kett\u0151ss\u00e9ge \u2013 \u0151si szikla \u00e9s modern l\u00e1tk\u00e9p, fejedelems\u00e9g \u00e9s j\u00e1tsz\u00f3t\u00e9r \u2013 minden utc\u00e1n \u00e9s parton visszhangzik. Azok a l\u00e1togat\u00f3k, akik a szuperjachtok \u00e9s a magas t\u00e9ttel b\u00edr\u00f3 asztalok ragyog\u00e1s\u00e1n t\u00falra mer\u00e9szkednek, egy olyan helyet fedeznek fel, amelyet a f\u00f6ldrajz \u00e9s a dinasztia, az amb\u00edci\u00f3 \u00e9s a visszafogotts\u00e1g form\u00e1lt. Itt, ahol a m\u00e9szk\u0151 alapk\u0151zet a jura kori tengerek nyomait viseli mag\u00e1n, \u00e9s a jelenkori rekultiv\u00e1ci\u00f3 alak\u00edtja \u00e1t a horizontot, Monaco t\u00f6rt\u00e9nete nem a luxus klis\u00e9jek\u00e9nt bontakozik ki, hanem az emberi tal\u00e1l\u00e9konys\u00e1g bizonys\u00e1gak\u00e9nt, amelyet egy t\u0171sz\u00far\u00e1snyi szuver\u00e9n f\u00f6ld korl\u00e1tain bel\u00fcl alkalmaznak.<\/p>\n<p>V\u00e9gs\u0151 soron Monaco \u00e9l\u0151 paradoxonk\u00e9nt \u00e1ll el\u0151tt\u00fcnk: a vil\u00e1g legkisebb f\u00fcggetlen \u00e1llama ter\u00fclet\u00e9t tekintve, m\u00e9gis kiterjedt kultur\u00e1lis m\u00e9lys\u00e9ggel; mened\u00e9k a gazdagoknak, m\u00e9gis mindig tekintettel a k\u00f6z\u00f6ss\u00e9gi \u00f6r\u00f6ks\u00e9gre; elb\u0171v\u00f6l\u0151 \u00fati c\u00e9l, m\u00e9gis elk\u00f6telezett term\u00e9szeti \u00e9s t\u00f6rt\u00e9nelmi \u00e9rt\u00e9keinek csendes gondoz\u00e1sa mellett. Minden naps\u00fct\u00f6tte t\u00e9ren, minden barokk p\u00e1rk\u00e1nyzat \u00e9s modernista torony alatt a fejedelems\u00e9g meger\u0151s\u00edti egyedi identit\u00e1s\u00e1t egy nem nagyobb ter\u00fcleten, mint a Central Park \u2013 \u00e9s ezzel gondolkod\u00e1sra k\u00e9sztet azon, hogy egy apr\u00f3 \u00e1llam hogyan testes\u00edtheti meg a folytonoss\u00e1got \u00e9s a v\u00e1ltoz\u00e1st, a hagyom\u00e1nyt \u00e9s az innov\u00e1ci\u00f3t a F\u00f6ldk\u00f6zi-tenger sz\u00edv\u00e9ben.<\/p>","protected":false},"excerpt":{"rendered":"<p>Monaco, a sovereign city-state on the French Riviera, encompasses 2.08 km\u00b2 of rocky promontory and reclaimed land. As of early 2025, its 38,400 inhabitants include fewer than 10,000 Mon\u00e9gasque nationals, with the remainder drawn from France, Italy, the United Kingdom and beyond.<\/p>","protected":false},"author":1,"featured_media":3559,"parent":24078,"menu_order":0,"comment_status":"closed","ping_status":"closed","template":"elementor_theme","meta":{"_eb_attr":"","footnotes":""},"class_list":["post-11481","page","type-page","status-publish","has-post-thumbnail"],"_links":{"self":[{"href":"https:\/\/travelshelper.com\/hu\/wp-json\/wp\/v2\/pages\/11481","targetHints":{"allow":["GET"]}}],"collection":[{"href":"https:\/\/travelshelper.com\/hu\/wp-json\/wp\/v2\/pages"}],"about":[{"href":"https:\/\/travelshelper.com\/hu\/wp-json\/wp\/v2\/types\/page"}],"author":[{"embeddable":true,"href":"https:\/\/travelshelper.com\/hu\/wp-json\/wp\/v2\/users\/1"}],"replies":[{"embeddable":true,"href":"https:\/\/travelshelper.com\/hu\/wp-json\/wp\/v2\/comments?post=11481"}],"version-history":[{"count":0,"href":"https:\/\/travelshelper.com\/hu\/wp-json\/wp\/v2\/pages\/11481\/revisions"}],"up":[{"embeddable":true,"href":"https:\/\/travelshelper.com\/hu\/wp-json\/wp\/v2\/pages\/24078"}],"wp:featuredmedia":[{"embeddable":true,"href":"https:\/\/travelshelper.com\/hu\/wp-json\/wp\/v2\/media\/3559"}],"wp:attachment":[{"href":"https:\/\/travelshelper.com\/hu\/wp-json\/wp\/v2\/media?parent=11481"}],"curies":[{"name":"wp","href":"https:\/\/api.w.org\/{rel}","templated":true}]}}