{"id":11462,"date":"2024-09-12T23:32:50","date_gmt":"2024-09-12T23:32:50","guid":{"rendered":"https:\/\/travelshelper.com\/staging\/?page_id=11462"},"modified":"2026-03-12T18:21:10","modified_gmt":"2026-03-12T18:21:10","slug":"moldova","status":"publish","type":"page","link":"https:\/\/travelshelper.com\/hu\/destinations\/europe\/moldova\/","title":{"rendered":"Moldva"},"content":{"rendered":"<p>Moldova K\u00f6zt\u00e1rsas\u00e1g egy tengerparttal nem rendelkez\u0151 \u00e1llam Kelet-Eur\u00f3p\u00e1ban, 33 483 n\u00e9gyzetkilom\u00e9ternyi ter\u00fclettel \u00e9s k\u00f6r\u00fclbel\u00fcl 2,42 milli\u00f3 lakossal. A Balk\u00e1n\u2013Fekete-tenger medence \u00e9szakkeleti sark\u00e1ban fekszik, nyugaton Rom\u00e1nia, \u00e9szakon, keleten \u00e9s d\u00e9len pedig Ukrajna hat\u00e1rolja. Kisinyov, a f\u0151v\u00e1ros \u00e9s egyben legnagyobb metropolisz, az orsz\u00e1g politikai, kultur\u00e1lis \u00e9s kereskedelmi k\u00f6zpontja.<\/p>\n<p>Moldova legkor\u00e1bbi feljegyzett identit\u00e1sa a tizennegyedik sz\u00e1zad k\u00f6zep\u00e9n jelent meg a Moldvai Fejedelems\u00e9g r\u00e9szek\u00e9nt, amely az oszm\u00e1n birodalom egyik h\u0171b\u00e9ri birtoka volt. K\u00f6zel \u00f6t \u00e9vsz\u00e1zadon \u00e1t a fejedelems\u00e9g a v\u00e1ltoz\u00f3 h\u0171b\u00e9ri uralmak k\u00f6zepette saj\u00e1tos n\u00e9pi kult\u00far\u00e1t tartott fenn. 1812-ben az Oszm\u00e1n Porta \u00e1tengedte Besszar\u00e1bia tartom\u00e1nyt, amely a mai Moldova nagy r\u00e9sz\u00e9t jelentette, az Orosz Birodalomnak. Besszar\u00e1bia d\u00e9li r\u00e9szei 1856-ban \u00fajra csatlakoztak Moldva \u00e9s Havasalf\u00f6ld fejedelems\u00e9g\u00e9hez, majd az 1878-as berlini kongresszust k\u00f6vet\u0151en visszat\u00e9rtek az orosz uralomhoz. Ezek az ingadoz\u00e1sok nyomot hagytak a k\u00f6zigazgat\u00e1si strukt\u00far\u00e1kban, a nyelvhaszn\u00e1latban \u00e9s a f\u00f6ldbirtokl\u00e1si rendszerekben.<\/p>\n<p>Az 1917-es szentp\u00e9terv\u00e1ri felfordul\u00e1s Besszar\u00e1bi\u00e1ra is \u00e1tterjedt, ahol a helyi gy\u0171l\u00e9sek el\u0151sz\u00f6r ki\u00e1ltott\u00e1k ki az auton\u00f3mi\u00e1t a t\u00e9tov\u00e1z\u00f3 Orosz K\u00f6zt\u00e1rsas\u00e1gon bel\u00fcl. 1918 febru\u00e1rj\u00e1ra meger\u0151s\u00edtett\u00e9k a f\u00fcggetlens\u00e9gi nyilatkozatot, \u00e9s r\u00f6viddel ezut\u00e1n a r\u00e9gi\u00f3 a helyi t\u00f6rv\u00e9nyhoz\u00e1s szavaz\u00e1s\u00e1val egyes\u00fclt Rom\u00e1ni\u00e1val. Ez az egy\u00fcttm\u0171k\u00f6d\u00e9s 1940-ig tartott, amikor a Molotov\u2013Ribbentrop-paktum arra k\u00e9nyszer\u00edtette Bukarestet, hogy \u00e1tadja Besszar\u00e1bi\u00e1t \u00e9s \u00c9szak-Bukovin\u00e1t a Szovjetuni\u00f3nak. A szovjet hat\u00f3s\u00e1gok l\u00e9trehozt\u00e1k a Moldvai Szovjet Szocialista K\u00f6zt\u00e1rsas\u00e1got, a volt Besszar\u00e1biai korm\u00e1nyz\u00f3s\u00e1g egyes r\u00e9szeit az Ukr\u00e1n SZSZK ter\u00fcleteivel egyes\u00edtve.<\/p>\n<p>A Szovjetuni\u00f3 sz\u00e9tes\u00e9s\u00e9vel a Moldvai SZSZK 1991. augusztus 27-\u00e9n kiki\u00e1ltotta szuverenit\u00e1s\u00e1t, \u00e9s felvette a Moldova K\u00f6zt\u00e1rsas\u00e1g nevet. Ezzel szinte egy id\u0151ben Transzdnyeszter \u2013 egy keskeny keleti s\u00e1v a Dnyeszter foly\u00f3 ment\u00e9n \u2013 de facto saj\u00e1t k\u00f6zigazgat\u00e1st vezetett be, amely st\u00e1tusz a nemzetk\u00f6zi elismer\u00e9sen t\u00fal is fennmaradt. A k\u00f6zt\u00e1rsas\u00e1g 1994-es alkotm\u00e1nya parlament\u00e1ris keretet vezetett be, a v\u00e9grehajt\u00f3 hatalmat a minisztereln\u00f6k kez\u00e9be ruh\u00e1zta, az eln\u00f6ki tiszts\u00e9get pedig a ceremoni\u00e1lis k\u00e9pviselet sz\u00e1m\u00e1ra tartotta fenn, b\u00e1r a k\u00f6zelm\u00faltbeli tiszts\u00e9gvisel\u0151k kiterjesztett\u00e9k az ut\u00f3bbi nyilv\u00e1nos ismerts\u00e9g\u00e9t.<\/p>\n<p>Az elm\u00falt \u00e9vtizedben Maia Sandu eln\u00f6k \u2013 akit 2020 v\u00e9g\u00e9n v\u00e1lasztottak meg az igazs\u00e1gszolg\u00e1ltat\u00e1s integrit\u00e1s\u00e1nak \u00e9s nyugati orient\u00e1ci\u00f3j\u00e1nak platformj\u00e1n \u2013 ir\u00e1ny\u00edt\u00e1sa alatt Moldova felgyors\u00edtotta az Eur\u00f3pai Uni\u00f3hoz val\u00f3 csatlakoz\u00e1sra ir\u00e1nyul\u00f3 t\u00f6rekv\u00e9seit. A tagjel\u00f6lt st\u00e1tuszt 2022 j\u00fanius\u00e1ban kapta meg, a hivatalos csatlakoz\u00e1si t\u00e1rgyal\u00e1sok pedig 2023. december 13-\u00e1n kezd\u0151dtek. Sandu jelezte az alkotm\u00e1nyos katonai semlegess\u00e9g lehets\u00e9ges \u00fajra\u00e9rt\u00e9kel\u00e9s\u00e9t is a kollekt\u00edv biztons\u00e1gi meg\u00e1llapod\u00e1sokkal val\u00f3 szorosabb \u00f6sszehangol\u00e1s jav\u00e1ra, mik\u00f6zben hat\u00e1rozottan el\u00edt\u00e9lte az orosz behatol\u00e1st a szomsz\u00e9dos Ukrajn\u00e1ba.<\/p>\n<p>F\u00f6ldrajzilag Moldova lank\u00e1s dombokat, sz\u00e9les foly\u00f3v\u00f6lgyeket \u00e9s egy szer\u00e9ny d\u00e9li s\u00edks\u00e1got foglal mag\u00e1ban, amelyet Bugeac n\u00e9ven ismernek. A legmagasabb tengerszint feletti magass\u00e1g a B\u0103l\u0103ne\u0219ti-domb tetej\u00e9n, a Moldvai-fenns\u00edkon bel\u00fcl, amely Ukrajn\u00e1ra \u00e9s Rom\u00e1ni\u00e1ra is kiterjed. Az alr\u00e9gi\u00f3k k\u00f6z\u00e9 tartozik a k\u00f6z\u00e9p-moldvai Codri erd\u0151s hegyvonulatok, az \u00e9szakkeleti Dnyeszter-hegys\u00e9g \u00e9s a nyugati hat\u00e1r ment\u00e9n elter\u00fcl\u0151 Prut-alf\u00f6ld. A f\u00f6ldkereks\u00e9g legterm\u00e9kenyebb talajai k\u00f6z\u00e9 tartoz\u00f3 csernozjom talaj a ter\u00fclet nagyj\u00e1b\u00f3l h\u00e1romnegyed\u00e9t bor\u00edtja, amely r\u00e9g\u00f3ta fenn\u00e1ll\u00f3 mez\u0151gazdas\u00e1gi hagyom\u00e1nyokat t\u00e1pl\u00e1l, amelyek k\u00fcl\u00f6n\u00f6sen alkalmasak a sz\u0151l\u0151termeszt\u00e9sre. Egy keskeny folyos\u00f3 Giurgiule\u0219tin\u00e9l, amelyet 1999-ben Ukrajn\u00e1t\u00f3l szereztek meg, 450 m\u00e9teres Duna-parti ter\u00fcletet biztos\u00edt Moldov\u00e1nak, \u00e9s \u00edgy k\u00f6zvetett hozz\u00e1f\u00e9r\u00e9st biztos\u00edt a Fekete-tengerhez.<\/p>\n<p>Az \u00e9ghajlat m\u00e9rs\u00e9kelten kontinent\u00e1lis, melyet a Fekete-tenger k\u00f6zels\u00e9ge m\u00e9rs\u00e9kel. A ny\u00e1r \u00f6t h\u00f3napig tart, az \u00e1tlagos maximumh\u0151m\u00e9rs\u00e9klet 20 \u00b0C k\u00f6r\u00fcl alakul, m\u00edg a telek h\u0171v\u00f6sek, de ritk\u00e1n sz\u00e9ls\u0151s\u00e9gesek, janu\u00e1rban \u00e1tlagosan -4 \u00b0C-ot m\u00e9rnek. Az \u00e9ves csapad\u00e9kmennyis\u00e9g \u00e9szakon k\u00f6r\u00fclbel\u00fcl 600 mm-t\u0151l d\u00e9len 400 mm-ig v\u00e1ltozik, \u00e9s k\u00e9s\u0151 tavasszal \u00e9s kora \u0151sszel koncentr\u00e1l\u00f3dik. A heves z\u00e1porok helyi er\u00f3zi\u00f3t okoznak, b\u00e1r a tart\u00f3s asz\u00e1lyok megszak\u00edthatj\u00e1k a mez\u0151gazdas\u00e1gi ciklust. A t\u00f6rt\u00e9nelmi sz\u00e9ls\u0151s\u00e9gek k\u00f6z\u00e9 tartozik a 2007. j\u00falius 21-i 41,5 \u00b0C Camenc\u00e1ban \u00e9s a -35,5 \u00b0C 1963. janu\u00e1r 20-i Br\u0103tu\u0219eniben.<\/p>\n<p>Moldova gazdas\u00e1g\u00e1t szer\u00e9ny egy f\u0151re jut\u00f3 termel\u00e9s jellemzi, amivel az eur\u00f3pai nemzetek k\u00f6z\u00f6tt a m\u00e1sodik helyen \u00e1ll. A szolg\u00e1ltat\u00e1si szektor domin\u00e1l, m\u00edg a mez\u0151gazdas\u00e1g tov\u00e1bbra is a vid\u00e9ki meg\u00e9lhet\u00e9s sarokk\u00f6ve. Az 1990-es \u00e9vek eleje \u00f3ta a gazdas\u00e1gi n\u00f6veked\u00e9st a demogr\u00e1fiai cs\u00f6kken\u00e9s, a jelent\u0151s elv\u00e1ndorl\u00e1s \u00e9s a sz\u00e9lesebb k\u00f6r\u0171 region\u00e1lis konfliktusok miatti k\u00f6zelm\u00faltbeli energiasokkok f\u00e9kezt\u00e9k. A szoci\u00e1lis j\u00f3l\u00e9ti ell\u00e1t\u00e1s tov\u00e1bbra is kritikus fontoss\u00e1g\u00fa, mivel a lakoss\u00e1g jelent\u0151s r\u00e9sze \u00e1llami nyugd\u00edjb\u00f3l vagy c\u00e9lzott seg\u00e9lyekb\u0151l \u00e9l. A kereskedelmi partners\u00e9gek diverzifik\u00e1l\u00e1s\u00e1ra ir\u00e1nyul\u00f3 er\u0151fesz\u00edt\u00e9sek a borexport piac\u00e1nak nagy r\u00e9sz\u00e9t Oroszorsz\u00e1gb\u00f3l az Eur\u00f3pai Uni\u00f3 fel\u00e9 terelt\u00e9k, 2021-ben t\u00f6bb mint 120 milli\u00f3 liter bor jutott el az EU tag\u00e1llamaiba, szemben az Oroszorsz\u00e1gba eladott 8,6 milli\u00f3 literrel.<\/p>\n<p>Demogr\u00e1fiailag Moldova lakoss\u00e1ga becsl\u00e9sek szerint 2024 janu\u00e1rj\u00e1ban 2 423 300 f\u0151 volt. A v\u00e1rosi lakosok a lakoss\u00e1g 43,4 sz\u00e1zal\u00e9k\u00e1t teszik ki, nagyj\u00e1b\u00f3l egyharmaduk a kisinyovi nagyv\u00e1rosi ter\u00fcleten \u00e9l. B\u0103l\u021bi, amelyet a helyiek gyakran \u201e\u00e9szaki f\u0151v\u00e1rosk\u00e9nt\u201d emlegetnek, a m\u00e1sodik legnagyobb telep\u00fcl\u00e9s, t\u00f6bb mint 100 000 lakossal a R\u0103ut foly\u00f3 hull\u00e1mz\u00f3 partjain. A k\u00f6zel 150 000 lakos\u00fa Tiraszpol az el nem ismert transznisztriai r\u00e9gi\u00f3 k\u00f6zigazgat\u00e1si k\u00f6zpontja. Comrat Gagauzia k\u00f6zpontja, amely egy d\u00e9li auton\u00f3m enkl\u00e1v\u00e9.<\/p>\n<p>A v\u00e1rhat\u00f3 \u00e9lettartam \u00e1tlagosan 71,5 \u00e9v \u2013 67,2 \u00e9v a f\u00e9rfiakn\u00e1l \u00e9s 75,7 \u00e9v a n\u0151kn\u00e9l \u2013, a nemek ar\u00e1nya pedig k\u00f6r\u00fclbel\u00fcl 100 n\u0151 \u00e9s 90 f\u00e9rfi. A munkak\u00e9pes kor\u00fa n\u0151k iskolai v\u00e9gzetts\u00e9ge meghaladja a f\u00e9rfiak\u00e9t, m\u00e9gis 13,6 sz\u00e1zal\u00e9kos b\u00e9rszakad\u00e9k \u00e1ll fenn. Az \u00e1llamnyelv a rom\u00e1n, amelyet 2023 \u00f3ta hivatalosan is hivatalosan is kijel\u00f6ltek, b\u00e1r az orosz tov\u00e1bbra is elterjedt, k\u00fcl\u00f6n\u00f6sen a v\u00e1rosi \u00e9s keleti ter\u00fcleteken. A gagauz, egy t\u00f6r\u00f6k \u200b\u200bnyelv, az auton\u00f3m r\u00e9gi\u00f3 egyes r\u00e9szein domin\u00e1l. Az angol nyelvoktat\u00e1s az 1990-es \u00e9vek \u00f3ta b\u0151v\u00fclt, de a hosszabb besz\u00e9lget\u00e9sekhez elegend\u0151 foly\u00e9konys\u00e1g a f\u0151v\u00e1roson k\u00edv\u00fcl tov\u00e1bbra sem gyakori.<\/p>\n<p>Moldova kultur\u00e1lis \u00e9let\u00e9t gazdag egyh\u00e1zi \u00f6r\u00f6ks\u00e9g \u00e9s tart\u00f3s sz\u0151l\u00e9szeti hagyom\u00e1ny sz\u00f6vi \u00e1t. T\u00f6bb mint 700 templom \u00e9s t\u00f6bb mint 50 kolostor tark\u00edtja a vid\u00e9ket. Ezek k\u00f6z\u00fcl az \u00d6reg-Orhei barlangkolostor komplexuma, amelyet a R\u0103ut bal partj\u00e1n m\u00e9szk\u0151be v\u00e9stek, \u00e9s amelyet ma is szentelnek fel, a k\u00f6z\u00e9pkori ortodox vall\u00e1soss\u00e1g jelk\u00e9pe. Sziklaoldali k\u00e1poln\u00e1i \u00e9s a szomsz\u00e9dos r\u00e9g\u00e9szeti lel\u0151hely a XII. sz\u00e1zadig visszany\u00fal\u00f3 lakott ter\u00fcletek nyomait mutatja. A Kisinyovt\u00f3l mintegy 40 kilom\u00e9terre \u00e9szakra, t\u00f6lgyesekben megb\u00fav\u00f3 C\u0103priana kolostor tov\u00e1bbra is az orsz\u00e1g egyik legl\u00e1togatottabb lelkigyakorlata.<\/p>\n<p>Moldova borpinc\u00e9i a vil\u00e1g legkiterjedtebbjei k\u00f6z\u00e9 tartoznak. A 2005 \u00f3ta a Guinness Rekordok K\u00f6nyv\u00e9be is bejegyzett Mile\u0219tii Mici t\u00f6bb mint 200 kilom\u00e9ternyi f\u00f6ldalatti gal\u00e9ri\u00e1t foglal mag\u00e1ban \u2013 ebb\u0151l 55 kilom\u00e9ternyi van akt\u00edv haszn\u00e1latban \u2013, amelyek t\u00f6bb mint k\u00e9tmilli\u00f3 palackot tartalmaznak. A Cricova, egykori m\u00e9szk\u0151b\u00e1ny\u00e1k hatalmas h\u00e1l\u00f3zata, a gal\u00e9ri\u00e1k \u00fatvonalain kereszt\u00fcl eredet \u00e9s \u00e9v szerint rendszerezi a borait, m\u00edg a Castel Mimi a tizenkilencedik sz\u00e1zadi kast\u00e9ly\u00e9p\u00edt\u00e9szetet \u00faj\u00edtja fel, hogy bemutassa a gy\u0171jtem\u00e9nyi, m\u00fazeumi \u00e9s vend\u00e9gl\u00e1t\u00f3ipari funkci\u00f3kat. A t\u00e1voli falvakban \u00e9l\u0151 csal\u00e1dok gyakran mag\u00e1nk\u00e9zben l\u00e9v\u0151 sz\u0151l\u0151\u00fcltetv\u00e9nyeket tartanak fenn, \u00e9s gener\u00e1ci\u00f3kon \u00e1t adj\u00e1k tov\u00e1bb az \u0151si sz\u0151l\u00e9szeti ismereteket. Minden okt\u00f3berben a Nemzeti Bornap megnyitja a nyilv\u00e1noss\u00e1g sz\u00e1m\u00e1ra a hozz\u00e1f\u00e9r\u00e9st az orsz\u00e1g k\u00fcl\u00f6nb\u00f6z\u0151 borbirtokaihoz, a l\u00e1togat\u00f3kat pedig transzferbusszal sz\u00e1ll\u00edtj\u00e1k a pinc\u00e9k k\u00f6z\u00f6tt.<\/p>\n<p>A turizmus, b\u00e1r a nyugat-eur\u00f3pai orsz\u00e1gokhoz k\u00e9pest m\u00e9g gyerekcip\u0151ben j\u00e1r, 2022 els\u0151 negyed\u00e9v\u00e9ben 36 100 nem rezidens l\u00e1togat\u00f3t regisztr\u00e1lt, ami meghaladta a vil\u00e1gj\u00e1rv\u00e1ny el\u0151tti adatokat. A l\u00e1tnival\u00f3k a kultur\u00e1lis \u00f6r\u00f6ks\u00e9gi helysz\u00ednekre, a vid\u00e9ki kultur\u00e1lis \u00e9lm\u00e9nyekre \u00e9s a bort\u00far\u00e1ra \u00f6sszpontos\u00edtanak, de Kisinyovon t\u00fal tov\u00e1bbra is alig kitaposott ter\u00fcletek. A Moldova Travel z\u00e1szlaja alatt az \u00e1gazat n\u00e9pszer\u0171s\u00edt\u00e9s\u00e9re ir\u00e1nyul\u00f3 er\u0151fesz\u00edt\u00e9sek kiemelt\u00e9k az orsz\u00e1g b\u0151s\u00e9ges naps\u00fct\u00e9ses \u00e9vszakait \u2013 \u00e9vente mintegy 300 naps\u00fct\u00e9ses napot \u2013, a versenyk\u00e9pes \u00e1rakat \u00e9s a kultur\u00e1lis hat\u00e1sok mozaikj\u00e1t a rom\u00e1n, szl\u00e1v \u00e9s gagauz hagyom\u00e1nyok metsz\u00e9spontj\u00e1ban.<\/p>\n<p>A Kisinyov Nemzetk\u00f6zi Rep\u00fcl\u0151t\u00e9r nemzetk\u00f6zi \u00f6sszek\u00f6ttet\u00e9st biztos\u00edt, rendszeres j\u00e1ratokkal a f\u0151bb eur\u00f3pai kapukhoz, bele\u00e9rtve az amszterdami Schiphol, a p\u00e1rizsi Charles de Gaulle, a londoni Stansted, a r\u00f3mai Fiumicino, az isztambuli rep\u00fcl\u0151t\u00e9r \u00e9s Tel-Aviv rep\u00fcl\u0151tereket. Az \u00e9jszakai vas\u00fati szolg\u00e1ltat\u00e1sok Kisinyovot Bukaresttel, Kijevvel \u00e9s Odessz\u00e1val k\u00f6tik \u00f6ssze, m\u00edg Moszkv\u00e1ba tov\u00e1bbra sem k\u00f6zlekednek k\u00f6zvetlen j\u00e1ratok. A Rom\u00e1ni\u00e1n kereszt\u00fcli sz\u00e1razf\u00f6ldi bel\u00e9p\u00e9s gazdas\u00e1gosnak bizonyul, a Kisinyov \u00e9s Bukarest k\u00f6z\u00f6tti napi h\u00e1l\u00f3kocsis vonatok k\u00f6r\u00fclbel\u00fcl 12 \u00f3r\u00e1t vesznek ig\u00e9nybe. A buszh\u00e1l\u00f3zat a legt\u00f6bb rom\u00e1n \u00e9s ukr\u00e1n v\u00e1rosba kiterjed, b\u00e1r a Transznisztri\u00e1n kereszt\u00fcli \u00e1tsz\u00e1ll\u00e1s tov\u00e1bbi hat\u00e1r\u00e1tl\u00e9p\u00e9si formas\u00e1gokat \u00e9s alkalmank\u00e9nt nem hivatalos fizet\u00e9si k\u00e9r\u00e9seket vonhat maga ut\u00e1n.<\/p>\n<p>Moldov\u00e1n bel\u00fcl a k\u00f6zleked\u00e9st egy \u00f6sszesen mintegy 12 730 kilom\u00e9ter hossz\u00fa aut\u00f3p\u00e1lya-h\u00e1l\u00f3zat, amelyb\u0151l k\u00f6zel 11 000 kilom\u00e9ter aszfaltozott, valamint 1138 kilom\u00e9ternyi vas\u00fatvonal uralja. A minibuszok, vagyis a rutiere-k inform\u00e1lisan k\u00f6zlekednek a v\u00e1rosok \u00e9s falvak k\u00f6z\u00f6tt, rugalmas menetrendet k\u00edn\u00e1lva m\u00e9rs\u00e9kelt d\u00edjakkal. Kisinyovban az \u00e1llamilag \u00fczemeltetett trolibuszok \u00e9s a korl\u00e1tozott sz\u00e1m\u00fa buszj\u00e1rat biztos\u00edtja a v\u00e1rosi mobilit\u00e1st, b\u00e1r a mag\u00e1n marshrutki tov\u00e1bbra is a legelterjedtebb t\u00f6megk\u00f6zleked\u00e9si eszk\u00f6z. Giurgiule\u0219ti dunai termin\u00e1lja kis tengeri teherhaj\u00f3kat fogad, \u00f6sszekapcsolva Moldov\u00e1t a Fekete-tengeren kereszt\u00fcl a glob\u00e1lis haj\u00f3z\u00e1ssal.<\/p>\n<p>A Moldov\u00e1ba l\u00e1togat\u00f3k az egyszer\u0171s\u00e9g \u00e9s a helyi term\u00e9kek \u00e1ltal jellemzett konyh\u00e1val tal\u00e1lkoznak. Kisinyov piacai tele vannak friss gy\u00fcm\u00f6lcs\u00f6kkel, z\u00f6lds\u00e9gekkel, sajtokkal \u00e9s p\u00e1colt h\u00fasokkal. A kis k\u00f6rny\u00e9kbeli \u00e9tkezd\u00e9k m\u0103m\u0103lig\u0103-t (kukoricalisztes zabk\u00e1s\u00e1t), br\u00e2nz\u0103-t (feh\u00e9r sajtot) \u00e9s zeam\u00e1t (csirkelevest) szolg\u00e1lnak fel orosz \u00e9s ukr\u00e1n specialit\u00e1sok mellett. A borraval\u00f3ad\u00e1s nem szok\u00e1sos, \u00e9s nem is elv\u00e1rt. A sz\u00e1ll\u00e1slehet\u0151s\u00e9gek a szer\u00e9ny, eur\u00f3ban vagy doll\u00e1rban \u00e1razott sz\u00e1llod\u00e1kt\u00f3l a f\u0151v\u00e1rosban felt\u00f6rekv\u0151 n\u00e9h\u00e1ny hostelig terjednek. A szovjet korabeli sz\u00e1ll\u00e1shelyek a vid\u00e9ki v\u00e1rosokban a v\u00e1rtn\u00e1l magasabb \u00e1rakat k\u00edn\u00e1lhatnak minim\u00e1lis szolg\u00e1ltat\u00e1sok\u00e9rt.<\/p>\n<p>A t\u00f6rt\u00e9nelem, a kult\u00fara \u00e9s a politika \u00f6sszetett r\u00e9tegz\u0151d\u00e9s\u00e9ben a Moldova K\u00f6zt\u00e1rsas\u00e1g a rugalmass\u00e1g mintak\u00e9pe. Az \u00e1lland\u00f3 szuverenit\u00e1sok, a gazdas\u00e1gi \u00e1trendez\u0151d\u00e9sek \u00e9s a region\u00e1lis felfordul\u00e1sok \u00e9vsz\u00e1zada egy olyan t\u00e1rsadalmat hozott l\u00e9tre, amelyet a kitart\u00e1s \u00e9s a tal\u00e1l\u00e9konys\u00e1g jellemez. A f\u00f6ld term\u00e9keny talaja \u00e9s \u00e9ghajlata el\u0151seg\u00edti a mez\u0151gazdas\u00e1gi b\u0151s\u00e9get, m\u00edg a tart\u00f3s bor\u00e1szati \u200b\u200bhagyom\u00e1nyok \u00e9s szent helyek m\u00e9ly identit\u00e1studatr\u00f3l \u00e1rulkodnak. Ma, mik\u00f6zben a nemzet az eur\u00f3pai integr\u00e1ci\u00f3 \u00e9s a glob\u00e1lis \u00e1trendez\u0151d\u00e9sek \u00fatj\u00e1n halad, Moldova a figyelmes l\u00e1togat\u00f3nak finom csod\u00e1k, emberi melegs\u00e9g \u00e9s \u00e9vszakos ritmusok vid\u00e9k\u00e9t k\u00edn\u00e1lja, amelyek sok\u00e1ig visszhangoznak az indul\u00e1s ut\u00e1n is.<\/p>","protected":false},"excerpt":{"rendered":"<p>Moldova, hivatalos nev\u00e9n Moldova K\u00f6zt\u00e1rsas\u00e1g, egy kompakt, tengerparttal nem rendelkez\u0151 orsz\u00e1g Kelet-Eur\u00f3p\u00e1ban, a Balk\u00e1n \u00e9szakkeleti perem\u00e9n. Ez a gazdag t\u00f6rt\u00e9nelemmel \u00e9s v\u00e1ltozatos kultur\u00e1lis hat\u00e1sokkal jellemezhet\u0151 nemzet 33 483 n\u00e9gyzetkilom\u00e9ter \u00f6sszter\u00fcletet \u00f6lel fel, \u00e9s 2024 janu\u00e1rj\u00e1ban k\u00f6r\u00fclbel\u00fcl 2,42 milli\u00f3 embernek ad otthont. Moldova k\u00e9t nagyobb szomsz\u00e9d: Nyugaton Rom\u00e1nia, \u00e9szakon, keleten \u00e9s d\u00e9len Ukrajna k\u00f6z\u00f6tt ter\u00fcl el. Az orsz\u00e1g keleti hat\u00e1r\u00e1t a Dnyeszter foly\u00f3 hat\u00e1rozza meg, m\u00f6g\u00f6tte pedig az el nem ismert, elszakadt Transznisztria \u00e1llam, amely Moldova f\u00fcggetlenn\u00e9 v\u00e1l\u00e1sa \u00f3ta politikai fesz\u00fclts\u00e9gek g\u00f3cpontja.<\/p>","protected":false},"author":1,"featured_media":2745,"parent":24078,"menu_order":0,"comment_status":"closed","ping_status":"closed","template":"elementor_theme","meta":{"_eb_attr":"","footnotes":""},"class_list":["post-11462","page","type-page","status-publish","has-post-thumbnail"],"_links":{"self":[{"href":"https:\/\/travelshelper.com\/hu\/wp-json\/wp\/v2\/pages\/11462","targetHints":{"allow":["GET"]}}],"collection":[{"href":"https:\/\/travelshelper.com\/hu\/wp-json\/wp\/v2\/pages"}],"about":[{"href":"https:\/\/travelshelper.com\/hu\/wp-json\/wp\/v2\/types\/page"}],"author":[{"embeddable":true,"href":"https:\/\/travelshelper.com\/hu\/wp-json\/wp\/v2\/users\/1"}],"replies":[{"embeddable":true,"href":"https:\/\/travelshelper.com\/hu\/wp-json\/wp\/v2\/comments?post=11462"}],"version-history":[{"count":0,"href":"https:\/\/travelshelper.com\/hu\/wp-json\/wp\/v2\/pages\/11462\/revisions"}],"up":[{"embeddable":true,"href":"https:\/\/travelshelper.com\/hu\/wp-json\/wp\/v2\/pages\/24078"}],"wp:featuredmedia":[{"embeddable":true,"href":"https:\/\/travelshelper.com\/hu\/wp-json\/wp\/v2\/media\/2745"}],"wp:attachment":[{"href":"https:\/\/travelshelper.com\/hu\/wp-json\/wp\/v2\/media?parent=11462"}],"curies":[{"name":"wp","href":"https:\/\/api.w.org\/{rel}","templated":true}]}}