{"id":11404,"date":"2024-09-12T22:08:35","date_gmt":"2024-09-12T22:08:35","guid":{"rendered":"https:\/\/travelshelper.com\/staging\/?page_id=11404"},"modified":"2026-03-12T15:56:36","modified_gmt":"2026-03-12T15:56:36","slug":"magyarorszag","status":"publish","type":"page","link":"https:\/\/travelshelper.com\/hu\/destinations\/europe\/hungary\/","title":{"rendered":"Magyarorsz\u00e1g"},"content":{"rendered":"<p>Magyarorsz\u00e1g egy tengerparttal nem rendelkez\u0151 k\u00f6zt\u00e1rsas\u00e1g, k\u00f6r\u00fclbel\u00fcl 9,6 milli\u00f3 lakossal, mintegy 93 000 n\u00e9gyzetkilom\u00e9teren ter\u00fcl el a K\u00e1rp\u00e1t-medence sz\u00edv\u00e9ben, h\u00e9t nemzet \u2013 Szlov\u00e1kia, Ukrajna, Rom\u00e1nia, Szerbia, Horv\u00e1torsz\u00e1g, Szlov\u00e9nia \u00e9s Ausztria \u2013 hat\u00e1r\u00e1n, amelyeken a Duna \u00e9s a Tisza foly\u00f3k szelik \u00e1t f\u0151 v\u00edzi \u00fatjait. A magyar fejedelems\u00e9g \u00c1rp\u00e1d-h\u00e1z alatti megalap\u00edt\u00e1s\u00e1t\u00f3l a modern parlament\u00e1ris demokr\u00e1ci\u00e1ig \u00e9s a 2004-es Eur\u00f3pai Uni\u00f3hoz val\u00f3 csatlakoz\u00e1s\u00e1ig Magyarorsz\u00e1g fejl\u0151d\u00e9s\u00e9t egym\u00e1st k\u00f6vet\u0151 telep\u00fcl\u00e9si hull\u00e1mok, birodalmi uralom \u00e9s nemzeti \u00fajj\u00e1sz\u00fclet\u00e9s form\u00e1lt\u00e1k.<\/p>\n<p>Magyarorsz\u00e1g felsz\u00edne t\u00falnyom\u00f3r\u00e9szt alf\u00f6ldi, kont\u00farjait a Dun\u00e1nt\u00fal dombos vid\u00e9k\u00e9nek nyugati, a hatalmas Alf\u00f6ldnek keleti, ritmikus emelked\u00e9se hat\u00e1rozza meg. A Dun\u00e1nt\u00fal az osztr\u00e1k hat\u00e1rt\u00f3l a Keleti-Alpokalja, a Dun\u00e1nt\u00fali-k\u00f6z\u00e9phegys\u00e9g, valamint a Mecsek \u00e9s a Vill\u00e1nyi-hegys\u00e9g hull\u00e1mz\u00f3 hegyvonulatain \u00e1t h\u00faz\u00f3dik, az \u00cdrott-k\u0151n\u00e9l (882 m) tet\u0151zik. A Tisz\u00e1n t\u00fal a s\u00edks\u00e1g sz\u00e9les \u00edv\u00e9t \u00e9szakon a K\u00e1rp\u00e1tok l\u00e1ba tark\u00edtja, melyet Magyarorsz\u00e1g cs\u00facsa, a K\u00e9kes (1014 m) koron\u00e1z, m\u00edg a Balaton \u2013 K\u00f6z\u00e9p-Eur\u00f3pa legnagyobb \u00e9desviz\u0171 tava \u2013 \u00e9s H\u00e9v\u00edz term\u00e1lvize a r\u00e9gi\u00f3 geol\u00f3giai sokf\u00e9les\u00e9g\u00e9r\u0151l tan\u00faskodik. Az \u00e9ghajlat m\u00e9rs\u00e9kelt kontinent\u00e1lis, az \u00e9ves \u00e1tlagh\u0151m\u00e9rs\u00e9klet k\u00f6zel 9,7 \u00b0C, az \u00e1tlagos csapad\u00e9kmennyis\u00e9g pedig 600 mm, ami a Bore\u00e1lis Kir\u00e1lys\u00e1g Cirkumbore\u00e1lis R\u00e9gi\u00f3j\u00e1n bel\u00fcl gazdag pannon vegyes erd\u0151mozaikj\u00e1t tartja fenn.<\/p>\n<p>A medence legkor\u00e1bbi ismert lak\u00f3i k\u00f6z\u00f6tt kelt\u00e1k, r\u00f3maiak, hunok, germ\u00e1n t\u00f6rzsek, avarok \u00e9s szl\u00e1vok voltak. \u00c1lmos \u00e9s \u00c1rp\u00e1d uralkod\u00e1sa alatt a kilencedik sz\u00e1zad v\u00e9g\u00e9n lezajlott magyar bet\u00f6r\u00e9sek fejedelems\u00e9gg\u00e9 szil\u00e1rd\u00edtott\u00e1k a medenc\u00e9t, amelyet I. Istv\u00e1n kir\u00e1lly\u00e1 koron\u00e1z\u00e1sa tett 1000-ben t\u00f6rv\u00e9nybe, valamint a kereszt\u00e9ny int\u00e9zm\u00e9nyek l\u00e9trehoz\u00e1sa tett tet\u0151pontt\u00e1, amelyek a k\u00f6z\u00e9pkori Magyar Kir\u00e1lys\u00e1g alatt is fennmaradtak. A k\u00e9s\u0151 k\u00f6z\u00e9pkorra a kir\u00e1lys\u00e1g k\u00f6z\u00e9p-eur\u00f3pai hatalomm\u00e1 \u00e9rett, befoly\u00e1sa a Balk\u00e1nra \u00e9s azon t\u00falra is kiterjedt. Az oszm\u00e1n h\u00f3d\u00edt\u00e1s, amelyet az 1526-os moh\u00e1csi veres\u00e9g \u00e9s Buda 1541-es eleste vezetett be, kett\u00e9osztotta a birodalmat a Habsburgok uralta Kir\u00e1lyi Magyarorsz\u00e1gra, az oszm\u00e1nok korm\u00e1nyzata alatt \u00e1ll\u00f3 tartom\u00e1nyokra \u00e9s a f\u00e9lauton\u00f3m Erd\u00e9lyi Fejedelems\u00e9gre. Az 1699-es karl\u00f3cai b\u00e9ke megsz\u00fcntette az oszm\u00e1n uralmat a medenc\u00e9ben, a tizennyolcadik sz\u00e1zadra a legt\u00f6bb ter\u00fcletet \u00fajra egyes\u00edtette a Habsburg-hegem\u00f3nia alatt.<\/p>\n<p>A tizenhetedik \u00e9s tizennyolcadik sz\u00e1zadi felkel\u00e9sek \u2013 legf\u0151k\u00e9ppen R\u00e1k\u00f3czi szabads\u00e1gharca (1703\u20131711) \u2013 az 1867-es osztr\u00e1k\u2013magyar kiegyez\u00e9ssel cs\u00facsosodtak ki, amely egy kett\u0151s monarchi\u00e1t hozott l\u00e9tre, amelynek ipari \u00e9s kultur\u00e1lis vir\u00e1gz\u00e1sa a sz\u00e1zadfordul\u00f3t jelentette. Az Ausztria\u2013Magyarorsz\u00e1g \u00f6sszeoml\u00e1sa az els\u0151 vil\u00e1gh\u00e1bor\u00fa ut\u00e1n \u00e9s az 1920-as trianoni b\u00e9keszerz\u0151d\u00e9s a kir\u00e1lys\u00e1g t\u00f6rt\u00e9nelmi ter\u00fclet\u00e9nek hetvenegy sz\u00e1zal\u00e9k\u00e1val cs\u00f6kkent, ami m\u00e9lyrehat\u00f3 demogr\u00e1fiai \u00e9s gazdas\u00e1gi felfordul\u00e1st okozott. A k\u00e9t vil\u00e1gh\u00e1bor\u00fa k\u00f6z\u00f6tti id\u0151szakban Horthy Mikl\u00f3s korm\u00e1nyz\u00f3 konzervat\u00edv korm\u00e1nyzata a ter\u00fcleti irredentizmus k\u00f6zepette a stabilit\u00e1sra t\u00f6rekedett. Magyarorsz\u00e1g tengelyhatalmakhoz val\u00f3 csatlakoz\u00e1sa a m\u00e1sodik vil\u00e1gh\u00e1bor\u00faban puszt\u00edt\u00e1st \u00e9s megsz\u00e1ll\u00e1st eredm\u00e9nyezett, majd a szovjet t\u00e1mogat\u00e1s\u00fa Magyar N\u00e9pk\u00f6zt\u00e1rsas\u00e1g megalakul\u00e1s\u00e1t. Az 1956-os felkel\u00e9s, b\u00e1r elfojtva, fokozatos liberaliz\u00e1ci\u00f3t vet\u00edtett el\u0151re. Az 1989\u20131990-es b\u00e9k\u00e9s \u00e1tmenet demokratikus parlamenti k\u00f6zt\u00e1rsas\u00e1got hozott l\u00e9tre, amely 2004-ben az Eur\u00f3pai Uni\u00f3 tags\u00e1g\u00e1val \u00e9s 2007-ben a schengeni \u00f6vezethez val\u00f3 csatlakoz\u00e1ssal tet\u0151z\u00f6tt.<\/p>\n<p>A kort\u00e1rs gazdas\u00e1got magas j\u00f6vedelm\u0171 orsz\u00e1gk\u00e9nt oszt\u00e1lyozz\u00e1k, amelyet az egyetemes eg\u00e9szs\u00e9g\u00fcgyi ell\u00e1t\u00e1s \u00e9s a tand\u00edjmentes k\u00f6z\u00e9pfok\u00fa oktat\u00e1s t\u00e1mogat. A szolg\u00e1ltat\u00e1sok a foglalkoztat\u00e1s t\u00f6bb mint hatvan sz\u00e1zal\u00e9k\u00e1t teszik ki, az ipar \u00e9s a mez\u0151gazdas\u00e1g pedig harminc, illetve h\u00e9t sz\u00e1zal\u00e9kot k\u00e9pvisel, ami posztindusztri\u00e1lis munkaer\u0151-strukt\u00far\u00e1t t\u00fckr\u00f6z. A magyar forint tov\u00e1bbra is a nemzeti valuta, m\u00edg a gazdas\u00e1gi komplexit\u00e1s a kilencedik helyen \u00e1ll a vil\u00e1gon. Az infrastrukt\u00fara kiterjedt: modern aut\u00f3p\u00e1lya-h\u00e1l\u00f3zat k\u00f6ti \u00f6ssze Budapestet a nagyobb v\u00e1rosokkal; az 1896-b\u00f3l sz\u00e1rmaz\u00f3 budapesti metr\u00f3 tov\u00e1bbra is a vil\u00e1g m\u00e1sodik legr\u00e9gebbi f\u00f6ldalatti rendszere; \u00e9s olyan vas\u00fati csom\u00f3pontok, mint Szolnok \u00e9s Miskolc, belf\u00f6ldi \u00e9s hat\u00e1rokon \u00e1tny\u00fal\u00f3 \u00f6sszek\u00f6ttet\u00e9st biztos\u00edtanak. 2024 m\u00e1rcius\u00e1t\u00f3l az ingyenes vas\u00fati utaz\u00e1s a tizenn\u00e9gy \u00e9v alatti \u00e9s a hatvan\u00f6t \u00e9ves vagy ann\u00e1l id\u0151sebb \u00e1llampolg\u00e1rokra is kiterjed.<\/p>\n<p>K\u00f6zigazgat\u00e1silag Magyarorsz\u00e1g tizenkilenc megy\u00e9re \u00e9s a f\u0151v\u00e1rosra, Budapestre oszlik, amely \u00f6n\u00e1ll\u00f3an m\u0171k\u00f6dik. Ez a h\u00fasz egys\u00e9g alkotja a NUTS-3 r\u00e9gi\u00f3kat, amelyek tov\u00e1bb oszlanak 174 ker\u00fcletre, \u00e9s 3152 telep\u00fcl\u00e9st \u2013 346 v\u00e1rost (k\u00f6zt\u00fck huszonh\u00e1rom \u201ev\u00e1rosi megy\u00e9t\u201d) \u00e9s 2806 falut \u2013 foglalnak magukban. A urbaniz\u00e1ci\u00f3 meghaladja a hetven sz\u00e1zal\u00e9kot, a lakosok egynegyede a budapesti agglomer\u00e1ci\u00f3ban \u00e9l. Maga Budapest \u2013 amely a Duna mindk\u00e9t partj\u00e1t \u00e1tszeli \u2013 kultur\u00e1lis \u00e9s gazdas\u00e1gi els\u0151bbs\u00e9get \u00e9lvez, klasszikus k\u00f6r\u00fatjai \u00e9s m\u0171eml\u00e9kei a barokk, a historiz\u00e1l\u00f3 \u00e9s a szecesszi\u00f3s \u00f6r\u00f6ks\u00e9gr\u0151l tan\u00faskodnak.<\/p>\n<p>A magyar nyelv, amely az indoeur\u00f3pai f\u0151\u00e1ramon k\u00edv\u00fcl es\u0151 ur\u00e1li nyelvcsal\u00e1d tagja, a lakoss\u00e1g kilencvenkilenc sz\u00e1zal\u00e9ka besz\u00e9li anyanyelvk\u00e9nt. Az angol \u00e9s a n\u00e9met a legfontosabb idegen nyelvek, m\u00edg az elismert kisebbs\u00e9gi nyelvek k\u00f6z\u00e9 tartozik az \u00f6rm\u00e9ny, a bolg\u00e1r, a horv\u00e1t, a n\u00e9met, a g\u00f6r\u00f6g, a rom\u00e1n, a romani, a ruszin, a szerb, a szlov\u00e1k, a szlov\u00e9n \u00e9s az ukr\u00e1n. Etnikailag a magyarok a lakoss\u00e1g t\u00f6bb mint kilencven sz\u00e1zal\u00e9k\u00e1t teszik ki, a romani, a szlov\u00e1k \u00e9s m\u00e1s k\u00f6z\u00f6ss\u00e9gek pedig t\u00f6rt\u00e9nelmileg soksz\u00edn\u0171 t\u00e1rsadalmi sz\u00f6vetet alkotnak, amit a jelenlegi hat\u00e1rokon t\u00fal \u00e9l\u0151 t\u00f6bb mint k\u00e9tmilli\u00f3 etnikai magyar is bizony\u00edt.<\/p>\n<p>A kereszt\u00e9nys\u00e9g r\u00e9g\u00f3ta form\u00e1lja a magyar identit\u00e1st. I. Istv\u00e1n kir\u00e1ly 1000-ben a nyugati kereszt\u00e9nys\u00e9g felv\u00e9tel\u00e9vel \u00e1llamvall\u00e1ss\u00e1 tette a katolicizmust, \u00e9s az esztergomi \u00e9rsek hercegpr\u00edm\u00e1sk\u00e9nt ker\u00fclt ki a sorba. A luther\u00e1nus \u00e9s k\u00e1lvinista hagyom\u00e1nyok a k\u00f6vetkez\u0151 \u00e9vsz\u00e1zadokban teret h\u00f3d\u00edtottak, k\u00fcl\u00f6n\u00f6sen a keleti Alf\u00f6ld\u00f6n. Ma Magyarorsz\u00e1g nagyr\u00e9szt vil\u00e1gi, a lakoss\u00e1g kevesebb mint h\u00fasz sz\u00e1zal\u00e9ka j\u00e1r rendszeresen templomba.<\/p>\n<p>Az \u00e9p\u00edt\u00e9szeti \u00f6r\u00f6ks\u00e9g a k\u00f6z\u00e9pkori er\u0151d\u00edtm\u00e9nyekt\u0151l \u00e9s a renesz\u00e1nsz mesterekt\u0151l Lechner \u00d6d\u00f6n sz\u00e1zadfordul\u00f3s \u00faj\u00edt\u00e1saiig terjed, akinek \u00e1zsiai \u00e9s nemzeti mot\u00edvumok szint\u00e9zise egy jellegzetes magyar szecesszi\u00f3t hozott l\u00e9tre. Ut\u00f3dai, k\u00f6zt\u00fck K\u00f3s K\u00e1roly, Zrumeczky Dezs\u0151 \u00e9s Lajta B\u00e9la, k\u00fclf\u00f6ldi \u00e1ramlatokat \u2013 b\u00e9csi szecesszi\u00f3t, belga \u00e9s francia szecesszi\u00f3t, n\u00e9met szecesszi\u00f3t, valamint angol \u00e9s finn hat\u00e1sokat \u2013 adapt\u00e1ltak egy saj\u00e1tos sz\u00f3kincsbe, amely a polg\u00e1ri \u00e9p\u00fcletekben \u00e9s az iparm\u0171v\u00e9szeti m\u00fazeumokban nyilv\u00e1nul meg. Budapest belv\u00e1ros\u00e1nak magja t\u00falnyom\u00f3r\u00e9szt egy \u00e9vsz\u00e1zados, magas mennyezet\u0171 homlokzatain m\u00falt korok szobr\u00e1szati \u200b\u200b\u00e9rmeinek d\u00edszei l\u00e1that\u00f3k.<\/p>\n<p>A magyar konyha alapj\u00e1t a paprika \u2013 melyet a tizenhatodik sz\u00e1zadban vezettek be \u2013 \u00e9s a s\u0171r\u0171 tejf\u00f6l (tejf\u00f6l) k\u00e9pezi, amelyek er\u0151teljes \u00edzeket k\u00f6lcs\u00f6n\u00f6znek. A guly\u00e1s leves- vagy f\u0151zel\u00e9kv\u00e1ltozataiban a nemzet k\u00e9nyelmi \u00e9teleinek megtestes\u00edt\u0151je, m\u00edg a csirkepaprik\u00e1s, a p\u00f6rk\u00f6lt, a hal\u00e1szl\u00e9 \u00e9s a nemes libam\u00e1j a region\u00e1lis \u00e9s t\u00e1rsadalmi k\u00fcl\u00f6nbs\u00e9gekr\u0151l tan\u00faskodik. Az olyan p\u00e9ks\u00fctem\u00e9nyek, mint a dobostorta, a r\u00e9tesek, a Gundel palacsinta \u00e9s a szilv\u00e1sgomb\u00f3c, tark\u00edtj\u00e1k a kulin\u00e1ris kalend\u00e1riumot, a cukr\u00e1szd\u00e1kban \u00e9s az eszpressz\u00f3kban pedig vir\u00e1gzik a k\u00e1v\u00e9h\u00e1zi kult\u00fara. A hagyom\u00e1nyos cs\u00e1rd\u00e1k \u00e9s boroz\u00f3k meg\u0151rzik a vid\u00e9ki bar\u00e1ts\u00e1goss\u00e1got, mik\u00f6zben a v\u00e1rosi bisztr\u00f3k \u00e9s \u00f6nkiszolg\u00e1l\u00f3 b\u00fcf\u00e9k a modern ig\u00e9nyeket is kiel\u00e9g\u00edtik.<\/p>\n<p>A t\u00f6rt\u00e9nelmileg vir\u00e1gz\u00f3 turizmus 2019-ben 24,5 milli\u00f3 nemzetk\u00f6zi l\u00e1togat\u00f3t vonzott, akiket az UNESCO Vil\u00e1g\u00f6r\u00f6ks\u00e9g r\u00e9sz\u00e9t k\u00e9pez\u0151 helysz\u00ednek vonzottak, k\u00f6zt\u00fck a Duna-part \u00e9s a Budai V\u00e1rnegyed Budapesten, az ezer\u00e9ves Pannonhalmi Benc\u00e9s Ap\u00e1ts\u00e1g, a Hortob\u00e1gyi Nemzeti Park hatalmas puszt\u00e1ival, az Aggteleki barlangok, P\u00e9cs \u00f3kereszt\u00e9ny nekropolisza, valamint Tokaj \u00e9s Vill\u00e1ny borvid\u00e9kei. A Balaton tov\u00e1bbra is K\u00f6z\u00e9p-Eur\u00f3pa legfontosabb sz\u00e1razf\u00f6ldi \u00fcd\u00fcl\u0151helye, amelyet olyan term\u00e1lf\u00fcrd\u0151v\u00e1rosok eg\u00e9sz\u00edtenek ki, mint H\u00e9v\u00edz, Hajd\u00faszoboszl\u00f3 \u00e9s Hark\u00e1ny. A szezon\u00e1lis \u00e9s kultur\u00e1lis jelens\u00e9gek \u2013 a j\u00fanius k\u00f6zep\u00e9n bek\u00f6vetkez\u0151 k\u00e9r\u00e9szvir\u00e1g-kelt\u00e9st\u0151l a Tisza ment\u00e9n a febru\u00e1ri moh\u00e1csi bus\u00f3j\u00e1r\u00e1sig \u2013 kiemelik Magyarorsz\u00e1g term\u00e9szet, ritu\u00e1l\u00e9k \u00e9s k\u00f6z\u00f6ss\u00e9gek tart\u00f3s \u00f6sszj\u00e1t\u00e9k\u00e1t.<\/p>\n<p>Magyarorsz\u00e1g sz\u00e1mos nemzetk\u00f6zi szervezetben vesz r\u00e9szt, bele\u00e9rtve az Egyes\u00fclt Nemzetek Szervezet\u00e9t, a NATO-t, az Eg\u00e9szs\u00e9g\u00fcgyi Vil\u00e1gszervezetet, a Kereskedelmi Vil\u00e1gszervezetet, a Vil\u00e1gbankot, az \u00c1zsiai Infrastruktur\u00e1lis Beruh\u00e1z\u00e1si Bankot, az Eur\u00f3pa Tan\u00e1csot \u00e9s a Visegr\u00e1di Csoportot, t\u00fckr\u00f6zve strat\u00e9giai szerep\u00e9t az eur\u00f3pai \u00fcgyekben. Az Eur\u00f3pai Uni\u00f3n bel\u00fcl Magyarorsz\u00e1g egyens\u00falyt teremt a nemzeti el\u0151jogok \u00e9s a kollekt\u00edv korm\u00e1nyz\u00e1s k\u00f6z\u00f6tt, olyan k\u00f6lts\u00e9gvet\u00e9si keretekr\u0151l \u00e9s infrastruktur\u00e1lis projektekr\u0151l t\u00e1rgyalva, amelyek fenntartj\u00e1k gazdas\u00e1gi moderniz\u00e1ci\u00f3j\u00e1t.<\/p>\n<p>E nemzet \u00fatja \u2013 a kora k\u00f6z\u00e9pkori \u00e1llamvezet\u00e9s olvaszt\u00f3t\u00e9gely\u00e9t\u0151l az oszm\u00e1n felboml\u00e1son, a Habsburg-dualizmuson, a huszadik sz\u00e1zadi felfordul\u00e1sokon \u00e9s az 1989 ut\u00e1ni pluralizmuson \u00e1t \u2013 kultur\u00e1lis ellen\u00e1ll\u00f3 k\u00e9pess\u00e9get hagyott maga ut\u00e1n, amely a nyelvben, a m\u0171v\u00e9szetekben, az \u00e9p\u00edt\u00e9szetben \u00e9s a t\u00e1rsadalmi int\u00e9zm\u00e9nyekben is megmutatkozik. A mai Magyarorsz\u00e1g a hagyom\u00e1ny \u00e9s az innov\u00e1ci\u00f3 k\u00f6z\u00f6tt ingadozik, v\u00e1rosai \u00e9s s\u00edks\u00e1gai \u00e9kessz\u00f3l\u00f3 tan\u00fabizonys\u00e1got tesznek az \u00e1talakul\u00e1s k\u00f6zepette meg\u00e9lt \u00e9vsz\u00e1zados folytonoss\u00e1gr\u00f3l. Mindenekel\u0151tt olyan ter\u00fclet marad, ahol a geol\u00f3gia, a t\u00f6rt\u00e9nelem \u00e9s az emberi v\u00e1llalkoz\u00e1s tal\u00e1lkozik, hogy egy jellegzetes eur\u00f3pai identit\u00e1st form\u00e1ljon.<\/p>","protected":false},"excerpt":{"rendered":"<p>Magyarorsz\u00e1g, K\u00f6z\u00e9p-Eur\u00f3pa sz\u00e1razf\u00f6ldi nemzete, m\u00e9ly t\u00f6rt\u00e9nelmi \u00e9s kultur\u00e1lis \u00f6r\u00f6ks\u00e9ggel. A K\u00e1rp\u00e1t-medence k\u00f6zep\u00e9n fekv\u0151 Magyarorsz\u00e1g 93 030 n\u00e9gyzetkilom\u00e9teren ter\u00fcl el, \u00e9s sz\u00e1mos hat\u00e1ros nemzettel hat\u00e1ros. Szlov\u00e1kia \u00e9szakon fekszik, m\u00edg Ukrajna \u00e9szakkeleten hat\u00e1ros. Rom\u00e1nia keleten \u00e9s d\u00e9lkeleten Magyarorsz\u00e1ggal, d\u00e9len pedig Szerbi\u00e1val hat\u00e1ros. A d\u00e9lnyugati hat\u00e1r Horv\u00e1torsz\u00e1g \u00e9s Szlov\u00e9nia mellett, Ausztria pedig nyugaton tal\u00e1lhat\u00f3.<\/p>","protected":false},"author":1,"featured_media":3550,"parent":24078,"menu_order":0,"comment_status":"closed","ping_status":"closed","template":"elementor_theme","meta":{"_eb_attr":"","footnotes":""},"class_list":["post-11404","page","type-page","status-publish","has-post-thumbnail"],"_links":{"self":[{"href":"https:\/\/travelshelper.com\/hu\/wp-json\/wp\/v2\/pages\/11404","targetHints":{"allow":["GET"]}}],"collection":[{"href":"https:\/\/travelshelper.com\/hu\/wp-json\/wp\/v2\/pages"}],"about":[{"href":"https:\/\/travelshelper.com\/hu\/wp-json\/wp\/v2\/types\/page"}],"author":[{"embeddable":true,"href":"https:\/\/travelshelper.com\/hu\/wp-json\/wp\/v2\/users\/1"}],"replies":[{"embeddable":true,"href":"https:\/\/travelshelper.com\/hu\/wp-json\/wp\/v2\/comments?post=11404"}],"version-history":[{"count":0,"href":"https:\/\/travelshelper.com\/hu\/wp-json\/wp\/v2\/pages\/11404\/revisions"}],"up":[{"embeddable":true,"href":"https:\/\/travelshelper.com\/hu\/wp-json\/wp\/v2\/pages\/24078"}],"wp:featuredmedia":[{"embeddable":true,"href":"https:\/\/travelshelper.com\/hu\/wp-json\/wp\/v2\/media\/3550"}],"wp:attachment":[{"href":"https:\/\/travelshelper.com\/hu\/wp-json\/wp\/v2\/media?parent=11404"}],"curies":[{"name":"wp","href":"https:\/\/api.w.org\/{rel}","templated":true}]}}