{"id":10220,"date":"2024-09-09T21:31:18","date_gmt":"2024-09-09T21:31:18","guid":{"rendered":"https:\/\/travelshelper.com\/staging\/?page_id=10220"},"modified":"2026-03-13T21:26:57","modified_gmt":"2026-03-13T21:26:57","slug":"alice-springs","status":"publish","type":"page","link":"https:\/\/travelshelper.com\/hu\/destinations\/australia-and-oceania\/australia\/alice-springs\/","title":{"rendered":"Alice Springs"},"content":{"rendered":"<p>Alice Springs egy kisv\u00e1ros Ausztr\u00e1lia sz\u00f3 szerinti sz\u00edv\u00e9ben. Lakosainak sz\u00e1ma mind\u00f6ssze 34 000 k\u00f6r\u00fcl van (30 628 2021-ben, 33 990 2024-ben). A lakosok k\u00f6r\u00fclbel\u00fcl egy\u00f6t\u00f6de \u0151slakosnak vagy Torres-szoros szigetlak\u00f3nak vallja mag\u00e1t. A v\u00e1ros gazdas\u00e1ga t\u00fckr\u00f6zi region\u00e1lis k\u00f6zpontk\u00e9nt bet\u00f6lt\u00f6tt szerep\u00e9t: az \u00c9szaki Ter\u00fclet korm\u00e1nya a legnagyobb munkaad\u00f3 (a munkahelyek nagyj\u00e1b\u00f3l 8%-a), az oktat\u00e1s \u00e9s az eg\u00e9szs\u00e9g\u00fcgyi szolg\u00e1ltat\u00e1sok pedig a munkaer\u0151 k\u00f6r\u00fclbel\u00fcl 7%-\u00e1t foglalkoztatj\u00e1k. A turizmus is jelent\u0151s (a munkahelyek k\u00f6r\u00fclbel\u00fcl 4%-a), mivel Alice Springs biztos\u00edtja a f\u0151 szolg\u00e1ltat\u00e1sokat a V\u00f6r\u00f6s K\u00f6zpont l\u00e1togat\u00f3i sz\u00e1m\u00e1ra. \u00d6sszess\u00e9g\u00e9ben szolg\u00e1ltat\u00e1sorient\u00e1lt gazdas\u00e1gr\u00f3l van sz\u00f3: a kiskereskedelem, a vend\u00e9gl\u00e1t\u00e1s \u00e9s a k\u00f6zigazgat\u00e1s domin\u00e1l. T\u00e1voli elhelyezked\u00e9se ellen\u00e9re Alice modern szolg\u00e1ltat\u00e1sokkal rendelkezik: k\u00f6r\u00fclbel\u00fcl 545 m\u00e9teres tengerszint feletti magass\u00e1gban fekszik, \u00edgy b\u00e1r a nyarak rendk\u00edv\u00fcl forr\u00f3k (ak\u00e1r 45\u00b0C-ig), az \u00e9jszak\u00e1k \u00e9szrevehet\u0151en leh\u0171lhetnek, \u00e9s t\u00e9len sem ismeretlen a fagy. A lakoss\u00e1g sz\u00e1ma kiss\u00e9 megn\u0151, amikor esem\u00e9nyek t\u00f6rt\u00e9nnek, de Alice b\u00e1rmikor csendes, eldugott v\u00e1ros marad.<\/p>\n<p>Alice Springs Ausztr\u00e1lia f\u00f6ldrajzi k\u00f6z\u00e9ppontj\u00e1ban tal\u00e1lhat\u00f3. Az \u00c9szaki Ter\u00fcleten fekszik, a Finke (m\u00e1s n\u00e9ven Lhere Mparnte) mell\u00e9kfoly\u00f3ja, a rendszerint sz\u00e1raz Todd foly\u00f3 ment\u00e9n. A v\u00e1ros nagyj\u00e1b\u00f3l egyenl\u0151 t\u00e1vols\u00e1gra fekszik Darwint\u00f3l \u00e9s Adelaide-t\u0151l, mindkett\u0151t\u0151l k\u00f6r\u00fclbel\u00fcl 1500 km-re. K\u00f6r\u00fclbel\u00fcl 578 m\u00e9teres tengerszint feletti magass\u00e1gban fekszik, egy \u0151si dombokkal szeg\u00e9lyezett s\u00edks\u00e1gon. Nyugaton \u00e9s keleten emelkednek a MacDonnell-hegys\u00e9g, a t\u00e1jat keretez\u0151 v\u00f6r\u00f6s okkers\u00e1rga dombok. A v\u00e1ros egyik h\u00edres kil\u00e1t\u00f3pontja az Anzac-hegy, amely a k\u00f6zpont f\u00f6l\u00e9 emelkedik. Az \u00e9ghajlat sivatagi jelleg\u0171: a telek enyh\u00e9k vagy h\u0171v\u00f6sek (az \u00e9jszakai minimumok a fagypont k\u00f6zel\u00e9be is eshetnek), m\u00edg a nyarak nagyon forr\u00f3k (nappal gyakori a 40\u00b0C feletti h\u0151m\u00e9rs\u00e9klet). A csapad\u00e9k kev\u00e9s (legfeljebb n\u00e9h\u00e1ny sz\u00e1z millim\u00e9ter \u00e9vente), t\u00f6bbnyire ny\u00e1ri zivatarokban esik. A k\u00f6rnyez\u0151 terepet \u2013 a klasszikus k\u00f6z\u00e9p-ausztr\u00e1l v\u00f6r\u00f6s sivatagot \u2013 spinifex f\u0171, szellemgumi, okkers\u00e1rga szikl\u00e1k \u00e9s m\u00faland\u00f3 v\u00edzlel\u0151helyek tark\u00edtj\u00e1k. Az \u00e9g nagy \u00e9s tiszta: Alice Springsben \u00e1tlagosan t\u00f6bb mint 300 naps\u00fct\u00e9ses nap van \u00e9vente, \u00edgy az \u00e9jszakai \u00e9gbolt is l\u00e1tv\u00e1nyos.<\/p>\n<p>J\u00f3val az eur\u00f3pai leteleped\u00e9s el\u0151tt Alice Springs k\u00f6rny\u00e9ke (a helyi arrernte nyelven Mparntwe n\u00e9ven ismert) t\u00f6bb t\u00edzezer \u00e9ven \u00e1t az \u0151slakosok otthona volt. A 19. sz\u00e1zad v\u00e9g\u00e9n, miut\u00e1n a felfedez\u0151k felt\u00e9rk\u00e9pezt\u00e9k a sz\u00e1razf\u00f6ld belsej\u00e9t, meg\u00e9p\u00fclt az Overland Telegraph Line (1872-ben k\u00e9sz\u00fclt el). Alice Springs a vonal egyik \u00e1tj\u00e1tsz\u00f3\u00e1llom\u00e1sa k\u00f6r\u00fcl n\u0151tt, amely \u00fczeneteket tov\u00e1bb\u00edtott Adelaide \u00e9s Darwin k\u00f6z\u00f6tt. Az \u00e1llom\u00e1s egy \u00e1lland\u00f3 forr\u00e1s k\u00f6zel\u00e9ben volt (innen ered az \u201eAlice Springs\u201d n\u00e9v, amelyet Charles Todd nevezett el feles\u00e9g\u00e9r\u0151l). A helyi telep\u00fcl\u00e9st eredetileg John McDouall Stuart felfedez\u0151 ut\u00e1n \u201eStuart\u201d-nak h\u00edvt\u00e1k, de 1933-ban hivatalosan Alice Springsre nevezt\u00e9k \u00e1t. A vas\u00fat 1929-ben \u00e9rte el Alice-t, vas\u00faton \u00f6sszek\u00f6tve Adelaide-del, \u00e9s \u00fajabb n\u00f6veked\u00e9st hozott. A m\u00e1sodik vil\u00e1gh\u00e1bor\u00fa alatt Alice Springs jelent\u0151s \u00e1llom\u00e1shely volt (vas\u00fati csom\u00f3pontja \u00e9s t\u00e1borai az \u00e9szak fel\u00e9 vonul\u00f3 csapatokat szolg\u00e1lt\u00e1k ki). A h\u00e1bor\u00fa ut\u00e1n visszat\u00e9rt a nyugodt \u00fctemhez, fokozatosan fejlesztette az infrastrukt\u00far\u00e1t \u00e9s ki\u00e9p\u00edtette a turisztikai szolg\u00e1ltat\u00e1sokat. A legfontosabb d\u00e1tumok k\u00f6z\u00e9 tartozik a t\u00e1virat\u00e1llom\u00e1s 1872-ben, az \u00c9szaki Ter\u00fclet \u00e1llamis\u00e1ga 1911-ben, valamint az \u00fat (Stuart Highway) \u00e9s a vas\u00fati \u00f6sszek\u00f6ttet\u00e9s megnyit\u00e1sa, amely v\u00e9gleges\u00edtette az \u00f6sszek\u00f6ttet\u00e9seket. Ma Alice eredete l\u00e1that\u00f3 a m\u0171eml\u00e9k\u00e9p\u00fcletekben, \u00e9s t\u00f6rt\u00e9net\u00e9re az Old Telegraph Station T\u00f6rt\u00e9nelmi Rezerv\u00e1tum eml\u00e9kezik.<\/p>\n<p>Alice Springs az Outback lelke. Az \u0151slakos \u00e9s az eur\u00f3pai kult\u00far\u00e1k keverednek itt. Szinte mindenki besz\u00e9l angolul, de Alice Springs telep\u00fcl\u00e9s lakosainak k\u00f6r\u00fclbel\u00fcl 21%-a vallja mag\u00e1t \u0151slakosnak vagy Torres-szoros-szigetlak\u00f3nak, f\u0151k\u00e9nt arrernte n\u00e9pnek. Az \u0151slakos m\u0171v\u00e9szet \u00e9s zene kiemelked\u0151: a helyi gal\u00e9ri\u00e1k gyakran \u00e9l\u00e9nk sz\u00edn\u0171 p\u00f6tty\u00f6s festm\u00e9nyeket \u00e9s faragott t\u00e1rgyakat mutatnak be. Az \u00e9let temp\u00f3ja nyugodt; az emberek biccent\u00e9ssel vagy k\u00e9zfog\u00e1ssal \u00fcdv\u00f6zlik egym\u00e1st, \u00e9s az \u00fat sz\u00e9l\u00e9n cigarett\u00e1zva vagy egy k\u00e1v\u00e9z\u00f3ban te\u00e1zva k\u00f6nnyen hosszabb besz\u00e9lget\u00e9sbe torkollhat. A sz\u00e1raz sivatagi \u00e9ghajlat kedvez a szabadt\u00e9ri \u00e9letnek \u2013 est\u00e9ken a csal\u00e1dok t\u00e1bort\u0171z k\u00f6r\u00fcl \u00fclhetnek a csillagok alatt. A v\u00e1ros Ausztr\u00e1lia n\u00e9h\u00e1ny legk\u00fcl\u00f6nlegesebb fesztiv\u00e1lj\u00e1nak ad otthont. Minden j\u00faliusban megrendezik a Camel Cup-ot, ahol a tev\u00e9k versenyeznek a versenyp\u00e1lya p\u00e1ly\u00e1j\u00e1n. Augusztusban a Todd Mall foly\u00f3meder ad otthont az \u00e9ves Henley-on-Todd Regatt\u00e1nak, ahol kerekeken gurul\u00f3 \u201ecs\u00f3nakokat\u201d ir\u00e1ny\u00edtanak a sz\u00e1raz foly\u00f3mederben. M\u00e1s rendezv\u00e9nyek (mint p\u00e9ld\u00e1ul a Parrtjima f\u00e9nyfesztiv\u00e1l \u00e9s a sapkafesztiv\u00e1l) az \u0151slakos m\u0171v\u00e9szetet \u00e9s a hat\u00e1rvid\u00e9ki giccset egyar\u00e1nt \u00fcnneplik. Ezek a fesztiv\u00e1lok, b\u00e1r j\u00e1t\u00e9kosak, t\u00fckr\u00f6zik a helyi szellemis\u00e9get: k\u00f6z\u00f6ss\u00e9gk\u00f6zpont\u00faak, kreat\u00edvak \u00e9s rugalmasak. A mindennapi \u00e9letben a helyiek l\u00e1that\u00f3s\u00e1gi mell\u00e9nyben dolgozhatnak \u00e9p\u00edtkez\u00e9sen, vagy cowboykalapban \u00e1rut gondozhatnak. A kiszolg\u00e1l\u00f3 szem\u00e9lyzet gyakran megtanul n\u00e9h\u00e1ny arrernte sz\u00f3t udvariass\u00e1gb\u00f3l. Alice-ben kisv\u00e1rosi vend\u00e9gszeretet uralkodik \u2013 v\u00e9g\u00fcl mindenki tudja egym\u00e1s nev\u00e9t \u2013, mik\u00f6zben eg\u00e9szs\u00e9ges individualizmus \u00e9s f\u00fcggetlens\u00e9g is uralkodik. N\u00e9ha hallani egyedi helyi szlenget (\u201earvo\u201d d\u00e9lut\u00e1nt, \u201eno dramas\u201d probl\u00e9m\u00e1t) \u00e9s egy j\u00f3indulat\u00fa ugrat\u00e1st (mateship), ami az ausztr\u00e1l inform\u00e1lis kult\u00far\u00e1ra jellemz\u0151.<\/p>\n<p>Alice Springs kultur\u00e1lis l\u00e1tnival\u00f3k \u00e9s vadreg\u00e9nyes t\u00e1jak kever\u00e9k\u00e9t k\u00edn\u00e1lja. A v\u00e1roson bel\u00fcl az Alice Springs Sivatagi Park kihagyhatatlan l\u00e1tnival\u00f3. Ez a d\u00edjnyertes park 1300 hekt\u00e1rnyi sivatagi \u00e9l\u0151helyet foglal mag\u00e1ban, \u00e9s bemutatja az \u0151shonos n\u00f6v\u00e9nyeket, \u00e9jszakai \u00e1llatokat \u00e9s az \u0151slakos kult\u00far\u00e1t. A l\u00e1togat\u00f3k s\u00e9t\u00e1lhatnak az \u00fajraalkotott sivatagi k\u00f6rnyezetben, k\u00f6zelr\u0151l l\u00e1thatnak kengurukat \u00e9s emukat, \u00e9s r\u00e9szt vehetnek egy naponta szabadon rep\u00fcl\u0151 ragadoz\u00f3mad\u00e1r-bemutat\u00f3n. A k\u00f6zelben tal\u00e1lhat\u00f3 a t\u00f6rt\u00e9nelmi Old Alice Springs Telegraph Station, az eredeti 1872-es \u00e1tj\u00e1tsz\u00f3\u00e1llom\u00e1s, amely a korai vadvid\u00e9ki \u00e9let t\u00f6rt\u00e9net\u00e9t mes\u00e9li el. A kil\u00e1t\u00e1s\u00e9rt az Anzac-domb (k\u00f6z\u00faton megk\u00f6zel\u00edthet\u0151) naplement\u00e9s panor\u00e1m\u00e1t k\u00edn\u00e1l a v\u00e1rosra \u00e9s a k\u00f6rnyez\u0151 hegys\u00e9gekre.<\/p>\n<p>A v\u00e1roson k\u00edv\u00fcl a term\u00e9szet h\u00edvogat. Alice Springst\u0151l nyugatra fekszik a West MacDonnell-hegys\u00e9g, amely zord dombok \u00e9s keskeny szurdokok sorozata, amelyek napkeltekor v\u00f6r\u00f6sen izzanak. A Simpsons Gap vagy a Standley Chasm megl\u00e1togat\u00e1sa sor\u00e1n \u00e1t\u00e9lhetj\u00fck a magas sziklafalak k\u00f6z\u00f6tti s\u00e9t\u00e1t, amelyek \u00e1lland\u00f3 v\u00edzlel\u0151helyeket rejtenek. Nyugatabbra az Ormiston-szurdok \u00e9s a Glen Helen-szurdok k\u00edn\u00e1l h\u0171s\u00edt\u0151 medenc\u00e9ket a sz\u00e1razf\u00f6ld\u00f6n. Keletre az Emily \u00e9s Jessie-szurdokok magasod\u00f3 szikl\u00e1kat mutatnak be, amelyeken \u0151slakos sziklarajzok l\u00e1that\u00f3k. M\u00e1r maga a t\u00e1voli fekv\u00e9s is vonzer\u0151: puszt\u00e1n a Stuart Highway-n \u00e9szakra vagy d\u00e9lre Alice-b\u0151l kihajtva v\u00e9gtelen horizontot \u00e9s (ha j\u00f3l id\u0151z\u00edtj\u00fck) hajnali kengurul\u00e1t l\u00e1thatunk. A v\u00e1roson k\u00edv\u00fcli t\u00far\u00e1k, mint p\u00e9ld\u00e1ul az Uluru-Kata Tjuta \u00e9s a Kings Canyon, szint\u00e9n Alice Springsb\u0151l indulnak, \u00edgy ez a szok\u00e1sos kiindul\u00f3pont a V\u00f6r\u00f6s K\u00f6zpont csod\u00e1inak felfedez\u00e9s\u00e9hez. \u00c9jszaka az Outback hatalmas, f\u00e9nyszennyez\u00e9st\u0151l mentes ege l\u00e1tv\u00e1nyos tisztas\u00e1ggal mutatja be a Tejutat \u2013 eml\u00e9keztetve azokra az \u0151si kult\u00far\u00e1kra, amelyek el\u0151sz\u00f6r \u00e9rtelmezt\u00e9k ezeket a csillagk\u00e9peket.<\/p>\n<p>Alice Springs rep\u00fcl\u0151vel vagy k\u00f6z\u00faton k\u00f6zel\u00edthet\u0151 meg a legjobban. Az Alice Springs rep\u00fcl\u0151t\u00e9r (ASP) rendszeres j\u00e1ratokat ind\u00edt Darwinba, Adelaide-be, \u00e9s n\u00e9ha Sydneybe vagy Melbourne-be is. K\u00f6z\u00faton a Stuart Highway \u00e9szak fel\u00e9 Darwinba \u00e9s d\u00e9l fel\u00e9 Adelaide-be vezet; ezek az utak t\u00f6bb \u00f3r\u00e1s (vagy napos) vezet\u00e9st ig\u00e9nyelnek. A v\u00e1rosba \u00e9rve minden meglehet\u0151sen kompakt: a legt\u00f6bb l\u00e1togat\u00f3 b\u00e9relt aut\u00f3t vagy t\u00farabuszokat haszn\u00e1l. Van egy kis helyi buszh\u00e1l\u00f3zat, de az aut\u00f3 aj\u00e1nlott. A v\u00e1rosban tal\u00e1lhat\u00f3 h\u00edres tev\u00e9ket m\u00e9g mindig t\u00f6bbnyire turisztikai c\u00e9lra haszn\u00e1lj\u00e1k, nem pedig k\u00f6zleked\u00e9sre.<\/p>\n<p>A helyi szok\u00e1sok egyszer\u0171ek. A p\u00e9nznem az ausztr\u00e1l doll\u00e1r, \u00e9s az angol nyelvet mindenki haszn\u00e1lja. A szok\u00e1sos ausztr\u00e1l etikett \u00e9rv\u00e9nyes\u00fcl: az emberek \u00e1ltal\u00e1ban inform\u00e1lisak, de udvariasak \u2013 keresztneveket haszn\u00e1lnak (vagy \u201eUram\/Asszony\u201d-t egy \u00fczletben) \u00e9s bar\u00e1ts\u00e1gosan csevegnek. A biztons\u00e1g fontos, de ne feledj\u00fck, hogy ez a sivatag: utaz\u00e1s k\u00f6zben mindig vigy\u00fcnk magunkkal vizet, ker\u00fclj\u00fck az egyed\u00fcl t\u00far\u00e1z\u00e1st a d\u00e9li h\u0151s\u00e9gben, \u00e9s vezess\u00fcnk \u00f3vatosan (alkonyatkor vadon \u00e9l\u0151 \u00e1llatok jelenhetnek meg a kietlen utakon). A napv\u00e9delem (kalap, naptej) \u00e9s a b\u0151s\u00e9ges iv\u00f3v\u00edz elengedhetetlen, mivel az UV-index eg\u00e9sz \u00e9vben magas. Fontos az \u0151slakos kult\u00fara tisztelete (sok hagyom\u00e1nyos birtokos \u00e9l m\u00e9g mindig Alice Springsben \u00e9s k\u00f6rny\u00e9k\u00e9n); ha \u0151slakos helysz\u00edneket l\u00e1togatunk, k\u00f6vess\u00fck a helyi \u00fatmutat\u00e1sokat. \u00d6sszess\u00e9g\u00e9ben megfelel\u0151 felk\u00e9sz\u00fcl\u00e9ssel \u00e9s kalandv\u00e1gyjal a l\u00e1togat\u00f3k Alice Springst felejthetetlen kapunak tal\u00e1lj\u00e1k Ausztr\u00e1lia dr\u00e1mai belsej\u00e9be.<\/p>","protected":false},"excerpt":{"rendered":"<p>Az Ausztr\u00e1lia \u00c9szaki Ter\u00fclet\u00e9n tal\u00e1lhat\u00f3 Alice Springs, amelyet keleti arrernte nyelven n\u00e9ha Mparntwe-k\u00e9nt is emlegetnek, egy leny\u0171g\u00f6z\u0151 v\u00e1ros, amely kultur\u00e1lis \u00e9rt\u00e9kekben gazdag. Darwin \u00e9s Palmerston ut\u00e1n ez a strat\u00e9giailag elhelyezked\u0151, Adelaide-t\u0151l \u00e9s Darwint\u00f3l majdnem egyenl\u0151 t\u00e1vols\u00e1gra fekv\u0151 v\u00e1ros a k\u00f6rny\u00e9k harmadik legnagyobb telep\u00fcl\u00e9se. William Whitfield Mills f\u00f6ldm\u00e9r\u0151 ezt a szokatlan v\u00e1rost Alice-nek, Lady Toddnak, a t\u00e1v\u00edr\u00f3 \u00fatt\u00f6r\u0151je, Sir Charles Todd feles\u00e9g\u00e9nek aj\u00e1nlotta.<\/p>","protected":false},"author":1,"featured_media":3256,"parent":9806,"menu_order":0,"comment_status":"closed","ping_status":"closed","template":"elementor_theme","meta":{"_eb_attr":"","footnotes":""},"class_list":["post-10220","page","type-page","status-publish","has-post-thumbnail"],"_links":{"self":[{"href":"https:\/\/travelshelper.com\/hu\/wp-json\/wp\/v2\/pages\/10220","targetHints":{"allow":["GET"]}}],"collection":[{"href":"https:\/\/travelshelper.com\/hu\/wp-json\/wp\/v2\/pages"}],"about":[{"href":"https:\/\/travelshelper.com\/hu\/wp-json\/wp\/v2\/types\/page"}],"author":[{"embeddable":true,"href":"https:\/\/travelshelper.com\/hu\/wp-json\/wp\/v2\/users\/1"}],"replies":[{"embeddable":true,"href":"https:\/\/travelshelper.com\/hu\/wp-json\/wp\/v2\/comments?post=10220"}],"version-history":[{"count":0,"href":"https:\/\/travelshelper.com\/hu\/wp-json\/wp\/v2\/pages\/10220\/revisions"}],"up":[{"embeddable":true,"href":"https:\/\/travelshelper.com\/hu\/wp-json\/wp\/v2\/pages\/9806"}],"wp:featuredmedia":[{"embeddable":true,"href":"https:\/\/travelshelper.com\/hu\/wp-json\/wp\/v2\/media\/3256"}],"wp:attachment":[{"href":"https:\/\/travelshelper.com\/hu\/wp-json\/wp\/v2\/media?parent=10220"}],"curies":[{"name":"wp","href":"https:\/\/api.w.org\/{rel}","templated":true}]}}